{"id":29370,"date":"2025-08-09T07:41:19","date_gmt":"2025-08-09T07:41:19","guid":{"rendered":"https:\/\/superprintpro.com\/?post_type=product&#038;p=29370"},"modified":"2025-08-16T16:01:50","modified_gmt":"2025-08-16T08:01:50","slug":"hoson-i3200-4720-boards-kit-with-cable-work-for-4-pieces-i3200-or-4720-heads","status":"publish","type":"product","link":"https:\/\/superprintpro.com\/tr\/urun\/hoson-i3200-4720-boards-kit-with-cable-work-for-4-pieces-i3200-or-4720-heads\/","title":{"rendered":"Hoson i3200 4720 pano kiti, 4 adet i3200 veya 4720 kafa i\u00e7in kablo \u00e7al\u0131\u015fmas\u0131 ile"},"content":{"rendered":"<ul>\n<li><b><strong>M\u00fcrekkep P\u00fcsk\u00fcrtmeli Yaz\u0131c\u0131 Kartlar\u0131 Kit Ad\u0131\uff1a<\/strong><\/b>Hoson i3200 4720 pano kiti, 4 adet i3200 veya 4720 kafa i\u00e7in kablo \u00e7al\u0131\u015fmas\u0131 ile<\/li>\n<li><b><strong>Yaz\u0131l\u0131m :<\/strong><\/b>Hoson PrintExp<\/li>\n<li><b><strong>Uygulama:<\/strong><\/b>M\u00fcrekkep p\u00fcsk\u00fcrtmeli yaz\u0131c\u0131y\u0131 4 adet i3200 bask\u0131 kafas\u0131 veya 4 adet 4720 bask\u0131 kafas\u0131 ile y\u00fckseltmek i\u00e7in<\/li>\n<li><b><strong>Desteklenen inkjet serileri:<\/strong><\/b>T\u00fcm Roll to Roll m\u00fcrekkep p\u00fcsk\u00fcrtmeli yaz\u0131c\u0131lar i\u00e7in<\/li>\n<li><b><strong>Desteklenen m\u00fcrekkep\uff1a<\/strong><\/b>Eko-Solvent, su bazl\u0131 \uff08s\u00fcblimasyon), UV<\/li>\n<li><b><strong>Desteklenen m\u00fcrekkep rengi<\/strong><\/b><b><strong>\uff1a<\/strong><\/b>CMYK W<\/li>\n<li><b><strong>Yorum yap:<\/strong><\/b>Bu, tipik olarak eski bir \u00c7in m\u00fcrekkep p\u00fcsk\u00fcrtmeli yaz\u0131c\u0131y\u0131 yeni sistem ve yeni bask\u0131 kafas\u0131 ile y\u00fckseltmek i\u00e7in kablolar\u0131 olan bir kart kitidir. \u00d6rne\u011fin bu kit, orijinali DX5 bask\u0131 kafal\u0131 witcolor, micolor, gongzheng, allwin, galaxy (sid triton) bir eko-solventi 4 i3200 bask\u0131 kafal\u0131 veya 4 adet 4720 kafal\u0131 yeni bir yaz\u0131c\u0131ya y\u00fckseltebilir veya bu kit, seiko spt510 ile infiniti gibi bir solvent inkjet yaz\u0131c\u0131y\u0131 4 i3200 veya 4720n bask\u0131 kafal\u0131 yeni bir sisteme y\u00fckseltebilir. Bir eko-solvent veya solvent yaz\u0131c\u0131 olursa olsun, bu kit, medya i\u015flemede rulodan ruloya bir sistem oldu\u011fu s\u00fcrece onun i\u00e7in \u00e7al\u0131\u015fabilir.<\/li>\n<\/ul>","protected":false},"excerpt":{"rendered":"<p>\u00dcr\u00fcn detaylar\u0131 ve en g\u00fcncel fiyatlar i\u00e7in l\u00fctfen sat\u0131\u015f m\u00fcd\u00fcrl\u00fc\u011f\u00fcm\u00fczle ileti\u015fime ge\u00e7in<\/p>","protected":false},"featured_media":30034,"comment_status":"open","ping_status":"closed","template":"","meta":[],"product_brand":[],"product_cat":[86],"product_tag":[],"class_list":{"0":"post-29370","1":"product","2":"type-product","3":"status-publish","4":"has-post-thumbnail","6":"product_cat-inkjet-printer-boards-kit","8":"first","9":"instock","10":"shipping-taxable","11":"purchasable","12":"product-type-simple"},"yoast_head":"<!-- This site is optimized with the Yoast SEO plugin v27.4 - https:\/\/yoast.com\/product\/yoast-seo-wordpress\/ -->\n<title>Hoson i3200 4720 boards kit with cable work for 4 pieces i3200 or 4720 heads - Amo<\/title>\n<meta name=\"robots\" content=\"index, follow, max-snippet:-1, max-image-preview:large, max-video-preview:-1\" \/>\n<link rel=\"canonical\" href=\"https:\/\/superprintpro.com\/tr\/urun\/hoson-i3200-4720-boards-kit-with-cable-work-for-4-pieces-i3200-or-4720-heads\/\" \/>\n<meta property=\"og:locale\" content=\"tr_TR\" \/>\n<meta property=\"og:type\" content=\"article\" \/>\n<meta property=\"og:title\" content=\"Hoson i3200 4720 boards kit with cable work for 4 pieces i3200 or 4720 heads - Amo\" \/>\n<meta property=\"og:description\" content=\"For product details and the latest prices please contact our sales manage\" \/>\n<meta property=\"og:url\" content=\"https:\/\/superprintpro.com\/tr\/urun\/hoson-i3200-4720-boards-kit-with-cable-work-for-4-pieces-i3200-or-4720-heads\/\" \/>\n<meta property=\"og:site_name\" content=\"Amo\" \/>\n<meta property=\"article:modified_time\" content=\"2025-08-16T08:01:50+00:00\" \/>\n<meta property=\"og:image\" content=\"https:\/\/superprintpro.com\/wp-content\/uploads\/2025\/08\/hoson-i3200-4720-boards-kit-with-cable-work-for-4-pieces-i3200-or-4720-heads.jpg\" \/>\n\t<meta property=\"og:image:width\" content=\"800\" \/>\n\t<meta property=\"og:image:height\" content=\"800\" \/>\n\t<meta property=\"og:image:type\" content=\"image\/jpeg\" \/>\n<meta name=\"twitter:card\" content=\"summary_large_image\" \/>\n<meta name=\"twitter:label1\" content=\"Tahmini okuma s\u00fcresi\" \/>\n\t<meta name=\"twitter:data1\" content=\"1 dakika\" \/>\n<script type=\"application\/ld+json\" class=\"yoast-schema-graph\">{\"@context\":\"https:\\\/\\\/schema.org\",\"@graph\":[{\"@type\":\"WebPage\",\"@id\":\"https:\\\/\\\/superprintpro.com\\\/product\\\/hoson-i3200-4720-boards-kit-with-cable-work-for-4-pieces-i3200-or-4720-heads\\\/\",\"url\":\"https:\\\/\\\/superprintpro.com\\\/product\\\/hoson-i3200-4720-boards-kit-with-cable-work-for-4-pieces-i3200-or-4720-heads\\\/\",\"name\":\"Hoson i3200 4720 boards kit with cable work for 4 pieces i3200 or 4720 heads - Amo\",\"isPartOf\":{\"@id\":\"https:\\\/\\\/superprintpro.com\\\/#website\"},\"primaryImageOfPage\":{\"@id\":\"https:\\\/\\\/superprintpro.com\\\/product\\\/hoson-i3200-4720-boards-kit-with-cable-work-for-4-pieces-i3200-or-4720-heads\\\/#primaryimage\"},\"image\":{\"@id\":\"https:\\\/\\\/superprintpro.com\\\/product\\\/hoson-i3200-4720-boards-kit-with-cable-work-for-4-pieces-i3200-or-4720-heads\\\/#primaryimage\"},\"thumbnailUrl\":\"https:\\\/\\\/superprintpro.com\\\/wp-content\\\/uploads\\\/2025\\\/08\\\/hoson-i3200-4720-boards-kit-with-cable-work-for-4-pieces-i3200-or-4720-heads.jpg\",\"datePublished\":\"2025-08-09T07:41:19+00:00\",\"dateModified\":\"2025-08-16T08:01:50+00:00\",\"breadcrumb\":{\"@id\":\"https:\\\/\\\/superprintpro.com\\\/product\\\/hoson-i3200-4720-boards-kit-with-cable-work-for-4-pieces-i3200-or-4720-heads\\\/#breadcrumb\"},\"inLanguage\":\"tr\",\"potentialAction\":[{\"@type\":\"ReadAction\",\"target\":[\"https:\\\/\\\/superprintpro.com\\\/product\\\/hoson-i3200-4720-boards-kit-with-cable-work-for-4-pieces-i3200-or-4720-heads\\\/\"]}]},{\"@type\":\"ImageObject\",\"inLanguage\":\"tr\",\"@id\":\"https:\\\/\\\/superprintpro.com\\\/product\\\/hoson-i3200-4720-boards-kit-with-cable-work-for-4-pieces-i3200-or-4720-heads\\\/#primaryimage\",\"url\":\"https:\\\/\\\/superprintpro.com\\\/wp-content\\\/uploads\\\/2025\\\/08\\\/hoson-i3200-4720-boards-kit-with-cable-work-for-4-pieces-i3200-or-4720-heads.jpg\",\"contentUrl\":\"https:\\\/\\\/superprintpro.com\\\/wp-content\\\/uploads\\\/2025\\\/08\\\/hoson-i3200-4720-boards-kit-with-cable-work-for-4-pieces-i3200-or-4720-heads.jpg\",\"width\":800,\"height\":800,\"caption\":\"Hoson i3200 4720 boards kit with cable work for 4 pieces i3200 or 4720 heads\"},{\"@type\":\"BreadcrumbList\",\"@id\":\"https:\\\/\\\/superprintpro.com\\\/product\\\/hoson-i3200-4720-boards-kit-with-cable-work-for-4-pieces-i3200-or-4720-heads\\\/#breadcrumb\",\"itemListElement\":[{\"@type\":\"ListItem\",\"position\":1,\"name\":\"\u9996\u9875\",\"item\":\"https:\\\/\\\/superprintpro.com\\\/\"},{\"@type\":\"ListItem\",\"position\":2,\"name\":\"Shop\",\"item\":\"https:\\\/\\\/superprintpro.com\\\/shop\\\/\"},{\"@type\":\"ListItem\",\"position\":3,\"name\":\"Hoson i3200 4720 boards kit with cable work for 4 pieces i3200 or 4720 heads\"}]},{\"@type\":\"WebSite\",\"@id\":\"https:\\\/\\\/superprintpro.com\\\/#website\",\"url\":\"https:\\\/\\\/superprintpro.com\\\/\",\"name\":\"Amo\",\"description\":\"\",\"potentialAction\":[{\"@type\":\"SearchAction\",\"target\":{\"@type\":\"EntryPoint\",\"urlTemplate\":\"https:\\\/\\\/superprintpro.com\\\/?s={search_term_string}\"},\"query-input\":{\"@type\":\"PropertyValueSpecification\",\"valueRequired\":true,\"valueName\":\"search_term_string\"}}],\"inLanguage\":\"tr\"}]}<\/script>\n<!-- \/ Yoast SEO plugin. -->","yoast_head_json":{"title":"Hoson i3200 4720 boards kit with cable work for 4 pieces i3200 or 4720 heads - Amo","robots":{"index":"index","follow":"follow","max-snippet":"max-snippet:-1","max-image-preview":"max-image-preview:large","max-video-preview":"max-video-preview:-1"},"canonical":"https:\/\/superprintpro.com\/tr\/urun\/hoson-i3200-4720-boards-kit-with-cable-work-for-4-pieces-i3200-or-4720-heads\/","og_locale":"tr_TR","og_type":"article","og_title":"Hoson i3200 4720 boards kit with cable work for 4 pieces i3200 or 4720 heads - Amo","og_description":"For product details and the latest prices please contact our sales manage","og_url":"https:\/\/superprintpro.com\/tr\/urun\/hoson-i3200-4720-boards-kit-with-cable-work-for-4-pieces-i3200-or-4720-heads\/","og_site_name":"Amo","article_modified_time":"2025-08-16T08:01:50+00:00","og_image":[{"width":800,"height":800,"url":"https:\/\/superprintpro.com\/wp-content\/uploads\/2025\/08\/hoson-i3200-4720-boards-kit-with-cable-work-for-4-pieces-i3200-or-4720-heads.jpg","type":"image\/jpeg"}],"twitter_card":"summary_large_image","twitter_misc":{"Tahmini okuma s\u00fcresi":"1 dakika"},"schema":{"@context":"https:\/\/schema.org","@graph":[{"@type":"WebPage","@id":"https:\/\/superprintpro.com\/product\/hoson-i3200-4720-boards-kit-with-cable-work-for-4-pieces-i3200-or-4720-heads\/","url":"https:\/\/superprintpro.com\/product\/hoson-i3200-4720-boards-kit-with-cable-work-for-4-pieces-i3200-or-4720-heads\/","name":"Hoson i3200 4720 boards kit with cable work for 4 pieces i3200 or 4720 heads - Amo","isPartOf":{"@id":"https:\/\/superprintpro.com\/#website"},"primaryImageOfPage":{"@id":"https:\/\/superprintpro.com\/product\/hoson-i3200-4720-boards-kit-with-cable-work-for-4-pieces-i3200-or-4720-heads\/#primaryimage"},"image":{"@id":"https:\/\/superprintpro.com\/product\/hoson-i3200-4720-boards-kit-with-cable-work-for-4-pieces-i3200-or-4720-heads\/#primaryimage"},"thumbnailUrl":"https:\/\/superprintpro.com\/wp-content\/uploads\/2025\/08\/hoson-i3200-4720-boards-kit-with-cable-work-for-4-pieces-i3200-or-4720-heads.jpg","datePublished":"2025-08-09T07:41:19+00:00","dateModified":"2025-08-16T08:01:50+00:00","breadcrumb":{"@id":"https:\/\/superprintpro.com\/product\/hoson-i3200-4720-boards-kit-with-cable-work-for-4-pieces-i3200-or-4720-heads\/#breadcrumb"},"inLanguage":"tr","potentialAction":[{"@type":"ReadAction","target":["https:\/\/superprintpro.com\/product\/hoson-i3200-4720-boards-kit-with-cable-work-for-4-pieces-i3200-or-4720-heads\/"]}]},{"@type":"ImageObject","inLanguage":"tr","@id":"https:\/\/superprintpro.com\/product\/hoson-i3200-4720-boards-kit-with-cable-work-for-4-pieces-i3200-or-4720-heads\/#primaryimage","url":"https:\/\/superprintpro.com\/wp-content\/uploads\/2025\/08\/hoson-i3200-4720-boards-kit-with-cable-work-for-4-pieces-i3200-or-4720-heads.jpg","contentUrl":"https:\/\/superprintpro.com\/wp-content\/uploads\/2025\/08\/hoson-i3200-4720-boards-kit-with-cable-work-for-4-pieces-i3200-or-4720-heads.jpg","width":800,"height":800,"caption":"Hoson i3200 4720 boards kit with cable work for 4 pieces i3200 or 4720 heads"},{"@type":"BreadcrumbList","@id":"https:\/\/superprintpro.com\/product\/hoson-i3200-4720-boards-kit-with-cable-work-for-4-pieces-i3200-or-4720-heads\/#breadcrumb","itemListElement":[{"@type":"ListItem","position":1,"name":"\u9996\u9875","item":"https:\/\/superprintpro.com\/"},{"@type":"ListItem","position":2,"name":"Shop","item":"https:\/\/superprintpro.com\/shop\/"},{"@type":"ListItem","position":3,"name":"Hoson i3200 4720 boards kit with cable work for 4 pieces i3200 or 4720 heads"}]},{"@type":"WebSite","@id":"https:\/\/superprintpro.com\/#website","url":"https:\/\/superprintpro.com\/","name":"Amo","description":"","potentialAction":[{"@type":"SearchAction","target":{"@type":"EntryPoint","urlTemplate":"https:\/\/superprintpro.com\/?s={search_term_string}"},"query-input":{"@type":"PropertyValueSpecification","valueRequired":true,"valueName":"search_term_string"}}],"inLanguage":"tr"}]}},"_links":{"self":[{"href":"https:\/\/superprintpro.com\/tr\/wp-json\/wp\/v2\/product\/29370","targetHints":{"allow":["GET"]}}],"collection":[{"href":"https:\/\/superprintpro.com\/tr\/wp-json\/wp\/v2\/product"}],"about":[{"href":"https:\/\/superprintpro.com\/tr\/wp-json\/wp\/v2\/types\/product"}],"replies":[{"embeddable":true,"href":"https:\/\/superprintpro.com\/tr\/wp-json\/wp\/v2\/comments?post=29370"}],"version-history":[{"count":1,"href":"https:\/\/superprintpro.com\/tr\/wp-json\/wp\/v2\/product\/29370\/revisions"}],"predecessor-version":[{"id":29372,"href":"https:\/\/superprintpro.com\/tr\/wp-json\/wp\/v2\/product\/29370\/revisions\/29372"}],"wp:featuredmedia":[{"embeddable":true,"href":"https:\/\/superprintpro.com\/tr\/wp-json\/wp\/v2\/media\/30034"}],"wp:attachment":[{"href":"https:\/\/superprintpro.com\/tr\/wp-json\/wp\/v2\/media?parent=29370"}],"wp:term":[{"taxonomy":"product_brand","embeddable":true,"href":"https:\/\/superprintpro.com\/tr\/wp-json\/wp\/v2\/product_brand?post=29370"},{"taxonomy":"product_cat","embeddable":true,"href":"https:\/\/superprintpro.com\/tr\/wp-json\/wp\/v2\/product_cat?post=29370"},{"taxonomy":"product_tag","embeddable":true,"href":"https:\/\/superprintpro.com\/tr\/wp-json\/wp\/v2\/product_tag?post=29370"}],"curies":[{"name":"wp","href":"https:\/\/api.w.org\/{rel}","templated":true}]}}