{"id":30212,"date":"2025-08-18T15:31:29","date_gmt":"2025-08-18T07:31:29","guid":{"rendered":"https:\/\/superprintpro.com\/?post_type=product&#038;p=30212"},"modified":"2025-08-18T15:31:29","modified_gmt":"2025-08-18T07:31:29","slug":"amo-uv-flatbed-inkjet-printer-am3020uvb3g5-with-3-pieces-ricoh-gen5-printheads","status":"publish","type":"product","link":"https:\/\/superprintpro.com\/pt_br\/product\/amo-uv-flatbed-inkjet-printer-am3020uvb3g5-with-3-pieces-ricoh-gen5-printheads\/","title":{"rendered":"Impressora jato de tinta plana AMO UV AM3020UVB3G5 com cabe\u00e7as de impress\u00e3o Ricoh Gen5 de 3 pe\u00e7as"},"content":{"rendered":"<div class=\"product-tabs-wrapper\">\n<div class=\"container product-tabs-inner\">\n<div class=\"woocommerce-tabs wc-tabs-wrapper tabs-layout-tabs wd-opener-pos-right wd-opener-style-arrow\" data-state=\"first\" data-layout=\"tabs\">\n<div class=\"wd-accordion-item\">\n<div id=\"tab-description\" class=\"entry-content woocommerce-Tabs-panel woocommerce-Tabs-panel--description wd-active panel wc-tab\" role=\"tabpanel\" aria-labelledby=\"tab-title-description\" data-accordion-index=\"description\">\n<div class=\"wc-tab-inner wd-entry-content\">\n<p>Impressora jato de tinta plana AMO UV AM3020UVB3G5 com cabe\u00e7as de impress\u00e3o Ricoh Gen5 de 3 pe\u00e7as<\/p>\n<p>1. Equipar com 3 unidades de Ricoh G5<br \/>\n2) Equipado com trilho de guia linear silencioso, controle deslizante e motor de alta precis\u00e3o<br \/>\n3. Dispositivo autom\u00e1tico de medi\u00e7\u00e3o de altura de alta precis\u00e3o. Equipado com dispositivo anticolis\u00e3o para o cabe\u00e7ote de impress\u00e3o em dois lados;<br \/>\n4. Fun\u00e7\u00e3o de posicionamento autom\u00e1tico com um bot\u00e3o, equipada para facilitar a impress\u00e3o em placas de tamanho maior, mais conveniente e f\u00e1cil de operar por uma pessoa;<br \/>\n5. Eliminador eletrost\u00e1tico de alta pot\u00eancia, que elimina com efic\u00e1cia a eletricidade est\u00e1tica nos materiais de impress\u00e3o, elimina a eletricidade est\u00e1tica causada por tinta solta ou falta de clareza na impress\u00e3o.<br \/>\n6. Fun\u00e7\u00e3o de pulveriza\u00e7\u00e3o autom\u00e1tica do flash do cabe\u00e7ote de impress\u00e3o, no estado de espera, os bicos do cabe\u00e7ote de impress\u00e3o ser\u00e3o pulverizados automaticamente a cada 2 horas, para evitar que os bicos sequem;<br \/>\n7. fun\u00e7\u00e3o de aquecimento de temperatura constante do cartucho secund\u00e1rio, fun\u00e7\u00e3o de circula\u00e7\u00e3o interna de tinta branca, evita a precipita\u00e7\u00e3o de tinta branca, melhora a flu\u00eancia da tinta e reduz a possibilidade de entupimento;<br \/>\n8. um interruptor de v\u00e1lvula mec\u00e2nica manual evita o refluxo da tinta quando o dispositivo \u00e9 desligado, economizando mais tinta;<br \/>\nVentilador de suc\u00e7\u00e3o de turbina forte e potente de 9,3 a 4,5 Kw, equipado com silenciador, oferece grande poder de suc\u00e7\u00e3o e ambiente silencioso<\/p>\n<p>Par\u00e2metros da m\u00e1quina<br \/>\nLargura m\u00e1xima de impress\u00e3o: 300cm*200cm<br \/>\nAltura de impress\u00e3o: 150 mm a 300 mm, personaliz\u00e1vel<br \/>\nCabe\u00e7a de impress\u00e3o: Cabe\u00e7as de impress\u00e3o Ricoh Gen5 de 3 pe\u00e7as<br \/>\nVelocidade de impress\u00e3o: 12-45m\u00b2\/h<br \/>\nMaterial: pode imprimir quase todos os materiais planos, tridimensionais, c\u00f4ncavos e convexos, macios e duros:<br \/>\nPlaca de acr\u00edlico, placa de metal, vidro, placa de madeira, placa de piso de cer\u00e2mica, couro pl\u00e1stico, tecido, etc.<br \/>\npapel de parede, PC\/PE\/PVC<br \/>\nAlimenta\u00e7\u00e3o: AC220\/110\u00b110.50HZ~60HZ,4500W\/6000W<br \/>\nTamanho da m\u00e1quina \/ tamanho da embalagem: L4600mm*W2688mm*H1450mmL \/ 4910mm*W3288mm*H1660mm<br \/>\nPeso l\u00edquido\/bruto 1760 kg\/2050 kg<\/p>\n<\/div>\n<\/div>\n<\/div>\n<div class=\"wd-accordion-item\"><\/div>\n<\/div>\n<\/div>\n<\/div>\n<div class=\"container related-and-upsells\">\n<div id=\"carousel-883\" class=\"wd-carousel-container  related-products with-title wd-products-element wd-products products\">\n<h2 class=\"wd-el-title title slider-title element-title\">Produtos relacionados<\/h2>\n<\/div>\n<\/div>","protected":false},"excerpt":{"rendered":"<p>Para obter detalhes do produto e as \u00faltimas cota\u00e7\u00f5es, entre em contato com nosso gerente de vendas<\/p>","protected":false},"featured_media":30213,"comment_status":"open","ping_status":"closed","template":"","meta":[],"product_brand":[],"product_cat":[110],"product_tag":[],"class_list":{"0":"post-30212","1":"product","2":"type-product","3":"status-publish","4":"has-post-thumbnail","6":"product_cat-with-ricoh-gen5-printhead","8":"first","9":"instock","10":"shipping-taxable","11":"purchasable","12":"product-type-simple"},"yoast_head":"<!-- This site is optimized with the Yoast SEO plugin v26.9 - https:\/\/yoast.com\/product\/yoast-seo-wordpress\/ -->\n<title>AMO UV Flatbed Inkjet Printer AM3020UVB3G5 with 3 pieces Ricoh Gen5 Printheads - Amo<\/title>\n<meta name=\"robots\" content=\"index, follow, max-snippet:-1, max-image-preview:large, max-video-preview:-1\" \/>\n<link rel=\"canonical\" href=\"https:\/\/superprintpro.com\/pt_br\/product\/amo-uv-flatbed-inkjet-printer-am3020uvb3g5-with-3-pieces-ricoh-gen5-printheads\/\" \/>\n<meta property=\"og:locale\" content=\"pt_BR\" \/>\n<meta property=\"og:type\" content=\"article\" \/>\n<meta property=\"og:title\" content=\"AMO UV Flatbed Inkjet Printer AM3020UVB3G5 with 3 pieces Ricoh Gen5 Printheads - Amo\" \/>\n<meta property=\"og:description\" content=\"For product details and the latest quotes, please contact our sales manager\" \/>\n<meta property=\"og:url\" content=\"https:\/\/superprintpro.com\/pt_br\/product\/amo-uv-flatbed-inkjet-printer-am3020uvb3g5-with-3-pieces-ricoh-gen5-printheads\/\" \/>\n<meta property=\"og:site_name\" content=\"Amo\" \/>\n<meta property=\"og:image\" content=\"https:\/\/superprintpro.com\/wp-content\/uploads\/2025\/08\/amo-uv-flatbed-inkjet-printer-am3020uvb3g5-with-3-pieces-ricoh-gen5-printheads.jpg\" \/>\n\t<meta property=\"og:image:width\" content=\"618\" \/>\n\t<meta property=\"og:image:height\" content=\"348\" \/>\n\t<meta property=\"og:image:type\" content=\"image\/jpeg\" \/>\n<meta name=\"twitter:card\" content=\"summary_large_image\" \/>\n<meta name=\"twitter:label1\" content=\"Est. tempo de leitura\" \/>\n\t<meta name=\"twitter:data1\" content=\"1 minuto\" \/>\n<script type=\"application\/ld+json\" class=\"yoast-schema-graph\">{\"@context\":\"https:\/\/schema.org\",\"@graph\":[{\"@type\":\"WebPage\",\"@id\":\"https:\/\/superprintpro.com\/product\/amo-uv-flatbed-inkjet-printer-am3020uvb3g5-with-3-pieces-ricoh-gen5-printheads\/\",\"url\":\"https:\/\/superprintpro.com\/product\/amo-uv-flatbed-inkjet-printer-am3020uvb3g5-with-3-pieces-ricoh-gen5-printheads\/\",\"name\":\"AMO UV Flatbed Inkjet Printer AM3020UVB3G5 with 3 pieces Ricoh Gen5 Printheads - Amo\",\"isPartOf\":{\"@id\":\"https:\/\/superprintpro.com\/#website\"},\"primaryImageOfPage\":{\"@id\":\"https:\/\/superprintpro.com\/product\/amo-uv-flatbed-inkjet-printer-am3020uvb3g5-with-3-pieces-ricoh-gen5-printheads\/#primaryimage\"},\"image\":{\"@id\":\"https:\/\/superprintpro.com\/product\/amo-uv-flatbed-inkjet-printer-am3020uvb3g5-with-3-pieces-ricoh-gen5-printheads\/#primaryimage\"},\"thumbnailUrl\":\"https:\/\/superprintpro.com\/wp-content\/uploads\/2025\/08\/amo-uv-flatbed-inkjet-printer-am3020uvb3g5-with-3-pieces-ricoh-gen5-printheads.jpg\",\"datePublished\":\"2025-08-18T07:31:29+00:00\",\"breadcrumb\":{\"@id\":\"https:\/\/superprintpro.com\/product\/amo-uv-flatbed-inkjet-printer-am3020uvb3g5-with-3-pieces-ricoh-gen5-printheads\/#breadcrumb\"},\"inLanguage\":\"pt-BR\",\"potentialAction\":[{\"@type\":\"ReadAction\",\"target\":[\"https:\/\/superprintpro.com\/product\/amo-uv-flatbed-inkjet-printer-am3020uvb3g5-with-3-pieces-ricoh-gen5-printheads\/\"]}]},{\"@type\":\"ImageObject\",\"inLanguage\":\"pt-BR\",\"@id\":\"https:\/\/superprintpro.com\/product\/amo-uv-flatbed-inkjet-printer-am3020uvb3g5-with-3-pieces-ricoh-gen5-printheads\/#primaryimage\",\"url\":\"https:\/\/superprintpro.com\/wp-content\/uploads\/2025\/08\/amo-uv-flatbed-inkjet-printer-am3020uvb3g5-with-3-pieces-ricoh-gen5-printheads.jpg\",\"contentUrl\":\"https:\/\/superprintpro.com\/wp-content\/uploads\/2025\/08\/amo-uv-flatbed-inkjet-printer-am3020uvb3g5-with-3-pieces-ricoh-gen5-printheads.jpg\",\"width\":618,\"height\":348,\"caption\":\"AMO UV Flatbed Inkjet Printer AM3020UVB3G5 with 3 pieces Ricoh Gen5 Printheads\"},{\"@type\":\"BreadcrumbList\",\"@id\":\"https:\/\/superprintpro.com\/product\/amo-uv-flatbed-inkjet-printer-am3020uvb3g5-with-3-pieces-ricoh-gen5-printheads\/#breadcrumb\",\"itemListElement\":[{\"@type\":\"ListItem\",\"position\":1,\"name\":\"\u9996\u9875\",\"item\":\"https:\/\/superprintpro.com\/\"},{\"@type\":\"ListItem\",\"position\":2,\"name\":\"Shop\",\"item\":\"https:\/\/superprintpro.com\/shop\/\"},{\"@type\":\"ListItem\",\"position\":3,\"name\":\"AMO UV Flatbed Inkjet Printer AM3020UVB3G5 with 3 pieces Ricoh Gen5 Printheads\"}]},{\"@type\":\"WebSite\",\"@id\":\"https:\/\/superprintpro.com\/#website\",\"url\":\"https:\/\/superprintpro.com\/\",\"name\":\"Amo\",\"description\":\"\",\"potentialAction\":[{\"@type\":\"SearchAction\",\"target\":{\"@type\":\"EntryPoint\",\"urlTemplate\":\"https:\/\/superprintpro.com\/?s={search_term_string}\"},\"query-input\":{\"@type\":\"PropertyValueSpecification\",\"valueRequired\":true,\"valueName\":\"search_term_string\"}}],\"inLanguage\":\"pt-BR\"}]}<\/script>\n<!-- \/ Yoast SEO plugin. -->","yoast_head_json":{"title":"Impressora jato de tinta plana AMO UV AM3020UVB3G5 com cabe\u00e7as de impress\u00e3o Ricoh Gen5 de 3 pe\u00e7as - Amo","robots":{"index":"index","follow":"follow","max-snippet":"max-snippet:-1","max-image-preview":"max-image-preview:large","max-video-preview":"max-video-preview:-1"},"canonical":"https:\/\/superprintpro.com\/pt_br\/product\/amo-uv-flatbed-inkjet-printer-am3020uvb3g5-with-3-pieces-ricoh-gen5-printheads\/","og_locale":"pt_BR","og_type":"article","og_title":"AMO UV Flatbed Inkjet Printer AM3020UVB3G5 with 3 pieces Ricoh Gen5 Printheads - Amo","og_description":"For product details and the latest quotes, please contact our sales manager","og_url":"https:\/\/superprintpro.com\/pt_br\/product\/amo-uv-flatbed-inkjet-printer-am3020uvb3g5-with-3-pieces-ricoh-gen5-printheads\/","og_site_name":"Amo","og_image":[{"width":618,"height":348,"url":"https:\/\/superprintpro.com\/wp-content\/uploads\/2025\/08\/amo-uv-flatbed-inkjet-printer-am3020uvb3g5-with-3-pieces-ricoh-gen5-printheads.jpg","type":"image\/jpeg"}],"twitter_card":"summary_large_image","twitter_misc":{"Est. tempo de leitura":"1 minuto"},"schema":{"@context":"https:\/\/schema.org","@graph":[{"@type":"WebPage","@id":"https:\/\/superprintpro.com\/product\/amo-uv-flatbed-inkjet-printer-am3020uvb3g5-with-3-pieces-ricoh-gen5-printheads\/","url":"https:\/\/superprintpro.com\/product\/amo-uv-flatbed-inkjet-printer-am3020uvb3g5-with-3-pieces-ricoh-gen5-printheads\/","name":"Impressora jato de tinta plana AMO UV AM3020UVB3G5 com cabe\u00e7as de impress\u00e3o Ricoh Gen5 de 3 pe\u00e7as - Amo","isPartOf":{"@id":"https:\/\/superprintpro.com\/#website"},"primaryImageOfPage":{"@id":"https:\/\/superprintpro.com\/product\/amo-uv-flatbed-inkjet-printer-am3020uvb3g5-with-3-pieces-ricoh-gen5-printheads\/#primaryimage"},"image":{"@id":"https:\/\/superprintpro.com\/product\/amo-uv-flatbed-inkjet-printer-am3020uvb3g5-with-3-pieces-ricoh-gen5-printheads\/#primaryimage"},"thumbnailUrl":"https:\/\/superprintpro.com\/wp-content\/uploads\/2025\/08\/amo-uv-flatbed-inkjet-printer-am3020uvb3g5-with-3-pieces-ricoh-gen5-printheads.jpg","datePublished":"2025-08-18T07:31:29+00:00","breadcrumb":{"@id":"https:\/\/superprintpro.com\/product\/amo-uv-flatbed-inkjet-printer-am3020uvb3g5-with-3-pieces-ricoh-gen5-printheads\/#breadcrumb"},"inLanguage":"pt-BR","potentialAction":[{"@type":"ReadAction","target":["https:\/\/superprintpro.com\/product\/amo-uv-flatbed-inkjet-printer-am3020uvb3g5-with-3-pieces-ricoh-gen5-printheads\/"]}]},{"@type":"ImageObject","inLanguage":"pt-BR","@id":"https:\/\/superprintpro.com\/product\/amo-uv-flatbed-inkjet-printer-am3020uvb3g5-with-3-pieces-ricoh-gen5-printheads\/#primaryimage","url":"https:\/\/superprintpro.com\/wp-content\/uploads\/2025\/08\/amo-uv-flatbed-inkjet-printer-am3020uvb3g5-with-3-pieces-ricoh-gen5-printheads.jpg","contentUrl":"https:\/\/superprintpro.com\/wp-content\/uploads\/2025\/08\/amo-uv-flatbed-inkjet-printer-am3020uvb3g5-with-3-pieces-ricoh-gen5-printheads.jpg","width":618,"height":348,"caption":"AMO UV Flatbed Inkjet Printer AM3020UVB3G5 with 3 pieces Ricoh Gen5 Printheads"},{"@type":"BreadcrumbList","@id":"https:\/\/superprintpro.com\/product\/amo-uv-flatbed-inkjet-printer-am3020uvb3g5-with-3-pieces-ricoh-gen5-printheads\/#breadcrumb","itemListElement":[{"@type":"ListItem","position":1,"name":"\u9996\u9875","item":"https:\/\/superprintpro.com\/"},{"@type":"ListItem","position":2,"name":"Shop","item":"https:\/\/superprintpro.com\/shop\/"},{"@type":"ListItem","position":3,"name":"AMO UV Flatbed Inkjet Printer AM3020UVB3G5 with 3 pieces Ricoh Gen5 Printheads"}]},{"@type":"WebSite","@id":"https:\/\/superprintpro.com\/#website","url":"https:\/\/superprintpro.com\/","name":"Amo","description":"","potentialAction":[{"@type":"SearchAction","target":{"@type":"EntryPoint","urlTemplate":"https:\/\/superprintpro.com\/?s={search_term_string}"},"query-input":{"@type":"PropertyValueSpecification","valueRequired":true,"valueName":"search_term_string"}}],"inLanguage":"pt-BR"}]}},"_links":{"self":[{"href":"https:\/\/superprintpro.com\/pt_br\/wp-json\/wp\/v2\/product\/30212","targetHints":{"allow":["GET"]}}],"collection":[{"href":"https:\/\/superprintpro.com\/pt_br\/wp-json\/wp\/v2\/product"}],"about":[{"href":"https:\/\/superprintpro.com\/pt_br\/wp-json\/wp\/v2\/types\/product"}],"replies":[{"embeddable":true,"href":"https:\/\/superprintpro.com\/pt_br\/wp-json\/wp\/v2\/comments?post=30212"}],"version-history":[{"count":1,"href":"https:\/\/superprintpro.com\/pt_br\/wp-json\/wp\/v2\/product\/30212\/revisions"}],"predecessor-version":[{"id":30214,"href":"https:\/\/superprintpro.com\/pt_br\/wp-json\/wp\/v2\/product\/30212\/revisions\/30214"}],"wp:featuredmedia":[{"embeddable":true,"href":"https:\/\/superprintpro.com\/pt_br\/wp-json\/wp\/v2\/media\/30213"}],"wp:attachment":[{"href":"https:\/\/superprintpro.com\/pt_br\/wp-json\/wp\/v2\/media?parent=30212"}],"wp:term":[{"taxonomy":"product_brand","embeddable":true,"href":"https:\/\/superprintpro.com\/pt_br\/wp-json\/wp\/v2\/product_brand?post=30212"},{"taxonomy":"product_cat","embeddable":true,"href":"https:\/\/superprintpro.com\/pt_br\/wp-json\/wp\/v2\/product_cat?post=30212"},{"taxonomy":"product_tag","embeddable":true,"href":"https:\/\/superprintpro.com\/pt_br\/wp-json\/wp\/v2\/product_tag?post=30212"}],"curies":[{"name":"wp","href":"https:\/\/api.w.org\/{rel}","templated":true}]}}