{"id":30113,"date":"2025-08-18T10:01:08","date_gmt":"2025-08-18T02:01:08","guid":{"rendered":"https:\/\/superprintpro.com\/?post_type=product&#038;p=30113"},"modified":"2025-08-18T10:01:09","modified_gmt":"2025-08-18T02:01:09","slug":"am7322-i32-3-2meter-inkjet-printer-with-2-i3200-printhead-the-economic-version","status":"publish","type":"product","link":"https:\/\/superprintpro.com\/pt_br\/product\/am7322-i32-3-2meter-inkjet-printer-with-2-i3200-printhead-the-economic-version\/","title":{"rendered":"Impressora a jato de tinta AM7322-i32 de 3,2 metros com 2 cabe\u00e7as de impress\u00e3o i3200 (a vers\u00e3o econ\u00f4mica)"},"content":{"rendered":"<p>Nome do modelo:AM7322-I32<\/p>\n<p>Largura da impress\u00e3o: 3,2 metros<\/p>\n<p>Largura m\u00e1xima da m\u00eddia: 3,2 metros<\/p>\n<p>Cabe\u00e7a de impress\u00e3o\uff1a Cabe\u00e7a de impress\u00e3o Epson i3200<\/p>\n<p>N\u00famero de cabe\u00e7as de impress\u00e3o: 2 pe\u00e7as<\/p>\n<p>Resolu\u00e7\u00e3o: 1440 dpi<\/p>\n<p>Velocidade de impress\u00e3o: Modo 4Pass 40 metros quadrados por hora<\/p>\n<p>M\u00eddia de impress\u00e3o: Papel PP, papel fotogr\u00e1fico, vinil, papel de transfer\u00eancia, papel com verso azul etc.<\/p>\n<p>Cor: CMYK<\/p>\n<p>Tinta: tinta eco-solvente, tinta de sublima\u00e7\u00e3o (ou outra tinta \u00e0 base de \u00e1gua)<\/p>\n<p>Capacidade de tinta: 1 litro por cor<\/p>\n<p>Porta de conex\u00e3o com o computador: USB\/NET<\/p>\n<p>Dist\u00e2ncia entre a cabe\u00e7a de impress\u00e3o e a m\u00eddia: 2 mm a 3 mm<\/p>\n<p>Sistema de localiza\u00e7\u00e3o de impress\u00e3o: Sistema Raster e Servo<\/p>\n<p>Sistema de secagem de tinta: Ventilador e aquecedor<\/p>\n<p>Sistema de motor e driver: Motor e acionador combinados de alta precis\u00e3o para o carro e o degrau<\/p>\n<p>Sistema de impress\u00e3o: Hoson, l\u00edder do sistema de impress\u00e3o na China<\/p>\n<p>Esta\u00e7\u00e3o de tinta: Alum\u00ednio de alta precis\u00e3o Esta\u00e7\u00e3o de manuten\u00e7\u00e3o da cabe\u00e7a de impress\u00e3o.<\/p>\n<p>Software Rip : Maintop, RIIN, Photoprint<\/p>\n<p>Formato da foto: JPG,TIFF,BMP,PDF<\/p>\n<p>Sistema de aquecimento: Equipamento do sistema de controle autom\u00e1tico de temperatura.<\/p>\n<p>Sistema de fornecimento de m\u00eddia: Sistema autom\u00e1tico de enrolamento de m\u00eddia<\/p>\n<p>Peso m\u00e1ximo da m\u00eddia: 50 kg<\/p>\n<p>Demanda de energia: 50\/60HZ 220V AC, demanda de energia de impress\u00e3o: 2000W, demanda de energia do aquecedor: 3600W<\/p>\n<p>Temperatura de trabalho: 20-25 CESUS<\/p>\n<p>Umidade de trabalho: 40-70%<\/p>\n<p>Tamanho da m\u00e1quina: L4400mm X W900mm X H1440mm<\/p>\n<p>Peso l\u00edquido: 550 kg<\/p>\n<p>Tamanho da embalagem: L4500mm X W1000mm X H1540mm<\/p>\n<p>Peso bruto: 630 KGS<\/p>\n<p>(A m\u00e1quina real pode ser um pouco diferente da impressora mostrada neste cat\u00e1logo, especialmente alguns detalhes podem ser diferentes)<\/p>","protected":false},"excerpt":{"rendered":"<p>Para obter detalhes do produto e as \u00faltimas cota\u00e7\u00f5es, entre em contato com nosso gerente de vendas<\/p>","protected":false},"featured_media":30114,"comment_status":"open","ping_status":"closed","template":"","meta":[],"product_brand":[],"product_cat":[103],"product_tag":[],"class_list":{"0":"post-30113","1":"product","2":"type-product","3":"status-publish","4":"has-post-thumbnail","6":"product_cat-with-i3200-printhead","8":"first","9":"instock","10":"shipping-taxable","11":"purchasable","12":"product-type-simple"},"yoast_head":"<!-- This site is optimized with the Yoast SEO plugin v26.9 - https:\/\/yoast.com\/product\/yoast-seo-wordpress\/ -->\n<title>AM7322-i32 3.2meter Inkjet printer with 2 i3200 Printhead (the economic version) - Amo<\/title>\n<meta name=\"robots\" content=\"index, follow, max-snippet:-1, max-image-preview:large, max-video-preview:-1\" \/>\n<link rel=\"canonical\" href=\"https:\/\/superprintpro.com\/pt_br\/product\/am7322-i32-3-2meter-inkjet-printer-with-2-i3200-printhead-the-economic-version\/\" \/>\n<meta property=\"og:locale\" content=\"pt_BR\" \/>\n<meta property=\"og:type\" content=\"article\" \/>\n<meta property=\"og:title\" content=\"AM7322-i32 3.2meter Inkjet printer with 2 i3200 Printhead (the economic version) - Amo\" \/>\n<meta property=\"og:description\" content=\"For product details and the latest quotes, please contact our sales manager\" \/>\n<meta property=\"og:url\" content=\"https:\/\/superprintpro.com\/pt_br\/product\/am7322-i32-3-2meter-inkjet-printer-with-2-i3200-printhead-the-economic-version\/\" \/>\n<meta property=\"og:site_name\" content=\"Amo\" \/>\n<meta property=\"article:modified_time\" content=\"2025-08-18T02:01:09+00:00\" \/>\n<meta property=\"og:image\" content=\"https:\/\/superprintpro.com\/wp-content\/uploads\/2025\/08\/am7322-i32-32meter-inkjet-printer-with-2-i3200-printhead.jpg\" \/>\n\t<meta property=\"og:image:width\" content=\"620\" \/>\n\t<meta property=\"og:image:height\" content=\"349\" \/>\n\t<meta property=\"og:image:type\" content=\"image\/jpeg\" \/>\n<meta name=\"twitter:card\" content=\"summary_large_image\" \/>\n<meta name=\"twitter:label1\" content=\"Est. tempo de leitura\" \/>\n\t<meta name=\"twitter:data1\" content=\"1 minuto\" \/>\n<script type=\"application\/ld+json\" class=\"yoast-schema-graph\">{\"@context\":\"https:\/\/schema.org\",\"@graph\":[{\"@type\":\"WebPage\",\"@id\":\"https:\/\/superprintpro.com\/product\/am7322-i32-3-2meter-inkjet-printer-with-2-i3200-printhead-the-economic-version\/\",\"url\":\"https:\/\/superprintpro.com\/product\/am7322-i32-3-2meter-inkjet-printer-with-2-i3200-printhead-the-economic-version\/\",\"name\":\"AM7322-i32 3.2meter Inkjet printer with 2 i3200 Printhead (the economic version) - Amo\",\"isPartOf\":{\"@id\":\"https:\/\/superprintpro.com\/#website\"},\"primaryImageOfPage\":{\"@id\":\"https:\/\/superprintpro.com\/product\/am7322-i32-3-2meter-inkjet-printer-with-2-i3200-printhead-the-economic-version\/#primaryimage\"},\"image\":{\"@id\":\"https:\/\/superprintpro.com\/product\/am7322-i32-3-2meter-inkjet-printer-with-2-i3200-printhead-the-economic-version\/#primaryimage\"},\"thumbnailUrl\":\"https:\/\/superprintpro.com\/wp-content\/uploads\/2025\/08\/am7322-i32-32meter-inkjet-printer-with-2-i3200-printhead.jpg\",\"datePublished\":\"2025-08-18T02:01:08+00:00\",\"dateModified\":\"2025-08-18T02:01:09+00:00\",\"breadcrumb\":{\"@id\":\"https:\/\/superprintpro.com\/product\/am7322-i32-3-2meter-inkjet-printer-with-2-i3200-printhead-the-economic-version\/#breadcrumb\"},\"inLanguage\":\"pt-BR\",\"potentialAction\":[{\"@type\":\"ReadAction\",\"target\":[\"https:\/\/superprintpro.com\/product\/am7322-i32-3-2meter-inkjet-printer-with-2-i3200-printhead-the-economic-version\/\"]}]},{\"@type\":\"ImageObject\",\"inLanguage\":\"pt-BR\",\"@id\":\"https:\/\/superprintpro.com\/product\/am7322-i32-3-2meter-inkjet-printer-with-2-i3200-printhead-the-economic-version\/#primaryimage\",\"url\":\"https:\/\/superprintpro.com\/wp-content\/uploads\/2025\/08\/am7322-i32-32meter-inkjet-printer-with-2-i3200-printhead.jpg\",\"contentUrl\":\"https:\/\/superprintpro.com\/wp-content\/uploads\/2025\/08\/am7322-i32-32meter-inkjet-printer-with-2-i3200-printhead.jpg\",\"width\":620,\"height\":349,\"caption\":\"AM7322-i32 3.2meter Inkjet printer with 2 i3200 Printhead (the economic version)\"},{\"@type\":\"BreadcrumbList\",\"@id\":\"https:\/\/superprintpro.com\/product\/am7322-i32-3-2meter-inkjet-printer-with-2-i3200-printhead-the-economic-version\/#breadcrumb\",\"itemListElement\":[{\"@type\":\"ListItem\",\"position\":1,\"name\":\"\u9996\u9875\",\"item\":\"https:\/\/superprintpro.com\/\"},{\"@type\":\"ListItem\",\"position\":2,\"name\":\"Shop\",\"item\":\"https:\/\/superprintpro.com\/shop\/\"},{\"@type\":\"ListItem\",\"position\":3,\"name\":\"AM7322-i32 3.2meter Inkjet printer with 2 i3200 Printhead (the economic version)\"}]},{\"@type\":\"WebSite\",\"@id\":\"https:\/\/superprintpro.com\/#website\",\"url\":\"https:\/\/superprintpro.com\/\",\"name\":\"Amo\",\"description\":\"\",\"potentialAction\":[{\"@type\":\"SearchAction\",\"target\":{\"@type\":\"EntryPoint\",\"urlTemplate\":\"https:\/\/superprintpro.com\/?s={search_term_string}\"},\"query-input\":{\"@type\":\"PropertyValueSpecification\",\"valueRequired\":true,\"valueName\":\"search_term_string\"}}],\"inLanguage\":\"pt-BR\"}]}<\/script>\n<!-- \/ Yoast SEO plugin. -->","yoast_head_json":{"title":"Impressora a jato de tinta AM7322-i32 de 3,2 metros com 2 cabe\u00e7as de impress\u00e3o i3200 (a vers\u00e3o econ\u00f4mica) - Amo","robots":{"index":"index","follow":"follow","max-snippet":"max-snippet:-1","max-image-preview":"max-image-preview:large","max-video-preview":"max-video-preview:-1"},"canonical":"https:\/\/superprintpro.com\/pt_br\/product\/am7322-i32-3-2meter-inkjet-printer-with-2-i3200-printhead-the-economic-version\/","og_locale":"pt_BR","og_type":"article","og_title":"AM7322-i32 3.2meter Inkjet printer with 2 i3200 Printhead (the economic version) - Amo","og_description":"For product details and the latest quotes, please contact our sales manager","og_url":"https:\/\/superprintpro.com\/pt_br\/product\/am7322-i32-3-2meter-inkjet-printer-with-2-i3200-printhead-the-economic-version\/","og_site_name":"Amo","article_modified_time":"2025-08-18T02:01:09+00:00","og_image":[{"width":620,"height":349,"url":"https:\/\/superprintpro.com\/wp-content\/uploads\/2025\/08\/am7322-i32-32meter-inkjet-printer-with-2-i3200-printhead.jpg","type":"image\/jpeg"}],"twitter_card":"summary_large_image","twitter_misc":{"Est. tempo de leitura":"1 minuto"},"schema":{"@context":"https:\/\/schema.org","@graph":[{"@type":"WebPage","@id":"https:\/\/superprintpro.com\/product\/am7322-i32-3-2meter-inkjet-printer-with-2-i3200-printhead-the-economic-version\/","url":"https:\/\/superprintpro.com\/product\/am7322-i32-3-2meter-inkjet-printer-with-2-i3200-printhead-the-economic-version\/","name":"Impressora a jato de tinta AM7322-i32 de 3,2 metros com 2 cabe\u00e7as de impress\u00e3o i3200 (a vers\u00e3o econ\u00f4mica) - Amo","isPartOf":{"@id":"https:\/\/superprintpro.com\/#website"},"primaryImageOfPage":{"@id":"https:\/\/superprintpro.com\/product\/am7322-i32-3-2meter-inkjet-printer-with-2-i3200-printhead-the-economic-version\/#primaryimage"},"image":{"@id":"https:\/\/superprintpro.com\/product\/am7322-i32-3-2meter-inkjet-printer-with-2-i3200-printhead-the-economic-version\/#primaryimage"},"thumbnailUrl":"https:\/\/superprintpro.com\/wp-content\/uploads\/2025\/08\/am7322-i32-32meter-inkjet-printer-with-2-i3200-printhead.jpg","datePublished":"2025-08-18T02:01:08+00:00","dateModified":"2025-08-18T02:01:09+00:00","breadcrumb":{"@id":"https:\/\/superprintpro.com\/product\/am7322-i32-3-2meter-inkjet-printer-with-2-i3200-printhead-the-economic-version\/#breadcrumb"},"inLanguage":"pt-BR","potentialAction":[{"@type":"ReadAction","target":["https:\/\/superprintpro.com\/product\/am7322-i32-3-2meter-inkjet-printer-with-2-i3200-printhead-the-economic-version\/"]}]},{"@type":"ImageObject","inLanguage":"pt-BR","@id":"https:\/\/superprintpro.com\/product\/am7322-i32-3-2meter-inkjet-printer-with-2-i3200-printhead-the-economic-version\/#primaryimage","url":"https:\/\/superprintpro.com\/wp-content\/uploads\/2025\/08\/am7322-i32-32meter-inkjet-printer-with-2-i3200-printhead.jpg","contentUrl":"https:\/\/superprintpro.com\/wp-content\/uploads\/2025\/08\/am7322-i32-32meter-inkjet-printer-with-2-i3200-printhead.jpg","width":620,"height":349,"caption":"AM7322-i32 3.2meter Inkjet printer with 2 i3200 Printhead (the economic version)"},{"@type":"BreadcrumbList","@id":"https:\/\/superprintpro.com\/product\/am7322-i32-3-2meter-inkjet-printer-with-2-i3200-printhead-the-economic-version\/#breadcrumb","itemListElement":[{"@type":"ListItem","position":1,"name":"\u9996\u9875","item":"https:\/\/superprintpro.com\/"},{"@type":"ListItem","position":2,"name":"Shop","item":"https:\/\/superprintpro.com\/shop\/"},{"@type":"ListItem","position":3,"name":"AM7322-i32 3.2meter Inkjet printer with 2 i3200 Printhead (the economic version)"}]},{"@type":"WebSite","@id":"https:\/\/superprintpro.com\/#website","url":"https:\/\/superprintpro.com\/","name":"Amo","description":"","potentialAction":[{"@type":"SearchAction","target":{"@type":"EntryPoint","urlTemplate":"https:\/\/superprintpro.com\/?s={search_term_string}"},"query-input":{"@type":"PropertyValueSpecification","valueRequired":true,"valueName":"search_term_string"}}],"inLanguage":"pt-BR"}]}},"_links":{"self":[{"href":"https:\/\/superprintpro.com\/pt_br\/wp-json\/wp\/v2\/product\/30113","targetHints":{"allow":["GET"]}}],"collection":[{"href":"https:\/\/superprintpro.com\/pt_br\/wp-json\/wp\/v2\/product"}],"about":[{"href":"https:\/\/superprintpro.com\/pt_br\/wp-json\/wp\/v2\/types\/product"}],"replies":[{"embeddable":true,"href":"https:\/\/superprintpro.com\/pt_br\/wp-json\/wp\/v2\/comments?post=30113"}],"version-history":[{"count":1,"href":"https:\/\/superprintpro.com\/pt_br\/wp-json\/wp\/v2\/product\/30113\/revisions"}],"predecessor-version":[{"id":30115,"href":"https:\/\/superprintpro.com\/pt_br\/wp-json\/wp\/v2\/product\/30113\/revisions\/30115"}],"wp:featuredmedia":[{"embeddable":true,"href":"https:\/\/superprintpro.com\/pt_br\/wp-json\/wp\/v2\/media\/30114"}],"wp:attachment":[{"href":"https:\/\/superprintpro.com\/pt_br\/wp-json\/wp\/v2\/media?parent=30113"}],"wp:term":[{"taxonomy":"product_brand","embeddable":true,"href":"https:\/\/superprintpro.com\/pt_br\/wp-json\/wp\/v2\/product_brand?post=30113"},{"taxonomy":"product_cat","embeddable":true,"href":"https:\/\/superprintpro.com\/pt_br\/wp-json\/wp\/v2\/product_cat?post=30113"},{"taxonomy":"product_tag","embeddable":true,"href":"https:\/\/superprintpro.com\/pt_br\/wp-json\/wp\/v2\/product_tag?post=30113"}],"curies":[{"name":"wp","href":"https:\/\/api.w.org\/{rel}","templated":true}]}}