{"id":30095,"date":"2025-08-18T09:44:30","date_gmt":"2025-08-18T01:44:30","guid":{"rendered":"https:\/\/superprintpro.com\/?post_type=product&#038;p=30095"},"modified":"2025-08-18T09:44:30","modified_gmt":"2025-08-18T01:44:30","slug":"am1802xp-1-8meter-inkjet-printer-with-2-xp600-print-head-the-economic-version","status":"publish","type":"product","link":"https:\/\/superprintpro.com\/pt_br\/product\/am1802xp-1-8meter-inkjet-printer-with-2-xp600-print-head-the-economic-version\/","title":{"rendered":"Impressora a jato de tinta AM1802XP de 1,8 metros com 2 cabe\u00e7otes de impress\u00e3o XP600 (vers\u00e3o econ\u00f4mica)"},"content":{"rendered":"<p>Nome do modelo:AM1802XP<\/p>\n<p>Largura da impress\u00e3o: 1,8 metros<br \/>\nLargura m\u00e1xima da m\u00eddia: 1,8 metro<br \/>\nCabe\u00e7a de impress\u00e3o\uff1a Cabe\u00e7a de impress\u00e3o Epson XP600<br \/>\nN\u00famero de cabe\u00e7as de impress\u00e3o: 2 pe\u00e7as<br \/>\nResolu\u00e7\u00e3o: 360 x 720 dpi<br \/>\nVelocidade de impress\u00e3o: Modo 4Pass 22 metros quadrados por hora<br \/>\nM\u00eddia de impress\u00e3o: Papel PP, papel fotogr\u00e1fico, vinil, papel de transfer\u00eancia, papel com verso azul etc.<br \/>\nCor: CMYK<br \/>\nTinta: tinta eco-solvente, tinta de sublima\u00e7\u00e3o (ou outra tinta \u00e0 base de \u00e1gua)<br \/>\nCapacidade de tinta: 1 litro por cor<br \/>\nPorta de conex\u00e3o com o computador: USB\/NET<br \/>\nDist\u00e2ncia entre a cabe\u00e7a de impress\u00e3o e a m\u00eddia: 2 mm a 3 mm<br \/>\nSistema de localiza\u00e7\u00e3o de impress\u00e3o: Sistema Raster e Servo<br \/>\nSistema de secagem de tinta: Ventilador e aquecedor<br \/>\nSistema de motor e driver: Motor e acionador combinados de alta precis\u00e3o para o carro e o degrau<br \/>\nSistema de impress\u00e3o: Hoson, o l\u00edder do sistema de impress\u00e3o na China<br \/>\nEsta\u00e7\u00e3o de tinta: Alum\u00ednio de alta precis\u00e3o Esta\u00e7\u00e3o de manuten\u00e7\u00e3o da cabe\u00e7a de impress\u00e3o.<br \/>\nSoftware Rip : Maintop, RIIN, Photoprint<br \/>\nFormato da foto: JPG,TIFF,BMP,PDF<br \/>\nSistema de aquecimento: Equipamento do sistema de controle autom\u00e1tico de temperatura.<br \/>\nSistema de fornecimento de m\u00eddia: Sistema autom\u00e1tico de enrolamento de m\u00eddia<br \/>\nPeso m\u00e1ximo da m\u00eddia: 90 kg<br \/>\nDemanda de energia: 50\/60HZ 220V AC<br \/>\nTemperatura de trabalho: 20-25 CESUS<br \/>\nUmidade de trabalho: 40-70%<br \/>\nTamanho da m\u00e1quina: L2,980mm X W750mm X H1250mm<br \/>\nPeso l\u00edquido: 210 kg<br \/>\nTamanho da embalagem: L2,900mm X W600mm X H400mm<br \/>\nPeso bruto: 250 KGS<\/p>\n<p>(A m\u00e1quina real pode ser um pouco diferente da impressora mostrada neste cat\u00e1logo, especialmente alguns detalhes podem ser diferentes)<\/p>","protected":false},"excerpt":{"rendered":"<p>Para obter detalhes do produto e as \u00faltimas cota\u00e7\u00f5es, entre em contato com nosso gerente de vendas<\/p>","protected":false},"featured_media":30096,"comment_status":"open","ping_status":"closed","template":"","meta":[],"product_brand":[],"product_cat":[102],"product_tag":[],"class_list":{"0":"post-30095","1":"product","2":"type-product","3":"status-publish","4":"has-post-thumbnail","6":"product_cat-with-xp600-printhead","8":"first","9":"instock","10":"shipping-taxable","11":"product-type-simple"},"yoast_head":"<!-- This site is optimized with the Yoast SEO plugin v26.9 - https:\/\/yoast.com\/product\/yoast-seo-wordpress\/ -->\n<title>AM1802XP 1.8meter Inkjet printer with 2 XP600 Print head (the economic version) - Amo<\/title>\n<meta name=\"robots\" content=\"index, follow, max-snippet:-1, max-image-preview:large, max-video-preview:-1\" \/>\n<link rel=\"canonical\" href=\"https:\/\/superprintpro.com\/pt_br\/product\/am1802xp-1-8meter-inkjet-printer-with-2-xp600-print-head-the-economic-version\/\" \/>\n<meta property=\"og:locale\" content=\"pt_BR\" \/>\n<meta property=\"og:type\" content=\"article\" \/>\n<meta property=\"og:title\" content=\"AM1802XP 1.8meter Inkjet printer with 2 XP600 Print head (the economic version) - Amo\" \/>\n<meta property=\"og:description\" content=\"For product details and the latest quotes, please contact our sales manager\" \/>\n<meta property=\"og:url\" content=\"https:\/\/superprintpro.com\/pt_br\/product\/am1802xp-1-8meter-inkjet-printer-with-2-xp600-print-head-the-economic-version\/\" \/>\n<meta property=\"og:site_name\" content=\"Amo\" \/>\n<meta property=\"og:image\" content=\"https:\/\/superprintpro.com\/wp-content\/uploads\/2025\/08\/am1802xp-18meter-inkjet-printer-with-2-xp600-print-head-the-economic-version.jpg\" \/>\n\t<meta property=\"og:image:width\" content=\"1188\" \/>\n\t<meta property=\"og:image:height\" content=\"668\" \/>\n\t<meta property=\"og:image:type\" content=\"image\/jpeg\" \/>\n<meta name=\"twitter:card\" content=\"summary_large_image\" \/>\n<meta name=\"twitter:label1\" content=\"Est. tempo de leitura\" \/>\n\t<meta name=\"twitter:data1\" content=\"1 minuto\" \/>\n<script type=\"application\/ld+json\" class=\"yoast-schema-graph\">{\"@context\":\"https:\/\/schema.org\",\"@graph\":[{\"@type\":\"WebPage\",\"@id\":\"https:\/\/superprintpro.com\/product\/am1802xp-1-8meter-inkjet-printer-with-2-xp600-print-head-the-economic-version\/\",\"url\":\"https:\/\/superprintpro.com\/product\/am1802xp-1-8meter-inkjet-printer-with-2-xp600-print-head-the-economic-version\/\",\"name\":\"AM1802XP 1.8meter Inkjet printer with 2 XP600 Print head (the economic version) - Amo\",\"isPartOf\":{\"@id\":\"https:\/\/superprintpro.com\/#website\"},\"primaryImageOfPage\":{\"@id\":\"https:\/\/superprintpro.com\/product\/am1802xp-1-8meter-inkjet-printer-with-2-xp600-print-head-the-economic-version\/#primaryimage\"},\"image\":{\"@id\":\"https:\/\/superprintpro.com\/product\/am1802xp-1-8meter-inkjet-printer-with-2-xp600-print-head-the-economic-version\/#primaryimage\"},\"thumbnailUrl\":\"https:\/\/superprintpro.com\/wp-content\/uploads\/2025\/08\/am1802xp-18meter-inkjet-printer-with-2-xp600-print-head-the-economic-version.jpg\",\"datePublished\":\"2025-08-18T01:44:30+00:00\",\"breadcrumb\":{\"@id\":\"https:\/\/superprintpro.com\/product\/am1802xp-1-8meter-inkjet-printer-with-2-xp600-print-head-the-economic-version\/#breadcrumb\"},\"inLanguage\":\"pt-BR\",\"potentialAction\":[{\"@type\":\"ReadAction\",\"target\":[\"https:\/\/superprintpro.com\/product\/am1802xp-1-8meter-inkjet-printer-with-2-xp600-print-head-the-economic-version\/\"]}]},{\"@type\":\"ImageObject\",\"inLanguage\":\"pt-BR\",\"@id\":\"https:\/\/superprintpro.com\/product\/am1802xp-1-8meter-inkjet-printer-with-2-xp600-print-head-the-economic-version\/#primaryimage\",\"url\":\"https:\/\/superprintpro.com\/wp-content\/uploads\/2025\/08\/am1802xp-18meter-inkjet-printer-with-2-xp600-print-head-the-economic-version.jpg\",\"contentUrl\":\"https:\/\/superprintpro.com\/wp-content\/uploads\/2025\/08\/am1802xp-18meter-inkjet-printer-with-2-xp600-print-head-the-economic-version.jpg\",\"width\":1188,\"height\":668,\"caption\":\"AM1802XP 1.8meter Inkjet printer with 2 XP600 Print head (the economic version)\"},{\"@type\":\"BreadcrumbList\",\"@id\":\"https:\/\/superprintpro.com\/product\/am1802xp-1-8meter-inkjet-printer-with-2-xp600-print-head-the-economic-version\/#breadcrumb\",\"itemListElement\":[{\"@type\":\"ListItem\",\"position\":1,\"name\":\"\u9996\u9875\",\"item\":\"https:\/\/superprintpro.com\/\"},{\"@type\":\"ListItem\",\"position\":2,\"name\":\"Shop\",\"item\":\"https:\/\/superprintpro.com\/shop\/\"},{\"@type\":\"ListItem\",\"position\":3,\"name\":\"AM1802XP 1.8meter Inkjet printer with 2 XP600 Print head (the economic version)\"}]},{\"@type\":\"WebSite\",\"@id\":\"https:\/\/superprintpro.com\/#website\",\"url\":\"https:\/\/superprintpro.com\/\",\"name\":\"Amo\",\"description\":\"\",\"potentialAction\":[{\"@type\":\"SearchAction\",\"target\":{\"@type\":\"EntryPoint\",\"urlTemplate\":\"https:\/\/superprintpro.com\/?s={search_term_string}\"},\"query-input\":{\"@type\":\"PropertyValueSpecification\",\"valueRequired\":true,\"valueName\":\"search_term_string\"}}],\"inLanguage\":\"pt-BR\"}]}<\/script>\n<!-- \/ Yoast SEO plugin. -->","yoast_head_json":{"title":"AM1802XP Impressora a jato de tinta de 1,8 m com 2 cabe\u00e7as de impress\u00e3o XP600 (a vers\u00e3o econ\u00f4mica) - Amo","robots":{"index":"index","follow":"follow","max-snippet":"max-snippet:-1","max-image-preview":"max-image-preview:large","max-video-preview":"max-video-preview:-1"},"canonical":"https:\/\/superprintpro.com\/pt_br\/product\/am1802xp-1-8meter-inkjet-printer-with-2-xp600-print-head-the-economic-version\/","og_locale":"pt_BR","og_type":"article","og_title":"AM1802XP 1.8meter Inkjet printer with 2 XP600 Print head (the economic version) - Amo","og_description":"For product details and the latest quotes, please contact our sales manager","og_url":"https:\/\/superprintpro.com\/pt_br\/product\/am1802xp-1-8meter-inkjet-printer-with-2-xp600-print-head-the-economic-version\/","og_site_name":"Amo","og_image":[{"width":1188,"height":668,"url":"https:\/\/superprintpro.com\/wp-content\/uploads\/2025\/08\/am1802xp-18meter-inkjet-printer-with-2-xp600-print-head-the-economic-version.jpg","type":"image\/jpeg"}],"twitter_card":"summary_large_image","twitter_misc":{"Est. tempo de leitura":"1 minuto"},"schema":{"@context":"https:\/\/schema.org","@graph":[{"@type":"WebPage","@id":"https:\/\/superprintpro.com\/product\/am1802xp-1-8meter-inkjet-printer-with-2-xp600-print-head-the-economic-version\/","url":"https:\/\/superprintpro.com\/product\/am1802xp-1-8meter-inkjet-printer-with-2-xp600-print-head-the-economic-version\/","name":"AM1802XP Impressora a jato de tinta de 1,8 m com 2 cabe\u00e7as de impress\u00e3o XP600 (a vers\u00e3o econ\u00f4mica) - Amo","isPartOf":{"@id":"https:\/\/superprintpro.com\/#website"},"primaryImageOfPage":{"@id":"https:\/\/superprintpro.com\/product\/am1802xp-1-8meter-inkjet-printer-with-2-xp600-print-head-the-economic-version\/#primaryimage"},"image":{"@id":"https:\/\/superprintpro.com\/product\/am1802xp-1-8meter-inkjet-printer-with-2-xp600-print-head-the-economic-version\/#primaryimage"},"thumbnailUrl":"https:\/\/superprintpro.com\/wp-content\/uploads\/2025\/08\/am1802xp-18meter-inkjet-printer-with-2-xp600-print-head-the-economic-version.jpg","datePublished":"2025-08-18T01:44:30+00:00","breadcrumb":{"@id":"https:\/\/superprintpro.com\/product\/am1802xp-1-8meter-inkjet-printer-with-2-xp600-print-head-the-economic-version\/#breadcrumb"},"inLanguage":"pt-BR","potentialAction":[{"@type":"ReadAction","target":["https:\/\/superprintpro.com\/product\/am1802xp-1-8meter-inkjet-printer-with-2-xp600-print-head-the-economic-version\/"]}]},{"@type":"ImageObject","inLanguage":"pt-BR","@id":"https:\/\/superprintpro.com\/product\/am1802xp-1-8meter-inkjet-printer-with-2-xp600-print-head-the-economic-version\/#primaryimage","url":"https:\/\/superprintpro.com\/wp-content\/uploads\/2025\/08\/am1802xp-18meter-inkjet-printer-with-2-xp600-print-head-the-economic-version.jpg","contentUrl":"https:\/\/superprintpro.com\/wp-content\/uploads\/2025\/08\/am1802xp-18meter-inkjet-printer-with-2-xp600-print-head-the-economic-version.jpg","width":1188,"height":668,"caption":"AM1802XP 1.8meter Inkjet printer with 2 XP600 Print head (the economic version)"},{"@type":"BreadcrumbList","@id":"https:\/\/superprintpro.com\/product\/am1802xp-1-8meter-inkjet-printer-with-2-xp600-print-head-the-economic-version\/#breadcrumb","itemListElement":[{"@type":"ListItem","position":1,"name":"\u9996\u9875","item":"https:\/\/superprintpro.com\/"},{"@type":"ListItem","position":2,"name":"Shop","item":"https:\/\/superprintpro.com\/shop\/"},{"@type":"ListItem","position":3,"name":"AM1802XP 1.8meter Inkjet printer with 2 XP600 Print head (the economic version)"}]},{"@type":"WebSite","@id":"https:\/\/superprintpro.com\/#website","url":"https:\/\/superprintpro.com\/","name":"Amo","description":"","potentialAction":[{"@type":"SearchAction","target":{"@type":"EntryPoint","urlTemplate":"https:\/\/superprintpro.com\/?s={search_term_string}"},"query-input":{"@type":"PropertyValueSpecification","valueRequired":true,"valueName":"search_term_string"}}],"inLanguage":"pt-BR"}]}},"_links":{"self":[{"href":"https:\/\/superprintpro.com\/pt_br\/wp-json\/wp\/v2\/product\/30095","targetHints":{"allow":["GET"]}}],"collection":[{"href":"https:\/\/superprintpro.com\/pt_br\/wp-json\/wp\/v2\/product"}],"about":[{"href":"https:\/\/superprintpro.com\/pt_br\/wp-json\/wp\/v2\/types\/product"}],"replies":[{"embeddable":true,"href":"https:\/\/superprintpro.com\/pt_br\/wp-json\/wp\/v2\/comments?post=30095"}],"version-history":[{"count":1,"href":"https:\/\/superprintpro.com\/pt_br\/wp-json\/wp\/v2\/product\/30095\/revisions"}],"predecessor-version":[{"id":30097,"href":"https:\/\/superprintpro.com\/pt_br\/wp-json\/wp\/v2\/product\/30095\/revisions\/30097"}],"wp:featuredmedia":[{"embeddable":true,"href":"https:\/\/superprintpro.com\/pt_br\/wp-json\/wp\/v2\/media\/30096"}],"wp:attachment":[{"href":"https:\/\/superprintpro.com\/pt_br\/wp-json\/wp\/v2\/media?parent=30095"}],"wp:term":[{"taxonomy":"product_brand","embeddable":true,"href":"https:\/\/superprintpro.com\/pt_br\/wp-json\/wp\/v2\/product_brand?post=30095"},{"taxonomy":"product_cat","embeddable":true,"href":"https:\/\/superprintpro.com\/pt_br\/wp-json\/wp\/v2\/product_cat?post=30095"},{"taxonomy":"product_tag","embeddable":true,"href":"https:\/\/superprintpro.com\/pt_br\/wp-json\/wp\/v2\/product_tag?post=30095"}],"curies":[{"name":"wp","href":"https:\/\/api.w.org\/{rel}","templated":true}]}}