{"id":30068,"date":"2025-08-17T20:05:19","date_gmt":"2025-08-17T12:05:19","guid":{"rendered":"https:\/\/superprintpro.com\/?post_type=product&#038;p=30068"},"modified":"2025-08-17T20:05:19","modified_gmt":"2025-08-17T12:05:19","slug":"amo-a3-size-uv-dtf-amo-3003-with-3-pieces-of-xp600-printheads","status":"publish","type":"product","link":"https:\/\/superprintpro.com\/pt_br\/product\/amo-a3-size-uv-dtf-amo-3003-with-3-pieces-of-xp600-printheads\/","title":{"rendered":"DTF UV AMO 3003 tamanho A3 com 3 unidades de cabe\u00e7as de impress\u00e3o XP600"},"content":{"rendered":"<p>DTF UV AMO 3003 tamanho A3 com 3 unidades de cabe\u00e7as de impress\u00e3o XP600<\/p>\n<p>Largura da impress\u00e3o: 300 mm<\/p>\n<p>Especifica\u00e7\u00e3o:<br \/>\nFones de ouvido: Epson XP600<br \/>\nQuantidade de cabe\u00e7as: 3 pe\u00e7as<br \/>\nModelo de alta qualidade: 1,4 metros quadrados\/hora<br \/>\nModo de produ\u00e7\u00e3o r\u00e1pida: 3 metros quadrados\/hora<br \/>\nLargura de alimenta\u00e7\u00e3o: 300 mm<br \/>\nTransmiss\u00e3o de m\u00eddia: Sistema de coloca\u00e7\u00e3o de papel ajust\u00e1vel bilateral resistente<br \/>\nCor: seis cores (c\/M\/y\/K\/V\/w)<br \/>\nTipo de tinta: tinta ultravioleta especial para r\u00f3tulos de vidro<br \/>\nInterface de comunica\u00e7\u00e3o: porta de rede<br \/>\nIdioma operacional: chin\u00eas\/ingl\u00eas<br \/>\nSoftware de impress\u00e3o: Maintop6.1 \/ photoprint (opcional)<br \/>\nSistema operacional: Win10\/Win7<br \/>\nM\u00eddia de impress\u00e3o: filme A\/B<\/p>\n<p>Limpeza do cabe\u00e7ote: sistema autom\u00e1tico de limpeza da bateria de tinta<\/p>\n<p>Configura\u00e7\u00e3o:<\/p>\n<p>Curso do eixo X do servomotor de alta qualidade<br \/>\nEixo do motor de grande torque chuchen de alta qualidade e + redutor de alta precis\u00e3o<br \/>\nSistema de desconex\u00e3o ajust\u00e1vel de resist\u00eancia bilateral<br \/>\nGuia Linear Silenciosa de Alta Velocidade Hiwin<br \/>\nSistema de mistura autom\u00e1tica para tinta branca. Ajuste de solidifica\u00e7\u00e3o da tinta: L\u00e2mpada ultravioleta de alta pot\u00eancia resfriada a ar<br \/>\nO caminho da tinta aumenta o filtro, o sistema de filtragem de alta qualidade<br \/>\nSistema autom\u00e1tico de eleva\u00e7\u00e3o de rolos de borracha<br \/>\nFilme de coleta de res\u00edduos: a barra oscilante comprime o filme de coleta de res\u00edduos Smart Energy<br \/>\nConfigura\u00e7\u00e3o do alarme de falta de tinta: sistema autom\u00e1tico de alarme de falta de tinta<br \/>\nConfigura\u00e7\u00e3o do revestimento de papel: rolo de alta precis\u00e3o, aquecimento inteligente do rolo de controle de temperatura<br \/>\nAlarme de falta de papel: equipado com a fun\u00e7\u00e3o de indu\u00e7\u00e3o de alarme de falta de papel<br \/>\nTipo de tinta: Tinta ultravioleta especial ecologicamente correta, com cores bonitas e alta durabilidade<br \/>\nControle de cores: Controle de cores padr\u00e3o internacional ICC, curvas e densidade ajust\u00e1veis pelo usu\u00e1rio e outras fun\u00e7\u00f5es. Ambiente de trabalho: 15 - 30\u00b0C\/40% - 60%<br \/>\nPot\u00eancia do equipamento: 1200w<br \/>\nPeso da embalagem: 100 kg<br \/>\nTamanho da m\u00e1quina inteira: 1525*725*755mm (tamanho da embalagem) 1200*500*1166mm (tamanho do equipamento)<br \/>\nConfigura\u00e7\u00e3o recomendada do computador:<br \/>\nSistema operacional Win7\/win10 Placa de rede Gigabit Placa gr\u00e1fica aut\u00f4noma 8g - Mem\u00f3ria 500g Disco r\u00edgido tnel(r)CORE(tm)i5\/i7cpu<\/p>","protected":false},"excerpt":{"rendered":"<p>Para obter detalhes do produto e as \u00faltimas cota\u00e7\u00f5es, entre em contato com nosso gerente de vendas<\/p>","protected":false},"featured_media":30069,"comment_status":"open","ping_status":"closed","template":"","meta":[],"product_brand":[],"product_cat":[123],"product_tag":[],"class_list":{"0":"post-30068","1":"product","2":"type-product","3":"status-publish","4":"has-post-thumbnail","6":"product_cat-uv-dtf-printer","8":"first","9":"instock","10":"shipping-taxable","11":"purchasable","12":"product-type-simple"},"yoast_head":"<!-- This site is optimized with the Yoast SEO plugin v26.9 - https:\/\/yoast.com\/product\/yoast-seo-wordpress\/ -->\n<title>AMO A3 Size UV DTF AMO 3003 with 3 pieces of XP600 Printheads - Amo<\/title>\n<meta name=\"robots\" content=\"index, follow, max-snippet:-1, max-image-preview:large, max-video-preview:-1\" \/>\n<link rel=\"canonical\" href=\"https:\/\/superprintpro.com\/pt_br\/product\/amo-a3-size-uv-dtf-amo-3003-with-3-pieces-of-xp600-printheads\/\" \/>\n<meta property=\"og:locale\" content=\"pt_BR\" \/>\n<meta property=\"og:type\" content=\"article\" \/>\n<meta property=\"og:title\" content=\"AMO A3 Size UV DTF AMO 3003 with 3 pieces of XP600 Printheads - Amo\" \/>\n<meta property=\"og:description\" content=\"For product details and the latest quotes, please contact our sales manager\" \/>\n<meta property=\"og:url\" content=\"https:\/\/superprintpro.com\/pt_br\/product\/amo-a3-size-uv-dtf-amo-3003-with-3-pieces-of-xp600-printheads\/\" \/>\n<meta property=\"og:site_name\" content=\"Amo\" \/>\n<meta property=\"og:image\" content=\"https:\/\/superprintpro.com\/wp-content\/uploads\/2025\/08\/amo-a3-size-uv-dtf-printer-amo-3003-with-3-pieces-of-xp600-printheads.jpg\" \/>\n\t<meta property=\"og:image:width\" content=\"553\" \/>\n\t<meta property=\"og:image:height\" content=\"311\" \/>\n\t<meta property=\"og:image:type\" content=\"image\/jpeg\" \/>\n<meta name=\"twitter:card\" content=\"summary_large_image\" \/>\n<meta name=\"twitter:label1\" content=\"Est. tempo de leitura\" \/>\n\t<meta name=\"twitter:data1\" content=\"1 minuto\" \/>\n<script type=\"application\/ld+json\" class=\"yoast-schema-graph\">{\"@context\":\"https:\/\/schema.org\",\"@graph\":[{\"@type\":\"WebPage\",\"@id\":\"https:\/\/superprintpro.com\/product\/amo-a3-size-uv-dtf-amo-3003-with-3-pieces-of-xp600-printheads\/\",\"url\":\"https:\/\/superprintpro.com\/product\/amo-a3-size-uv-dtf-amo-3003-with-3-pieces-of-xp600-printheads\/\",\"name\":\"AMO A3 Size UV DTF AMO 3003 with 3 pieces of XP600 Printheads - Amo\",\"isPartOf\":{\"@id\":\"https:\/\/superprintpro.com\/#website\"},\"primaryImageOfPage\":{\"@id\":\"https:\/\/superprintpro.com\/product\/amo-a3-size-uv-dtf-amo-3003-with-3-pieces-of-xp600-printheads\/#primaryimage\"},\"image\":{\"@id\":\"https:\/\/superprintpro.com\/product\/amo-a3-size-uv-dtf-amo-3003-with-3-pieces-of-xp600-printheads\/#primaryimage\"},\"thumbnailUrl\":\"https:\/\/superprintpro.com\/wp-content\/uploads\/2025\/08\/amo-a3-size-uv-dtf-printer-amo-3003-with-3-pieces-of-xp600-printheads.jpg\",\"datePublished\":\"2025-08-17T12:05:19+00:00\",\"breadcrumb\":{\"@id\":\"https:\/\/superprintpro.com\/product\/amo-a3-size-uv-dtf-amo-3003-with-3-pieces-of-xp600-printheads\/#breadcrumb\"},\"inLanguage\":\"pt-BR\",\"potentialAction\":[{\"@type\":\"ReadAction\",\"target\":[\"https:\/\/superprintpro.com\/product\/amo-a3-size-uv-dtf-amo-3003-with-3-pieces-of-xp600-printheads\/\"]}]},{\"@type\":\"ImageObject\",\"inLanguage\":\"pt-BR\",\"@id\":\"https:\/\/superprintpro.com\/product\/amo-a3-size-uv-dtf-amo-3003-with-3-pieces-of-xp600-printheads\/#primaryimage\",\"url\":\"https:\/\/superprintpro.com\/wp-content\/uploads\/2025\/08\/amo-a3-size-uv-dtf-printer-amo-3003-with-3-pieces-of-xp600-printheads.jpg\",\"contentUrl\":\"https:\/\/superprintpro.com\/wp-content\/uploads\/2025\/08\/amo-a3-size-uv-dtf-printer-amo-3003-with-3-pieces-of-xp600-printheads.jpg\",\"width\":553,\"height\":311,\"caption\":\"AMO A3 Size UV DTF AMO 3003 with 3 pieces of XP600 Printheads\"},{\"@type\":\"BreadcrumbList\",\"@id\":\"https:\/\/superprintpro.com\/product\/amo-a3-size-uv-dtf-amo-3003-with-3-pieces-of-xp600-printheads\/#breadcrumb\",\"itemListElement\":[{\"@type\":\"ListItem\",\"position\":1,\"name\":\"\u9996\u9875\",\"item\":\"https:\/\/superprintpro.com\/\"},{\"@type\":\"ListItem\",\"position\":2,\"name\":\"Shop\",\"item\":\"https:\/\/superprintpro.com\/shop\/\"},{\"@type\":\"ListItem\",\"position\":3,\"name\":\"AMO A3 Size UV DTF AMO 3003 with 3 pieces of XP600 Printheads\"}]},{\"@type\":\"WebSite\",\"@id\":\"https:\/\/superprintpro.com\/#website\",\"url\":\"https:\/\/superprintpro.com\/\",\"name\":\"Amo\",\"description\":\"\",\"potentialAction\":[{\"@type\":\"SearchAction\",\"target\":{\"@type\":\"EntryPoint\",\"urlTemplate\":\"https:\/\/superprintpro.com\/?s={search_term_string}\"},\"query-input\":{\"@type\":\"PropertyValueSpecification\",\"valueRequired\":true,\"valueName\":\"search_term_string\"}}],\"inLanguage\":\"pt-BR\"}]}<\/script>\n<!-- \/ Yoast SEO plugin. -->","yoast_head_json":{"title":"AMO A3 Tamanho UV DTF AMO 3003 com 3 pe\u00e7as de cabe\u00e7as de impress\u00e3o XP600 - Amo","robots":{"index":"index","follow":"follow","max-snippet":"max-snippet:-1","max-image-preview":"max-image-preview:large","max-video-preview":"max-video-preview:-1"},"canonical":"https:\/\/superprintpro.com\/pt_br\/product\/amo-a3-size-uv-dtf-amo-3003-with-3-pieces-of-xp600-printheads\/","og_locale":"pt_BR","og_type":"article","og_title":"AMO A3 Size UV DTF AMO 3003 with 3 pieces of XP600 Printheads - Amo","og_description":"For product details and the latest quotes, please contact our sales manager","og_url":"https:\/\/superprintpro.com\/pt_br\/product\/amo-a3-size-uv-dtf-amo-3003-with-3-pieces-of-xp600-printheads\/","og_site_name":"Amo","og_image":[{"width":553,"height":311,"url":"https:\/\/superprintpro.com\/wp-content\/uploads\/2025\/08\/amo-a3-size-uv-dtf-printer-amo-3003-with-3-pieces-of-xp600-printheads.jpg","type":"image\/jpeg"}],"twitter_card":"summary_large_image","twitter_misc":{"Est. tempo de leitura":"1 minuto"},"schema":{"@context":"https:\/\/schema.org","@graph":[{"@type":"WebPage","@id":"https:\/\/superprintpro.com\/product\/amo-a3-size-uv-dtf-amo-3003-with-3-pieces-of-xp600-printheads\/","url":"https:\/\/superprintpro.com\/product\/amo-a3-size-uv-dtf-amo-3003-with-3-pieces-of-xp600-printheads\/","name":"AMO A3 Tamanho UV DTF AMO 3003 com 3 pe\u00e7as de cabe\u00e7as de impress\u00e3o XP600 - Amo","isPartOf":{"@id":"https:\/\/superprintpro.com\/#website"},"primaryImageOfPage":{"@id":"https:\/\/superprintpro.com\/product\/amo-a3-size-uv-dtf-amo-3003-with-3-pieces-of-xp600-printheads\/#primaryimage"},"image":{"@id":"https:\/\/superprintpro.com\/product\/amo-a3-size-uv-dtf-amo-3003-with-3-pieces-of-xp600-printheads\/#primaryimage"},"thumbnailUrl":"https:\/\/superprintpro.com\/wp-content\/uploads\/2025\/08\/amo-a3-size-uv-dtf-printer-amo-3003-with-3-pieces-of-xp600-printheads.jpg","datePublished":"2025-08-17T12:05:19+00:00","breadcrumb":{"@id":"https:\/\/superprintpro.com\/product\/amo-a3-size-uv-dtf-amo-3003-with-3-pieces-of-xp600-printheads\/#breadcrumb"},"inLanguage":"pt-BR","potentialAction":[{"@type":"ReadAction","target":["https:\/\/superprintpro.com\/product\/amo-a3-size-uv-dtf-amo-3003-with-3-pieces-of-xp600-printheads\/"]}]},{"@type":"ImageObject","inLanguage":"pt-BR","@id":"https:\/\/superprintpro.com\/product\/amo-a3-size-uv-dtf-amo-3003-with-3-pieces-of-xp600-printheads\/#primaryimage","url":"https:\/\/superprintpro.com\/wp-content\/uploads\/2025\/08\/amo-a3-size-uv-dtf-printer-amo-3003-with-3-pieces-of-xp600-printheads.jpg","contentUrl":"https:\/\/superprintpro.com\/wp-content\/uploads\/2025\/08\/amo-a3-size-uv-dtf-printer-amo-3003-with-3-pieces-of-xp600-printheads.jpg","width":553,"height":311,"caption":"AMO A3 Size UV DTF AMO 3003 with 3 pieces of XP600 Printheads"},{"@type":"BreadcrumbList","@id":"https:\/\/superprintpro.com\/product\/amo-a3-size-uv-dtf-amo-3003-with-3-pieces-of-xp600-printheads\/#breadcrumb","itemListElement":[{"@type":"ListItem","position":1,"name":"\u9996\u9875","item":"https:\/\/superprintpro.com\/"},{"@type":"ListItem","position":2,"name":"Shop","item":"https:\/\/superprintpro.com\/shop\/"},{"@type":"ListItem","position":3,"name":"AMO A3 Size UV DTF AMO 3003 with 3 pieces of XP600 Printheads"}]},{"@type":"WebSite","@id":"https:\/\/superprintpro.com\/#website","url":"https:\/\/superprintpro.com\/","name":"Amo","description":"","potentialAction":[{"@type":"SearchAction","target":{"@type":"EntryPoint","urlTemplate":"https:\/\/superprintpro.com\/?s={search_term_string}"},"query-input":{"@type":"PropertyValueSpecification","valueRequired":true,"valueName":"search_term_string"}}],"inLanguage":"pt-BR"}]}},"_links":{"self":[{"href":"https:\/\/superprintpro.com\/pt_br\/wp-json\/wp\/v2\/product\/30068","targetHints":{"allow":["GET"]}}],"collection":[{"href":"https:\/\/superprintpro.com\/pt_br\/wp-json\/wp\/v2\/product"}],"about":[{"href":"https:\/\/superprintpro.com\/pt_br\/wp-json\/wp\/v2\/types\/product"}],"replies":[{"embeddable":true,"href":"https:\/\/superprintpro.com\/pt_br\/wp-json\/wp\/v2\/comments?post=30068"}],"version-history":[{"count":1,"href":"https:\/\/superprintpro.com\/pt_br\/wp-json\/wp\/v2\/product\/30068\/revisions"}],"predecessor-version":[{"id":30070,"href":"https:\/\/superprintpro.com\/pt_br\/wp-json\/wp\/v2\/product\/30068\/revisions\/30070"}],"wp:featuredmedia":[{"embeddable":true,"href":"https:\/\/superprintpro.com\/pt_br\/wp-json\/wp\/v2\/media\/30069"}],"wp:attachment":[{"href":"https:\/\/superprintpro.com\/pt_br\/wp-json\/wp\/v2\/media?parent=30068"}],"wp:term":[{"taxonomy":"product_brand","embeddable":true,"href":"https:\/\/superprintpro.com\/pt_br\/wp-json\/wp\/v2\/product_brand?post=30068"},{"taxonomy":"product_cat","embeddable":true,"href":"https:\/\/superprintpro.com\/pt_br\/wp-json\/wp\/v2\/product_cat?post=30068"},{"taxonomy":"product_tag","embeddable":true,"href":"https:\/\/superprintpro.com\/pt_br\/wp-json\/wp\/v2\/product_tag?post=30068"}],"curies":[{"name":"wp","href":"https:\/\/api.w.org\/{rel}","templated":true}]}}