{"id":30059,"date":"2025-08-17T19:57:03","date_gmt":"2025-08-17T11:57:03","guid":{"rendered":"https:\/\/superprintpro.com\/?post_type=product&#038;p=30059"},"modified":"2025-08-17T19:57:03","modified_gmt":"2025-08-17T11:57:03","slug":"dtf-printer-am602xpdtf-with-2-epson-xp600-printhead","status":"publish","type":"product","link":"https:\/\/superprintpro.com\/pt_br\/product\/dtf-printer-am602xpdtf-with-2-epson-xp600-printhead\/","title":{"rendered":"Impressora DTF AM602XPDTF com 2 cabe\u00e7as de impress\u00e3o Epson xp600"},"content":{"rendered":"<p>Impressora a jato de tinta AMO DTF com sistema de p\u00f3<\/p>\n<p>Impressora DTF AM602XPDTF com 2 cabe\u00e7as de impress\u00e3o Epson xp600<\/p>\n<p>A impressora DTF \u00e9 amplamente utilizada na produ\u00e7\u00e3o de camisetas, bolsas de lona, moletons e travesseiros. Enquanto isso, ela \u00e9 adequada para o com\u00e9rcio eletr\u00f4nico e para os campos culturais e criativos personalizados, bem como para as vendas de empresas de vestu\u00e1rio, capaz de atender rapidamente a pequenos pedidos e satisfazer a demanda do mercado por personaliza\u00e7\u00e3o e resposta r\u00e1pida. \u00c9 um dispositivo de impress\u00e3o eficiente, conveniente e personalizado com uma ampla gama de perspectivas de aplica\u00e7\u00e3o e potencial de mercado.<\/p>\n<p>Par\u00e2metros da m\u00e1quina<br \/>\nInforma\u00e7\u00f5es do cabe\u00e7ote XP600-2H(W+C)\uff082 cabe\u00e7otes XP600, 1 cabe\u00e7ote para tinta branca, 1 cabe\u00e7ote para cores cmyk)<br \/>\nLargura de impress\u00e3o 600MM<br \/>\nSistema de placa de circuito HOSON(LAN)<br \/>\nVelocidade de impress\u00e3o:<br \/>\n3 passagens 17 m\u00b2\/h<br \/>\n4 passagens 14 m\u00b2\/h<br \/>\n6 passagens 8 m\u00b2\/h<br \/>\n8 passagens 6 m\u00b2\/h<br \/>\nInforma\u00e7\u00f5es sobre a impressora:<br \/>\nTens\u00e3o de trabalho AC220V 50\/60HZ<br \/>\nPot\u00eancia 2500W<br \/>\nambiente de trabalho<br \/>\nTemperatura normal de trabalho: 22-28 \u2103.<br \/>\nhumidity:40%-60%<br \/>\nTamanho da m\u00e1quina L1720MM W830MM H1600MM<br \/>\nDimens\u00f5es da embalagem 2000MM(L)810MM(W)640MM(H)<\/p>","protected":false},"excerpt":{"rendered":"<p>Para obter detalhes do produto e as \u00faltimas cota\u00e7\u00f5es, entre em contato com nosso gerente de vendas<\/p>","protected":false},"featured_media":30060,"comment_status":"open","ping_status":"closed","template":"","meta":[],"product_brand":[],"product_cat":[122],"product_tag":[],"class_list":{"0":"post-30059","1":"product","2":"type-product","3":"status-publish","4":"has-post-thumbnail","6":"product_cat-dtf-printer-dtf-printer","8":"first","9":"instock","10":"shipping-taxable","11":"purchasable","12":"product-type-simple"},"yoast_head":"<!-- This site is optimized with the Yoast SEO plugin v26.9 - https:\/\/yoast.com\/product\/yoast-seo-wordpress\/ -->\n<title>DTF Printer AM602XPDTF with 2 Epson xp600 printhead - Amo<\/title>\n<meta name=\"robots\" content=\"index, follow, max-snippet:-1, max-image-preview:large, max-video-preview:-1\" \/>\n<link rel=\"canonical\" href=\"https:\/\/superprintpro.com\/pt_br\/product\/dtf-printer-am602xpdtf-with-2-epson-xp600-printhead\/\" \/>\n<meta property=\"og:locale\" content=\"pt_BR\" \/>\n<meta property=\"og:type\" content=\"article\" \/>\n<meta property=\"og:title\" content=\"DTF Printer AM602XPDTF with 2 Epson xp600 printhead - Amo\" \/>\n<meta property=\"og:description\" content=\"For product details and the latest quotes, please contact our sales manager\" \/>\n<meta property=\"og:url\" content=\"https:\/\/superprintpro.com\/pt_br\/product\/dtf-printer-am602xpdtf-with-2-epson-xp600-printhead\/\" \/>\n<meta property=\"og:site_name\" content=\"Amo\" \/>\n<meta property=\"og:image\" content=\"https:\/\/superprintpro.com\/wp-content\/uploads\/2025\/08\/dtf-printer-am602xpdtf-with-2-epson-xp600-printhead.jpg\" \/>\n\t<meta property=\"og:image:width\" content=\"818\" \/>\n\t<meta property=\"og:image:height\" content=\"460\" \/>\n\t<meta property=\"og:image:type\" content=\"image\/jpeg\" \/>\n<meta name=\"twitter:card\" content=\"summary_large_image\" \/>\n<meta name=\"twitter:label1\" content=\"Est. tempo de leitura\" \/>\n\t<meta name=\"twitter:data1\" content=\"1 minuto\" \/>\n<script type=\"application\/ld+json\" class=\"yoast-schema-graph\">{\"@context\":\"https:\/\/schema.org\",\"@graph\":[{\"@type\":\"WebPage\",\"@id\":\"https:\/\/superprintpro.com\/product\/dtf-printer-am602xpdtf-with-2-epson-xp600-printhead\/\",\"url\":\"https:\/\/superprintpro.com\/product\/dtf-printer-am602xpdtf-with-2-epson-xp600-printhead\/\",\"name\":\"DTF Printer AM602XPDTF with 2 Epson xp600 printhead - Amo\",\"isPartOf\":{\"@id\":\"https:\/\/superprintpro.com\/#website\"},\"primaryImageOfPage\":{\"@id\":\"https:\/\/superprintpro.com\/product\/dtf-printer-am602xpdtf-with-2-epson-xp600-printhead\/#primaryimage\"},\"image\":{\"@id\":\"https:\/\/superprintpro.com\/product\/dtf-printer-am602xpdtf-with-2-epson-xp600-printhead\/#primaryimage\"},\"thumbnailUrl\":\"https:\/\/superprintpro.com\/wp-content\/uploads\/2025\/08\/dtf-printer-am602xpdtf-with-2-epson-xp600-printhead.jpg\",\"datePublished\":\"2025-08-17T11:57:03+00:00\",\"breadcrumb\":{\"@id\":\"https:\/\/superprintpro.com\/product\/dtf-printer-am602xpdtf-with-2-epson-xp600-printhead\/#breadcrumb\"},\"inLanguage\":\"pt-BR\",\"potentialAction\":[{\"@type\":\"ReadAction\",\"target\":[\"https:\/\/superprintpro.com\/product\/dtf-printer-am602xpdtf-with-2-epson-xp600-printhead\/\"]}]},{\"@type\":\"ImageObject\",\"inLanguage\":\"pt-BR\",\"@id\":\"https:\/\/superprintpro.com\/product\/dtf-printer-am602xpdtf-with-2-epson-xp600-printhead\/#primaryimage\",\"url\":\"https:\/\/superprintpro.com\/wp-content\/uploads\/2025\/08\/dtf-printer-am602xpdtf-with-2-epson-xp600-printhead.jpg\",\"contentUrl\":\"https:\/\/superprintpro.com\/wp-content\/uploads\/2025\/08\/dtf-printer-am602xpdtf-with-2-epson-xp600-printhead.jpg\",\"width\":818,\"height\":460,\"caption\":\"DTF Printer AM602XPDTF with 2 Epson xp600 printhead\"},{\"@type\":\"BreadcrumbList\",\"@id\":\"https:\/\/superprintpro.com\/product\/dtf-printer-am602xpdtf-with-2-epson-xp600-printhead\/#breadcrumb\",\"itemListElement\":[{\"@type\":\"ListItem\",\"position\":1,\"name\":\"\u9996\u9875\",\"item\":\"https:\/\/superprintpro.com\/\"},{\"@type\":\"ListItem\",\"position\":2,\"name\":\"Shop\",\"item\":\"https:\/\/superprintpro.com\/shop\/\"},{\"@type\":\"ListItem\",\"position\":3,\"name\":\"DTF Printer AM602XPDTF with 2 Epson xp600 printhead\"}]},{\"@type\":\"WebSite\",\"@id\":\"https:\/\/superprintpro.com\/#website\",\"url\":\"https:\/\/superprintpro.com\/\",\"name\":\"Amo\",\"description\":\"\",\"potentialAction\":[{\"@type\":\"SearchAction\",\"target\":{\"@type\":\"EntryPoint\",\"urlTemplate\":\"https:\/\/superprintpro.com\/?s={search_term_string}\"},\"query-input\":{\"@type\":\"PropertyValueSpecification\",\"valueRequired\":true,\"valueName\":\"search_term_string\"}}],\"inLanguage\":\"pt-BR\"}]}<\/script>\n<!-- \/ Yoast SEO plugin. -->","yoast_head_json":{"title":"Impressora DTF AM602XPDTF com 2 cabe\u00e7as de impress\u00e3o Epson xp600 - Amo","robots":{"index":"index","follow":"follow","max-snippet":"max-snippet:-1","max-image-preview":"max-image-preview:large","max-video-preview":"max-video-preview:-1"},"canonical":"https:\/\/superprintpro.com\/pt_br\/product\/dtf-printer-am602xpdtf-with-2-epson-xp600-printhead\/","og_locale":"pt_BR","og_type":"article","og_title":"DTF Printer AM602XPDTF with 2 Epson xp600 printhead - Amo","og_description":"For product details and the latest quotes, please contact our sales manager","og_url":"https:\/\/superprintpro.com\/pt_br\/product\/dtf-printer-am602xpdtf-with-2-epson-xp600-printhead\/","og_site_name":"Amo","og_image":[{"width":818,"height":460,"url":"https:\/\/superprintpro.com\/wp-content\/uploads\/2025\/08\/dtf-printer-am602xpdtf-with-2-epson-xp600-printhead.jpg","type":"image\/jpeg"}],"twitter_card":"summary_large_image","twitter_misc":{"Est. tempo de leitura":"1 minuto"},"schema":{"@context":"https:\/\/schema.org","@graph":[{"@type":"WebPage","@id":"https:\/\/superprintpro.com\/product\/dtf-printer-am602xpdtf-with-2-epson-xp600-printhead\/","url":"https:\/\/superprintpro.com\/product\/dtf-printer-am602xpdtf-with-2-epson-xp600-printhead\/","name":"Impressora DTF AM602XPDTF com 2 cabe\u00e7as de impress\u00e3o Epson xp600 - Amo","isPartOf":{"@id":"https:\/\/superprintpro.com\/#website"},"primaryImageOfPage":{"@id":"https:\/\/superprintpro.com\/product\/dtf-printer-am602xpdtf-with-2-epson-xp600-printhead\/#primaryimage"},"image":{"@id":"https:\/\/superprintpro.com\/product\/dtf-printer-am602xpdtf-with-2-epson-xp600-printhead\/#primaryimage"},"thumbnailUrl":"https:\/\/superprintpro.com\/wp-content\/uploads\/2025\/08\/dtf-printer-am602xpdtf-with-2-epson-xp600-printhead.jpg","datePublished":"2025-08-17T11:57:03+00:00","breadcrumb":{"@id":"https:\/\/superprintpro.com\/product\/dtf-printer-am602xpdtf-with-2-epson-xp600-printhead\/#breadcrumb"},"inLanguage":"pt-BR","potentialAction":[{"@type":"ReadAction","target":["https:\/\/superprintpro.com\/product\/dtf-printer-am602xpdtf-with-2-epson-xp600-printhead\/"]}]},{"@type":"ImageObject","inLanguage":"pt-BR","@id":"https:\/\/superprintpro.com\/product\/dtf-printer-am602xpdtf-with-2-epson-xp600-printhead\/#primaryimage","url":"https:\/\/superprintpro.com\/wp-content\/uploads\/2025\/08\/dtf-printer-am602xpdtf-with-2-epson-xp600-printhead.jpg","contentUrl":"https:\/\/superprintpro.com\/wp-content\/uploads\/2025\/08\/dtf-printer-am602xpdtf-with-2-epson-xp600-printhead.jpg","width":818,"height":460,"caption":"DTF Printer AM602XPDTF with 2 Epson xp600 printhead"},{"@type":"BreadcrumbList","@id":"https:\/\/superprintpro.com\/product\/dtf-printer-am602xpdtf-with-2-epson-xp600-printhead\/#breadcrumb","itemListElement":[{"@type":"ListItem","position":1,"name":"\u9996\u9875","item":"https:\/\/superprintpro.com\/"},{"@type":"ListItem","position":2,"name":"Shop","item":"https:\/\/superprintpro.com\/shop\/"},{"@type":"ListItem","position":3,"name":"DTF Printer AM602XPDTF with 2 Epson xp600 printhead"}]},{"@type":"WebSite","@id":"https:\/\/superprintpro.com\/#website","url":"https:\/\/superprintpro.com\/","name":"Amo","description":"","potentialAction":[{"@type":"SearchAction","target":{"@type":"EntryPoint","urlTemplate":"https:\/\/superprintpro.com\/?s={search_term_string}"},"query-input":{"@type":"PropertyValueSpecification","valueRequired":true,"valueName":"search_term_string"}}],"inLanguage":"pt-BR"}]}},"_links":{"self":[{"href":"https:\/\/superprintpro.com\/pt_br\/wp-json\/wp\/v2\/product\/30059","targetHints":{"allow":["GET"]}}],"collection":[{"href":"https:\/\/superprintpro.com\/pt_br\/wp-json\/wp\/v2\/product"}],"about":[{"href":"https:\/\/superprintpro.com\/pt_br\/wp-json\/wp\/v2\/types\/product"}],"replies":[{"embeddable":true,"href":"https:\/\/superprintpro.com\/pt_br\/wp-json\/wp\/v2\/comments?post=30059"}],"version-history":[{"count":1,"href":"https:\/\/superprintpro.com\/pt_br\/wp-json\/wp\/v2\/product\/30059\/revisions"}],"predecessor-version":[{"id":30061,"href":"https:\/\/superprintpro.com\/pt_br\/wp-json\/wp\/v2\/product\/30059\/revisions\/30061"}],"wp:featuredmedia":[{"embeddable":true,"href":"https:\/\/superprintpro.com\/pt_br\/wp-json\/wp\/v2\/media\/30060"}],"wp:attachment":[{"href":"https:\/\/superprintpro.com\/pt_br\/wp-json\/wp\/v2\/media?parent=30059"}],"wp:term":[{"taxonomy":"product_brand","embeddable":true,"href":"https:\/\/superprintpro.com\/pt_br\/wp-json\/wp\/v2\/product_brand?post=30059"},{"taxonomy":"product_cat","embeddable":true,"href":"https:\/\/superprintpro.com\/pt_br\/wp-json\/wp\/v2\/product_cat?post=30059"},{"taxonomy":"product_tag","embeddable":true,"href":"https:\/\/superprintpro.com\/pt_br\/wp-json\/wp\/v2\/product_tag?post=30059"}],"curies":[{"name":"wp","href":"https:\/\/api.w.org\/{rel}","templated":true}]}}