{"id":29981,"date":"2025-08-13T18:01:21","date_gmt":"2025-08-13T10:01:21","guid":{"rendered":"https:\/\/superprintpro.com\/?post_type=product&#038;p=29981"},"modified":"2025-08-13T18:01:21","modified_gmt":"2025-08-13T10:01:21","slug":"seiko-spt510-35pl-printhead","status":"publish","type":"product","link":"https:\/\/superprintpro.com\/pt_br\/product\/seiko-spt510-35pl-printhead\/","title":{"rendered":"Cabe\u00e7a de impress\u00e3o Seiko SPT510 35PL"},"content":{"rendered":"<ul>\n<li>Nome do modelo da cabe\u00e7a de impress\u00e3o: Seiko SPT510 35PL RH1513D-3322<\/li>\n<li>Aplica\u00e7\u00e3o: funciona para todas as impressoras chinesas, como a Sid triton Gongzheng ZHONGYE:ZY3200,ZY2500,ZY1800,ZY5300,ZY-UVB,ZY-UVC,ZY-UVA (ZY-SK3206,SK3204,SK3208,SK3212,SK2504,SK2506,SK2508,SK2512 etc.), com cabe\u00e7otes spt510\/35PL<br \/>\nS\u00e9rie Infiniti\/Challenger\/Pheaton: FY-3208R ,FY-3208H,FY-3208HA,FY-3206HF,UD3208 UD3206 etc<br \/>\nCrystaljet 3000, Crystaljet 4000, Crystaljet 5000, Crystaljet 6000, Crystaljet 9000, Crystaljet UV, Iconteck, Meitu, Wer, etc.<\/li>\n<li>Tinta compat\u00edvel para esse cabe\u00e7ote: Tinta solvente, tinta UV<\/li>\n<\/ul>","protected":false},"excerpt":{"rendered":"<p>Para obter detalhes do produto e as \u00faltimas cota\u00e7\u00f5es, entre em contato com nosso gerente de vendas<\/p>","protected":false},"featured_media":29983,"comment_status":"open","ping_status":"closed","template":"","meta":[],"product_brand":[],"product_cat":[98],"product_tag":[],"class_list":{"0":"post-29981","1":"product","2":"type-product","3":"status-publish","4":"has-post-thumbnail","6":"product_cat-seiko-printheads","8":"first","9":"instock","10":"shipping-taxable","11":"purchasable","12":"product-type-simple"},"yoast_head":"<!-- This site is optimized with the Yoast SEO plugin v26.9 - https:\/\/yoast.com\/product\/yoast-seo-wordpress\/ -->\n<title>Seiko SPT510 35PL Printhead - Amo<\/title>\n<meta name=\"robots\" content=\"index, follow, max-snippet:-1, max-image-preview:large, max-video-preview:-1\" \/>\n<link rel=\"canonical\" href=\"https:\/\/superprintpro.com\/pt_br\/product\/seiko-spt510-35pl-printhead\/\" \/>\n<meta property=\"og:locale\" content=\"pt_BR\" \/>\n<meta property=\"og:type\" content=\"article\" \/>\n<meta property=\"og:title\" content=\"Seiko SPT510 35PL Printhead - Amo\" \/>\n<meta property=\"og:description\" content=\"For product details and the latest quotes, please contact our sales manager\" \/>\n<meta property=\"og:url\" content=\"https:\/\/superprintpro.com\/pt_br\/product\/seiko-spt510-35pl-printhead\/\" \/>\n<meta property=\"og:site_name\" content=\"Amo\" \/>\n<meta property=\"og:image\" content=\"https:\/\/superprintpro.com\/wp-content\/uploads\/2025\/08\/seiko-spt510-35pl-printhead-1.jpg\" \/>\n\t<meta property=\"og:image:width\" content=\"500\" \/>\n\t<meta property=\"og:image:height\" content=\"500\" \/>\n\t<meta property=\"og:image:type\" content=\"image\/jpeg\" \/>\n<meta name=\"twitter:card\" content=\"summary_large_image\" \/>\n<script type=\"application\/ld+json\" class=\"yoast-schema-graph\">{\"@context\":\"https:\/\/schema.org\",\"@graph\":[{\"@type\":\"WebPage\",\"@id\":\"https:\/\/superprintpro.com\/product\/seiko-spt510-35pl-printhead\/\",\"url\":\"https:\/\/superprintpro.com\/product\/seiko-spt510-35pl-printhead\/\",\"name\":\"Seiko SPT510 35PL Printhead - Amo\",\"isPartOf\":{\"@id\":\"https:\/\/superprintpro.com\/#website\"},\"primaryImageOfPage\":{\"@id\":\"https:\/\/superprintpro.com\/product\/seiko-spt510-35pl-printhead\/#primaryimage\"},\"image\":{\"@id\":\"https:\/\/superprintpro.com\/product\/seiko-spt510-35pl-printhead\/#primaryimage\"},\"thumbnailUrl\":\"https:\/\/superprintpro.com\/wp-content\/uploads\/2025\/08\/seiko-spt510-35pl-printhead-1.jpg\",\"datePublished\":\"2025-08-13T10:01:21+00:00\",\"breadcrumb\":{\"@id\":\"https:\/\/superprintpro.com\/product\/seiko-spt510-35pl-printhead\/#breadcrumb\"},\"inLanguage\":\"pt-BR\",\"potentialAction\":[{\"@type\":\"ReadAction\",\"target\":[\"https:\/\/superprintpro.com\/product\/seiko-spt510-35pl-printhead\/\"]}]},{\"@type\":\"ImageObject\",\"inLanguage\":\"pt-BR\",\"@id\":\"https:\/\/superprintpro.com\/product\/seiko-spt510-35pl-printhead\/#primaryimage\",\"url\":\"https:\/\/superprintpro.com\/wp-content\/uploads\/2025\/08\/seiko-spt510-35pl-printhead-1.jpg\",\"contentUrl\":\"https:\/\/superprintpro.com\/wp-content\/uploads\/2025\/08\/seiko-spt510-35pl-printhead-1.jpg\",\"width\":500,\"height\":500,\"caption\":\"Seiko SPT510 35PL Printhead\"},{\"@type\":\"BreadcrumbList\",\"@id\":\"https:\/\/superprintpro.com\/product\/seiko-spt510-35pl-printhead\/#breadcrumb\",\"itemListElement\":[{\"@type\":\"ListItem\",\"position\":1,\"name\":\"\u9996\u9875\",\"item\":\"https:\/\/superprintpro.com\/\"},{\"@type\":\"ListItem\",\"position\":2,\"name\":\"Shop\",\"item\":\"https:\/\/superprintpro.com\/shop\/\"},{\"@type\":\"ListItem\",\"position\":3,\"name\":\"Seiko SPT510 35PL Printhead\"}]},{\"@type\":\"WebSite\",\"@id\":\"https:\/\/superprintpro.com\/#website\",\"url\":\"https:\/\/superprintpro.com\/\",\"name\":\"Amo\",\"description\":\"\",\"potentialAction\":[{\"@type\":\"SearchAction\",\"target\":{\"@type\":\"EntryPoint\",\"urlTemplate\":\"https:\/\/superprintpro.com\/?s={search_term_string}\"},\"query-input\":{\"@type\":\"PropertyValueSpecification\",\"valueRequired\":true,\"valueName\":\"search_term_string\"}}],\"inLanguage\":\"pt-BR\"}]}<\/script>\n<!-- \/ Yoast SEO plugin. -->","yoast_head_json":{"title":"Cabe\u00e7a de impress\u00e3o Seiko SPT510 35PL - Amo","robots":{"index":"index","follow":"follow","max-snippet":"max-snippet:-1","max-image-preview":"max-image-preview:large","max-video-preview":"max-video-preview:-1"},"canonical":"https:\/\/superprintpro.com\/pt_br\/product\/seiko-spt510-35pl-printhead\/","og_locale":"pt_BR","og_type":"article","og_title":"Seiko SPT510 35PL Printhead - Amo","og_description":"For product details and the latest quotes, please contact our sales manager","og_url":"https:\/\/superprintpro.com\/pt_br\/product\/seiko-spt510-35pl-printhead\/","og_site_name":"Amo","og_image":[{"width":500,"height":500,"url":"https:\/\/superprintpro.com\/wp-content\/uploads\/2025\/08\/seiko-spt510-35pl-printhead-1.jpg","type":"image\/jpeg"}],"twitter_card":"summary_large_image","schema":{"@context":"https:\/\/schema.org","@graph":[{"@type":"WebPage","@id":"https:\/\/superprintpro.com\/product\/seiko-spt510-35pl-printhead\/","url":"https:\/\/superprintpro.com\/product\/seiko-spt510-35pl-printhead\/","name":"Cabe\u00e7a de impress\u00e3o Seiko SPT510 35PL - Amo","isPartOf":{"@id":"https:\/\/superprintpro.com\/#website"},"primaryImageOfPage":{"@id":"https:\/\/superprintpro.com\/product\/seiko-spt510-35pl-printhead\/#primaryimage"},"image":{"@id":"https:\/\/superprintpro.com\/product\/seiko-spt510-35pl-printhead\/#primaryimage"},"thumbnailUrl":"https:\/\/superprintpro.com\/wp-content\/uploads\/2025\/08\/seiko-spt510-35pl-printhead-1.jpg","datePublished":"2025-08-13T10:01:21+00:00","breadcrumb":{"@id":"https:\/\/superprintpro.com\/product\/seiko-spt510-35pl-printhead\/#breadcrumb"},"inLanguage":"pt-BR","potentialAction":[{"@type":"ReadAction","target":["https:\/\/superprintpro.com\/product\/seiko-spt510-35pl-printhead\/"]}]},{"@type":"ImageObject","inLanguage":"pt-BR","@id":"https:\/\/superprintpro.com\/product\/seiko-spt510-35pl-printhead\/#primaryimage","url":"https:\/\/superprintpro.com\/wp-content\/uploads\/2025\/08\/seiko-spt510-35pl-printhead-1.jpg","contentUrl":"https:\/\/superprintpro.com\/wp-content\/uploads\/2025\/08\/seiko-spt510-35pl-printhead-1.jpg","width":500,"height":500,"caption":"Seiko SPT510 35PL Printhead"},{"@type":"BreadcrumbList","@id":"https:\/\/superprintpro.com\/product\/seiko-spt510-35pl-printhead\/#breadcrumb","itemListElement":[{"@type":"ListItem","position":1,"name":"\u9996\u9875","item":"https:\/\/superprintpro.com\/"},{"@type":"ListItem","position":2,"name":"Shop","item":"https:\/\/superprintpro.com\/shop\/"},{"@type":"ListItem","position":3,"name":"Seiko SPT510 35PL Printhead"}]},{"@type":"WebSite","@id":"https:\/\/superprintpro.com\/#website","url":"https:\/\/superprintpro.com\/","name":"Amo","description":"","potentialAction":[{"@type":"SearchAction","target":{"@type":"EntryPoint","urlTemplate":"https:\/\/superprintpro.com\/?s={search_term_string}"},"query-input":{"@type":"PropertyValueSpecification","valueRequired":true,"valueName":"search_term_string"}}],"inLanguage":"pt-BR"}]}},"_links":{"self":[{"href":"https:\/\/superprintpro.com\/pt_br\/wp-json\/wp\/v2\/product\/29981","targetHints":{"allow":["GET"]}}],"collection":[{"href":"https:\/\/superprintpro.com\/pt_br\/wp-json\/wp\/v2\/product"}],"about":[{"href":"https:\/\/superprintpro.com\/pt_br\/wp-json\/wp\/v2\/types\/product"}],"replies":[{"embeddable":true,"href":"https:\/\/superprintpro.com\/pt_br\/wp-json\/wp\/v2\/comments?post=29981"}],"version-history":[{"count":1,"href":"https:\/\/superprintpro.com\/pt_br\/wp-json\/wp\/v2\/product\/29981\/revisions"}],"predecessor-version":[{"id":29984,"href":"https:\/\/superprintpro.com\/pt_br\/wp-json\/wp\/v2\/product\/29981\/revisions\/29984"}],"wp:featuredmedia":[{"embeddable":true,"href":"https:\/\/superprintpro.com\/pt_br\/wp-json\/wp\/v2\/media\/29983"}],"wp:attachment":[{"href":"https:\/\/superprintpro.com\/pt_br\/wp-json\/wp\/v2\/media?parent=29981"}],"wp:term":[{"taxonomy":"product_brand","embeddable":true,"href":"https:\/\/superprintpro.com\/pt_br\/wp-json\/wp\/v2\/product_brand?post=29981"},{"taxonomy":"product_cat","embeddable":true,"href":"https:\/\/superprintpro.com\/pt_br\/wp-json\/wp\/v2\/product_cat?post=29981"},{"taxonomy":"product_tag","embeddable":true,"href":"https:\/\/superprintpro.com\/pt_br\/wp-json\/wp\/v2\/product_tag?post=29981"}],"curies":[{"name":"wp","href":"https:\/\/api.w.org\/{rel}","templated":true}]}}