{"id":29740,"date":"2025-08-13T10:22:43","date_gmt":"2025-08-13T02:22:43","guid":{"rendered":"https:\/\/superprintpro.com\/?post_type=product&#038;p=29740"},"modified":"2025-08-13T10:22:43","modified_gmt":"2025-08-13T02:22:43","slug":"mimaki-jfx500-2131-gen5-uv-printhead-part-number-m022626","status":"publish","type":"product","link":"https:\/\/superprintpro.com\/pt_br\/product\/mimaki-jfx500-2131-gen5-uv-printhead-part-number-m022626\/","title":{"rendered":"Cabe\u00e7a de impress\u00e3o UV Mimaki JFX500-2131 GEN5 N\u00famero de pe\u00e7a M022626"},"content":{"rendered":"<ul>\n<li>Nome do modelo do cabe\u00e7ote de impress\u00e3o: Mimaki JFX500-2131 GEN5 Cabe\u00e7ote de impress\u00e3o UV N\u00famero de pe\u00e7a M022626<br \/>\nN\u00famero da pe\u00e7a:    M022626<\/li>\n<li>Aplica\u00e7\u00e3o de impressoras a jato de tinta:<br \/>\nMimaki JFX500-2131, UJV500-160,SIJ320<\/li>\n<li>Descri\u00e7\u00e3o:<br \/>\nCabe\u00e7a de impress\u00e3o original da Mimaki JFX500-2131 , UJV500-160 SIJ320<\/li>\n<\/ul>","protected":false},"excerpt":{"rendered":"<p>Para obter detalhes do produto e as \u00faltimas cota\u00e7\u00f5es, entre em contato com nosso gerente de vendas<\/p>\n<p>&nbsp;<\/p>","protected":false},"featured_media":29744,"comment_status":"open","ping_status":"closed","template":"","meta":[],"product_brand":[],"product_cat":[93],"product_tag":[],"class_list":{"0":"post-29740","1":"product","2":"type-product","3":"status-publish","4":"has-post-thumbnail","6":"product_cat-mimaki-printheads","8":"first","9":"instock","10":"shipping-taxable","11":"purchasable","12":"product-type-simple"},"yoast_head":"<!-- This site is optimized with the Yoast SEO plugin v26.9 - https:\/\/yoast.com\/product\/yoast-seo-wordpress\/ -->\n<title>Mimaki JFX500-2131 GEN5 UV Printhead Part Number M022626 - Amo<\/title>\n<meta name=\"robots\" content=\"index, follow, max-snippet:-1, max-image-preview:large, max-video-preview:-1\" \/>\n<link rel=\"canonical\" href=\"https:\/\/superprintpro.com\/pt_br\/product\/mimaki-jfx500-2131-gen5-uv-printhead-part-number-m022626\/\" \/>\n<meta property=\"og:locale\" content=\"pt_BR\" \/>\n<meta property=\"og:type\" content=\"article\" \/>\n<meta property=\"og:title\" content=\"Mimaki JFX500-2131 GEN5 UV Printhead Part Number M022626 - Amo\" \/>\n<meta property=\"og:description\" content=\"For product details and the latest quotes, please contact our sales manager  &nbsp;\" \/>\n<meta property=\"og:url\" content=\"https:\/\/superprintpro.com\/pt_br\/product\/mimaki-jfx500-2131-gen5-uv-printhead-part-number-m022626\/\" \/>\n<meta property=\"og:site_name\" content=\"Amo\" \/>\n<meta property=\"og:image\" content=\"https:\/\/superprintpro.com\/wp-content\/uploads\/2025\/08\/mimaki-jfx500-2131-gen5-uv-printhead-1.jpg\" \/>\n\t<meta property=\"og:image:width\" content=\"500\" \/>\n\t<meta property=\"og:image:height\" content=\"500\" \/>\n\t<meta property=\"og:image:type\" content=\"image\/jpeg\" \/>\n<meta name=\"twitter:card\" content=\"summary_large_image\" \/>\n<script type=\"application\/ld+json\" class=\"yoast-schema-graph\">{\"@context\":\"https:\/\/schema.org\",\"@graph\":[{\"@type\":\"WebPage\",\"@id\":\"https:\/\/superprintpro.com\/product\/mimaki-jfx500-2131-gen5-uv-printhead-part-number-m022626\/\",\"url\":\"https:\/\/superprintpro.com\/product\/mimaki-jfx500-2131-gen5-uv-printhead-part-number-m022626\/\",\"name\":\"Mimaki JFX500-2131 GEN5 UV Printhead Part Number M022626 - Amo\",\"isPartOf\":{\"@id\":\"https:\/\/superprintpro.com\/#website\"},\"primaryImageOfPage\":{\"@id\":\"https:\/\/superprintpro.com\/product\/mimaki-jfx500-2131-gen5-uv-printhead-part-number-m022626\/#primaryimage\"},\"image\":{\"@id\":\"https:\/\/superprintpro.com\/product\/mimaki-jfx500-2131-gen5-uv-printhead-part-number-m022626\/#primaryimage\"},\"thumbnailUrl\":\"https:\/\/superprintpro.com\/wp-content\/uploads\/2025\/08\/mimaki-jfx500-2131-gen5-uv-printhead-1.jpg\",\"datePublished\":\"2025-08-13T02:22:43+00:00\",\"breadcrumb\":{\"@id\":\"https:\/\/superprintpro.com\/product\/mimaki-jfx500-2131-gen5-uv-printhead-part-number-m022626\/#breadcrumb\"},\"inLanguage\":\"pt-BR\",\"potentialAction\":[{\"@type\":\"ReadAction\",\"target\":[\"https:\/\/superprintpro.com\/product\/mimaki-jfx500-2131-gen5-uv-printhead-part-number-m022626\/\"]}]},{\"@type\":\"ImageObject\",\"inLanguage\":\"pt-BR\",\"@id\":\"https:\/\/superprintpro.com\/product\/mimaki-jfx500-2131-gen5-uv-printhead-part-number-m022626\/#primaryimage\",\"url\":\"https:\/\/superprintpro.com\/wp-content\/uploads\/2025\/08\/mimaki-jfx500-2131-gen5-uv-printhead-1.jpg\",\"contentUrl\":\"https:\/\/superprintpro.com\/wp-content\/uploads\/2025\/08\/mimaki-jfx500-2131-gen5-uv-printhead-1.jpg\",\"width\":500,\"height\":500,\"caption\":\"Mimaki JFX500-2131 GEN5 UV Printhead Part Number M022626\"},{\"@type\":\"BreadcrumbList\",\"@id\":\"https:\/\/superprintpro.com\/product\/mimaki-jfx500-2131-gen5-uv-printhead-part-number-m022626\/#breadcrumb\",\"itemListElement\":[{\"@type\":\"ListItem\",\"position\":1,\"name\":\"\u9996\u9875\",\"item\":\"https:\/\/superprintpro.com\/\"},{\"@type\":\"ListItem\",\"position\":2,\"name\":\"Shop\",\"item\":\"https:\/\/superprintpro.com\/shop\/\"},{\"@type\":\"ListItem\",\"position\":3,\"name\":\"Mimaki JFX500-2131 GEN5 UV Printhead Part Number M022626\"}]},{\"@type\":\"WebSite\",\"@id\":\"https:\/\/superprintpro.com\/#website\",\"url\":\"https:\/\/superprintpro.com\/\",\"name\":\"Amo\",\"description\":\"\",\"potentialAction\":[{\"@type\":\"SearchAction\",\"target\":{\"@type\":\"EntryPoint\",\"urlTemplate\":\"https:\/\/superprintpro.com\/?s={search_term_string}\"},\"query-input\":{\"@type\":\"PropertyValueSpecification\",\"valueRequired\":true,\"valueName\":\"search_term_string\"}}],\"inLanguage\":\"pt-BR\"}]}<\/script>\n<!-- \/ Yoast SEO plugin. -->","yoast_head_json":{"title":"Cabe\u00e7a de impress\u00e3o UV Mimaki JFX500-2131 GEN5 N\u00famero de pe\u00e7a M022626 - Amo","robots":{"index":"index","follow":"follow","max-snippet":"max-snippet:-1","max-image-preview":"max-image-preview:large","max-video-preview":"max-video-preview:-1"},"canonical":"https:\/\/superprintpro.com\/pt_br\/product\/mimaki-jfx500-2131-gen5-uv-printhead-part-number-m022626\/","og_locale":"pt_BR","og_type":"article","og_title":"Mimaki JFX500-2131 GEN5 UV Printhead Part Number M022626 - Amo","og_description":"For product details and the latest quotes, please contact our sales manager  &nbsp;","og_url":"https:\/\/superprintpro.com\/pt_br\/product\/mimaki-jfx500-2131-gen5-uv-printhead-part-number-m022626\/","og_site_name":"Amo","og_image":[{"width":500,"height":500,"url":"https:\/\/superprintpro.com\/wp-content\/uploads\/2025\/08\/mimaki-jfx500-2131-gen5-uv-printhead-1.jpg","type":"image\/jpeg"}],"twitter_card":"summary_large_image","schema":{"@context":"https:\/\/schema.org","@graph":[{"@type":"WebPage","@id":"https:\/\/superprintpro.com\/product\/mimaki-jfx500-2131-gen5-uv-printhead-part-number-m022626\/","url":"https:\/\/superprintpro.com\/product\/mimaki-jfx500-2131-gen5-uv-printhead-part-number-m022626\/","name":"Cabe\u00e7a de impress\u00e3o UV Mimaki JFX500-2131 GEN5 N\u00famero de pe\u00e7a M022626 - Amo","isPartOf":{"@id":"https:\/\/superprintpro.com\/#website"},"primaryImageOfPage":{"@id":"https:\/\/superprintpro.com\/product\/mimaki-jfx500-2131-gen5-uv-printhead-part-number-m022626\/#primaryimage"},"image":{"@id":"https:\/\/superprintpro.com\/product\/mimaki-jfx500-2131-gen5-uv-printhead-part-number-m022626\/#primaryimage"},"thumbnailUrl":"https:\/\/superprintpro.com\/wp-content\/uploads\/2025\/08\/mimaki-jfx500-2131-gen5-uv-printhead-1.jpg","datePublished":"2025-08-13T02:22:43+00:00","breadcrumb":{"@id":"https:\/\/superprintpro.com\/product\/mimaki-jfx500-2131-gen5-uv-printhead-part-number-m022626\/#breadcrumb"},"inLanguage":"pt-BR","potentialAction":[{"@type":"ReadAction","target":["https:\/\/superprintpro.com\/product\/mimaki-jfx500-2131-gen5-uv-printhead-part-number-m022626\/"]}]},{"@type":"ImageObject","inLanguage":"pt-BR","@id":"https:\/\/superprintpro.com\/product\/mimaki-jfx500-2131-gen5-uv-printhead-part-number-m022626\/#primaryimage","url":"https:\/\/superprintpro.com\/wp-content\/uploads\/2025\/08\/mimaki-jfx500-2131-gen5-uv-printhead-1.jpg","contentUrl":"https:\/\/superprintpro.com\/wp-content\/uploads\/2025\/08\/mimaki-jfx500-2131-gen5-uv-printhead-1.jpg","width":500,"height":500,"caption":"Mimaki JFX500-2131 GEN5 UV Printhead Part Number M022626"},{"@type":"BreadcrumbList","@id":"https:\/\/superprintpro.com\/product\/mimaki-jfx500-2131-gen5-uv-printhead-part-number-m022626\/#breadcrumb","itemListElement":[{"@type":"ListItem","position":1,"name":"\u9996\u9875","item":"https:\/\/superprintpro.com\/"},{"@type":"ListItem","position":2,"name":"Shop","item":"https:\/\/superprintpro.com\/shop\/"},{"@type":"ListItem","position":3,"name":"Mimaki JFX500-2131 GEN5 UV Printhead Part Number M022626"}]},{"@type":"WebSite","@id":"https:\/\/superprintpro.com\/#website","url":"https:\/\/superprintpro.com\/","name":"Amo","description":"","potentialAction":[{"@type":"SearchAction","target":{"@type":"EntryPoint","urlTemplate":"https:\/\/superprintpro.com\/?s={search_term_string}"},"query-input":{"@type":"PropertyValueSpecification","valueRequired":true,"valueName":"search_term_string"}}],"inLanguage":"pt-BR"}]}},"_links":{"self":[{"href":"https:\/\/superprintpro.com\/pt_br\/wp-json\/wp\/v2\/product\/29740","targetHints":{"allow":["GET"]}}],"collection":[{"href":"https:\/\/superprintpro.com\/pt_br\/wp-json\/wp\/v2\/product"}],"about":[{"href":"https:\/\/superprintpro.com\/pt_br\/wp-json\/wp\/v2\/types\/product"}],"replies":[{"embeddable":true,"href":"https:\/\/superprintpro.com\/pt_br\/wp-json\/wp\/v2\/comments?post=29740"}],"version-history":[{"count":1,"href":"https:\/\/superprintpro.com\/pt_br\/wp-json\/wp\/v2\/product\/29740\/revisions"}],"predecessor-version":[{"id":29745,"href":"https:\/\/superprintpro.com\/pt_br\/wp-json\/wp\/v2\/product\/29740\/revisions\/29745"}],"wp:featuredmedia":[{"embeddable":true,"href":"https:\/\/superprintpro.com\/pt_br\/wp-json\/wp\/v2\/media\/29744"}],"wp:attachment":[{"href":"https:\/\/superprintpro.com\/pt_br\/wp-json\/wp\/v2\/media?parent=29740"}],"wp:term":[{"taxonomy":"product_brand","embeddable":true,"href":"https:\/\/superprintpro.com\/pt_br\/wp-json\/wp\/v2\/product_brand?post=29740"},{"taxonomy":"product_cat","embeddable":true,"href":"https:\/\/superprintpro.com\/pt_br\/wp-json\/wp\/v2\/product_cat?post=29740"},{"taxonomy":"product_tag","embeddable":true,"href":"https:\/\/superprintpro.com\/pt_br\/wp-json\/wp\/v2\/product_tag?post=29740"}],"curies":[{"name":"wp","href":"https:\/\/api.w.org\/{rel}","templated":true}]}}