{"id":29489,"date":"2025-08-10T07:21:37","date_gmt":"2025-08-10T07:21:37","guid":{"rendered":"https:\/\/superprintpro.com\/?post_type=product&#038;p=29489"},"modified":"2025-08-12T10:09:18","modified_gmt":"2025-08-12T10:09:18","slug":"dx5-epson-f1440-a1-printhead-for-chinese-printers","status":"publish","type":"product","link":"https:\/\/superprintpro.com\/pt_br\/product\/dx5-epson-f1440-a1-printhead-for-chinese-printers\/","title":{"rendered":"Cabe\u00e7a de impress\u00e3o DX5 (Epson F1440-A1) para impressoras chinesas"},"content":{"rendered":"<ul>\n<li>Nome do modelo da cabe\u00e7a de impress\u00e3o: DX5, o cabe\u00e7ote de impress\u00e3o Epson F186000, o modelo atual \u00e9 F1440-A1, este \u00e9 o cabe\u00e7ote de impress\u00e3o DX5 n\u00e3o bloqueado, funciona para todas as impressoras chinesas como Galaxy (sid triton), Witcolor, Thunderjet, Gongzheng, Allwin, Myjet, Zhongye, Locor (lecai), Britomatics (kingfisher), Xuli, YONGLI, Micolor, Xenons, Human (ejet), Skycolor, Astarjet, SmartColor etc.<\/li>\n<li>Tinta compat\u00edvel para este cabe\u00e7ote: Tinta eco-solvente, tinta UV, tinta \u00e0 base de \u00e1gua, tinta para sublima\u00e7\u00e3o, tinta UV, tinta DTF.<\/li>\n<\/ul>","protected":false},"excerpt":{"rendered":"<p>Para obter detalhes sobre os produtos e os pre\u00e7os mais recentes, entre em contato com nosso gerente de vendas<\/p>","protected":false},"featured_media":29669,"comment_status":"open","ping_status":"closed","template":"","meta":[],"product_brand":[],"product_cat":[91],"product_tag":[],"class_list":{"0":"post-29489","1":"product","2":"type-product","3":"status-publish","4":"has-post-thumbnail","6":"product_cat-epson-printheads","8":"first","9":"instock","10":"shipping-taxable","11":"purchasable","12":"product-type-simple"},"yoast_head":"<!-- This site is optimized with the Yoast SEO plugin v26.9 - https:\/\/yoast.com\/product\/yoast-seo-wordpress\/ -->\n<title>DX5 ( Epson F1440-A1) Printhead for Chinese Printers - Amo<\/title>\n<meta name=\"robots\" content=\"index, follow, max-snippet:-1, max-image-preview:large, max-video-preview:-1\" \/>\n<link rel=\"canonical\" href=\"https:\/\/superprintpro.com\/pt_br\/product\/dx5-epson-f1440-a1-printhead-for-chinese-printers\/\" \/>\n<meta property=\"og:locale\" content=\"pt_BR\" \/>\n<meta property=\"og:type\" content=\"article\" \/>\n<meta property=\"og:title\" content=\"DX5 ( Epson F1440-A1) Printhead for Chinese Printers - Amo\" \/>\n<meta property=\"og:description\" content=\"For product details and the latest prices please contact our sales manage\" \/>\n<meta property=\"og:url\" content=\"https:\/\/superprintpro.com\/pt_br\/product\/dx5-epson-f1440-a1-printhead-for-chinese-printers\/\" \/>\n<meta property=\"og:site_name\" content=\"Amo\" \/>\n<meta property=\"article:modified_time\" content=\"2025-08-12T10:09:18+00:00\" \/>\n<meta property=\"og:image\" content=\"https:\/\/superprintpro.com\/wp-content\/uploads\/2025\/08\/dx5-epson-f1440-a1-printhead-for-chinese-printers-1.jpg\" \/>\n\t<meta property=\"og:image:width\" content=\"500\" \/>\n\t<meta property=\"og:image:height\" content=\"500\" \/>\n\t<meta property=\"og:image:type\" content=\"image\/jpeg\" \/>\n<meta name=\"twitter:card\" content=\"summary_large_image\" \/>\n<script type=\"application\/ld+json\" class=\"yoast-schema-graph\">{\"@context\":\"https:\/\/schema.org\",\"@graph\":[{\"@type\":\"WebPage\",\"@id\":\"https:\/\/superprintpro.com\/product\/dx5-epson-f1440-a1-printhead-for-chinese-printers\/\",\"url\":\"https:\/\/superprintpro.com\/product\/dx5-epson-f1440-a1-printhead-for-chinese-printers\/\",\"name\":\"DX5 ( Epson F1440-A1) Printhead for Chinese Printers - Amo\",\"isPartOf\":{\"@id\":\"https:\/\/superprintpro.com\/#website\"},\"primaryImageOfPage\":{\"@id\":\"https:\/\/superprintpro.com\/product\/dx5-epson-f1440-a1-printhead-for-chinese-printers\/#primaryimage\"},\"image\":{\"@id\":\"https:\/\/superprintpro.com\/product\/dx5-epson-f1440-a1-printhead-for-chinese-printers\/#primaryimage\"},\"thumbnailUrl\":\"https:\/\/superprintpro.com\/wp-content\/uploads\/2025\/08\/dx5-epson-f1440-a1-printhead-for-chinese-printers-1.jpg\",\"datePublished\":\"2025-08-10T07:21:37+00:00\",\"dateModified\":\"2025-08-12T10:09:18+00:00\",\"breadcrumb\":{\"@id\":\"https:\/\/superprintpro.com\/product\/dx5-epson-f1440-a1-printhead-for-chinese-printers\/#breadcrumb\"},\"inLanguage\":\"pt-BR\",\"potentialAction\":[{\"@type\":\"ReadAction\",\"target\":[\"https:\/\/superprintpro.com\/product\/dx5-epson-f1440-a1-printhead-for-chinese-printers\/\"]}]},{\"@type\":\"ImageObject\",\"inLanguage\":\"pt-BR\",\"@id\":\"https:\/\/superprintpro.com\/product\/dx5-epson-f1440-a1-printhead-for-chinese-printers\/#primaryimage\",\"url\":\"https:\/\/superprintpro.com\/wp-content\/uploads\/2025\/08\/dx5-epson-f1440-a1-printhead-for-chinese-printers-1.jpg\",\"contentUrl\":\"https:\/\/superprintpro.com\/wp-content\/uploads\/2025\/08\/dx5-epson-f1440-a1-printhead-for-chinese-printers-1.jpg\",\"width\":500,\"height\":500,\"caption\":\"DX5 ( Epson F1440-A1) Printhead for Chinese Printers\"},{\"@type\":\"BreadcrumbList\",\"@id\":\"https:\/\/superprintpro.com\/product\/dx5-epson-f1440-a1-printhead-for-chinese-printers\/#breadcrumb\",\"itemListElement\":[{\"@type\":\"ListItem\",\"position\":1,\"name\":\"\u9996\u9875\",\"item\":\"https:\/\/superprintpro.com\/\"},{\"@type\":\"ListItem\",\"position\":2,\"name\":\"Shop\",\"item\":\"https:\/\/superprintpro.com\/shop\/\"},{\"@type\":\"ListItem\",\"position\":3,\"name\":\"DX5 ( Epson F1440-A1) Printhead for Chinese Printers\"}]},{\"@type\":\"WebSite\",\"@id\":\"https:\/\/superprintpro.com\/#website\",\"url\":\"https:\/\/superprintpro.com\/\",\"name\":\"Amo\",\"description\":\"\",\"potentialAction\":[{\"@type\":\"SearchAction\",\"target\":{\"@type\":\"EntryPoint\",\"urlTemplate\":\"https:\/\/superprintpro.com\/?s={search_term_string}\"},\"query-input\":{\"@type\":\"PropertyValueSpecification\",\"valueRequired\":true,\"valueName\":\"search_term_string\"}}],\"inLanguage\":\"pt-BR\"}]}<\/script>\n<!-- \/ Yoast SEO plugin. -->","yoast_head_json":{"title":"Cabe\u00e7a de impress\u00e3o DX5 (Epson F1440-A1) para impressoras chinesas - Amo","robots":{"index":"index","follow":"follow","max-snippet":"max-snippet:-1","max-image-preview":"max-image-preview:large","max-video-preview":"max-video-preview:-1"},"canonical":"https:\/\/superprintpro.com\/pt_br\/product\/dx5-epson-f1440-a1-printhead-for-chinese-printers\/","og_locale":"pt_BR","og_type":"article","og_title":"DX5 ( Epson F1440-A1) Printhead for Chinese Printers - Amo","og_description":"For product details and the latest prices please contact our sales manage","og_url":"https:\/\/superprintpro.com\/pt_br\/product\/dx5-epson-f1440-a1-printhead-for-chinese-printers\/","og_site_name":"Amo","article_modified_time":"2025-08-12T10:09:18+00:00","og_image":[{"width":500,"height":500,"url":"https:\/\/superprintpro.com\/wp-content\/uploads\/2025\/08\/dx5-epson-f1440-a1-printhead-for-chinese-printers-1.jpg","type":"image\/jpeg"}],"twitter_card":"summary_large_image","schema":{"@context":"https:\/\/schema.org","@graph":[{"@type":"WebPage","@id":"https:\/\/superprintpro.com\/product\/dx5-epson-f1440-a1-printhead-for-chinese-printers\/","url":"https:\/\/superprintpro.com\/product\/dx5-epson-f1440-a1-printhead-for-chinese-printers\/","name":"Cabe\u00e7a de impress\u00e3o DX5 (Epson F1440-A1) para impressoras chinesas - Amo","isPartOf":{"@id":"https:\/\/superprintpro.com\/#website"},"primaryImageOfPage":{"@id":"https:\/\/superprintpro.com\/product\/dx5-epson-f1440-a1-printhead-for-chinese-printers\/#primaryimage"},"image":{"@id":"https:\/\/superprintpro.com\/product\/dx5-epson-f1440-a1-printhead-for-chinese-printers\/#primaryimage"},"thumbnailUrl":"https:\/\/superprintpro.com\/wp-content\/uploads\/2025\/08\/dx5-epson-f1440-a1-printhead-for-chinese-printers-1.jpg","datePublished":"2025-08-10T07:21:37+00:00","dateModified":"2025-08-12T10:09:18+00:00","breadcrumb":{"@id":"https:\/\/superprintpro.com\/product\/dx5-epson-f1440-a1-printhead-for-chinese-printers\/#breadcrumb"},"inLanguage":"pt-BR","potentialAction":[{"@type":"ReadAction","target":["https:\/\/superprintpro.com\/product\/dx5-epson-f1440-a1-printhead-for-chinese-printers\/"]}]},{"@type":"ImageObject","inLanguage":"pt-BR","@id":"https:\/\/superprintpro.com\/product\/dx5-epson-f1440-a1-printhead-for-chinese-printers\/#primaryimage","url":"https:\/\/superprintpro.com\/wp-content\/uploads\/2025\/08\/dx5-epson-f1440-a1-printhead-for-chinese-printers-1.jpg","contentUrl":"https:\/\/superprintpro.com\/wp-content\/uploads\/2025\/08\/dx5-epson-f1440-a1-printhead-for-chinese-printers-1.jpg","width":500,"height":500,"caption":"DX5 ( Epson F1440-A1) Printhead for Chinese Printers"},{"@type":"BreadcrumbList","@id":"https:\/\/superprintpro.com\/product\/dx5-epson-f1440-a1-printhead-for-chinese-printers\/#breadcrumb","itemListElement":[{"@type":"ListItem","position":1,"name":"\u9996\u9875","item":"https:\/\/superprintpro.com\/"},{"@type":"ListItem","position":2,"name":"Shop","item":"https:\/\/superprintpro.com\/shop\/"},{"@type":"ListItem","position":3,"name":"DX5 ( Epson F1440-A1) Printhead for Chinese Printers"}]},{"@type":"WebSite","@id":"https:\/\/superprintpro.com\/#website","url":"https:\/\/superprintpro.com\/","name":"Amo","description":"","potentialAction":[{"@type":"SearchAction","target":{"@type":"EntryPoint","urlTemplate":"https:\/\/superprintpro.com\/?s={search_term_string}"},"query-input":{"@type":"PropertyValueSpecification","valueRequired":true,"valueName":"search_term_string"}}],"inLanguage":"pt-BR"}]}},"_links":{"self":[{"href":"https:\/\/superprintpro.com\/pt_br\/wp-json\/wp\/v2\/product\/29489","targetHints":{"allow":["GET"]}}],"collection":[{"href":"https:\/\/superprintpro.com\/pt_br\/wp-json\/wp\/v2\/product"}],"about":[{"href":"https:\/\/superprintpro.com\/pt_br\/wp-json\/wp\/v2\/types\/product"}],"replies":[{"embeddable":true,"href":"https:\/\/superprintpro.com\/pt_br\/wp-json\/wp\/v2\/comments?post=29489"}],"version-history":[{"count":1,"href":"https:\/\/superprintpro.com\/pt_br\/wp-json\/wp\/v2\/product\/29489\/revisions"}],"predecessor-version":[{"id":29493,"href":"https:\/\/superprintpro.com\/pt_br\/wp-json\/wp\/v2\/product\/29489\/revisions\/29493"}],"wp:featuredmedia":[{"embeddable":true,"href":"https:\/\/superprintpro.com\/pt_br\/wp-json\/wp\/v2\/media\/29669"}],"wp:attachment":[{"href":"https:\/\/superprintpro.com\/pt_br\/wp-json\/wp\/v2\/media?parent=29489"}],"wp:term":[{"taxonomy":"product_brand","embeddable":true,"href":"https:\/\/superprintpro.com\/pt_br\/wp-json\/wp\/v2\/product_brand?post=29489"},{"taxonomy":"product_cat","embeddable":true,"href":"https:\/\/superprintpro.com\/pt_br\/wp-json\/wp\/v2\/product_cat?post=29489"},{"taxonomy":"product_tag","embeddable":true,"href":"https:\/\/superprintpro.com\/pt_br\/wp-json\/wp\/v2\/product_tag?post=29489"}],"curies":[{"name":"wp","href":"https:\/\/api.w.org\/{rel}","templated":true}]}}