{"id":29454,"date":"2025-08-10T01:21:04","date_gmt":"2025-08-10T01:21:04","guid":{"rendered":"https:\/\/superprintpro.com\/?post_type=product&#038;p=29454"},"modified":"2025-08-16T15:24:53","modified_gmt":"2025-08-16T07:24:53","slug":"29454","status":"publish","type":"product","link":"https:\/\/superprintpro.com\/pt_br\/product\/29454\/","title":{"rendered":"Kit de placas W xp600 sem cabo para cabe\u00e7ote de impress\u00e3o xp600 de 1 pe\u00e7a"},"content":{"rendered":"<ul>\n<li><b><strong>Nome do kit de placas para impressoras a jato de tinta\uff1a<\/strong><\/b>Kit de placas W xp600 sem cabo para cabe\u00e7ote de impress\u00e3o xp600 de 1 pe\u00e7a<\/li>\n<li><b><strong>Software : <\/strong><\/b>W<\/li>\n<li><b><strong>Aplicativo:\u00a0 <\/strong><\/b>Para atualizar a impressora jato de tinta com 1 pe\u00e7a de cabe\u00e7ote de impress\u00e3o xp600<\/li>\n<li><b><strong>S\u00e9ries de jato de tinta compat\u00edveis:\u00a0 <\/strong><\/b>Para todas as impressoras jato de tinta rolo a rolo<\/li>\n<li><b><strong>Tinta suportada\uff1a<\/strong><\/b>Eco-Solvente, \u00e0 base de \u00e1gua (sublima\u00e7\u00e3o), UV<\/li>\n<li><b><strong>Cor da tinta suportada<\/strong><\/b><b><strong>\uff1a<\/strong><\/b>CMYK<\/li>\n<li><b><strong>Coment\u00e1rio:\u00a0 <\/strong><\/b>Este \u00e9 um kit de placas com cabos normalmente para atualizar uma impressora a jato de tinta chinesa antiga com um novo sistema e uma nova cabe\u00e7a de impress\u00e3o. Por exemplo, esse kit pode atualizar uma impressora eco-solvente da witcolor, micolor, gongzheng, allwin, galaxy (sid triton) original com cabe\u00e7a de impress\u00e3o DX5 para uma nova impressora com cabe\u00e7a de impress\u00e3o xp600, ou esse kit pode atualizar impressoras jato de tinta solvente como a infiniti com seiko spt510 para um novo sistema com cabe\u00e7a de impress\u00e3o xp600. N\u00e3o importa se \u00e9 uma impressora eco-solvente ou solvente, esse kit pode funcionar para ela, desde que seja um sistema rolo a rolo no manuseio de m\u00eddia<\/li>\n<\/ul>","protected":false},"excerpt":{"rendered":"<p>Para obter detalhes sobre os produtos e os pre\u00e7os mais recentes, entre em contato com nosso gerente de vendas<\/p>","protected":false},"featured_media":30020,"comment_status":"open","ping_status":"closed","template":"","meta":[],"product_brand":[],"product_cat":[86],"product_tag":[],"class_list":{"0":"post-29454","1":"product","2":"type-product","3":"status-publish","4":"has-post-thumbnail","6":"product_cat-inkjet-printer-boards-kit","8":"first","9":"instock","10":"shipping-taxable","11":"purchasable","12":"product-type-simple"},"yoast_head":"<!-- This site is optimized with the Yoast SEO plugin v27.4 - https:\/\/yoast.com\/product\/yoast-seo-wordpress\/ -->\n<title>W\u00a0xp600 boards\u00a0kit\u00a0without cable\u00a0work for 1 piece\u00a0xp600 printhead - Amo<\/title>\n<meta name=\"robots\" content=\"index, follow, max-snippet:-1, max-image-preview:large, max-video-preview:-1\" \/>\n<link rel=\"canonical\" href=\"https:\/\/superprintpro.com\/pt_br\/product\/29454\/\" \/>\n<meta property=\"og:locale\" content=\"pt_BR\" \/>\n<meta property=\"og:type\" content=\"article\" \/>\n<meta property=\"og:title\" content=\"W\u00a0xp600 boards\u00a0kit\u00a0without cable\u00a0work for 1 piece\u00a0xp600 printhead - Amo\" \/>\n<meta property=\"og:description\" content=\"For product details and the latest prices please contact our sales manage\" \/>\n<meta property=\"og:url\" content=\"https:\/\/superprintpro.com\/pt_br\/product\/29454\/\" \/>\n<meta property=\"og:site_name\" content=\"Amo\" \/>\n<meta property=\"article:modified_time\" content=\"2025-08-16T07:24:53+00:00\" \/>\n<meta property=\"og:image\" content=\"https:\/\/superprintpro.com\/wp-content\/uploads\/2025\/08\/w-xp600-boards-kit-without-cable-work-for-1-piece-xp600-printhead.jpg\" \/>\n\t<meta property=\"og:image:width\" content=\"800\" \/>\n\t<meta property=\"og:image:height\" content=\"800\" \/>\n\t<meta property=\"og:image:type\" content=\"image\/jpeg\" \/>\n<meta name=\"twitter:card\" content=\"summary_large_image\" \/>\n<meta name=\"twitter:label1\" content=\"Est. tempo de leitura\" \/>\n\t<meta name=\"twitter:data1\" content=\"1 minuto\" \/>\n<script type=\"application\/ld+json\" class=\"yoast-schema-graph\">{\"@context\":\"https:\\\/\\\/schema.org\",\"@graph\":[{\"@type\":\"WebPage\",\"@id\":\"https:\\\/\\\/superprintpro.com\\\/product\\\/29454\\\/\",\"url\":\"https:\\\/\\\/superprintpro.com\\\/product\\\/29454\\\/\",\"name\":\"W\u00a0xp600 boards\u00a0kit\u00a0without cable\u00a0work for 1 piece\u00a0xp600 printhead - Amo\",\"isPartOf\":{\"@id\":\"https:\\\/\\\/superprintpro.com\\\/#website\"},\"primaryImageOfPage\":{\"@id\":\"https:\\\/\\\/superprintpro.com\\\/product\\\/29454\\\/#primaryimage\"},\"image\":{\"@id\":\"https:\\\/\\\/superprintpro.com\\\/product\\\/29454\\\/#primaryimage\"},\"thumbnailUrl\":\"https:\\\/\\\/superprintpro.com\\\/wp-content\\\/uploads\\\/2025\\\/08\\\/w-xp600-boards-kit-without-cable-work-for-1-piece-xp600-printhead.jpg\",\"datePublished\":\"2025-08-10T01:21:04+00:00\",\"dateModified\":\"2025-08-16T07:24:53+00:00\",\"breadcrumb\":{\"@id\":\"https:\\\/\\\/superprintpro.com\\\/product\\\/29454\\\/#breadcrumb\"},\"inLanguage\":\"pt-BR\",\"potentialAction\":[{\"@type\":\"ReadAction\",\"target\":[\"https:\\\/\\\/superprintpro.com\\\/product\\\/29454\\\/\"]}]},{\"@type\":\"ImageObject\",\"inLanguage\":\"pt-BR\",\"@id\":\"https:\\\/\\\/superprintpro.com\\\/product\\\/29454\\\/#primaryimage\",\"url\":\"https:\\\/\\\/superprintpro.com\\\/wp-content\\\/uploads\\\/2025\\\/08\\\/w-xp600-boards-kit-without-cable-work-for-1-piece-xp600-printhead.jpg\",\"contentUrl\":\"https:\\\/\\\/superprintpro.com\\\/wp-content\\\/uploads\\\/2025\\\/08\\\/w-xp600-boards-kit-without-cable-work-for-1-piece-xp600-printhead.jpg\",\"width\":800,\"height\":800,\"caption\":\"W\u00a0xp600 boards\u00a0kit\u00a0without cable\u00a0work for 1 piece\u00a0xp600 printhead\"},{\"@type\":\"BreadcrumbList\",\"@id\":\"https:\\\/\\\/superprintpro.com\\\/product\\\/29454\\\/#breadcrumb\",\"itemListElement\":[{\"@type\":\"ListItem\",\"position\":1,\"name\":\"\u9996\u9875\",\"item\":\"https:\\\/\\\/superprintpro.com\\\/\"},{\"@type\":\"ListItem\",\"position\":2,\"name\":\"Shop\",\"item\":\"https:\\\/\\\/superprintpro.com\\\/shop\\\/\"},{\"@type\":\"ListItem\",\"position\":3,\"name\":\"W\u00a0xp600 boards\u00a0kit\u00a0without cable\u00a0work for 1 piece\u00a0xp600 printhead\"}]},{\"@type\":\"WebSite\",\"@id\":\"https:\\\/\\\/superprintpro.com\\\/#website\",\"url\":\"https:\\\/\\\/superprintpro.com\\\/\",\"name\":\"Amo\",\"description\":\"\",\"potentialAction\":[{\"@type\":\"SearchAction\",\"target\":{\"@type\":\"EntryPoint\",\"urlTemplate\":\"https:\\\/\\\/superprintpro.com\\\/?s={search_term_string}\"},\"query-input\":{\"@type\":\"PropertyValueSpecification\",\"valueRequired\":true,\"valueName\":\"search_term_string\"}}],\"inLanguage\":\"pt-BR\"}]}<\/script>\n<!-- \/ Yoast SEO plugin. -->","yoast_head_json":{"title":"Kit de placas W xp600 sem cabo para cabe\u00e7ote de impress\u00e3o xp600 de 1 pe\u00e7a - Amo","robots":{"index":"index","follow":"follow","max-snippet":"max-snippet:-1","max-image-preview":"max-image-preview:large","max-video-preview":"max-video-preview:-1"},"canonical":"https:\/\/superprintpro.com\/pt_br\/product\/29454\/","og_locale":"pt_BR","og_type":"article","og_title":"W\u00a0xp600 boards\u00a0kit\u00a0without cable\u00a0work for 1 piece\u00a0xp600 printhead - Amo","og_description":"For product details and the latest prices please contact our sales manage","og_url":"https:\/\/superprintpro.com\/pt_br\/product\/29454\/","og_site_name":"Amo","article_modified_time":"2025-08-16T07:24:53+00:00","og_image":[{"width":800,"height":800,"url":"https:\/\/superprintpro.com\/wp-content\/uploads\/2025\/08\/w-xp600-boards-kit-without-cable-work-for-1-piece-xp600-printhead.jpg","type":"image\/jpeg"}],"twitter_card":"summary_large_image","twitter_misc":{"Est. tempo de leitura":"1 minuto"},"schema":{"@context":"https:\/\/schema.org","@graph":[{"@type":"WebPage","@id":"https:\/\/superprintpro.com\/product\/29454\/","url":"https:\/\/superprintpro.com\/product\/29454\/","name":"Kit de placas W xp600 sem cabo para cabe\u00e7ote de impress\u00e3o xp600 de 1 pe\u00e7a - Amo","isPartOf":{"@id":"https:\/\/superprintpro.com\/#website"},"primaryImageOfPage":{"@id":"https:\/\/superprintpro.com\/product\/29454\/#primaryimage"},"image":{"@id":"https:\/\/superprintpro.com\/product\/29454\/#primaryimage"},"thumbnailUrl":"https:\/\/superprintpro.com\/wp-content\/uploads\/2025\/08\/w-xp600-boards-kit-without-cable-work-for-1-piece-xp600-printhead.jpg","datePublished":"2025-08-10T01:21:04+00:00","dateModified":"2025-08-16T07:24:53+00:00","breadcrumb":{"@id":"https:\/\/superprintpro.com\/product\/29454\/#breadcrumb"},"inLanguage":"pt-BR","potentialAction":[{"@type":"ReadAction","target":["https:\/\/superprintpro.com\/product\/29454\/"]}]},{"@type":"ImageObject","inLanguage":"pt-BR","@id":"https:\/\/superprintpro.com\/product\/29454\/#primaryimage","url":"https:\/\/superprintpro.com\/wp-content\/uploads\/2025\/08\/w-xp600-boards-kit-without-cable-work-for-1-piece-xp600-printhead.jpg","contentUrl":"https:\/\/superprintpro.com\/wp-content\/uploads\/2025\/08\/w-xp600-boards-kit-without-cable-work-for-1-piece-xp600-printhead.jpg","width":800,"height":800,"caption":"W\u00a0xp600 boards\u00a0kit\u00a0without cable\u00a0work for 1 piece\u00a0xp600 printhead"},{"@type":"BreadcrumbList","@id":"https:\/\/superprintpro.com\/product\/29454\/#breadcrumb","itemListElement":[{"@type":"ListItem","position":1,"name":"\u9996\u9875","item":"https:\/\/superprintpro.com\/"},{"@type":"ListItem","position":2,"name":"Shop","item":"https:\/\/superprintpro.com\/shop\/"},{"@type":"ListItem","position":3,"name":"W\u00a0xp600 boards\u00a0kit\u00a0without cable\u00a0work for 1 piece\u00a0xp600 printhead"}]},{"@type":"WebSite","@id":"https:\/\/superprintpro.com\/#website","url":"https:\/\/superprintpro.com\/","name":"Amo","description":"","potentialAction":[{"@type":"SearchAction","target":{"@type":"EntryPoint","urlTemplate":"https:\/\/superprintpro.com\/?s={search_term_string}"},"query-input":{"@type":"PropertyValueSpecification","valueRequired":true,"valueName":"search_term_string"}}],"inLanguage":"pt-BR"}]}},"_links":{"self":[{"href":"https:\/\/superprintpro.com\/pt_br\/wp-json\/wp\/v2\/product\/29454","targetHints":{"allow":["GET"]}}],"collection":[{"href":"https:\/\/superprintpro.com\/pt_br\/wp-json\/wp\/v2\/product"}],"about":[{"href":"https:\/\/superprintpro.com\/pt_br\/wp-json\/wp\/v2\/types\/product"}],"replies":[{"embeddable":true,"href":"https:\/\/superprintpro.com\/pt_br\/wp-json\/wp\/v2\/comments?post=29454"}],"version-history":[{"count":3,"href":"https:\/\/superprintpro.com\/pt_br\/wp-json\/wp\/v2\/product\/29454\/revisions"}],"predecessor-version":[{"id":29465,"href":"https:\/\/superprintpro.com\/pt_br\/wp-json\/wp\/v2\/product\/29454\/revisions\/29465"}],"wp:featuredmedia":[{"embeddable":true,"href":"https:\/\/superprintpro.com\/pt_br\/wp-json\/wp\/v2\/media\/30020"}],"wp:attachment":[{"href":"https:\/\/superprintpro.com\/pt_br\/wp-json\/wp\/v2\/media?parent=29454"}],"wp:term":[{"taxonomy":"product_brand","embeddable":true,"href":"https:\/\/superprintpro.com\/pt_br\/wp-json\/wp\/v2\/product_brand?post=29454"},{"taxonomy":"product_cat","embeddable":true,"href":"https:\/\/superprintpro.com\/pt_br\/wp-json\/wp\/v2\/product_cat?post=29454"},{"taxonomy":"product_tag","embeddable":true,"href":"https:\/\/superprintpro.com\/pt_br\/wp-json\/wp\/v2\/product_tag?post=29454"}],"curies":[{"name":"wp","href":"https:\/\/api.w.org\/{rel}","templated":true}]}}