{"id":29398,"date":"2025-08-09T08:24:58","date_gmt":"2025-08-09T08:24:58","guid":{"rendered":"https:\/\/superprintpro.com\/?post_type=product&#038;p=29398"},"modified":"2025-08-16T15:36:03","modified_gmt":"2025-08-16T07:36:03","slug":"hoson-tx800-boards-kit-with-cable-work-for-4-piece-tx800-flatbed-version","status":"publish","type":"product","link":"https:\/\/superprintpro.com\/pt_br\/product\/hoson-tx800-boards-kit-with-cable-work-for-4-piece-tx800-flatbed-version\/","title":{"rendered":"Kit de placas Hoson TX800 com cabo de trabalho para a vers\u00e3o de mesa TX800 de 4 pe\u00e7as"},"content":{"rendered":"<ul>\n<li><b><strong>Nome do kit de placas para impressoras a jato de tinta\uff1a<\/strong><\/b>Kit de placas Hoson TX800 com cabo de trabalho para a vers\u00e3o TX800 Flatbed de 4 pe\u00e7as<\/li>\n<li><b><strong>Software : <\/strong><\/b>Hoson PrintExp<\/li>\n<li><b><strong>Aplicativo: <\/strong><\/b>Para atualizar a impressora a jato de tinta com o cabe\u00e7ote de impress\u00e3o TX800 de 4 pe\u00e7as<\/li>\n<li><b><strong>S\u00e9ries de jato de tinta compat\u00edveis: <\/strong><\/b>Para todas as impressoras a jato de tinta de mesa antigas (normalmente s\u00e3o impressoras de mesa UV com cabe\u00e7otes seiko\/konica\/ricoh\/dx5 \/spectra\/starfire e agora precisam trocar os cabe\u00e7otes e o sistema)<\/li>\n<li><b><strong>Tinta suportada\uff1a<\/strong><\/b>Eco-Solvente, \u00e0 base de \u00e1gua (sublima\u00e7\u00e3o), UV<\/li>\n<li><b><strong>Cor da tinta suportada<\/strong><\/b><b><strong>\uff1a<\/strong><\/b>CMYK W V<\/li>\n<li><b><strong>Coment\u00e1rio: <\/strong><\/b>Este \u00e9 um kit de placas com cabos, normalmente para atualizar uma impressora a jato de tinta chinesa antiga com um novo sistema e um novo cabe\u00e7ote de impress\u00e3o. Normalmente, esse kit serve para atualizar uma impressora plana uv chinesa antiga, independentemente da cabe\u00e7a originalmente equipada, para uma nova impressora plana uv com cabe\u00e7a de impress\u00e3o TX800 de 4 pe\u00e7as. Ele tamb\u00e9m pode transformar qualquer uma dessas impressoras planas em uma impressora plana normal com eco-solvente (sem estilo uv)<\/li>\n<\/ul>","protected":false},"excerpt":{"rendered":"<p>Para obter detalhes sobre os produtos e os pre\u00e7os mais recentes, entre em contato com nosso gerente de vendas<\/p>","protected":false},"featured_media":30025,"comment_status":"open","ping_status":"closed","template":"","meta":[],"product_brand":[],"product_cat":[86],"product_tag":[],"class_list":{"0":"post-29398","1":"product","2":"type-product","3":"status-publish","4":"has-post-thumbnail","6":"product_cat-inkjet-printer-boards-kit","8":"first","9":"instock","10":"shipping-taxable","11":"purchasable","12":"product-type-simple"},"yoast_head":"<!-- This site is optimized with the Yoast SEO plugin v26.9 - https:\/\/yoast.com\/product\/yoast-seo-wordpress\/ -->\n<title>Hoson TX800 boards kit with cable work for 4 piece TX800 Flatbed Version - Amo<\/title>\n<meta name=\"robots\" content=\"index, follow, max-snippet:-1, max-image-preview:large, max-video-preview:-1\" \/>\n<link rel=\"canonical\" href=\"https:\/\/superprintpro.com\/pt_br\/product\/hoson-tx800-boards-kit-with-cable-work-for-4-piece-tx800-flatbed-version\/\" \/>\n<meta property=\"og:locale\" content=\"pt_BR\" \/>\n<meta property=\"og:type\" content=\"article\" \/>\n<meta property=\"og:title\" content=\"Hoson TX800 boards kit with cable work for 4 piece TX800 Flatbed Version - Amo\" \/>\n<meta property=\"og:description\" content=\"For product details and the latest prices please contact our sales manage\" \/>\n<meta property=\"og:url\" content=\"https:\/\/superprintpro.com\/pt_br\/product\/hoson-tx800-boards-kit-with-cable-work-for-4-piece-tx800-flatbed-version\/\" \/>\n<meta property=\"og:site_name\" content=\"Amo\" \/>\n<meta property=\"article:modified_time\" content=\"2025-08-16T07:36:03+00:00\" \/>\n<meta property=\"og:image\" content=\"https:\/\/superprintpro.com\/wp-content\/uploads\/2025\/08\/hoson-tx800-boards-kit-with-cable-work-for-4-piece-tx800-flatbed-version.jpg\" \/>\n\t<meta property=\"og:image:width\" content=\"800\" \/>\n\t<meta property=\"og:image:height\" content=\"800\" \/>\n\t<meta property=\"og:image:type\" content=\"image\/jpeg\" \/>\n<meta name=\"twitter:card\" content=\"summary_large_image\" \/>\n<meta name=\"twitter:label1\" content=\"Est. tempo de leitura\" \/>\n\t<meta name=\"twitter:data1\" content=\"1 minuto\" \/>\n<script type=\"application\/ld+json\" class=\"yoast-schema-graph\">{\"@context\":\"https:\/\/schema.org\",\"@graph\":[{\"@type\":\"WebPage\",\"@id\":\"https:\/\/superprintpro.com\/product\/hoson-tx800-boards-kit-with-cable-work-for-4-piece-tx800-flatbed-version\/\",\"url\":\"https:\/\/superprintpro.com\/product\/hoson-tx800-boards-kit-with-cable-work-for-4-piece-tx800-flatbed-version\/\",\"name\":\"Hoson TX800 boards kit with cable work for 4 piece TX800 Flatbed Version - Amo\",\"isPartOf\":{\"@id\":\"https:\/\/superprintpro.com\/#website\"},\"primaryImageOfPage\":{\"@id\":\"https:\/\/superprintpro.com\/product\/hoson-tx800-boards-kit-with-cable-work-for-4-piece-tx800-flatbed-version\/#primaryimage\"},\"image\":{\"@id\":\"https:\/\/superprintpro.com\/product\/hoson-tx800-boards-kit-with-cable-work-for-4-piece-tx800-flatbed-version\/#primaryimage\"},\"thumbnailUrl\":\"https:\/\/superprintpro.com\/wp-content\/uploads\/2025\/08\/hoson-tx800-boards-kit-with-cable-work-for-4-piece-tx800-flatbed-version.jpg\",\"datePublished\":\"2025-08-09T08:24:58+00:00\",\"dateModified\":\"2025-08-16T07:36:03+00:00\",\"breadcrumb\":{\"@id\":\"https:\/\/superprintpro.com\/product\/hoson-tx800-boards-kit-with-cable-work-for-4-piece-tx800-flatbed-version\/#breadcrumb\"},\"inLanguage\":\"pt-BR\",\"potentialAction\":[{\"@type\":\"ReadAction\",\"target\":[\"https:\/\/superprintpro.com\/product\/hoson-tx800-boards-kit-with-cable-work-for-4-piece-tx800-flatbed-version\/\"]}]},{\"@type\":\"ImageObject\",\"inLanguage\":\"pt-BR\",\"@id\":\"https:\/\/superprintpro.com\/product\/hoson-tx800-boards-kit-with-cable-work-for-4-piece-tx800-flatbed-version\/#primaryimage\",\"url\":\"https:\/\/superprintpro.com\/wp-content\/uploads\/2025\/08\/hoson-tx800-boards-kit-with-cable-work-for-4-piece-tx800-flatbed-version.jpg\",\"contentUrl\":\"https:\/\/superprintpro.com\/wp-content\/uploads\/2025\/08\/hoson-tx800-boards-kit-with-cable-work-for-4-piece-tx800-flatbed-version.jpg\",\"width\":800,\"height\":800,\"caption\":\"Hoson TX800 boards kit with cable work for 4 piece TX800 Flatbed Version\"},{\"@type\":\"BreadcrumbList\",\"@id\":\"https:\/\/superprintpro.com\/product\/hoson-tx800-boards-kit-with-cable-work-for-4-piece-tx800-flatbed-version\/#breadcrumb\",\"itemListElement\":[{\"@type\":\"ListItem\",\"position\":1,\"name\":\"\u9996\u9875\",\"item\":\"https:\/\/superprintpro.com\/\"},{\"@type\":\"ListItem\",\"position\":2,\"name\":\"Shop\",\"item\":\"https:\/\/superprintpro.com\/shop\/\"},{\"@type\":\"ListItem\",\"position\":3,\"name\":\"Hoson TX800 boards kit with cable work for 4 piece TX800 Flatbed Version\"}]},{\"@type\":\"WebSite\",\"@id\":\"https:\/\/superprintpro.com\/#website\",\"url\":\"https:\/\/superprintpro.com\/\",\"name\":\"Amo\",\"description\":\"\",\"potentialAction\":[{\"@type\":\"SearchAction\",\"target\":{\"@type\":\"EntryPoint\",\"urlTemplate\":\"https:\/\/superprintpro.com\/?s={search_term_string}\"},\"query-input\":{\"@type\":\"PropertyValueSpecification\",\"valueRequired\":true,\"valueName\":\"search_term_string\"}}],\"inLanguage\":\"pt-BR\"}]}<\/script>\n<!-- \/ Yoast SEO plugin. -->","yoast_head_json":{"title":"Kit de placas Hoson TX800 com cabo de trabalho para 4 pe\u00e7as Vers\u00e3o TX800 Flatbed - Amo","robots":{"index":"index","follow":"follow","max-snippet":"max-snippet:-1","max-image-preview":"max-image-preview:large","max-video-preview":"max-video-preview:-1"},"canonical":"https:\/\/superprintpro.com\/pt_br\/product\/hoson-tx800-boards-kit-with-cable-work-for-4-piece-tx800-flatbed-version\/","og_locale":"pt_BR","og_type":"article","og_title":"Hoson TX800 boards kit with cable work for 4 piece TX800 Flatbed Version - Amo","og_description":"For product details and the latest prices please contact our sales manage","og_url":"https:\/\/superprintpro.com\/pt_br\/product\/hoson-tx800-boards-kit-with-cable-work-for-4-piece-tx800-flatbed-version\/","og_site_name":"Amo","article_modified_time":"2025-08-16T07:36:03+00:00","og_image":[{"width":800,"height":800,"url":"https:\/\/superprintpro.com\/wp-content\/uploads\/2025\/08\/hoson-tx800-boards-kit-with-cable-work-for-4-piece-tx800-flatbed-version.jpg","type":"image\/jpeg"}],"twitter_card":"summary_large_image","twitter_misc":{"Est. tempo de leitura":"1 minuto"},"schema":{"@context":"https:\/\/schema.org","@graph":[{"@type":"WebPage","@id":"https:\/\/superprintpro.com\/product\/hoson-tx800-boards-kit-with-cable-work-for-4-piece-tx800-flatbed-version\/","url":"https:\/\/superprintpro.com\/product\/hoson-tx800-boards-kit-with-cable-work-for-4-piece-tx800-flatbed-version\/","name":"Kit de placas Hoson TX800 com cabo de trabalho para 4 pe\u00e7as Vers\u00e3o TX800 Flatbed - Amo","isPartOf":{"@id":"https:\/\/superprintpro.com\/#website"},"primaryImageOfPage":{"@id":"https:\/\/superprintpro.com\/product\/hoson-tx800-boards-kit-with-cable-work-for-4-piece-tx800-flatbed-version\/#primaryimage"},"image":{"@id":"https:\/\/superprintpro.com\/product\/hoson-tx800-boards-kit-with-cable-work-for-4-piece-tx800-flatbed-version\/#primaryimage"},"thumbnailUrl":"https:\/\/superprintpro.com\/wp-content\/uploads\/2025\/08\/hoson-tx800-boards-kit-with-cable-work-for-4-piece-tx800-flatbed-version.jpg","datePublished":"2025-08-09T08:24:58+00:00","dateModified":"2025-08-16T07:36:03+00:00","breadcrumb":{"@id":"https:\/\/superprintpro.com\/product\/hoson-tx800-boards-kit-with-cable-work-for-4-piece-tx800-flatbed-version\/#breadcrumb"},"inLanguage":"pt-BR","potentialAction":[{"@type":"ReadAction","target":["https:\/\/superprintpro.com\/product\/hoson-tx800-boards-kit-with-cable-work-for-4-piece-tx800-flatbed-version\/"]}]},{"@type":"ImageObject","inLanguage":"pt-BR","@id":"https:\/\/superprintpro.com\/product\/hoson-tx800-boards-kit-with-cable-work-for-4-piece-tx800-flatbed-version\/#primaryimage","url":"https:\/\/superprintpro.com\/wp-content\/uploads\/2025\/08\/hoson-tx800-boards-kit-with-cable-work-for-4-piece-tx800-flatbed-version.jpg","contentUrl":"https:\/\/superprintpro.com\/wp-content\/uploads\/2025\/08\/hoson-tx800-boards-kit-with-cable-work-for-4-piece-tx800-flatbed-version.jpg","width":800,"height":800,"caption":"Hoson TX800 boards kit with cable work for 4 piece TX800 Flatbed Version"},{"@type":"BreadcrumbList","@id":"https:\/\/superprintpro.com\/product\/hoson-tx800-boards-kit-with-cable-work-for-4-piece-tx800-flatbed-version\/#breadcrumb","itemListElement":[{"@type":"ListItem","position":1,"name":"\u9996\u9875","item":"https:\/\/superprintpro.com\/"},{"@type":"ListItem","position":2,"name":"Shop","item":"https:\/\/superprintpro.com\/shop\/"},{"@type":"ListItem","position":3,"name":"Hoson TX800 boards kit with cable work for 4 piece TX800 Flatbed Version"}]},{"@type":"WebSite","@id":"https:\/\/superprintpro.com\/#website","url":"https:\/\/superprintpro.com\/","name":"Amo","description":"","potentialAction":[{"@type":"SearchAction","target":{"@type":"EntryPoint","urlTemplate":"https:\/\/superprintpro.com\/?s={search_term_string}"},"query-input":{"@type":"PropertyValueSpecification","valueRequired":true,"valueName":"search_term_string"}}],"inLanguage":"pt-BR"}]}},"_links":{"self":[{"href":"https:\/\/superprintpro.com\/pt_br\/wp-json\/wp\/v2\/product\/29398","targetHints":{"allow":["GET"]}}],"collection":[{"href":"https:\/\/superprintpro.com\/pt_br\/wp-json\/wp\/v2\/product"}],"about":[{"href":"https:\/\/superprintpro.com\/pt_br\/wp-json\/wp\/v2\/types\/product"}],"replies":[{"embeddable":true,"href":"https:\/\/superprintpro.com\/pt_br\/wp-json\/wp\/v2\/comments?post=29398"}],"version-history":[{"count":1,"href":"https:\/\/superprintpro.com\/pt_br\/wp-json\/wp\/v2\/product\/29398\/revisions"}],"predecessor-version":[{"id":29400,"href":"https:\/\/superprintpro.com\/pt_br\/wp-json\/wp\/v2\/product\/29398\/revisions\/29400"}],"wp:featuredmedia":[{"embeddable":true,"href":"https:\/\/superprintpro.com\/pt_br\/wp-json\/wp\/v2\/media\/30025"}],"wp:attachment":[{"href":"https:\/\/superprintpro.com\/pt_br\/wp-json\/wp\/v2\/media?parent=29398"}],"wp:term":[{"taxonomy":"product_brand","embeddable":true,"href":"https:\/\/superprintpro.com\/pt_br\/wp-json\/wp\/v2\/product_brand?post=29398"},{"taxonomy":"product_cat","embeddable":true,"href":"https:\/\/superprintpro.com\/pt_br\/wp-json\/wp\/v2\/product_cat?post=29398"},{"taxonomy":"product_tag","embeddable":true,"href":"https:\/\/superprintpro.com\/pt_br\/wp-json\/wp\/v2\/product_tag?post=29398"}],"curies":[{"name":"wp","href":"https:\/\/api.w.org\/{rel}","templated":true}]}}