{"id":30294,"date":"2025-08-18T17:47:05","date_gmt":"2025-08-18T09:47:05","guid":{"rendered":"https:\/\/superprintpro.com\/?post_type=product&#038;p=30294"},"modified":"2025-08-18T17:48:33","modified_gmt":"2025-08-18T09:48:33","slug":"amo-sublimation-inkjet-printer-am1808i32sh-with-8-i3200-printheads","status":"publish","type":"product","link":"https:\/\/superprintpro.com\/pt\/produto\/amo-sublimation-inkjet-printer-am1808i32sh-with-8-i3200-printheads\/","title":{"rendered":"Impressora de jato de tinta para sublima\u00e7\u00e3o AMO AM1808i32SH com 8 cabe\u00e7as de impress\u00e3o i3200"},"content":{"rendered":"<p>Impressora de jato de tinta para sublima\u00e7\u00e3o AMO AM1808i32SH com 8 cabe\u00e7as de impress\u00e3o i3200<\/p>\n<p>A impressora de jato de tinta para sublima\u00e7\u00e3o pode imprimir com tinta de sublima\u00e7\u00e3o no papel de transfer\u00eancia, para preparar a imagem para a transfer\u00eancia t\u00e9rmica.<br \/>\nEste modelo est\u00e1 equipado com um eixo insufl\u00e1vel para garantir uma tens\u00e3o consistente no papel de transfer\u00eancia. Assim, pode imprimir os transferes ligeiros<br \/>\npapel com menos de 70 g\/m\u00b2.<\/p>\n<p>Par\u00e2metros da m\u00e1quina<br \/>\nCabe\u00e7a de impress\u00e3o: 8 cabe\u00e7as de impress\u00e3o i3200<br \/>\nLargura de impress\u00e3o: 1800MM<br \/>\nSistema de impress\u00e3o: HOSON<br \/>\nVelocidade de impress\u00e3o:<br \/>\nModo de alta velocidade 173 m\u00b2\/h<br \/>\nModo est\u00e1vel 132 m\u00b2\/h<br \/>\nModo de alta qualidade 97 m\u00b2\/h<br \/>\nSistema autom\u00e1tico de alimenta\u00e7\u00e3o e recolha: Eixo insuflado a ar e dispositivo de liberta\u00e7\u00e3o equipado<br \/>\nSistema de aquecimento: Dispositivo de secagem por infravermelhos independente equipado com um sistema inteligente de controlo da temperatura<br \/>\nAltura da cabe\u00e7a de impress\u00e3o: Dist\u00e2ncia ajust\u00e1vel da plataforma de impress\u00e3o 2-5mm ajust\u00e1vel.<br \/>\nInforma\u00e7\u00f5es sobre a impressora<br \/>\nTens\u00e3o de funcionamento: AC220V 50\/60HZ<br \/>\nPot\u00eancia da impressora: 3500W<br \/>\nPot\u00eancia do aquecedor: 8500W<br \/>\nAmbiente de trabalho :<br \/>\nTemperatura normal de trabalho: 22-28\u2103 humidade: 40%-60%<br \/>\nTamanho da m\u00e1quina: L3254MM W1140MM H1767MM<br \/>\nDimens\u00f5es da embalagem: 3400MM(L) 1340MM(W) 1600MM(H)<\/p>","protected":false},"excerpt":{"rendered":"<p>Para obter informa\u00e7\u00f5es sobre os produtos e as \u00faltimas cota\u00e7\u00f5es, contactar o nosso gestor de vendas<\/p>","protected":false},"featured_media":30295,"comment_status":"open","ping_status":"closed","template":"","meta":[],"product_brand":[],"product_cat":[125],"product_tag":[],"class_list":{"0":"post-30294","1":"product","2":"type-product","3":"status-publish","4":"has-post-thumbnail","6":"product_cat-with-i3200-printhead-sublimation-printers","8":"first","9":"instock","10":"shipping-taxable","11":"purchasable","12":"product-type-simple"},"yoast_head":"<!-- This site is optimized with the Yoast SEO plugin v27.4 - https:\/\/yoast.com\/product\/yoast-seo-wordpress\/ -->\n<title>AMO Sublimation Inkjet Printer AM1808i32SH with 8 i3200 Printheads - Amo<\/title>\n<meta name=\"robots\" content=\"index, follow, max-snippet:-1, max-image-preview:large, max-video-preview:-1\" \/>\n<link rel=\"canonical\" href=\"https:\/\/superprintpro.com\/pt\/produto\/amo-sublimation-inkjet-printer-am1808i32sh-with-8-i3200-printheads\/\" \/>\n<meta property=\"og:locale\" content=\"pt_PT\" \/>\n<meta property=\"og:type\" content=\"article\" \/>\n<meta property=\"og:title\" content=\"AMO Sublimation Inkjet Printer AM1808i32SH with 8 i3200 Printheads - Amo\" \/>\n<meta property=\"og:description\" content=\"For product details and the latest quotes, please contact our sales manager\" \/>\n<meta property=\"og:url\" content=\"https:\/\/superprintpro.com\/pt\/produto\/amo-sublimation-inkjet-printer-am1808i32sh-with-8-i3200-printheads\/\" \/>\n<meta property=\"og:site_name\" content=\"Amo\" \/>\n<meta property=\"article:modified_time\" content=\"2025-08-18T09:48:33+00:00\" \/>\n<meta property=\"og:image\" content=\"https:\/\/superprintpro.com\/wp-content\/uploads\/2025\/08\/amo-sublimation-inkjet-printer-am1808i32sh-with-8-i3200-printheads.jpg\" \/>\n\t<meta property=\"og:image:width\" content=\"604\" \/>\n\t<meta property=\"og:image:height\" content=\"340\" \/>\n\t<meta property=\"og:image:type\" content=\"image\/jpeg\" \/>\n<meta name=\"twitter:card\" content=\"summary_large_image\" \/>\n<meta name=\"twitter:label1\" content=\"Tempo estimado de leitura\" \/>\n\t<meta name=\"twitter:data1\" content=\"1 minuto\" \/>\n<script type=\"application\/ld+json\" class=\"yoast-schema-graph\">{\"@context\":\"https:\\\/\\\/schema.org\",\"@graph\":[{\"@type\":\"WebPage\",\"@id\":\"https:\\\/\\\/superprintpro.com\\\/product\\\/amo-sublimation-inkjet-printer-am1808i32sh-with-8-i3200-printheads\\\/\",\"url\":\"https:\\\/\\\/superprintpro.com\\\/product\\\/amo-sublimation-inkjet-printer-am1808i32sh-with-8-i3200-printheads\\\/\",\"name\":\"AMO Sublimation Inkjet Printer AM1808i32SH with 8 i3200 Printheads - Amo\",\"isPartOf\":{\"@id\":\"https:\\\/\\\/superprintpro.com\\\/#website\"},\"primaryImageOfPage\":{\"@id\":\"https:\\\/\\\/superprintpro.com\\\/product\\\/amo-sublimation-inkjet-printer-am1808i32sh-with-8-i3200-printheads\\\/#primaryimage\"},\"image\":{\"@id\":\"https:\\\/\\\/superprintpro.com\\\/product\\\/amo-sublimation-inkjet-printer-am1808i32sh-with-8-i3200-printheads\\\/#primaryimage\"},\"thumbnailUrl\":\"https:\\\/\\\/superprintpro.com\\\/wp-content\\\/uploads\\\/2025\\\/08\\\/amo-sublimation-inkjet-printer-am1808i32sh-with-8-i3200-printheads.jpg\",\"datePublished\":\"2025-08-18T09:47:05+00:00\",\"dateModified\":\"2025-08-18T09:48:33+00:00\",\"breadcrumb\":{\"@id\":\"https:\\\/\\\/superprintpro.com\\\/product\\\/amo-sublimation-inkjet-printer-am1808i32sh-with-8-i3200-printheads\\\/#breadcrumb\"},\"inLanguage\":\"pt-PT\",\"potentialAction\":[{\"@type\":\"ReadAction\",\"target\":[\"https:\\\/\\\/superprintpro.com\\\/product\\\/amo-sublimation-inkjet-printer-am1808i32sh-with-8-i3200-printheads\\\/\"]}]},{\"@type\":\"ImageObject\",\"inLanguage\":\"pt-PT\",\"@id\":\"https:\\\/\\\/superprintpro.com\\\/product\\\/amo-sublimation-inkjet-printer-am1808i32sh-with-8-i3200-printheads\\\/#primaryimage\",\"url\":\"https:\\\/\\\/superprintpro.com\\\/wp-content\\\/uploads\\\/2025\\\/08\\\/amo-sublimation-inkjet-printer-am1808i32sh-with-8-i3200-printheads.jpg\",\"contentUrl\":\"https:\\\/\\\/superprintpro.com\\\/wp-content\\\/uploads\\\/2025\\\/08\\\/amo-sublimation-inkjet-printer-am1808i32sh-with-8-i3200-printheads.jpg\",\"width\":604,\"height\":340,\"caption\":\"AMO Sublimation Inkjet Printer AM1808i32SH with 8 i3200 Printheads\"},{\"@type\":\"BreadcrumbList\",\"@id\":\"https:\\\/\\\/superprintpro.com\\\/product\\\/amo-sublimation-inkjet-printer-am1808i32sh-with-8-i3200-printheads\\\/#breadcrumb\",\"itemListElement\":[{\"@type\":\"ListItem\",\"position\":1,\"name\":\"\u9996\u9875\",\"item\":\"https:\\\/\\\/superprintpro.com\\\/\"},{\"@type\":\"ListItem\",\"position\":2,\"name\":\"Shop\",\"item\":\"https:\\\/\\\/superprintpro.com\\\/shop\\\/\"},{\"@type\":\"ListItem\",\"position\":3,\"name\":\"AMO Sublimation Inkjet Printer AM1808i32SH with 8 i3200 Printheads\"}]},{\"@type\":\"WebSite\",\"@id\":\"https:\\\/\\\/superprintpro.com\\\/#website\",\"url\":\"https:\\\/\\\/superprintpro.com\\\/\",\"name\":\"Amo\",\"description\":\"\",\"potentialAction\":[{\"@type\":\"SearchAction\",\"target\":{\"@type\":\"EntryPoint\",\"urlTemplate\":\"https:\\\/\\\/superprintpro.com\\\/?s={search_term_string}\"},\"query-input\":{\"@type\":\"PropertyValueSpecification\",\"valueRequired\":true,\"valueName\":\"search_term_string\"}}],\"inLanguage\":\"pt-PT\"}]}<\/script>\n<!-- \/ Yoast SEO plugin. -->","yoast_head_json":{"title":"AMO Sublimation Inkjet Printer AM1808i32SH with 8 i3200 Printheads - Amo","robots":{"index":"index","follow":"follow","max-snippet":"max-snippet:-1","max-image-preview":"max-image-preview:large","max-video-preview":"max-video-preview:-1"},"canonical":"https:\/\/superprintpro.com\/pt\/produto\/amo-sublimation-inkjet-printer-am1808i32sh-with-8-i3200-printheads\/","og_locale":"pt_PT","og_type":"article","og_title":"AMO Sublimation Inkjet Printer AM1808i32SH with 8 i3200 Printheads - Amo","og_description":"For product details and the latest quotes, please contact our sales manager","og_url":"https:\/\/superprintpro.com\/pt\/produto\/amo-sublimation-inkjet-printer-am1808i32sh-with-8-i3200-printheads\/","og_site_name":"Amo","article_modified_time":"2025-08-18T09:48:33+00:00","og_image":[{"width":604,"height":340,"url":"https:\/\/superprintpro.com\/wp-content\/uploads\/2025\/08\/amo-sublimation-inkjet-printer-am1808i32sh-with-8-i3200-printheads.jpg","type":"image\/jpeg"}],"twitter_card":"summary_large_image","twitter_misc":{"Tempo estimado de leitura":"1 minuto"},"schema":{"@context":"https:\/\/schema.org","@graph":[{"@type":"WebPage","@id":"https:\/\/superprintpro.com\/product\/amo-sublimation-inkjet-printer-am1808i32sh-with-8-i3200-printheads\/","url":"https:\/\/superprintpro.com\/product\/amo-sublimation-inkjet-printer-am1808i32sh-with-8-i3200-printheads\/","name":"AMO Sublimation Inkjet Printer AM1808i32SH with 8 i3200 Printheads - Amo","isPartOf":{"@id":"https:\/\/superprintpro.com\/#website"},"primaryImageOfPage":{"@id":"https:\/\/superprintpro.com\/product\/amo-sublimation-inkjet-printer-am1808i32sh-with-8-i3200-printheads\/#primaryimage"},"image":{"@id":"https:\/\/superprintpro.com\/product\/amo-sublimation-inkjet-printer-am1808i32sh-with-8-i3200-printheads\/#primaryimage"},"thumbnailUrl":"https:\/\/superprintpro.com\/wp-content\/uploads\/2025\/08\/amo-sublimation-inkjet-printer-am1808i32sh-with-8-i3200-printheads.jpg","datePublished":"2025-08-18T09:47:05+00:00","dateModified":"2025-08-18T09:48:33+00:00","breadcrumb":{"@id":"https:\/\/superprintpro.com\/product\/amo-sublimation-inkjet-printer-am1808i32sh-with-8-i3200-printheads\/#breadcrumb"},"inLanguage":"pt-PT","potentialAction":[{"@type":"ReadAction","target":["https:\/\/superprintpro.com\/product\/amo-sublimation-inkjet-printer-am1808i32sh-with-8-i3200-printheads\/"]}]},{"@type":"ImageObject","inLanguage":"pt-PT","@id":"https:\/\/superprintpro.com\/product\/amo-sublimation-inkjet-printer-am1808i32sh-with-8-i3200-printheads\/#primaryimage","url":"https:\/\/superprintpro.com\/wp-content\/uploads\/2025\/08\/amo-sublimation-inkjet-printer-am1808i32sh-with-8-i3200-printheads.jpg","contentUrl":"https:\/\/superprintpro.com\/wp-content\/uploads\/2025\/08\/amo-sublimation-inkjet-printer-am1808i32sh-with-8-i3200-printheads.jpg","width":604,"height":340,"caption":"AMO Sublimation Inkjet Printer AM1808i32SH with 8 i3200 Printheads"},{"@type":"BreadcrumbList","@id":"https:\/\/superprintpro.com\/product\/amo-sublimation-inkjet-printer-am1808i32sh-with-8-i3200-printheads\/#breadcrumb","itemListElement":[{"@type":"ListItem","position":1,"name":"\u9996\u9875","item":"https:\/\/superprintpro.com\/"},{"@type":"ListItem","position":2,"name":"Shop","item":"https:\/\/superprintpro.com\/shop\/"},{"@type":"ListItem","position":3,"name":"AMO Sublimation Inkjet Printer AM1808i32SH with 8 i3200 Printheads"}]},{"@type":"WebSite","@id":"https:\/\/superprintpro.com\/#website","url":"https:\/\/superprintpro.com\/","name":"Amo","description":"","potentialAction":[{"@type":"SearchAction","target":{"@type":"EntryPoint","urlTemplate":"https:\/\/superprintpro.com\/?s={search_term_string}"},"query-input":{"@type":"PropertyValueSpecification","valueRequired":true,"valueName":"search_term_string"}}],"inLanguage":"pt-PT"}]}},"_links":{"self":[{"href":"https:\/\/superprintpro.com\/pt\/wp-json\/wp\/v2\/product\/30294","targetHints":{"allow":["GET"]}}],"collection":[{"href":"https:\/\/superprintpro.com\/pt\/wp-json\/wp\/v2\/product"}],"about":[{"href":"https:\/\/superprintpro.com\/pt\/wp-json\/wp\/v2\/types\/product"}],"replies":[{"embeddable":true,"href":"https:\/\/superprintpro.com\/pt\/wp-json\/wp\/v2\/comments?post=30294"}],"version-history":[{"count":1,"href":"https:\/\/superprintpro.com\/pt\/wp-json\/wp\/v2\/product\/30294\/revisions"}],"predecessor-version":[{"id":30296,"href":"https:\/\/superprintpro.com\/pt\/wp-json\/wp\/v2\/product\/30294\/revisions\/30296"}],"wp:featuredmedia":[{"embeddable":true,"href":"https:\/\/superprintpro.com\/pt\/wp-json\/wp\/v2\/media\/30295"}],"wp:attachment":[{"href":"https:\/\/superprintpro.com\/pt\/wp-json\/wp\/v2\/media?parent=30294"}],"wp:term":[{"taxonomy":"product_brand","embeddable":true,"href":"https:\/\/superprintpro.com\/pt\/wp-json\/wp\/v2\/product_brand?post=30294"},{"taxonomy":"product_cat","embeddable":true,"href":"https:\/\/superprintpro.com\/pt\/wp-json\/wp\/v2\/product_cat?post=30294"},{"taxonomy":"product_tag","embeddable":true,"href":"https:\/\/superprintpro.com\/pt\/wp-json\/wp\/v2\/product_tag?post=30294"}],"curies":[{"name":"wp","href":"https:\/\/api.w.org\/{rel}","templated":true}]}}