{"id":30288,"date":"2025-08-18T17:41:25","date_gmt":"2025-08-18T09:41:25","guid":{"rendered":"https:\/\/superprintpro.com\/?post_type=product&#038;p=30288"},"modified":"2025-08-18T17:41:25","modified_gmt":"2025-08-18T09:41:25","slug":"amo-sublimation-inkjet-printer-am1802i32s-with-2-i3200-printheads","status":"publish","type":"product","link":"https:\/\/superprintpro.com\/pt\/produto\/amo-sublimation-inkjet-printer-am1802i32s-with-2-i3200-printheads\/","title":{"rendered":"Impressora de jato de tinta para sublima\u00e7\u00e3o AMO AM1802i32S com 2 cabe\u00e7as de impress\u00e3o i3200"},"content":{"rendered":"<p>Impressora de jato de tinta para sublima\u00e7\u00e3o AMO AM1802i32S com 2 cabe\u00e7as de impress\u00e3o i3200<\/p>\n<p>A impressora de jato de tinta para sublima\u00e7\u00e3o pode imprimir com tinta de sublima\u00e7\u00e3o no papel de transfer\u00eancia, para preparar a imagem para a transfer\u00eancia t\u00e9rmica.<\/p>\n<p>Par\u00e2metros da m\u00e1quina<br \/>\nCabe\u00e7a de impress\u00e3o: 2 cabe\u00e7as de impress\u00e3o i3200<br \/>\nLargura de impress\u00e3o: 1800MM<br \/>\nSistema de impress\u00e3o: HOSON<br \/>\nVelocidade de impress\u00e3o:<br \/>\n3 passagens 47 m\u00b2\/h<br \/>\n4 passagens 39 m\u00b2\/h<br \/>\n6 passagens 32 m\u00b2\/h<br \/>\n8 passagens 22 m\u00b2\/h<br \/>\nInforma\u00e7\u00f5es sobre a impressora<br \/>\nTens\u00e3o de funcionamento: AC220V 50\/60HZ<br \/>\nPot\u00eancia: 3500W<br \/>\nAmbiente de trabalho :<br \/>\nTemperatura normal de trabalho: 22-28\u2103 humidade: 40%-60%<br \/>\nTamanho da m\u00e1quina: L2950MM W840MM H1400MM<br \/>\nDimens\u00f5es da embalagem:3350MM(L)730MM(W)670MM(H)<\/p>","protected":false},"excerpt":{"rendered":"<p>Para obter informa\u00e7\u00f5es sobre os produtos e as \u00faltimas cota\u00e7\u00f5es, contactar o nosso gestor de vendas<\/p>","protected":false},"featured_media":30289,"comment_status":"open","ping_status":"closed","template":"","meta":[],"product_brand":[],"product_cat":[125],"product_tag":[],"class_list":{"0":"post-30288","1":"product","2":"type-product","3":"status-publish","4":"has-post-thumbnail","6":"product_cat-with-i3200-printhead-sublimation-printers","8":"first","9":"instock","10":"shipping-taxable","11":"purchasable","12":"product-type-simple"},"yoast_head":"<!-- This site is optimized with the Yoast SEO plugin v26.9 - https:\/\/yoast.com\/product\/yoast-seo-wordpress\/ -->\n<title>AMO Sublimation Inkjet Printer AM1802i32S with 2 i3200 Printheads - Amo<\/title>\n<meta name=\"robots\" content=\"index, follow, max-snippet:-1, max-image-preview:large, max-video-preview:-1\" \/>\n<link rel=\"canonical\" href=\"https:\/\/superprintpro.com\/pt\/produto\/amo-sublimation-inkjet-printer-am1802i32s-with-2-i3200-printheads\/\" \/>\n<meta property=\"og:locale\" content=\"pt_PT\" \/>\n<meta property=\"og:type\" content=\"article\" \/>\n<meta property=\"og:title\" content=\"AMO Sublimation Inkjet Printer AM1802i32S with 2 i3200 Printheads - Amo\" \/>\n<meta property=\"og:description\" content=\"For product details and the latest quotes, please contact our sales manager\" \/>\n<meta property=\"og:url\" content=\"https:\/\/superprintpro.com\/pt\/produto\/amo-sublimation-inkjet-printer-am1802i32s-with-2-i3200-printheads\/\" \/>\n<meta property=\"og:site_name\" content=\"Amo\" \/>\n<meta property=\"og:image\" content=\"https:\/\/superprintpro.com\/wp-content\/uploads\/2025\/08\/amo-sublimation-inkjet-printer-am1802i32s-with-2-i3200-printheads.jpg\" \/>\n\t<meta property=\"og:image:width\" content=\"604\" \/>\n\t<meta property=\"og:image:height\" content=\"340\" \/>\n\t<meta property=\"og:image:type\" content=\"image\/jpeg\" \/>\n<meta name=\"twitter:card\" content=\"summary_large_image\" \/>\n<script type=\"application\/ld+json\" class=\"yoast-schema-graph\">{\"@context\":\"https:\/\/schema.org\",\"@graph\":[{\"@type\":\"WebPage\",\"@id\":\"https:\/\/superprintpro.com\/product\/amo-sublimation-inkjet-printer-am1802i32s-with-2-i3200-printheads\/\",\"url\":\"https:\/\/superprintpro.com\/product\/amo-sublimation-inkjet-printer-am1802i32s-with-2-i3200-printheads\/\",\"name\":\"AMO Sublimation Inkjet Printer AM1802i32S with 2 i3200 Printheads - Amo\",\"isPartOf\":{\"@id\":\"https:\/\/superprintpro.com\/#website\"},\"primaryImageOfPage\":{\"@id\":\"https:\/\/superprintpro.com\/product\/amo-sublimation-inkjet-printer-am1802i32s-with-2-i3200-printheads\/#primaryimage\"},\"image\":{\"@id\":\"https:\/\/superprintpro.com\/product\/amo-sublimation-inkjet-printer-am1802i32s-with-2-i3200-printheads\/#primaryimage\"},\"thumbnailUrl\":\"https:\/\/superprintpro.com\/wp-content\/uploads\/2025\/08\/amo-sublimation-inkjet-printer-am1802i32s-with-2-i3200-printheads.jpg\",\"datePublished\":\"2025-08-18T09:41:25+00:00\",\"breadcrumb\":{\"@id\":\"https:\/\/superprintpro.com\/product\/amo-sublimation-inkjet-printer-am1802i32s-with-2-i3200-printheads\/#breadcrumb\"},\"inLanguage\":\"pt-PT\",\"potentialAction\":[{\"@type\":\"ReadAction\",\"target\":[\"https:\/\/superprintpro.com\/product\/amo-sublimation-inkjet-printer-am1802i32s-with-2-i3200-printheads\/\"]}]},{\"@type\":\"ImageObject\",\"inLanguage\":\"pt-PT\",\"@id\":\"https:\/\/superprintpro.com\/product\/amo-sublimation-inkjet-printer-am1802i32s-with-2-i3200-printheads\/#primaryimage\",\"url\":\"https:\/\/superprintpro.com\/wp-content\/uploads\/2025\/08\/amo-sublimation-inkjet-printer-am1802i32s-with-2-i3200-printheads.jpg\",\"contentUrl\":\"https:\/\/superprintpro.com\/wp-content\/uploads\/2025\/08\/amo-sublimation-inkjet-printer-am1802i32s-with-2-i3200-printheads.jpg\",\"width\":604,\"height\":340,\"caption\":\"AMO Sublimation Inkjet Printer AM1802i32S with 2 i3200 Printheads\"},{\"@type\":\"BreadcrumbList\",\"@id\":\"https:\/\/superprintpro.com\/product\/amo-sublimation-inkjet-printer-am1802i32s-with-2-i3200-printheads\/#breadcrumb\",\"itemListElement\":[{\"@type\":\"ListItem\",\"position\":1,\"name\":\"\u9996\u9875\",\"item\":\"https:\/\/superprintpro.com\/\"},{\"@type\":\"ListItem\",\"position\":2,\"name\":\"Shop\",\"item\":\"https:\/\/superprintpro.com\/shop\/\"},{\"@type\":\"ListItem\",\"position\":3,\"name\":\"AMO Sublimation Inkjet Printer AM1802i32S with 2 i3200 Printheads\"}]},{\"@type\":\"WebSite\",\"@id\":\"https:\/\/superprintpro.com\/#website\",\"url\":\"https:\/\/superprintpro.com\/\",\"name\":\"Amo\",\"description\":\"\",\"potentialAction\":[{\"@type\":\"SearchAction\",\"target\":{\"@type\":\"EntryPoint\",\"urlTemplate\":\"https:\/\/superprintpro.com\/?s={search_term_string}\"},\"query-input\":{\"@type\":\"PropertyValueSpecification\",\"valueRequired\":true,\"valueName\":\"search_term_string\"}}],\"inLanguage\":\"pt-PT\"}]}<\/script>\n<!-- \/ Yoast SEO plugin. -->","yoast_head_json":{"title":"AMO Sublimation Inkjet Printer AM1802i32S with 2 i3200 Printheads - Amo","robots":{"index":"index","follow":"follow","max-snippet":"max-snippet:-1","max-image-preview":"max-image-preview:large","max-video-preview":"max-video-preview:-1"},"canonical":"https:\/\/superprintpro.com\/pt\/produto\/amo-sublimation-inkjet-printer-am1802i32s-with-2-i3200-printheads\/","og_locale":"pt_PT","og_type":"article","og_title":"AMO Sublimation Inkjet Printer AM1802i32S with 2 i3200 Printheads - Amo","og_description":"For product details and the latest quotes, please contact our sales manager","og_url":"https:\/\/superprintpro.com\/pt\/produto\/amo-sublimation-inkjet-printer-am1802i32s-with-2-i3200-printheads\/","og_site_name":"Amo","og_image":[{"width":604,"height":340,"url":"https:\/\/superprintpro.com\/wp-content\/uploads\/2025\/08\/amo-sublimation-inkjet-printer-am1802i32s-with-2-i3200-printheads.jpg","type":"image\/jpeg"}],"twitter_card":"summary_large_image","schema":{"@context":"https:\/\/schema.org","@graph":[{"@type":"WebPage","@id":"https:\/\/superprintpro.com\/product\/amo-sublimation-inkjet-printer-am1802i32s-with-2-i3200-printheads\/","url":"https:\/\/superprintpro.com\/product\/amo-sublimation-inkjet-printer-am1802i32s-with-2-i3200-printheads\/","name":"AMO Sublimation Inkjet Printer AM1802i32S with 2 i3200 Printheads - Amo","isPartOf":{"@id":"https:\/\/superprintpro.com\/#website"},"primaryImageOfPage":{"@id":"https:\/\/superprintpro.com\/product\/amo-sublimation-inkjet-printer-am1802i32s-with-2-i3200-printheads\/#primaryimage"},"image":{"@id":"https:\/\/superprintpro.com\/product\/amo-sublimation-inkjet-printer-am1802i32s-with-2-i3200-printheads\/#primaryimage"},"thumbnailUrl":"https:\/\/superprintpro.com\/wp-content\/uploads\/2025\/08\/amo-sublimation-inkjet-printer-am1802i32s-with-2-i3200-printheads.jpg","datePublished":"2025-08-18T09:41:25+00:00","breadcrumb":{"@id":"https:\/\/superprintpro.com\/product\/amo-sublimation-inkjet-printer-am1802i32s-with-2-i3200-printheads\/#breadcrumb"},"inLanguage":"pt-PT","potentialAction":[{"@type":"ReadAction","target":["https:\/\/superprintpro.com\/product\/amo-sublimation-inkjet-printer-am1802i32s-with-2-i3200-printheads\/"]}]},{"@type":"ImageObject","inLanguage":"pt-PT","@id":"https:\/\/superprintpro.com\/product\/amo-sublimation-inkjet-printer-am1802i32s-with-2-i3200-printheads\/#primaryimage","url":"https:\/\/superprintpro.com\/wp-content\/uploads\/2025\/08\/amo-sublimation-inkjet-printer-am1802i32s-with-2-i3200-printheads.jpg","contentUrl":"https:\/\/superprintpro.com\/wp-content\/uploads\/2025\/08\/amo-sublimation-inkjet-printer-am1802i32s-with-2-i3200-printheads.jpg","width":604,"height":340,"caption":"AMO Sublimation Inkjet Printer AM1802i32S with 2 i3200 Printheads"},{"@type":"BreadcrumbList","@id":"https:\/\/superprintpro.com\/product\/amo-sublimation-inkjet-printer-am1802i32s-with-2-i3200-printheads\/#breadcrumb","itemListElement":[{"@type":"ListItem","position":1,"name":"\u9996\u9875","item":"https:\/\/superprintpro.com\/"},{"@type":"ListItem","position":2,"name":"Shop","item":"https:\/\/superprintpro.com\/shop\/"},{"@type":"ListItem","position":3,"name":"AMO Sublimation Inkjet Printer AM1802i32S with 2 i3200 Printheads"}]},{"@type":"WebSite","@id":"https:\/\/superprintpro.com\/#website","url":"https:\/\/superprintpro.com\/","name":"Amo","description":"","potentialAction":[{"@type":"SearchAction","target":{"@type":"EntryPoint","urlTemplate":"https:\/\/superprintpro.com\/?s={search_term_string}"},"query-input":{"@type":"PropertyValueSpecification","valueRequired":true,"valueName":"search_term_string"}}],"inLanguage":"pt-PT"}]}},"_links":{"self":[{"href":"https:\/\/superprintpro.com\/pt\/wp-json\/wp\/v2\/product\/30288","targetHints":{"allow":["GET"]}}],"collection":[{"href":"https:\/\/superprintpro.com\/pt\/wp-json\/wp\/v2\/product"}],"about":[{"href":"https:\/\/superprintpro.com\/pt\/wp-json\/wp\/v2\/types\/product"}],"replies":[{"embeddable":true,"href":"https:\/\/superprintpro.com\/pt\/wp-json\/wp\/v2\/comments?post=30288"}],"version-history":[{"count":1,"href":"https:\/\/superprintpro.com\/pt\/wp-json\/wp\/v2\/product\/30288\/revisions"}],"predecessor-version":[{"id":30290,"href":"https:\/\/superprintpro.com\/pt\/wp-json\/wp\/v2\/product\/30288\/revisions\/30290"}],"wp:featuredmedia":[{"embeddable":true,"href":"https:\/\/superprintpro.com\/pt\/wp-json\/wp\/v2\/media\/30289"}],"wp:attachment":[{"href":"https:\/\/superprintpro.com\/pt\/wp-json\/wp\/v2\/media?parent=30288"}],"wp:term":[{"taxonomy":"product_brand","embeddable":true,"href":"https:\/\/superprintpro.com\/pt\/wp-json\/wp\/v2\/product_brand?post=30288"},{"taxonomy":"product_cat","embeddable":true,"href":"https:\/\/superprintpro.com\/pt\/wp-json\/wp\/v2\/product_cat?post=30288"},{"taxonomy":"product_tag","embeddable":true,"href":"https:\/\/superprintpro.com\/pt\/wp-json\/wp\/v2\/product_tag?post=30288"}],"curies":[{"name":"wp","href":"https:\/\/api.w.org\/{rel}","templated":true}]}}