{"id":30245,"date":"2025-08-18T16:06:55","date_gmt":"2025-08-18T08:06:55","guid":{"rendered":"https:\/\/superprintpro.com\/?post_type=product&#038;p=30245"},"modified":"2025-08-18T16:55:55","modified_gmt":"2025-08-18T08:55:55","slug":"amo-hybrid-uv-inkjet-printer-am2500uvh8k24i-with-8-pieces-konica-km1024i-printhead","status":"publish","type":"product","link":"https:\/\/superprintpro.com\/pt\/produto\/amo-hybrid-uv-inkjet-printer-am2500uvh8k24i-with-8-pieces-konica-km1024i-printhead\/","title":{"rendered":"Impressora h\u00edbrida a jato de tinta UV AMO AM2500UVH8k24i com cabe\u00e7a de impress\u00e3o Konica km1024i de 8 pe\u00e7as"},"content":{"rendered":"<p>Impressora h\u00edbrida a jato de tinta UV AMO AM2500UVH8k24i com cabe\u00e7a de impress\u00e3o Konica km1024i de 8 pe\u00e7as.<\/p>\n<p>A impressora h\u00edbrida combina a impressora UV de cama plana com a impressora UV de rolo a rolo como uma m\u00e1quina, o que significa que pode imprimir em material macio de rolo a rolo e tamb\u00e9m em material de placa plana dura.<\/p>\n<p>1. Largura de impress\u00e3o de 2,5 metros; com cabe\u00e7a de impress\u00e3o de jato de tinta de alta velocidade KONICA1024i, tecnologia de gota de tinta vari\u00e1vel;<br \/>\n2. Calha de guia linear dupla de alta precis\u00e3o e corredi\u00e7a + servo motor AC duplo;<br \/>\n3. Software profissional de gest\u00e3o da cor, com fun\u00e7\u00e3o de envelhecimento da cor da cabe\u00e7a de impress\u00e3o, fun\u00e7\u00e3o de poupan\u00e7a de tinta\/tipografia inteligente, maior restauro da cor (quatro cores podem restaurar a cor \"dourada\/prateada\");<br \/>\n4. design patenteado de sistema anti-colis\u00e3o de cabe\u00e7a de aspers\u00e3o altamente sens\u00edvel; l\u00e2mpada de cura UV de arrefecimento de \u00e1gua LED;<br \/>\n5. eixo do rolo de expans\u00e3o de ar duplo + sistema de rolamento de m\u00eddia de haste flutuante de tens\u00e3o dupla para cima e para baixo, sem desvio e rugas com movimento de alta velocidade, maior precis\u00e3o de passo;<br \/>\n6. eliminador eletrost\u00e1tico de alta pot\u00eancia pode efetivamente eliminar problemas como tinta voando e borr\u00e3o causado pela eletricidade est\u00e1tica dos materiais;<br \/>\n7. A plataforma de impress\u00e3o tem a fun\u00e7\u00e3o de adsor\u00e7\u00e3o independente segmentada e ajuste independente do tamanho da adsor\u00e7\u00e3o. Com o forte soprador de turbina silencioso, pode adaptar-se \u00e0 adsor\u00e7\u00e3o de v\u00e1rios materiais com diferentes espessuras e trabalhar para diferentes materiais complexos.<\/p>\n<p>Largura m\u00e1xima de impress\u00e3o: 2500 mm<br \/>\nCabe\u00e7a de impress\u00e3o: 8 pe\u00e7as cabe\u00e7as de impress\u00e3o konica1024i<br \/>\nVelocidade de impress\u00e3o da cabe\u00e7a de impress\u00e3o de quatro filas<br \/>\nLuz exterior:35-260m\u00b2\/h<br \/>\nLuz interior:190-135m\u00b2\/h<br \/>\nC+W+C:33-66m\u00b2\/h<\/p>\n<p>Solu\u00e7\u00e3o de aplica\u00e7\u00e3o Pel\u00edcula macia\/Faixa flex\u00edvel\/Faixa flex\u00edvel revestida\/pe\u00e7a de l\u00e2mpada\/eletrost\u00e1tica transparente<br \/>\npel\u00edcula\/lona\/couro\/material t\u00eaxtil (quase todos os materiais macios) e material plano como placa de PVC, placa de acr\u00edlico, etc.<br \/>\nPot\u00eancia AC220V\/50\/60HZ\/3800W<br \/>\nTamanho da impressora: L4790mm*W1670mm*H1720mm<br \/>\nTamanho da embalagem: L4840mm*W1720mm*H1770mm<br \/>\nPeso l\u00edquido brilhante:1500 kg\/1800 k<\/p>","protected":false},"excerpt":{"rendered":"<p>Para obter informa\u00e7\u00f5es sobre os produtos e as \u00faltimas cota\u00e7\u00f5es, contactar o nosso gestor de vendas<\/p>","protected":false},"featured_media":30283,"comment_status":"open","ping_status":"closed","template":"","meta":[],"product_brand":[],"product_cat":[118],"product_tag":[],"class_list":{"0":"post-30245","1":"product","2":"type-product","3":"status-publish","4":"has-post-thumbnail","6":"product_cat-with-konica-km1024i-printheads-uv-hybrid-inkjet-printer","8":"first","9":"instock","10":"shipping-taxable","11":"purchasable","12":"product-type-simple"},"yoast_head":"<!-- This site is optimized with the Yoast SEO plugin v26.9 - https:\/\/yoast.com\/product\/yoast-seo-wordpress\/ -->\n<title>AMO Hybrid UV Inkjet Printer AM2500UVH8k24i with 8 pieces Konica km1024i printhead - Amo<\/title>\n<meta name=\"robots\" content=\"index, follow, max-snippet:-1, max-image-preview:large, max-video-preview:-1\" \/>\n<link rel=\"canonical\" href=\"https:\/\/superprintpro.com\/pt\/produto\/amo-hybrid-uv-inkjet-printer-am2500uvh8k24i-with-8-pieces-konica-km1024i-printhead\/\" \/>\n<meta property=\"og:locale\" content=\"pt_PT\" \/>\n<meta property=\"og:type\" content=\"article\" \/>\n<meta property=\"og:title\" content=\"AMO Hybrid UV Inkjet Printer AM2500UVH8k24i with 8 pieces Konica km1024i printhead - Amo\" \/>\n<meta property=\"og:description\" content=\"For product details and the latest quotes, please contact our sales manager\" \/>\n<meta property=\"og:url\" content=\"https:\/\/superprintpro.com\/pt\/produto\/amo-hybrid-uv-inkjet-printer-am2500uvh8k24i-with-8-pieces-konica-km1024i-printhead\/\" \/>\n<meta property=\"og:site_name\" content=\"Amo\" \/>\n<meta property=\"article:modified_time\" content=\"2025-08-18T08:55:55+00:00\" \/>\n<meta property=\"og:image\" content=\"https:\/\/superprintpro.com\/wp-content\/uploads\/2025\/08\/amo-hybrid-uv-inkjet-printer-am2500uvh8k24i-with-8-pieces-konica-km1024i-printhead.jpg\" \/>\n\t<meta property=\"og:image:width\" content=\"602\" \/>\n\t<meta property=\"og:image:height\" content=\"339\" \/>\n\t<meta property=\"og:image:type\" content=\"image\/jpeg\" \/>\n<meta name=\"twitter:card\" content=\"summary_large_image\" \/>\n<meta name=\"twitter:label1\" content=\"Tempo estimado de leitura\" \/>\n\t<meta name=\"twitter:data1\" content=\"1 minuto\" \/>\n<script type=\"application\/ld+json\" class=\"yoast-schema-graph\">{\"@context\":\"https:\/\/schema.org\",\"@graph\":[{\"@type\":\"WebPage\",\"@id\":\"https:\/\/superprintpro.com\/product\/amo-hybrid-uv-inkjet-printer-am2500uvh8k24i-with-8-pieces-konica-km1024i-printhead\/\",\"url\":\"https:\/\/superprintpro.com\/product\/amo-hybrid-uv-inkjet-printer-am2500uvh8k24i-with-8-pieces-konica-km1024i-printhead\/\",\"name\":\"AMO Hybrid UV Inkjet Printer AM2500UVH8k24i with 8 pieces Konica km1024i printhead - Amo\",\"isPartOf\":{\"@id\":\"https:\/\/superprintpro.com\/#website\"},\"primaryImageOfPage\":{\"@id\":\"https:\/\/superprintpro.com\/product\/amo-hybrid-uv-inkjet-printer-am2500uvh8k24i-with-8-pieces-konica-km1024i-printhead\/#primaryimage\"},\"image\":{\"@id\":\"https:\/\/superprintpro.com\/product\/amo-hybrid-uv-inkjet-printer-am2500uvh8k24i-with-8-pieces-konica-km1024i-printhead\/#primaryimage\"},\"thumbnailUrl\":\"https:\/\/superprintpro.com\/wp-content\/uploads\/2025\/08\/amo-hybrid-uv-inkjet-printer-am2500uvh8k24i-with-8-pieces-konica-km1024i-printhead.jpg\",\"datePublished\":\"2025-08-18T08:06:55+00:00\",\"dateModified\":\"2025-08-18T08:55:55+00:00\",\"breadcrumb\":{\"@id\":\"https:\/\/superprintpro.com\/product\/amo-hybrid-uv-inkjet-printer-am2500uvh8k24i-with-8-pieces-konica-km1024i-printhead\/#breadcrumb\"},\"inLanguage\":\"pt-PT\",\"potentialAction\":[{\"@type\":\"ReadAction\",\"target\":[\"https:\/\/superprintpro.com\/product\/amo-hybrid-uv-inkjet-printer-am2500uvh8k24i-with-8-pieces-konica-km1024i-printhead\/\"]}]},{\"@type\":\"ImageObject\",\"inLanguage\":\"pt-PT\",\"@id\":\"https:\/\/superprintpro.com\/product\/amo-hybrid-uv-inkjet-printer-am2500uvh8k24i-with-8-pieces-konica-km1024i-printhead\/#primaryimage\",\"url\":\"https:\/\/superprintpro.com\/wp-content\/uploads\/2025\/08\/amo-hybrid-uv-inkjet-printer-am2500uvh8k24i-with-8-pieces-konica-km1024i-printhead.jpg\",\"contentUrl\":\"https:\/\/superprintpro.com\/wp-content\/uploads\/2025\/08\/amo-hybrid-uv-inkjet-printer-am2500uvh8k24i-with-8-pieces-konica-km1024i-printhead.jpg\",\"width\":602,\"height\":339,\"caption\":\"AMO Hybrid UV Inkjet Printer AM2500UVH8k24i with 8 pieces Konica km1024i printhead\"},{\"@type\":\"BreadcrumbList\",\"@id\":\"https:\/\/superprintpro.com\/product\/amo-hybrid-uv-inkjet-printer-am2500uvh8k24i-with-8-pieces-konica-km1024i-printhead\/#breadcrumb\",\"itemListElement\":[{\"@type\":\"ListItem\",\"position\":1,\"name\":\"\u9996\u9875\",\"item\":\"https:\/\/superprintpro.com\/\"},{\"@type\":\"ListItem\",\"position\":2,\"name\":\"Shop\",\"item\":\"https:\/\/superprintpro.com\/shop\/\"},{\"@type\":\"ListItem\",\"position\":3,\"name\":\"AMO Hybrid UV Inkjet Printer AM2500UVH8k24i with 8 pieces Konica km1024i printhead\"}]},{\"@type\":\"WebSite\",\"@id\":\"https:\/\/superprintpro.com\/#website\",\"url\":\"https:\/\/superprintpro.com\/\",\"name\":\"Amo\",\"description\":\"\",\"potentialAction\":[{\"@type\":\"SearchAction\",\"target\":{\"@type\":\"EntryPoint\",\"urlTemplate\":\"https:\/\/superprintpro.com\/?s={search_term_string}\"},\"query-input\":{\"@type\":\"PropertyValueSpecification\",\"valueRequired\":true,\"valueName\":\"search_term_string\"}}],\"inLanguage\":\"pt-PT\"}]}<\/script>\n<!-- \/ Yoast SEO plugin. -->","yoast_head_json":{"title":"AMO Hybrid UV Inkjet Printer AM2500UVH8k24i with 8 pieces Konica km1024i printhead - Amo","robots":{"index":"index","follow":"follow","max-snippet":"max-snippet:-1","max-image-preview":"max-image-preview:large","max-video-preview":"max-video-preview:-1"},"canonical":"https:\/\/superprintpro.com\/pt\/produto\/amo-hybrid-uv-inkjet-printer-am2500uvh8k24i-with-8-pieces-konica-km1024i-printhead\/","og_locale":"pt_PT","og_type":"article","og_title":"AMO Hybrid UV Inkjet Printer AM2500UVH8k24i with 8 pieces Konica km1024i printhead - Amo","og_description":"For product details and the latest quotes, please contact our sales manager","og_url":"https:\/\/superprintpro.com\/pt\/produto\/amo-hybrid-uv-inkjet-printer-am2500uvh8k24i-with-8-pieces-konica-km1024i-printhead\/","og_site_name":"Amo","article_modified_time":"2025-08-18T08:55:55+00:00","og_image":[{"width":602,"height":339,"url":"https:\/\/superprintpro.com\/wp-content\/uploads\/2025\/08\/amo-hybrid-uv-inkjet-printer-am2500uvh8k24i-with-8-pieces-konica-km1024i-printhead.jpg","type":"image\/jpeg"}],"twitter_card":"summary_large_image","twitter_misc":{"Tempo estimado de leitura":"1 minuto"},"schema":{"@context":"https:\/\/schema.org","@graph":[{"@type":"WebPage","@id":"https:\/\/superprintpro.com\/product\/amo-hybrid-uv-inkjet-printer-am2500uvh8k24i-with-8-pieces-konica-km1024i-printhead\/","url":"https:\/\/superprintpro.com\/product\/amo-hybrid-uv-inkjet-printer-am2500uvh8k24i-with-8-pieces-konica-km1024i-printhead\/","name":"AMO Hybrid UV Inkjet Printer AM2500UVH8k24i with 8 pieces Konica km1024i printhead - Amo","isPartOf":{"@id":"https:\/\/superprintpro.com\/#website"},"primaryImageOfPage":{"@id":"https:\/\/superprintpro.com\/product\/amo-hybrid-uv-inkjet-printer-am2500uvh8k24i-with-8-pieces-konica-km1024i-printhead\/#primaryimage"},"image":{"@id":"https:\/\/superprintpro.com\/product\/amo-hybrid-uv-inkjet-printer-am2500uvh8k24i-with-8-pieces-konica-km1024i-printhead\/#primaryimage"},"thumbnailUrl":"https:\/\/superprintpro.com\/wp-content\/uploads\/2025\/08\/amo-hybrid-uv-inkjet-printer-am2500uvh8k24i-with-8-pieces-konica-km1024i-printhead.jpg","datePublished":"2025-08-18T08:06:55+00:00","dateModified":"2025-08-18T08:55:55+00:00","breadcrumb":{"@id":"https:\/\/superprintpro.com\/product\/amo-hybrid-uv-inkjet-printer-am2500uvh8k24i-with-8-pieces-konica-km1024i-printhead\/#breadcrumb"},"inLanguage":"pt-PT","potentialAction":[{"@type":"ReadAction","target":["https:\/\/superprintpro.com\/product\/amo-hybrid-uv-inkjet-printer-am2500uvh8k24i-with-8-pieces-konica-km1024i-printhead\/"]}]},{"@type":"ImageObject","inLanguage":"pt-PT","@id":"https:\/\/superprintpro.com\/product\/amo-hybrid-uv-inkjet-printer-am2500uvh8k24i-with-8-pieces-konica-km1024i-printhead\/#primaryimage","url":"https:\/\/superprintpro.com\/wp-content\/uploads\/2025\/08\/amo-hybrid-uv-inkjet-printer-am2500uvh8k24i-with-8-pieces-konica-km1024i-printhead.jpg","contentUrl":"https:\/\/superprintpro.com\/wp-content\/uploads\/2025\/08\/amo-hybrid-uv-inkjet-printer-am2500uvh8k24i-with-8-pieces-konica-km1024i-printhead.jpg","width":602,"height":339,"caption":"AMO Hybrid UV Inkjet Printer AM2500UVH8k24i with 8 pieces Konica km1024i printhead"},{"@type":"BreadcrumbList","@id":"https:\/\/superprintpro.com\/product\/amo-hybrid-uv-inkjet-printer-am2500uvh8k24i-with-8-pieces-konica-km1024i-printhead\/#breadcrumb","itemListElement":[{"@type":"ListItem","position":1,"name":"\u9996\u9875","item":"https:\/\/superprintpro.com\/"},{"@type":"ListItem","position":2,"name":"Shop","item":"https:\/\/superprintpro.com\/shop\/"},{"@type":"ListItem","position":3,"name":"AMO Hybrid UV Inkjet Printer AM2500UVH8k24i with 8 pieces Konica km1024i printhead"}]},{"@type":"WebSite","@id":"https:\/\/superprintpro.com\/#website","url":"https:\/\/superprintpro.com\/","name":"Amo","description":"","potentialAction":[{"@type":"SearchAction","target":{"@type":"EntryPoint","urlTemplate":"https:\/\/superprintpro.com\/?s={search_term_string}"},"query-input":{"@type":"PropertyValueSpecification","valueRequired":true,"valueName":"search_term_string"}}],"inLanguage":"pt-PT"}]}},"_links":{"self":[{"href":"https:\/\/superprintpro.com\/pt\/wp-json\/wp\/v2\/product\/30245","targetHints":{"allow":["GET"]}}],"collection":[{"href":"https:\/\/superprintpro.com\/pt\/wp-json\/wp\/v2\/product"}],"about":[{"href":"https:\/\/superprintpro.com\/pt\/wp-json\/wp\/v2\/types\/product"}],"replies":[{"embeddable":true,"href":"https:\/\/superprintpro.com\/pt\/wp-json\/wp\/v2\/comments?post=30245"}],"version-history":[{"count":1,"href":"https:\/\/superprintpro.com\/pt\/wp-json\/wp\/v2\/product\/30245\/revisions"}],"predecessor-version":[{"id":30246,"href":"https:\/\/superprintpro.com\/pt\/wp-json\/wp\/v2\/product\/30245\/revisions\/30246"}],"wp:featuredmedia":[{"embeddable":true,"href":"https:\/\/superprintpro.com\/pt\/wp-json\/wp\/v2\/media\/30283"}],"wp:attachment":[{"href":"https:\/\/superprintpro.com\/pt\/wp-json\/wp\/v2\/media?parent=30245"}],"wp:term":[{"taxonomy":"product_brand","embeddable":true,"href":"https:\/\/superprintpro.com\/pt\/wp-json\/wp\/v2\/product_brand?post=30245"},{"taxonomy":"product_cat","embeddable":true,"href":"https:\/\/superprintpro.com\/pt\/wp-json\/wp\/v2\/product_cat?post=30245"},{"taxonomy":"product_tag","embeddable":true,"href":"https:\/\/superprintpro.com\/pt\/wp-json\/wp\/v2\/product_tag?post=30245"}],"curies":[{"name":"wp","href":"https:\/\/api.w.org\/{rel}","templated":true}]}}