{"id":30182,"date":"2025-08-18T15:00:33","date_gmt":"2025-08-18T07:00:33","guid":{"rendered":"https:\/\/superprintpro.com\/?post_type=product&#038;p=30182"},"modified":"2025-08-18T15:00:33","modified_gmt":"2025-08-18T07:00:33","slug":"amo-uv-flatbed-printer-am9060uvb4i32-ai-with-4-heads-i3200-heads-and-ai-visual-system","status":"publish","type":"product","link":"https:\/\/superprintpro.com\/pt\/produto\/amo-uv-flatbed-printer-am9060uvb4i32-ai-with-4-heads-i3200-heads-and-ai-visual-system\/","title":{"rendered":"Impressora plana AMO UV AM9060UVB4i32-AI com 4 cabe\u00e7as i3200 e sistema AI Visual"},"content":{"rendered":"<p>Impressora plana AMO UV AM9060UVB4i32-AI com 4 cabe\u00e7as i3200 e sistema AI Visual<\/p>\n<p>A impressora plana 9060UV \u00e9 um dispositivo de impress\u00e3o popular no mercado, com m\u00faltiplas vantagens e fun\u00e7\u00f5es poderosas. Equipada com a cabe\u00e7a de impress\u00e3o piezoel\u00e9ctrica Epson I3200, permite obter uma impress\u00e3o de alta precis\u00e3o e alta velocidade, garantindo simultaneamente a estabilidade e a consist\u00eancia da qualidade. Utilizando um dispositivo de cura por UV, seca instantaneamente sob luz ultravioleta, eliminando a necessidade de processos de secagem adicionais. A impressora plana 9060 \u00e9 amplamente utilizada em v\u00e1rias ind\u00fastrias, como a publicidade, decora\u00e7\u00e3o, embalagens e eletr\u00f3nica. Pode imprimir produtos feitos de v\u00e1rios materiais, tais como azulejos, vidro, acr\u00edlico, placas de madeira, metal e couro. Al\u00e9m disso, pode fornecer servi\u00e7os personalizados para atender \u00e0s necessidades exclusivas dos clientes.<\/p>\n<p>Par\u00e2metros da m\u00e1quina<br \/>\nCabe\u00e7a de impress\u00e3o: Epson I3200 4H<br \/>\nSistema de impress\u00e3o : Hoson<br \/>\nTamanho da impress\u00e3o: 900mmx600mm<br \/>\nVelocidade de impress\u00e3o:<br \/>\nModo 20 m\/h<br \/>\nModo de produ\u00e7\u00e3o 15m\/h<br \/>\nModo padr\u00e3o 9 m\u00b2\/h<br \/>\nModo de qualidade 5 m\u00b2\/h<br \/>\nTipo de tinta: Tinta UV<br \/>\nCor: CMYK WV<br \/>\nTipo de suporte: cart\u00e3o plano, materiais cil\u00edndricos<br \/>\nFornecimento de tinta: Fornecimento de tinta por sif\u00e3o<br \/>\nManuten\u00e7\u00e3o da cabe\u00e7a de impress\u00e3o: Sistema de limpeza autom\u00e1tica com um bot\u00e3o para os bicos da cabe\u00e7a de impress\u00e3o<br \/>\nSoftware Rip: Maintop PP RIIN<br \/>\nInterface de dados: transmiss\u00e3o Gigabit com portas de rede duplas<br \/>\nModo de impress\u00e3o de tr\u00eas esta\u00e7\u00f5es:<br \/>\n1: Esta\u00e7\u00e3o de placas<br \/>\n2: Esta\u00e7\u00e3o de rolos<br \/>\n3: Esta\u00e7\u00e3o de cilindros<\/p>\n<p>Altura Z da cabe\u00e7a de impress\u00e3o: medi\u00e7\u00e3o autom\u00e1tica da altura do eixo Z<br \/>\nOutras fun\u00e7\u00f5es: Sistema de posicionamento por varrimento visual<\/p>\n<p>Informa\u00e7\u00f5es sobre a impressora<br \/>\ntens\u00e3o de funcionamento :220v AC<br \/>\nPot\u00eancia 4500W<br \/>\nambiente de trabalho :<br \/>\nTemperatura normal de trabalho:22-28\u2103\/humidade:40%-60%<br \/>\nTamanho da m\u00e1quina 2000MM*1420MM*1045MM<br \/>\nPacking dimensions2140MM*1660MM*1160MM<\/p>","protected":false},"excerpt":{"rendered":"<p>Para obter informa\u00e7\u00f5es sobre os produtos e as \u00faltimas cota\u00e7\u00f5es, contactar o nosso gestor de vendas<\/p>","protected":false},"featured_media":30183,"comment_status":"open","ping_status":"closed","template":"","meta":[],"product_brand":[],"product_cat":[107],"product_tag":[],"class_list":{"0":"post-30182","1":"product","2":"type-product","3":"status-publish","4":"has-post-thumbnail","6":"product_cat-with-i3200-printhead-uv-flatbed-printers","8":"first","9":"instock","10":"shipping-taxable","11":"purchasable","12":"product-type-simple"},"yoast_head":"<!-- This site is optimized with the Yoast SEO plugin v26.9 - https:\/\/yoast.com\/product\/yoast-seo-wordpress\/ -->\n<title>AMO UV Flatbed Printer AM9060UVB4i32-AI with 4 heads i3200 heads and AI Visual system - Amo<\/title>\n<meta name=\"robots\" content=\"index, follow, max-snippet:-1, max-image-preview:large, max-video-preview:-1\" \/>\n<link rel=\"canonical\" href=\"https:\/\/superprintpro.com\/pt\/produto\/amo-uv-flatbed-printer-am9060uvb4i32-ai-with-4-heads-i3200-heads-and-ai-visual-system\/\" \/>\n<meta property=\"og:locale\" content=\"pt_PT\" \/>\n<meta property=\"og:type\" content=\"article\" \/>\n<meta property=\"og:title\" content=\"AMO UV Flatbed Printer AM9060UVB4i32-AI with 4 heads i3200 heads and AI Visual system - Amo\" \/>\n<meta property=\"og:description\" content=\"For product details and the latest quotes, please contact our sales manager\" \/>\n<meta property=\"og:url\" content=\"https:\/\/superprintpro.com\/pt\/produto\/amo-uv-flatbed-printer-am9060uvb4i32-ai-with-4-heads-i3200-heads-and-ai-visual-system\/\" \/>\n<meta property=\"og:site_name\" content=\"Amo\" \/>\n<meta property=\"og:image\" content=\"https:\/\/superprintpro.com\/wp-content\/uploads\/2025\/08\/amo-uv-flatbed-printer-am9060uvb4i32-ai-with-4-heads-i3200-heads-and-ai-visual-system.jpg\" \/>\n\t<meta property=\"og:image:width\" content=\"630\" \/>\n\t<meta property=\"og:image:height\" content=\"354\" \/>\n\t<meta property=\"og:image:type\" content=\"image\/jpeg\" \/>\n<meta name=\"twitter:card\" content=\"summary_large_image\" \/>\n<meta name=\"twitter:label1\" content=\"Tempo estimado de leitura\" \/>\n\t<meta name=\"twitter:data1\" content=\"1 minuto\" \/>\n<script type=\"application\/ld+json\" class=\"yoast-schema-graph\">{\"@context\":\"https:\/\/schema.org\",\"@graph\":[{\"@type\":\"WebPage\",\"@id\":\"https:\/\/superprintpro.com\/product\/amo-uv-flatbed-printer-am9060uvb4i32-ai-with-4-heads-i3200-heads-and-ai-visual-system\/\",\"url\":\"https:\/\/superprintpro.com\/product\/amo-uv-flatbed-printer-am9060uvb4i32-ai-with-4-heads-i3200-heads-and-ai-visual-system\/\",\"name\":\"AMO UV Flatbed Printer AM9060UVB4i32-AI with 4 heads i3200 heads and AI Visual system - Amo\",\"isPartOf\":{\"@id\":\"https:\/\/superprintpro.com\/#website\"},\"primaryImageOfPage\":{\"@id\":\"https:\/\/superprintpro.com\/product\/amo-uv-flatbed-printer-am9060uvb4i32-ai-with-4-heads-i3200-heads-and-ai-visual-system\/#primaryimage\"},\"image\":{\"@id\":\"https:\/\/superprintpro.com\/product\/amo-uv-flatbed-printer-am9060uvb4i32-ai-with-4-heads-i3200-heads-and-ai-visual-system\/#primaryimage\"},\"thumbnailUrl\":\"https:\/\/superprintpro.com\/wp-content\/uploads\/2025\/08\/amo-uv-flatbed-printer-am9060uvb4i32-ai-with-4-heads-i3200-heads-and-ai-visual-system.jpg\",\"datePublished\":\"2025-08-18T07:00:33+00:00\",\"breadcrumb\":{\"@id\":\"https:\/\/superprintpro.com\/product\/amo-uv-flatbed-printer-am9060uvb4i32-ai-with-4-heads-i3200-heads-and-ai-visual-system\/#breadcrumb\"},\"inLanguage\":\"pt-PT\",\"potentialAction\":[{\"@type\":\"ReadAction\",\"target\":[\"https:\/\/superprintpro.com\/product\/amo-uv-flatbed-printer-am9060uvb4i32-ai-with-4-heads-i3200-heads-and-ai-visual-system\/\"]}]},{\"@type\":\"ImageObject\",\"inLanguage\":\"pt-PT\",\"@id\":\"https:\/\/superprintpro.com\/product\/amo-uv-flatbed-printer-am9060uvb4i32-ai-with-4-heads-i3200-heads-and-ai-visual-system\/#primaryimage\",\"url\":\"https:\/\/superprintpro.com\/wp-content\/uploads\/2025\/08\/amo-uv-flatbed-printer-am9060uvb4i32-ai-with-4-heads-i3200-heads-and-ai-visual-system.jpg\",\"contentUrl\":\"https:\/\/superprintpro.com\/wp-content\/uploads\/2025\/08\/amo-uv-flatbed-printer-am9060uvb4i32-ai-with-4-heads-i3200-heads-and-ai-visual-system.jpg\",\"width\":630,\"height\":354,\"caption\":\"AMO UV Flatbed Printer AM9060UVB4i32-AI with 4 heads i3200 heads and AI Visual system\"},{\"@type\":\"BreadcrumbList\",\"@id\":\"https:\/\/superprintpro.com\/product\/amo-uv-flatbed-printer-am9060uvb4i32-ai-with-4-heads-i3200-heads-and-ai-visual-system\/#breadcrumb\",\"itemListElement\":[{\"@type\":\"ListItem\",\"position\":1,\"name\":\"\u9996\u9875\",\"item\":\"https:\/\/superprintpro.com\/\"},{\"@type\":\"ListItem\",\"position\":2,\"name\":\"Shop\",\"item\":\"https:\/\/superprintpro.com\/shop\/\"},{\"@type\":\"ListItem\",\"position\":3,\"name\":\"AMO UV Flatbed Printer AM9060UVB4i32-AI with 4 heads i3200 heads and AI Visual system\"}]},{\"@type\":\"WebSite\",\"@id\":\"https:\/\/superprintpro.com\/#website\",\"url\":\"https:\/\/superprintpro.com\/\",\"name\":\"Amo\",\"description\":\"\",\"potentialAction\":[{\"@type\":\"SearchAction\",\"target\":{\"@type\":\"EntryPoint\",\"urlTemplate\":\"https:\/\/superprintpro.com\/?s={search_term_string}\"},\"query-input\":{\"@type\":\"PropertyValueSpecification\",\"valueRequired\":true,\"valueName\":\"search_term_string\"}}],\"inLanguage\":\"pt-PT\"}]}<\/script>\n<!-- \/ Yoast SEO plugin. -->","yoast_head_json":{"title":"AMO UV Flatbed Printer AM9060UVB4i32-AI with 4 heads i3200 heads and AI Visual system - Amo","robots":{"index":"index","follow":"follow","max-snippet":"max-snippet:-1","max-image-preview":"max-image-preview:large","max-video-preview":"max-video-preview:-1"},"canonical":"https:\/\/superprintpro.com\/pt\/produto\/amo-uv-flatbed-printer-am9060uvb4i32-ai-with-4-heads-i3200-heads-and-ai-visual-system\/","og_locale":"pt_PT","og_type":"article","og_title":"AMO UV Flatbed Printer AM9060UVB4i32-AI with 4 heads i3200 heads and AI Visual system - Amo","og_description":"For product details and the latest quotes, please contact our sales manager","og_url":"https:\/\/superprintpro.com\/pt\/produto\/amo-uv-flatbed-printer-am9060uvb4i32-ai-with-4-heads-i3200-heads-and-ai-visual-system\/","og_site_name":"Amo","og_image":[{"width":630,"height":354,"url":"https:\/\/superprintpro.com\/wp-content\/uploads\/2025\/08\/amo-uv-flatbed-printer-am9060uvb4i32-ai-with-4-heads-i3200-heads-and-ai-visual-system.jpg","type":"image\/jpeg"}],"twitter_card":"summary_large_image","twitter_misc":{"Tempo estimado de leitura":"1 minuto"},"schema":{"@context":"https:\/\/schema.org","@graph":[{"@type":"WebPage","@id":"https:\/\/superprintpro.com\/product\/amo-uv-flatbed-printer-am9060uvb4i32-ai-with-4-heads-i3200-heads-and-ai-visual-system\/","url":"https:\/\/superprintpro.com\/product\/amo-uv-flatbed-printer-am9060uvb4i32-ai-with-4-heads-i3200-heads-and-ai-visual-system\/","name":"AMO UV Flatbed Printer AM9060UVB4i32-AI with 4 heads i3200 heads and AI Visual system - Amo","isPartOf":{"@id":"https:\/\/superprintpro.com\/#website"},"primaryImageOfPage":{"@id":"https:\/\/superprintpro.com\/product\/amo-uv-flatbed-printer-am9060uvb4i32-ai-with-4-heads-i3200-heads-and-ai-visual-system\/#primaryimage"},"image":{"@id":"https:\/\/superprintpro.com\/product\/amo-uv-flatbed-printer-am9060uvb4i32-ai-with-4-heads-i3200-heads-and-ai-visual-system\/#primaryimage"},"thumbnailUrl":"https:\/\/superprintpro.com\/wp-content\/uploads\/2025\/08\/amo-uv-flatbed-printer-am9060uvb4i32-ai-with-4-heads-i3200-heads-and-ai-visual-system.jpg","datePublished":"2025-08-18T07:00:33+00:00","breadcrumb":{"@id":"https:\/\/superprintpro.com\/product\/amo-uv-flatbed-printer-am9060uvb4i32-ai-with-4-heads-i3200-heads-and-ai-visual-system\/#breadcrumb"},"inLanguage":"pt-PT","potentialAction":[{"@type":"ReadAction","target":["https:\/\/superprintpro.com\/product\/amo-uv-flatbed-printer-am9060uvb4i32-ai-with-4-heads-i3200-heads-and-ai-visual-system\/"]}]},{"@type":"ImageObject","inLanguage":"pt-PT","@id":"https:\/\/superprintpro.com\/product\/amo-uv-flatbed-printer-am9060uvb4i32-ai-with-4-heads-i3200-heads-and-ai-visual-system\/#primaryimage","url":"https:\/\/superprintpro.com\/wp-content\/uploads\/2025\/08\/amo-uv-flatbed-printer-am9060uvb4i32-ai-with-4-heads-i3200-heads-and-ai-visual-system.jpg","contentUrl":"https:\/\/superprintpro.com\/wp-content\/uploads\/2025\/08\/amo-uv-flatbed-printer-am9060uvb4i32-ai-with-4-heads-i3200-heads-and-ai-visual-system.jpg","width":630,"height":354,"caption":"AMO UV Flatbed Printer AM9060UVB4i32-AI with 4 heads i3200 heads and AI Visual system"},{"@type":"BreadcrumbList","@id":"https:\/\/superprintpro.com\/product\/amo-uv-flatbed-printer-am9060uvb4i32-ai-with-4-heads-i3200-heads-and-ai-visual-system\/#breadcrumb","itemListElement":[{"@type":"ListItem","position":1,"name":"\u9996\u9875","item":"https:\/\/superprintpro.com\/"},{"@type":"ListItem","position":2,"name":"Shop","item":"https:\/\/superprintpro.com\/shop\/"},{"@type":"ListItem","position":3,"name":"AMO UV Flatbed Printer AM9060UVB4i32-AI with 4 heads i3200 heads and AI Visual system"}]},{"@type":"WebSite","@id":"https:\/\/superprintpro.com\/#website","url":"https:\/\/superprintpro.com\/","name":"Amo","description":"","potentialAction":[{"@type":"SearchAction","target":{"@type":"EntryPoint","urlTemplate":"https:\/\/superprintpro.com\/?s={search_term_string}"},"query-input":{"@type":"PropertyValueSpecification","valueRequired":true,"valueName":"search_term_string"}}],"inLanguage":"pt-PT"}]}},"_links":{"self":[{"href":"https:\/\/superprintpro.com\/pt\/wp-json\/wp\/v2\/product\/30182","targetHints":{"allow":["GET"]}}],"collection":[{"href":"https:\/\/superprintpro.com\/pt\/wp-json\/wp\/v2\/product"}],"about":[{"href":"https:\/\/superprintpro.com\/pt\/wp-json\/wp\/v2\/types\/product"}],"replies":[{"embeddable":true,"href":"https:\/\/superprintpro.com\/pt\/wp-json\/wp\/v2\/comments?post=30182"}],"version-history":[{"count":1,"href":"https:\/\/superprintpro.com\/pt\/wp-json\/wp\/v2\/product\/30182\/revisions"}],"predecessor-version":[{"id":30184,"href":"https:\/\/superprintpro.com\/pt\/wp-json\/wp\/v2\/product\/30182\/revisions\/30184"}],"wp:featuredmedia":[{"embeddable":true,"href":"https:\/\/superprintpro.com\/pt\/wp-json\/wp\/v2\/media\/30183"}],"wp:attachment":[{"href":"https:\/\/superprintpro.com\/pt\/wp-json\/wp\/v2\/media?parent=30182"}],"wp:term":[{"taxonomy":"product_brand","embeddable":true,"href":"https:\/\/superprintpro.com\/pt\/wp-json\/wp\/v2\/product_brand?post=30182"},{"taxonomy":"product_cat","embeddable":true,"href":"https:\/\/superprintpro.com\/pt\/wp-json\/wp\/v2\/product_cat?post=30182"},{"taxonomy":"product_tag","embeddable":true,"href":"https:\/\/superprintpro.com\/pt\/wp-json\/wp\/v2\/product_tag?post=30182"}],"curies":[{"name":"wp","href":"https:\/\/api.w.org\/{rel}","templated":true}]}}