{"id":30166,"date":"2025-08-18T14:41:53","date_gmt":"2025-08-18T06:41:53","guid":{"rendered":"https:\/\/superprintpro.com\/?post_type=product&#038;p=30166"},"modified":"2025-08-18T14:41:53","modified_gmt":"2025-08-18T06:41:53","slug":"amo-uv-inkjet-printer-am3200uv8k24i-es-3-2meters-with-8-konica-1024i-printheads","status":"publish","type":"product","link":"https:\/\/superprintpro.com\/pt\/produto\/amo-uv-inkjet-printer-am3200uv8k24i-es-3-2meters-with-8-konica-1024i-printheads\/","title":{"rendered":"Impressora a jato de tinta AMO UV AM3200UV8k24i-ES 3,2 metros com 8 cabe\u00e7as de impress\u00e3o Konica 1024i"},"content":{"rendered":"<p>Impressora a jato de tinta AMO UV AM3200UV8k24i-ES 3,2 metros com 8 cabe\u00e7as de impress\u00e3o Konica 1024i<\/p>\n<p>Impressora a jato de tinta UV para pel\u00edculas macias e el\u00e1sticas AM3200UV4k24i-ES com 8 cabe\u00e7as de impress\u00e3o Konica KM1024i<\/p>\n<p>Esta s\u00e9rie n\u00e3o pode imprimir em material muito macio e el\u00e1stico, como pel\u00edcula macia, mas \u00e9 bastante econ\u00f3mica para imprimir em bandeira flex\u00edvel, bandeira flex\u00edvel revestida, vinil, malha, vis\u00e3o unidirecional, tela<\/p>\n<p>1. sistema de aquecimento do bico da cabe\u00e7a de impress\u00e3o e circula\u00e7\u00e3o de tinta: A placa do bocal da cabe\u00e7a de impress\u00e3o integra uma fun\u00e7\u00e3o de aquecimento para garantir uma estabilidade \u00f3ptima do fluxo de tinta em ambientes com temperaturas vari\u00e1veis. A tinta incorporada<br \/>\nO sistema de circula\u00e7\u00e3o evita a sedimenta\u00e7\u00e3o do pigmento nos bicos, reduzindo efetivamente os riscos de entupimento dos bicos.<br \/>\n2. design do tanque de tinta secund\u00e1ria totalmente transparente e controlo independente da press\u00e3o da cor:(1) A constru\u00e7\u00e3o transparente permite uma resolu\u00e7\u00e3o de problemas mais f\u00e1cil e reduz o tempo de manuten\u00e7\u00e3o.(2)<br \/>\nMecanismos independentes de ajuste da press\u00e3o optimizam a efici\u00eancia do consumo de tinta.<br \/>\n3. sistema de aquecimento\/secagem de alta pot\u00eancia: Inclui zonas de aquecimento segmentadas para melhorar a absor\u00e7\u00e3o da tinta do material e a solidez da cor. Incorpora um sistema de ar t\u00e9rmico incorporado<br \/>\nc\u00e2mara de circula\u00e7\u00e3o acoplada a um sistema de desvio de ar frio, permitindo um arrefecimento r\u00e1pido ap\u00f3s a secagem para garantir detalhes mais finos e acabamentos mais brilhantes.<\/p>\n<p>Par\u00e2metros da m\u00e1quina<br \/>\nLargura m\u00e1xima de impress\u00e3o 3200MM<br \/>\nCabe\u00e7as de impress\u00e3o:   8 Konica1024i<br \/>\nVelocidade de impress\u00e3o:<br \/>\nLuz exterior Modo 90m\u00b2\/h<br \/>\nModo de luz interior 54 m\u00b2\/h<\/p>\n<p>Suportes:Faixa flex\u00edvel, vinil, vis\u00e3o unidirecional, malha, papel de parede\/colcha, tecido de poli\u00e9ster, pel\u00edcula retroiluminada, papel fotogr\u00e1fico, Canva, etc.<br \/>\nSoftware RIP: software de gest\u00e3o de cores<br \/>\nAlimenta\u00e7\u00e3o: AC220\u00b110.50HZ60HZP4500W<br \/>\nEmbalagem da impressoraTamanho: L5300*W1180*H1700\/L5600*W1250*H2100<br \/>\nPeso l\u00edquido \/ peso bruto: 2500kg\/2800kg<\/p>","protected":false},"excerpt":{"rendered":"<p>Para obter informa\u00e7\u00f5es sobre os produtos e as \u00faltimas cota\u00e7\u00f5es, contactar o nosso gestor de vendas<\/p>","protected":false},"featured_media":30167,"comment_status":"open","ping_status":"closed","template":"","meta":[],"product_brand":[],"product_cat":[113],"product_tag":[],"class_list":{"0":"post-30166","1":"product","2":"type-product","3":"status-publish","4":"has-post-thumbnail","6":"product_cat-with-konica-km1024i-printhead-uv-inkjet-printers-roll-to-roll","8":"first","9":"instock","10":"shipping-taxable","11":"purchasable","12":"product-type-simple"},"yoast_head":"<!-- This site is optimized with the Yoast SEO plugin v26.9 - https:\/\/yoast.com\/product\/yoast-seo-wordpress\/ -->\n<title>AMO UV Inkjet Printer AM3200UV8k24i-ES 3.2meters with 8 Konica 1024i Printheads - Amo<\/title>\n<meta name=\"robots\" content=\"index, follow, max-snippet:-1, max-image-preview:large, max-video-preview:-1\" \/>\n<link rel=\"canonical\" href=\"https:\/\/superprintpro.com\/pt\/produto\/amo-uv-inkjet-printer-am3200uv8k24i-es-3-2meters-with-8-konica-1024i-printheads\/\" \/>\n<meta property=\"og:locale\" content=\"pt_PT\" \/>\n<meta property=\"og:type\" content=\"article\" \/>\n<meta property=\"og:title\" content=\"AMO UV Inkjet Printer AM3200UV8k24i-ES 3.2meters with 8 Konica 1024i Printheads - Amo\" \/>\n<meta property=\"og:description\" content=\"For product details and the latest quotes, please contact our sales manager\" \/>\n<meta property=\"og:url\" content=\"https:\/\/superprintpro.com\/pt\/produto\/amo-uv-inkjet-printer-am3200uv8k24i-es-3-2meters-with-8-konica-1024i-printheads\/\" \/>\n<meta property=\"og:site_name\" content=\"Amo\" \/>\n<meta property=\"og:image\" content=\"https:\/\/superprintpro.com\/wp-content\/uploads\/2025\/08\/amo-uv-inkjet-printer-am3200uv8k24i-es-32meters-with-8-konica-1024i-printheads.jpg\" \/>\n\t<meta property=\"og:image:width\" content=\"828\" \/>\n\t<meta property=\"og:image:height\" content=\"466\" \/>\n\t<meta property=\"og:image:type\" content=\"image\/jpeg\" \/>\n<meta name=\"twitter:card\" content=\"summary_large_image\" \/>\n<meta name=\"twitter:label1\" content=\"Tempo estimado de leitura\" \/>\n\t<meta name=\"twitter:data1\" content=\"1 minuto\" \/>\n<script type=\"application\/ld+json\" class=\"yoast-schema-graph\">{\"@context\":\"https:\/\/schema.org\",\"@graph\":[{\"@type\":\"WebPage\",\"@id\":\"https:\/\/superprintpro.com\/product\/amo-uv-inkjet-printer-am3200uv8k24i-es-3-2meters-with-8-konica-1024i-printheads\/\",\"url\":\"https:\/\/superprintpro.com\/product\/amo-uv-inkjet-printer-am3200uv8k24i-es-3-2meters-with-8-konica-1024i-printheads\/\",\"name\":\"AMO UV Inkjet Printer AM3200UV8k24i-ES 3.2meters with 8 Konica 1024i Printheads - Amo\",\"isPartOf\":{\"@id\":\"https:\/\/superprintpro.com\/#website\"},\"primaryImageOfPage\":{\"@id\":\"https:\/\/superprintpro.com\/product\/amo-uv-inkjet-printer-am3200uv8k24i-es-3-2meters-with-8-konica-1024i-printheads\/#primaryimage\"},\"image\":{\"@id\":\"https:\/\/superprintpro.com\/product\/amo-uv-inkjet-printer-am3200uv8k24i-es-3-2meters-with-8-konica-1024i-printheads\/#primaryimage\"},\"thumbnailUrl\":\"https:\/\/superprintpro.com\/wp-content\/uploads\/2025\/08\/amo-uv-inkjet-printer-am3200uv8k24i-es-32meters-with-8-konica-1024i-printheads.jpg\",\"datePublished\":\"2025-08-18T06:41:53+00:00\",\"breadcrumb\":{\"@id\":\"https:\/\/superprintpro.com\/product\/amo-uv-inkjet-printer-am3200uv8k24i-es-3-2meters-with-8-konica-1024i-printheads\/#breadcrumb\"},\"inLanguage\":\"pt-PT\",\"potentialAction\":[{\"@type\":\"ReadAction\",\"target\":[\"https:\/\/superprintpro.com\/product\/amo-uv-inkjet-printer-am3200uv8k24i-es-3-2meters-with-8-konica-1024i-printheads\/\"]}]},{\"@type\":\"ImageObject\",\"inLanguage\":\"pt-PT\",\"@id\":\"https:\/\/superprintpro.com\/product\/amo-uv-inkjet-printer-am3200uv8k24i-es-3-2meters-with-8-konica-1024i-printheads\/#primaryimage\",\"url\":\"https:\/\/superprintpro.com\/wp-content\/uploads\/2025\/08\/amo-uv-inkjet-printer-am3200uv8k24i-es-32meters-with-8-konica-1024i-printheads.jpg\",\"contentUrl\":\"https:\/\/superprintpro.com\/wp-content\/uploads\/2025\/08\/amo-uv-inkjet-printer-am3200uv8k24i-es-32meters-with-8-konica-1024i-printheads.jpg\",\"width\":828,\"height\":466,\"caption\":\"AMO UV Inkjet Printer AM3200UV8k24i-ES 3.2meters with 8 Konica 1024i Printheads\"},{\"@type\":\"BreadcrumbList\",\"@id\":\"https:\/\/superprintpro.com\/product\/amo-uv-inkjet-printer-am3200uv8k24i-es-3-2meters-with-8-konica-1024i-printheads\/#breadcrumb\",\"itemListElement\":[{\"@type\":\"ListItem\",\"position\":1,\"name\":\"\u9996\u9875\",\"item\":\"https:\/\/superprintpro.com\/\"},{\"@type\":\"ListItem\",\"position\":2,\"name\":\"Shop\",\"item\":\"https:\/\/superprintpro.com\/shop\/\"},{\"@type\":\"ListItem\",\"position\":3,\"name\":\"AMO UV Inkjet Printer AM3200UV8k24i-ES 3.2meters with 8 Konica 1024i Printheads\"}]},{\"@type\":\"WebSite\",\"@id\":\"https:\/\/superprintpro.com\/#website\",\"url\":\"https:\/\/superprintpro.com\/\",\"name\":\"Amo\",\"description\":\"\",\"potentialAction\":[{\"@type\":\"SearchAction\",\"target\":{\"@type\":\"EntryPoint\",\"urlTemplate\":\"https:\/\/superprintpro.com\/?s={search_term_string}\"},\"query-input\":{\"@type\":\"PropertyValueSpecification\",\"valueRequired\":true,\"valueName\":\"search_term_string\"}}],\"inLanguage\":\"pt-PT\"}]}<\/script>\n<!-- \/ Yoast SEO plugin. -->","yoast_head_json":{"title":"AMO UV Inkjet Printer AM3200UV8k24i-ES 3.2meters with 8 Konica 1024i Printheads - Amo","robots":{"index":"index","follow":"follow","max-snippet":"max-snippet:-1","max-image-preview":"max-image-preview:large","max-video-preview":"max-video-preview:-1"},"canonical":"https:\/\/superprintpro.com\/pt\/produto\/amo-uv-inkjet-printer-am3200uv8k24i-es-3-2meters-with-8-konica-1024i-printheads\/","og_locale":"pt_PT","og_type":"article","og_title":"AMO UV Inkjet Printer AM3200UV8k24i-ES 3.2meters with 8 Konica 1024i Printheads - Amo","og_description":"For product details and the latest quotes, please contact our sales manager","og_url":"https:\/\/superprintpro.com\/pt\/produto\/amo-uv-inkjet-printer-am3200uv8k24i-es-3-2meters-with-8-konica-1024i-printheads\/","og_site_name":"Amo","og_image":[{"width":828,"height":466,"url":"https:\/\/superprintpro.com\/wp-content\/uploads\/2025\/08\/amo-uv-inkjet-printer-am3200uv8k24i-es-32meters-with-8-konica-1024i-printheads.jpg","type":"image\/jpeg"}],"twitter_card":"summary_large_image","twitter_misc":{"Tempo estimado de leitura":"1 minuto"},"schema":{"@context":"https:\/\/schema.org","@graph":[{"@type":"WebPage","@id":"https:\/\/superprintpro.com\/product\/amo-uv-inkjet-printer-am3200uv8k24i-es-3-2meters-with-8-konica-1024i-printheads\/","url":"https:\/\/superprintpro.com\/product\/amo-uv-inkjet-printer-am3200uv8k24i-es-3-2meters-with-8-konica-1024i-printheads\/","name":"AMO UV Inkjet Printer AM3200UV8k24i-ES 3.2meters with 8 Konica 1024i Printheads - Amo","isPartOf":{"@id":"https:\/\/superprintpro.com\/#website"},"primaryImageOfPage":{"@id":"https:\/\/superprintpro.com\/product\/amo-uv-inkjet-printer-am3200uv8k24i-es-3-2meters-with-8-konica-1024i-printheads\/#primaryimage"},"image":{"@id":"https:\/\/superprintpro.com\/product\/amo-uv-inkjet-printer-am3200uv8k24i-es-3-2meters-with-8-konica-1024i-printheads\/#primaryimage"},"thumbnailUrl":"https:\/\/superprintpro.com\/wp-content\/uploads\/2025\/08\/amo-uv-inkjet-printer-am3200uv8k24i-es-32meters-with-8-konica-1024i-printheads.jpg","datePublished":"2025-08-18T06:41:53+00:00","breadcrumb":{"@id":"https:\/\/superprintpro.com\/product\/amo-uv-inkjet-printer-am3200uv8k24i-es-3-2meters-with-8-konica-1024i-printheads\/#breadcrumb"},"inLanguage":"pt-PT","potentialAction":[{"@type":"ReadAction","target":["https:\/\/superprintpro.com\/product\/amo-uv-inkjet-printer-am3200uv8k24i-es-3-2meters-with-8-konica-1024i-printheads\/"]}]},{"@type":"ImageObject","inLanguage":"pt-PT","@id":"https:\/\/superprintpro.com\/product\/amo-uv-inkjet-printer-am3200uv8k24i-es-3-2meters-with-8-konica-1024i-printheads\/#primaryimage","url":"https:\/\/superprintpro.com\/wp-content\/uploads\/2025\/08\/amo-uv-inkjet-printer-am3200uv8k24i-es-32meters-with-8-konica-1024i-printheads.jpg","contentUrl":"https:\/\/superprintpro.com\/wp-content\/uploads\/2025\/08\/amo-uv-inkjet-printer-am3200uv8k24i-es-32meters-with-8-konica-1024i-printheads.jpg","width":828,"height":466,"caption":"AMO UV Inkjet Printer AM3200UV8k24i-ES 3.2meters with 8 Konica 1024i Printheads"},{"@type":"BreadcrumbList","@id":"https:\/\/superprintpro.com\/product\/amo-uv-inkjet-printer-am3200uv8k24i-es-3-2meters-with-8-konica-1024i-printheads\/#breadcrumb","itemListElement":[{"@type":"ListItem","position":1,"name":"\u9996\u9875","item":"https:\/\/superprintpro.com\/"},{"@type":"ListItem","position":2,"name":"Shop","item":"https:\/\/superprintpro.com\/shop\/"},{"@type":"ListItem","position":3,"name":"AMO UV Inkjet Printer AM3200UV8k24i-ES 3.2meters with 8 Konica 1024i Printheads"}]},{"@type":"WebSite","@id":"https:\/\/superprintpro.com\/#website","url":"https:\/\/superprintpro.com\/","name":"Amo","description":"","potentialAction":[{"@type":"SearchAction","target":{"@type":"EntryPoint","urlTemplate":"https:\/\/superprintpro.com\/?s={search_term_string}"},"query-input":{"@type":"PropertyValueSpecification","valueRequired":true,"valueName":"search_term_string"}}],"inLanguage":"pt-PT"}]}},"_links":{"self":[{"href":"https:\/\/superprintpro.com\/pt\/wp-json\/wp\/v2\/product\/30166","targetHints":{"allow":["GET"]}}],"collection":[{"href":"https:\/\/superprintpro.com\/pt\/wp-json\/wp\/v2\/product"}],"about":[{"href":"https:\/\/superprintpro.com\/pt\/wp-json\/wp\/v2\/types\/product"}],"replies":[{"embeddable":true,"href":"https:\/\/superprintpro.com\/pt\/wp-json\/wp\/v2\/comments?post=30166"}],"version-history":[{"count":1,"href":"https:\/\/superprintpro.com\/pt\/wp-json\/wp\/v2\/product\/30166\/revisions"}],"predecessor-version":[{"id":30168,"href":"https:\/\/superprintpro.com\/pt\/wp-json\/wp\/v2\/product\/30166\/revisions\/30168"}],"wp:featuredmedia":[{"embeddable":true,"href":"https:\/\/superprintpro.com\/pt\/wp-json\/wp\/v2\/media\/30167"}],"wp:attachment":[{"href":"https:\/\/superprintpro.com\/pt\/wp-json\/wp\/v2\/media?parent=30166"}],"wp:term":[{"taxonomy":"product_brand","embeddable":true,"href":"https:\/\/superprintpro.com\/pt\/wp-json\/wp\/v2\/product_brand?post=30166"},{"taxonomy":"product_cat","embeddable":true,"href":"https:\/\/superprintpro.com\/pt\/wp-json\/wp\/v2\/product_cat?post=30166"},{"taxonomy":"product_tag","embeddable":true,"href":"https:\/\/superprintpro.com\/pt\/wp-json\/wp\/v2\/product_tag?post=30166"}],"curies":[{"name":"wp","href":"https:\/\/api.w.org\/{rel}","templated":true}]}}