{"id":30157,"date":"2025-08-18T14:34:04","date_gmt":"2025-08-18T06:34:04","guid":{"rendered":"https:\/\/superprintpro.com\/?post_type=product&#038;p=30157"},"modified":"2025-08-18T14:34:05","modified_gmt":"2025-08-18T06:34:05","slug":"amo-uv-inkjet-printer-am3200uv4k24i-el-for-3-2meters-soft-and-elastic-film-with-4-konica-1024i-printheads","status":"publish","type":"product","link":"https:\/\/superprintpro.com\/pt\/produto\/amo-uv-inkjet-printer-am3200uv4k24i-el-for-3-2meters-soft-and-elastic-film-with-4-konica-1024i-printheads\/","title":{"rendered":"Impressora a jato de tinta AMO UV AM3200UV4k24i-EL para pel\u00edcula macia e el\u00e1stica de 3,2 metros com 4 cabe\u00e7as de impress\u00e3o Konica 1024i"},"content":{"rendered":"<p>Impressora a jato de tinta AMO UV AM3200UV4k24i-EL para pel\u00edcula macia e el\u00e1stica de 3,2 metros com 4 cabe\u00e7as de impress\u00e3o Konica 1024i<br \/>\nImpressora a jato de tinta UV para pel\u00edcula macia e el\u00e1stica AM3200UV4k24i-EL com 4 cabe\u00e7as de impress\u00e3o Konica KM1024i<\/p>\n<p>Esta s\u00e9rie de impressoras a jato de tinta UV com sufixo EL no nome do modelo est\u00e1 equipada com um sistema de rolamento especial, especialmente para materiais muito macios e el\u00e1sticos, como pel\u00edcula macia. Se voc\u00ea s\u00f3 precisa imprimir em banner Flex normal, banner Flex revestido, vinil, malha, vis\u00e3o unidirecional, tela, ent\u00e3o n\u00e3o h\u00e1 necessidade de comprar esta impressora a jato de tinta, consulte os modelos com sufixo ES no nome do modelo.<\/p>\n<p>1. sistema de aquecimento do bico da cabe\u00e7a de impress\u00e3o e circula\u00e7\u00e3o de tinta: A placa do bocal da cabe\u00e7a de impress\u00e3o integra uma fun\u00e7\u00e3o de aquecimento para garantir uma estabilidade \u00f3ptima do fluxo de tinta em ambientes com temperaturas vari\u00e1veis. A tinta incorporada<br \/>\nO sistema de circula\u00e7\u00e3o evita a sedimenta\u00e7\u00e3o do pigmento nos bicos, reduzindo efetivamente os riscos de entupimento dos bicos.<br \/>\n2. design do tanque de tinta secund\u00e1ria totalmente transparente e controlo independente da press\u00e3o da cor:(1) A constru\u00e7\u00e3o transparente permite uma resolu\u00e7\u00e3o de problemas mais f\u00e1cil e reduz o tempo de manuten\u00e7\u00e3o.(2)<br \/>\nMecanismos independentes de ajuste da press\u00e3o optimizam a efici\u00eancia do consumo de tinta.<br \/>\n3. Sistema de rolo de press\u00e3o com motor \u00fanico e calhas\/guias silenciosas: (1) Permite o ajuste em tempo real dos rolos de press\u00e3o individuais durante as opera\u00e7\u00f5es de impress\u00e3o para eliminar o enrugamento do material sem interromper a produ\u00e7\u00e3o, minimizando o desperd\u00edcio de material. (2) As calhas de guia silenciosas de alta velocidade asseguram um movimento mais suave da cabe\u00e7a de impress\u00e3o, aumentando a precis\u00e3o da impress\u00e3o e reduzindo o ru\u00eddo operacional. Este design minimiza o desgaste mec\u00e2nico e prolonga a vida \u00fatil das calhas de guia.<br \/>\n4. plataforma de v\u00e1cuo ajust\u00e1vel e modula\u00e7\u00e3o da velocidade do rolo:(1) Permite o ajuste manual do fluxo de ar durante a impress\u00e3o para resolver problemas de alimenta\u00e7\u00e3o de material causados por v\u00e1cuo excessivo, garantindo uma alimenta\u00e7\u00e3o suave de materiais com espessuras vari\u00e1veis. (2) O sistema de regula\u00e7\u00e3o da pot\u00eancia dos rolos aumenta a compatibilidade com diversos tipos de material, tanto para opera\u00e7\u00f5es de alimenta\u00e7\u00e3o como de recolha.<br \/>\n5. sistema de aquecimento\/secagem de alta pot\u00eancia: Inclui zonas de aquecimento segmentadas para melhorar a absor\u00e7\u00e3o da tinta do material e a solidez da cor. Incorpora um sistema de ar t\u00e9rmico incorporado<br \/>\nc\u00e2mara de circula\u00e7\u00e3o acoplada a um sistema de desvio de ar frio, permitindo um arrefecimento r\u00e1pido ap\u00f3s a secagem para garantir detalhes mais finos e acabamentos mais brilhantes.<\/p>\n<p>Par\u00e2metros da m\u00e1quina<br \/>\nLargura m\u00e1xima de impress\u00e3o 3200MM<br \/>\nCabe\u00e7as de impress\u00e3o:   4 Konica1024i<br \/>\nVelocidade de impress\u00e3o:<br \/>\nLuz exterior Modo 45m\u00b2\/h<br \/>\nModo de luz interior 22m\u00b2\/h<\/p>\n<p>Suportes: qualquer material macio e el\u00e1stico: pel\u00edcula macia para teto e material normal, como faixa flex\u00edvel, vinil, vis\u00e3o unidirecional, malha, papel de parede\/colcha, tecido de poli\u00e9ster, pel\u00edcula retroiluminada, papel fotogr\u00e1fico, Canva, etc.<br \/>\nSoftware RIP: software de gest\u00e3o de cores<br \/>\nAlimenta\u00e7\u00e3o: AC220\u00b110.50HZ60HZP4500W<br \/>\nEmbalagem da impressoraTamanho: L5300*W1180*H1700\/L5600*W1250*H2100<br \/>\nPeso l\u00edquido \/ peso bruto: 2500kg\/2800kg<\/p>","protected":false},"excerpt":{"rendered":"<p>Para obter informa\u00e7\u00f5es sobre os produtos e as \u00faltimas cota\u00e7\u00f5es, contactar o nosso gestor de vendas<\/p>","protected":false},"featured_media":30158,"comment_status":"open","ping_status":"closed","template":"","meta":[],"product_brand":[],"product_cat":[113],"product_tag":[],"class_list":{"0":"post-30157","1":"product","2":"type-product","3":"status-publish","4":"has-post-thumbnail","6":"product_cat-with-konica-km1024i-printhead-uv-inkjet-printers-roll-to-roll","8":"first","9":"instock","10":"shipping-taxable","11":"purchasable","12":"product-type-simple"},"yoast_head":"<!-- This site is optimized with the Yoast SEO plugin v26.9 - https:\/\/yoast.com\/product\/yoast-seo-wordpress\/ -->\n<title>AMO UV Inkjet Printer AM3200UV4k24i-EL for 3.2meters Soft and Elastic Film with 4 Konica 1024i Printheads - Amo<\/title>\n<meta name=\"robots\" content=\"index, follow, max-snippet:-1, max-image-preview:large, max-video-preview:-1\" \/>\n<link rel=\"canonical\" href=\"https:\/\/superprintpro.com\/pt\/produto\/amo-uv-inkjet-printer-am3200uv4k24i-el-for-3-2meters-soft-and-elastic-film-with-4-konica-1024i-printheads\/\" \/>\n<meta property=\"og:locale\" content=\"pt_PT\" \/>\n<meta property=\"og:type\" content=\"article\" \/>\n<meta property=\"og:title\" content=\"AMO UV Inkjet Printer AM3200UV4k24i-EL for 3.2meters Soft and Elastic Film with 4 Konica 1024i Printheads - Amo\" \/>\n<meta property=\"og:description\" content=\"For product details and the latest quotes, please contact our sales manager\" \/>\n<meta property=\"og:url\" content=\"https:\/\/superprintpro.com\/pt\/produto\/amo-uv-inkjet-printer-am3200uv4k24i-el-for-3-2meters-soft-and-elastic-film-with-4-konica-1024i-printheads\/\" \/>\n<meta property=\"og:site_name\" content=\"Amo\" \/>\n<meta property=\"article:modified_time\" content=\"2025-08-18T06:34:05+00:00\" \/>\n<meta property=\"og:image\" content=\"https:\/\/superprintpro.com\/wp-content\/uploads\/2025\/08\/amo-uv-inkjet-printer-am3200uv4k24i-el-for-32meters-soft-and-elastic-film-with-4-konica-1024i-printheads.jpg\" \/>\n\t<meta property=\"og:image:width\" content=\"828\" \/>\n\t<meta property=\"og:image:height\" content=\"466\" \/>\n\t<meta property=\"og:image:type\" content=\"image\/jpeg\" \/>\n<meta name=\"twitter:card\" content=\"summary_large_image\" \/>\n<meta name=\"twitter:label1\" content=\"Tempo estimado de leitura\" \/>\n\t<meta name=\"twitter:data1\" content=\"2 minutos\" \/>\n<script type=\"application\/ld+json\" class=\"yoast-schema-graph\">{\"@context\":\"https:\/\/schema.org\",\"@graph\":[{\"@type\":\"WebPage\",\"@id\":\"https:\/\/superprintpro.com\/product\/amo-uv-inkjet-printer-am3200uv4k24i-el-for-3-2meters-soft-and-elastic-film-with-4-konica-1024i-printheads\/\",\"url\":\"https:\/\/superprintpro.com\/product\/amo-uv-inkjet-printer-am3200uv4k24i-el-for-3-2meters-soft-and-elastic-film-with-4-konica-1024i-printheads\/\",\"name\":\"AMO UV Inkjet Printer AM3200UV4k24i-EL for 3.2meters Soft and Elastic Film with 4 Konica 1024i Printheads - Amo\",\"isPartOf\":{\"@id\":\"https:\/\/superprintpro.com\/#website\"},\"primaryImageOfPage\":{\"@id\":\"https:\/\/superprintpro.com\/product\/amo-uv-inkjet-printer-am3200uv4k24i-el-for-3-2meters-soft-and-elastic-film-with-4-konica-1024i-printheads\/#primaryimage\"},\"image\":{\"@id\":\"https:\/\/superprintpro.com\/product\/amo-uv-inkjet-printer-am3200uv4k24i-el-for-3-2meters-soft-and-elastic-film-with-4-konica-1024i-printheads\/#primaryimage\"},\"thumbnailUrl\":\"https:\/\/superprintpro.com\/wp-content\/uploads\/2025\/08\/amo-uv-inkjet-printer-am3200uv4k24i-el-for-32meters-soft-and-elastic-film-with-4-konica-1024i-printheads.jpg\",\"datePublished\":\"2025-08-18T06:34:04+00:00\",\"dateModified\":\"2025-08-18T06:34:05+00:00\",\"breadcrumb\":{\"@id\":\"https:\/\/superprintpro.com\/product\/amo-uv-inkjet-printer-am3200uv4k24i-el-for-3-2meters-soft-and-elastic-film-with-4-konica-1024i-printheads\/#breadcrumb\"},\"inLanguage\":\"pt-PT\",\"potentialAction\":[{\"@type\":\"ReadAction\",\"target\":[\"https:\/\/superprintpro.com\/product\/amo-uv-inkjet-printer-am3200uv4k24i-el-for-3-2meters-soft-and-elastic-film-with-4-konica-1024i-printheads\/\"]}]},{\"@type\":\"ImageObject\",\"inLanguage\":\"pt-PT\",\"@id\":\"https:\/\/superprintpro.com\/product\/amo-uv-inkjet-printer-am3200uv4k24i-el-for-3-2meters-soft-and-elastic-film-with-4-konica-1024i-printheads\/#primaryimage\",\"url\":\"https:\/\/superprintpro.com\/wp-content\/uploads\/2025\/08\/amo-uv-inkjet-printer-am3200uv4k24i-el-for-32meters-soft-and-elastic-film-with-4-konica-1024i-printheads.jpg\",\"contentUrl\":\"https:\/\/superprintpro.com\/wp-content\/uploads\/2025\/08\/amo-uv-inkjet-printer-am3200uv4k24i-el-for-32meters-soft-and-elastic-film-with-4-konica-1024i-printheads.jpg\",\"width\":828,\"height\":466,\"caption\":\"AMO UV Inkjet Printer AM3200UV4k24i-EL for 3.2meters Soft and Elastic Film with 4 Konica 1024i Printheads\"},{\"@type\":\"BreadcrumbList\",\"@id\":\"https:\/\/superprintpro.com\/product\/amo-uv-inkjet-printer-am3200uv4k24i-el-for-3-2meters-soft-and-elastic-film-with-4-konica-1024i-printheads\/#breadcrumb\",\"itemListElement\":[{\"@type\":\"ListItem\",\"position\":1,\"name\":\"\u9996\u9875\",\"item\":\"https:\/\/superprintpro.com\/\"},{\"@type\":\"ListItem\",\"position\":2,\"name\":\"Shop\",\"item\":\"https:\/\/superprintpro.com\/shop\/\"},{\"@type\":\"ListItem\",\"position\":3,\"name\":\"AMO UV Inkjet Printer AM3200UV4k24i-EL for 3.2meters Soft and Elastic Film with 4 Konica 1024i Printheads\"}]},{\"@type\":\"WebSite\",\"@id\":\"https:\/\/superprintpro.com\/#website\",\"url\":\"https:\/\/superprintpro.com\/\",\"name\":\"Amo\",\"description\":\"\",\"potentialAction\":[{\"@type\":\"SearchAction\",\"target\":{\"@type\":\"EntryPoint\",\"urlTemplate\":\"https:\/\/superprintpro.com\/?s={search_term_string}\"},\"query-input\":{\"@type\":\"PropertyValueSpecification\",\"valueRequired\":true,\"valueName\":\"search_term_string\"}}],\"inLanguage\":\"pt-PT\"}]}<\/script>\n<!-- \/ Yoast SEO plugin. -->","yoast_head_json":{"title":"AMO UV Inkjet Printer AM3200UV4k24i-EL for 3.2meters Soft and Elastic Film with 4 Konica 1024i Printheads - Amo","robots":{"index":"index","follow":"follow","max-snippet":"max-snippet:-1","max-image-preview":"max-image-preview:large","max-video-preview":"max-video-preview:-1"},"canonical":"https:\/\/superprintpro.com\/pt\/produto\/amo-uv-inkjet-printer-am3200uv4k24i-el-for-3-2meters-soft-and-elastic-film-with-4-konica-1024i-printheads\/","og_locale":"pt_PT","og_type":"article","og_title":"AMO UV Inkjet Printer AM3200UV4k24i-EL for 3.2meters Soft and Elastic Film with 4 Konica 1024i Printheads - Amo","og_description":"For product details and the latest quotes, please contact our sales manager","og_url":"https:\/\/superprintpro.com\/pt\/produto\/amo-uv-inkjet-printer-am3200uv4k24i-el-for-3-2meters-soft-and-elastic-film-with-4-konica-1024i-printheads\/","og_site_name":"Amo","article_modified_time":"2025-08-18T06:34:05+00:00","og_image":[{"width":828,"height":466,"url":"https:\/\/superprintpro.com\/wp-content\/uploads\/2025\/08\/amo-uv-inkjet-printer-am3200uv4k24i-el-for-32meters-soft-and-elastic-film-with-4-konica-1024i-printheads.jpg","type":"image\/jpeg"}],"twitter_card":"summary_large_image","twitter_misc":{"Tempo estimado de leitura":"2 minutos"},"schema":{"@context":"https:\/\/schema.org","@graph":[{"@type":"WebPage","@id":"https:\/\/superprintpro.com\/product\/amo-uv-inkjet-printer-am3200uv4k24i-el-for-3-2meters-soft-and-elastic-film-with-4-konica-1024i-printheads\/","url":"https:\/\/superprintpro.com\/product\/amo-uv-inkjet-printer-am3200uv4k24i-el-for-3-2meters-soft-and-elastic-film-with-4-konica-1024i-printheads\/","name":"AMO UV Inkjet Printer AM3200UV4k24i-EL for 3.2meters Soft and Elastic Film with 4 Konica 1024i Printheads - Amo","isPartOf":{"@id":"https:\/\/superprintpro.com\/#website"},"primaryImageOfPage":{"@id":"https:\/\/superprintpro.com\/product\/amo-uv-inkjet-printer-am3200uv4k24i-el-for-3-2meters-soft-and-elastic-film-with-4-konica-1024i-printheads\/#primaryimage"},"image":{"@id":"https:\/\/superprintpro.com\/product\/amo-uv-inkjet-printer-am3200uv4k24i-el-for-3-2meters-soft-and-elastic-film-with-4-konica-1024i-printheads\/#primaryimage"},"thumbnailUrl":"https:\/\/superprintpro.com\/wp-content\/uploads\/2025\/08\/amo-uv-inkjet-printer-am3200uv4k24i-el-for-32meters-soft-and-elastic-film-with-4-konica-1024i-printheads.jpg","datePublished":"2025-08-18T06:34:04+00:00","dateModified":"2025-08-18T06:34:05+00:00","breadcrumb":{"@id":"https:\/\/superprintpro.com\/product\/amo-uv-inkjet-printer-am3200uv4k24i-el-for-3-2meters-soft-and-elastic-film-with-4-konica-1024i-printheads\/#breadcrumb"},"inLanguage":"pt-PT","potentialAction":[{"@type":"ReadAction","target":["https:\/\/superprintpro.com\/product\/amo-uv-inkjet-printer-am3200uv4k24i-el-for-3-2meters-soft-and-elastic-film-with-4-konica-1024i-printheads\/"]}]},{"@type":"ImageObject","inLanguage":"pt-PT","@id":"https:\/\/superprintpro.com\/product\/amo-uv-inkjet-printer-am3200uv4k24i-el-for-3-2meters-soft-and-elastic-film-with-4-konica-1024i-printheads\/#primaryimage","url":"https:\/\/superprintpro.com\/wp-content\/uploads\/2025\/08\/amo-uv-inkjet-printer-am3200uv4k24i-el-for-32meters-soft-and-elastic-film-with-4-konica-1024i-printheads.jpg","contentUrl":"https:\/\/superprintpro.com\/wp-content\/uploads\/2025\/08\/amo-uv-inkjet-printer-am3200uv4k24i-el-for-32meters-soft-and-elastic-film-with-4-konica-1024i-printheads.jpg","width":828,"height":466,"caption":"AMO UV Inkjet Printer AM3200UV4k24i-EL for 3.2meters Soft and Elastic Film with 4 Konica 1024i Printheads"},{"@type":"BreadcrumbList","@id":"https:\/\/superprintpro.com\/product\/amo-uv-inkjet-printer-am3200uv4k24i-el-for-3-2meters-soft-and-elastic-film-with-4-konica-1024i-printheads\/#breadcrumb","itemListElement":[{"@type":"ListItem","position":1,"name":"\u9996\u9875","item":"https:\/\/superprintpro.com\/"},{"@type":"ListItem","position":2,"name":"Shop","item":"https:\/\/superprintpro.com\/shop\/"},{"@type":"ListItem","position":3,"name":"AMO UV Inkjet Printer AM3200UV4k24i-EL for 3.2meters Soft and Elastic Film with 4 Konica 1024i Printheads"}]},{"@type":"WebSite","@id":"https:\/\/superprintpro.com\/#website","url":"https:\/\/superprintpro.com\/","name":"Amo","description":"","potentialAction":[{"@type":"SearchAction","target":{"@type":"EntryPoint","urlTemplate":"https:\/\/superprintpro.com\/?s={search_term_string}"},"query-input":{"@type":"PropertyValueSpecification","valueRequired":true,"valueName":"search_term_string"}}],"inLanguage":"pt-PT"}]}},"_links":{"self":[{"href":"https:\/\/superprintpro.com\/pt\/wp-json\/wp\/v2\/product\/30157","targetHints":{"allow":["GET"]}}],"collection":[{"href":"https:\/\/superprintpro.com\/pt\/wp-json\/wp\/v2\/product"}],"about":[{"href":"https:\/\/superprintpro.com\/pt\/wp-json\/wp\/v2\/types\/product"}],"replies":[{"embeddable":true,"href":"https:\/\/superprintpro.com\/pt\/wp-json\/wp\/v2\/comments?post=30157"}],"version-history":[{"count":1,"href":"https:\/\/superprintpro.com\/pt\/wp-json\/wp\/v2\/product\/30157\/revisions"}],"predecessor-version":[{"id":30159,"href":"https:\/\/superprintpro.com\/pt\/wp-json\/wp\/v2\/product\/30157\/revisions\/30159"}],"wp:featuredmedia":[{"embeddable":true,"href":"https:\/\/superprintpro.com\/pt\/wp-json\/wp\/v2\/media\/30158"}],"wp:attachment":[{"href":"https:\/\/superprintpro.com\/pt\/wp-json\/wp\/v2\/media?parent=30157"}],"wp:term":[{"taxonomy":"product_brand","embeddable":true,"href":"https:\/\/superprintpro.com\/pt\/wp-json\/wp\/v2\/product_brand?post=30157"},{"taxonomy":"product_cat","embeddable":true,"href":"https:\/\/superprintpro.com\/pt\/wp-json\/wp\/v2\/product_cat?post=30157"},{"taxonomy":"product_tag","embeddable":true,"href":"https:\/\/superprintpro.com\/pt\/wp-json\/wp\/v2\/product_tag?post=30157"}],"curies":[{"name":"wp","href":"https:\/\/api.w.org\/{rel}","templated":true}]}}