{"id":30148,"date":"2025-08-18T11:37:04","date_gmt":"2025-08-18T03:37:04","guid":{"rendered":"https:\/\/superprintpro.com\/?post_type=product&#038;p=30148"},"modified":"2025-08-18T11:37:04","modified_gmt":"2025-08-18T03:37:04","slug":"amo-solvent-inkjet-printer-am3208k24i-3-2meters-with-8-konica-1024i-printhead","status":"publish","type":"product","link":"https:\/\/superprintpro.com\/pt\/produto\/amo-solvent-inkjet-printer-am3208k24i-3-2meters-with-8-konica-1024i-printhead\/","title":{"rendered":"Impressora a jato de tinta com solvente AMO AM3208K24i 3,2 metros com 8 cabe\u00e7as de impress\u00e3o Konica 1024i"},"content":{"rendered":"<p>Impressora a jato de tinta com solvente AMO AM3208K24i 3,2 metros com 8 cabe\u00e7as de impress\u00e3o Konica 1024i<br \/>\n1. Sistema de aquecimento da cabe\u00e7a de impress\u00e3o e circula\u00e7\u00e3o de tinta: A placa da cabe\u00e7a de impress\u00e3o integra uma fun\u00e7\u00e3o de aquecimento para garantir uma estabilidade \u00f3ptima do fluxo de tinta em ambientes com temperaturas vari\u00e1veis. A tinta incorporada<br \/>\nevita a sedimenta\u00e7\u00e3o do pigmento na cabe\u00e7a de impress\u00e3o, reduzindo efetivamente os riscos de entupimento dos bicos.<br \/>\n2. Design do tanque de tinta secund\u00e1rio totalmente transparente e controlo independente da press\u00e3o da cor:(1) A constru\u00e7\u00e3o transparente facilita a resolu\u00e7\u00e3o de problemas e reduz o tempo de manuten\u00e7\u00e3o. (2) Mecanismos independentes de ajuste da press\u00e3o optimizam a efici\u00eancia do consumo de tinta.<br \/>\n3. sistema de rolo de press\u00e3o motorizado \u00fanico e calhas\/guias silenciosas:(1) Permite o ajuste em tempo real dos rolos de press\u00e3o individuais durante as opera\u00e7\u00f5es de impress\u00e3o para eliminar o enrugamento do material sem interromper a produ\u00e7\u00e3o, minimizando o desperd\u00edcio de material. (2) As calhas de guia silenciosas de alta velocidade asseguram um movimento mais suave da cabe\u00e7a de impress\u00e3o, aumentando a precis\u00e3o da impress\u00e3o e reduzindo o ru\u00eddo operacional. Este design minimiza o desgaste mec\u00e2nico e prolonga a vida \u00fatil das calhas de guia.<br \/>\n4. Plataforma de v\u00e1cuo ajust\u00e1vel e modula\u00e7\u00e3o da velocidade do rolo:(1) Permite o ajuste manual do fluxo de ar durante a impress\u00e3o para resolver problemas de alimenta\u00e7\u00e3o de material causados por v\u00e1cuo excessivo, assegurando uma alimenta\u00e7\u00e3o suave de materiais com espessuras vari\u00e1veis.(2) O sistema de regula\u00e7\u00e3o da pot\u00eancia do rolo aumenta a compatibilidade com diversos tipos de material para opera\u00e7\u00f5es de alimenta\u00e7\u00e3o e recolha.<br \/>\n5. sistema de aquecimento\/secagem de alta pot\u00eancia: Inclui zonas de aquecimento segmentadas para melhorar a absor\u00e7\u00e3o da tinta do material e a solidez da cor. Incorpora uma c\u00e2mara de circula\u00e7\u00e3o de ar t\u00e9rmico incorporada e um sistema de desvio de ar frio, permitindo um arrefecimento r\u00e1pido ap\u00f3s a secagem para garantir detalhes mais finos e acabamentos mais brilhantes.<\/p>\n<p>Par\u00e2metros da m\u00e1quina<br \/>\nLargura m\u00e1xima de impress\u00e3o 3200MM<br \/>\nN\u00famero de cabe\u00e7as de impress\u00e3o: KM1024i(8 cabe\u00e7as)<br \/>\nVelocidade de impress\u00e3o:<br \/>\n1 passagem 600m\u00b2\/h (360*360dpi)<br \/>\n1 passagem 480m\u00b2\/h (480*360dpi)<br \/>\n2 passagens 280m\u00b2\/h (360*720dpi)<br \/>\n2 passagens 240m\u00b2\/h (480*720dpi)<\/p>\n<p>Tipo de suporte:<br \/>\nPode imprimir qualquer material macio: pel\u00edcula macia de teto, papel de parede\/colcha, tecido de poli\u00e9ster, pel\u00edcula retroiluminada, papel fotogr\u00e1fico, Canva, faixa flex\u00edvel, vinil, malha, vis\u00e3o unidirecional, faixa flex\u00edvel revestida, etc<br \/>\nRIP Softvare softvare de gest\u00e3o de cores<br \/>\nRequisitos de alimenta\u00e7\u00e3o AC220\u00b110.50HZ~60HZP4500W<br \/>\nTamanho da embalagem da impressora L5300*W1180*H1700\/L5600*W1250*H2100<br \/>\nPeso l\u00edquido brilhante1500kg\/1750kg<\/p>","protected":false},"excerpt":{"rendered":"<p>Para obter informa\u00e7\u00f5es sobre os produtos e as \u00faltimas cota\u00e7\u00f5es, contactar o nosso gestor de vendas<\/p>","protected":false},"featured_media":30149,"comment_status":"open","ping_status":"closed","template":"","meta":[],"product_brand":[],"product_cat":[105],"product_tag":[],"class_list":{"0":"post-30148","1":"product","2":"type-product","3":"status-publish","4":"has-post-thumbnail","6":"product_cat-with-konica-km1024i-printhead","8":"first","9":"instock","10":"shipping-taxable","11":"purchasable","12":"product-type-simple"},"yoast_head":"<!-- This site is optimized with the Yoast SEO plugin v26.9 - https:\/\/yoast.com\/product\/yoast-seo-wordpress\/ -->\n<title>AMO Solvent Inkjet Printer AM3208K24i 3.2meters with 8 Konica 1024i Printhead - Amo<\/title>\n<meta name=\"robots\" content=\"index, follow, max-snippet:-1, max-image-preview:large, max-video-preview:-1\" \/>\n<link rel=\"canonical\" href=\"https:\/\/superprintpro.com\/pt\/produto\/amo-solvent-inkjet-printer-am3208k24i-3-2meters-with-8-konica-1024i-printhead\/\" \/>\n<meta property=\"og:locale\" content=\"pt_PT\" \/>\n<meta property=\"og:type\" content=\"article\" \/>\n<meta property=\"og:title\" content=\"AMO Solvent Inkjet Printer AM3208K24i 3.2meters with 8 Konica 1024i Printhead - Amo\" \/>\n<meta property=\"og:description\" content=\"For product details and the latest quotes, please contact our sales manager\" \/>\n<meta property=\"og:url\" content=\"https:\/\/superprintpro.com\/pt\/produto\/amo-solvent-inkjet-printer-am3208k24i-3-2meters-with-8-konica-1024i-printhead\/\" \/>\n<meta property=\"og:site_name\" content=\"Amo\" \/>\n<meta property=\"og:image\" content=\"https:\/\/superprintpro.com\/wp-content\/uploads\/2025\/08\/amo-solvent-inkjet-printer-am3208k24i-32meters-with-8-konica-1024i-printhead.jpg\" \/>\n\t<meta property=\"og:image:width\" content=\"828\" \/>\n\t<meta property=\"og:image:height\" content=\"466\" \/>\n\t<meta property=\"og:image:type\" content=\"image\/jpeg\" \/>\n<meta name=\"twitter:card\" content=\"summary_large_image\" \/>\n<meta name=\"twitter:label1\" content=\"Tempo estimado de leitura\" \/>\n\t<meta name=\"twitter:data1\" content=\"2 minutos\" \/>\n<script type=\"application\/ld+json\" class=\"yoast-schema-graph\">{\"@context\":\"https:\/\/schema.org\",\"@graph\":[{\"@type\":\"WebPage\",\"@id\":\"https:\/\/superprintpro.com\/product\/amo-solvent-inkjet-printer-am3208k24i-3-2meters-with-8-konica-1024i-printhead\/\",\"url\":\"https:\/\/superprintpro.com\/product\/amo-solvent-inkjet-printer-am3208k24i-3-2meters-with-8-konica-1024i-printhead\/\",\"name\":\"AMO Solvent Inkjet Printer AM3208K24i 3.2meters with 8 Konica 1024i Printhead - Amo\",\"isPartOf\":{\"@id\":\"https:\/\/superprintpro.com\/#website\"},\"primaryImageOfPage\":{\"@id\":\"https:\/\/superprintpro.com\/product\/amo-solvent-inkjet-printer-am3208k24i-3-2meters-with-8-konica-1024i-printhead\/#primaryimage\"},\"image\":{\"@id\":\"https:\/\/superprintpro.com\/product\/amo-solvent-inkjet-printer-am3208k24i-3-2meters-with-8-konica-1024i-printhead\/#primaryimage\"},\"thumbnailUrl\":\"https:\/\/superprintpro.com\/wp-content\/uploads\/2025\/08\/amo-solvent-inkjet-printer-am3208k24i-32meters-with-8-konica-1024i-printhead.jpg\",\"datePublished\":\"2025-08-18T03:37:04+00:00\",\"breadcrumb\":{\"@id\":\"https:\/\/superprintpro.com\/product\/amo-solvent-inkjet-printer-am3208k24i-3-2meters-with-8-konica-1024i-printhead\/#breadcrumb\"},\"inLanguage\":\"pt-PT\",\"potentialAction\":[{\"@type\":\"ReadAction\",\"target\":[\"https:\/\/superprintpro.com\/product\/amo-solvent-inkjet-printer-am3208k24i-3-2meters-with-8-konica-1024i-printhead\/\"]}]},{\"@type\":\"ImageObject\",\"inLanguage\":\"pt-PT\",\"@id\":\"https:\/\/superprintpro.com\/product\/amo-solvent-inkjet-printer-am3208k24i-3-2meters-with-8-konica-1024i-printhead\/#primaryimage\",\"url\":\"https:\/\/superprintpro.com\/wp-content\/uploads\/2025\/08\/amo-solvent-inkjet-printer-am3208k24i-32meters-with-8-konica-1024i-printhead.jpg\",\"contentUrl\":\"https:\/\/superprintpro.com\/wp-content\/uploads\/2025\/08\/amo-solvent-inkjet-printer-am3208k24i-32meters-with-8-konica-1024i-printhead.jpg\",\"width\":828,\"height\":466,\"caption\":\"AMO Solvent Inkjet Printer AM3208K24i 3.2meters with 8 Konica 1024i Printhead\"},{\"@type\":\"BreadcrumbList\",\"@id\":\"https:\/\/superprintpro.com\/product\/amo-solvent-inkjet-printer-am3208k24i-3-2meters-with-8-konica-1024i-printhead\/#breadcrumb\",\"itemListElement\":[{\"@type\":\"ListItem\",\"position\":1,\"name\":\"\u9996\u9875\",\"item\":\"https:\/\/superprintpro.com\/\"},{\"@type\":\"ListItem\",\"position\":2,\"name\":\"Shop\",\"item\":\"https:\/\/superprintpro.com\/shop\/\"},{\"@type\":\"ListItem\",\"position\":3,\"name\":\"AMO Solvent Inkjet Printer AM3208K24i 3.2meters with 8 Konica 1024i Printhead\"}]},{\"@type\":\"WebSite\",\"@id\":\"https:\/\/superprintpro.com\/#website\",\"url\":\"https:\/\/superprintpro.com\/\",\"name\":\"Amo\",\"description\":\"\",\"potentialAction\":[{\"@type\":\"SearchAction\",\"target\":{\"@type\":\"EntryPoint\",\"urlTemplate\":\"https:\/\/superprintpro.com\/?s={search_term_string}\"},\"query-input\":{\"@type\":\"PropertyValueSpecification\",\"valueRequired\":true,\"valueName\":\"search_term_string\"}}],\"inLanguage\":\"pt-PT\"}]}<\/script>\n<!-- \/ Yoast SEO plugin. -->","yoast_head_json":{"title":"AMO Solvent Inkjet Printer AM3208K24i 3.2meters with 8 Konica 1024i Printhead - Amo","robots":{"index":"index","follow":"follow","max-snippet":"max-snippet:-1","max-image-preview":"max-image-preview:large","max-video-preview":"max-video-preview:-1"},"canonical":"https:\/\/superprintpro.com\/pt\/produto\/amo-solvent-inkjet-printer-am3208k24i-3-2meters-with-8-konica-1024i-printhead\/","og_locale":"pt_PT","og_type":"article","og_title":"AMO Solvent Inkjet Printer AM3208K24i 3.2meters with 8 Konica 1024i Printhead - Amo","og_description":"For product details and the latest quotes, please contact our sales manager","og_url":"https:\/\/superprintpro.com\/pt\/produto\/amo-solvent-inkjet-printer-am3208k24i-3-2meters-with-8-konica-1024i-printhead\/","og_site_name":"Amo","og_image":[{"width":828,"height":466,"url":"https:\/\/superprintpro.com\/wp-content\/uploads\/2025\/08\/amo-solvent-inkjet-printer-am3208k24i-32meters-with-8-konica-1024i-printhead.jpg","type":"image\/jpeg"}],"twitter_card":"summary_large_image","twitter_misc":{"Tempo estimado de leitura":"2 minutos"},"schema":{"@context":"https:\/\/schema.org","@graph":[{"@type":"WebPage","@id":"https:\/\/superprintpro.com\/product\/amo-solvent-inkjet-printer-am3208k24i-3-2meters-with-8-konica-1024i-printhead\/","url":"https:\/\/superprintpro.com\/product\/amo-solvent-inkjet-printer-am3208k24i-3-2meters-with-8-konica-1024i-printhead\/","name":"AMO Solvent Inkjet Printer AM3208K24i 3.2meters with 8 Konica 1024i Printhead - Amo","isPartOf":{"@id":"https:\/\/superprintpro.com\/#website"},"primaryImageOfPage":{"@id":"https:\/\/superprintpro.com\/product\/amo-solvent-inkjet-printer-am3208k24i-3-2meters-with-8-konica-1024i-printhead\/#primaryimage"},"image":{"@id":"https:\/\/superprintpro.com\/product\/amo-solvent-inkjet-printer-am3208k24i-3-2meters-with-8-konica-1024i-printhead\/#primaryimage"},"thumbnailUrl":"https:\/\/superprintpro.com\/wp-content\/uploads\/2025\/08\/amo-solvent-inkjet-printer-am3208k24i-32meters-with-8-konica-1024i-printhead.jpg","datePublished":"2025-08-18T03:37:04+00:00","breadcrumb":{"@id":"https:\/\/superprintpro.com\/product\/amo-solvent-inkjet-printer-am3208k24i-3-2meters-with-8-konica-1024i-printhead\/#breadcrumb"},"inLanguage":"pt-PT","potentialAction":[{"@type":"ReadAction","target":["https:\/\/superprintpro.com\/product\/amo-solvent-inkjet-printer-am3208k24i-3-2meters-with-8-konica-1024i-printhead\/"]}]},{"@type":"ImageObject","inLanguage":"pt-PT","@id":"https:\/\/superprintpro.com\/product\/amo-solvent-inkjet-printer-am3208k24i-3-2meters-with-8-konica-1024i-printhead\/#primaryimage","url":"https:\/\/superprintpro.com\/wp-content\/uploads\/2025\/08\/amo-solvent-inkjet-printer-am3208k24i-32meters-with-8-konica-1024i-printhead.jpg","contentUrl":"https:\/\/superprintpro.com\/wp-content\/uploads\/2025\/08\/amo-solvent-inkjet-printer-am3208k24i-32meters-with-8-konica-1024i-printhead.jpg","width":828,"height":466,"caption":"AMO Solvent Inkjet Printer AM3208K24i 3.2meters with 8 Konica 1024i Printhead"},{"@type":"BreadcrumbList","@id":"https:\/\/superprintpro.com\/product\/amo-solvent-inkjet-printer-am3208k24i-3-2meters-with-8-konica-1024i-printhead\/#breadcrumb","itemListElement":[{"@type":"ListItem","position":1,"name":"\u9996\u9875","item":"https:\/\/superprintpro.com\/"},{"@type":"ListItem","position":2,"name":"Shop","item":"https:\/\/superprintpro.com\/shop\/"},{"@type":"ListItem","position":3,"name":"AMO Solvent Inkjet Printer AM3208K24i 3.2meters with 8 Konica 1024i Printhead"}]},{"@type":"WebSite","@id":"https:\/\/superprintpro.com\/#website","url":"https:\/\/superprintpro.com\/","name":"Amo","description":"","potentialAction":[{"@type":"SearchAction","target":{"@type":"EntryPoint","urlTemplate":"https:\/\/superprintpro.com\/?s={search_term_string}"},"query-input":{"@type":"PropertyValueSpecification","valueRequired":true,"valueName":"search_term_string"}}],"inLanguage":"pt-PT"}]}},"_links":{"self":[{"href":"https:\/\/superprintpro.com\/pt\/wp-json\/wp\/v2\/product\/30148","targetHints":{"allow":["GET"]}}],"collection":[{"href":"https:\/\/superprintpro.com\/pt\/wp-json\/wp\/v2\/product"}],"about":[{"href":"https:\/\/superprintpro.com\/pt\/wp-json\/wp\/v2\/types\/product"}],"replies":[{"embeddable":true,"href":"https:\/\/superprintpro.com\/pt\/wp-json\/wp\/v2\/comments?post=30148"}],"version-history":[{"count":1,"href":"https:\/\/superprintpro.com\/pt\/wp-json\/wp\/v2\/product\/30148\/revisions"}],"predecessor-version":[{"id":30150,"href":"https:\/\/superprintpro.com\/pt\/wp-json\/wp\/v2\/product\/30148\/revisions\/30150"}],"wp:featuredmedia":[{"embeddable":true,"href":"https:\/\/superprintpro.com\/pt\/wp-json\/wp\/v2\/media\/30149"}],"wp:attachment":[{"href":"https:\/\/superprintpro.com\/pt\/wp-json\/wp\/v2\/media?parent=30148"}],"wp:term":[{"taxonomy":"product_brand","embeddable":true,"href":"https:\/\/superprintpro.com\/pt\/wp-json\/wp\/v2\/product_brand?post=30148"},{"taxonomy":"product_cat","embeddable":true,"href":"https:\/\/superprintpro.com\/pt\/wp-json\/wp\/v2\/product_cat?post=30148"},{"taxonomy":"product_tag","embeddable":true,"href":"https:\/\/superprintpro.com\/pt\/wp-json\/wp\/v2\/product_tag?post=30148"}],"curies":[{"name":"wp","href":"https:\/\/api.w.org\/{rel}","templated":true}]}}