{"id":30110,"date":"2025-08-18T09:58:21","date_gmt":"2025-08-18T01:58:21","guid":{"rendered":"https:\/\/superprintpro.com\/?post_type=product&#038;p=30110"},"modified":"2025-08-18T09:58:21","modified_gmt":"2025-08-18T01:58:21","slug":"am1901i32-1-9meter-inkjet-printer-with-1-i3200-printhead-the-economic-version","status":"publish","type":"product","link":"https:\/\/superprintpro.com\/pt\/produto\/am1901i32-1-9meter-inkjet-printer-with-1-i3200-printhead-the-economic-version\/","title":{"rendered":"Impressora a jato de tinta AM1901i32 de 1,9 metros com 1 cabe\u00e7a de impress\u00e3o i3200 (vers\u00e3o econ\u00f3mica)"},"content":{"rendered":"<p>Nome do modelo:AM1901i32<\/p>\n<p>Largura de impress\u00e3o: 1,9 metros<br \/>\nLargura m\u00e1xima do suporte: 1,9 metros<br \/>\nCabe\u00e7a de impress\u00e3o\uff1a Cabe\u00e7a de impress\u00e3o Epson i3200<br \/>\nN\u00famero de cabe\u00e7as de impress\u00e3o: 1 pe\u00e7a<br \/>\nResolu\u00e7\u00e3o: 1440 dpi<br \/>\nVelocidade de impress\u00e3o: Modo 4Pass 22 metros quadrados por hora<br \/>\nSuportes de impress\u00e3o: Papel PP, papel fotogr\u00e1fico, vinil, papel de transfer\u00eancia, papel com verso azul, etc.<br \/>\nCor : CMYK<br \/>\nTinta :Tinta Eco-Solvente, Tinta de Sublima\u00e7\u00e3o (ou outra tinta \u00e0 base de \u00e1gua)<br \/>\nCapacidade da tinta: 1 litro por cor<br \/>\nPorta de liga\u00e7\u00e3o ao computador: USB\/NET<br \/>\nDist\u00e2ncia entre a cabe\u00e7a de impress\u00e3o e o suporte: 2 mm a 3 mm<br \/>\nSistema de localiza\u00e7\u00e3o de impress\u00e3o: Sistema Raster e Servo<br \/>\nSistema de secagem da tinta: Ventilador e aquecedor<br \/>\nSistema de motor e acionador: Motor e acionador combinados de alta precis\u00e3o para o carro e o passo<br \/>\nSistema de impress\u00e3o: Sengyang<br \/>\nEsta\u00e7\u00e3o de tinta: Alum\u00ednio de alta precis\u00e3o Esta\u00e7\u00e3o de manuten\u00e7\u00e3o da cabe\u00e7a de impress\u00e3o.<br \/>\nSoftware Rip : Maintop, RIIN, Photoprint<br \/>\nFormato da fotografia: JPG,TIFF,BMP,PDF<br \/>\nSistema de aquecimento: Equipamento do sistema de controlo autom\u00e1tico da temperatura.<br \/>\nSistema de fornecimento de suportes de impress\u00e3o: Sistema autom\u00e1tico de enrolamento de suportes de impress\u00e3o<br \/>\nPeso m\u00e1ximo do suporte: 90 kg<br \/>\nNecessidade de energia: 50\/60HZ 220V AC<br \/>\nTemperatura de funcionamento: 20-25 CESUS<br \/>\nHumidade de funcionamento: 40-70%<br \/>\nTamanho da m\u00e1quina: L2,980mm X W750mm X H1250mm<br \/>\nPeso l\u00edquido:210 KGS<br \/>\nTamanho da embalagem: L2,900mm X W600mm X H400mm<br \/>\nPeso bruto: 250 KGS<br \/>\n(A m\u00e1quina real pode ser um pouco diferente da impressora mostrada neste cat\u00e1logo, especialmente alguns detalhes podem ser diferentes)<\/p>","protected":false},"excerpt":{"rendered":"<p>Para obter informa\u00e7\u00f5es sobre os produtos e as \u00faltimas cota\u00e7\u00f5es, contactar o nosso gestor de vendas<\/p>","protected":false},"featured_media":30111,"comment_status":"open","ping_status":"closed","template":"","meta":[],"product_brand":[],"product_cat":[103],"product_tag":[],"class_list":{"0":"post-30110","1":"product","2":"type-product","3":"status-publish","4":"has-post-thumbnail","6":"product_cat-with-i3200-printhead","8":"first","9":"instock","10":"shipping-taxable","11":"purchasable","12":"product-type-simple"},"yoast_head":"<!-- This site is optimized with the Yoast SEO plugin v26.9 - https:\/\/yoast.com\/product\/yoast-seo-wordpress\/ -->\n<title>AM1901i32 1.9meter Inkjet printer with 1 i3200 Printhead (the economic version) - Amo<\/title>\n<meta name=\"robots\" content=\"index, follow, max-snippet:-1, max-image-preview:large, max-video-preview:-1\" \/>\n<link rel=\"canonical\" href=\"https:\/\/superprintpro.com\/pt\/produto\/am1901i32-1-9meter-inkjet-printer-with-1-i3200-printhead-the-economic-version\/\" \/>\n<meta property=\"og:locale\" content=\"pt_PT\" \/>\n<meta property=\"og:type\" content=\"article\" \/>\n<meta property=\"og:title\" content=\"AM1901i32 1.9meter Inkjet printer with 1 i3200 Printhead (the economic version) - Amo\" \/>\n<meta property=\"og:description\" content=\"For product details and the latest quotes, please contact our sales manager\" \/>\n<meta property=\"og:url\" content=\"https:\/\/superprintpro.com\/pt\/produto\/am1901i32-1-9meter-inkjet-printer-with-1-i3200-printhead-the-economic-version\/\" \/>\n<meta property=\"og:site_name\" content=\"Amo\" \/>\n<meta property=\"og:image\" content=\"https:\/\/superprintpro.com\/wp-content\/uploads\/2025\/08\/am1901i32-19meter-inkjet-printer-with-1-i3200-printhead.jpg\" \/>\n\t<meta property=\"og:image:width\" content=\"1204\" \/>\n\t<meta property=\"og:image:height\" content=\"677\" \/>\n\t<meta property=\"og:image:type\" content=\"image\/jpeg\" \/>\n<meta name=\"twitter:card\" content=\"summary_large_image\" \/>\n<meta name=\"twitter:label1\" content=\"Tempo estimado de leitura\" \/>\n\t<meta name=\"twitter:data1\" content=\"1 minuto\" \/>\n<script type=\"application\/ld+json\" class=\"yoast-schema-graph\">{\"@context\":\"https:\/\/schema.org\",\"@graph\":[{\"@type\":\"WebPage\",\"@id\":\"https:\/\/superprintpro.com\/product\/am1901i32-1-9meter-inkjet-printer-with-1-i3200-printhead-the-economic-version\/\",\"url\":\"https:\/\/superprintpro.com\/product\/am1901i32-1-9meter-inkjet-printer-with-1-i3200-printhead-the-economic-version\/\",\"name\":\"AM1901i32 1.9meter Inkjet printer with 1 i3200 Printhead (the economic version) - Amo\",\"isPartOf\":{\"@id\":\"https:\/\/superprintpro.com\/#website\"},\"primaryImageOfPage\":{\"@id\":\"https:\/\/superprintpro.com\/product\/am1901i32-1-9meter-inkjet-printer-with-1-i3200-printhead-the-economic-version\/#primaryimage\"},\"image\":{\"@id\":\"https:\/\/superprintpro.com\/product\/am1901i32-1-9meter-inkjet-printer-with-1-i3200-printhead-the-economic-version\/#primaryimage\"},\"thumbnailUrl\":\"https:\/\/superprintpro.com\/wp-content\/uploads\/2025\/08\/am1901i32-19meter-inkjet-printer-with-1-i3200-printhead.jpg\",\"datePublished\":\"2025-08-18T01:58:21+00:00\",\"breadcrumb\":{\"@id\":\"https:\/\/superprintpro.com\/product\/am1901i32-1-9meter-inkjet-printer-with-1-i3200-printhead-the-economic-version\/#breadcrumb\"},\"inLanguage\":\"pt-PT\",\"potentialAction\":[{\"@type\":\"ReadAction\",\"target\":[\"https:\/\/superprintpro.com\/product\/am1901i32-1-9meter-inkjet-printer-with-1-i3200-printhead-the-economic-version\/\"]}]},{\"@type\":\"ImageObject\",\"inLanguage\":\"pt-PT\",\"@id\":\"https:\/\/superprintpro.com\/product\/am1901i32-1-9meter-inkjet-printer-with-1-i3200-printhead-the-economic-version\/#primaryimage\",\"url\":\"https:\/\/superprintpro.com\/wp-content\/uploads\/2025\/08\/am1901i32-19meter-inkjet-printer-with-1-i3200-printhead.jpg\",\"contentUrl\":\"https:\/\/superprintpro.com\/wp-content\/uploads\/2025\/08\/am1901i32-19meter-inkjet-printer-with-1-i3200-printhead.jpg\",\"width\":1204,\"height\":677,\"caption\":\"AM1901i32 1.9meter Inkjet printer with 1 i3200 Printhead (the economic version)\"},{\"@type\":\"BreadcrumbList\",\"@id\":\"https:\/\/superprintpro.com\/product\/am1901i32-1-9meter-inkjet-printer-with-1-i3200-printhead-the-economic-version\/#breadcrumb\",\"itemListElement\":[{\"@type\":\"ListItem\",\"position\":1,\"name\":\"\u9996\u9875\",\"item\":\"https:\/\/superprintpro.com\/\"},{\"@type\":\"ListItem\",\"position\":2,\"name\":\"Shop\",\"item\":\"https:\/\/superprintpro.com\/shop\/\"},{\"@type\":\"ListItem\",\"position\":3,\"name\":\"AM1901i32 1.9meter Inkjet printer with 1 i3200 Printhead (the economic version)\"}]},{\"@type\":\"WebSite\",\"@id\":\"https:\/\/superprintpro.com\/#website\",\"url\":\"https:\/\/superprintpro.com\/\",\"name\":\"Amo\",\"description\":\"\",\"potentialAction\":[{\"@type\":\"SearchAction\",\"target\":{\"@type\":\"EntryPoint\",\"urlTemplate\":\"https:\/\/superprintpro.com\/?s={search_term_string}\"},\"query-input\":{\"@type\":\"PropertyValueSpecification\",\"valueRequired\":true,\"valueName\":\"search_term_string\"}}],\"inLanguage\":\"pt-PT\"}]}<\/script>\n<!-- \/ Yoast SEO plugin. -->","yoast_head_json":{"title":"AM1901i32 1.9meter Inkjet printer with 1 i3200 Printhead (the economic version) - Amo","robots":{"index":"index","follow":"follow","max-snippet":"max-snippet:-1","max-image-preview":"max-image-preview:large","max-video-preview":"max-video-preview:-1"},"canonical":"https:\/\/superprintpro.com\/pt\/produto\/am1901i32-1-9meter-inkjet-printer-with-1-i3200-printhead-the-economic-version\/","og_locale":"pt_PT","og_type":"article","og_title":"AM1901i32 1.9meter Inkjet printer with 1 i3200 Printhead (the economic version) - Amo","og_description":"For product details and the latest quotes, please contact our sales manager","og_url":"https:\/\/superprintpro.com\/pt\/produto\/am1901i32-1-9meter-inkjet-printer-with-1-i3200-printhead-the-economic-version\/","og_site_name":"Amo","og_image":[{"width":1204,"height":677,"url":"https:\/\/superprintpro.com\/wp-content\/uploads\/2025\/08\/am1901i32-19meter-inkjet-printer-with-1-i3200-printhead.jpg","type":"image\/jpeg"}],"twitter_card":"summary_large_image","twitter_misc":{"Tempo estimado de leitura":"1 minuto"},"schema":{"@context":"https:\/\/schema.org","@graph":[{"@type":"WebPage","@id":"https:\/\/superprintpro.com\/product\/am1901i32-1-9meter-inkjet-printer-with-1-i3200-printhead-the-economic-version\/","url":"https:\/\/superprintpro.com\/product\/am1901i32-1-9meter-inkjet-printer-with-1-i3200-printhead-the-economic-version\/","name":"AM1901i32 1.9meter Inkjet printer with 1 i3200 Printhead (the economic version) - Amo","isPartOf":{"@id":"https:\/\/superprintpro.com\/#website"},"primaryImageOfPage":{"@id":"https:\/\/superprintpro.com\/product\/am1901i32-1-9meter-inkjet-printer-with-1-i3200-printhead-the-economic-version\/#primaryimage"},"image":{"@id":"https:\/\/superprintpro.com\/product\/am1901i32-1-9meter-inkjet-printer-with-1-i3200-printhead-the-economic-version\/#primaryimage"},"thumbnailUrl":"https:\/\/superprintpro.com\/wp-content\/uploads\/2025\/08\/am1901i32-19meter-inkjet-printer-with-1-i3200-printhead.jpg","datePublished":"2025-08-18T01:58:21+00:00","breadcrumb":{"@id":"https:\/\/superprintpro.com\/product\/am1901i32-1-9meter-inkjet-printer-with-1-i3200-printhead-the-economic-version\/#breadcrumb"},"inLanguage":"pt-PT","potentialAction":[{"@type":"ReadAction","target":["https:\/\/superprintpro.com\/product\/am1901i32-1-9meter-inkjet-printer-with-1-i3200-printhead-the-economic-version\/"]}]},{"@type":"ImageObject","inLanguage":"pt-PT","@id":"https:\/\/superprintpro.com\/product\/am1901i32-1-9meter-inkjet-printer-with-1-i3200-printhead-the-economic-version\/#primaryimage","url":"https:\/\/superprintpro.com\/wp-content\/uploads\/2025\/08\/am1901i32-19meter-inkjet-printer-with-1-i3200-printhead.jpg","contentUrl":"https:\/\/superprintpro.com\/wp-content\/uploads\/2025\/08\/am1901i32-19meter-inkjet-printer-with-1-i3200-printhead.jpg","width":1204,"height":677,"caption":"AM1901i32 1.9meter Inkjet printer with 1 i3200 Printhead (the economic version)"},{"@type":"BreadcrumbList","@id":"https:\/\/superprintpro.com\/product\/am1901i32-1-9meter-inkjet-printer-with-1-i3200-printhead-the-economic-version\/#breadcrumb","itemListElement":[{"@type":"ListItem","position":1,"name":"\u9996\u9875","item":"https:\/\/superprintpro.com\/"},{"@type":"ListItem","position":2,"name":"Shop","item":"https:\/\/superprintpro.com\/shop\/"},{"@type":"ListItem","position":3,"name":"AM1901i32 1.9meter Inkjet printer with 1 i3200 Printhead (the economic version)"}]},{"@type":"WebSite","@id":"https:\/\/superprintpro.com\/#website","url":"https:\/\/superprintpro.com\/","name":"Amo","description":"","potentialAction":[{"@type":"SearchAction","target":{"@type":"EntryPoint","urlTemplate":"https:\/\/superprintpro.com\/?s={search_term_string}"},"query-input":{"@type":"PropertyValueSpecification","valueRequired":true,"valueName":"search_term_string"}}],"inLanguage":"pt-PT"}]}},"_links":{"self":[{"href":"https:\/\/superprintpro.com\/pt\/wp-json\/wp\/v2\/product\/30110","targetHints":{"allow":["GET"]}}],"collection":[{"href":"https:\/\/superprintpro.com\/pt\/wp-json\/wp\/v2\/product"}],"about":[{"href":"https:\/\/superprintpro.com\/pt\/wp-json\/wp\/v2\/types\/product"}],"replies":[{"embeddable":true,"href":"https:\/\/superprintpro.com\/pt\/wp-json\/wp\/v2\/comments?post=30110"}],"version-history":[{"count":1,"href":"https:\/\/superprintpro.com\/pt\/wp-json\/wp\/v2\/product\/30110\/revisions"}],"predecessor-version":[{"id":30112,"href":"https:\/\/superprintpro.com\/pt\/wp-json\/wp\/v2\/product\/30110\/revisions\/30112"}],"wp:featuredmedia":[{"embeddable":true,"href":"https:\/\/superprintpro.com\/pt\/wp-json\/wp\/v2\/media\/30111"}],"wp:attachment":[{"href":"https:\/\/superprintpro.com\/pt\/wp-json\/wp\/v2\/media?parent=30110"}],"wp:term":[{"taxonomy":"product_brand","embeddable":true,"href":"https:\/\/superprintpro.com\/pt\/wp-json\/wp\/v2\/product_brand?post=30110"},{"taxonomy":"product_cat","embeddable":true,"href":"https:\/\/superprintpro.com\/pt\/wp-json\/wp\/v2\/product_cat?post=30110"},{"taxonomy":"product_tag","embeddable":true,"href":"https:\/\/superprintpro.com\/pt\/wp-json\/wp\/v2\/product_tag?post=30110"}],"curies":[{"name":"wp","href":"https:\/\/api.w.org\/{rel}","templated":true}]}}