{"id":30089,"date":"2025-08-18T09:33:53","date_gmt":"2025-08-18T01:33:53","guid":{"rendered":"https:\/\/superprintpro.com\/?post_type=product&#038;p=30089"},"modified":"2025-08-18T09:36:27","modified_gmt":"2025-08-18T01:36:27","slug":"amo-uv-dtf-inkjet-printer-am604xp-uvdtf-with-4-xp600-printheads","status":"publish","type":"product","link":"https:\/\/superprintpro.com\/pt\/produto\/amo-uv-dtf-inkjet-printer-am604xp-uvdtf-with-4-xp600-printheads\/","title":{"rendered":"Impressora de jato de tinta AMO UV-DTF AM604XP-UVDTF com 4 cabe\u00e7as de impress\u00e3o XP600"},"content":{"rendered":"<p>Impressora de jato de tinta AMO UV-DTF Nome do modelo AM604XP-UVDTF<br \/>\nA impressora UV-DTF pode imprimir com tinta UV na pel\u00edcula autocolante A, revestida com cola. Durante o processo de impress\u00e3o, esta pel\u00edcula A seria laminada com uma pel\u00edcula B, que \u00e9 a pel\u00edcula de transfer\u00eancia. Por fim, esta pel\u00edcula de transfer\u00eancia B pode transferir a imagem para qualquer superf\u00edcie dura diretamente sem processo de aquecimento. Este processo \u00e9 bastante r\u00e1pido, f\u00e1cil e simples, o que o torna muito popular no sector da sinaliza\u00e7\u00e3o e da publicidade. Como se pode aplicar a quase todas as superf\u00edcies duras e lisas, como garrafas de vidro, copos, material acr\u00edlico, material cer\u00e2mico, pl\u00e1stico, pap\u00e9is, madeira, pedra, etc., qualquer superf\u00edcie lisa, plana ou redonda, funciona bem com a transfer\u00eancia r\u00e1pida de imagens sem qualquer processo de transfer\u00eancia de calor. A imagem do UV-DTF \u00e9 de alta clareza e durabilidade.  A imagem do UV-DTF \u00e9 de alta clareza e durabilidade, o que far\u00e1 com que o seu neg\u00f3cio de sinaliza\u00e7\u00e3o cres\u00e7a rapidamente nas \u00e1reas em que os seus clientes precisam<\/p>\n<p>Par\u00e2metros da m\u00e1quina<\/p>\n<p>Informa\u00e7\u00f5es sobre a cabe\u00e7a: XP600-4H (4 cabe\u00e7as xp600)<br \/>\nLargura de impress\u00e3o: 650MM<br \/>\nSistema de placa de circuitos: Hoson<br \/>\nModo de liga\u00e7\u00e3o: Liga\u00e7\u00e3o \u00e0 Internet Gigabit<br \/>\nConfigura\u00e7\u00e3o da tinta :<br \/>\nW+C+V (4 cores:Branco+Cores+Verniz)<br \/>\nVelocidade de impress\u00e3o:<br \/>\n4 passagens 8 m\u00b2\/h<br \/>\n6 passagens 5 m\u00b2\/h<br \/>\n8 passagens 2,5 m\u00b2\/h<br \/>\nTipo de suporte:<br \/>\nPel\u00edcula de transfer\u00eancia A e B<br \/>\nCarater\u00edsticas do equipamento:<br \/>\nDispositivo anti-batidas<br \/>\nCaixa de arrefecimento a \u00e1gua do sistema de cura UV +L\u00e2mpada LED UV<br \/>\nAquecimento por rolos de borracha + barra de press\u00e3o pneum\u00e1tica regul\u00e1vel<br \/>\nSistema autom\u00e1tico de alimenta\u00e7\u00e3o e descarga<br \/>\nInforma\u00e7\u00f5es sobre a impressora:<br \/>\nTens\u00e3o de funcionamento: AC220V 50\/60HZ<br \/>\nPot\u00eancia: 2500W<br \/>\nambiente de trabalho:<br \/>\nTemperatura normal de trabalho: 22-28\u2103humidade:40%-60%<br \/>\nTamanho da m\u00e1quina L1780MM W900MM H1320MM<\/p>\n<p>Dimens\u00f5es da embalagem 2300MM(L)880MM(W)960MM(H)<\/p>","protected":false},"excerpt":{"rendered":"<p>Para obter informa\u00e7\u00f5es sobre os produtos e as \u00faltimas cota\u00e7\u00f5es, contactar o nosso gestor de vendas<\/p>","protected":false},"featured_media":30090,"comment_status":"open","ping_status":"closed","template":"","meta":[],"product_brand":[],"product_cat":[123],"product_tag":[],"class_list":{"0":"post-30089","1":"product","2":"type-product","3":"status-publish","4":"has-post-thumbnail","6":"product_cat-uv-dtf-printer","8":"first","9":"instock","10":"shipping-taxable","11":"purchasable","12":"product-type-simple"},"yoast_head":"<!-- This site is optimized with the Yoast SEO plugin v26.9 - https:\/\/yoast.com\/product\/yoast-seo-wordpress\/ -->\n<title>AMO UV-DTF Inkjet Printer AM604XP-UVDTF with 4 XP600 Printheads - Amo<\/title>\n<meta name=\"robots\" content=\"index, follow, max-snippet:-1, max-image-preview:large, max-video-preview:-1\" \/>\n<link rel=\"canonical\" href=\"https:\/\/superprintpro.com\/pt\/produto\/amo-uv-dtf-inkjet-printer-am604xp-uvdtf-with-4-xp600-printheads\/\" \/>\n<meta property=\"og:locale\" content=\"pt_PT\" \/>\n<meta property=\"og:type\" content=\"article\" \/>\n<meta property=\"og:title\" content=\"AMO UV-DTF Inkjet Printer AM604XP-UVDTF with 4 XP600 Printheads - Amo\" \/>\n<meta property=\"og:description\" content=\"For product details and the latest quotes, please contact our sales manager\" \/>\n<meta property=\"og:url\" content=\"https:\/\/superprintpro.com\/pt\/produto\/amo-uv-dtf-inkjet-printer-am604xp-uvdtf-with-4-xp600-printheads\/\" \/>\n<meta property=\"og:site_name\" content=\"Amo\" \/>\n<meta property=\"article:modified_time\" content=\"2025-08-18T01:36:27+00:00\" \/>\n<meta property=\"og:image\" content=\"https:\/\/superprintpro.com\/wp-content\/uploads\/2025\/08\/amo-uv-dtf-inkjet-printer-am604xp-uvdtf-with-4-xp600-printheads.jpg\" \/>\n\t<meta property=\"og:image:width\" content=\"500\" \/>\n\t<meta property=\"og:image:height\" content=\"281\" \/>\n\t<meta property=\"og:image:type\" content=\"image\/jpeg\" \/>\n<meta name=\"twitter:card\" content=\"summary_large_image\" \/>\n<meta name=\"twitter:label1\" content=\"Tempo estimado de leitura\" \/>\n\t<meta name=\"twitter:data1\" content=\"1 minuto\" \/>\n<script type=\"application\/ld+json\" class=\"yoast-schema-graph\">{\"@context\":\"https:\/\/schema.org\",\"@graph\":[{\"@type\":\"WebPage\",\"@id\":\"https:\/\/superprintpro.com\/product\/amo-uv-dtf-inkjet-printer-am604xp-uvdtf-with-4-xp600-printheads\/\",\"url\":\"https:\/\/superprintpro.com\/product\/amo-uv-dtf-inkjet-printer-am604xp-uvdtf-with-4-xp600-printheads\/\",\"name\":\"AMO UV-DTF Inkjet Printer AM604XP-UVDTF with 4 XP600 Printheads - Amo\",\"isPartOf\":{\"@id\":\"https:\/\/superprintpro.com\/#website\"},\"primaryImageOfPage\":{\"@id\":\"https:\/\/superprintpro.com\/product\/amo-uv-dtf-inkjet-printer-am604xp-uvdtf-with-4-xp600-printheads\/#primaryimage\"},\"image\":{\"@id\":\"https:\/\/superprintpro.com\/product\/amo-uv-dtf-inkjet-printer-am604xp-uvdtf-with-4-xp600-printheads\/#primaryimage\"},\"thumbnailUrl\":\"https:\/\/superprintpro.com\/wp-content\/uploads\/2025\/08\/amo-uv-dtf-inkjet-printer-am604xp-uvdtf-with-4-xp600-printheads.jpg\",\"datePublished\":\"2025-08-18T01:33:53+00:00\",\"dateModified\":\"2025-08-18T01:36:27+00:00\",\"breadcrumb\":{\"@id\":\"https:\/\/superprintpro.com\/product\/amo-uv-dtf-inkjet-printer-am604xp-uvdtf-with-4-xp600-printheads\/#breadcrumb\"},\"inLanguage\":\"pt-PT\",\"potentialAction\":[{\"@type\":\"ReadAction\",\"target\":[\"https:\/\/superprintpro.com\/product\/amo-uv-dtf-inkjet-printer-am604xp-uvdtf-with-4-xp600-printheads\/\"]}]},{\"@type\":\"ImageObject\",\"inLanguage\":\"pt-PT\",\"@id\":\"https:\/\/superprintpro.com\/product\/amo-uv-dtf-inkjet-printer-am604xp-uvdtf-with-4-xp600-printheads\/#primaryimage\",\"url\":\"https:\/\/superprintpro.com\/wp-content\/uploads\/2025\/08\/amo-uv-dtf-inkjet-printer-am604xp-uvdtf-with-4-xp600-printheads.jpg\",\"contentUrl\":\"https:\/\/superprintpro.com\/wp-content\/uploads\/2025\/08\/amo-uv-dtf-inkjet-printer-am604xp-uvdtf-with-4-xp600-printheads.jpg\",\"width\":500,\"height\":281,\"caption\":\"AMO UV-DTF Inkjet Printer AM604XP-UVDTF with 4 XP600 Printheads\"},{\"@type\":\"BreadcrumbList\",\"@id\":\"https:\/\/superprintpro.com\/product\/amo-uv-dtf-inkjet-printer-am604xp-uvdtf-with-4-xp600-printheads\/#breadcrumb\",\"itemListElement\":[{\"@type\":\"ListItem\",\"position\":1,\"name\":\"\u9996\u9875\",\"item\":\"https:\/\/superprintpro.com\/\"},{\"@type\":\"ListItem\",\"position\":2,\"name\":\"Shop\",\"item\":\"https:\/\/superprintpro.com\/shop\/\"},{\"@type\":\"ListItem\",\"position\":3,\"name\":\"AMO UV-DTF Inkjet Printer AM604XP-UVDTF with 4 XP600 Printheads\"}]},{\"@type\":\"WebSite\",\"@id\":\"https:\/\/superprintpro.com\/#website\",\"url\":\"https:\/\/superprintpro.com\/\",\"name\":\"Amo\",\"description\":\"\",\"potentialAction\":[{\"@type\":\"SearchAction\",\"target\":{\"@type\":\"EntryPoint\",\"urlTemplate\":\"https:\/\/superprintpro.com\/?s={search_term_string}\"},\"query-input\":{\"@type\":\"PropertyValueSpecification\",\"valueRequired\":true,\"valueName\":\"search_term_string\"}}],\"inLanguage\":\"pt-PT\"}]}<\/script>\n<!-- \/ Yoast SEO plugin. -->","yoast_head_json":{"title":"AMO UV-DTF Inkjet Printer AM604XP-UVDTF with 4 XP600 Printheads - Amo","robots":{"index":"index","follow":"follow","max-snippet":"max-snippet:-1","max-image-preview":"max-image-preview:large","max-video-preview":"max-video-preview:-1"},"canonical":"https:\/\/superprintpro.com\/pt\/produto\/amo-uv-dtf-inkjet-printer-am604xp-uvdtf-with-4-xp600-printheads\/","og_locale":"pt_PT","og_type":"article","og_title":"AMO UV-DTF Inkjet Printer AM604XP-UVDTF with 4 XP600 Printheads - Amo","og_description":"For product details and the latest quotes, please contact our sales manager","og_url":"https:\/\/superprintpro.com\/pt\/produto\/amo-uv-dtf-inkjet-printer-am604xp-uvdtf-with-4-xp600-printheads\/","og_site_name":"Amo","article_modified_time":"2025-08-18T01:36:27+00:00","og_image":[{"width":500,"height":281,"url":"https:\/\/superprintpro.com\/wp-content\/uploads\/2025\/08\/amo-uv-dtf-inkjet-printer-am604xp-uvdtf-with-4-xp600-printheads.jpg","type":"image\/jpeg"}],"twitter_card":"summary_large_image","twitter_misc":{"Tempo estimado de leitura":"1 minuto"},"schema":{"@context":"https:\/\/schema.org","@graph":[{"@type":"WebPage","@id":"https:\/\/superprintpro.com\/product\/amo-uv-dtf-inkjet-printer-am604xp-uvdtf-with-4-xp600-printheads\/","url":"https:\/\/superprintpro.com\/product\/amo-uv-dtf-inkjet-printer-am604xp-uvdtf-with-4-xp600-printheads\/","name":"AMO UV-DTF Inkjet Printer AM604XP-UVDTF with 4 XP600 Printheads - Amo","isPartOf":{"@id":"https:\/\/superprintpro.com\/#website"},"primaryImageOfPage":{"@id":"https:\/\/superprintpro.com\/product\/amo-uv-dtf-inkjet-printer-am604xp-uvdtf-with-4-xp600-printheads\/#primaryimage"},"image":{"@id":"https:\/\/superprintpro.com\/product\/amo-uv-dtf-inkjet-printer-am604xp-uvdtf-with-4-xp600-printheads\/#primaryimage"},"thumbnailUrl":"https:\/\/superprintpro.com\/wp-content\/uploads\/2025\/08\/amo-uv-dtf-inkjet-printer-am604xp-uvdtf-with-4-xp600-printheads.jpg","datePublished":"2025-08-18T01:33:53+00:00","dateModified":"2025-08-18T01:36:27+00:00","breadcrumb":{"@id":"https:\/\/superprintpro.com\/product\/amo-uv-dtf-inkjet-printer-am604xp-uvdtf-with-4-xp600-printheads\/#breadcrumb"},"inLanguage":"pt-PT","potentialAction":[{"@type":"ReadAction","target":["https:\/\/superprintpro.com\/product\/amo-uv-dtf-inkjet-printer-am604xp-uvdtf-with-4-xp600-printheads\/"]}]},{"@type":"ImageObject","inLanguage":"pt-PT","@id":"https:\/\/superprintpro.com\/product\/amo-uv-dtf-inkjet-printer-am604xp-uvdtf-with-4-xp600-printheads\/#primaryimage","url":"https:\/\/superprintpro.com\/wp-content\/uploads\/2025\/08\/amo-uv-dtf-inkjet-printer-am604xp-uvdtf-with-4-xp600-printheads.jpg","contentUrl":"https:\/\/superprintpro.com\/wp-content\/uploads\/2025\/08\/amo-uv-dtf-inkjet-printer-am604xp-uvdtf-with-4-xp600-printheads.jpg","width":500,"height":281,"caption":"AMO UV-DTF Inkjet Printer AM604XP-UVDTF with 4 XP600 Printheads"},{"@type":"BreadcrumbList","@id":"https:\/\/superprintpro.com\/product\/amo-uv-dtf-inkjet-printer-am604xp-uvdtf-with-4-xp600-printheads\/#breadcrumb","itemListElement":[{"@type":"ListItem","position":1,"name":"\u9996\u9875","item":"https:\/\/superprintpro.com\/"},{"@type":"ListItem","position":2,"name":"Shop","item":"https:\/\/superprintpro.com\/shop\/"},{"@type":"ListItem","position":3,"name":"AMO UV-DTF Inkjet Printer AM604XP-UVDTF with 4 XP600 Printheads"}]},{"@type":"WebSite","@id":"https:\/\/superprintpro.com\/#website","url":"https:\/\/superprintpro.com\/","name":"Amo","description":"","potentialAction":[{"@type":"SearchAction","target":{"@type":"EntryPoint","urlTemplate":"https:\/\/superprintpro.com\/?s={search_term_string}"},"query-input":{"@type":"PropertyValueSpecification","valueRequired":true,"valueName":"search_term_string"}}],"inLanguage":"pt-PT"}]}},"_links":{"self":[{"href":"https:\/\/superprintpro.com\/pt\/wp-json\/wp\/v2\/product\/30089","targetHints":{"allow":["GET"]}}],"collection":[{"href":"https:\/\/superprintpro.com\/pt\/wp-json\/wp\/v2\/product"}],"about":[{"href":"https:\/\/superprintpro.com\/pt\/wp-json\/wp\/v2\/types\/product"}],"replies":[{"embeddable":true,"href":"https:\/\/superprintpro.com\/pt\/wp-json\/wp\/v2\/comments?post=30089"}],"version-history":[{"count":1,"href":"https:\/\/superprintpro.com\/pt\/wp-json\/wp\/v2\/product\/30089\/revisions"}],"predecessor-version":[{"id":30091,"href":"https:\/\/superprintpro.com\/pt\/wp-json\/wp\/v2\/product\/30089\/revisions\/30091"}],"wp:featuredmedia":[{"embeddable":true,"href":"https:\/\/superprintpro.com\/pt\/wp-json\/wp\/v2\/media\/30090"}],"wp:attachment":[{"href":"https:\/\/superprintpro.com\/pt\/wp-json\/wp\/v2\/media?parent=30089"}],"wp:term":[{"taxonomy":"product_brand","embeddable":true,"href":"https:\/\/superprintpro.com\/pt\/wp-json\/wp\/v2\/product_brand?post=30089"},{"taxonomy":"product_cat","embeddable":true,"href":"https:\/\/superprintpro.com\/pt\/wp-json\/wp\/v2\/product_cat?post=30089"},{"taxonomy":"product_tag","embeddable":true,"href":"https:\/\/superprintpro.com\/pt\/wp-json\/wp\/v2\/product_tag?post=30089"}],"curies":[{"name":"wp","href":"https:\/\/api.w.org\/{rel}","templated":true}]}}