{"id":29953,"date":"2025-08-13T17:23:40","date_gmt":"2025-08-13T09:23:40","guid":{"rendered":"https:\/\/superprintpro.com\/?post_type=product&#038;p=29953"},"modified":"2025-08-13T17:23:40","modified_gmt":"2025-08-13T09:23:40","slug":"dx5-original-printhead-of-mutoh-original-mutoh-drafstation-rj-900c-rj-901c-rj-900x-part-number-dg-44246","status":"publish","type":"product","link":"https:\/\/superprintpro.com\/pt\/produto\/dx5-original-printhead-of-mutoh-original-mutoh-drafstation-rj-900c-rj-901c-rj-900x-part-number-dg-44246\/","title":{"rendered":"DX5 Cabe\u00e7a de impress\u00e3o original da Mutoh Drafstation RJ-900C RJ-901C RJ-900X N\u00famero de pe\u00e7a DG-44246"},"content":{"rendered":"<p>Nome do modelo da cabe\u00e7a de impress\u00e3o: DX5 Cabe\u00e7a de impress\u00e3o original da Mutoh Drafstation RJ-900C RJ-901C RJ-900X N\u00famero de pe\u00e7a DG-44246<\/p>\n<p>N\u00famero da pe\u00e7a:   DG-44246 substituindo DF-49029<\/p>\n<p>Aplica\u00e7\u00e3o de impressoras de jato de tinta:<br \/>\nMutoh MUTOH RJ-900 RJ-900C (Drafstation) RJ-901C (Drafstation Pro) RJ-900X (Drafstation)<\/p>\n<p>Tinta compat\u00edvel para esta cabe\u00e7a: tinta \u00e0 base de \u00e1gua ou tinta de sublima\u00e7\u00e3o<\/p>\n<p>Descri\u00e7\u00e3o:<\/p>\n<p>Original DX5 original para a s\u00e9rie Mutoh RJ900<\/p>","protected":false},"excerpt":{"rendered":"<p>Para obter informa\u00e7\u00f5es sobre os produtos e as \u00faltimas cota\u00e7\u00f5es, contactar o nosso gestor de vendas<\/p>","protected":false},"featured_media":29954,"comment_status":"open","ping_status":"closed","template":"","meta":[],"product_brand":[],"product_cat":[97],"product_tag":[],"class_list":{"0":"post-29953","1":"product","2":"type-product","3":"status-publish","4":"has-post-thumbnail","6":"product_cat-mutoh-printheads","8":"first","9":"instock","10":"shipping-taxable","11":"purchasable","12":"product-type-simple"},"yoast_head":"<!-- This site is optimized with the Yoast SEO plugin v26.9 - https:\/\/yoast.com\/product\/yoast-seo-wordpress\/ -->\n<title>DX5 Original Printhead of Mutoh Original Mutoh Drafstation RJ-900C RJ-901C RJ-900X Part Number DG-44246 - Amo<\/title>\n<meta name=\"robots\" content=\"index, follow, max-snippet:-1, max-image-preview:large, max-video-preview:-1\" \/>\n<link rel=\"canonical\" href=\"https:\/\/superprintpro.com\/pt\/produto\/dx5-original-printhead-of-mutoh-original-mutoh-drafstation-rj-900c-rj-901c-rj-900x-part-number-dg-44246\/\" \/>\n<meta property=\"og:locale\" content=\"pt_PT\" \/>\n<meta property=\"og:type\" content=\"article\" \/>\n<meta property=\"og:title\" content=\"DX5 Original Printhead of Mutoh Original Mutoh Drafstation RJ-900C RJ-901C RJ-900X Part Number DG-44246 - Amo\" \/>\n<meta property=\"og:description\" content=\"For product details and the latest quotes, please contact our sales manager\" \/>\n<meta property=\"og:url\" content=\"https:\/\/superprintpro.com\/pt\/produto\/dx5-original-printhead-of-mutoh-original-mutoh-drafstation-rj-900c-rj-901c-rj-900x-part-number-dg-44246\/\" \/>\n<meta property=\"og:site_name\" content=\"Amo\" \/>\n<meta property=\"og:image\" content=\"https:\/\/superprintpro.com\/wp-content\/uploads\/2025\/08\/dx5-original-printhead-of-mutoh-original-mutoh-drafstation-rj-900c-rj-901c-rj-900x-1.jpg\" \/>\n\t<meta property=\"og:image:width\" content=\"500\" \/>\n\t<meta property=\"og:image:height\" content=\"500\" \/>\n\t<meta property=\"og:image:type\" content=\"image\/jpeg\" \/>\n<meta name=\"twitter:card\" content=\"summary_large_image\" \/>\n<script type=\"application\/ld+json\" class=\"yoast-schema-graph\">{\"@context\":\"https:\/\/schema.org\",\"@graph\":[{\"@type\":\"WebPage\",\"@id\":\"https:\/\/superprintpro.com\/product\/dx5-original-printhead-of-mutoh-original-mutoh-drafstation-rj-900c-rj-901c-rj-900x-part-number-dg-44246\/\",\"url\":\"https:\/\/superprintpro.com\/product\/dx5-original-printhead-of-mutoh-original-mutoh-drafstation-rj-900c-rj-901c-rj-900x-part-number-dg-44246\/\",\"name\":\"DX5 Original Printhead of Mutoh Original Mutoh Drafstation RJ-900C RJ-901C RJ-900X Part Number DG-44246 - Amo\",\"isPartOf\":{\"@id\":\"https:\/\/superprintpro.com\/#website\"},\"primaryImageOfPage\":{\"@id\":\"https:\/\/superprintpro.com\/product\/dx5-original-printhead-of-mutoh-original-mutoh-drafstation-rj-900c-rj-901c-rj-900x-part-number-dg-44246\/#primaryimage\"},\"image\":{\"@id\":\"https:\/\/superprintpro.com\/product\/dx5-original-printhead-of-mutoh-original-mutoh-drafstation-rj-900c-rj-901c-rj-900x-part-number-dg-44246\/#primaryimage\"},\"thumbnailUrl\":\"https:\/\/superprintpro.com\/wp-content\/uploads\/2025\/08\/dx5-original-printhead-of-mutoh-original-mutoh-drafstation-rj-900c-rj-901c-rj-900x-1.jpg\",\"datePublished\":\"2025-08-13T09:23:40+00:00\",\"breadcrumb\":{\"@id\":\"https:\/\/superprintpro.com\/product\/dx5-original-printhead-of-mutoh-original-mutoh-drafstation-rj-900c-rj-901c-rj-900x-part-number-dg-44246\/#breadcrumb\"},\"inLanguage\":\"pt-PT\",\"potentialAction\":[{\"@type\":\"ReadAction\",\"target\":[\"https:\/\/superprintpro.com\/product\/dx5-original-printhead-of-mutoh-original-mutoh-drafstation-rj-900c-rj-901c-rj-900x-part-number-dg-44246\/\"]}]},{\"@type\":\"ImageObject\",\"inLanguage\":\"pt-PT\",\"@id\":\"https:\/\/superprintpro.com\/product\/dx5-original-printhead-of-mutoh-original-mutoh-drafstation-rj-900c-rj-901c-rj-900x-part-number-dg-44246\/#primaryimage\",\"url\":\"https:\/\/superprintpro.com\/wp-content\/uploads\/2025\/08\/dx5-original-printhead-of-mutoh-original-mutoh-drafstation-rj-900c-rj-901c-rj-900x-1.jpg\",\"contentUrl\":\"https:\/\/superprintpro.com\/wp-content\/uploads\/2025\/08\/dx5-original-printhead-of-mutoh-original-mutoh-drafstation-rj-900c-rj-901c-rj-900x-1.jpg\",\"width\":500,\"height\":500,\"caption\":\"DX5 Original Printhead of Mutoh Original Mutoh Drafstation RJ-900C RJ-901C RJ-900X Part Number DG-44246\"},{\"@type\":\"BreadcrumbList\",\"@id\":\"https:\/\/superprintpro.com\/product\/dx5-original-printhead-of-mutoh-original-mutoh-drafstation-rj-900c-rj-901c-rj-900x-part-number-dg-44246\/#breadcrumb\",\"itemListElement\":[{\"@type\":\"ListItem\",\"position\":1,\"name\":\"\u9996\u9875\",\"item\":\"https:\/\/superprintpro.com\/\"},{\"@type\":\"ListItem\",\"position\":2,\"name\":\"Shop\",\"item\":\"https:\/\/superprintpro.com\/shop\/\"},{\"@type\":\"ListItem\",\"position\":3,\"name\":\"DX5 Original Printhead of Mutoh Original Mutoh Drafstation RJ-900C RJ-901C RJ-900X Part Number DG-44246\"}]},{\"@type\":\"WebSite\",\"@id\":\"https:\/\/superprintpro.com\/#website\",\"url\":\"https:\/\/superprintpro.com\/\",\"name\":\"Amo\",\"description\":\"\",\"potentialAction\":[{\"@type\":\"SearchAction\",\"target\":{\"@type\":\"EntryPoint\",\"urlTemplate\":\"https:\/\/superprintpro.com\/?s={search_term_string}\"},\"query-input\":{\"@type\":\"PropertyValueSpecification\",\"valueRequired\":true,\"valueName\":\"search_term_string\"}}],\"inLanguage\":\"pt-PT\"}]}<\/script>\n<!-- \/ Yoast SEO plugin. -->","yoast_head_json":{"title":"DX5 Original Printhead of Mutoh Original Mutoh Drafstation RJ-900C RJ-901C RJ-900X Part Number DG-44246 - Amo","robots":{"index":"index","follow":"follow","max-snippet":"max-snippet:-1","max-image-preview":"max-image-preview:large","max-video-preview":"max-video-preview:-1"},"canonical":"https:\/\/superprintpro.com\/pt\/produto\/dx5-original-printhead-of-mutoh-original-mutoh-drafstation-rj-900c-rj-901c-rj-900x-part-number-dg-44246\/","og_locale":"pt_PT","og_type":"article","og_title":"DX5 Original Printhead of Mutoh Original Mutoh Drafstation RJ-900C RJ-901C RJ-900X Part Number DG-44246 - Amo","og_description":"For product details and the latest quotes, please contact our sales manager","og_url":"https:\/\/superprintpro.com\/pt\/produto\/dx5-original-printhead-of-mutoh-original-mutoh-drafstation-rj-900c-rj-901c-rj-900x-part-number-dg-44246\/","og_site_name":"Amo","og_image":[{"width":500,"height":500,"url":"https:\/\/superprintpro.com\/wp-content\/uploads\/2025\/08\/dx5-original-printhead-of-mutoh-original-mutoh-drafstation-rj-900c-rj-901c-rj-900x-1.jpg","type":"image\/jpeg"}],"twitter_card":"summary_large_image","schema":{"@context":"https:\/\/schema.org","@graph":[{"@type":"WebPage","@id":"https:\/\/superprintpro.com\/product\/dx5-original-printhead-of-mutoh-original-mutoh-drafstation-rj-900c-rj-901c-rj-900x-part-number-dg-44246\/","url":"https:\/\/superprintpro.com\/product\/dx5-original-printhead-of-mutoh-original-mutoh-drafstation-rj-900c-rj-901c-rj-900x-part-number-dg-44246\/","name":"DX5 Original Printhead of Mutoh Original Mutoh Drafstation RJ-900C RJ-901C RJ-900X Part Number DG-44246 - Amo","isPartOf":{"@id":"https:\/\/superprintpro.com\/#website"},"primaryImageOfPage":{"@id":"https:\/\/superprintpro.com\/product\/dx5-original-printhead-of-mutoh-original-mutoh-drafstation-rj-900c-rj-901c-rj-900x-part-number-dg-44246\/#primaryimage"},"image":{"@id":"https:\/\/superprintpro.com\/product\/dx5-original-printhead-of-mutoh-original-mutoh-drafstation-rj-900c-rj-901c-rj-900x-part-number-dg-44246\/#primaryimage"},"thumbnailUrl":"https:\/\/superprintpro.com\/wp-content\/uploads\/2025\/08\/dx5-original-printhead-of-mutoh-original-mutoh-drafstation-rj-900c-rj-901c-rj-900x-1.jpg","datePublished":"2025-08-13T09:23:40+00:00","breadcrumb":{"@id":"https:\/\/superprintpro.com\/product\/dx5-original-printhead-of-mutoh-original-mutoh-drafstation-rj-900c-rj-901c-rj-900x-part-number-dg-44246\/#breadcrumb"},"inLanguage":"pt-PT","potentialAction":[{"@type":"ReadAction","target":["https:\/\/superprintpro.com\/product\/dx5-original-printhead-of-mutoh-original-mutoh-drafstation-rj-900c-rj-901c-rj-900x-part-number-dg-44246\/"]}]},{"@type":"ImageObject","inLanguage":"pt-PT","@id":"https:\/\/superprintpro.com\/product\/dx5-original-printhead-of-mutoh-original-mutoh-drafstation-rj-900c-rj-901c-rj-900x-part-number-dg-44246\/#primaryimage","url":"https:\/\/superprintpro.com\/wp-content\/uploads\/2025\/08\/dx5-original-printhead-of-mutoh-original-mutoh-drafstation-rj-900c-rj-901c-rj-900x-1.jpg","contentUrl":"https:\/\/superprintpro.com\/wp-content\/uploads\/2025\/08\/dx5-original-printhead-of-mutoh-original-mutoh-drafstation-rj-900c-rj-901c-rj-900x-1.jpg","width":500,"height":500,"caption":"DX5 Original Printhead of Mutoh Original Mutoh Drafstation RJ-900C RJ-901C RJ-900X Part Number DG-44246"},{"@type":"BreadcrumbList","@id":"https:\/\/superprintpro.com\/product\/dx5-original-printhead-of-mutoh-original-mutoh-drafstation-rj-900c-rj-901c-rj-900x-part-number-dg-44246\/#breadcrumb","itemListElement":[{"@type":"ListItem","position":1,"name":"\u9996\u9875","item":"https:\/\/superprintpro.com\/"},{"@type":"ListItem","position":2,"name":"Shop","item":"https:\/\/superprintpro.com\/shop\/"},{"@type":"ListItem","position":3,"name":"DX5 Original Printhead of Mutoh Original Mutoh Drafstation RJ-900C RJ-901C RJ-900X Part Number DG-44246"}]},{"@type":"WebSite","@id":"https:\/\/superprintpro.com\/#website","url":"https:\/\/superprintpro.com\/","name":"Amo","description":"","potentialAction":[{"@type":"SearchAction","target":{"@type":"EntryPoint","urlTemplate":"https:\/\/superprintpro.com\/?s={search_term_string}"},"query-input":{"@type":"PropertyValueSpecification","valueRequired":true,"valueName":"search_term_string"}}],"inLanguage":"pt-PT"}]}},"_links":{"self":[{"href":"https:\/\/superprintpro.com\/pt\/wp-json\/wp\/v2\/product\/29953","targetHints":{"allow":["GET"]}}],"collection":[{"href":"https:\/\/superprintpro.com\/pt\/wp-json\/wp\/v2\/product"}],"about":[{"href":"https:\/\/superprintpro.com\/pt\/wp-json\/wp\/v2\/types\/product"}],"replies":[{"embeddable":true,"href":"https:\/\/superprintpro.com\/pt\/wp-json\/wp\/v2\/comments?post=29953"}],"version-history":[{"count":1,"href":"https:\/\/superprintpro.com\/pt\/wp-json\/wp\/v2\/product\/29953\/revisions"}],"predecessor-version":[{"id":29957,"href":"https:\/\/superprintpro.com\/pt\/wp-json\/wp\/v2\/product\/29953\/revisions\/29957"}],"wp:featuredmedia":[{"embeddable":true,"href":"https:\/\/superprintpro.com\/pt\/wp-json\/wp\/v2\/media\/29954"}],"wp:attachment":[{"href":"https:\/\/superprintpro.com\/pt\/wp-json\/wp\/v2\/media?parent=29953"}],"wp:term":[{"taxonomy":"product_brand","embeddable":true,"href":"https:\/\/superprintpro.com\/pt\/wp-json\/wp\/v2\/product_brand?post=29953"},{"taxonomy":"product_cat","embeddable":true,"href":"https:\/\/superprintpro.com\/pt\/wp-json\/wp\/v2\/product_cat?post=29953"},{"taxonomy":"product_tag","embeddable":true,"href":"https:\/\/superprintpro.com\/pt\/wp-json\/wp\/v2\/product_tag?post=29953"}],"curies":[{"name":"wp","href":"https:\/\/api.w.org\/{rel}","templated":true}]}}