{"id":29724,"date":"2025-08-12T12:30:27","date_gmt":"2025-08-12T12:30:27","guid":{"rendered":"https:\/\/superprintpro.com\/?post_type=product&#038;p=29724"},"modified":"2025-08-12T12:30:27","modified_gmt":"2025-08-12T12:30:27","slug":"dx7-original-printhead-for-mimaki-jv300-130-cjv300-150-part-number-m015372","status":"publish","type":"product","link":"https:\/\/superprintpro.com\/pt\/produto\/dx7-original-printhead-for-mimaki-jv300-130-cjv300-150-part-number-m015372\/","title":{"rendered":"DX7 Cabe\u00e7a de impress\u00e3o original para Mimaki JV300-130 CJV300-150 N\u00famero de pe\u00e7a M015372"},"content":{"rendered":"<p>Nome do modelo da cabe\u00e7a de impress\u00e3o: DX7 Cabe\u00e7a de impress\u00e3o original para Mimaki JV300-130 CJV300-150 N\u00famero de pe\u00e7a M015372<\/p>\n<p>N\u00famero da pe\u00e7a:  M015372 compat\u00edvel como M015307<\/p>\n<p>Aplica\u00e7\u00e3o em impressoras de jato de tinta:  CJV150-107 \/ CJV150-107BS \/ CJV150-130 \/ CJV150-130BS \/ CJV150-160 \/ CJV150-160BS \/ CJV150-75 \/ CJV150-75BS \/ CJV300-130 \/ CJV300-130BS \/ CJV300-150 \/ CJV300-160 \/ CJV300-160BS \/ JV150-130 \/ JV150-130BS \/ JV150-160 \/ JV150-160BS \/ JV300-130 \/ JV300-130A \/ JV300-130BS \/ JV300-160 \/ JV300-160A \/ JV300-160BS<\/p>\n<p>Tinta compat\u00edvel para esta cabe\u00e7a:  Tinta Eco-Solvente ou tinta \u00e0 base de \u00e1gua<\/p>\n<p>Descri\u00e7\u00e3o:<br \/>\nDX7 original da Mimaki<\/p>","protected":false},"excerpt":{"rendered":"<p>Para obter informa\u00e7\u00f5es sobre os produtos e as \u00faltimas cota\u00e7\u00f5es, contactar o nosso gestor de vendas<\/p>","protected":false},"featured_media":29725,"comment_status":"open","ping_status":"closed","template":"","meta":[],"product_brand":[],"product_cat":[93],"product_tag":[],"class_list":{"0":"post-29724","1":"product","2":"type-product","3":"status-publish","4":"has-post-thumbnail","6":"product_cat-mimaki-printheads","8":"first","9":"instock","10":"shipping-taxable","11":"purchasable","12":"product-type-simple"},"yoast_head":"<!-- This site is optimized with the Yoast SEO plugin v26.9 - https:\/\/yoast.com\/product\/yoast-seo-wordpress\/ -->\n<title>DX7 Original Printhead for Mimaki JV300-130 CJV300-150 Part Number M015372 - Amo<\/title>\n<meta name=\"robots\" content=\"index, follow, max-snippet:-1, max-image-preview:large, max-video-preview:-1\" \/>\n<link rel=\"canonical\" href=\"https:\/\/superprintpro.com\/pt\/produto\/dx7-original-printhead-for-mimaki-jv300-130-cjv300-150-part-number-m015372\/\" \/>\n<meta property=\"og:locale\" content=\"pt_PT\" \/>\n<meta property=\"og:type\" content=\"article\" \/>\n<meta property=\"og:title\" content=\"DX7 Original Printhead for Mimaki JV300-130 CJV300-150 Part Number M015372 - Amo\" \/>\n<meta property=\"og:description\" content=\"For product details and the latest quotes, please contact our sales manager\" \/>\n<meta property=\"og:url\" content=\"https:\/\/superprintpro.com\/pt\/produto\/dx7-original-printhead-for-mimaki-jv300-130-cjv300-150-part-number-m015372\/\" \/>\n<meta property=\"og:site_name\" content=\"Amo\" \/>\n<meta property=\"og:image\" content=\"https:\/\/superprintpro.com\/wp-content\/uploads\/2025\/08\/dx7-original-printhead-for-mimaki-jv300-1.jpg\" \/>\n\t<meta property=\"og:image:width\" content=\"500\" \/>\n\t<meta property=\"og:image:height\" content=\"500\" \/>\n\t<meta property=\"og:image:type\" content=\"image\/jpeg\" \/>\n<meta name=\"twitter:card\" content=\"summary_large_image\" \/>\n<script type=\"application\/ld+json\" class=\"yoast-schema-graph\">{\"@context\":\"https:\/\/schema.org\",\"@graph\":[{\"@type\":\"WebPage\",\"@id\":\"https:\/\/superprintpro.com\/product\/dx7-original-printhead-for-mimaki-jv300-130-cjv300-150-part-number-m015372\/\",\"url\":\"https:\/\/superprintpro.com\/product\/dx7-original-printhead-for-mimaki-jv300-130-cjv300-150-part-number-m015372\/\",\"name\":\"DX7 Original Printhead for Mimaki JV300-130 CJV300-150 Part Number M015372 - Amo\",\"isPartOf\":{\"@id\":\"https:\/\/superprintpro.com\/#website\"},\"primaryImageOfPage\":{\"@id\":\"https:\/\/superprintpro.com\/product\/dx7-original-printhead-for-mimaki-jv300-130-cjv300-150-part-number-m015372\/#primaryimage\"},\"image\":{\"@id\":\"https:\/\/superprintpro.com\/product\/dx7-original-printhead-for-mimaki-jv300-130-cjv300-150-part-number-m015372\/#primaryimage\"},\"thumbnailUrl\":\"https:\/\/superprintpro.com\/wp-content\/uploads\/2025\/08\/dx7-original-printhead-for-mimaki-jv300-1.jpg\",\"datePublished\":\"2025-08-12T12:30:27+00:00\",\"breadcrumb\":{\"@id\":\"https:\/\/superprintpro.com\/product\/dx7-original-printhead-for-mimaki-jv300-130-cjv300-150-part-number-m015372\/#breadcrumb\"},\"inLanguage\":\"pt-PT\",\"potentialAction\":[{\"@type\":\"ReadAction\",\"target\":[\"https:\/\/superprintpro.com\/product\/dx7-original-printhead-for-mimaki-jv300-130-cjv300-150-part-number-m015372\/\"]}]},{\"@type\":\"ImageObject\",\"inLanguage\":\"pt-PT\",\"@id\":\"https:\/\/superprintpro.com\/product\/dx7-original-printhead-for-mimaki-jv300-130-cjv300-150-part-number-m015372\/#primaryimage\",\"url\":\"https:\/\/superprintpro.com\/wp-content\/uploads\/2025\/08\/dx7-original-printhead-for-mimaki-jv300-1.jpg\",\"contentUrl\":\"https:\/\/superprintpro.com\/wp-content\/uploads\/2025\/08\/dx7-original-printhead-for-mimaki-jv300-1.jpg\",\"width\":500,\"height\":500,\"caption\":\"DX7 Original Printhead for Mimaki JV300-130 CJV300-150 Part Number M015372\"},{\"@type\":\"BreadcrumbList\",\"@id\":\"https:\/\/superprintpro.com\/product\/dx7-original-printhead-for-mimaki-jv300-130-cjv300-150-part-number-m015372\/#breadcrumb\",\"itemListElement\":[{\"@type\":\"ListItem\",\"position\":1,\"name\":\"\u9996\u9875\",\"item\":\"https:\/\/superprintpro.com\/\"},{\"@type\":\"ListItem\",\"position\":2,\"name\":\"Shop\",\"item\":\"https:\/\/superprintpro.com\/shop\/\"},{\"@type\":\"ListItem\",\"position\":3,\"name\":\"DX7 Original Printhead for Mimaki JV300-130 CJV300-150 Part Number M015372\"}]},{\"@type\":\"WebSite\",\"@id\":\"https:\/\/superprintpro.com\/#website\",\"url\":\"https:\/\/superprintpro.com\/\",\"name\":\"Amo\",\"description\":\"\",\"potentialAction\":[{\"@type\":\"SearchAction\",\"target\":{\"@type\":\"EntryPoint\",\"urlTemplate\":\"https:\/\/superprintpro.com\/?s={search_term_string}\"},\"query-input\":{\"@type\":\"PropertyValueSpecification\",\"valueRequired\":true,\"valueName\":\"search_term_string\"}}],\"inLanguage\":\"pt-PT\"}]}<\/script>\n<!-- \/ Yoast SEO plugin. -->","yoast_head_json":{"title":"DX7 Original Printhead for Mimaki JV300-130 CJV300-150 Part Number M015372 - Amo","robots":{"index":"index","follow":"follow","max-snippet":"max-snippet:-1","max-image-preview":"max-image-preview:large","max-video-preview":"max-video-preview:-1"},"canonical":"https:\/\/superprintpro.com\/pt\/produto\/dx7-original-printhead-for-mimaki-jv300-130-cjv300-150-part-number-m015372\/","og_locale":"pt_PT","og_type":"article","og_title":"DX7 Original Printhead for Mimaki JV300-130 CJV300-150 Part Number M015372 - Amo","og_description":"For product details and the latest quotes, please contact our sales manager","og_url":"https:\/\/superprintpro.com\/pt\/produto\/dx7-original-printhead-for-mimaki-jv300-130-cjv300-150-part-number-m015372\/","og_site_name":"Amo","og_image":[{"width":500,"height":500,"url":"https:\/\/superprintpro.com\/wp-content\/uploads\/2025\/08\/dx7-original-printhead-for-mimaki-jv300-1.jpg","type":"image\/jpeg"}],"twitter_card":"summary_large_image","schema":{"@context":"https:\/\/schema.org","@graph":[{"@type":"WebPage","@id":"https:\/\/superprintpro.com\/product\/dx7-original-printhead-for-mimaki-jv300-130-cjv300-150-part-number-m015372\/","url":"https:\/\/superprintpro.com\/product\/dx7-original-printhead-for-mimaki-jv300-130-cjv300-150-part-number-m015372\/","name":"DX7 Original Printhead for Mimaki JV300-130 CJV300-150 Part Number M015372 - Amo","isPartOf":{"@id":"https:\/\/superprintpro.com\/#website"},"primaryImageOfPage":{"@id":"https:\/\/superprintpro.com\/product\/dx7-original-printhead-for-mimaki-jv300-130-cjv300-150-part-number-m015372\/#primaryimage"},"image":{"@id":"https:\/\/superprintpro.com\/product\/dx7-original-printhead-for-mimaki-jv300-130-cjv300-150-part-number-m015372\/#primaryimage"},"thumbnailUrl":"https:\/\/superprintpro.com\/wp-content\/uploads\/2025\/08\/dx7-original-printhead-for-mimaki-jv300-1.jpg","datePublished":"2025-08-12T12:30:27+00:00","breadcrumb":{"@id":"https:\/\/superprintpro.com\/product\/dx7-original-printhead-for-mimaki-jv300-130-cjv300-150-part-number-m015372\/#breadcrumb"},"inLanguage":"pt-PT","potentialAction":[{"@type":"ReadAction","target":["https:\/\/superprintpro.com\/product\/dx7-original-printhead-for-mimaki-jv300-130-cjv300-150-part-number-m015372\/"]}]},{"@type":"ImageObject","inLanguage":"pt-PT","@id":"https:\/\/superprintpro.com\/product\/dx7-original-printhead-for-mimaki-jv300-130-cjv300-150-part-number-m015372\/#primaryimage","url":"https:\/\/superprintpro.com\/wp-content\/uploads\/2025\/08\/dx7-original-printhead-for-mimaki-jv300-1.jpg","contentUrl":"https:\/\/superprintpro.com\/wp-content\/uploads\/2025\/08\/dx7-original-printhead-for-mimaki-jv300-1.jpg","width":500,"height":500,"caption":"DX7 Original Printhead for Mimaki JV300-130 CJV300-150 Part Number M015372"},{"@type":"BreadcrumbList","@id":"https:\/\/superprintpro.com\/product\/dx7-original-printhead-for-mimaki-jv300-130-cjv300-150-part-number-m015372\/#breadcrumb","itemListElement":[{"@type":"ListItem","position":1,"name":"\u9996\u9875","item":"https:\/\/superprintpro.com\/"},{"@type":"ListItem","position":2,"name":"Shop","item":"https:\/\/superprintpro.com\/shop\/"},{"@type":"ListItem","position":3,"name":"DX7 Original Printhead for Mimaki JV300-130 CJV300-150 Part Number M015372"}]},{"@type":"WebSite","@id":"https:\/\/superprintpro.com\/#website","url":"https:\/\/superprintpro.com\/","name":"Amo","description":"","potentialAction":[{"@type":"SearchAction","target":{"@type":"EntryPoint","urlTemplate":"https:\/\/superprintpro.com\/?s={search_term_string}"},"query-input":{"@type":"PropertyValueSpecification","valueRequired":true,"valueName":"search_term_string"}}],"inLanguage":"pt-PT"}]}},"_links":{"self":[{"href":"https:\/\/superprintpro.com\/pt\/wp-json\/wp\/v2\/product\/29724","targetHints":{"allow":["GET"]}}],"collection":[{"href":"https:\/\/superprintpro.com\/pt\/wp-json\/wp\/v2\/product"}],"about":[{"href":"https:\/\/superprintpro.com\/pt\/wp-json\/wp\/v2\/types\/product"}],"replies":[{"embeddable":true,"href":"https:\/\/superprintpro.com\/pt\/wp-json\/wp\/v2\/comments?post=29724"}],"version-history":[{"count":1,"href":"https:\/\/superprintpro.com\/pt\/wp-json\/wp\/v2\/product\/29724\/revisions"}],"predecessor-version":[{"id":29728,"href":"https:\/\/superprintpro.com\/pt\/wp-json\/wp\/v2\/product\/29724\/revisions\/29728"}],"wp:featuredmedia":[{"embeddable":true,"href":"https:\/\/superprintpro.com\/pt\/wp-json\/wp\/v2\/media\/29725"}],"wp:attachment":[{"href":"https:\/\/superprintpro.com\/pt\/wp-json\/wp\/v2\/media?parent=29724"}],"wp:term":[{"taxonomy":"product_brand","embeddable":true,"href":"https:\/\/superprintpro.com\/pt\/wp-json\/wp\/v2\/product_brand?post=29724"},{"taxonomy":"product_cat","embeddable":true,"href":"https:\/\/superprintpro.com\/pt\/wp-json\/wp\/v2\/product_cat?post=29724"},{"taxonomy":"product_tag","embeddable":true,"href":"https:\/\/superprintpro.com\/pt\/wp-json\/wp\/v2\/product_tag?post=29724"}],"curies":[{"name":"wp","href":"https:\/\/api.w.org\/{rel}","templated":true}]}}