{"id":29482,"date":"2025-08-10T02:44:21","date_gmt":"2025-08-10T02:44:21","guid":{"rendered":"https:\/\/superprintpro.com\/?post_type=product&#038;p=29482"},"modified":"2025-08-16T17:18:12","modified_gmt":"2025-08-16T09:18:12","slug":"uv-roll-to-roll-upagrading-kit","status":"publish","type":"product","link":"https:\/\/superprintpro.com\/pt\/produto\/uv-roll-to-roll-upagrading-kit\/","title":{"rendered":"Kit i3200 UV para atualiza\u00e7\u00e3o da impressora de jato de tinta chinesa com 2 cabe\u00e7as de impress\u00e3o i3200 (estilo rolo a rolo)"},"content":{"rendered":"<p>Kit i3200 UV para atualiza\u00e7\u00e3o da impressora de jato de tinta chinesa com 2 cabe\u00e7as de impress\u00e3o i3200 (estilo rolo a rolo)<\/p>\n<p>(se precisar deste kit com mais cabe\u00e7as, como 4 i3200 ou 8 i3200, contacte-nos ou veja outros produtos no nosso website)<\/p>\n<p>&nbsp;<\/p>\n<p>Abaixo da refer\u00eancia fotogr\u00e1fica deste kit que enviamos antes para atualizar qualquer impressora a jato de tinta chinesa para impressora a jato de tinta UV, no estilo Roll-to-Roll. (Este kit n\u00e3o funciona para impressora a jato de tinta de mutoh, mimaki, roland, epson, s\u00f3 funciona para qualquer impressora a jato de tinta chinesa como witcolor, gal\u00e1xia sid triton, allwin, myjet, zhongye, Human ejet kjet, gongzheng flora, micolor, xenons, skycolor, locor etc.)<\/p>\n<p>Este kit pode substituir todas as pe\u00e7as sobressalentes da sua antiga impressora a jato de tinta. Isto significa que pode livrar-se de todas as pe\u00e7as sobressalentes da sua m\u00e1quina antiga e ficar apenas com a parte mec\u00e2nica desta m\u00e1quina e, finalmente, obter uma nova impressora.<br \/>\nEste kit inclui as seguintes pe\u00e7as sobressalentes com frete DHL:<br \/>\nCabe\u00e7a de impress\u00e3o (vers\u00e3o uv)<br \/>\nPlaca principal<br \/>\nT\u00e1bua da cabeceira,<br \/>\nAlimenta\u00e7\u00e3o el\u00e9ctrica<br \/>\nSuporte da base da cabe\u00e7a de impress\u00e3o<br \/>\nEsta\u00e7\u00e3o de limpeza da cabe\u00e7a de impress\u00e3o<br \/>\nTodos os cabos de alimenta\u00e7\u00e3o e de dados<br \/>\nTodos os amortecedores (preto na vers\u00e3o uv)<br \/>\nTodas as tampas<br \/>\nTodas as bombas<br \/>\nTodos os motores com condutores<br \/>\nTodas as polias<br \/>\nToda a correia da polia<br \/>\nTodo o tubo de tinta (preto na vers\u00e3o uv)<br \/>\nTodos os cartuchos (preto na vers\u00e3o uv)<br \/>\nTodo o software .<br \/>\nFaixa de codificador de varrimento<br \/>\nSensor codificador de varrimento<br \/>\nL\u00e2mpada UV<\/p>\n<p>Fonte de alimenta\u00e7\u00e3o UV com arrefecedor<\/p>","protected":false},"excerpt":{"rendered":"<p>Para obter informa\u00e7\u00f5es sobre os produtos e os pre\u00e7os mais recentes, contactar o nosso gestor de vendas<\/p>","protected":false},"featured_media":30045,"comment_status":"open","ping_status":"closed","template":"","meta":[],"product_brand":[],"product_cat":[90],"product_tag":[],"class_list":{"0":"post-29482","1":"product","2":"type-product","3":"status-publish","4":"has-post-thumbnail","6":"product_cat-uv-roll-to-roll-upagrading-kit","8":"first","9":"instock","10":"shipping-taxable","11":"purchasable","12":"product-type-simple"},"yoast_head":"<!-- This site is optimized with the Yoast SEO plugin v26.9 - https:\/\/yoast.com\/product\/yoast-seo-wordpress\/ -->\n<title>Kit i3200 UV for Upgrading Chinese Inkjet Printer with 2\u00a0 i3200 printheads (roll to roll style) - Amo<\/title>\n<meta name=\"robots\" content=\"index, follow, max-snippet:-1, max-image-preview:large, max-video-preview:-1\" \/>\n<link rel=\"canonical\" href=\"https:\/\/superprintpro.com\/pt\/produto\/uv-roll-to-roll-upagrading-kit\/\" \/>\n<meta property=\"og:locale\" content=\"pt_PT\" \/>\n<meta property=\"og:type\" content=\"article\" \/>\n<meta property=\"og:title\" content=\"Kit i3200 UV for Upgrading Chinese Inkjet Printer with 2\u00a0 i3200 printheads (roll to roll style) - Amo\" \/>\n<meta property=\"og:description\" content=\"For product details and the latest prices please contact our sales manage\" \/>\n<meta property=\"og:url\" content=\"https:\/\/superprintpro.com\/pt\/produto\/uv-roll-to-roll-upagrading-kit\/\" \/>\n<meta property=\"og:site_name\" content=\"Amo\" \/>\n<meta property=\"article:modified_time\" content=\"2025-08-16T09:18:12+00:00\" \/>\n<meta property=\"og:image\" content=\"https:\/\/superprintpro.com\/wp-content\/uploads\/2025\/08\/kit-i3200-uv-for-upgrading-chinese-inkjet-printer-with-2-i3200-printheads.jpg\" \/>\n\t<meta property=\"og:image:width\" content=\"800\" \/>\n\t<meta property=\"og:image:height\" content=\"800\" \/>\n\t<meta property=\"og:image:type\" content=\"image\/jpeg\" \/>\n<meta name=\"twitter:card\" content=\"summary_large_image\" \/>\n<meta name=\"twitter:label1\" content=\"Tempo estimado de leitura\" \/>\n\t<meta name=\"twitter:data1\" content=\"1 minuto\" \/>\n<script type=\"application\/ld+json\" class=\"yoast-schema-graph\">{\"@context\":\"https:\/\/schema.org\",\"@graph\":[{\"@type\":\"WebPage\",\"@id\":\"https:\/\/superprintpro.com\/product\/uv-roll-to-roll-upagrading-kit\/\",\"url\":\"https:\/\/superprintpro.com\/product\/uv-roll-to-roll-upagrading-kit\/\",\"name\":\"Kit i3200 UV for Upgrading Chinese Inkjet Printer with 2\u00a0 i3200 printheads (roll to roll style) - Amo\",\"isPartOf\":{\"@id\":\"https:\/\/superprintpro.com\/#website\"},\"primaryImageOfPage\":{\"@id\":\"https:\/\/superprintpro.com\/product\/uv-roll-to-roll-upagrading-kit\/#primaryimage\"},\"image\":{\"@id\":\"https:\/\/superprintpro.com\/product\/uv-roll-to-roll-upagrading-kit\/#primaryimage\"},\"thumbnailUrl\":\"https:\/\/superprintpro.com\/wp-content\/uploads\/2025\/08\/kit-i3200-uv-for-upgrading-chinese-inkjet-printer-with-2-i3200-printheads.jpg\",\"datePublished\":\"2025-08-10T02:44:21+00:00\",\"dateModified\":\"2025-08-16T09:18:12+00:00\",\"breadcrumb\":{\"@id\":\"https:\/\/superprintpro.com\/product\/uv-roll-to-roll-upagrading-kit\/#breadcrumb\"},\"inLanguage\":\"pt-PT\",\"potentialAction\":[{\"@type\":\"ReadAction\",\"target\":[\"https:\/\/superprintpro.com\/product\/uv-roll-to-roll-upagrading-kit\/\"]}]},{\"@type\":\"ImageObject\",\"inLanguage\":\"pt-PT\",\"@id\":\"https:\/\/superprintpro.com\/product\/uv-roll-to-roll-upagrading-kit\/#primaryimage\",\"url\":\"https:\/\/superprintpro.com\/wp-content\/uploads\/2025\/08\/kit-i3200-uv-for-upgrading-chinese-inkjet-printer-with-2-i3200-printheads.jpg\",\"contentUrl\":\"https:\/\/superprintpro.com\/wp-content\/uploads\/2025\/08\/kit-i3200-uv-for-upgrading-chinese-inkjet-printer-with-2-i3200-printheads.jpg\",\"width\":800,\"height\":800,\"caption\":\"Kit i3200 UV for Upgrading Chinese Inkjet Printer with 2\u00a0 i3200 printheads (roll to roll style)\"},{\"@type\":\"BreadcrumbList\",\"@id\":\"https:\/\/superprintpro.com\/product\/uv-roll-to-roll-upagrading-kit\/#breadcrumb\",\"itemListElement\":[{\"@type\":\"ListItem\",\"position\":1,\"name\":\"\u9996\u9875\",\"item\":\"https:\/\/superprintpro.com\/\"},{\"@type\":\"ListItem\",\"position\":2,\"name\":\"Shop\",\"item\":\"https:\/\/superprintpro.com\/shop\/\"},{\"@type\":\"ListItem\",\"position\":3,\"name\":\"Kit i3200 UV for Upgrading Chinese Inkjet Printer with 2\u00a0 i3200 printheads (roll to roll style)\"}]},{\"@type\":\"WebSite\",\"@id\":\"https:\/\/superprintpro.com\/#website\",\"url\":\"https:\/\/superprintpro.com\/\",\"name\":\"Amo\",\"description\":\"\",\"potentialAction\":[{\"@type\":\"SearchAction\",\"target\":{\"@type\":\"EntryPoint\",\"urlTemplate\":\"https:\/\/superprintpro.com\/?s={search_term_string}\"},\"query-input\":{\"@type\":\"PropertyValueSpecification\",\"valueRequired\":true,\"valueName\":\"search_term_string\"}}],\"inLanguage\":\"pt-PT\"}]}<\/script>\n<!-- \/ Yoast SEO plugin. -->","yoast_head_json":{"title":"Kit i3200 UV for Upgrading Chinese Inkjet Printer with 2\u00a0 i3200 printheads (roll to roll style) - Amo","robots":{"index":"index","follow":"follow","max-snippet":"max-snippet:-1","max-image-preview":"max-image-preview:large","max-video-preview":"max-video-preview:-1"},"canonical":"https:\/\/superprintpro.com\/pt\/produto\/uv-roll-to-roll-upagrading-kit\/","og_locale":"pt_PT","og_type":"article","og_title":"Kit i3200 UV for Upgrading Chinese Inkjet Printer with 2\u00a0 i3200 printheads (roll to roll style) - Amo","og_description":"For product details and the latest prices please contact our sales manage","og_url":"https:\/\/superprintpro.com\/pt\/produto\/uv-roll-to-roll-upagrading-kit\/","og_site_name":"Amo","article_modified_time":"2025-08-16T09:18:12+00:00","og_image":[{"width":800,"height":800,"url":"https:\/\/superprintpro.com\/wp-content\/uploads\/2025\/08\/kit-i3200-uv-for-upgrading-chinese-inkjet-printer-with-2-i3200-printheads.jpg","type":"image\/jpeg"}],"twitter_card":"summary_large_image","twitter_misc":{"Tempo estimado de leitura":"1 minuto"},"schema":{"@context":"https:\/\/schema.org","@graph":[{"@type":"WebPage","@id":"https:\/\/superprintpro.com\/product\/uv-roll-to-roll-upagrading-kit\/","url":"https:\/\/superprintpro.com\/product\/uv-roll-to-roll-upagrading-kit\/","name":"Kit i3200 UV for Upgrading Chinese Inkjet Printer with 2\u00a0 i3200 printheads (roll to roll style) - Amo","isPartOf":{"@id":"https:\/\/superprintpro.com\/#website"},"primaryImageOfPage":{"@id":"https:\/\/superprintpro.com\/product\/uv-roll-to-roll-upagrading-kit\/#primaryimage"},"image":{"@id":"https:\/\/superprintpro.com\/product\/uv-roll-to-roll-upagrading-kit\/#primaryimage"},"thumbnailUrl":"https:\/\/superprintpro.com\/wp-content\/uploads\/2025\/08\/kit-i3200-uv-for-upgrading-chinese-inkjet-printer-with-2-i3200-printheads.jpg","datePublished":"2025-08-10T02:44:21+00:00","dateModified":"2025-08-16T09:18:12+00:00","breadcrumb":{"@id":"https:\/\/superprintpro.com\/product\/uv-roll-to-roll-upagrading-kit\/#breadcrumb"},"inLanguage":"pt-PT","potentialAction":[{"@type":"ReadAction","target":["https:\/\/superprintpro.com\/product\/uv-roll-to-roll-upagrading-kit\/"]}]},{"@type":"ImageObject","inLanguage":"pt-PT","@id":"https:\/\/superprintpro.com\/product\/uv-roll-to-roll-upagrading-kit\/#primaryimage","url":"https:\/\/superprintpro.com\/wp-content\/uploads\/2025\/08\/kit-i3200-uv-for-upgrading-chinese-inkjet-printer-with-2-i3200-printheads.jpg","contentUrl":"https:\/\/superprintpro.com\/wp-content\/uploads\/2025\/08\/kit-i3200-uv-for-upgrading-chinese-inkjet-printer-with-2-i3200-printheads.jpg","width":800,"height":800,"caption":"Kit i3200 UV for Upgrading Chinese Inkjet Printer with 2\u00a0 i3200 printheads (roll to roll style)"},{"@type":"BreadcrumbList","@id":"https:\/\/superprintpro.com\/product\/uv-roll-to-roll-upagrading-kit\/#breadcrumb","itemListElement":[{"@type":"ListItem","position":1,"name":"\u9996\u9875","item":"https:\/\/superprintpro.com\/"},{"@type":"ListItem","position":2,"name":"Shop","item":"https:\/\/superprintpro.com\/shop\/"},{"@type":"ListItem","position":3,"name":"Kit i3200 UV for Upgrading Chinese Inkjet Printer with 2\u00a0 i3200 printheads (roll to roll style)"}]},{"@type":"WebSite","@id":"https:\/\/superprintpro.com\/#website","url":"https:\/\/superprintpro.com\/","name":"Amo","description":"","potentialAction":[{"@type":"SearchAction","target":{"@type":"EntryPoint","urlTemplate":"https:\/\/superprintpro.com\/?s={search_term_string}"},"query-input":{"@type":"PropertyValueSpecification","valueRequired":true,"valueName":"search_term_string"}}],"inLanguage":"pt-PT"}]}},"_links":{"self":[{"href":"https:\/\/superprintpro.com\/pt\/wp-json\/wp\/v2\/product\/29482","targetHints":{"allow":["GET"]}}],"collection":[{"href":"https:\/\/superprintpro.com\/pt\/wp-json\/wp\/v2\/product"}],"about":[{"href":"https:\/\/superprintpro.com\/pt\/wp-json\/wp\/v2\/types\/product"}],"replies":[{"embeddable":true,"href":"https:\/\/superprintpro.com\/pt\/wp-json\/wp\/v2\/comments?post=29482"}],"version-history":[{"count":2,"href":"https:\/\/superprintpro.com\/pt\/wp-json\/wp\/v2\/product\/29482\/revisions"}],"predecessor-version":[{"id":29488,"href":"https:\/\/superprintpro.com\/pt\/wp-json\/wp\/v2\/product\/29482\/revisions\/29488"}],"wp:featuredmedia":[{"embeddable":true,"href":"https:\/\/superprintpro.com\/pt\/wp-json\/wp\/v2\/media\/30045"}],"wp:attachment":[{"href":"https:\/\/superprintpro.com\/pt\/wp-json\/wp\/v2\/media?parent=29482"}],"wp:term":[{"taxonomy":"product_brand","embeddable":true,"href":"https:\/\/superprintpro.com\/pt\/wp-json\/wp\/v2\/product_brand?post=29482"},{"taxonomy":"product_cat","embeddable":true,"href":"https:\/\/superprintpro.com\/pt\/wp-json\/wp\/v2\/product_cat?post=29482"},{"taxonomy":"product_tag","embeddable":true,"href":"https:\/\/superprintpro.com\/pt\/wp-json\/wp\/v2\/product_tag?post=29482"}],"curies":[{"name":"wp","href":"https:\/\/api.w.org\/{rel}","templated":true}]}}