{"id":29460,"date":"2025-08-10T01:30:42","date_gmt":"2025-08-10T01:30:42","guid":{"rendered":"https:\/\/superprintpro.com\/?post_type=product&#038;p=29460"},"modified":"2025-08-16T15:15:23","modified_gmt":"2025-08-16T07:15:23","slug":"yxp-xp600-boards-kit-without-cable-work-for-1-piece-xp600-printheadbrushless-motor-version","status":"publish","type":"product","link":"https:\/\/superprintpro.com\/pt\/produto\/yxp-xp600-boards-kit-without-cable-work-for-1-piece-xp600-printheadbrushless-motor-version\/","title":{"rendered":"Kit de placas YXP xp600 sem cabo para cabe\u00e7a de impress\u00e3o xp600 de 1 pe\u00e7a (vers\u00e3o com motor sem escovas)"},"content":{"rendered":"<ul>\n<li><b><strong>Placas para impressoras a jato de tinta Nome do kit\uff1a<\/strong><\/b>Kit de placas YXP xp600 sem cabo para cabe\u00e7a de impress\u00e3o xp600 de 1 pe\u00e7a<\/li>\n<li><b><strong>Software : <\/strong><\/b>YXP<\/li>\n<li><b><strong>Aplica\u00e7\u00e3o:\u00a0 <\/strong><\/b>Para atualizar a impressora de jato de tinta com uma cabe\u00e7a de impress\u00e3o xp600 de 1 pe\u00e7a<\/li>\n<li><b><strong>S\u00e9ries de jato de tinta suportadas:\u00a0 <\/strong><\/b>Para todas as impressoras de jato de tinta rolo a rolo<\/li>\n<li><b><strong>Tinta suportada\uff1a <\/strong><\/b>Eco-Solvente, \u00e0 base de \u00e1gua (sublima\u00e7\u00e3o), UV<\/li>\n<li><b><strong>Cor de tinta suportada<\/strong><\/b><b><strong>\uff1a<\/strong><\/b>CMYK W<\/li>\n<li><b><strong>Coment\u00e1rio:\u00a0 <\/strong><\/b>Este \u00e9 um kit de placas com cabos, normalmente para atualizar uma antiga impressora a jato de tinta chinesa com um novo sistema e uma nova cabe\u00e7a de impress\u00e3o. Por exemplo, este kit pode atualizar uma impressora eco-solvente da witcolor, micolor, gongzheng, allwin, galaxy (sid triton) original com cabe\u00e7a de impress\u00e3o DX5 para uma nova impressora com cabe\u00e7a de impress\u00e3o xp600, ou este kit pode atualizar uma impressora a jato de tinta solvente como a infiniti com seiko spt510 para um novo sistema com cabe\u00e7a de impress\u00e3o xp600. Independentemente de se tratar de uma impressora eco-solvente ou solvente, este kit pode funcionar para ela, desde que seja um sistema rolo-a-rolo no manuseamento de suportes. E este kit funciona com motor sem escovas.<\/li>\n<\/ul>","protected":false},"excerpt":{"rendered":"<p>Para obter informa\u00e7\u00f5es sobre os produtos e os pre\u00e7os mais recentes, contactar o nosso gestor de vendas<\/p>","protected":false},"featured_media":30018,"comment_status":"open","ping_status":"closed","template":"","meta":[],"product_brand":[],"product_cat":[86],"product_tag":[],"class_list":{"0":"post-29460","1":"product","2":"type-product","3":"status-publish","4":"has-post-thumbnail","6":"product_cat-inkjet-printer-boards-kit","8":"first","9":"instock","10":"shipping-taxable","11":"purchasable","12":"product-type-simple"},"yoast_head":"<!-- This site is optimized with the Yoast SEO plugin v26.9 - https:\/\/yoast.com\/product\/yoast-seo-wordpress\/ -->\n<title>YXP xp600 boards kit without cable work for 1 piece xp600 printhead(brushless motor version) - Amo<\/title>\n<meta name=\"robots\" content=\"index, follow, max-snippet:-1, max-image-preview:large, max-video-preview:-1\" \/>\n<link rel=\"canonical\" href=\"https:\/\/superprintpro.com\/pt\/produto\/yxp-xp600-boards-kit-without-cable-work-for-1-piece-xp600-printheadbrushless-motor-version\/\" \/>\n<meta property=\"og:locale\" content=\"pt_PT\" \/>\n<meta property=\"og:type\" content=\"article\" \/>\n<meta property=\"og:title\" content=\"YXP xp600 boards kit without cable work for 1 piece xp600 printhead(brushless motor version) - Amo\" \/>\n<meta property=\"og:description\" content=\"For product details and the latest prices please contact our sales manage\" \/>\n<meta property=\"og:url\" content=\"https:\/\/superprintpro.com\/pt\/produto\/yxp-xp600-boards-kit-without-cable-work-for-1-piece-xp600-printheadbrushless-motor-version\/\" \/>\n<meta property=\"og:site_name\" content=\"Amo\" \/>\n<meta property=\"article:modified_time\" content=\"2025-08-16T07:15:23+00:00\" \/>\n<meta property=\"og:image\" content=\"https:\/\/superprintpro.com\/wp-content\/uploads\/2025\/08\/yxp-xp600-boards-kit-without-cable-work-for-1-piece-xp600-printheads.jpg\" \/>\n\t<meta property=\"og:image:width\" content=\"800\" \/>\n\t<meta property=\"og:image:height\" content=\"800\" \/>\n\t<meta property=\"og:image:type\" content=\"image\/jpeg\" \/>\n<meta name=\"twitter:card\" content=\"summary_large_image\" \/>\n<meta name=\"twitter:label1\" content=\"Tempo estimado de leitura\" \/>\n\t<meta name=\"twitter:data1\" content=\"1 minuto\" \/>\n<script type=\"application\/ld+json\" class=\"yoast-schema-graph\">{\"@context\":\"https:\/\/schema.org\",\"@graph\":[{\"@type\":\"WebPage\",\"@id\":\"https:\/\/superprintpro.com\/product\/yxp-xp600-boards-kit-without-cable-work-for-1-piece-xp600-printheadbrushless-motor-version\/\",\"url\":\"https:\/\/superprintpro.com\/product\/yxp-xp600-boards-kit-without-cable-work-for-1-piece-xp600-printheadbrushless-motor-version\/\",\"name\":\"YXP xp600 boards kit without cable work for 1 piece xp600 printhead(brushless motor version) - Amo\",\"isPartOf\":{\"@id\":\"https:\/\/superprintpro.com\/#website\"},\"primaryImageOfPage\":{\"@id\":\"https:\/\/superprintpro.com\/product\/yxp-xp600-boards-kit-without-cable-work-for-1-piece-xp600-printheadbrushless-motor-version\/#primaryimage\"},\"image\":{\"@id\":\"https:\/\/superprintpro.com\/product\/yxp-xp600-boards-kit-without-cable-work-for-1-piece-xp600-printheadbrushless-motor-version\/#primaryimage\"},\"thumbnailUrl\":\"https:\/\/superprintpro.com\/wp-content\/uploads\/2025\/08\/yxp-xp600-boards-kit-without-cable-work-for-1-piece-xp600-printheads.jpg\",\"datePublished\":\"2025-08-10T01:30:42+00:00\",\"dateModified\":\"2025-08-16T07:15:23+00:00\",\"breadcrumb\":{\"@id\":\"https:\/\/superprintpro.com\/product\/yxp-xp600-boards-kit-without-cable-work-for-1-piece-xp600-printheadbrushless-motor-version\/#breadcrumb\"},\"inLanguage\":\"pt-PT\",\"potentialAction\":[{\"@type\":\"ReadAction\",\"target\":[\"https:\/\/superprintpro.com\/product\/yxp-xp600-boards-kit-without-cable-work-for-1-piece-xp600-printheadbrushless-motor-version\/\"]}]},{\"@type\":\"ImageObject\",\"inLanguage\":\"pt-PT\",\"@id\":\"https:\/\/superprintpro.com\/product\/yxp-xp600-boards-kit-without-cable-work-for-1-piece-xp600-printheadbrushless-motor-version\/#primaryimage\",\"url\":\"https:\/\/superprintpro.com\/wp-content\/uploads\/2025\/08\/yxp-xp600-boards-kit-without-cable-work-for-1-piece-xp600-printheads.jpg\",\"contentUrl\":\"https:\/\/superprintpro.com\/wp-content\/uploads\/2025\/08\/yxp-xp600-boards-kit-without-cable-work-for-1-piece-xp600-printheads.jpg\",\"width\":800,\"height\":800,\"caption\":\"YXP xp600 boards kit without cable work for 2 piece xp600 printhead\"},{\"@type\":\"BreadcrumbList\",\"@id\":\"https:\/\/superprintpro.com\/product\/yxp-xp600-boards-kit-without-cable-work-for-1-piece-xp600-printheadbrushless-motor-version\/#breadcrumb\",\"itemListElement\":[{\"@type\":\"ListItem\",\"position\":1,\"name\":\"\u9996\u9875\",\"item\":\"https:\/\/superprintpro.com\/\"},{\"@type\":\"ListItem\",\"position\":2,\"name\":\"Shop\",\"item\":\"https:\/\/superprintpro.com\/shop\/\"},{\"@type\":\"ListItem\",\"position\":3,\"name\":\"YXP xp600 boards kit without cable work for 1 piece xp600 printhead(brushless motor version)\"}]},{\"@type\":\"WebSite\",\"@id\":\"https:\/\/superprintpro.com\/#website\",\"url\":\"https:\/\/superprintpro.com\/\",\"name\":\"Amo\",\"description\":\"\",\"potentialAction\":[{\"@type\":\"SearchAction\",\"target\":{\"@type\":\"EntryPoint\",\"urlTemplate\":\"https:\/\/superprintpro.com\/?s={search_term_string}\"},\"query-input\":{\"@type\":\"PropertyValueSpecification\",\"valueRequired\":true,\"valueName\":\"search_term_string\"}}],\"inLanguage\":\"pt-PT\"}]}<\/script>\n<!-- \/ Yoast SEO plugin. -->","yoast_head_json":{"title":"YXP xp600 boards kit without cable work for 1 piece xp600 printhead(brushless motor version) - Amo","robots":{"index":"index","follow":"follow","max-snippet":"max-snippet:-1","max-image-preview":"max-image-preview:large","max-video-preview":"max-video-preview:-1"},"canonical":"https:\/\/superprintpro.com\/pt\/produto\/yxp-xp600-boards-kit-without-cable-work-for-1-piece-xp600-printheadbrushless-motor-version\/","og_locale":"pt_PT","og_type":"article","og_title":"YXP xp600 boards kit without cable work for 1 piece xp600 printhead(brushless motor version) - Amo","og_description":"For product details and the latest prices please contact our sales manage","og_url":"https:\/\/superprintpro.com\/pt\/produto\/yxp-xp600-boards-kit-without-cable-work-for-1-piece-xp600-printheadbrushless-motor-version\/","og_site_name":"Amo","article_modified_time":"2025-08-16T07:15:23+00:00","og_image":[{"width":800,"height":800,"url":"https:\/\/superprintpro.com\/wp-content\/uploads\/2025\/08\/yxp-xp600-boards-kit-without-cable-work-for-1-piece-xp600-printheads.jpg","type":"image\/jpeg"}],"twitter_card":"summary_large_image","twitter_misc":{"Tempo estimado de leitura":"1 minuto"},"schema":{"@context":"https:\/\/schema.org","@graph":[{"@type":"WebPage","@id":"https:\/\/superprintpro.com\/product\/yxp-xp600-boards-kit-without-cable-work-for-1-piece-xp600-printheadbrushless-motor-version\/","url":"https:\/\/superprintpro.com\/product\/yxp-xp600-boards-kit-without-cable-work-for-1-piece-xp600-printheadbrushless-motor-version\/","name":"YXP xp600 boards kit without cable work for 1 piece xp600 printhead(brushless motor version) - Amo","isPartOf":{"@id":"https:\/\/superprintpro.com\/#website"},"primaryImageOfPage":{"@id":"https:\/\/superprintpro.com\/product\/yxp-xp600-boards-kit-without-cable-work-for-1-piece-xp600-printheadbrushless-motor-version\/#primaryimage"},"image":{"@id":"https:\/\/superprintpro.com\/product\/yxp-xp600-boards-kit-without-cable-work-for-1-piece-xp600-printheadbrushless-motor-version\/#primaryimage"},"thumbnailUrl":"https:\/\/superprintpro.com\/wp-content\/uploads\/2025\/08\/yxp-xp600-boards-kit-without-cable-work-for-1-piece-xp600-printheads.jpg","datePublished":"2025-08-10T01:30:42+00:00","dateModified":"2025-08-16T07:15:23+00:00","breadcrumb":{"@id":"https:\/\/superprintpro.com\/product\/yxp-xp600-boards-kit-without-cable-work-for-1-piece-xp600-printheadbrushless-motor-version\/#breadcrumb"},"inLanguage":"pt-PT","potentialAction":[{"@type":"ReadAction","target":["https:\/\/superprintpro.com\/product\/yxp-xp600-boards-kit-without-cable-work-for-1-piece-xp600-printheadbrushless-motor-version\/"]}]},{"@type":"ImageObject","inLanguage":"pt-PT","@id":"https:\/\/superprintpro.com\/product\/yxp-xp600-boards-kit-without-cable-work-for-1-piece-xp600-printheadbrushless-motor-version\/#primaryimage","url":"https:\/\/superprintpro.com\/wp-content\/uploads\/2025\/08\/yxp-xp600-boards-kit-without-cable-work-for-1-piece-xp600-printheads.jpg","contentUrl":"https:\/\/superprintpro.com\/wp-content\/uploads\/2025\/08\/yxp-xp600-boards-kit-without-cable-work-for-1-piece-xp600-printheads.jpg","width":800,"height":800,"caption":"YXP xp600 boards kit without cable work for 2 piece xp600 printhead"},{"@type":"BreadcrumbList","@id":"https:\/\/superprintpro.com\/product\/yxp-xp600-boards-kit-without-cable-work-for-1-piece-xp600-printheadbrushless-motor-version\/#breadcrumb","itemListElement":[{"@type":"ListItem","position":1,"name":"\u9996\u9875","item":"https:\/\/superprintpro.com\/"},{"@type":"ListItem","position":2,"name":"Shop","item":"https:\/\/superprintpro.com\/shop\/"},{"@type":"ListItem","position":3,"name":"YXP xp600 boards kit without cable work for 1 piece xp600 printhead(brushless motor version)"}]},{"@type":"WebSite","@id":"https:\/\/superprintpro.com\/#website","url":"https:\/\/superprintpro.com\/","name":"Amo","description":"","potentialAction":[{"@type":"SearchAction","target":{"@type":"EntryPoint","urlTemplate":"https:\/\/superprintpro.com\/?s={search_term_string}"},"query-input":{"@type":"PropertyValueSpecification","valueRequired":true,"valueName":"search_term_string"}}],"inLanguage":"pt-PT"}]}},"_links":{"self":[{"href":"https:\/\/superprintpro.com\/pt\/wp-json\/wp\/v2\/product\/29460","targetHints":{"allow":["GET"]}}],"collection":[{"href":"https:\/\/superprintpro.com\/pt\/wp-json\/wp\/v2\/product"}],"about":[{"href":"https:\/\/superprintpro.com\/pt\/wp-json\/wp\/v2\/types\/product"}],"replies":[{"embeddable":true,"href":"https:\/\/superprintpro.com\/pt\/wp-json\/wp\/v2\/comments?post=29460"}],"version-history":[{"count":1,"href":"https:\/\/superprintpro.com\/pt\/wp-json\/wp\/v2\/product\/29460\/revisions"}],"predecessor-version":[{"id":29462,"href":"https:\/\/superprintpro.com\/pt\/wp-json\/wp\/v2\/product\/29460\/revisions\/29462"}],"wp:featuredmedia":[{"embeddable":true,"href":"https:\/\/superprintpro.com\/pt\/wp-json\/wp\/v2\/media\/30018"}],"wp:attachment":[{"href":"https:\/\/superprintpro.com\/pt\/wp-json\/wp\/v2\/media?parent=29460"}],"wp:term":[{"taxonomy":"product_brand","embeddable":true,"href":"https:\/\/superprintpro.com\/pt\/wp-json\/wp\/v2\/product_brand?post=29460"},{"taxonomy":"product_cat","embeddable":true,"href":"https:\/\/superprintpro.com\/pt\/wp-json\/wp\/v2\/product_cat?post=29460"},{"taxonomy":"product_tag","embeddable":true,"href":"https:\/\/superprintpro.com\/pt\/wp-json\/wp\/v2\/product_tag?post=29460"}],"curies":[{"name":"wp","href":"https:\/\/api.w.org\/{rel}","templated":true}]}}