{"id":30300,"date":"2025-08-18T17:54:54","date_gmt":"2025-08-18T09:54:54","guid":{"rendered":"https:\/\/superprintpro.com\/?post_type=product&#038;p=30300"},"modified":"2025-08-21T15:39:42","modified_gmt":"2025-08-21T07:39:42","slug":"double-side-print-inkjet-printer-am208i32dp-for-textile-flag-material-with-8-heads-i3200","status":"publish","type":"product","link":"https:\/\/superprintpro.com\/pl\/produkt\/double-side-print-inkjet-printer-am208i32dp-for-textile-flag-material-with-8-heads-i3200\/","title":{"rendered":"Drukarka atramentowa z dwustronnym nadrukiem AM208I32DP do materia\u0142\u00f3w tekstylnych typu flagowego z 8 g\u0142owicami i3200"},"content":{"rendered":"<p>Drukarka atramentowa z dwustronnym nadrukiem AM208I32DP do materia\u0142\u00f3w tekstylnych typu flagowego z 8 g\u0142owicami i3200<\/p>\n<p>W ofercie tej drukarki uwzgl\u0119dniono ju\u017c na\u015bwietlark\u0119 (du\u017cy piec).<\/p>\n<p>Druk dwustronny jest synonimem.<br \/>\nModel: AM208I32DP<br \/>\nSzeroko\u015b\u0107 druku 2200 mm<br \/>\nG\u0142owica drukuj\u0105ca I3200A, 8 sztuk (4 kolory LUB 8 kolor\u00f3w)<\/p>\n<p>Rozdzielczo\u015b\u0107 druku (s\u0142abe pi\u00f3ro)<br \/>\nDrukowanie dwustronne<br \/>\n2 przej\u015bcia (720\u00d7600) 90 m2\/h<br \/>\n3 przej\u015bcia (360\u00d71800) 70 m2\/h<br \/>\n4 przej\u015bcia (720\u00d71200) 50 m2\/h<br \/>\nDrukowanie jednostronne:<br \/>\n2 przej\u015bcia (720\u00d7600) 106 m2\/h<br \/>\n3 przej\u015bcia (360\u00d71800) 82 m2\/h<br \/>\n4 przej\u015bcia (720\u00d71200) 60 m2\/h<br \/>\nRodzaj atramentu Atrament dyspersyjny<br \/>\nKolor tuszu C, M, Y, K (maks. 8 kolor\u00f3w opcjonalnie)<br \/>\nOprogramowanie RIP Print Factory<br \/>\n\u015arodowisko pracy Temperatura 20-28\u2103 Wilgotno\u015b\u0107 40-70%<br \/>\nZasilanie AC380V, 50\/60Hz, moc zasilania 15 kW<br \/>\nWymiary 4680 mm \u00d7 1495 mm \u00d7 1870 mm (wysoko\u015b\u0107 2250 mm, wliczaj\u0105c pojemnik na tusz)<br \/>\nWaga 2000 kg<\/p>\n<p>Cechy drukarek<br \/>\nPlatforma drukuj\u0105ca:<br \/>\nPlatforma prowadz\u0105ca z materia\u0142u, ma\u0142y op\u00f3r i du\u017ca precyzja przy st\u0105paniu po materiale.<br \/>\nTryb transmisji:<br \/>\nSilnik serwo steruje gumowym wa\u0142kiem przek\u0142adniowym, dzi\u0119ki czemu materia\u0142 jest uk\u0142adany precyzyjnie, p\u0142asko i bez zagniece\u0144.<br \/>\nUrz\u0105dzenie chowane:<br \/>\nMechanizm wci\u0105gania grawitacyjnego utrzymuje materia\u0142 w sta\u0142ym napi\u0119ciu.<br \/>\nOchrona przed zanieczyszczeniami:<br \/>\nPosiada\u0107 lataj\u0105ce urz\u0105dzenia do recyklingu atramentu i dymu.<br \/>\nKonserwacja dyszy:<br \/>\nautomatyczne urz\u0105dzenie nawil\u017caj\u0105ce, czyszcz\u0105ce i skrobaj\u0105ce zapobiegaj\u0105ce zatykaniu si\u0119 dyszy.<br \/>\nSuszenie na podczerwie\u0144:<br \/>\nWysokowydajny system suszenia gor\u0105cym powietrzem umo\u017cliwiaj\u0105cy jednoczesne drukowanie i przewijanie z du\u017c\u0105 pr\u0119dko\u015bci\u0105.<br \/>\nZabezpieczenie papierem podk\u0142adowym:<br \/>\nPodczas pobierania materia\u0142u mo\u017cna doda\u0107 papier podk\u0142adowy, aby zapobiec wzajemnemu zanieczyszczeniu przedniej i tylnej strony.<br \/>\nSystem sterowania:<br \/>\nSystem sterowania PLC poprawiaj\u0105cy stabilno\u015b\u0107 pracy systemu.<br \/>\nStatystyki pracy:<br \/>\nFunkcja dziennika drukowania automatycznie zapisuje i zlicza efektywno\u015b\u0107 drukowania.<br \/>\nStatystyki obj\u0119to\u015bci atramentu:<\/p>\n<p>Automatyczne zliczanie zu\u017cycia tuszu i obliczanie koszt\u00f3w drukowania.<\/p>","protected":false},"excerpt":{"rendered":"<p>Aby uzyska\u0107 szczeg\u00f3\u0142owe informacje o produktach i najnowsze oferty, skontaktuj si\u0119 z naszym kierownikiem sprzeda\u017cy<\/p>","protected":false},"featured_media":30301,"comment_status":"open","ping_status":"closed","template":"","meta":[],"product_brand":[],"product_cat":[128],"product_tag":[],"class_list":{"0":"post-30300","1":"product","2":"type-product","3":"status-publish","4":"has-post-thumbnail","6":"product_cat-direct-printing","8":"first","9":"instock","10":"shipping-taxable","11":"purchasable","12":"product-type-simple"},"yoast_head":"<!-- This site is optimized with the Yoast SEO plugin v26.9 - https:\/\/yoast.com\/product\/yoast-seo-wordpress\/ -->\n<title>Double Side Print Inkjet Printer AM208I32DP for Textile Flag Material with 8 heads i3200 - Amo<\/title>\n<meta name=\"robots\" content=\"index, follow, max-snippet:-1, max-image-preview:large, max-video-preview:-1\" \/>\n<link rel=\"canonical\" href=\"https:\/\/superprintpro.com\/pl\/produkt\/double-side-print-inkjet-printer-am208i32dp-for-textile-flag-material-with-8-heads-i3200\/\" \/>\n<meta property=\"og:locale\" content=\"pl_PL\" \/>\n<meta property=\"og:type\" content=\"article\" \/>\n<meta property=\"og:title\" content=\"Double Side Print Inkjet Printer AM208I32DP for Textile Flag Material with 8 heads i3200 - Amo\" \/>\n<meta property=\"og:description\" content=\"For product details and the latest quotes, please contact our sales manager\" \/>\n<meta property=\"og:url\" content=\"https:\/\/superprintpro.com\/pl\/produkt\/double-side-print-inkjet-printer-am208i32dp-for-textile-flag-material-with-8-heads-i3200\/\" \/>\n<meta property=\"og:site_name\" content=\"Amo\" \/>\n<meta property=\"article:modified_time\" content=\"2025-08-21T07:39:42+00:00\" \/>\n<meta property=\"og:image\" content=\"https:\/\/superprintpro.com\/wp-content\/uploads\/2025\/08\/double-side-print-inkjet-printer-am208i32dp-for-textile-flag-material-with-8-heads-i3200.jpg\" \/>\n\t<meta property=\"og:image:width\" content=\"604\" \/>\n\t<meta property=\"og:image:height\" content=\"340\" \/>\n\t<meta property=\"og:image:type\" content=\"image\/jpeg\" \/>\n<meta name=\"twitter:card\" content=\"summary_large_image\" \/>\n<meta name=\"twitter:label1\" content=\"Szacowany czas czytania\" \/>\n\t<meta name=\"twitter:data1\" content=\"1 minuta\" \/>\n<script type=\"application\/ld+json\" class=\"yoast-schema-graph\">{\"@context\":\"https:\/\/schema.org\",\"@graph\":[{\"@type\":\"WebPage\",\"@id\":\"https:\/\/superprintpro.com\/product\/double-side-print-inkjet-printer-am208i32dp-for-textile-flag-material-with-8-heads-i3200\/\",\"url\":\"https:\/\/superprintpro.com\/product\/double-side-print-inkjet-printer-am208i32dp-for-textile-flag-material-with-8-heads-i3200\/\",\"name\":\"Double Side Print Inkjet Printer AM208I32DP for Textile Flag Material with 8 heads i3200 - Amo\",\"isPartOf\":{\"@id\":\"https:\/\/superprintpro.com\/#website\"},\"primaryImageOfPage\":{\"@id\":\"https:\/\/superprintpro.com\/product\/double-side-print-inkjet-printer-am208i32dp-for-textile-flag-material-with-8-heads-i3200\/#primaryimage\"},\"image\":{\"@id\":\"https:\/\/superprintpro.com\/product\/double-side-print-inkjet-printer-am208i32dp-for-textile-flag-material-with-8-heads-i3200\/#primaryimage\"},\"thumbnailUrl\":\"https:\/\/superprintpro.com\/wp-content\/uploads\/2025\/08\/double-side-print-inkjet-printer-am208i32dp-for-textile-flag-material-with-8-heads-i3200.jpg\",\"datePublished\":\"2025-08-18T09:54:54+00:00\",\"dateModified\":\"2025-08-21T07:39:42+00:00\",\"breadcrumb\":{\"@id\":\"https:\/\/superprintpro.com\/product\/double-side-print-inkjet-printer-am208i32dp-for-textile-flag-material-with-8-heads-i3200\/#breadcrumb\"},\"inLanguage\":\"pl-PL\",\"potentialAction\":[{\"@type\":\"ReadAction\",\"target\":[\"https:\/\/superprintpro.com\/product\/double-side-print-inkjet-printer-am208i32dp-for-textile-flag-material-with-8-heads-i3200\/\"]}]},{\"@type\":\"ImageObject\",\"inLanguage\":\"pl-PL\",\"@id\":\"https:\/\/superprintpro.com\/product\/double-side-print-inkjet-printer-am208i32dp-for-textile-flag-material-with-8-heads-i3200\/#primaryimage\",\"url\":\"https:\/\/superprintpro.com\/wp-content\/uploads\/2025\/08\/double-side-print-inkjet-printer-am208i32dp-for-textile-flag-material-with-8-heads-i3200.jpg\",\"contentUrl\":\"https:\/\/superprintpro.com\/wp-content\/uploads\/2025\/08\/double-side-print-inkjet-printer-am208i32dp-for-textile-flag-material-with-8-heads-i3200.jpg\",\"width\":604,\"height\":340,\"caption\":\"Double Side Print Inkjet Printer AM208I32DP for Textile Flag Material with 8 heads i3200\"},{\"@type\":\"BreadcrumbList\",\"@id\":\"https:\/\/superprintpro.com\/product\/double-side-print-inkjet-printer-am208i32dp-for-textile-flag-material-with-8-heads-i3200\/#breadcrumb\",\"itemListElement\":[{\"@type\":\"ListItem\",\"position\":1,\"name\":\"\u9996\u9875\",\"item\":\"https:\/\/superprintpro.com\/\"},{\"@type\":\"ListItem\",\"position\":2,\"name\":\"Shop\",\"item\":\"https:\/\/superprintpro.com\/shop\/\"},{\"@type\":\"ListItem\",\"position\":3,\"name\":\"Double Side Print Inkjet Printer AM208I32DP for Textile Flag Material with 8 heads i3200\"}]},{\"@type\":\"WebSite\",\"@id\":\"https:\/\/superprintpro.com\/#website\",\"url\":\"https:\/\/superprintpro.com\/\",\"name\":\"Amo\",\"description\":\"\",\"potentialAction\":[{\"@type\":\"SearchAction\",\"target\":{\"@type\":\"EntryPoint\",\"urlTemplate\":\"https:\/\/superprintpro.com\/?s={search_term_string}\"},\"query-input\":{\"@type\":\"PropertyValueSpecification\",\"valueRequired\":true,\"valueName\":\"search_term_string\"}}],\"inLanguage\":\"pl-PL\"}]}<\/script>\n<!-- \/ Yoast SEO plugin. -->","yoast_head_json":{"title":"Drukarka atramentowa do druku dwustronnego AM208I32DP do materia\u0142\u00f3w tekstylnych flagowych z 8 g\u0142owicami i3200 - Amo","robots":{"index":"index","follow":"follow","max-snippet":"max-snippet:-1","max-image-preview":"max-image-preview:large","max-video-preview":"max-video-preview:-1"},"canonical":"https:\/\/superprintpro.com\/pl\/produkt\/double-side-print-inkjet-printer-am208i32dp-for-textile-flag-material-with-8-heads-i3200\/","og_locale":"pl_PL","og_type":"article","og_title":"Double Side Print Inkjet Printer AM208I32DP for Textile Flag Material with 8 heads i3200 - Amo","og_description":"For product details and the latest quotes, please contact our sales manager","og_url":"https:\/\/superprintpro.com\/pl\/produkt\/double-side-print-inkjet-printer-am208i32dp-for-textile-flag-material-with-8-heads-i3200\/","og_site_name":"Amo","article_modified_time":"2025-08-21T07:39:42+00:00","og_image":[{"width":604,"height":340,"url":"https:\/\/superprintpro.com\/wp-content\/uploads\/2025\/08\/double-side-print-inkjet-printer-am208i32dp-for-textile-flag-material-with-8-heads-i3200.jpg","type":"image\/jpeg"}],"twitter_card":"summary_large_image","twitter_misc":{"Szacowany czas czytania":"1 minuta"},"schema":{"@context":"https:\/\/schema.org","@graph":[{"@type":"WebPage","@id":"https:\/\/superprintpro.com\/product\/double-side-print-inkjet-printer-am208i32dp-for-textile-flag-material-with-8-heads-i3200\/","url":"https:\/\/superprintpro.com\/product\/double-side-print-inkjet-printer-am208i32dp-for-textile-flag-material-with-8-heads-i3200\/","name":"Drukarka atramentowa do druku dwustronnego AM208I32DP do materia\u0142\u00f3w tekstylnych flagowych z 8 g\u0142owicami i3200 - Amo","isPartOf":{"@id":"https:\/\/superprintpro.com\/#website"},"primaryImageOfPage":{"@id":"https:\/\/superprintpro.com\/product\/double-side-print-inkjet-printer-am208i32dp-for-textile-flag-material-with-8-heads-i3200\/#primaryimage"},"image":{"@id":"https:\/\/superprintpro.com\/product\/double-side-print-inkjet-printer-am208i32dp-for-textile-flag-material-with-8-heads-i3200\/#primaryimage"},"thumbnailUrl":"https:\/\/superprintpro.com\/wp-content\/uploads\/2025\/08\/double-side-print-inkjet-printer-am208i32dp-for-textile-flag-material-with-8-heads-i3200.jpg","datePublished":"2025-08-18T09:54:54+00:00","dateModified":"2025-08-21T07:39:42+00:00","breadcrumb":{"@id":"https:\/\/superprintpro.com\/product\/double-side-print-inkjet-printer-am208i32dp-for-textile-flag-material-with-8-heads-i3200\/#breadcrumb"},"inLanguage":"pl-PL","potentialAction":[{"@type":"ReadAction","target":["https:\/\/superprintpro.com\/product\/double-side-print-inkjet-printer-am208i32dp-for-textile-flag-material-with-8-heads-i3200\/"]}]},{"@type":"ImageObject","inLanguage":"pl-PL","@id":"https:\/\/superprintpro.com\/product\/double-side-print-inkjet-printer-am208i32dp-for-textile-flag-material-with-8-heads-i3200\/#primaryimage","url":"https:\/\/superprintpro.com\/wp-content\/uploads\/2025\/08\/double-side-print-inkjet-printer-am208i32dp-for-textile-flag-material-with-8-heads-i3200.jpg","contentUrl":"https:\/\/superprintpro.com\/wp-content\/uploads\/2025\/08\/double-side-print-inkjet-printer-am208i32dp-for-textile-flag-material-with-8-heads-i3200.jpg","width":604,"height":340,"caption":"Double Side Print Inkjet Printer AM208I32DP for Textile Flag Material with 8 heads i3200"},{"@type":"BreadcrumbList","@id":"https:\/\/superprintpro.com\/product\/double-side-print-inkjet-printer-am208i32dp-for-textile-flag-material-with-8-heads-i3200\/#breadcrumb","itemListElement":[{"@type":"ListItem","position":1,"name":"\u9996\u9875","item":"https:\/\/superprintpro.com\/"},{"@type":"ListItem","position":2,"name":"Shop","item":"https:\/\/superprintpro.com\/shop\/"},{"@type":"ListItem","position":3,"name":"Double Side Print Inkjet Printer AM208I32DP for Textile Flag Material with 8 heads i3200"}]},{"@type":"WebSite","@id":"https:\/\/superprintpro.com\/#website","url":"https:\/\/superprintpro.com\/","name":"Amo","description":"","potentialAction":[{"@type":"SearchAction","target":{"@type":"EntryPoint","urlTemplate":"https:\/\/superprintpro.com\/?s={search_term_string}"},"query-input":{"@type":"PropertyValueSpecification","valueRequired":true,"valueName":"search_term_string"}}],"inLanguage":"pl-PL"}]}},"_links":{"self":[{"href":"https:\/\/superprintpro.com\/pl\/wp-json\/wp\/v2\/product\/30300","targetHints":{"allow":["GET"]}}],"collection":[{"href":"https:\/\/superprintpro.com\/pl\/wp-json\/wp\/v2\/product"}],"about":[{"href":"https:\/\/superprintpro.com\/pl\/wp-json\/wp\/v2\/types\/product"}],"replies":[{"embeddable":true,"href":"https:\/\/superprintpro.com\/pl\/wp-json\/wp\/v2\/comments?post=30300"}],"version-history":[{"count":1,"href":"https:\/\/superprintpro.com\/pl\/wp-json\/wp\/v2\/product\/30300\/revisions"}],"predecessor-version":[{"id":30302,"href":"https:\/\/superprintpro.com\/pl\/wp-json\/wp\/v2\/product\/30300\/revisions\/30302"}],"wp:featuredmedia":[{"embeddable":true,"href":"https:\/\/superprintpro.com\/pl\/wp-json\/wp\/v2\/media\/30301"}],"wp:attachment":[{"href":"https:\/\/superprintpro.com\/pl\/wp-json\/wp\/v2\/media?parent=30300"}],"wp:term":[{"taxonomy":"product_brand","embeddable":true,"href":"https:\/\/superprintpro.com\/pl\/wp-json\/wp\/v2\/product_brand?post=30300"},{"taxonomy":"product_cat","embeddable":true,"href":"https:\/\/superprintpro.com\/pl\/wp-json\/wp\/v2\/product_cat?post=30300"},{"taxonomy":"product_tag","embeddable":true,"href":"https:\/\/superprintpro.com\/pl\/wp-json\/wp\/v2\/product_tag?post=30300"}],"curies":[{"name":"wp","href":"https:\/\/api.w.org\/{rel}","templated":true}]}}