{"id":30288,"date":"2025-08-18T17:41:25","date_gmt":"2025-08-18T09:41:25","guid":{"rendered":"https:\/\/superprintpro.com\/?post_type=product&#038;p=30288"},"modified":"2025-08-18T17:41:25","modified_gmt":"2025-08-18T09:41:25","slug":"amo-sublimation-inkjet-printer-am1802i32s-with-2-i3200-printheads","status":"publish","type":"product","link":"https:\/\/superprintpro.com\/pl\/produkt\/amo-sublimation-inkjet-printer-am1802i32s-with-2-i3200-printheads\/","title":{"rendered":"Drukarka atramentowa sublimacyjna AMO AM1802i32S z 2 g\u0142owicami drukuj\u0105cymi i3200"},"content":{"rendered":"<p>Drukarka atramentowa sublimacyjna AMO AM1802i32S z 2 g\u0142owicami drukuj\u0105cymi i3200<\/p>\n<p>Drukarka atramentowa sublimacyjna mo\u017ce drukowa\u0107 przy u\u017cyciu atramentu sublimacyjnego na papierze transferowym, aby przygotowa\u0107 obraz do transferu termicznego.<\/p>\n<p>Parametry maszyny<br \/>\nG\u0142owica drukuj\u0105ca: 2 g\u0142owice drukuj\u0105ce i3200<br \/>\nSzeroko\u015b\u0107 druku: 1800 mm<br \/>\nSystem drukowania: HOSON<br \/>\nPr\u0119dko\u015b\u0107 drukowania:<br \/>\n3 przej\u015bcia 47 m\u00b2\/h<br \/>\n4 przej\u015bcia 39 m\u00b2\/h<br \/>\n6 przej\u015b\u0107 32 m\u00b2\/h<br \/>\n8 przej\u015b\u0107 22 m\u00b2\/h<br \/>\nInformacje o drukarce<br \/>\nNapi\u0119cie robocze: AC220V 50\/60HZ<br \/>\nMoc: 3500W<br \/>\n\u015arodowisko pracy:<br \/>\nNormalna temperatura pracy: 22-28\u2103 Wilgotno\u015b\u0107: 40%-60%<br \/>\nRozmiar maszyny: D\u0142. 2950 mm Szer. 840 mm Wys. 1400 mm<br \/>\nWymiary opakowania: 3350 mm (d\u0142.), 730 mm (szer.), 670 mm (wys.)<\/p>","protected":false},"excerpt":{"rendered":"<p>Aby uzyska\u0107 szczeg\u00f3\u0142owe informacje o produktach i najnowsze oferty, skontaktuj si\u0119 z naszym kierownikiem sprzeda\u017cy<\/p>","protected":false},"featured_media":30289,"comment_status":"open","ping_status":"closed","template":"","meta":[],"product_brand":[],"product_cat":[125],"product_tag":[],"class_list":{"0":"post-30288","1":"product","2":"type-product","3":"status-publish","4":"has-post-thumbnail","6":"product_cat-with-i3200-printhead-sublimation-printers","8":"first","9":"instock","10":"shipping-taxable","11":"purchasable","12":"product-type-simple"},"yoast_head":"<!-- This site is optimized with the Yoast SEO plugin v26.9 - https:\/\/yoast.com\/product\/yoast-seo-wordpress\/ -->\n<title>AMO Sublimation Inkjet Printer AM1802i32S with 2 i3200 Printheads - Amo<\/title>\n<meta name=\"robots\" content=\"index, follow, max-snippet:-1, max-image-preview:large, max-video-preview:-1\" \/>\n<link rel=\"canonical\" href=\"https:\/\/superprintpro.com\/pl\/produkt\/amo-sublimation-inkjet-printer-am1802i32s-with-2-i3200-printheads\/\" \/>\n<meta property=\"og:locale\" content=\"pl_PL\" \/>\n<meta property=\"og:type\" content=\"article\" \/>\n<meta property=\"og:title\" content=\"AMO Sublimation Inkjet Printer AM1802i32S with 2 i3200 Printheads - Amo\" \/>\n<meta property=\"og:description\" content=\"For product details and the latest quotes, please contact our sales manager\" \/>\n<meta property=\"og:url\" content=\"https:\/\/superprintpro.com\/pl\/produkt\/amo-sublimation-inkjet-printer-am1802i32s-with-2-i3200-printheads\/\" \/>\n<meta property=\"og:site_name\" content=\"Amo\" \/>\n<meta property=\"og:image\" content=\"https:\/\/superprintpro.com\/wp-content\/uploads\/2025\/08\/amo-sublimation-inkjet-printer-am1802i32s-with-2-i3200-printheads.jpg\" \/>\n\t<meta property=\"og:image:width\" content=\"604\" \/>\n\t<meta property=\"og:image:height\" content=\"340\" \/>\n\t<meta property=\"og:image:type\" content=\"image\/jpeg\" \/>\n<meta name=\"twitter:card\" content=\"summary_large_image\" \/>\n<script type=\"application\/ld+json\" class=\"yoast-schema-graph\">{\"@context\":\"https:\/\/schema.org\",\"@graph\":[{\"@type\":\"WebPage\",\"@id\":\"https:\/\/superprintpro.com\/product\/amo-sublimation-inkjet-printer-am1802i32s-with-2-i3200-printheads\/\",\"url\":\"https:\/\/superprintpro.com\/product\/amo-sublimation-inkjet-printer-am1802i32s-with-2-i3200-printheads\/\",\"name\":\"AMO Sublimation Inkjet Printer AM1802i32S with 2 i3200 Printheads - Amo\",\"isPartOf\":{\"@id\":\"https:\/\/superprintpro.com\/#website\"},\"primaryImageOfPage\":{\"@id\":\"https:\/\/superprintpro.com\/product\/amo-sublimation-inkjet-printer-am1802i32s-with-2-i3200-printheads\/#primaryimage\"},\"image\":{\"@id\":\"https:\/\/superprintpro.com\/product\/amo-sublimation-inkjet-printer-am1802i32s-with-2-i3200-printheads\/#primaryimage\"},\"thumbnailUrl\":\"https:\/\/superprintpro.com\/wp-content\/uploads\/2025\/08\/amo-sublimation-inkjet-printer-am1802i32s-with-2-i3200-printheads.jpg\",\"datePublished\":\"2025-08-18T09:41:25+00:00\",\"breadcrumb\":{\"@id\":\"https:\/\/superprintpro.com\/product\/amo-sublimation-inkjet-printer-am1802i32s-with-2-i3200-printheads\/#breadcrumb\"},\"inLanguage\":\"pl-PL\",\"potentialAction\":[{\"@type\":\"ReadAction\",\"target\":[\"https:\/\/superprintpro.com\/product\/amo-sublimation-inkjet-printer-am1802i32s-with-2-i3200-printheads\/\"]}]},{\"@type\":\"ImageObject\",\"inLanguage\":\"pl-PL\",\"@id\":\"https:\/\/superprintpro.com\/product\/amo-sublimation-inkjet-printer-am1802i32s-with-2-i3200-printheads\/#primaryimage\",\"url\":\"https:\/\/superprintpro.com\/wp-content\/uploads\/2025\/08\/amo-sublimation-inkjet-printer-am1802i32s-with-2-i3200-printheads.jpg\",\"contentUrl\":\"https:\/\/superprintpro.com\/wp-content\/uploads\/2025\/08\/amo-sublimation-inkjet-printer-am1802i32s-with-2-i3200-printheads.jpg\",\"width\":604,\"height\":340,\"caption\":\"AMO Sublimation Inkjet Printer AM1802i32S with 2 i3200 Printheads\"},{\"@type\":\"BreadcrumbList\",\"@id\":\"https:\/\/superprintpro.com\/product\/amo-sublimation-inkjet-printer-am1802i32s-with-2-i3200-printheads\/#breadcrumb\",\"itemListElement\":[{\"@type\":\"ListItem\",\"position\":1,\"name\":\"\u9996\u9875\",\"item\":\"https:\/\/superprintpro.com\/\"},{\"@type\":\"ListItem\",\"position\":2,\"name\":\"Shop\",\"item\":\"https:\/\/superprintpro.com\/shop\/\"},{\"@type\":\"ListItem\",\"position\":3,\"name\":\"AMO Sublimation Inkjet Printer AM1802i32S with 2 i3200 Printheads\"}]},{\"@type\":\"WebSite\",\"@id\":\"https:\/\/superprintpro.com\/#website\",\"url\":\"https:\/\/superprintpro.com\/\",\"name\":\"Amo\",\"description\":\"\",\"potentialAction\":[{\"@type\":\"SearchAction\",\"target\":{\"@type\":\"EntryPoint\",\"urlTemplate\":\"https:\/\/superprintpro.com\/?s={search_term_string}\"},\"query-input\":{\"@type\":\"PropertyValueSpecification\",\"valueRequired\":true,\"valueName\":\"search_term_string\"}}],\"inLanguage\":\"pl-PL\"}]}<\/script>\n<!-- \/ Yoast SEO plugin. -->","yoast_head_json":{"title":"Drukarka atramentowa sublimacyjna AMO AM1802i32S z 2 g\u0142owicami drukuj\u0105cymi i3200 - Amo","robots":{"index":"index","follow":"follow","max-snippet":"max-snippet:-1","max-image-preview":"max-image-preview:large","max-video-preview":"max-video-preview:-1"},"canonical":"https:\/\/superprintpro.com\/pl\/produkt\/amo-sublimation-inkjet-printer-am1802i32s-with-2-i3200-printheads\/","og_locale":"pl_PL","og_type":"article","og_title":"AMO Sublimation Inkjet Printer AM1802i32S with 2 i3200 Printheads - Amo","og_description":"For product details and the latest quotes, please contact our sales manager","og_url":"https:\/\/superprintpro.com\/pl\/produkt\/amo-sublimation-inkjet-printer-am1802i32s-with-2-i3200-printheads\/","og_site_name":"Amo","og_image":[{"width":604,"height":340,"url":"https:\/\/superprintpro.com\/wp-content\/uploads\/2025\/08\/amo-sublimation-inkjet-printer-am1802i32s-with-2-i3200-printheads.jpg","type":"image\/jpeg"}],"twitter_card":"summary_large_image","schema":{"@context":"https:\/\/schema.org","@graph":[{"@type":"WebPage","@id":"https:\/\/superprintpro.com\/product\/amo-sublimation-inkjet-printer-am1802i32s-with-2-i3200-printheads\/","url":"https:\/\/superprintpro.com\/product\/amo-sublimation-inkjet-printer-am1802i32s-with-2-i3200-printheads\/","name":"Drukarka atramentowa sublimacyjna AMO AM1802i32S z 2 g\u0142owicami drukuj\u0105cymi i3200 - Amo","isPartOf":{"@id":"https:\/\/superprintpro.com\/#website"},"primaryImageOfPage":{"@id":"https:\/\/superprintpro.com\/product\/amo-sublimation-inkjet-printer-am1802i32s-with-2-i3200-printheads\/#primaryimage"},"image":{"@id":"https:\/\/superprintpro.com\/product\/amo-sublimation-inkjet-printer-am1802i32s-with-2-i3200-printheads\/#primaryimage"},"thumbnailUrl":"https:\/\/superprintpro.com\/wp-content\/uploads\/2025\/08\/amo-sublimation-inkjet-printer-am1802i32s-with-2-i3200-printheads.jpg","datePublished":"2025-08-18T09:41:25+00:00","breadcrumb":{"@id":"https:\/\/superprintpro.com\/product\/amo-sublimation-inkjet-printer-am1802i32s-with-2-i3200-printheads\/#breadcrumb"},"inLanguage":"pl-PL","potentialAction":[{"@type":"ReadAction","target":["https:\/\/superprintpro.com\/product\/amo-sublimation-inkjet-printer-am1802i32s-with-2-i3200-printheads\/"]}]},{"@type":"ImageObject","inLanguage":"pl-PL","@id":"https:\/\/superprintpro.com\/product\/amo-sublimation-inkjet-printer-am1802i32s-with-2-i3200-printheads\/#primaryimage","url":"https:\/\/superprintpro.com\/wp-content\/uploads\/2025\/08\/amo-sublimation-inkjet-printer-am1802i32s-with-2-i3200-printheads.jpg","contentUrl":"https:\/\/superprintpro.com\/wp-content\/uploads\/2025\/08\/amo-sublimation-inkjet-printer-am1802i32s-with-2-i3200-printheads.jpg","width":604,"height":340,"caption":"AMO Sublimation Inkjet Printer AM1802i32S with 2 i3200 Printheads"},{"@type":"BreadcrumbList","@id":"https:\/\/superprintpro.com\/product\/amo-sublimation-inkjet-printer-am1802i32s-with-2-i3200-printheads\/#breadcrumb","itemListElement":[{"@type":"ListItem","position":1,"name":"\u9996\u9875","item":"https:\/\/superprintpro.com\/"},{"@type":"ListItem","position":2,"name":"Shop","item":"https:\/\/superprintpro.com\/shop\/"},{"@type":"ListItem","position":3,"name":"AMO Sublimation Inkjet Printer AM1802i32S with 2 i3200 Printheads"}]},{"@type":"WebSite","@id":"https:\/\/superprintpro.com\/#website","url":"https:\/\/superprintpro.com\/","name":"Amo","description":"","potentialAction":[{"@type":"SearchAction","target":{"@type":"EntryPoint","urlTemplate":"https:\/\/superprintpro.com\/?s={search_term_string}"},"query-input":{"@type":"PropertyValueSpecification","valueRequired":true,"valueName":"search_term_string"}}],"inLanguage":"pl-PL"}]}},"_links":{"self":[{"href":"https:\/\/superprintpro.com\/pl\/wp-json\/wp\/v2\/product\/30288","targetHints":{"allow":["GET"]}}],"collection":[{"href":"https:\/\/superprintpro.com\/pl\/wp-json\/wp\/v2\/product"}],"about":[{"href":"https:\/\/superprintpro.com\/pl\/wp-json\/wp\/v2\/types\/product"}],"replies":[{"embeddable":true,"href":"https:\/\/superprintpro.com\/pl\/wp-json\/wp\/v2\/comments?post=30288"}],"version-history":[{"count":1,"href":"https:\/\/superprintpro.com\/pl\/wp-json\/wp\/v2\/product\/30288\/revisions"}],"predecessor-version":[{"id":30290,"href":"https:\/\/superprintpro.com\/pl\/wp-json\/wp\/v2\/product\/30288\/revisions\/30290"}],"wp:featuredmedia":[{"embeddable":true,"href":"https:\/\/superprintpro.com\/pl\/wp-json\/wp\/v2\/media\/30289"}],"wp:attachment":[{"href":"https:\/\/superprintpro.com\/pl\/wp-json\/wp\/v2\/media?parent=30288"}],"wp:term":[{"taxonomy":"product_brand","embeddable":true,"href":"https:\/\/superprintpro.com\/pl\/wp-json\/wp\/v2\/product_brand?post=30288"},{"taxonomy":"product_cat","embeddable":true,"href":"https:\/\/superprintpro.com\/pl\/wp-json\/wp\/v2\/product_cat?post=30288"},{"taxonomy":"product_tag","embeddable":true,"href":"https:\/\/superprintpro.com\/pl\/wp-json\/wp\/v2\/product_tag?post=30288"}],"curies":[{"name":"wp","href":"https:\/\/api.w.org\/{rel}","templated":true}]}}