{"id":30285,"date":"2025-08-18T17:39:34","date_gmt":"2025-08-18T09:39:34","guid":{"rendered":"https:\/\/superprintpro.com\/?post_type=product&#038;p=30285"},"modified":"2025-08-18T17:39:34","modified_gmt":"2025-08-18T09:39:34","slug":"am1604a-direct-flag-printer-1-6meters-with-4-epson-i3200-printheads","status":"publish","type":"product","link":"https:\/\/superprintpro.com\/pl\/produkt\/am1604a-direct-flag-printer-1-6meters-with-4-epson-i3200-printheads\/","title":{"rendered":"Drukarka bezpo\u015brednia AM1604A 1,6 metra z 4 g\u0142owicami drukuj\u0105cymi Epson I3200"},"content":{"rendered":"<p>Drukarka AM1604A Direct Flag mo\u017ce drukowa\u0107 bezpo\u015brednio na materia\u0142ach tekstylnych flagowych, wykorzystuj\u0105c piec do utrwalania kolor\u00f3w atramentu. Ta drukarka sublimacyjna r\u00f3\u017cni si\u0119 od innych drukarek sublimacyjnych przeznaczonych do druku na papierze transferowym. Jest to drukarka atramentowa do druku sublimacyjnego.<\/p>\n<p>G\u0142owica drukuj\u0105ca:<br \/>\n4 sztuki Epson i3200<br \/>\nSzeroko\u015b\u0107 druku:<br \/>\n1600 mm<br \/>\nPr\u0119dko\u015b\u0107 drukowania:<br \/>\n360X1200DPI 140 metr\u00f3w kwadratowych na godzin\u0119<br \/>\n360X1800DPI 95 metr\u00f3w kwadratowych na godzin\u0119<br \/>\n720X1200DPI 70 metr\u00f3w kwadratowych na godzin\u0119<br \/>\nOprogramowanie RIP:<br \/>\nMaintop6.1 o Photoprint<br \/>\nPob\u00f3r mocy:<br \/>\nAC220\u00b15% 50Hz 6,5 kW<br \/>\nTemperatura pracy:<br \/>\n18C-28C<br \/>\nWilgotno\u015b\u0107 robocza:<br \/>\n40%-60%<br \/>\nWaga maszyny (kg):<br \/>\n680<br \/>\nRozmiar maszyny (mm):<br \/>\nD\u0142.: 2880xSz.: 1320xWys.: 1350<\/p>","protected":false},"excerpt":{"rendered":"<p>Aby uzyska\u0107 szczeg\u00f3\u0142owe informacje o produktach i najnowsze oferty, skontaktuj si\u0119 z naszym kierownikiem sprzeda\u017cy<\/p>","protected":false},"featured_media":30286,"comment_status":"open","ping_status":"closed","template":"","meta":[],"product_brand":[],"product_cat":[125],"product_tag":[],"class_list":{"0":"post-30285","1":"product","2":"type-product","3":"status-publish","4":"has-post-thumbnail","6":"product_cat-with-i3200-printhead-sublimation-printers","8":"first","9":"instock","10":"shipping-taxable","11":"purchasable","12":"product-type-simple"},"yoast_head":"<!-- This site is optimized with the Yoast SEO plugin v26.9 - https:\/\/yoast.com\/product\/yoast-seo-wordpress\/ -->\n<title>AM1604A Direct Flag Printer 1.6meters with 4 Epson I3200 printheads - Amo<\/title>\n<meta name=\"robots\" content=\"index, follow, max-snippet:-1, max-image-preview:large, max-video-preview:-1\" \/>\n<link rel=\"canonical\" href=\"https:\/\/superprintpro.com\/pl\/produkt\/am1604a-direct-flag-printer-1-6meters-with-4-epson-i3200-printheads\/\" \/>\n<meta property=\"og:locale\" content=\"pl_PL\" \/>\n<meta property=\"og:type\" content=\"article\" \/>\n<meta property=\"og:title\" content=\"AM1604A Direct Flag Printer 1.6meters with 4 Epson I3200 printheads - Amo\" \/>\n<meta property=\"og:description\" content=\"For product details and the latest quotes, please contact our sales manager\" \/>\n<meta property=\"og:url\" content=\"https:\/\/superprintpro.com\/pl\/produkt\/am1604a-direct-flag-printer-1-6meters-with-4-epson-i3200-printheads\/\" \/>\n<meta property=\"og:site_name\" content=\"Amo\" \/>\n<meta property=\"og:image\" content=\"https:\/\/superprintpro.com\/wp-content\/uploads\/2025\/08\/am1604a-direct-flag-printer-16meters-with-4-epson-i3200-printheads.jpg\" \/>\n\t<meta property=\"og:image:width\" content=\"612\" \/>\n\t<meta property=\"og:image:height\" content=\"344\" \/>\n\t<meta property=\"og:image:type\" content=\"image\/jpeg\" \/>\n<meta name=\"twitter:card\" content=\"summary_large_image\" \/>\n<script type=\"application\/ld+json\" class=\"yoast-schema-graph\">{\"@context\":\"https:\/\/schema.org\",\"@graph\":[{\"@type\":\"WebPage\",\"@id\":\"https:\/\/superprintpro.com\/product\/am1604a-direct-flag-printer-1-6meters-with-4-epson-i3200-printheads\/\",\"url\":\"https:\/\/superprintpro.com\/product\/am1604a-direct-flag-printer-1-6meters-with-4-epson-i3200-printheads\/\",\"name\":\"AM1604A Direct Flag Printer 1.6meters with 4 Epson I3200 printheads - Amo\",\"isPartOf\":{\"@id\":\"https:\/\/superprintpro.com\/#website\"},\"primaryImageOfPage\":{\"@id\":\"https:\/\/superprintpro.com\/product\/am1604a-direct-flag-printer-1-6meters-with-4-epson-i3200-printheads\/#primaryimage\"},\"image\":{\"@id\":\"https:\/\/superprintpro.com\/product\/am1604a-direct-flag-printer-1-6meters-with-4-epson-i3200-printheads\/#primaryimage\"},\"thumbnailUrl\":\"https:\/\/superprintpro.com\/wp-content\/uploads\/2025\/08\/am1604a-direct-flag-printer-16meters-with-4-epson-i3200-printheads.jpg\",\"datePublished\":\"2025-08-18T09:39:34+00:00\",\"breadcrumb\":{\"@id\":\"https:\/\/superprintpro.com\/product\/am1604a-direct-flag-printer-1-6meters-with-4-epson-i3200-printheads\/#breadcrumb\"},\"inLanguage\":\"pl-PL\",\"potentialAction\":[{\"@type\":\"ReadAction\",\"target\":[\"https:\/\/superprintpro.com\/product\/am1604a-direct-flag-printer-1-6meters-with-4-epson-i3200-printheads\/\"]}]},{\"@type\":\"ImageObject\",\"inLanguage\":\"pl-PL\",\"@id\":\"https:\/\/superprintpro.com\/product\/am1604a-direct-flag-printer-1-6meters-with-4-epson-i3200-printheads\/#primaryimage\",\"url\":\"https:\/\/superprintpro.com\/wp-content\/uploads\/2025\/08\/am1604a-direct-flag-printer-16meters-with-4-epson-i3200-printheads.jpg\",\"contentUrl\":\"https:\/\/superprintpro.com\/wp-content\/uploads\/2025\/08\/am1604a-direct-flag-printer-16meters-with-4-epson-i3200-printheads.jpg\",\"width\":612,\"height\":344,\"caption\":\"AM1604A Direct Flag Printer 1.6meters with 4 Epson I3200 printheads\"},{\"@type\":\"BreadcrumbList\",\"@id\":\"https:\/\/superprintpro.com\/product\/am1604a-direct-flag-printer-1-6meters-with-4-epson-i3200-printheads\/#breadcrumb\",\"itemListElement\":[{\"@type\":\"ListItem\",\"position\":1,\"name\":\"\u9996\u9875\",\"item\":\"https:\/\/superprintpro.com\/\"},{\"@type\":\"ListItem\",\"position\":2,\"name\":\"Shop\",\"item\":\"https:\/\/superprintpro.com\/shop\/\"},{\"@type\":\"ListItem\",\"position\":3,\"name\":\"AM1604A Direct Flag Printer 1.6meters with 4 Epson I3200 printheads\"}]},{\"@type\":\"WebSite\",\"@id\":\"https:\/\/superprintpro.com\/#website\",\"url\":\"https:\/\/superprintpro.com\/\",\"name\":\"Amo\",\"description\":\"\",\"potentialAction\":[{\"@type\":\"SearchAction\",\"target\":{\"@type\":\"EntryPoint\",\"urlTemplate\":\"https:\/\/superprintpro.com\/?s={search_term_string}\"},\"query-input\":{\"@type\":\"PropertyValueSpecification\",\"valueRequired\":true,\"valueName\":\"search_term_string\"}}],\"inLanguage\":\"pl-PL\"}]}<\/script>\n<!-- \/ Yoast SEO plugin. -->","yoast_head_json":{"title":"Drukarka flagowa AM1604A Direct Flag 1,6 metra z 4 g\u0142owicami drukuj\u0105cymi Epson I3200 - Amo","robots":{"index":"index","follow":"follow","max-snippet":"max-snippet:-1","max-image-preview":"max-image-preview:large","max-video-preview":"max-video-preview:-1"},"canonical":"https:\/\/superprintpro.com\/pl\/produkt\/am1604a-direct-flag-printer-1-6meters-with-4-epson-i3200-printheads\/","og_locale":"pl_PL","og_type":"article","og_title":"AM1604A Direct Flag Printer 1.6meters with 4 Epson I3200 printheads - Amo","og_description":"For product details and the latest quotes, please contact our sales manager","og_url":"https:\/\/superprintpro.com\/pl\/produkt\/am1604a-direct-flag-printer-1-6meters-with-4-epson-i3200-printheads\/","og_site_name":"Amo","og_image":[{"width":612,"height":344,"url":"https:\/\/superprintpro.com\/wp-content\/uploads\/2025\/08\/am1604a-direct-flag-printer-16meters-with-4-epson-i3200-printheads.jpg","type":"image\/jpeg"}],"twitter_card":"summary_large_image","schema":{"@context":"https:\/\/schema.org","@graph":[{"@type":"WebPage","@id":"https:\/\/superprintpro.com\/product\/am1604a-direct-flag-printer-1-6meters-with-4-epson-i3200-printheads\/","url":"https:\/\/superprintpro.com\/product\/am1604a-direct-flag-printer-1-6meters-with-4-epson-i3200-printheads\/","name":"Drukarka flagowa AM1604A Direct Flag 1,6 metra z 4 g\u0142owicami drukuj\u0105cymi Epson I3200 - Amo","isPartOf":{"@id":"https:\/\/superprintpro.com\/#website"},"primaryImageOfPage":{"@id":"https:\/\/superprintpro.com\/product\/am1604a-direct-flag-printer-1-6meters-with-4-epson-i3200-printheads\/#primaryimage"},"image":{"@id":"https:\/\/superprintpro.com\/product\/am1604a-direct-flag-printer-1-6meters-with-4-epson-i3200-printheads\/#primaryimage"},"thumbnailUrl":"https:\/\/superprintpro.com\/wp-content\/uploads\/2025\/08\/am1604a-direct-flag-printer-16meters-with-4-epson-i3200-printheads.jpg","datePublished":"2025-08-18T09:39:34+00:00","breadcrumb":{"@id":"https:\/\/superprintpro.com\/product\/am1604a-direct-flag-printer-1-6meters-with-4-epson-i3200-printheads\/#breadcrumb"},"inLanguage":"pl-PL","potentialAction":[{"@type":"ReadAction","target":["https:\/\/superprintpro.com\/product\/am1604a-direct-flag-printer-1-6meters-with-4-epson-i3200-printheads\/"]}]},{"@type":"ImageObject","inLanguage":"pl-PL","@id":"https:\/\/superprintpro.com\/product\/am1604a-direct-flag-printer-1-6meters-with-4-epson-i3200-printheads\/#primaryimage","url":"https:\/\/superprintpro.com\/wp-content\/uploads\/2025\/08\/am1604a-direct-flag-printer-16meters-with-4-epson-i3200-printheads.jpg","contentUrl":"https:\/\/superprintpro.com\/wp-content\/uploads\/2025\/08\/am1604a-direct-flag-printer-16meters-with-4-epson-i3200-printheads.jpg","width":612,"height":344,"caption":"AM1604A Direct Flag Printer 1.6meters with 4 Epson I3200 printheads"},{"@type":"BreadcrumbList","@id":"https:\/\/superprintpro.com\/product\/am1604a-direct-flag-printer-1-6meters-with-4-epson-i3200-printheads\/#breadcrumb","itemListElement":[{"@type":"ListItem","position":1,"name":"\u9996\u9875","item":"https:\/\/superprintpro.com\/"},{"@type":"ListItem","position":2,"name":"Shop","item":"https:\/\/superprintpro.com\/shop\/"},{"@type":"ListItem","position":3,"name":"AM1604A Direct Flag Printer 1.6meters with 4 Epson I3200 printheads"}]},{"@type":"WebSite","@id":"https:\/\/superprintpro.com\/#website","url":"https:\/\/superprintpro.com\/","name":"Amo","description":"","potentialAction":[{"@type":"SearchAction","target":{"@type":"EntryPoint","urlTemplate":"https:\/\/superprintpro.com\/?s={search_term_string}"},"query-input":{"@type":"PropertyValueSpecification","valueRequired":true,"valueName":"search_term_string"}}],"inLanguage":"pl-PL"}]}},"_links":{"self":[{"href":"https:\/\/superprintpro.com\/pl\/wp-json\/wp\/v2\/product\/30285","targetHints":{"allow":["GET"]}}],"collection":[{"href":"https:\/\/superprintpro.com\/pl\/wp-json\/wp\/v2\/product"}],"about":[{"href":"https:\/\/superprintpro.com\/pl\/wp-json\/wp\/v2\/types\/product"}],"replies":[{"embeddable":true,"href":"https:\/\/superprintpro.com\/pl\/wp-json\/wp\/v2\/comments?post=30285"}],"version-history":[{"count":1,"href":"https:\/\/superprintpro.com\/pl\/wp-json\/wp\/v2\/product\/30285\/revisions"}],"predecessor-version":[{"id":30287,"href":"https:\/\/superprintpro.com\/pl\/wp-json\/wp\/v2\/product\/30285\/revisions\/30287"}],"wp:featuredmedia":[{"embeddable":true,"href":"https:\/\/superprintpro.com\/pl\/wp-json\/wp\/v2\/media\/30286"}],"wp:attachment":[{"href":"https:\/\/superprintpro.com\/pl\/wp-json\/wp\/v2\/media?parent=30285"}],"wp:term":[{"taxonomy":"product_brand","embeddable":true,"href":"https:\/\/superprintpro.com\/pl\/wp-json\/wp\/v2\/product_brand?post=30285"},{"taxonomy":"product_cat","embeddable":true,"href":"https:\/\/superprintpro.com\/pl\/wp-json\/wp\/v2\/product_cat?post=30285"},{"taxonomy":"product_tag","embeddable":true,"href":"https:\/\/superprintpro.com\/pl\/wp-json\/wp\/v2\/product_tag?post=30285"}],"curies":[{"name":"wp","href":"https:\/\/api.w.org\/{rel}","templated":true}]}}