{"id":30233,"date":"2025-08-18T16:00:51","date_gmt":"2025-08-18T08:00:51","guid":{"rendered":"https:\/\/superprintpro.com\/?post_type=product&#038;p=30233"},"modified":"2025-08-18T16:00:51","modified_gmt":"2025-08-18T08:00:51","slug":"amo-hybrid-uv-inkjet-printer-am1800uvh4k24i-with-4-konica-km1024i-printhead","status":"publish","type":"product","link":"https:\/\/superprintpro.com\/pl\/produkt\/amo-hybrid-uv-inkjet-printer-am1800uvh4k24i-with-4-konica-km1024i-printhead\/","title":{"rendered":"Hybrydowa drukarka atramentowa UV AMO AM1800UVH4k24i z 4 g\u0142owicami drukuj\u0105cymi Konica km1024i"},"content":{"rendered":"<p>Hybrydowa drukarka atramentowa UV AMO AM1800UVH4k24i z 4 g\u0142owicami drukuj\u0105cymi Konica km1024i.<\/p>\n<p>Drukarka hybrydowa to po\u0142\u0105czenie drukarki UV typu flatbed i drukarki UV typu roll-to-roll w jednym urz\u0105dzeniu. Oznacza to, \u017ce mo\u017ce drukowa\u0107 zar\u00f3wno na mi\u0119kkich materia\u0142ach typu roll-to-roll, jak i na twardych materia\u0142ach typu flatbed.<\/p>\n<p>1. Szeroko\u015b\u0107 druku 1,8 metra; z szybk\u0105 g\u0142owic\u0105 drukuj\u0105c\u0105 atramentow\u0105 KONICA1024i i technologi\u0105 zmiennej kropli atramentu;<br \/>\n2. Podw\u00f3jna liniowa prowadnica o wysokiej precyzji i suwak + podw\u00f3jny serwosilnik pr\u0105du przemiennego;<br \/>\n3. Profesjonalne oprogramowanie do zarz\u0105dzania kolorami z funkcj\u0105 starzenia si\u0119 g\u0142owicy drukuj\u0105cej, funkcj\u0105 oszcz\u0119dzania atramentu\/inteligentnego sk\u0142adu tekstu, zaawansowanym przywracaniem kolor\u00f3w (cztery kolory umo\u017cliwiaj\u0105 przywr\u00f3cenie koloru \u201ez\u0142otego\/srebrnego\u201d);<br \/>\n4. Opatentowana konstrukcja niezwykle czu\u0142ego systemu zapobiegaj\u0105cego kolizjom g\u0142owicy zraszacza; lampa utwardzaj\u0105ca UV ch\u0142odzona wod\u0105 LED;<br \/>\n5. Podw\u00f3jny wa\u0142ek rozpr\u0119\u017cny powietrza + podw\u00f3jny pr\u0119t napinaj\u0105cy, system toczenia w g\u00f3r\u0119 i w d\u00f3\u0142, brak odchyle\u0144 i zmarszczek przy du\u017cej pr\u0119dko\u015bci ruchu, wi\u0119ksza dok\u0142adno\u015b\u0107 kroku;<br \/>\n6. Wysokiej mocy eliminator elektrostatyczny mo\u017ce skutecznie eliminowa\u0107 problemy takie jak lataj\u0105cy tusz i rozmycie spowodowane elektryczno\u015bci\u0105 statyczn\u0105 materia\u0142\u00f3w;<br \/>\n7. Platforma drukuj\u0105ca posiada funkcj\u0119 niezale\u017cnej, segmentowanej adsorpcji i niezale\u017cnej regulacji wielko\u015bci adsorpcji. Dzi\u0119ki mocnej, cichej turbinie dmuchawowej, mo\u017ce ona dostosowa\u0107 si\u0119 do adsorpcji r\u00f3\u017cnych materia\u0142\u00f3w o r\u00f3\u017cnej grubo\u015bci i pracowa\u0107 z r\u00f3\u017cnymi, z\u0142o\u017conymi materia\u0142ami.<\/p>\n<p>Maksymalna szeroko\u015b\u0107 zadruku: 1800 mm<br \/>\nG\u0142owica drukuj\u0105ca: 4 sztuki g\u0142owic drukuj\u0105cych Konica1024i<br \/>\nPr\u0119dko\u015b\u0107 drukowania g\u0142owicy drukuj\u0105cej czterorz\u0119dowej<br \/>\n\u015awiat\u0142o zewn\u0119trzne: 35-260m\u00b2\/h<br \/>\n\u015awiat\u0142o wewn\u0119trzne: 190-135m\u00b2\/h<br \/>\nC+W+C:33-66m\u00b2\/h<\/p>\n<p>Rozwi\u0105zanie aplikacyjne Folia mi\u0119kka\/baner Flex\/baner Flex powlekany\/element lampy\/transparentny baner elektrostatyczny<br \/>\nfolia\/p\u0142\u00f3tno\/sk\u00f3ra\/materia\u0142 tekstylny (prawie ka\u017cdy mi\u0119kki materia\u0142) oraz p\u0142aski materia\u0142, taki jak p\u0142yta PCV, p\u0142yta akrylowa itp.<br \/>\nMoc AC220V\/50\/60HZ\/3800W<br \/>\nRozmiar drukarki: d\u0142. 4260 mm * szer. 1750 mm * wys. 1650 mm<br \/>\nWymiary opakowania: d\u0142. 4310 mm * szer. 1800 mm * wys. 1700 mm<br \/>\nWaga netto w po\u0142ysku: 1500 kg\/1800 kg<\/p>","protected":false},"excerpt":{"rendered":"<p>Aby uzyska\u0107 szczeg\u00f3\u0142owe informacje o produktach i najnowsze oferty, skontaktuj si\u0119 z naszym kierownikiem sprzeda\u017cy<\/p>","protected":false},"featured_media":30234,"comment_status":"open","ping_status":"closed","template":"","meta":[],"product_brand":[],"product_cat":[118],"product_tag":[],"class_list":{"0":"post-30233","1":"product","2":"type-product","3":"status-publish","4":"has-post-thumbnail","6":"product_cat-with-konica-km1024i-printheads-uv-hybrid-inkjet-printer","8":"first","9":"instock","10":"shipping-taxable","11":"purchasable","12":"product-type-simple"},"yoast_head":"<!-- This site is optimized with the Yoast SEO plugin v26.9 - https:\/\/yoast.com\/product\/yoast-seo-wordpress\/ -->\n<title>AMO Hybrid UV Inkjet Printer AM1800UVH4k24i with 4 Konica km1024i printhead - Amo<\/title>\n<meta name=\"robots\" content=\"index, follow, max-snippet:-1, max-image-preview:large, max-video-preview:-1\" \/>\n<link rel=\"canonical\" href=\"https:\/\/superprintpro.com\/pl\/produkt\/amo-hybrid-uv-inkjet-printer-am1800uvh4k24i-with-4-konica-km1024i-printhead\/\" \/>\n<meta property=\"og:locale\" content=\"pl_PL\" \/>\n<meta property=\"og:type\" content=\"article\" \/>\n<meta property=\"og:title\" content=\"AMO Hybrid UV Inkjet Printer AM1800UVH4k24i with 4 Konica km1024i printhead - Amo\" \/>\n<meta property=\"og:description\" content=\"For product details and the latest quotes, please contact our sales manager\" \/>\n<meta property=\"og:url\" content=\"https:\/\/superprintpro.com\/pl\/produkt\/amo-hybrid-uv-inkjet-printer-am1800uvh4k24i-with-4-konica-km1024i-printhead\/\" \/>\n<meta property=\"og:site_name\" content=\"Amo\" \/>\n<meta property=\"og:image\" content=\"https:\/\/superprintpro.com\/wp-content\/uploads\/2025\/08\/amo-hybrid-uv-inkjet-printer-am1800uvh4k24i-with-4-konica-km1024i-printhead.jpg\" \/>\n\t<meta property=\"og:image:width\" content=\"602\" \/>\n\t<meta property=\"og:image:height\" content=\"339\" \/>\n\t<meta property=\"og:image:type\" content=\"image\/jpeg\" \/>\n<meta name=\"twitter:card\" content=\"summary_large_image\" \/>\n<meta name=\"twitter:label1\" content=\"Szacowany czas czytania\" \/>\n\t<meta name=\"twitter:data1\" content=\"1 minuta\" \/>\n<script type=\"application\/ld+json\" class=\"yoast-schema-graph\">{\"@context\":\"https:\/\/schema.org\",\"@graph\":[{\"@type\":\"WebPage\",\"@id\":\"https:\/\/superprintpro.com\/product\/amo-hybrid-uv-inkjet-printer-am1800uvh4k24i-with-4-konica-km1024i-printhead\/\",\"url\":\"https:\/\/superprintpro.com\/product\/amo-hybrid-uv-inkjet-printer-am1800uvh4k24i-with-4-konica-km1024i-printhead\/\",\"name\":\"AMO Hybrid UV Inkjet Printer AM1800UVH4k24i with 4 Konica km1024i printhead - Amo\",\"isPartOf\":{\"@id\":\"https:\/\/superprintpro.com\/#website\"},\"primaryImageOfPage\":{\"@id\":\"https:\/\/superprintpro.com\/product\/amo-hybrid-uv-inkjet-printer-am1800uvh4k24i-with-4-konica-km1024i-printhead\/#primaryimage\"},\"image\":{\"@id\":\"https:\/\/superprintpro.com\/product\/amo-hybrid-uv-inkjet-printer-am1800uvh4k24i-with-4-konica-km1024i-printhead\/#primaryimage\"},\"thumbnailUrl\":\"https:\/\/superprintpro.com\/wp-content\/uploads\/2025\/08\/amo-hybrid-uv-inkjet-printer-am1800uvh4k24i-with-4-konica-km1024i-printhead.jpg\",\"datePublished\":\"2025-08-18T08:00:51+00:00\",\"breadcrumb\":{\"@id\":\"https:\/\/superprintpro.com\/product\/amo-hybrid-uv-inkjet-printer-am1800uvh4k24i-with-4-konica-km1024i-printhead\/#breadcrumb\"},\"inLanguage\":\"pl-PL\",\"potentialAction\":[{\"@type\":\"ReadAction\",\"target\":[\"https:\/\/superprintpro.com\/product\/amo-hybrid-uv-inkjet-printer-am1800uvh4k24i-with-4-konica-km1024i-printhead\/\"]}]},{\"@type\":\"ImageObject\",\"inLanguage\":\"pl-PL\",\"@id\":\"https:\/\/superprintpro.com\/product\/amo-hybrid-uv-inkjet-printer-am1800uvh4k24i-with-4-konica-km1024i-printhead\/#primaryimage\",\"url\":\"https:\/\/superprintpro.com\/wp-content\/uploads\/2025\/08\/amo-hybrid-uv-inkjet-printer-am1800uvh4k24i-with-4-konica-km1024i-printhead.jpg\",\"contentUrl\":\"https:\/\/superprintpro.com\/wp-content\/uploads\/2025\/08\/amo-hybrid-uv-inkjet-printer-am1800uvh4k24i-with-4-konica-km1024i-printhead.jpg\",\"width\":602,\"height\":339,\"caption\":\"AMO Hybrid UV Inkjet Printer AM1800UVH4k24i with 4 Konica km1024i printhead\"},{\"@type\":\"BreadcrumbList\",\"@id\":\"https:\/\/superprintpro.com\/product\/amo-hybrid-uv-inkjet-printer-am1800uvh4k24i-with-4-konica-km1024i-printhead\/#breadcrumb\",\"itemListElement\":[{\"@type\":\"ListItem\",\"position\":1,\"name\":\"\u9996\u9875\",\"item\":\"https:\/\/superprintpro.com\/\"},{\"@type\":\"ListItem\",\"position\":2,\"name\":\"Shop\",\"item\":\"https:\/\/superprintpro.com\/shop\/\"},{\"@type\":\"ListItem\",\"position\":3,\"name\":\"AMO Hybrid UV Inkjet Printer AM1800UVH4k24i with 4 Konica km1024i printhead\"}]},{\"@type\":\"WebSite\",\"@id\":\"https:\/\/superprintpro.com\/#website\",\"url\":\"https:\/\/superprintpro.com\/\",\"name\":\"Amo\",\"description\":\"\",\"potentialAction\":[{\"@type\":\"SearchAction\",\"target\":{\"@type\":\"EntryPoint\",\"urlTemplate\":\"https:\/\/superprintpro.com\/?s={search_term_string}\"},\"query-input\":{\"@type\":\"PropertyValueSpecification\",\"valueRequired\":true,\"valueName\":\"search_term_string\"}}],\"inLanguage\":\"pl-PL\"}]}<\/script>\n<!-- \/ Yoast SEO plugin. -->","yoast_head_json":{"title":"AMO Hybrid UV Inkjet Printer AM1800UVH4k24i with 4 Konica km1024i printhead - Amo","robots":{"index":"index","follow":"follow","max-snippet":"max-snippet:-1","max-image-preview":"max-image-preview:large","max-video-preview":"max-video-preview:-1"},"canonical":"https:\/\/superprintpro.com\/pl\/produkt\/amo-hybrid-uv-inkjet-printer-am1800uvh4k24i-with-4-konica-km1024i-printhead\/","og_locale":"pl_PL","og_type":"article","og_title":"AMO Hybrid UV Inkjet Printer AM1800UVH4k24i with 4 Konica km1024i printhead - Amo","og_description":"For product details and the latest quotes, please contact our sales manager","og_url":"https:\/\/superprintpro.com\/pl\/produkt\/amo-hybrid-uv-inkjet-printer-am1800uvh4k24i-with-4-konica-km1024i-printhead\/","og_site_name":"Amo","og_image":[{"width":602,"height":339,"url":"https:\/\/superprintpro.com\/wp-content\/uploads\/2025\/08\/amo-hybrid-uv-inkjet-printer-am1800uvh4k24i-with-4-konica-km1024i-printhead.jpg","type":"image\/jpeg"}],"twitter_card":"summary_large_image","twitter_misc":{"Szacowany czas czytania":"1 minuta"},"schema":{"@context":"https:\/\/schema.org","@graph":[{"@type":"WebPage","@id":"https:\/\/superprintpro.com\/product\/amo-hybrid-uv-inkjet-printer-am1800uvh4k24i-with-4-konica-km1024i-printhead\/","url":"https:\/\/superprintpro.com\/product\/amo-hybrid-uv-inkjet-printer-am1800uvh4k24i-with-4-konica-km1024i-printhead\/","name":"AMO Hybrid UV Inkjet Printer AM1800UVH4k24i with 4 Konica km1024i printhead - Amo","isPartOf":{"@id":"https:\/\/superprintpro.com\/#website"},"primaryImageOfPage":{"@id":"https:\/\/superprintpro.com\/product\/amo-hybrid-uv-inkjet-printer-am1800uvh4k24i-with-4-konica-km1024i-printhead\/#primaryimage"},"image":{"@id":"https:\/\/superprintpro.com\/product\/amo-hybrid-uv-inkjet-printer-am1800uvh4k24i-with-4-konica-km1024i-printhead\/#primaryimage"},"thumbnailUrl":"https:\/\/superprintpro.com\/wp-content\/uploads\/2025\/08\/amo-hybrid-uv-inkjet-printer-am1800uvh4k24i-with-4-konica-km1024i-printhead.jpg","datePublished":"2025-08-18T08:00:51+00:00","breadcrumb":{"@id":"https:\/\/superprintpro.com\/product\/amo-hybrid-uv-inkjet-printer-am1800uvh4k24i-with-4-konica-km1024i-printhead\/#breadcrumb"},"inLanguage":"pl-PL","potentialAction":[{"@type":"ReadAction","target":["https:\/\/superprintpro.com\/product\/amo-hybrid-uv-inkjet-printer-am1800uvh4k24i-with-4-konica-km1024i-printhead\/"]}]},{"@type":"ImageObject","inLanguage":"pl-PL","@id":"https:\/\/superprintpro.com\/product\/amo-hybrid-uv-inkjet-printer-am1800uvh4k24i-with-4-konica-km1024i-printhead\/#primaryimage","url":"https:\/\/superprintpro.com\/wp-content\/uploads\/2025\/08\/amo-hybrid-uv-inkjet-printer-am1800uvh4k24i-with-4-konica-km1024i-printhead.jpg","contentUrl":"https:\/\/superprintpro.com\/wp-content\/uploads\/2025\/08\/amo-hybrid-uv-inkjet-printer-am1800uvh4k24i-with-4-konica-km1024i-printhead.jpg","width":602,"height":339,"caption":"AMO Hybrid UV Inkjet Printer AM1800UVH4k24i with 4 Konica km1024i printhead"},{"@type":"BreadcrumbList","@id":"https:\/\/superprintpro.com\/product\/amo-hybrid-uv-inkjet-printer-am1800uvh4k24i-with-4-konica-km1024i-printhead\/#breadcrumb","itemListElement":[{"@type":"ListItem","position":1,"name":"\u9996\u9875","item":"https:\/\/superprintpro.com\/"},{"@type":"ListItem","position":2,"name":"Shop","item":"https:\/\/superprintpro.com\/shop\/"},{"@type":"ListItem","position":3,"name":"AMO Hybrid UV Inkjet Printer AM1800UVH4k24i with 4 Konica km1024i printhead"}]},{"@type":"WebSite","@id":"https:\/\/superprintpro.com\/#website","url":"https:\/\/superprintpro.com\/","name":"Amo","description":"","potentialAction":[{"@type":"SearchAction","target":{"@type":"EntryPoint","urlTemplate":"https:\/\/superprintpro.com\/?s={search_term_string}"},"query-input":{"@type":"PropertyValueSpecification","valueRequired":true,"valueName":"search_term_string"}}],"inLanguage":"pl-PL"}]}},"_links":{"self":[{"href":"https:\/\/superprintpro.com\/pl\/wp-json\/wp\/v2\/product\/30233","targetHints":{"allow":["GET"]}}],"collection":[{"href":"https:\/\/superprintpro.com\/pl\/wp-json\/wp\/v2\/product"}],"about":[{"href":"https:\/\/superprintpro.com\/pl\/wp-json\/wp\/v2\/types\/product"}],"replies":[{"embeddable":true,"href":"https:\/\/superprintpro.com\/pl\/wp-json\/wp\/v2\/comments?post=30233"}],"version-history":[{"count":1,"href":"https:\/\/superprintpro.com\/pl\/wp-json\/wp\/v2\/product\/30233\/revisions"}],"predecessor-version":[{"id":30235,"href":"https:\/\/superprintpro.com\/pl\/wp-json\/wp\/v2\/product\/30233\/revisions\/30235"}],"wp:featuredmedia":[{"embeddable":true,"href":"https:\/\/superprintpro.com\/pl\/wp-json\/wp\/v2\/media\/30234"}],"wp:attachment":[{"href":"https:\/\/superprintpro.com\/pl\/wp-json\/wp\/v2\/media?parent=30233"}],"wp:term":[{"taxonomy":"product_brand","embeddable":true,"href":"https:\/\/superprintpro.com\/pl\/wp-json\/wp\/v2\/product_brand?post=30233"},{"taxonomy":"product_cat","embeddable":true,"href":"https:\/\/superprintpro.com\/pl\/wp-json\/wp\/v2\/product_cat?post=30233"},{"taxonomy":"product_tag","embeddable":true,"href":"https:\/\/superprintpro.com\/pl\/wp-json\/wp\/v2\/product_tag?post=30233"}],"curies":[{"name":"wp","href":"https:\/\/api.w.org\/{rel}","templated":true}]}}