{"id":30191,"date":"2025-08-18T15:15:34","date_gmt":"2025-08-18T07:15:34","guid":{"rendered":"https:\/\/superprintpro.com\/?post_type=product&#038;p=30191"},"modified":"2025-08-18T15:15:34","modified_gmt":"2025-08-18T07:15:34","slug":"amo-uv-flatbed-inkjet-printer-am2513uvb4k24i-with-4-pieces-konica-km1024i-printheads","status":"publish","type":"product","link":"https:\/\/superprintpro.com\/pl\/produkt\/amo-uv-flatbed-inkjet-printer-am2513uvb4k24i-with-4-pieces-konica-km1024i-printheads\/","title":{"rendered":"Drukarka atramentowa UV Flatbed AMO AM2513UVB4K24i z 4 g\u0142owicami drukuj\u0105cymi Konica KM1024i"},"content":{"rendered":"<p>Drukarka atramentowa UV Flatbed AMO AM2513UVB4K24i z 4 g\u0142owicami drukuj\u0105cymi Konica KM1024i<\/p>\n<p>1. Wyposa\u017c si\u0119 w 4 sztuki Konica KM1024i<br \/>\n2. Wyposa\u017cony w cich\u0105 prowadnic\u0119 liniow\u0105 i suwak oraz silnik o wysokiej precyzji<br \/>\n3. Automatyczne urz\u0105dzenie do pomiaru wysoko\u015bci o wysokiej precyzji. Wyposa\u017cone w zabezpieczenie antykolizyjne g\u0142owicy drukuj\u0105cej z dw\u00f3ch stron;<br \/>\n4. Funkcja automatycznego pozycjonowania za pomoc\u0105 jednego przycisku u\u0142atwia drukowanie na p\u0142ytkach o wi\u0119kszych rozmiarach, wygodniejsza i \u0142atwiejsza w obs\u0142udze przez jedn\u0105 osob\u0119;<br \/>\n5. Wysokiej mocy eliminator \u0142adunk\u00f3w elektrostatycznych, skutecznie eliminuje elektryczno\u015b\u0107 statyczn\u0105 na materia\u0142ach drukowanych, eliminuje elektryczno\u015b\u0107 statyczn\u0105 spowodowan\u0105 lataj\u0105cym tuszem lub brakiem prze\u015bwitu podczas drukowania.<br \/>\n6. Funkcja automatycznego rozpylania b\u0142yskowego g\u0142owicy drukuj\u0105cej. W stanie czuwania dysze g\u0142owicy drukuj\u0105cej b\u0119d\u0105 automatycznie rozpyla\u0107 co 2 godziny, aby zapobiec ich wyschni\u0119ciu.<br \/>\n7. Funkcja podgrzewania wk\u0142adu wt\u00f3rnego o sta\u0142ej temperaturze, funkcja wewn\u0119trznej cyrkulacji bia\u0142ego atramentu, zapobiega wytr\u0105caniu si\u0119 bia\u0142ego atramentu, poprawia p\u0142ynno\u015b\u0107 atramentu, zmniejsza mo\u017cliwo\u015b\u0107 zatkania;<br \/>\n8. R\u0119czny mechaniczny prze\u0142\u0105cznik zaworu zapobiega cofaniu si\u0119 atramentu po wy\u0142\u0105czeniu urz\u0105dzenia, co pozwala zaoszcz\u0119dzi\u0107 wi\u0119cej atramentu;<br \/>\nWentylator turbinowy o du\u017cej mocy 9,3\u20134,5 kW z t\u0142umikiem, zapewniaj\u0105cy du\u017c\u0105 si\u0142\u0119 ssania i ciche \u015brodowisko<\/p>\n<p>Parametry maszyny<br \/>\nMaksymalna szeroko\u015b\u0107 zadruku: 250 cm*130 cm<br \/>\nWysoko\u015b\u0107 druku: 150 mm do 300 mm Mo\u017cliwo\u015b\u0107 dostosowania<br \/>\nG\u0142owica drukuj\u0105ca: 4 sztuki g\u0142owic drukuj\u0105cych Konica KM1024i<br \/>\nPr\u0119dko\u015b\u0107 drukowania: 12-45m\u00b2\/h<br \/>\nMateria\u0142: Mo\u017ce drukowa\u0107 na prawie wszystkich materia\u0142ach p\u0142askich, tr\u00f3jwymiarowych, wkl\u0119s\u0142ych i wypuk\u0142ych, mi\u0119kkich i twardych. Na przyk\u0142ad:<br \/>\np\u0142yta akrylowa, p\u0142yta metalowa, szk\u0142o, p\u0142yta drewniana, ceramiczna pod\u0142oga, tektura, sk\u00f3ra syntetyczna, tkanina tekstylna itp.<br \/>\ntapeta, PC\/PE\/PVC<br \/>\nMoc: AC220\/110\u00b110,50 Hz~60 Hz, 4500 W\/6000 W<br \/>\nRozmiar maszyny \/ Rozmiar opakowania: D\u0142. 4100 mm * Szer. 2060 mm * Wys. 1400 mm D\u0142. \/ 4360 mm * Szer. 2120 mm * Wys. 1610 mm<br \/>\nMasa netto\/brutto 1550 kg\/1670 kg<\/p>","protected":false},"excerpt":{"rendered":"<p>Aby uzyska\u0107 szczeg\u00f3\u0142owe informacje o produktach i najnowsze oferty, skontaktuj si\u0119 z naszym kierownikiem sprzeda\u017cy<\/p>","protected":false},"featured_media":30192,"comment_status":"open","ping_status":"closed","template":"","meta":[],"product_brand":[],"product_cat":[108],"product_tag":[],"class_list":{"0":"post-30191","1":"product","2":"type-product","3":"status-publish","4":"has-post-thumbnail","6":"product_cat-with-konica-km1024i-printheads","8":"first","9":"instock","10":"shipping-taxable","11":"purchasable","12":"product-type-simple"},"yoast_head":"<!-- This site is optimized with the Yoast SEO plugin v26.9 - https:\/\/yoast.com\/product\/yoast-seo-wordpress\/ -->\n<title>AMO UV Flatbed Inkjet Printer AM2513UVB4K24i with 4 pieces Konica KM1024i Printheads - Amo<\/title>\n<meta name=\"robots\" content=\"index, follow, max-snippet:-1, max-image-preview:large, max-video-preview:-1\" \/>\n<link rel=\"canonical\" href=\"https:\/\/superprintpro.com\/pl\/produkt\/amo-uv-flatbed-inkjet-printer-am2513uvb4k24i-with-4-pieces-konica-km1024i-printheads\/\" \/>\n<meta property=\"og:locale\" content=\"pl_PL\" \/>\n<meta property=\"og:type\" content=\"article\" \/>\n<meta property=\"og:title\" content=\"AMO UV Flatbed Inkjet Printer AM2513UVB4K24i with 4 pieces Konica KM1024i Printheads - Amo\" \/>\n<meta property=\"og:description\" content=\"For product details and the latest quotes, please contact our sales manager\" \/>\n<meta property=\"og:url\" content=\"https:\/\/superprintpro.com\/pl\/produkt\/amo-uv-flatbed-inkjet-printer-am2513uvb4k24i-with-4-pieces-konica-km1024i-printheads\/\" \/>\n<meta property=\"og:site_name\" content=\"Amo\" \/>\n<meta property=\"og:image\" content=\"https:\/\/superprintpro.com\/wp-content\/uploads\/2025\/08\/amo-uv-flatbed-inkjet-printer-am2513uvb4k24i-with-4-pieces-konica-km1024i-printheads.jpg\" \/>\n\t<meta property=\"og:image:width\" content=\"614\" \/>\n\t<meta property=\"og:image:height\" content=\"345\" \/>\n\t<meta property=\"og:image:type\" content=\"image\/jpeg\" \/>\n<meta name=\"twitter:card\" content=\"summary_large_image\" \/>\n<meta name=\"twitter:label1\" content=\"Szacowany czas czytania\" \/>\n\t<meta name=\"twitter:data1\" content=\"1 minuta\" \/>\n<script type=\"application\/ld+json\" class=\"yoast-schema-graph\">{\"@context\":\"https:\/\/schema.org\",\"@graph\":[{\"@type\":\"WebPage\",\"@id\":\"https:\/\/superprintpro.com\/product\/amo-uv-flatbed-inkjet-printer-am2513uvb4k24i-with-4-pieces-konica-km1024i-printheads\/\",\"url\":\"https:\/\/superprintpro.com\/product\/amo-uv-flatbed-inkjet-printer-am2513uvb4k24i-with-4-pieces-konica-km1024i-printheads\/\",\"name\":\"AMO UV Flatbed Inkjet Printer AM2513UVB4K24i with 4 pieces Konica KM1024i Printheads - Amo\",\"isPartOf\":{\"@id\":\"https:\/\/superprintpro.com\/#website\"},\"primaryImageOfPage\":{\"@id\":\"https:\/\/superprintpro.com\/product\/amo-uv-flatbed-inkjet-printer-am2513uvb4k24i-with-4-pieces-konica-km1024i-printheads\/#primaryimage\"},\"image\":{\"@id\":\"https:\/\/superprintpro.com\/product\/amo-uv-flatbed-inkjet-printer-am2513uvb4k24i-with-4-pieces-konica-km1024i-printheads\/#primaryimage\"},\"thumbnailUrl\":\"https:\/\/superprintpro.com\/wp-content\/uploads\/2025\/08\/amo-uv-flatbed-inkjet-printer-am2513uvb4k24i-with-4-pieces-konica-km1024i-printheads.jpg\",\"datePublished\":\"2025-08-18T07:15:34+00:00\",\"breadcrumb\":{\"@id\":\"https:\/\/superprintpro.com\/product\/amo-uv-flatbed-inkjet-printer-am2513uvb4k24i-with-4-pieces-konica-km1024i-printheads\/#breadcrumb\"},\"inLanguage\":\"pl-PL\",\"potentialAction\":[{\"@type\":\"ReadAction\",\"target\":[\"https:\/\/superprintpro.com\/product\/amo-uv-flatbed-inkjet-printer-am2513uvb4k24i-with-4-pieces-konica-km1024i-printheads\/\"]}]},{\"@type\":\"ImageObject\",\"inLanguage\":\"pl-PL\",\"@id\":\"https:\/\/superprintpro.com\/product\/amo-uv-flatbed-inkjet-printer-am2513uvb4k24i-with-4-pieces-konica-km1024i-printheads\/#primaryimage\",\"url\":\"https:\/\/superprintpro.com\/wp-content\/uploads\/2025\/08\/amo-uv-flatbed-inkjet-printer-am2513uvb4k24i-with-4-pieces-konica-km1024i-printheads.jpg\",\"contentUrl\":\"https:\/\/superprintpro.com\/wp-content\/uploads\/2025\/08\/amo-uv-flatbed-inkjet-printer-am2513uvb4k24i-with-4-pieces-konica-km1024i-printheads.jpg\",\"width\":614,\"height\":345,\"caption\":\"AMO UV Flatbed Inkjet Printer AM2513UVB4K24i with 4 pieces Konica KM1024i Printheads\"},{\"@type\":\"BreadcrumbList\",\"@id\":\"https:\/\/superprintpro.com\/product\/amo-uv-flatbed-inkjet-printer-am2513uvb4k24i-with-4-pieces-konica-km1024i-printheads\/#breadcrumb\",\"itemListElement\":[{\"@type\":\"ListItem\",\"position\":1,\"name\":\"\u9996\u9875\",\"item\":\"https:\/\/superprintpro.com\/\"},{\"@type\":\"ListItem\",\"position\":2,\"name\":\"Shop\",\"item\":\"https:\/\/superprintpro.com\/shop\/\"},{\"@type\":\"ListItem\",\"position\":3,\"name\":\"AMO UV Flatbed Inkjet Printer AM2513UVB4K24i with 4 pieces Konica KM1024i Printheads\"}]},{\"@type\":\"WebSite\",\"@id\":\"https:\/\/superprintpro.com\/#website\",\"url\":\"https:\/\/superprintpro.com\/\",\"name\":\"Amo\",\"description\":\"\",\"potentialAction\":[{\"@type\":\"SearchAction\",\"target\":{\"@type\":\"EntryPoint\",\"urlTemplate\":\"https:\/\/superprintpro.com\/?s={search_term_string}\"},\"query-input\":{\"@type\":\"PropertyValueSpecification\",\"valueRequired\":true,\"valueName\":\"search_term_string\"}}],\"inLanguage\":\"pl-PL\"}]}<\/script>\n<!-- \/ Yoast SEO plugin. -->","yoast_head_json":{"title":"Drukarka atramentowa UV Flatbed AMO AM2513UVB4K24i z 4 g\u0142owicami drukuj\u0105cymi Konica KM1024i - Amo","robots":{"index":"index","follow":"follow","max-snippet":"max-snippet:-1","max-image-preview":"max-image-preview:large","max-video-preview":"max-video-preview:-1"},"canonical":"https:\/\/superprintpro.com\/pl\/produkt\/amo-uv-flatbed-inkjet-printer-am2513uvb4k24i-with-4-pieces-konica-km1024i-printheads\/","og_locale":"pl_PL","og_type":"article","og_title":"AMO UV Flatbed Inkjet Printer AM2513UVB4K24i with 4 pieces Konica KM1024i Printheads - Amo","og_description":"For product details and the latest quotes, please contact our sales manager","og_url":"https:\/\/superprintpro.com\/pl\/produkt\/amo-uv-flatbed-inkjet-printer-am2513uvb4k24i-with-4-pieces-konica-km1024i-printheads\/","og_site_name":"Amo","og_image":[{"width":614,"height":345,"url":"https:\/\/superprintpro.com\/wp-content\/uploads\/2025\/08\/amo-uv-flatbed-inkjet-printer-am2513uvb4k24i-with-4-pieces-konica-km1024i-printheads.jpg","type":"image\/jpeg"}],"twitter_card":"summary_large_image","twitter_misc":{"Szacowany czas czytania":"1 minuta"},"schema":{"@context":"https:\/\/schema.org","@graph":[{"@type":"WebPage","@id":"https:\/\/superprintpro.com\/product\/amo-uv-flatbed-inkjet-printer-am2513uvb4k24i-with-4-pieces-konica-km1024i-printheads\/","url":"https:\/\/superprintpro.com\/product\/amo-uv-flatbed-inkjet-printer-am2513uvb4k24i-with-4-pieces-konica-km1024i-printheads\/","name":"Drukarka atramentowa UV Flatbed AMO AM2513UVB4K24i z 4 g\u0142owicami drukuj\u0105cymi Konica KM1024i - Amo","isPartOf":{"@id":"https:\/\/superprintpro.com\/#website"},"primaryImageOfPage":{"@id":"https:\/\/superprintpro.com\/product\/amo-uv-flatbed-inkjet-printer-am2513uvb4k24i-with-4-pieces-konica-km1024i-printheads\/#primaryimage"},"image":{"@id":"https:\/\/superprintpro.com\/product\/amo-uv-flatbed-inkjet-printer-am2513uvb4k24i-with-4-pieces-konica-km1024i-printheads\/#primaryimage"},"thumbnailUrl":"https:\/\/superprintpro.com\/wp-content\/uploads\/2025\/08\/amo-uv-flatbed-inkjet-printer-am2513uvb4k24i-with-4-pieces-konica-km1024i-printheads.jpg","datePublished":"2025-08-18T07:15:34+00:00","breadcrumb":{"@id":"https:\/\/superprintpro.com\/product\/amo-uv-flatbed-inkjet-printer-am2513uvb4k24i-with-4-pieces-konica-km1024i-printheads\/#breadcrumb"},"inLanguage":"pl-PL","potentialAction":[{"@type":"ReadAction","target":["https:\/\/superprintpro.com\/product\/amo-uv-flatbed-inkjet-printer-am2513uvb4k24i-with-4-pieces-konica-km1024i-printheads\/"]}]},{"@type":"ImageObject","inLanguage":"pl-PL","@id":"https:\/\/superprintpro.com\/product\/amo-uv-flatbed-inkjet-printer-am2513uvb4k24i-with-4-pieces-konica-km1024i-printheads\/#primaryimage","url":"https:\/\/superprintpro.com\/wp-content\/uploads\/2025\/08\/amo-uv-flatbed-inkjet-printer-am2513uvb4k24i-with-4-pieces-konica-km1024i-printheads.jpg","contentUrl":"https:\/\/superprintpro.com\/wp-content\/uploads\/2025\/08\/amo-uv-flatbed-inkjet-printer-am2513uvb4k24i-with-4-pieces-konica-km1024i-printheads.jpg","width":614,"height":345,"caption":"AMO UV Flatbed Inkjet Printer AM2513UVB4K24i with 4 pieces Konica KM1024i Printheads"},{"@type":"BreadcrumbList","@id":"https:\/\/superprintpro.com\/product\/amo-uv-flatbed-inkjet-printer-am2513uvb4k24i-with-4-pieces-konica-km1024i-printheads\/#breadcrumb","itemListElement":[{"@type":"ListItem","position":1,"name":"\u9996\u9875","item":"https:\/\/superprintpro.com\/"},{"@type":"ListItem","position":2,"name":"Shop","item":"https:\/\/superprintpro.com\/shop\/"},{"@type":"ListItem","position":3,"name":"AMO UV Flatbed Inkjet Printer AM2513UVB4K24i with 4 pieces Konica KM1024i Printheads"}]},{"@type":"WebSite","@id":"https:\/\/superprintpro.com\/#website","url":"https:\/\/superprintpro.com\/","name":"Amo","description":"","potentialAction":[{"@type":"SearchAction","target":{"@type":"EntryPoint","urlTemplate":"https:\/\/superprintpro.com\/?s={search_term_string}"},"query-input":{"@type":"PropertyValueSpecification","valueRequired":true,"valueName":"search_term_string"}}],"inLanguage":"pl-PL"}]}},"_links":{"self":[{"href":"https:\/\/superprintpro.com\/pl\/wp-json\/wp\/v2\/product\/30191","targetHints":{"allow":["GET"]}}],"collection":[{"href":"https:\/\/superprintpro.com\/pl\/wp-json\/wp\/v2\/product"}],"about":[{"href":"https:\/\/superprintpro.com\/pl\/wp-json\/wp\/v2\/types\/product"}],"replies":[{"embeddable":true,"href":"https:\/\/superprintpro.com\/pl\/wp-json\/wp\/v2\/comments?post=30191"}],"version-history":[{"count":1,"href":"https:\/\/superprintpro.com\/pl\/wp-json\/wp\/v2\/product\/30191\/revisions"}],"predecessor-version":[{"id":30193,"href":"https:\/\/superprintpro.com\/pl\/wp-json\/wp\/v2\/product\/30191\/revisions\/30193"}],"wp:featuredmedia":[{"embeddable":true,"href":"https:\/\/superprintpro.com\/pl\/wp-json\/wp\/v2\/media\/30192"}],"wp:attachment":[{"href":"https:\/\/superprintpro.com\/pl\/wp-json\/wp\/v2\/media?parent=30191"}],"wp:term":[{"taxonomy":"product_brand","embeddable":true,"href":"https:\/\/superprintpro.com\/pl\/wp-json\/wp\/v2\/product_brand?post=30191"},{"taxonomy":"product_cat","embeddable":true,"href":"https:\/\/superprintpro.com\/pl\/wp-json\/wp\/v2\/product_cat?post=30191"},{"taxonomy":"product_tag","embeddable":true,"href":"https:\/\/superprintpro.com\/pl\/wp-json\/wp\/v2\/product_tag?post=30191"}],"curies":[{"name":"wp","href":"https:\/\/api.w.org\/{rel}","templated":true}]}}