{"id":30182,"date":"2025-08-18T15:00:33","date_gmt":"2025-08-18T07:00:33","guid":{"rendered":"https:\/\/superprintpro.com\/?post_type=product&#038;p=30182"},"modified":"2025-08-18T15:00:33","modified_gmt":"2025-08-18T07:00:33","slug":"amo-uv-flatbed-printer-am9060uvb4i32-ai-with-4-heads-i3200-heads-and-ai-visual-system","status":"publish","type":"product","link":"https:\/\/superprintpro.com\/pl\/produkt\/amo-uv-flatbed-printer-am9060uvb4i32-ai-with-4-heads-i3200-heads-and-ai-visual-system\/","title":{"rendered":"Drukarka p\u0142aska UV AMO AM9060UVB4i32-AI z 4 g\u0142owicami i3200 i systemem wizualnym AI"},"content":{"rendered":"<p>Drukarka p\u0142aska UV AMO AM9060UVB4i32-AI z 4 g\u0142owicami i3200 i systemem wizualnym AI<\/p>\n<p>Drukarka p\u0142aska 9060UV to popularne urz\u0105dzenie drukuj\u0105ce na rynku, oferuj\u0105ce liczne zalety i zaawansowane funkcje. Wyposa\u017cona w piezoelektryczn\u0105 g\u0142owic\u0119 drukuj\u0105c\u0105 Epson I3200, zapewnia wysok\u0105 precyzj\u0119 i szybko\u015b\u0107 druku, gwarantuj\u0105c jednocze\u015bnie stabilno\u015b\u0107 i powtarzalno\u015b\u0107 jako\u015bci. Dzi\u0119ki zastosowaniu utwardzacza UV-LED, drukarka natychmiast schnie pod wp\u0142ywem \u015bwiat\u0142a ultrafioletowego, eliminuj\u0105c potrzeb\u0119 dodatkowych proces\u00f3w suszenia. Drukarka p\u0142aska 9060 jest szeroko stosowana w r\u00f3\u017cnych bran\u017cach, takich jak reklama, dekoracja, opakowania i elektronika. Mo\u017ce drukowa\u0107 produkty z r\u00f3\u017cnych materia\u0142\u00f3w, takich jak p\u0142ytki, szk\u0142o, akryl, p\u0142yty drewniane, metal i sk\u00f3ra. Dodatkowo, oferuje us\u0142ugi dostosowane do indywidualnych potrzeb klient\u00f3w.<\/p>\n<p>Parametry maszyny<br \/>\nG\u0142owica drukuj\u0105ca: Epson I3200 4H<br \/>\nSystem drukowania: Hoson<br \/>\nRozmiar wydruku: 900 mm x 600 mm<br \/>\nPr\u0119dko\u015b\u0107 drukowania:<br \/>\nTryb 20 m\/h<br \/>\nTryb produkcji 15m\/h<br \/>\nTryb standardowy 9 m\u00b2\/h<br \/>\nTryb jako\u015bci 5 m\u00b2\/h<br \/>\nRodzaj tuszu: tusz UV<br \/>\nKolor: CMYK WV<br \/>\nTyp no\u015bnika: p\u0142aski, cylindryczny<br \/>\nZasilanie atramentem: Zasilanie atramentem syfonowym<br \/>\nKonserwacja g\u0142owicy drukuj\u0105cej: Automatyczny system czyszczenia dysz g\u0142owicy drukuj\u0105cej za pomoc\u0105 jednego przycisku<br \/>\nOprogramowanie Rip: Maintop PP RIIN<br \/>\nInterfejs danych: transmisja gigabitowa z dwoma portami sieciowymi<br \/>\nTrzystanowiskowy tryb drukowania:<br \/>\n1: Stacja talerzy<br \/>\n2: Stacja rolkowa<br \/>\n3: Stacja Cvlinder<\/p>\n<p>Wysoko\u015b\u0107 g\u0142owicy drukuj\u0105cej Z: automatyczny pomiar wysoko\u015bci w osi Z<br \/>\nInne funkcje: System pozycjonowania wizualnego ze skanowaniem AI<\/p>\n<p>Informacje o drukarce<br \/>\nnapi\u0119cie robocze: 220 V AC<br \/>\nMoc 4500W<br \/>\n\u015brodowisko pracy:<br \/>\nNormalna temperatura pracy: 22-28\u2103\/wilgotno\u015b\u0107: 40%-60%<br \/>\nRozmiar maszyny 2000MM*1420MM*1045MM<br \/>\nWymiary opakowania 2140MM*1660MM*1160MM<\/p>","protected":false},"excerpt":{"rendered":"<p>Aby uzyska\u0107 szczeg\u00f3\u0142owe informacje o produktach i najnowsze oferty, skontaktuj si\u0119 z naszym kierownikiem sprzeda\u017cy<\/p>","protected":false},"featured_media":30183,"comment_status":"open","ping_status":"closed","template":"","meta":[],"product_brand":[],"product_cat":[107],"product_tag":[],"class_list":{"0":"post-30182","1":"product","2":"type-product","3":"status-publish","4":"has-post-thumbnail","6":"product_cat-with-i3200-printhead-uv-flatbed-printers","8":"first","9":"instock","10":"shipping-taxable","11":"purchasable","12":"product-type-simple"},"yoast_head":"<!-- This site is optimized with the Yoast SEO plugin v26.9 - https:\/\/yoast.com\/product\/yoast-seo-wordpress\/ -->\n<title>AMO UV Flatbed Printer AM9060UVB4i32-AI with 4 heads i3200 heads and AI Visual system - Amo<\/title>\n<meta name=\"robots\" content=\"index, follow, max-snippet:-1, max-image-preview:large, max-video-preview:-1\" \/>\n<link rel=\"canonical\" href=\"https:\/\/superprintpro.com\/pl\/produkt\/amo-uv-flatbed-printer-am9060uvb4i32-ai-with-4-heads-i3200-heads-and-ai-visual-system\/\" \/>\n<meta property=\"og:locale\" content=\"pl_PL\" \/>\n<meta property=\"og:type\" content=\"article\" \/>\n<meta property=\"og:title\" content=\"AMO UV Flatbed Printer AM9060UVB4i32-AI with 4 heads i3200 heads and AI Visual system - Amo\" \/>\n<meta property=\"og:description\" content=\"For product details and the latest quotes, please contact our sales manager\" \/>\n<meta property=\"og:url\" content=\"https:\/\/superprintpro.com\/pl\/produkt\/amo-uv-flatbed-printer-am9060uvb4i32-ai-with-4-heads-i3200-heads-and-ai-visual-system\/\" \/>\n<meta property=\"og:site_name\" content=\"Amo\" \/>\n<meta property=\"og:image\" content=\"https:\/\/superprintpro.com\/wp-content\/uploads\/2025\/08\/amo-uv-flatbed-printer-am9060uvb4i32-ai-with-4-heads-i3200-heads-and-ai-visual-system.jpg\" \/>\n\t<meta property=\"og:image:width\" content=\"630\" \/>\n\t<meta property=\"og:image:height\" content=\"354\" \/>\n\t<meta property=\"og:image:type\" content=\"image\/jpeg\" \/>\n<meta name=\"twitter:card\" content=\"summary_large_image\" \/>\n<meta name=\"twitter:label1\" content=\"Szacowany czas czytania\" \/>\n\t<meta name=\"twitter:data1\" content=\"1 minuta\" \/>\n<script type=\"application\/ld+json\" class=\"yoast-schema-graph\">{\"@context\":\"https:\/\/schema.org\",\"@graph\":[{\"@type\":\"WebPage\",\"@id\":\"https:\/\/superprintpro.com\/product\/amo-uv-flatbed-printer-am9060uvb4i32-ai-with-4-heads-i3200-heads-and-ai-visual-system\/\",\"url\":\"https:\/\/superprintpro.com\/product\/amo-uv-flatbed-printer-am9060uvb4i32-ai-with-4-heads-i3200-heads-and-ai-visual-system\/\",\"name\":\"AMO UV Flatbed Printer AM9060UVB4i32-AI with 4 heads i3200 heads and AI Visual system - Amo\",\"isPartOf\":{\"@id\":\"https:\/\/superprintpro.com\/#website\"},\"primaryImageOfPage\":{\"@id\":\"https:\/\/superprintpro.com\/product\/amo-uv-flatbed-printer-am9060uvb4i32-ai-with-4-heads-i3200-heads-and-ai-visual-system\/#primaryimage\"},\"image\":{\"@id\":\"https:\/\/superprintpro.com\/product\/amo-uv-flatbed-printer-am9060uvb4i32-ai-with-4-heads-i3200-heads-and-ai-visual-system\/#primaryimage\"},\"thumbnailUrl\":\"https:\/\/superprintpro.com\/wp-content\/uploads\/2025\/08\/amo-uv-flatbed-printer-am9060uvb4i32-ai-with-4-heads-i3200-heads-and-ai-visual-system.jpg\",\"datePublished\":\"2025-08-18T07:00:33+00:00\",\"breadcrumb\":{\"@id\":\"https:\/\/superprintpro.com\/product\/amo-uv-flatbed-printer-am9060uvb4i32-ai-with-4-heads-i3200-heads-and-ai-visual-system\/#breadcrumb\"},\"inLanguage\":\"pl-PL\",\"potentialAction\":[{\"@type\":\"ReadAction\",\"target\":[\"https:\/\/superprintpro.com\/product\/amo-uv-flatbed-printer-am9060uvb4i32-ai-with-4-heads-i3200-heads-and-ai-visual-system\/\"]}]},{\"@type\":\"ImageObject\",\"inLanguage\":\"pl-PL\",\"@id\":\"https:\/\/superprintpro.com\/product\/amo-uv-flatbed-printer-am9060uvb4i32-ai-with-4-heads-i3200-heads-and-ai-visual-system\/#primaryimage\",\"url\":\"https:\/\/superprintpro.com\/wp-content\/uploads\/2025\/08\/amo-uv-flatbed-printer-am9060uvb4i32-ai-with-4-heads-i3200-heads-and-ai-visual-system.jpg\",\"contentUrl\":\"https:\/\/superprintpro.com\/wp-content\/uploads\/2025\/08\/amo-uv-flatbed-printer-am9060uvb4i32-ai-with-4-heads-i3200-heads-and-ai-visual-system.jpg\",\"width\":630,\"height\":354,\"caption\":\"AMO UV Flatbed Printer AM9060UVB4i32-AI with 4 heads i3200 heads and AI Visual system\"},{\"@type\":\"BreadcrumbList\",\"@id\":\"https:\/\/superprintpro.com\/product\/amo-uv-flatbed-printer-am9060uvb4i32-ai-with-4-heads-i3200-heads-and-ai-visual-system\/#breadcrumb\",\"itemListElement\":[{\"@type\":\"ListItem\",\"position\":1,\"name\":\"\u9996\u9875\",\"item\":\"https:\/\/superprintpro.com\/\"},{\"@type\":\"ListItem\",\"position\":2,\"name\":\"Shop\",\"item\":\"https:\/\/superprintpro.com\/shop\/\"},{\"@type\":\"ListItem\",\"position\":3,\"name\":\"AMO UV Flatbed Printer AM9060UVB4i32-AI with 4 heads i3200 heads and AI Visual system\"}]},{\"@type\":\"WebSite\",\"@id\":\"https:\/\/superprintpro.com\/#website\",\"url\":\"https:\/\/superprintpro.com\/\",\"name\":\"Amo\",\"description\":\"\",\"potentialAction\":[{\"@type\":\"SearchAction\",\"target\":{\"@type\":\"EntryPoint\",\"urlTemplate\":\"https:\/\/superprintpro.com\/?s={search_term_string}\"},\"query-input\":{\"@type\":\"PropertyValueSpecification\",\"valueRequired\":true,\"valueName\":\"search_term_string\"}}],\"inLanguage\":\"pl-PL\"}]}<\/script>\n<!-- \/ Yoast SEO plugin. -->","yoast_head_json":{"title":"Drukarka p\u0142aska UV AMO AM9060UVB4i32-AI z 4 g\u0142owicami i3200 i systemem wizualnym AI - Amo","robots":{"index":"index","follow":"follow","max-snippet":"max-snippet:-1","max-image-preview":"max-image-preview:large","max-video-preview":"max-video-preview:-1"},"canonical":"https:\/\/superprintpro.com\/pl\/produkt\/amo-uv-flatbed-printer-am9060uvb4i32-ai-with-4-heads-i3200-heads-and-ai-visual-system\/","og_locale":"pl_PL","og_type":"article","og_title":"AMO UV Flatbed Printer AM9060UVB4i32-AI with 4 heads i3200 heads and AI Visual system - Amo","og_description":"For product details and the latest quotes, please contact our sales manager","og_url":"https:\/\/superprintpro.com\/pl\/produkt\/amo-uv-flatbed-printer-am9060uvb4i32-ai-with-4-heads-i3200-heads-and-ai-visual-system\/","og_site_name":"Amo","og_image":[{"width":630,"height":354,"url":"https:\/\/superprintpro.com\/wp-content\/uploads\/2025\/08\/amo-uv-flatbed-printer-am9060uvb4i32-ai-with-4-heads-i3200-heads-and-ai-visual-system.jpg","type":"image\/jpeg"}],"twitter_card":"summary_large_image","twitter_misc":{"Szacowany czas czytania":"1 minuta"},"schema":{"@context":"https:\/\/schema.org","@graph":[{"@type":"WebPage","@id":"https:\/\/superprintpro.com\/product\/amo-uv-flatbed-printer-am9060uvb4i32-ai-with-4-heads-i3200-heads-and-ai-visual-system\/","url":"https:\/\/superprintpro.com\/product\/amo-uv-flatbed-printer-am9060uvb4i32-ai-with-4-heads-i3200-heads-and-ai-visual-system\/","name":"Drukarka p\u0142aska UV AMO AM9060UVB4i32-AI z 4 g\u0142owicami i3200 i systemem wizualnym AI - Amo","isPartOf":{"@id":"https:\/\/superprintpro.com\/#website"},"primaryImageOfPage":{"@id":"https:\/\/superprintpro.com\/product\/amo-uv-flatbed-printer-am9060uvb4i32-ai-with-4-heads-i3200-heads-and-ai-visual-system\/#primaryimage"},"image":{"@id":"https:\/\/superprintpro.com\/product\/amo-uv-flatbed-printer-am9060uvb4i32-ai-with-4-heads-i3200-heads-and-ai-visual-system\/#primaryimage"},"thumbnailUrl":"https:\/\/superprintpro.com\/wp-content\/uploads\/2025\/08\/amo-uv-flatbed-printer-am9060uvb4i32-ai-with-4-heads-i3200-heads-and-ai-visual-system.jpg","datePublished":"2025-08-18T07:00:33+00:00","breadcrumb":{"@id":"https:\/\/superprintpro.com\/product\/amo-uv-flatbed-printer-am9060uvb4i32-ai-with-4-heads-i3200-heads-and-ai-visual-system\/#breadcrumb"},"inLanguage":"pl-PL","potentialAction":[{"@type":"ReadAction","target":["https:\/\/superprintpro.com\/product\/amo-uv-flatbed-printer-am9060uvb4i32-ai-with-4-heads-i3200-heads-and-ai-visual-system\/"]}]},{"@type":"ImageObject","inLanguage":"pl-PL","@id":"https:\/\/superprintpro.com\/product\/amo-uv-flatbed-printer-am9060uvb4i32-ai-with-4-heads-i3200-heads-and-ai-visual-system\/#primaryimage","url":"https:\/\/superprintpro.com\/wp-content\/uploads\/2025\/08\/amo-uv-flatbed-printer-am9060uvb4i32-ai-with-4-heads-i3200-heads-and-ai-visual-system.jpg","contentUrl":"https:\/\/superprintpro.com\/wp-content\/uploads\/2025\/08\/amo-uv-flatbed-printer-am9060uvb4i32-ai-with-4-heads-i3200-heads-and-ai-visual-system.jpg","width":630,"height":354,"caption":"AMO UV Flatbed Printer AM9060UVB4i32-AI with 4 heads i3200 heads and AI Visual system"},{"@type":"BreadcrumbList","@id":"https:\/\/superprintpro.com\/product\/amo-uv-flatbed-printer-am9060uvb4i32-ai-with-4-heads-i3200-heads-and-ai-visual-system\/#breadcrumb","itemListElement":[{"@type":"ListItem","position":1,"name":"\u9996\u9875","item":"https:\/\/superprintpro.com\/"},{"@type":"ListItem","position":2,"name":"Shop","item":"https:\/\/superprintpro.com\/shop\/"},{"@type":"ListItem","position":3,"name":"AMO UV Flatbed Printer AM9060UVB4i32-AI with 4 heads i3200 heads and AI Visual system"}]},{"@type":"WebSite","@id":"https:\/\/superprintpro.com\/#website","url":"https:\/\/superprintpro.com\/","name":"Amo","description":"","potentialAction":[{"@type":"SearchAction","target":{"@type":"EntryPoint","urlTemplate":"https:\/\/superprintpro.com\/?s={search_term_string}"},"query-input":{"@type":"PropertyValueSpecification","valueRequired":true,"valueName":"search_term_string"}}],"inLanguage":"pl-PL"}]}},"_links":{"self":[{"href":"https:\/\/superprintpro.com\/pl\/wp-json\/wp\/v2\/product\/30182","targetHints":{"allow":["GET"]}}],"collection":[{"href":"https:\/\/superprintpro.com\/pl\/wp-json\/wp\/v2\/product"}],"about":[{"href":"https:\/\/superprintpro.com\/pl\/wp-json\/wp\/v2\/types\/product"}],"replies":[{"embeddable":true,"href":"https:\/\/superprintpro.com\/pl\/wp-json\/wp\/v2\/comments?post=30182"}],"version-history":[{"count":1,"href":"https:\/\/superprintpro.com\/pl\/wp-json\/wp\/v2\/product\/30182\/revisions"}],"predecessor-version":[{"id":30184,"href":"https:\/\/superprintpro.com\/pl\/wp-json\/wp\/v2\/product\/30182\/revisions\/30184"}],"wp:featuredmedia":[{"embeddable":true,"href":"https:\/\/superprintpro.com\/pl\/wp-json\/wp\/v2\/media\/30183"}],"wp:attachment":[{"href":"https:\/\/superprintpro.com\/pl\/wp-json\/wp\/v2\/media?parent=30182"}],"wp:term":[{"taxonomy":"product_brand","embeddable":true,"href":"https:\/\/superprintpro.com\/pl\/wp-json\/wp\/v2\/product_brand?post=30182"},{"taxonomy":"product_cat","embeddable":true,"href":"https:\/\/superprintpro.com\/pl\/wp-json\/wp\/v2\/product_cat?post=30182"},{"taxonomy":"product_tag","embeddable":true,"href":"https:\/\/superprintpro.com\/pl\/wp-json\/wp\/v2\/product_tag?post=30182"}],"curies":[{"name":"wp","href":"https:\/\/api.w.org\/{rel}","templated":true}]}}