{"id":30175,"date":"2025-08-18T14:55:39","date_gmt":"2025-08-18T06:55:39","guid":{"rendered":"https:\/\/superprintpro.com\/?post_type=product&#038;p=30175"},"modified":"2025-08-18T14:55:39","modified_gmt":"2025-08-18T06:55:39","slug":"amo-uv-inkjet-printer-am3200uv8g6-es-3-2meters-with-8-ricoh-gen6-printheads","status":"publish","type":"product","link":"https:\/\/superprintpro.com\/pl\/produkt\/amo-uv-inkjet-printer-am3200uv8g6-es-3-2meters-with-8-ricoh-gen6-printheads\/","title":{"rendered":"Drukarka atramentowa UV AMO AM3200UV8G6-ES 3,2 metra z 8 g\u0142owicami drukuj\u0105cymi Ricoh GEN6"},"content":{"rendered":"<p>Drukarka atramentowa UV MO AM3200UV8G6-ES 3,2 metra z 8 g\u0142owicami drukuj\u0105cymi Ricoh GEN6<\/p>\n<p>Ta seria nie mo\u017ce drukowa\u0107 na bardzo mi\u0119kkich i elastycznych materia\u0142ach, takich jak mi\u0119kka folia. Jest jednak do\u015b\u0107 ekonomiczna w drukowaniu na banerach flex, powlekanych banerach flex, winylu, foliach, foliach jednokierunkowych i p\u0142\u00f3tnie.<\/p>\n<p>1. System podgrzewania dyszy g\u0142owicy drukuj\u0105cej i cyrkulacja atramentu: P\u0142ytka dyszy g\u0142owicy drukuj\u0105cej posiada funkcj\u0119 podgrzewania, kt\u00f3ra zapewnia optymaln\u0105 stabilno\u015b\u0107 przep\u0142ywu atramentu w r\u00f3\u017cnych temperaturach. Wbudowany system podgrzewania atramentu<br \/>\nsystem cyrkulacji zapobiega osadzaniu si\u0119 pigmentu w dyszach, skutecznie redukuj\u0105c ryzyko zatkania dysz.<br \/>\n2. Ca\u0142kowicie przezroczysta konstrukcja dodatkowego zbiornika z atramentem i niezale\u017cna kontrola ci\u015bnienia koloru: (1) Przezroczysta konstrukcja u\u0142atwia rozwi\u0105zywanie problem\u00f3w i skraca czas konserwacji. (2)<br \/>\nNiezale\u017cne mechanizmy regulacji ci\u015bnienia optymalizuj\u0105 zu\u017cycie tuszu.<br \/>\n3. System grzania\/suszenia o du\u017cej mocy: Posiada segmentowane strefy grzania, kt\u00f3re poprawiaj\u0105 wch\u0142anianie tuszu i trwa\u0142o\u015b\u0107 kolor\u00f3w. Zawiera opatentowany, wbudowany system ogrzewania powietrza.<br \/>\nkomora cyrkulacyjna po\u0142\u0105czona z systemem dystrybucji zimnego powietrza, umo\u017cliwiaj\u0105ca szybkie ch\u0142odzenie po suszeniu, co gwarantuje uzyskanie drobniejszych szczeg\u00f3\u0142\u00f3w i bardziej b\u0142yszcz\u0105cego wyko\u0144czenia.<\/p>\n<p>Parametry maszyny<br \/>\nMaksymalna szeroko\u015b\u0107 druku 3200 mm<br \/>\nG\u0142owice drukuj\u0105ce: 4 g\u0142owice drukuj\u0105ce Ricoh GEN6<br \/>\nPr\u0119dko\u015b\u0107 drukowania:<br \/>\nTryb o\u015bwietlenia zewn\u0119trznego 90m\u00b2\/h<br \/>\nTryb o\u015bwietlenia wewn\u0119trznego 50m\u00b2\/h<\/p>\n<p>No\u015bniki: baner elastyczny, winyl, folia jednokierunkowa, siatka, tapeta\/tkanina, tkanina poliestrowa, folia pod\u015bwietlana, papier fotograficzny, Canva itp.<br \/>\nOprogramowanie RIP: oprogramowanie do zarz\u0105dzania kolorami<br \/>\nMoc: AC220\u00b110,50 Hz 60 Hz 4500 W<br \/>\nRozmiar opakowania drukarki: D\u0142. 5300*Sz. 1180*Wys. 1700\/D\u0142. 5600*Sz. 1250*Wys. 2100<br \/>\nWaga netto\/po\u0142ysku: 2500 kg\/2800 kg<\/p>","protected":false},"excerpt":{"rendered":"<p>Aby uzyska\u0107 szczeg\u00f3\u0142owe informacje o produktach i najnowsze oferty, skontaktuj si\u0119 z naszym kierownikiem sprzeda\u017cy<\/p>","protected":false},"featured_media":30177,"comment_status":"open","ping_status":"closed","template":"","meta":[],"product_brand":[],"product_cat":[115],"product_tag":[],"class_list":{"0":"post-30175","1":"product","2":"type-product","3":"status-publish","4":"has-post-thumbnail","6":"product_cat-with-ricoh-gen6-printhead-uv-inkjet-printers-roll-to-roll","8":"first","9":"instock","10":"shipping-taxable","11":"purchasable","12":"product-type-simple"},"yoast_head":"<!-- This site is optimized with the Yoast SEO plugin v26.9 - https:\/\/yoast.com\/product\/yoast-seo-wordpress\/ -->\n<title>AMO UV Inkjet Printer AM3200UV8G6-ES 3.2meters with 8 Ricoh GEN6 Printheads - Amo<\/title>\n<meta name=\"robots\" content=\"index, follow, max-snippet:-1, max-image-preview:large, max-video-preview:-1\" \/>\n<link rel=\"canonical\" href=\"https:\/\/superprintpro.com\/pl\/produkt\/amo-uv-inkjet-printer-am3200uv8g6-es-3-2meters-with-8-ricoh-gen6-printheads\/\" \/>\n<meta property=\"og:locale\" content=\"pl_PL\" \/>\n<meta property=\"og:type\" content=\"article\" \/>\n<meta property=\"og:title\" content=\"AMO UV Inkjet Printer AM3200UV8G6-ES 3.2meters with 8 Ricoh GEN6 Printheads - Amo\" \/>\n<meta property=\"og:description\" content=\"For product details and the latest quotes, please contact our sales manager\" \/>\n<meta property=\"og:url\" content=\"https:\/\/superprintpro.com\/pl\/produkt\/amo-uv-inkjet-printer-am3200uv8g6-es-3-2meters-with-8-ricoh-gen6-printheads\/\" \/>\n<meta property=\"og:site_name\" content=\"Amo\" \/>\n<meta property=\"og:image\" content=\"https:\/\/superprintpro.com\/wp-content\/uploads\/2025\/08\/amo-uv-inkjet-printer-am3200uv8g6-es-32meters-with-8-ricoh-gen6-printheads.jpg\" \/>\n\t<meta property=\"og:image:width\" content=\"828\" \/>\n\t<meta property=\"og:image:height\" content=\"466\" \/>\n\t<meta property=\"og:image:type\" content=\"image\/jpeg\" \/>\n<meta name=\"twitter:card\" content=\"summary_large_image\" \/>\n<meta name=\"twitter:label1\" content=\"Szacowany czas czytania\" \/>\n\t<meta name=\"twitter:data1\" content=\"1 minuta\" \/>\n<script type=\"application\/ld+json\" class=\"yoast-schema-graph\">{\"@context\":\"https:\/\/schema.org\",\"@graph\":[{\"@type\":\"WebPage\",\"@id\":\"https:\/\/superprintpro.com\/product\/amo-uv-inkjet-printer-am3200uv8g6-es-3-2meters-with-8-ricoh-gen6-printheads\/\",\"url\":\"https:\/\/superprintpro.com\/product\/amo-uv-inkjet-printer-am3200uv8g6-es-3-2meters-with-8-ricoh-gen6-printheads\/\",\"name\":\"AMO UV Inkjet Printer AM3200UV8G6-ES 3.2meters with 8 Ricoh GEN6 Printheads - Amo\",\"isPartOf\":{\"@id\":\"https:\/\/superprintpro.com\/#website\"},\"primaryImageOfPage\":{\"@id\":\"https:\/\/superprintpro.com\/product\/amo-uv-inkjet-printer-am3200uv8g6-es-3-2meters-with-8-ricoh-gen6-printheads\/#primaryimage\"},\"image\":{\"@id\":\"https:\/\/superprintpro.com\/product\/amo-uv-inkjet-printer-am3200uv8g6-es-3-2meters-with-8-ricoh-gen6-printheads\/#primaryimage\"},\"thumbnailUrl\":\"https:\/\/superprintpro.com\/wp-content\/uploads\/2025\/08\/amo-uv-inkjet-printer-am3200uv8g6-es-32meters-with-8-ricoh-gen6-printheads.jpg\",\"datePublished\":\"2025-08-18T06:55:39+00:00\",\"breadcrumb\":{\"@id\":\"https:\/\/superprintpro.com\/product\/amo-uv-inkjet-printer-am3200uv8g6-es-3-2meters-with-8-ricoh-gen6-printheads\/#breadcrumb\"},\"inLanguage\":\"pl-PL\",\"potentialAction\":[{\"@type\":\"ReadAction\",\"target\":[\"https:\/\/superprintpro.com\/product\/amo-uv-inkjet-printer-am3200uv8g6-es-3-2meters-with-8-ricoh-gen6-printheads\/\"]}]},{\"@type\":\"ImageObject\",\"inLanguage\":\"pl-PL\",\"@id\":\"https:\/\/superprintpro.com\/product\/amo-uv-inkjet-printer-am3200uv8g6-es-3-2meters-with-8-ricoh-gen6-printheads\/#primaryimage\",\"url\":\"https:\/\/superprintpro.com\/wp-content\/uploads\/2025\/08\/amo-uv-inkjet-printer-am3200uv8g6-es-32meters-with-8-ricoh-gen6-printheads.jpg\",\"contentUrl\":\"https:\/\/superprintpro.com\/wp-content\/uploads\/2025\/08\/amo-uv-inkjet-printer-am3200uv8g6-es-32meters-with-8-ricoh-gen6-printheads.jpg\",\"width\":828,\"height\":466,\"caption\":\"AMO UV Inkjet Printer AM3200UV8G6-ES 3.2meters with 8 Ricoh GEN6 Printheads\"},{\"@type\":\"BreadcrumbList\",\"@id\":\"https:\/\/superprintpro.com\/product\/amo-uv-inkjet-printer-am3200uv8g6-es-3-2meters-with-8-ricoh-gen6-printheads\/#breadcrumb\",\"itemListElement\":[{\"@type\":\"ListItem\",\"position\":1,\"name\":\"\u9996\u9875\",\"item\":\"https:\/\/superprintpro.com\/\"},{\"@type\":\"ListItem\",\"position\":2,\"name\":\"Shop\",\"item\":\"https:\/\/superprintpro.com\/shop\/\"},{\"@type\":\"ListItem\",\"position\":3,\"name\":\"AMO UV Inkjet Printer AM3200UV8G6-ES 3.2meters with 8 Ricoh GEN6 Printheads\"}]},{\"@type\":\"WebSite\",\"@id\":\"https:\/\/superprintpro.com\/#website\",\"url\":\"https:\/\/superprintpro.com\/\",\"name\":\"Amo\",\"description\":\"\",\"potentialAction\":[{\"@type\":\"SearchAction\",\"target\":{\"@type\":\"EntryPoint\",\"urlTemplate\":\"https:\/\/superprintpro.com\/?s={search_term_string}\"},\"query-input\":{\"@type\":\"PropertyValueSpecification\",\"valueRequired\":true,\"valueName\":\"search_term_string\"}}],\"inLanguage\":\"pl-PL\"}]}<\/script>\n<!-- \/ Yoast SEO plugin. -->","yoast_head_json":{"title":"Drukarka atramentowa UV AMO AM3200UV8G6-ES 3,2 metra z 8 g\u0142owicami drukuj\u0105cymi Ricoh GEN6 - Amo","robots":{"index":"index","follow":"follow","max-snippet":"max-snippet:-1","max-image-preview":"max-image-preview:large","max-video-preview":"max-video-preview:-1"},"canonical":"https:\/\/superprintpro.com\/pl\/produkt\/amo-uv-inkjet-printer-am3200uv8g6-es-3-2meters-with-8-ricoh-gen6-printheads\/","og_locale":"pl_PL","og_type":"article","og_title":"AMO UV Inkjet Printer AM3200UV8G6-ES 3.2meters with 8 Ricoh GEN6 Printheads - Amo","og_description":"For product details and the latest quotes, please contact our sales manager","og_url":"https:\/\/superprintpro.com\/pl\/produkt\/amo-uv-inkjet-printer-am3200uv8g6-es-3-2meters-with-8-ricoh-gen6-printheads\/","og_site_name":"Amo","og_image":[{"width":828,"height":466,"url":"https:\/\/superprintpro.com\/wp-content\/uploads\/2025\/08\/amo-uv-inkjet-printer-am3200uv8g6-es-32meters-with-8-ricoh-gen6-printheads.jpg","type":"image\/jpeg"}],"twitter_card":"summary_large_image","twitter_misc":{"Szacowany czas czytania":"1 minuta"},"schema":{"@context":"https:\/\/schema.org","@graph":[{"@type":"WebPage","@id":"https:\/\/superprintpro.com\/product\/amo-uv-inkjet-printer-am3200uv8g6-es-3-2meters-with-8-ricoh-gen6-printheads\/","url":"https:\/\/superprintpro.com\/product\/amo-uv-inkjet-printer-am3200uv8g6-es-3-2meters-with-8-ricoh-gen6-printheads\/","name":"Drukarka atramentowa UV AMO AM3200UV8G6-ES 3,2 metra z 8 g\u0142owicami drukuj\u0105cymi Ricoh GEN6 - Amo","isPartOf":{"@id":"https:\/\/superprintpro.com\/#website"},"primaryImageOfPage":{"@id":"https:\/\/superprintpro.com\/product\/amo-uv-inkjet-printer-am3200uv8g6-es-3-2meters-with-8-ricoh-gen6-printheads\/#primaryimage"},"image":{"@id":"https:\/\/superprintpro.com\/product\/amo-uv-inkjet-printer-am3200uv8g6-es-3-2meters-with-8-ricoh-gen6-printheads\/#primaryimage"},"thumbnailUrl":"https:\/\/superprintpro.com\/wp-content\/uploads\/2025\/08\/amo-uv-inkjet-printer-am3200uv8g6-es-32meters-with-8-ricoh-gen6-printheads.jpg","datePublished":"2025-08-18T06:55:39+00:00","breadcrumb":{"@id":"https:\/\/superprintpro.com\/product\/amo-uv-inkjet-printer-am3200uv8g6-es-3-2meters-with-8-ricoh-gen6-printheads\/#breadcrumb"},"inLanguage":"pl-PL","potentialAction":[{"@type":"ReadAction","target":["https:\/\/superprintpro.com\/product\/amo-uv-inkjet-printer-am3200uv8g6-es-3-2meters-with-8-ricoh-gen6-printheads\/"]}]},{"@type":"ImageObject","inLanguage":"pl-PL","@id":"https:\/\/superprintpro.com\/product\/amo-uv-inkjet-printer-am3200uv8g6-es-3-2meters-with-8-ricoh-gen6-printheads\/#primaryimage","url":"https:\/\/superprintpro.com\/wp-content\/uploads\/2025\/08\/amo-uv-inkjet-printer-am3200uv8g6-es-32meters-with-8-ricoh-gen6-printheads.jpg","contentUrl":"https:\/\/superprintpro.com\/wp-content\/uploads\/2025\/08\/amo-uv-inkjet-printer-am3200uv8g6-es-32meters-with-8-ricoh-gen6-printheads.jpg","width":828,"height":466,"caption":"AMO UV Inkjet Printer AM3200UV8G6-ES 3.2meters with 8 Ricoh GEN6 Printheads"},{"@type":"BreadcrumbList","@id":"https:\/\/superprintpro.com\/product\/amo-uv-inkjet-printer-am3200uv8g6-es-3-2meters-with-8-ricoh-gen6-printheads\/#breadcrumb","itemListElement":[{"@type":"ListItem","position":1,"name":"\u9996\u9875","item":"https:\/\/superprintpro.com\/"},{"@type":"ListItem","position":2,"name":"Shop","item":"https:\/\/superprintpro.com\/shop\/"},{"@type":"ListItem","position":3,"name":"AMO UV Inkjet Printer AM3200UV8G6-ES 3.2meters with 8 Ricoh GEN6 Printheads"}]},{"@type":"WebSite","@id":"https:\/\/superprintpro.com\/#website","url":"https:\/\/superprintpro.com\/","name":"Amo","description":"","potentialAction":[{"@type":"SearchAction","target":{"@type":"EntryPoint","urlTemplate":"https:\/\/superprintpro.com\/?s={search_term_string}"},"query-input":{"@type":"PropertyValueSpecification","valueRequired":true,"valueName":"search_term_string"}}],"inLanguage":"pl-PL"}]}},"_links":{"self":[{"href":"https:\/\/superprintpro.com\/pl\/wp-json\/wp\/v2\/product\/30175","targetHints":{"allow":["GET"]}}],"collection":[{"href":"https:\/\/superprintpro.com\/pl\/wp-json\/wp\/v2\/product"}],"about":[{"href":"https:\/\/superprintpro.com\/pl\/wp-json\/wp\/v2\/types\/product"}],"replies":[{"embeddable":true,"href":"https:\/\/superprintpro.com\/pl\/wp-json\/wp\/v2\/comments?post=30175"}],"version-history":[{"count":1,"href":"https:\/\/superprintpro.com\/pl\/wp-json\/wp\/v2\/product\/30175\/revisions"}],"predecessor-version":[{"id":30178,"href":"https:\/\/superprintpro.com\/pl\/wp-json\/wp\/v2\/product\/30175\/revisions\/30178"}],"wp:featuredmedia":[{"embeddable":true,"href":"https:\/\/superprintpro.com\/pl\/wp-json\/wp\/v2\/media\/30177"}],"wp:attachment":[{"href":"https:\/\/superprintpro.com\/pl\/wp-json\/wp\/v2\/media?parent=30175"}],"wp:term":[{"taxonomy":"product_brand","embeddable":true,"href":"https:\/\/superprintpro.com\/pl\/wp-json\/wp\/v2\/product_brand?post=30175"},{"taxonomy":"product_cat","embeddable":true,"href":"https:\/\/superprintpro.com\/pl\/wp-json\/wp\/v2\/product_cat?post=30175"},{"taxonomy":"product_tag","embeddable":true,"href":"https:\/\/superprintpro.com\/pl\/wp-json\/wp\/v2\/product_tag?post=30175"}],"curies":[{"name":"wp","href":"https:\/\/api.w.org\/{rel}","templated":true}]}}