{"id":30157,"date":"2025-08-18T14:34:04","date_gmt":"2025-08-18T06:34:04","guid":{"rendered":"https:\/\/superprintpro.com\/?post_type=product&#038;p=30157"},"modified":"2025-08-18T14:34:05","modified_gmt":"2025-08-18T06:34:05","slug":"amo-uv-inkjet-printer-am3200uv4k24i-el-for-3-2meters-soft-and-elastic-film-with-4-konica-1024i-printheads","status":"publish","type":"product","link":"https:\/\/superprintpro.com\/pl\/produkt\/amo-uv-inkjet-printer-am3200uv4k24i-el-for-3-2meters-soft-and-elastic-film-with-4-konica-1024i-printheads\/","title":{"rendered":"Drukarka atramentowa UV AMO AM3200UV4k24i-EL do folii mi\u0119kkiej i elastycznej o szeroko\u015bci 3,2 metra z 4 g\u0142owicami drukuj\u0105cymi Konica 1024i"},"content":{"rendered":"<p>Drukarka atramentowa UV AMO AM3200UV4k24i-EL do folii mi\u0119kkiej i elastycznej o szeroko\u015bci 3,2 metra z 4 g\u0142owicami drukuj\u0105cymi Konica 1024i<br \/>\nDrukarka atramentowa UV Amo Soft and Elastic Film AM3200UV4k24i-EL z 4 g\u0142owicami drukuj\u0105cymi Konica KM1024i<\/p>\n<p>Ta seria drukarek atramentowych UV z przyrostkiem EL w nazwie modelu jest wyposa\u017cona w specjalny system rolkowy przeznaczony do bardzo mi\u0119kkich i elastycznych materia\u0142\u00f3w, takich jak folia. Je\u015bli potrzebujesz drukowa\u0107 tylko na standardowych banerach flex, banerach flex powlekanych, winylu, folii, folii One Way Vision i p\u0142\u00f3tnie, nie musisz kupowa\u0107 tej drukarki atramentowej. Zapoznaj si\u0119 z modelami z przyrostkiem ES w nazwie modelu.<\/p>\n<p>1. System podgrzewania dyszy g\u0142owicy drukuj\u0105cej i cyrkulacja atramentu: P\u0142ytka dyszy g\u0142owicy drukuj\u0105cej posiada funkcj\u0119 podgrzewania, kt\u00f3ra zapewnia optymaln\u0105 stabilno\u015b\u0107 przep\u0142ywu atramentu w r\u00f3\u017cnych temperaturach. Wbudowany system podgrzewania atramentu<br \/>\nsystem cyrkulacji zapobiega osadzaniu si\u0119 pigmentu w dyszach, skutecznie redukuj\u0105c ryzyko zatkania dysz.<br \/>\n2. Ca\u0142kowicie przezroczysta konstrukcja dodatkowego zbiornika z atramentem i niezale\u017cna kontrola ci\u015bnienia koloru: (1) Przezroczysta konstrukcja u\u0142atwia rozwi\u0105zywanie problem\u00f3w i skraca czas konserwacji. (2)<br \/>\nNiezale\u017cne mechanizmy regulacji ci\u015bnienia optymalizuj\u0105 zu\u017cycie tuszu.<br \/>\n3. System pojedynczej, zmotoryzowanej rolki dociskowej i ciche prowadnice\/suwaki: (1) Umo\u017cliwia regulacj\u0119 w czasie rzeczywistym poszczeg\u00f3lnych rolek dociskowych podczas drukowania, eliminuj\u0105c marszczenie si\u0119 materia\u0142u bez przerywania produkcji, minimalizuj\u0105c straty materia\u0142u. (2) Szybkie, ciche prowadnice zapewniaj\u0105 p\u0142ynniejszy ruch g\u0142owicy drukuj\u0105cej, zwi\u0119kszaj\u0105c precyzj\u0119 druku i redukuj\u0105c ha\u0142as. Taka konstrukcja minimalizuje zu\u017cycie mechaniczne i wyd\u0142u\u017ca \u017cywotno\u015b\u0107 prowadnic.<br \/>\n4. Regulowana platforma podci\u015bnieniowa i modulacja pr\u0119dko\u015bci wa\u0142ka: (1) Umo\u017cliwia r\u0119czn\u0105 regulacj\u0119 przep\u0142ywu powietrza podczas drukowania w celu rozwi\u0105zania problem\u00f3w z podawaniem materia\u0142u spowodowanych nadmiernym podci\u015bnieniem, zapewniaj\u0105c p\u0142ynne podawanie materia\u0142\u00f3w o r\u00f3\u017cnej grubo\u015bci. (2) System regulacji mocy wa\u0142ka zwi\u0119ksza kompatybilno\u015b\u0107 z r\u00f3\u017cnymi typami materia\u0142\u00f3w zar\u00f3wno podczas podawania, jak i zbierania.<br \/>\n5. System grzania\/suszenia o du\u017cej mocy: Posiada segmentowane strefy grzania, kt\u00f3re poprawiaj\u0105 wch\u0142anianie tuszu i trwa\u0142o\u015b\u0107 kolor\u00f3w. Zawiera opatentowany, wbudowany system ogrzewania powietrza.<br \/>\nkomora cyrkulacyjna po\u0142\u0105czona z systemem dystrybucji zimnego powietrza, umo\u017cliwiaj\u0105ca szybkie ch\u0142odzenie po suszeniu, co gwarantuje uzyskanie drobniejszych szczeg\u00f3\u0142\u00f3w i bardziej b\u0142yszcz\u0105cego wyko\u0144czenia.<\/p>\n<p>Parametry maszyny<br \/>\nMaksymalna szeroko\u015b\u0107 druku 3200 mm<br \/>\nG\u0142owice drukuj\u0105ce: 4 Konica1024i<br \/>\nPr\u0119dko\u015b\u0107 drukowania:<br \/>\nTryb o\u015bwietlenia zewn\u0119trznego 45m\u00b2\/h<br \/>\nTryb o\u015bwietlenia wewn\u0119trznego 22m\u00b2\/h<\/p>\n<p>No\u015bniki: dowolne mi\u0119kkie i elastyczne materia\u0142y: mi\u0119kka folia sufitowa i normalne materia\u0142y, takie jak baner Flex, winyl, folia jednokierunkowa, siatka, tapeta\/tkanina, tkanina poliestrowa, folia pod\u015bwietlana, papier fotograficzny, Canva itp.<br \/>\nOprogramowanie RIP: oprogramowanie do zarz\u0105dzania kolorami<br \/>\nMoc: AC220\u00b110,50 Hz 60 Hz 4500 W<br \/>\nRozmiar opakowania drukarki: D\u0142. 5300*Sz. 1180*Wys. 1700\/D\u0142. 5600*Sz. 1250*Wys. 2100<br \/>\nWaga netto\/po\u0142ysku: 2500 kg\/2800 kg<\/p>","protected":false},"excerpt":{"rendered":"<p>Aby uzyska\u0107 szczeg\u00f3\u0142owe informacje o produktach i najnowsze oferty, skontaktuj si\u0119 z naszym kierownikiem sprzeda\u017cy<\/p>","protected":false},"featured_media":30158,"comment_status":"open","ping_status":"closed","template":"","meta":[],"product_brand":[],"product_cat":[113],"product_tag":[],"class_list":{"0":"post-30157","1":"product","2":"type-product","3":"status-publish","4":"has-post-thumbnail","6":"product_cat-with-konica-km1024i-printhead-uv-inkjet-printers-roll-to-roll","8":"first","9":"instock","10":"shipping-taxable","11":"purchasable","12":"product-type-simple"},"yoast_head":"<!-- This site is optimized with the Yoast SEO plugin v26.9 - https:\/\/yoast.com\/product\/yoast-seo-wordpress\/ -->\n<title>AMO UV Inkjet Printer AM3200UV4k24i-EL for 3.2meters Soft and Elastic Film with 4 Konica 1024i Printheads - Amo<\/title>\n<meta name=\"robots\" content=\"index, follow, max-snippet:-1, max-image-preview:large, max-video-preview:-1\" \/>\n<link rel=\"canonical\" href=\"https:\/\/superprintpro.com\/pl\/produkt\/amo-uv-inkjet-printer-am3200uv4k24i-el-for-3-2meters-soft-and-elastic-film-with-4-konica-1024i-printheads\/\" \/>\n<meta property=\"og:locale\" content=\"pl_PL\" \/>\n<meta property=\"og:type\" content=\"article\" \/>\n<meta property=\"og:title\" content=\"AMO UV Inkjet Printer AM3200UV4k24i-EL for 3.2meters Soft and Elastic Film with 4 Konica 1024i Printheads - Amo\" \/>\n<meta property=\"og:description\" content=\"For product details and the latest quotes, please contact our sales manager\" \/>\n<meta property=\"og:url\" content=\"https:\/\/superprintpro.com\/pl\/produkt\/amo-uv-inkjet-printer-am3200uv4k24i-el-for-3-2meters-soft-and-elastic-film-with-4-konica-1024i-printheads\/\" \/>\n<meta property=\"og:site_name\" content=\"Amo\" \/>\n<meta property=\"article:modified_time\" content=\"2025-08-18T06:34:05+00:00\" \/>\n<meta property=\"og:image\" content=\"https:\/\/superprintpro.com\/wp-content\/uploads\/2025\/08\/amo-uv-inkjet-printer-am3200uv4k24i-el-for-32meters-soft-and-elastic-film-with-4-konica-1024i-printheads.jpg\" \/>\n\t<meta property=\"og:image:width\" content=\"828\" \/>\n\t<meta property=\"og:image:height\" content=\"466\" \/>\n\t<meta property=\"og:image:type\" content=\"image\/jpeg\" \/>\n<meta name=\"twitter:card\" content=\"summary_large_image\" \/>\n<meta name=\"twitter:label1\" content=\"Szacowany czas czytania\" \/>\n\t<meta name=\"twitter:data1\" content=\"2 minuty\" \/>\n<script type=\"application\/ld+json\" class=\"yoast-schema-graph\">{\"@context\":\"https:\/\/schema.org\",\"@graph\":[{\"@type\":\"WebPage\",\"@id\":\"https:\/\/superprintpro.com\/product\/amo-uv-inkjet-printer-am3200uv4k24i-el-for-3-2meters-soft-and-elastic-film-with-4-konica-1024i-printheads\/\",\"url\":\"https:\/\/superprintpro.com\/product\/amo-uv-inkjet-printer-am3200uv4k24i-el-for-3-2meters-soft-and-elastic-film-with-4-konica-1024i-printheads\/\",\"name\":\"AMO UV Inkjet Printer AM3200UV4k24i-EL for 3.2meters Soft and Elastic Film with 4 Konica 1024i Printheads - Amo\",\"isPartOf\":{\"@id\":\"https:\/\/superprintpro.com\/#website\"},\"primaryImageOfPage\":{\"@id\":\"https:\/\/superprintpro.com\/product\/amo-uv-inkjet-printer-am3200uv4k24i-el-for-3-2meters-soft-and-elastic-film-with-4-konica-1024i-printheads\/#primaryimage\"},\"image\":{\"@id\":\"https:\/\/superprintpro.com\/product\/amo-uv-inkjet-printer-am3200uv4k24i-el-for-3-2meters-soft-and-elastic-film-with-4-konica-1024i-printheads\/#primaryimage\"},\"thumbnailUrl\":\"https:\/\/superprintpro.com\/wp-content\/uploads\/2025\/08\/amo-uv-inkjet-printer-am3200uv4k24i-el-for-32meters-soft-and-elastic-film-with-4-konica-1024i-printheads.jpg\",\"datePublished\":\"2025-08-18T06:34:04+00:00\",\"dateModified\":\"2025-08-18T06:34:05+00:00\",\"breadcrumb\":{\"@id\":\"https:\/\/superprintpro.com\/product\/amo-uv-inkjet-printer-am3200uv4k24i-el-for-3-2meters-soft-and-elastic-film-with-4-konica-1024i-printheads\/#breadcrumb\"},\"inLanguage\":\"pl-PL\",\"potentialAction\":[{\"@type\":\"ReadAction\",\"target\":[\"https:\/\/superprintpro.com\/product\/amo-uv-inkjet-printer-am3200uv4k24i-el-for-3-2meters-soft-and-elastic-film-with-4-konica-1024i-printheads\/\"]}]},{\"@type\":\"ImageObject\",\"inLanguage\":\"pl-PL\",\"@id\":\"https:\/\/superprintpro.com\/product\/amo-uv-inkjet-printer-am3200uv4k24i-el-for-3-2meters-soft-and-elastic-film-with-4-konica-1024i-printheads\/#primaryimage\",\"url\":\"https:\/\/superprintpro.com\/wp-content\/uploads\/2025\/08\/amo-uv-inkjet-printer-am3200uv4k24i-el-for-32meters-soft-and-elastic-film-with-4-konica-1024i-printheads.jpg\",\"contentUrl\":\"https:\/\/superprintpro.com\/wp-content\/uploads\/2025\/08\/amo-uv-inkjet-printer-am3200uv4k24i-el-for-32meters-soft-and-elastic-film-with-4-konica-1024i-printheads.jpg\",\"width\":828,\"height\":466,\"caption\":\"AMO UV Inkjet Printer AM3200UV4k24i-EL for 3.2meters Soft and Elastic Film with 4 Konica 1024i Printheads\"},{\"@type\":\"BreadcrumbList\",\"@id\":\"https:\/\/superprintpro.com\/product\/amo-uv-inkjet-printer-am3200uv4k24i-el-for-3-2meters-soft-and-elastic-film-with-4-konica-1024i-printheads\/#breadcrumb\",\"itemListElement\":[{\"@type\":\"ListItem\",\"position\":1,\"name\":\"\u9996\u9875\",\"item\":\"https:\/\/superprintpro.com\/\"},{\"@type\":\"ListItem\",\"position\":2,\"name\":\"Shop\",\"item\":\"https:\/\/superprintpro.com\/shop\/\"},{\"@type\":\"ListItem\",\"position\":3,\"name\":\"AMO UV Inkjet Printer AM3200UV4k24i-EL for 3.2meters Soft and Elastic Film with 4 Konica 1024i Printheads\"}]},{\"@type\":\"WebSite\",\"@id\":\"https:\/\/superprintpro.com\/#website\",\"url\":\"https:\/\/superprintpro.com\/\",\"name\":\"Amo\",\"description\":\"\",\"potentialAction\":[{\"@type\":\"SearchAction\",\"target\":{\"@type\":\"EntryPoint\",\"urlTemplate\":\"https:\/\/superprintpro.com\/?s={search_term_string}\"},\"query-input\":{\"@type\":\"PropertyValueSpecification\",\"valueRequired\":true,\"valueName\":\"search_term_string\"}}],\"inLanguage\":\"pl-PL\"}]}<\/script>\n<!-- \/ Yoast SEO plugin. -->","yoast_head_json":{"title":"Drukarka atramentowa UV AMO AM3200UV4k24i-EL do folii mi\u0119kkiej i elastycznej o szeroko\u015bci 3,2 metra z 4 g\u0142owicami drukuj\u0105cymi Konica 1024i - Amo","robots":{"index":"index","follow":"follow","max-snippet":"max-snippet:-1","max-image-preview":"max-image-preview:large","max-video-preview":"max-video-preview:-1"},"canonical":"https:\/\/superprintpro.com\/pl\/produkt\/amo-uv-inkjet-printer-am3200uv4k24i-el-for-3-2meters-soft-and-elastic-film-with-4-konica-1024i-printheads\/","og_locale":"pl_PL","og_type":"article","og_title":"AMO UV Inkjet Printer AM3200UV4k24i-EL for 3.2meters Soft and Elastic Film with 4 Konica 1024i Printheads - Amo","og_description":"For product details and the latest quotes, please contact our sales manager","og_url":"https:\/\/superprintpro.com\/pl\/produkt\/amo-uv-inkjet-printer-am3200uv4k24i-el-for-3-2meters-soft-and-elastic-film-with-4-konica-1024i-printheads\/","og_site_name":"Amo","article_modified_time":"2025-08-18T06:34:05+00:00","og_image":[{"width":828,"height":466,"url":"https:\/\/superprintpro.com\/wp-content\/uploads\/2025\/08\/amo-uv-inkjet-printer-am3200uv4k24i-el-for-32meters-soft-and-elastic-film-with-4-konica-1024i-printheads.jpg","type":"image\/jpeg"}],"twitter_card":"summary_large_image","twitter_misc":{"Szacowany czas czytania":"2 minuty"},"schema":{"@context":"https:\/\/schema.org","@graph":[{"@type":"WebPage","@id":"https:\/\/superprintpro.com\/product\/amo-uv-inkjet-printer-am3200uv4k24i-el-for-3-2meters-soft-and-elastic-film-with-4-konica-1024i-printheads\/","url":"https:\/\/superprintpro.com\/product\/amo-uv-inkjet-printer-am3200uv4k24i-el-for-3-2meters-soft-and-elastic-film-with-4-konica-1024i-printheads\/","name":"Drukarka atramentowa UV AMO AM3200UV4k24i-EL do folii mi\u0119kkiej i elastycznej o szeroko\u015bci 3,2 metra z 4 g\u0142owicami drukuj\u0105cymi Konica 1024i - Amo","isPartOf":{"@id":"https:\/\/superprintpro.com\/#website"},"primaryImageOfPage":{"@id":"https:\/\/superprintpro.com\/product\/amo-uv-inkjet-printer-am3200uv4k24i-el-for-3-2meters-soft-and-elastic-film-with-4-konica-1024i-printheads\/#primaryimage"},"image":{"@id":"https:\/\/superprintpro.com\/product\/amo-uv-inkjet-printer-am3200uv4k24i-el-for-3-2meters-soft-and-elastic-film-with-4-konica-1024i-printheads\/#primaryimage"},"thumbnailUrl":"https:\/\/superprintpro.com\/wp-content\/uploads\/2025\/08\/amo-uv-inkjet-printer-am3200uv4k24i-el-for-32meters-soft-and-elastic-film-with-4-konica-1024i-printheads.jpg","datePublished":"2025-08-18T06:34:04+00:00","dateModified":"2025-08-18T06:34:05+00:00","breadcrumb":{"@id":"https:\/\/superprintpro.com\/product\/amo-uv-inkjet-printer-am3200uv4k24i-el-for-3-2meters-soft-and-elastic-film-with-4-konica-1024i-printheads\/#breadcrumb"},"inLanguage":"pl-PL","potentialAction":[{"@type":"ReadAction","target":["https:\/\/superprintpro.com\/product\/amo-uv-inkjet-printer-am3200uv4k24i-el-for-3-2meters-soft-and-elastic-film-with-4-konica-1024i-printheads\/"]}]},{"@type":"ImageObject","inLanguage":"pl-PL","@id":"https:\/\/superprintpro.com\/product\/amo-uv-inkjet-printer-am3200uv4k24i-el-for-3-2meters-soft-and-elastic-film-with-4-konica-1024i-printheads\/#primaryimage","url":"https:\/\/superprintpro.com\/wp-content\/uploads\/2025\/08\/amo-uv-inkjet-printer-am3200uv4k24i-el-for-32meters-soft-and-elastic-film-with-4-konica-1024i-printheads.jpg","contentUrl":"https:\/\/superprintpro.com\/wp-content\/uploads\/2025\/08\/amo-uv-inkjet-printer-am3200uv4k24i-el-for-32meters-soft-and-elastic-film-with-4-konica-1024i-printheads.jpg","width":828,"height":466,"caption":"AMO UV Inkjet Printer AM3200UV4k24i-EL for 3.2meters Soft and Elastic Film with 4 Konica 1024i Printheads"},{"@type":"BreadcrumbList","@id":"https:\/\/superprintpro.com\/product\/amo-uv-inkjet-printer-am3200uv4k24i-el-for-3-2meters-soft-and-elastic-film-with-4-konica-1024i-printheads\/#breadcrumb","itemListElement":[{"@type":"ListItem","position":1,"name":"\u9996\u9875","item":"https:\/\/superprintpro.com\/"},{"@type":"ListItem","position":2,"name":"Shop","item":"https:\/\/superprintpro.com\/shop\/"},{"@type":"ListItem","position":3,"name":"AMO UV Inkjet Printer AM3200UV4k24i-EL for 3.2meters Soft and Elastic Film with 4 Konica 1024i Printheads"}]},{"@type":"WebSite","@id":"https:\/\/superprintpro.com\/#website","url":"https:\/\/superprintpro.com\/","name":"Amo","description":"","potentialAction":[{"@type":"SearchAction","target":{"@type":"EntryPoint","urlTemplate":"https:\/\/superprintpro.com\/?s={search_term_string}"},"query-input":{"@type":"PropertyValueSpecification","valueRequired":true,"valueName":"search_term_string"}}],"inLanguage":"pl-PL"}]}},"_links":{"self":[{"href":"https:\/\/superprintpro.com\/pl\/wp-json\/wp\/v2\/product\/30157","targetHints":{"allow":["GET"]}}],"collection":[{"href":"https:\/\/superprintpro.com\/pl\/wp-json\/wp\/v2\/product"}],"about":[{"href":"https:\/\/superprintpro.com\/pl\/wp-json\/wp\/v2\/types\/product"}],"replies":[{"embeddable":true,"href":"https:\/\/superprintpro.com\/pl\/wp-json\/wp\/v2\/comments?post=30157"}],"version-history":[{"count":1,"href":"https:\/\/superprintpro.com\/pl\/wp-json\/wp\/v2\/product\/30157\/revisions"}],"predecessor-version":[{"id":30159,"href":"https:\/\/superprintpro.com\/pl\/wp-json\/wp\/v2\/product\/30157\/revisions\/30159"}],"wp:featuredmedia":[{"embeddable":true,"href":"https:\/\/superprintpro.com\/pl\/wp-json\/wp\/v2\/media\/30158"}],"wp:attachment":[{"href":"https:\/\/superprintpro.com\/pl\/wp-json\/wp\/v2\/media?parent=30157"}],"wp:term":[{"taxonomy":"product_brand","embeddable":true,"href":"https:\/\/superprintpro.com\/pl\/wp-json\/wp\/v2\/product_brand?post=30157"},{"taxonomy":"product_cat","embeddable":true,"href":"https:\/\/superprintpro.com\/pl\/wp-json\/wp\/v2\/product_cat?post=30157"},{"taxonomy":"product_tag","embeddable":true,"href":"https:\/\/superprintpro.com\/pl\/wp-json\/wp\/v2\/product_tag?post=30157"}],"curies":[{"name":"wp","href":"https:\/\/api.w.org\/{rel}","templated":true}]}}