{"id":30136,"date":"2025-08-18T11:25:01","date_gmt":"2025-08-18T03:25:01","guid":{"rendered":"https:\/\/superprintpro.com\/?post_type=product&#038;p=30136"},"modified":"2025-08-18T11:25:01","modified_gmt":"2025-08-18T03:25:01","slug":"amo-solvent-inkjet-printer-am3212k12i-3-2meters-with-12-konica-512i-printhead","status":"publish","type":"product","link":"https:\/\/superprintpro.com\/pl\/produkt\/amo-solvent-inkjet-printer-am3212k12i-3-2meters-with-12-konica-512i-printhead\/","title":{"rendered":"Drukarka atramentowa rozpuszczalnikowa AMO AM3212K12i 3,2 metra z 12 g\u0142owicami drukuj\u0105cymi Konica 512i"},"content":{"rendered":"<p>Drukarka atramentowa rozpuszczalnikowa AMO AM3212K12i 3,2 metra z 12 g\u0142owicami drukuj\u0105cymi Konica 512i<br \/>\n1. System podgrzewania g\u0142owicy drukuj\u0105cej i cyrkulacja atramentu: P\u0142yta g\u0142owicy drukuj\u0105cej posiada funkcj\u0119 podgrzewania, kt\u00f3ra zapewnia optymaln\u0105 stabilno\u015b\u0107 przep\u0142ywu atramentu w r\u00f3\u017cnych temperaturach. Wbudowany system podgrzewania atramentu<br \/>\nsystem cyrkulacji zapobiega osadzaniu si\u0119 pigmentu w g\u0142owicy drukuj\u0105cej, skutecznie redukuj\u0105c ryzyko zatkania dyszy.<br \/>\n2. Ca\u0142kowicie przezroczysty zbiornik na atrament i niezale\u017cna kontrola ci\u015bnienia kolor\u00f3w: (1) Przezroczysta konstrukcja u\u0142atwia rozwi\u0105zywanie problem\u00f3w i skraca czas konserwacji. (2) Niezale\u017cne mechanizmy regulacji ci\u015bnienia optymalizuj\u0105 wydajno\u015b\u0107 zu\u017cycia atramentu.<br \/>\n3. System pojedynczej rolki dociskowej z nap\u0119dem silnikowym i ciche prowadnice\/suwaki: (1) Umo\u017cliwia regulacj\u0119 poszczeg\u00f3lnych rolek dociskowych w czasie rzeczywistym podczas drukowania, eliminuj\u0105c marszczenie si\u0119 materia\u0142u bez przerywania produkcji, minimalizuj\u0105c straty materia\u0142u. (2) Szybkie, ciche prowadnice zapewniaj\u0105 p\u0142ynniejszy ruch g\u0142owicy drukuj\u0105cej, zwi\u0119kszaj\u0105c precyzj\u0119 druku i redukuj\u0105c ha\u0142as. Taka konstrukcja minimalizuje zu\u017cycie mechaniczne i wyd\u0142u\u017ca \u017cywotno\u015b\u0107 prowadnic.<br \/>\n4. Regulowana platforma pr\u00f3\u017cniowa i modulacja pr\u0119dko\u015bci wa\u0142ka: (1) Umo\u017cliwia r\u0119czn\u0105 regulacj\u0119 przep\u0142ywu powietrza podczas drukowania w celu rozwi\u0105zania problem\u00f3w z podawaniem materia\u0142u spowodowanych nadmiernym podci\u015bnieniem, zapewniaj\u0105c p\u0142ynne podawanie materia\u0142\u00f3w o r\u00f3\u017cnej grubo\u015bci. (2) System regulacji mocy wa\u0142ka zwi\u0119ksza kompatybilno\u015b\u0107 z r\u00f3\u017cnymi typami materia\u0142\u00f3w zar\u00f3wno podczas podawania, jak i zbierania.<br \/>\n5. System grzania\/suszenia o du\u017cej mocy: Segmentowane strefy grzania poprawiaj\u0105 absorpcj\u0119 tuszu i trwa\u0142o\u015b\u0107 kolor\u00f3w. Wyposa\u017cony w opatentowan\u0105, wbudowan\u0105 komor\u0119 cyrkulacji powietrza termicznego po\u0142\u0105czon\u0105 z systemem odprowadzania zimnego powietrza, co umo\u017cliwia szybkie sch\u0142adzanie po suszeniu, gwarantuj\u0105c drobniejsze detale i bardziej b\u0142yszcz\u0105ce wyko\u0144czenie.<\/p>\n<p>Parametry maszyny<br \/>\nMaksymalna szeroko\u015b\u0107 druku 3200 mm<br \/>\nLiczba g\u0142owic drukuj\u0105cych: KM512i (12 g\u0142owic)<br \/>\nPr\u0119dko\u015b\u0107 drukowania:<br \/>\n2 przej\u015bcia 360 m\u00b2\/h (480*360 dpi)<br \/>\n3 przej\u015bcia 210 m\u00b2\/h (480*540 dpi)<br \/>\n4 przej\u015bcia 156 m\u00b2\/h (480*720 dpi)<\/p>\n<p>Typ no\u015bnika:<br \/>\nMo\u017cliwo\u015b\u0107 drukowania na dowolnych mi\u0119kkich materia\u0142ach: foliach sufitowych, tapetach\/tkaninach, tkaninach poliestrowych, foliach pod\u015bwietlanych, papierze fotograficznym, p\u0142\u00f3tnie Canva, banerach flex, winylu, siatce, banerach jednokierunkowej widoczno\u015bci, powlekanych banerach flex itp.<br \/>\nOprogramowanie RIP do zarz\u0105dzania kolorami<br \/>\nWymagania dotycz\u0105ce zasilania AC220 \u00b1 10,50 Hz ~ 60 Hz P4500 W<br \/>\nRozmiar opakowania drukarki: D\u0142. 5300*szer. 1180*wys. 1700\/D\u0142. 5600*szer. 1250*wys. 2100<br \/>\nWaga netto po\u0142ysku 1500 kg\/1750 kg<\/p>","protected":false},"excerpt":{"rendered":"<p>Aby uzyska\u0107 szczeg\u00f3\u0142owe informacje o produktach i najnowsze oferty, skontaktuj si\u0119 z naszym kierownikiem sprzeda\u017cy<\/p>","protected":false},"featured_media":30137,"comment_status":"open","ping_status":"closed","template":"","meta":[],"product_brand":[],"product_cat":[116],"product_tag":[],"class_list":{"0":"post-30136","1":"product","2":"type-product","3":"status-publish","4":"has-post-thumbnail","6":"product_cat-with-konica-km512i-printhead","8":"first","9":"instock","10":"shipping-taxable","11":"purchasable","12":"product-type-simple"},"yoast_head":"<!-- This site is optimized with the Yoast SEO plugin v26.9 - https:\/\/yoast.com\/product\/yoast-seo-wordpress\/ -->\n<title>AMO Solvent Inkjet Printer AM3212K12i 3.2meters with 12 Konica 512i Printhead - Amo<\/title>\n<meta name=\"robots\" content=\"index, follow, max-snippet:-1, max-image-preview:large, max-video-preview:-1\" \/>\n<link rel=\"canonical\" href=\"https:\/\/superprintpro.com\/pl\/produkt\/amo-solvent-inkjet-printer-am3212k12i-3-2meters-with-12-konica-512i-printhead\/\" \/>\n<meta property=\"og:locale\" content=\"pl_PL\" \/>\n<meta property=\"og:type\" content=\"article\" \/>\n<meta property=\"og:title\" content=\"AMO Solvent Inkjet Printer AM3212K12i 3.2meters with 12 Konica 512i Printhead - Amo\" \/>\n<meta property=\"og:description\" content=\"For product details and the latest quotes, please contact our sales manager\" \/>\n<meta property=\"og:url\" content=\"https:\/\/superprintpro.com\/pl\/produkt\/amo-solvent-inkjet-printer-am3212k12i-3-2meters-with-12-konica-512i-printhead\/\" \/>\n<meta property=\"og:site_name\" content=\"Amo\" \/>\n<meta property=\"og:image\" content=\"https:\/\/superprintpro.com\/wp-content\/uploads\/2025\/08\/amo-solvent-inkjet-printer-am3212k12i-32meters-with-12-konica-512i-printhead.jpg\" \/>\n\t<meta property=\"og:image:width\" content=\"828\" \/>\n\t<meta property=\"og:image:height\" content=\"466\" \/>\n\t<meta property=\"og:image:type\" content=\"image\/jpeg\" \/>\n<meta name=\"twitter:card\" content=\"summary_large_image\" \/>\n<meta name=\"twitter:label1\" content=\"Szacowany czas czytania\" \/>\n\t<meta name=\"twitter:data1\" content=\"2 minuty\" \/>\n<script type=\"application\/ld+json\" class=\"yoast-schema-graph\">{\"@context\":\"https:\/\/schema.org\",\"@graph\":[{\"@type\":\"WebPage\",\"@id\":\"https:\/\/superprintpro.com\/product\/amo-solvent-inkjet-printer-am3212k12i-3-2meters-with-12-konica-512i-printhead\/\",\"url\":\"https:\/\/superprintpro.com\/product\/amo-solvent-inkjet-printer-am3212k12i-3-2meters-with-12-konica-512i-printhead\/\",\"name\":\"AMO Solvent Inkjet Printer AM3212K12i 3.2meters with 12 Konica 512i Printhead - Amo\",\"isPartOf\":{\"@id\":\"https:\/\/superprintpro.com\/#website\"},\"primaryImageOfPage\":{\"@id\":\"https:\/\/superprintpro.com\/product\/amo-solvent-inkjet-printer-am3212k12i-3-2meters-with-12-konica-512i-printhead\/#primaryimage\"},\"image\":{\"@id\":\"https:\/\/superprintpro.com\/product\/amo-solvent-inkjet-printer-am3212k12i-3-2meters-with-12-konica-512i-printhead\/#primaryimage\"},\"thumbnailUrl\":\"https:\/\/superprintpro.com\/wp-content\/uploads\/2025\/08\/amo-solvent-inkjet-printer-am3212k12i-32meters-with-12-konica-512i-printhead.jpg\",\"datePublished\":\"2025-08-18T03:25:01+00:00\",\"breadcrumb\":{\"@id\":\"https:\/\/superprintpro.com\/product\/amo-solvent-inkjet-printer-am3212k12i-3-2meters-with-12-konica-512i-printhead\/#breadcrumb\"},\"inLanguage\":\"pl-PL\",\"potentialAction\":[{\"@type\":\"ReadAction\",\"target\":[\"https:\/\/superprintpro.com\/product\/amo-solvent-inkjet-printer-am3212k12i-3-2meters-with-12-konica-512i-printhead\/\"]}]},{\"@type\":\"ImageObject\",\"inLanguage\":\"pl-PL\",\"@id\":\"https:\/\/superprintpro.com\/product\/amo-solvent-inkjet-printer-am3212k12i-3-2meters-with-12-konica-512i-printhead\/#primaryimage\",\"url\":\"https:\/\/superprintpro.com\/wp-content\/uploads\/2025\/08\/amo-solvent-inkjet-printer-am3212k12i-32meters-with-12-konica-512i-printhead.jpg\",\"contentUrl\":\"https:\/\/superprintpro.com\/wp-content\/uploads\/2025\/08\/amo-solvent-inkjet-printer-am3212k12i-32meters-with-12-konica-512i-printhead.jpg\",\"width\":828,\"height\":466,\"caption\":\"AMO Solvent Inkjet Printer AM3212K12i 3.2meters with 12 Konica 512i Printhead\"},{\"@type\":\"BreadcrumbList\",\"@id\":\"https:\/\/superprintpro.com\/product\/amo-solvent-inkjet-printer-am3212k12i-3-2meters-with-12-konica-512i-printhead\/#breadcrumb\",\"itemListElement\":[{\"@type\":\"ListItem\",\"position\":1,\"name\":\"\u9996\u9875\",\"item\":\"https:\/\/superprintpro.com\/\"},{\"@type\":\"ListItem\",\"position\":2,\"name\":\"Shop\",\"item\":\"https:\/\/superprintpro.com\/shop\/\"},{\"@type\":\"ListItem\",\"position\":3,\"name\":\"AMO Solvent Inkjet Printer AM3212K12i 3.2meters with 12 Konica 512i Printhead\"}]},{\"@type\":\"WebSite\",\"@id\":\"https:\/\/superprintpro.com\/#website\",\"url\":\"https:\/\/superprintpro.com\/\",\"name\":\"Amo\",\"description\":\"\",\"potentialAction\":[{\"@type\":\"SearchAction\",\"target\":{\"@type\":\"EntryPoint\",\"urlTemplate\":\"https:\/\/superprintpro.com\/?s={search_term_string}\"},\"query-input\":{\"@type\":\"PropertyValueSpecification\",\"valueRequired\":true,\"valueName\":\"search_term_string\"}}],\"inLanguage\":\"pl-PL\"}]}<\/script>\n<!-- \/ Yoast SEO plugin. -->","yoast_head_json":{"title":"Drukarka atramentowa rozpuszczalnikowa AMO AM3212K12i 3,2 metra z 12 g\u0142owicami drukuj\u0105cymi Konica 512i - Amo","robots":{"index":"index","follow":"follow","max-snippet":"max-snippet:-1","max-image-preview":"max-image-preview:large","max-video-preview":"max-video-preview:-1"},"canonical":"https:\/\/superprintpro.com\/pl\/produkt\/amo-solvent-inkjet-printer-am3212k12i-3-2meters-with-12-konica-512i-printhead\/","og_locale":"pl_PL","og_type":"article","og_title":"AMO Solvent Inkjet Printer AM3212K12i 3.2meters with 12 Konica 512i Printhead - Amo","og_description":"For product details and the latest quotes, please contact our sales manager","og_url":"https:\/\/superprintpro.com\/pl\/produkt\/amo-solvent-inkjet-printer-am3212k12i-3-2meters-with-12-konica-512i-printhead\/","og_site_name":"Amo","og_image":[{"width":828,"height":466,"url":"https:\/\/superprintpro.com\/wp-content\/uploads\/2025\/08\/amo-solvent-inkjet-printer-am3212k12i-32meters-with-12-konica-512i-printhead.jpg","type":"image\/jpeg"}],"twitter_card":"summary_large_image","twitter_misc":{"Szacowany czas czytania":"2 minuty"},"schema":{"@context":"https:\/\/schema.org","@graph":[{"@type":"WebPage","@id":"https:\/\/superprintpro.com\/product\/amo-solvent-inkjet-printer-am3212k12i-3-2meters-with-12-konica-512i-printhead\/","url":"https:\/\/superprintpro.com\/product\/amo-solvent-inkjet-printer-am3212k12i-3-2meters-with-12-konica-512i-printhead\/","name":"Drukarka atramentowa rozpuszczalnikowa AMO AM3212K12i 3,2 metra z 12 g\u0142owicami drukuj\u0105cymi Konica 512i - Amo","isPartOf":{"@id":"https:\/\/superprintpro.com\/#website"},"primaryImageOfPage":{"@id":"https:\/\/superprintpro.com\/product\/amo-solvent-inkjet-printer-am3212k12i-3-2meters-with-12-konica-512i-printhead\/#primaryimage"},"image":{"@id":"https:\/\/superprintpro.com\/product\/amo-solvent-inkjet-printer-am3212k12i-3-2meters-with-12-konica-512i-printhead\/#primaryimage"},"thumbnailUrl":"https:\/\/superprintpro.com\/wp-content\/uploads\/2025\/08\/amo-solvent-inkjet-printer-am3212k12i-32meters-with-12-konica-512i-printhead.jpg","datePublished":"2025-08-18T03:25:01+00:00","breadcrumb":{"@id":"https:\/\/superprintpro.com\/product\/amo-solvent-inkjet-printer-am3212k12i-3-2meters-with-12-konica-512i-printhead\/#breadcrumb"},"inLanguage":"pl-PL","potentialAction":[{"@type":"ReadAction","target":["https:\/\/superprintpro.com\/product\/amo-solvent-inkjet-printer-am3212k12i-3-2meters-with-12-konica-512i-printhead\/"]}]},{"@type":"ImageObject","inLanguage":"pl-PL","@id":"https:\/\/superprintpro.com\/product\/amo-solvent-inkjet-printer-am3212k12i-3-2meters-with-12-konica-512i-printhead\/#primaryimage","url":"https:\/\/superprintpro.com\/wp-content\/uploads\/2025\/08\/amo-solvent-inkjet-printer-am3212k12i-32meters-with-12-konica-512i-printhead.jpg","contentUrl":"https:\/\/superprintpro.com\/wp-content\/uploads\/2025\/08\/amo-solvent-inkjet-printer-am3212k12i-32meters-with-12-konica-512i-printhead.jpg","width":828,"height":466,"caption":"AMO Solvent Inkjet Printer AM3212K12i 3.2meters with 12 Konica 512i Printhead"},{"@type":"BreadcrumbList","@id":"https:\/\/superprintpro.com\/product\/amo-solvent-inkjet-printer-am3212k12i-3-2meters-with-12-konica-512i-printhead\/#breadcrumb","itemListElement":[{"@type":"ListItem","position":1,"name":"\u9996\u9875","item":"https:\/\/superprintpro.com\/"},{"@type":"ListItem","position":2,"name":"Shop","item":"https:\/\/superprintpro.com\/shop\/"},{"@type":"ListItem","position":3,"name":"AMO Solvent Inkjet Printer AM3212K12i 3.2meters with 12 Konica 512i Printhead"}]},{"@type":"WebSite","@id":"https:\/\/superprintpro.com\/#website","url":"https:\/\/superprintpro.com\/","name":"Amo","description":"","potentialAction":[{"@type":"SearchAction","target":{"@type":"EntryPoint","urlTemplate":"https:\/\/superprintpro.com\/?s={search_term_string}"},"query-input":{"@type":"PropertyValueSpecification","valueRequired":true,"valueName":"search_term_string"}}],"inLanguage":"pl-PL"}]}},"_links":{"self":[{"href":"https:\/\/superprintpro.com\/pl\/wp-json\/wp\/v2\/product\/30136","targetHints":{"allow":["GET"]}}],"collection":[{"href":"https:\/\/superprintpro.com\/pl\/wp-json\/wp\/v2\/product"}],"about":[{"href":"https:\/\/superprintpro.com\/pl\/wp-json\/wp\/v2\/types\/product"}],"replies":[{"embeddable":true,"href":"https:\/\/superprintpro.com\/pl\/wp-json\/wp\/v2\/comments?post=30136"}],"version-history":[{"count":1,"href":"https:\/\/superprintpro.com\/pl\/wp-json\/wp\/v2\/product\/30136\/revisions"}],"predecessor-version":[{"id":30138,"href":"https:\/\/superprintpro.com\/pl\/wp-json\/wp\/v2\/product\/30136\/revisions\/30138"}],"wp:featuredmedia":[{"embeddable":true,"href":"https:\/\/superprintpro.com\/pl\/wp-json\/wp\/v2\/media\/30137"}],"wp:attachment":[{"href":"https:\/\/superprintpro.com\/pl\/wp-json\/wp\/v2\/media?parent=30136"}],"wp:term":[{"taxonomy":"product_brand","embeddable":true,"href":"https:\/\/superprintpro.com\/pl\/wp-json\/wp\/v2\/product_brand?post=30136"},{"taxonomy":"product_cat","embeddable":true,"href":"https:\/\/superprintpro.com\/pl\/wp-json\/wp\/v2\/product_cat?post=30136"},{"taxonomy":"product_tag","embeddable":true,"href":"https:\/\/superprintpro.com\/pl\/wp-json\/wp\/v2\/product_tag?post=30136"}],"curies":[{"name":"wp","href":"https:\/\/api.w.org\/{rel}","templated":true}]}}