{"id":30110,"date":"2025-08-18T09:58:21","date_gmt":"2025-08-18T01:58:21","guid":{"rendered":"https:\/\/superprintpro.com\/?post_type=product&#038;p=30110"},"modified":"2025-08-18T09:58:21","modified_gmt":"2025-08-18T01:58:21","slug":"am1901i32-1-9meter-inkjet-printer-with-1-i3200-printhead-the-economic-version","status":"publish","type":"product","link":"https:\/\/superprintpro.com\/pl\/produkt\/am1901i32-1-9meter-inkjet-printer-with-1-i3200-printhead-the-economic-version\/","title":{"rendered":"Drukarka atramentowa AM1901i32 o szeroko\u015bci 1,9 m z 1 g\u0142owic\u0105 drukuj\u0105c\u0105 i3200 (wersja ekonomiczna)"},"content":{"rendered":"<p>Nazwa modelu: AM1901i32<\/p>\n<p>Szeroko\u015b\u0107 nadruku: 1,9 metra<br \/>\nMaksymalna szeroko\u015b\u0107 no\u015bnika: 1,9 metra<br \/>\nG\u0142owica drukuj\u0105ca: g\u0142owica drukuj\u0105ca Epson i3200<br \/>\nLiczba g\u0142owic drukuj\u0105cych: 1 sztuka<br \/>\nRozdzielczo\u015b\u0107: 1440 dpi<br \/>\nPr\u0119dko\u015b\u0107 drukowania: tryb 4-przej\u015bciowy 22 metry kwadratowe na godzin\u0119<br \/>\nMateria\u0142y do druku: papier PP, papier fotograficzny, winyl, papier transferowy, papier z niebieskim spodem itp.<br \/>\nKolor: CMYK<br \/>\nTusz: Tusz eko-solwentowy, tusz sublimacyjny (lub inny tusz na bazie wody)<br \/>\nPojemno\u015b\u0107 atramentu: 1 litr na kolor<br \/>\nPort po\u0142\u0105czenia z komputerem: USB\/NET<br \/>\nOdleg\u0142o\u015b\u0107 g\u0142owicy drukuj\u0105cej od no\u015bnika: 2 mm do 3 mm<br \/>\nSystem lokalizacji druku: system rastrowy i serwo<br \/>\nSystem suszenia tuszu: wentylator i grza\u0142ka<br \/>\nSystem silnika i sterownika: Po\u0142\u0105czony silnik o wysokiej precyzji i sterownik dla w\u00f3zka i stopnia<br \/>\nSystem drukowania: Sengyang<br \/>\nStacja atramentowa: Aluminiowa g\u0142owica drukuj\u0105ca o wysokiej precyzji, stacja konserwacyjna.<br \/>\nOprogramowanie do ripowania: Maintop, RIIN, Photoprint<br \/>\nFormat zdj\u0119cia: JPG,TIFF,BMP,PDF<br \/>\nSystem ogrzewania: Sprz\u0119t wyposa\u017cony w automatyczny system kontroli temperatury.<br \/>\nSystem dostarczania medi\u00f3w: Automatyczny system zwijania medi\u00f3w<br \/>\nMaksymalna waga no\u015bnika: 90 kg<br \/>\nZapotrzebowanie na moc: 50\/60 Hz 220 V AC<br \/>\nTemperatura pracy: 20-25 CESUS<br \/>\nWilgotno\u015b\u0107 robocza: 40-70%<br \/>\nWymiary maszyny: d\u0142. 2980 mm x szer. 750 mm x wys. 1250 mm<br \/>\nWaga netto: 210 kg<br \/>\nWymiary opakowania: d\u0142. 2900 mm x szer. 600 mm x wys. 400 mm<br \/>\nMasa brutto: 250 kg<br \/>\n(Rzeczywiste urz\u0105dzenie mo\u017ce si\u0119 nieco r\u00f3\u017cni\u0107 od drukarki przedstawionej w tym katalogu, zw\u0142aszcza niekt\u00f3re szczeg\u00f3\u0142y mog\u0105 si\u0119 r\u00f3\u017cni\u0107.)<\/p>","protected":false},"excerpt":{"rendered":"<p>Aby uzyska\u0107 szczeg\u00f3\u0142owe informacje o produktach i najnowsze oferty, skontaktuj si\u0119 z naszym kierownikiem sprzeda\u017cy<\/p>","protected":false},"featured_media":30111,"comment_status":"open","ping_status":"closed","template":"","meta":[],"product_brand":[],"product_cat":[103],"product_tag":[],"class_list":{"0":"post-30110","1":"product","2":"type-product","3":"status-publish","4":"has-post-thumbnail","6":"product_cat-with-i3200-printhead","8":"first","9":"instock","10":"shipping-taxable","11":"purchasable","12":"product-type-simple"},"yoast_head":"<!-- This site is optimized with the Yoast SEO plugin v26.9 - https:\/\/yoast.com\/product\/yoast-seo-wordpress\/ -->\n<title>AM1901i32 1.9meter Inkjet printer with 1 i3200 Printhead (the economic version) - Amo<\/title>\n<meta name=\"robots\" content=\"index, follow, max-snippet:-1, max-image-preview:large, max-video-preview:-1\" \/>\n<link rel=\"canonical\" href=\"https:\/\/superprintpro.com\/pl\/produkt\/am1901i32-1-9meter-inkjet-printer-with-1-i3200-printhead-the-economic-version\/\" \/>\n<meta property=\"og:locale\" content=\"pl_PL\" \/>\n<meta property=\"og:type\" content=\"article\" \/>\n<meta property=\"og:title\" content=\"AM1901i32 1.9meter Inkjet printer with 1 i3200 Printhead (the economic version) - Amo\" \/>\n<meta property=\"og:description\" content=\"For product details and the latest quotes, please contact our sales manager\" \/>\n<meta property=\"og:url\" content=\"https:\/\/superprintpro.com\/pl\/produkt\/am1901i32-1-9meter-inkjet-printer-with-1-i3200-printhead-the-economic-version\/\" \/>\n<meta property=\"og:site_name\" content=\"Amo\" \/>\n<meta property=\"og:image\" content=\"https:\/\/superprintpro.com\/wp-content\/uploads\/2025\/08\/am1901i32-19meter-inkjet-printer-with-1-i3200-printhead.jpg\" \/>\n\t<meta property=\"og:image:width\" content=\"1204\" \/>\n\t<meta property=\"og:image:height\" content=\"677\" \/>\n\t<meta property=\"og:image:type\" content=\"image\/jpeg\" \/>\n<meta name=\"twitter:card\" content=\"summary_large_image\" \/>\n<meta name=\"twitter:label1\" content=\"Szacowany czas czytania\" \/>\n\t<meta name=\"twitter:data1\" content=\"1 minuta\" \/>\n<script type=\"application\/ld+json\" class=\"yoast-schema-graph\">{\"@context\":\"https:\/\/schema.org\",\"@graph\":[{\"@type\":\"WebPage\",\"@id\":\"https:\/\/superprintpro.com\/product\/am1901i32-1-9meter-inkjet-printer-with-1-i3200-printhead-the-economic-version\/\",\"url\":\"https:\/\/superprintpro.com\/product\/am1901i32-1-9meter-inkjet-printer-with-1-i3200-printhead-the-economic-version\/\",\"name\":\"AM1901i32 1.9meter Inkjet printer with 1 i3200 Printhead (the economic version) - Amo\",\"isPartOf\":{\"@id\":\"https:\/\/superprintpro.com\/#website\"},\"primaryImageOfPage\":{\"@id\":\"https:\/\/superprintpro.com\/product\/am1901i32-1-9meter-inkjet-printer-with-1-i3200-printhead-the-economic-version\/#primaryimage\"},\"image\":{\"@id\":\"https:\/\/superprintpro.com\/product\/am1901i32-1-9meter-inkjet-printer-with-1-i3200-printhead-the-economic-version\/#primaryimage\"},\"thumbnailUrl\":\"https:\/\/superprintpro.com\/wp-content\/uploads\/2025\/08\/am1901i32-19meter-inkjet-printer-with-1-i3200-printhead.jpg\",\"datePublished\":\"2025-08-18T01:58:21+00:00\",\"breadcrumb\":{\"@id\":\"https:\/\/superprintpro.com\/product\/am1901i32-1-9meter-inkjet-printer-with-1-i3200-printhead-the-economic-version\/#breadcrumb\"},\"inLanguage\":\"pl-PL\",\"potentialAction\":[{\"@type\":\"ReadAction\",\"target\":[\"https:\/\/superprintpro.com\/product\/am1901i32-1-9meter-inkjet-printer-with-1-i3200-printhead-the-economic-version\/\"]}]},{\"@type\":\"ImageObject\",\"inLanguage\":\"pl-PL\",\"@id\":\"https:\/\/superprintpro.com\/product\/am1901i32-1-9meter-inkjet-printer-with-1-i3200-printhead-the-economic-version\/#primaryimage\",\"url\":\"https:\/\/superprintpro.com\/wp-content\/uploads\/2025\/08\/am1901i32-19meter-inkjet-printer-with-1-i3200-printhead.jpg\",\"contentUrl\":\"https:\/\/superprintpro.com\/wp-content\/uploads\/2025\/08\/am1901i32-19meter-inkjet-printer-with-1-i3200-printhead.jpg\",\"width\":1204,\"height\":677,\"caption\":\"AM1901i32 1.9meter Inkjet printer with 1 i3200 Printhead (the economic version)\"},{\"@type\":\"BreadcrumbList\",\"@id\":\"https:\/\/superprintpro.com\/product\/am1901i32-1-9meter-inkjet-printer-with-1-i3200-printhead-the-economic-version\/#breadcrumb\",\"itemListElement\":[{\"@type\":\"ListItem\",\"position\":1,\"name\":\"\u9996\u9875\",\"item\":\"https:\/\/superprintpro.com\/\"},{\"@type\":\"ListItem\",\"position\":2,\"name\":\"Shop\",\"item\":\"https:\/\/superprintpro.com\/shop\/\"},{\"@type\":\"ListItem\",\"position\":3,\"name\":\"AM1901i32 1.9meter Inkjet printer with 1 i3200 Printhead (the economic version)\"}]},{\"@type\":\"WebSite\",\"@id\":\"https:\/\/superprintpro.com\/#website\",\"url\":\"https:\/\/superprintpro.com\/\",\"name\":\"Amo\",\"description\":\"\",\"potentialAction\":[{\"@type\":\"SearchAction\",\"target\":{\"@type\":\"EntryPoint\",\"urlTemplate\":\"https:\/\/superprintpro.com\/?s={search_term_string}\"},\"query-input\":{\"@type\":\"PropertyValueSpecification\",\"valueRequired\":true,\"valueName\":\"search_term_string\"}}],\"inLanguage\":\"pl-PL\"}]}<\/script>\n<!-- \/ Yoast SEO plugin. -->","yoast_head_json":{"title":"Drukarka atramentowa AM1901i32 o szeroko\u015bci 1,9 metra z 1 g\u0142owic\u0105 drukuj\u0105c\u0105 i3200 (wersja ekonomiczna) - Amo","robots":{"index":"index","follow":"follow","max-snippet":"max-snippet:-1","max-image-preview":"max-image-preview:large","max-video-preview":"max-video-preview:-1"},"canonical":"https:\/\/superprintpro.com\/pl\/produkt\/am1901i32-1-9meter-inkjet-printer-with-1-i3200-printhead-the-economic-version\/","og_locale":"pl_PL","og_type":"article","og_title":"AM1901i32 1.9meter Inkjet printer with 1 i3200 Printhead (the economic version) - Amo","og_description":"For product details and the latest quotes, please contact our sales manager","og_url":"https:\/\/superprintpro.com\/pl\/produkt\/am1901i32-1-9meter-inkjet-printer-with-1-i3200-printhead-the-economic-version\/","og_site_name":"Amo","og_image":[{"width":1204,"height":677,"url":"https:\/\/superprintpro.com\/wp-content\/uploads\/2025\/08\/am1901i32-19meter-inkjet-printer-with-1-i3200-printhead.jpg","type":"image\/jpeg"}],"twitter_card":"summary_large_image","twitter_misc":{"Szacowany czas czytania":"1 minuta"},"schema":{"@context":"https:\/\/schema.org","@graph":[{"@type":"WebPage","@id":"https:\/\/superprintpro.com\/product\/am1901i32-1-9meter-inkjet-printer-with-1-i3200-printhead-the-economic-version\/","url":"https:\/\/superprintpro.com\/product\/am1901i32-1-9meter-inkjet-printer-with-1-i3200-printhead-the-economic-version\/","name":"Drukarka atramentowa AM1901i32 o szeroko\u015bci 1,9 metra z 1 g\u0142owic\u0105 drukuj\u0105c\u0105 i3200 (wersja ekonomiczna) - Amo","isPartOf":{"@id":"https:\/\/superprintpro.com\/#website"},"primaryImageOfPage":{"@id":"https:\/\/superprintpro.com\/product\/am1901i32-1-9meter-inkjet-printer-with-1-i3200-printhead-the-economic-version\/#primaryimage"},"image":{"@id":"https:\/\/superprintpro.com\/product\/am1901i32-1-9meter-inkjet-printer-with-1-i3200-printhead-the-economic-version\/#primaryimage"},"thumbnailUrl":"https:\/\/superprintpro.com\/wp-content\/uploads\/2025\/08\/am1901i32-19meter-inkjet-printer-with-1-i3200-printhead.jpg","datePublished":"2025-08-18T01:58:21+00:00","breadcrumb":{"@id":"https:\/\/superprintpro.com\/product\/am1901i32-1-9meter-inkjet-printer-with-1-i3200-printhead-the-economic-version\/#breadcrumb"},"inLanguage":"pl-PL","potentialAction":[{"@type":"ReadAction","target":["https:\/\/superprintpro.com\/product\/am1901i32-1-9meter-inkjet-printer-with-1-i3200-printhead-the-economic-version\/"]}]},{"@type":"ImageObject","inLanguage":"pl-PL","@id":"https:\/\/superprintpro.com\/product\/am1901i32-1-9meter-inkjet-printer-with-1-i3200-printhead-the-economic-version\/#primaryimage","url":"https:\/\/superprintpro.com\/wp-content\/uploads\/2025\/08\/am1901i32-19meter-inkjet-printer-with-1-i3200-printhead.jpg","contentUrl":"https:\/\/superprintpro.com\/wp-content\/uploads\/2025\/08\/am1901i32-19meter-inkjet-printer-with-1-i3200-printhead.jpg","width":1204,"height":677,"caption":"AM1901i32 1.9meter Inkjet printer with 1 i3200 Printhead (the economic version)"},{"@type":"BreadcrumbList","@id":"https:\/\/superprintpro.com\/product\/am1901i32-1-9meter-inkjet-printer-with-1-i3200-printhead-the-economic-version\/#breadcrumb","itemListElement":[{"@type":"ListItem","position":1,"name":"\u9996\u9875","item":"https:\/\/superprintpro.com\/"},{"@type":"ListItem","position":2,"name":"Shop","item":"https:\/\/superprintpro.com\/shop\/"},{"@type":"ListItem","position":3,"name":"AM1901i32 1.9meter Inkjet printer with 1 i3200 Printhead (the economic version)"}]},{"@type":"WebSite","@id":"https:\/\/superprintpro.com\/#website","url":"https:\/\/superprintpro.com\/","name":"Amo","description":"","potentialAction":[{"@type":"SearchAction","target":{"@type":"EntryPoint","urlTemplate":"https:\/\/superprintpro.com\/?s={search_term_string}"},"query-input":{"@type":"PropertyValueSpecification","valueRequired":true,"valueName":"search_term_string"}}],"inLanguage":"pl-PL"}]}},"_links":{"self":[{"href":"https:\/\/superprintpro.com\/pl\/wp-json\/wp\/v2\/product\/30110","targetHints":{"allow":["GET"]}}],"collection":[{"href":"https:\/\/superprintpro.com\/pl\/wp-json\/wp\/v2\/product"}],"about":[{"href":"https:\/\/superprintpro.com\/pl\/wp-json\/wp\/v2\/types\/product"}],"replies":[{"embeddable":true,"href":"https:\/\/superprintpro.com\/pl\/wp-json\/wp\/v2\/comments?post=30110"}],"version-history":[{"count":1,"href":"https:\/\/superprintpro.com\/pl\/wp-json\/wp\/v2\/product\/30110\/revisions"}],"predecessor-version":[{"id":30112,"href":"https:\/\/superprintpro.com\/pl\/wp-json\/wp\/v2\/product\/30110\/revisions\/30112"}],"wp:featuredmedia":[{"embeddable":true,"href":"https:\/\/superprintpro.com\/pl\/wp-json\/wp\/v2\/media\/30111"}],"wp:attachment":[{"href":"https:\/\/superprintpro.com\/pl\/wp-json\/wp\/v2\/media?parent=30110"}],"wp:term":[{"taxonomy":"product_brand","embeddable":true,"href":"https:\/\/superprintpro.com\/pl\/wp-json\/wp\/v2\/product_brand?post=30110"},{"taxonomy":"product_cat","embeddable":true,"href":"https:\/\/superprintpro.com\/pl\/wp-json\/wp\/v2\/product_cat?post=30110"},{"taxonomy":"product_tag","embeddable":true,"href":"https:\/\/superprintpro.com\/pl\/wp-json\/wp\/v2\/product_tag?post=30110"}],"curies":[{"name":"wp","href":"https:\/\/api.w.org\/{rel}","templated":true}]}}