{"id":30104,"date":"2025-08-18T09:53:03","date_gmt":"2025-08-18T01:53:03","guid":{"rendered":"https:\/\/superprintpro.com\/?post_type=product&#038;p=30104"},"modified":"2025-08-18T09:53:03","modified_gmt":"2025-08-18T01:53:03","slug":"am1601i32-1-6meter-inkjet-printer-with-1-i3200-printhead-the-economic-version","status":"publish","type":"product","link":"https:\/\/superprintpro.com\/pl\/produkt\/am1601i32-1-6meter-inkjet-printer-with-1-i3200-printhead-the-economic-version\/","title":{"rendered":"Drukarka atramentowa AM1601i32 o szeroko\u015bci 1,6 metra z 1 g\u0142owic\u0105 drukuj\u0105c\u0105 i3200 (wersja ekonomiczna)"},"content":{"rendered":"<p>Nazwa modelu: AM1601i32<\/p>\n<p>Szeroko\u015b\u0107 nadruku: 1,6 metra<\/p>\n<p>Maksymalna szeroko\u015b\u0107 no\u015bnika: 1,6 metra<\/p>\n<p>G\u0142owica drukuj\u0105ca: g\u0142owica drukuj\u0105ca Epson i3200<\/p>\n<p>Liczba g\u0142owic drukuj\u0105cych: 1 sztuka<\/p>\n<p>Rozdzielczo\u015b\u0107: 1440 dpi<\/p>\n<p>Pr\u0119dko\u015b\u0107 drukowania: tryb 4-przej\u015bciowy 22 metry kwadratowe na godzin\u0119<\/p>\n<p>Materia\u0142y do druku: papier PP, papier fotograficzny, winyl, papier transferowy, papier z niebieskim spodem itp.<\/p>\n<p>Kolor: CMYK<\/p>\n<p>Tusz: Tusz eko-solwentowy, tusz sublimacyjny (lub inny tusz na bazie wody)<\/p>\n<p>Pojemno\u015b\u0107 atramentu: 1 litr na kolor<\/p>\n<p>Port po\u0142\u0105czenia z komputerem: USB\/NET<\/p>\n<p>Odleg\u0142o\u015b\u0107 g\u0142owicy drukuj\u0105cej od no\u015bnika: 2 mm do 3 mm<\/p>\n<p>System lokalizacji druku: system rastrowy i serwo<\/p>\n<p>System suszenia tuszu: wentylator i grza\u0142ka<\/p>\n<p>System silnika i sterownika: Po\u0142\u0105czony silnik o wysokiej precyzji i sterownik dla w\u00f3zka i stopnia<\/p>\n<p>System drukowania: Sengyang<\/p>\n<p>Stacja atramentowa: Aluminiowa g\u0142owica drukuj\u0105ca o wysokiej precyzji, stacja konserwacyjna.<\/p>\n<p>Oprogramowanie do ripowania: Maintop, RIIN, Photoprint<\/p>\n<p>Format zdj\u0119cia: JPG,TIFF,BMP,PDF<\/p>\n<p>System ogrzewania: Sprz\u0119t wyposa\u017cony w automatyczny system kontroli temperatury.<\/p>\n<p>System dostarczania medi\u00f3w: Automatyczny system zwijania medi\u00f3w<\/p>\n<p>Maksymalna waga no\u015bnika: 80 kg<\/p>\n<p>Zapotrzebowanie na moc: 50\/60 Hz 220 V AC<\/p>\n<p>Temperatura pracy: 20-25 CESUS<\/p>\n<p>Wilgotno\u015b\u0107 robocza: 40-70%<\/p>\n<p>Wymiary maszyny: d\u0142. 2680 mm x szer. 750 mm x wys. 1250 mm<\/p>\n<p>Waga netto: 200 kg<\/p>\n<p>Wymiary opakowania: d\u0142. 2600 mm x szer. 600 mm x wys. 400 mm<\/p>\n<p>Masa brutto: 240 kg<\/p>\n<p>(Rzeczywiste urz\u0105dzenie mo\u017ce si\u0119 nieco r\u00f3\u017cni\u0107 od drukarki przedstawionej w tym katalogu, zw\u0142aszcza niekt\u00f3re szczeg\u00f3\u0142y mog\u0105 si\u0119 r\u00f3\u017cni\u0107.)<\/p>","protected":false},"excerpt":{"rendered":"<p>Aby uzyska\u0107 szczeg\u00f3\u0142owe informacje o produktach i najnowsze oferty, skontaktuj si\u0119 z naszym kierownikiem sprzeda\u017cy<\/p>","protected":false},"featured_media":30105,"comment_status":"open","ping_status":"closed","template":"","meta":[],"product_brand":[],"product_cat":[103],"product_tag":[],"class_list":{"0":"post-30104","1":"product","2":"type-product","3":"status-publish","4":"has-post-thumbnail","6":"product_cat-with-i3200-printhead","8":"first","9":"instock","10":"shipping-taxable","11":"purchasable","12":"product-type-simple"},"yoast_head":"<!-- This site is optimized with the Yoast SEO plugin v26.9 - https:\/\/yoast.com\/product\/yoast-seo-wordpress\/ -->\n<title>AM1601i32 1.6meter Inkjet printer with 1 i3200 Printhead (the economic version) - Amo<\/title>\n<meta name=\"robots\" content=\"index, follow, max-snippet:-1, max-image-preview:large, max-video-preview:-1\" \/>\n<link rel=\"canonical\" href=\"https:\/\/superprintpro.com\/pl\/produkt\/am1601i32-1-6meter-inkjet-printer-with-1-i3200-printhead-the-economic-version\/\" \/>\n<meta property=\"og:locale\" content=\"pl_PL\" \/>\n<meta property=\"og:type\" content=\"article\" \/>\n<meta property=\"og:title\" content=\"AM1601i32 1.6meter Inkjet printer with 1 i3200 Printhead (the economic version) - Amo\" \/>\n<meta property=\"og:description\" content=\"For product details and the latest quotes, please contact our sales manager\" \/>\n<meta property=\"og:url\" content=\"https:\/\/superprintpro.com\/pl\/produkt\/am1601i32-1-6meter-inkjet-printer-with-1-i3200-printhead-the-economic-version\/\" \/>\n<meta property=\"og:site_name\" content=\"Amo\" \/>\n<meta property=\"og:image\" content=\"https:\/\/superprintpro.com\/wp-content\/uploads\/2025\/08\/am1601i32-16meter-inkjet-printer-with-1-i3200-printhead.jpg\" \/>\n\t<meta property=\"og:image:width\" content=\"1248\" \/>\n\t<meta property=\"og:image:height\" content=\"702\" \/>\n\t<meta property=\"og:image:type\" content=\"image\/jpeg\" \/>\n<meta name=\"twitter:card\" content=\"summary_large_image\" \/>\n<meta name=\"twitter:label1\" content=\"Szacowany czas czytania\" \/>\n\t<meta name=\"twitter:data1\" content=\"1 minuta\" \/>\n<script type=\"application\/ld+json\" class=\"yoast-schema-graph\">{\"@context\":\"https:\/\/schema.org\",\"@graph\":[{\"@type\":\"WebPage\",\"@id\":\"https:\/\/superprintpro.com\/product\/am1601i32-1-6meter-inkjet-printer-with-1-i3200-printhead-the-economic-version\/\",\"url\":\"https:\/\/superprintpro.com\/product\/am1601i32-1-6meter-inkjet-printer-with-1-i3200-printhead-the-economic-version\/\",\"name\":\"AM1601i32 1.6meter Inkjet printer with 1 i3200 Printhead (the economic version) - Amo\",\"isPartOf\":{\"@id\":\"https:\/\/superprintpro.com\/#website\"},\"primaryImageOfPage\":{\"@id\":\"https:\/\/superprintpro.com\/product\/am1601i32-1-6meter-inkjet-printer-with-1-i3200-printhead-the-economic-version\/#primaryimage\"},\"image\":{\"@id\":\"https:\/\/superprintpro.com\/product\/am1601i32-1-6meter-inkjet-printer-with-1-i3200-printhead-the-economic-version\/#primaryimage\"},\"thumbnailUrl\":\"https:\/\/superprintpro.com\/wp-content\/uploads\/2025\/08\/am1601i32-16meter-inkjet-printer-with-1-i3200-printhead.jpg\",\"datePublished\":\"2025-08-18T01:53:03+00:00\",\"breadcrumb\":{\"@id\":\"https:\/\/superprintpro.com\/product\/am1601i32-1-6meter-inkjet-printer-with-1-i3200-printhead-the-economic-version\/#breadcrumb\"},\"inLanguage\":\"pl-PL\",\"potentialAction\":[{\"@type\":\"ReadAction\",\"target\":[\"https:\/\/superprintpro.com\/product\/am1601i32-1-6meter-inkjet-printer-with-1-i3200-printhead-the-economic-version\/\"]}]},{\"@type\":\"ImageObject\",\"inLanguage\":\"pl-PL\",\"@id\":\"https:\/\/superprintpro.com\/product\/am1601i32-1-6meter-inkjet-printer-with-1-i3200-printhead-the-economic-version\/#primaryimage\",\"url\":\"https:\/\/superprintpro.com\/wp-content\/uploads\/2025\/08\/am1601i32-16meter-inkjet-printer-with-1-i3200-printhead.jpg\",\"contentUrl\":\"https:\/\/superprintpro.com\/wp-content\/uploads\/2025\/08\/am1601i32-16meter-inkjet-printer-with-1-i3200-printhead.jpg\",\"width\":1248,\"height\":702,\"caption\":\"AM1601i32 1.6meter Inkjet printer with 1 i3200 Printhead (the economic version)\"},{\"@type\":\"BreadcrumbList\",\"@id\":\"https:\/\/superprintpro.com\/product\/am1601i32-1-6meter-inkjet-printer-with-1-i3200-printhead-the-economic-version\/#breadcrumb\",\"itemListElement\":[{\"@type\":\"ListItem\",\"position\":1,\"name\":\"\u9996\u9875\",\"item\":\"https:\/\/superprintpro.com\/\"},{\"@type\":\"ListItem\",\"position\":2,\"name\":\"Shop\",\"item\":\"https:\/\/superprintpro.com\/shop\/\"},{\"@type\":\"ListItem\",\"position\":3,\"name\":\"AM1601i32 1.6meter Inkjet printer with 1 i3200 Printhead (the economic version)\"}]},{\"@type\":\"WebSite\",\"@id\":\"https:\/\/superprintpro.com\/#website\",\"url\":\"https:\/\/superprintpro.com\/\",\"name\":\"Amo\",\"description\":\"\",\"potentialAction\":[{\"@type\":\"SearchAction\",\"target\":{\"@type\":\"EntryPoint\",\"urlTemplate\":\"https:\/\/superprintpro.com\/?s={search_term_string}\"},\"query-input\":{\"@type\":\"PropertyValueSpecification\",\"valueRequired\":true,\"valueName\":\"search_term_string\"}}],\"inLanguage\":\"pl-PL\"}]}<\/script>\n<!-- \/ Yoast SEO plugin. -->","yoast_head_json":{"title":"Drukarka atramentowa AM1601i32 1,6 metra z 1 g\u0142owic\u0105 drukuj\u0105c\u0105 i3200 (wersja ekonomiczna) - Amo","robots":{"index":"index","follow":"follow","max-snippet":"max-snippet:-1","max-image-preview":"max-image-preview:large","max-video-preview":"max-video-preview:-1"},"canonical":"https:\/\/superprintpro.com\/pl\/produkt\/am1601i32-1-6meter-inkjet-printer-with-1-i3200-printhead-the-economic-version\/","og_locale":"pl_PL","og_type":"article","og_title":"AM1601i32 1.6meter Inkjet printer with 1 i3200 Printhead (the economic version) - Amo","og_description":"For product details and the latest quotes, please contact our sales manager","og_url":"https:\/\/superprintpro.com\/pl\/produkt\/am1601i32-1-6meter-inkjet-printer-with-1-i3200-printhead-the-economic-version\/","og_site_name":"Amo","og_image":[{"width":1248,"height":702,"url":"https:\/\/superprintpro.com\/wp-content\/uploads\/2025\/08\/am1601i32-16meter-inkjet-printer-with-1-i3200-printhead.jpg","type":"image\/jpeg"}],"twitter_card":"summary_large_image","twitter_misc":{"Szacowany czas czytania":"1 minuta"},"schema":{"@context":"https:\/\/schema.org","@graph":[{"@type":"WebPage","@id":"https:\/\/superprintpro.com\/product\/am1601i32-1-6meter-inkjet-printer-with-1-i3200-printhead-the-economic-version\/","url":"https:\/\/superprintpro.com\/product\/am1601i32-1-6meter-inkjet-printer-with-1-i3200-printhead-the-economic-version\/","name":"Drukarka atramentowa AM1601i32 1,6 metra z 1 g\u0142owic\u0105 drukuj\u0105c\u0105 i3200 (wersja ekonomiczna) - Amo","isPartOf":{"@id":"https:\/\/superprintpro.com\/#website"},"primaryImageOfPage":{"@id":"https:\/\/superprintpro.com\/product\/am1601i32-1-6meter-inkjet-printer-with-1-i3200-printhead-the-economic-version\/#primaryimage"},"image":{"@id":"https:\/\/superprintpro.com\/product\/am1601i32-1-6meter-inkjet-printer-with-1-i3200-printhead-the-economic-version\/#primaryimage"},"thumbnailUrl":"https:\/\/superprintpro.com\/wp-content\/uploads\/2025\/08\/am1601i32-16meter-inkjet-printer-with-1-i3200-printhead.jpg","datePublished":"2025-08-18T01:53:03+00:00","breadcrumb":{"@id":"https:\/\/superprintpro.com\/product\/am1601i32-1-6meter-inkjet-printer-with-1-i3200-printhead-the-economic-version\/#breadcrumb"},"inLanguage":"pl-PL","potentialAction":[{"@type":"ReadAction","target":["https:\/\/superprintpro.com\/product\/am1601i32-1-6meter-inkjet-printer-with-1-i3200-printhead-the-economic-version\/"]}]},{"@type":"ImageObject","inLanguage":"pl-PL","@id":"https:\/\/superprintpro.com\/product\/am1601i32-1-6meter-inkjet-printer-with-1-i3200-printhead-the-economic-version\/#primaryimage","url":"https:\/\/superprintpro.com\/wp-content\/uploads\/2025\/08\/am1601i32-16meter-inkjet-printer-with-1-i3200-printhead.jpg","contentUrl":"https:\/\/superprintpro.com\/wp-content\/uploads\/2025\/08\/am1601i32-16meter-inkjet-printer-with-1-i3200-printhead.jpg","width":1248,"height":702,"caption":"AM1601i32 1.6meter Inkjet printer with 1 i3200 Printhead (the economic version)"},{"@type":"BreadcrumbList","@id":"https:\/\/superprintpro.com\/product\/am1601i32-1-6meter-inkjet-printer-with-1-i3200-printhead-the-economic-version\/#breadcrumb","itemListElement":[{"@type":"ListItem","position":1,"name":"\u9996\u9875","item":"https:\/\/superprintpro.com\/"},{"@type":"ListItem","position":2,"name":"Shop","item":"https:\/\/superprintpro.com\/shop\/"},{"@type":"ListItem","position":3,"name":"AM1601i32 1.6meter Inkjet printer with 1 i3200 Printhead (the economic version)"}]},{"@type":"WebSite","@id":"https:\/\/superprintpro.com\/#website","url":"https:\/\/superprintpro.com\/","name":"Amo","description":"","potentialAction":[{"@type":"SearchAction","target":{"@type":"EntryPoint","urlTemplate":"https:\/\/superprintpro.com\/?s={search_term_string}"},"query-input":{"@type":"PropertyValueSpecification","valueRequired":true,"valueName":"search_term_string"}}],"inLanguage":"pl-PL"}]}},"_links":{"self":[{"href":"https:\/\/superprintpro.com\/pl\/wp-json\/wp\/v2\/product\/30104","targetHints":{"allow":["GET"]}}],"collection":[{"href":"https:\/\/superprintpro.com\/pl\/wp-json\/wp\/v2\/product"}],"about":[{"href":"https:\/\/superprintpro.com\/pl\/wp-json\/wp\/v2\/types\/product"}],"replies":[{"embeddable":true,"href":"https:\/\/superprintpro.com\/pl\/wp-json\/wp\/v2\/comments?post=30104"}],"version-history":[{"count":1,"href":"https:\/\/superprintpro.com\/pl\/wp-json\/wp\/v2\/product\/30104\/revisions"}],"predecessor-version":[{"id":30106,"href":"https:\/\/superprintpro.com\/pl\/wp-json\/wp\/v2\/product\/30104\/revisions\/30106"}],"wp:featuredmedia":[{"embeddable":true,"href":"https:\/\/superprintpro.com\/pl\/wp-json\/wp\/v2\/media\/30105"}],"wp:attachment":[{"href":"https:\/\/superprintpro.com\/pl\/wp-json\/wp\/v2\/media?parent=30104"}],"wp:term":[{"taxonomy":"product_brand","embeddable":true,"href":"https:\/\/superprintpro.com\/pl\/wp-json\/wp\/v2\/product_brand?post=30104"},{"taxonomy":"product_cat","embeddable":true,"href":"https:\/\/superprintpro.com\/pl\/wp-json\/wp\/v2\/product_cat?post=30104"},{"taxonomy":"product_tag","embeddable":true,"href":"https:\/\/superprintpro.com\/pl\/wp-json\/wp\/v2\/product_tag?post=30104"}],"curies":[{"name":"wp","href":"https:\/\/api.w.org\/{rel}","templated":true}]}}