{"id":30080,"date":"2025-08-18T09:17:51","date_gmt":"2025-08-18T01:17:51","guid":{"rendered":"https:\/\/superprintpro.com\/?post_type=product&#038;p=30080"},"modified":"2025-08-18T09:26:59","modified_gmt":"2025-08-18T01:26:59","slug":"amo-uv-dtf-inkjet-printer-am603xp-uvdtf-with-3-heads-xp600","status":"publish","type":"product","link":"https:\/\/superprintpro.com\/pl\/produkt\/amo-uv-dtf-inkjet-printer-am603xp-uvdtf-with-3-heads-xp600\/","title":{"rendered":"Drukarka atramentowa AMO UV-DTF AM603XP-UVDTF z 3 g\u0142owicami xp600"},"content":{"rendered":"<p>Drukarka atramentowa AMO UV-DTF Nazwa modelu AM603XP-UVDTF<br \/>\nDrukarka UV-DTF mo\u017ce drukowa\u0107 tuszem UV na folii samoprzylepnej A, kt\u00f3ra jest pokryta klejem. Podczas procesu drukowania folia A jest laminowana foli\u0105 B, kt\u00f3ra jest foli\u0105 transferow\u0105. Na koniec folia transferowa B mo\u017ce przenosi\u0107 obraz bezpo\u015brednio na dowoln\u0105 tward\u0105 powierzchni\u0119 bez konieczno\u015bci podgrzewania. Ten proces jest do\u015b\u0107 szybki, \u0142atwy i prosty, co czyni go tak popularnym w bran\u017cy oznakowania i reklamy. Poniewa\u017c mo\u017ce by\u0107 stosowana na prawie ka\u017cdej twardej i g\u0142adkiej powierzchni, takiej jak szklane butelki, kubki, materia\u0142y akrylowe, ceramiczne, plastik, papier, drewno, kamie\u0144 itp. Ka\u017cda g\u0142adka powierzchnia, niezale\u017cnie od tego, czy jest p\u0142aska, czy okr\u0105g\u0142a, doskonale sprawdzi si\u0119 przy szybkim przenoszeniu obrazu bez konieczno\u015bci podgrzewania. Obraz UV-DTF jest bardzo wyra\u017any i trwa\u0142y. To pomo\u017ce Twojej firmie oznakowania szybko si\u0119 rozwija\u0107 w takich obszarach, w kt\u00f3rych Twoi klienci potrzebuj\u0105<\/p>\n<p>Parametry maszyny<\/p>\n<p>Informacje o g\u0142owicy: XP600-3H (3 g\u0142owice XP600)<br \/>\nSzeroko\u015b\u0107 druku: 600 mm (szeroko\u015b\u0107 druku mo\u017ce osi\u0105gn\u0105\u0107 maksymalnie 700 mm bez prowadnicy papieru)<br \/>\nSystem p\u0142ytek drukowanych: Hoson<br \/>\nTryb po\u0142\u0105czenia: gigabitowe po\u0142\u0105czenie internetowe<br \/>\nKonfiguracja atramentu:<br \/>\nW+C+V (4 kolory: bia\u0142y + kolory + lakier)<br \/>\nPr\u0119dko\u015b\u0107 drukowania:<br \/>\n4 przej\u015bcia 4 m\u00b2\/h<br \/>\n6 przej\u015b\u0107 3 m\u00b2\/h<br \/>\n8 przej\u015b\u0107 1 m\u00b2\/h<br \/>\nTyp no\u015bnika:<br \/>\nFolia transferowa A i B<br \/>\nCechy sprz\u0119tu:<br \/>\nUrz\u0105dzenie zabezpieczaj\u0105ce przed uderzeniem<br \/>\nCh\u0142odnica wodna systemu utwardzania UV + lampa UV LED<br \/>\nPodgrzewanie wa\u0142ka gumowego + regulowany pneumatyczny docisk<br \/>\nAutomatyczny system podawania i roz\u0142adowywania<br \/>\nInformacje o drukarce:<br \/>\nNapi\u0119cie robocze: AC220V 50\/60HZ<br \/>\nMoc: 2500W<br \/>\n\u015brodowisko pracy:<br \/>\nNormalna temperatura pracy: 22-28\u2103, wilgotno\u015b\u0107: 40%-60%<br \/>\nRozmiar maszyny D1780MM W900MM H1320MM<\/p>\n<p>Wymiary opakowania: 2300 mm (d\u0142.), 880 mm (szer.), 960 mm (wys.)<\/p>","protected":false},"excerpt":{"rendered":"<p>Aby uzyska\u0107 szczeg\u00f3\u0142owe informacje o produktach i najnowsze oferty, skontaktuj si\u0119 z naszym kierownikiem sprzeda\u017cy<\/p>","protected":false},"featured_media":30081,"comment_status":"open","ping_status":"closed","template":"","meta":[],"product_brand":[],"product_cat":[123],"product_tag":[],"class_list":{"0":"post-30080","1":"product","2":"type-product","3":"status-publish","4":"has-post-thumbnail","6":"product_cat-uv-dtf-printer","8":"first","9":"instock","10":"shipping-taxable","11":"purchasable","12":"product-type-simple"},"yoast_head":"<!-- This site is optimized with the Yoast SEO plugin v26.9 - https:\/\/yoast.com\/product\/yoast-seo-wordpress\/ -->\n<title>AMO UV-DTF Inkjet Printer AM603XP-UVDTF with 3 heads xp600 - Amo<\/title>\n<meta name=\"robots\" content=\"index, follow, max-snippet:-1, max-image-preview:large, max-video-preview:-1\" \/>\n<link rel=\"canonical\" href=\"https:\/\/superprintpro.com\/pl\/produkt\/amo-uv-dtf-inkjet-printer-am603xp-uvdtf-with-3-heads-xp600\/\" \/>\n<meta property=\"og:locale\" content=\"pl_PL\" \/>\n<meta property=\"og:type\" content=\"article\" \/>\n<meta property=\"og:title\" content=\"AMO UV-DTF Inkjet Printer AM603XP-UVDTF with 3 heads xp600 - Amo\" \/>\n<meta property=\"og:description\" content=\"For product details and the latest quotes, please contact our sales manager\" \/>\n<meta property=\"og:url\" content=\"https:\/\/superprintpro.com\/pl\/produkt\/amo-uv-dtf-inkjet-printer-am603xp-uvdtf-with-3-heads-xp600\/\" \/>\n<meta property=\"og:site_name\" content=\"Amo\" \/>\n<meta property=\"article:modified_time\" content=\"2025-08-18T01:26:59+00:00\" \/>\n<meta property=\"og:image\" content=\"https:\/\/superprintpro.com\/wp-content\/uploads\/2025\/08\/amo-uv-dtf-inkjet-printer-am603xp-uvdtf-with-3-heads-xp600.jpg\" \/>\n\t<meta property=\"og:image:width\" content=\"500\" \/>\n\t<meta property=\"og:image:height\" content=\"281\" \/>\n\t<meta property=\"og:image:type\" content=\"image\/jpeg\" \/>\n<meta name=\"twitter:card\" content=\"summary_large_image\" \/>\n<meta name=\"twitter:label1\" content=\"Szacowany czas czytania\" \/>\n\t<meta name=\"twitter:data1\" content=\"1 minuta\" \/>\n<script type=\"application\/ld+json\" class=\"yoast-schema-graph\">{\"@context\":\"https:\/\/schema.org\",\"@graph\":[{\"@type\":\"WebPage\",\"@id\":\"https:\/\/superprintpro.com\/product\/amo-uv-dtf-inkjet-printer-am603xp-uvdtf-with-3-heads-xp600\/\",\"url\":\"https:\/\/superprintpro.com\/product\/amo-uv-dtf-inkjet-printer-am603xp-uvdtf-with-3-heads-xp600\/\",\"name\":\"AMO UV-DTF Inkjet Printer AM603XP-UVDTF with 3 heads xp600 - Amo\",\"isPartOf\":{\"@id\":\"https:\/\/superprintpro.com\/#website\"},\"primaryImageOfPage\":{\"@id\":\"https:\/\/superprintpro.com\/product\/amo-uv-dtf-inkjet-printer-am603xp-uvdtf-with-3-heads-xp600\/#primaryimage\"},\"image\":{\"@id\":\"https:\/\/superprintpro.com\/product\/amo-uv-dtf-inkjet-printer-am603xp-uvdtf-with-3-heads-xp600\/#primaryimage\"},\"thumbnailUrl\":\"https:\/\/superprintpro.com\/wp-content\/uploads\/2025\/08\/amo-uv-dtf-inkjet-printer-am603xp-uvdtf-with-3-heads-xp600.jpg\",\"datePublished\":\"2025-08-18T01:17:51+00:00\",\"dateModified\":\"2025-08-18T01:26:59+00:00\",\"breadcrumb\":{\"@id\":\"https:\/\/superprintpro.com\/product\/amo-uv-dtf-inkjet-printer-am603xp-uvdtf-with-3-heads-xp600\/#breadcrumb\"},\"inLanguage\":\"pl-PL\",\"potentialAction\":[{\"@type\":\"ReadAction\",\"target\":[\"https:\/\/superprintpro.com\/product\/amo-uv-dtf-inkjet-printer-am603xp-uvdtf-with-3-heads-xp600\/\"]}]},{\"@type\":\"ImageObject\",\"inLanguage\":\"pl-PL\",\"@id\":\"https:\/\/superprintpro.com\/product\/amo-uv-dtf-inkjet-printer-am603xp-uvdtf-with-3-heads-xp600\/#primaryimage\",\"url\":\"https:\/\/superprintpro.com\/wp-content\/uploads\/2025\/08\/amo-uv-dtf-inkjet-printer-am603xp-uvdtf-with-3-heads-xp600.jpg\",\"contentUrl\":\"https:\/\/superprintpro.com\/wp-content\/uploads\/2025\/08\/amo-uv-dtf-inkjet-printer-am603xp-uvdtf-with-3-heads-xp600.jpg\",\"width\":500,\"height\":281,\"caption\":\"AMO UV-DTF Inkjet Printer AM603XP-UVDTF with 3 heads xp600\"},{\"@type\":\"BreadcrumbList\",\"@id\":\"https:\/\/superprintpro.com\/product\/amo-uv-dtf-inkjet-printer-am603xp-uvdtf-with-3-heads-xp600\/#breadcrumb\",\"itemListElement\":[{\"@type\":\"ListItem\",\"position\":1,\"name\":\"\u9996\u9875\",\"item\":\"https:\/\/superprintpro.com\/\"},{\"@type\":\"ListItem\",\"position\":2,\"name\":\"Shop\",\"item\":\"https:\/\/superprintpro.com\/shop\/\"},{\"@type\":\"ListItem\",\"position\":3,\"name\":\"AMO UV-DTF Inkjet Printer AM603XP-UVDTF with 3 heads xp600\"}]},{\"@type\":\"WebSite\",\"@id\":\"https:\/\/superprintpro.com\/#website\",\"url\":\"https:\/\/superprintpro.com\/\",\"name\":\"Amo\",\"description\":\"\",\"potentialAction\":[{\"@type\":\"SearchAction\",\"target\":{\"@type\":\"EntryPoint\",\"urlTemplate\":\"https:\/\/superprintpro.com\/?s={search_term_string}\"},\"query-input\":{\"@type\":\"PropertyValueSpecification\",\"valueRequired\":true,\"valueName\":\"search_term_string\"}}],\"inLanguage\":\"pl-PL\"}]}<\/script>\n<!-- \/ Yoast SEO plugin. -->","yoast_head_json":{"title":"Drukarka atramentowa AMO UV-DTF AM603XP-UVDTF z 3 g\u0142owicami xp600 - Amo","robots":{"index":"index","follow":"follow","max-snippet":"max-snippet:-1","max-image-preview":"max-image-preview:large","max-video-preview":"max-video-preview:-1"},"canonical":"https:\/\/superprintpro.com\/pl\/produkt\/amo-uv-dtf-inkjet-printer-am603xp-uvdtf-with-3-heads-xp600\/","og_locale":"pl_PL","og_type":"article","og_title":"AMO UV-DTF Inkjet Printer AM603XP-UVDTF with 3 heads xp600 - Amo","og_description":"For product details and the latest quotes, please contact our sales manager","og_url":"https:\/\/superprintpro.com\/pl\/produkt\/amo-uv-dtf-inkjet-printer-am603xp-uvdtf-with-3-heads-xp600\/","og_site_name":"Amo","article_modified_time":"2025-08-18T01:26:59+00:00","og_image":[{"width":500,"height":281,"url":"https:\/\/superprintpro.com\/wp-content\/uploads\/2025\/08\/amo-uv-dtf-inkjet-printer-am603xp-uvdtf-with-3-heads-xp600.jpg","type":"image\/jpeg"}],"twitter_card":"summary_large_image","twitter_misc":{"Szacowany czas czytania":"1 minuta"},"schema":{"@context":"https:\/\/schema.org","@graph":[{"@type":"WebPage","@id":"https:\/\/superprintpro.com\/product\/amo-uv-dtf-inkjet-printer-am603xp-uvdtf-with-3-heads-xp600\/","url":"https:\/\/superprintpro.com\/product\/amo-uv-dtf-inkjet-printer-am603xp-uvdtf-with-3-heads-xp600\/","name":"Drukarka atramentowa AMO UV-DTF AM603XP-UVDTF z 3 g\u0142owicami xp600 - Amo","isPartOf":{"@id":"https:\/\/superprintpro.com\/#website"},"primaryImageOfPage":{"@id":"https:\/\/superprintpro.com\/product\/amo-uv-dtf-inkjet-printer-am603xp-uvdtf-with-3-heads-xp600\/#primaryimage"},"image":{"@id":"https:\/\/superprintpro.com\/product\/amo-uv-dtf-inkjet-printer-am603xp-uvdtf-with-3-heads-xp600\/#primaryimage"},"thumbnailUrl":"https:\/\/superprintpro.com\/wp-content\/uploads\/2025\/08\/amo-uv-dtf-inkjet-printer-am603xp-uvdtf-with-3-heads-xp600.jpg","datePublished":"2025-08-18T01:17:51+00:00","dateModified":"2025-08-18T01:26:59+00:00","breadcrumb":{"@id":"https:\/\/superprintpro.com\/product\/amo-uv-dtf-inkjet-printer-am603xp-uvdtf-with-3-heads-xp600\/#breadcrumb"},"inLanguage":"pl-PL","potentialAction":[{"@type":"ReadAction","target":["https:\/\/superprintpro.com\/product\/amo-uv-dtf-inkjet-printer-am603xp-uvdtf-with-3-heads-xp600\/"]}]},{"@type":"ImageObject","inLanguage":"pl-PL","@id":"https:\/\/superprintpro.com\/product\/amo-uv-dtf-inkjet-printer-am603xp-uvdtf-with-3-heads-xp600\/#primaryimage","url":"https:\/\/superprintpro.com\/wp-content\/uploads\/2025\/08\/amo-uv-dtf-inkjet-printer-am603xp-uvdtf-with-3-heads-xp600.jpg","contentUrl":"https:\/\/superprintpro.com\/wp-content\/uploads\/2025\/08\/amo-uv-dtf-inkjet-printer-am603xp-uvdtf-with-3-heads-xp600.jpg","width":500,"height":281,"caption":"AMO UV-DTF Inkjet Printer AM603XP-UVDTF with 3 heads xp600"},{"@type":"BreadcrumbList","@id":"https:\/\/superprintpro.com\/product\/amo-uv-dtf-inkjet-printer-am603xp-uvdtf-with-3-heads-xp600\/#breadcrumb","itemListElement":[{"@type":"ListItem","position":1,"name":"\u9996\u9875","item":"https:\/\/superprintpro.com\/"},{"@type":"ListItem","position":2,"name":"Shop","item":"https:\/\/superprintpro.com\/shop\/"},{"@type":"ListItem","position":3,"name":"AMO UV-DTF Inkjet Printer AM603XP-UVDTF with 3 heads xp600"}]},{"@type":"WebSite","@id":"https:\/\/superprintpro.com\/#website","url":"https:\/\/superprintpro.com\/","name":"Amo","description":"","potentialAction":[{"@type":"SearchAction","target":{"@type":"EntryPoint","urlTemplate":"https:\/\/superprintpro.com\/?s={search_term_string}"},"query-input":{"@type":"PropertyValueSpecification","valueRequired":true,"valueName":"search_term_string"}}],"inLanguage":"pl-PL"}]}},"_links":{"self":[{"href":"https:\/\/superprintpro.com\/pl\/wp-json\/wp\/v2\/product\/30080","targetHints":{"allow":["GET"]}}],"collection":[{"href":"https:\/\/superprintpro.com\/pl\/wp-json\/wp\/v2\/product"}],"about":[{"href":"https:\/\/superprintpro.com\/pl\/wp-json\/wp\/v2\/types\/product"}],"replies":[{"embeddable":true,"href":"https:\/\/superprintpro.com\/pl\/wp-json\/wp\/v2\/comments?post=30080"}],"version-history":[{"count":1,"href":"https:\/\/superprintpro.com\/pl\/wp-json\/wp\/v2\/product\/30080\/revisions"}],"predecessor-version":[{"id":30082,"href":"https:\/\/superprintpro.com\/pl\/wp-json\/wp\/v2\/product\/30080\/revisions\/30082"}],"wp:featuredmedia":[{"embeddable":true,"href":"https:\/\/superprintpro.com\/pl\/wp-json\/wp\/v2\/media\/30081"}],"wp:attachment":[{"href":"https:\/\/superprintpro.com\/pl\/wp-json\/wp\/v2\/media?parent=30080"}],"wp:term":[{"taxonomy":"product_brand","embeddable":true,"href":"https:\/\/superprintpro.com\/pl\/wp-json\/wp\/v2\/product_brand?post=30080"},{"taxonomy":"product_cat","embeddable":true,"href":"https:\/\/superprintpro.com\/pl\/wp-json\/wp\/v2\/product_cat?post=30080"},{"taxonomy":"product_tag","embeddable":true,"href":"https:\/\/superprintpro.com\/pl\/wp-json\/wp\/v2\/product_tag?post=30080"}],"curies":[{"name":"wp","href":"https:\/\/api.w.org\/{rel}","templated":true}]}}