{"id":30056,"date":"2025-08-17T19:54:24","date_gmt":"2025-08-17T11:54:24","guid":{"rendered":"https:\/\/superprintpro.com\/?post_type=product&#038;p=30056"},"modified":"2025-08-17T19:54:24","modified_gmt":"2025-08-17T11:54:24","slug":"dtf-printer-am602i32dtf-with-3-epson-i3200-printhead","status":"publish","type":"product","link":"https:\/\/superprintpro.com\/pl\/produkt\/dtf-printer-am602i32dtf-with-3-epson-i3200-printhead\/","title":{"rendered":"Drukarka DTF AM602i32DTF z 3 g\u0142owicami drukuj\u0105cymi Epson i3200"},"content":{"rendered":"<p>Drukarka atramentowa AMO DTF z systemem proszkowym<\/p>\n<p>Drukarka DTF AM602i32DTF z 3 g\u0142owicami drukuj\u0105cymi Epson i3200<\/p>\n<p>Drukarka DTF jest szeroko stosowana w produkcji nadruk\u00f3w na koszulkach, torbach p\u0142\u00f3ciennych, bluzach i poduszkach. Doskonale sprawdza si\u0119 w e-commerce, w spersonalizowanych bran\u017cach kulturalnych i kreatywnych, a tak\u017ce w sprzeda\u017cy w przedsi\u0119biorstwach odzie\u017cowych, umo\u017cliwiaj\u0105c szybk\u0105 realizacj\u0119 ma\u0142ych zam\u00f3wie\u0144 i zaspokajanie popytu na personalizacj\u0119 i szybk\u0105 reakcj\u0119. To wydajne, wygodne i spersonalizowane urz\u0105dzenie drukuj\u0105ce o szerokim spektrum zastosowa\u0144 i potencjale rynkowym.<\/p>\n<p>Parametry maszyny<br \/>\nInformacje g\u0142\u00f3wne:<br \/>\ni3200-3H(W+C+F)\uff081 g\u0142owica i3200,1 g\u0142owica do bia\u0142ego tuszu,1 g\u0142owica do kolor\u00f3w CMYK,1 g\u0142owica fluorescencyjna)<\/p>\n<p>Szeroko\u015b\u0107 druku 600 mm<br \/>\nSystem p\u0142ytek drukowanych HOSON(LAN)<br \/>\nPr\u0119dko\u015b\u0107 drukowania:<br \/>\n3 przej\u015bcia 20 m\u00b2\/h<br \/>\n4 przej\u015bcia 19 m\u00b2\/h<br \/>\n6 przej\u015b\u0107 11 m\u00b2\/h<br \/>\n8 przej\u015b\u0107 7 m\u00b2\/h<br \/>\nInformacje o drukarce:<br \/>\nnapi\u0119cie robocze AC220V 50\/60HZ<br \/>\nMoc 2500W<br \/>\n\u015brodowisko pracy<br \/>\nNormalna temperatura pracy: 22-28\u2103<br \/>\nwilgotno\u015b\u0107: 40%-60%<br \/>\nRozmiar maszyny D1720MM W830MM H1600MM<br \/>\nWymiary opakowania: 2000 mm (d\u0142.), 810 mm (szer.), 640 mm (wys.)<\/p>","protected":false},"excerpt":{"rendered":"<p>Aby uzyska\u0107 szczeg\u00f3\u0142owe informacje o produktach i najnowsze oferty, skontaktuj si\u0119 z naszym kierownikiem sprzeda\u017cy<\/p>","protected":false},"featured_media":30057,"comment_status":"open","ping_status":"closed","template":"","meta":[],"product_brand":[],"product_cat":[122],"product_tag":[],"class_list":{"0":"post-30056","1":"product","2":"type-product","3":"status-publish","4":"has-post-thumbnail","6":"product_cat-dtf-printer-dtf-printer","8":"first","9":"instock","10":"shipping-taxable","11":"purchasable","12":"product-type-simple"},"yoast_head":"<!-- This site is optimized with the Yoast SEO plugin v26.9 - https:\/\/yoast.com\/product\/yoast-seo-wordpress\/ -->\n<title>DTF Printer AM602i32DTF with 3 epson i3200 printhead - Amo<\/title>\n<meta name=\"robots\" content=\"index, follow, max-snippet:-1, max-image-preview:large, max-video-preview:-1\" \/>\n<link rel=\"canonical\" href=\"https:\/\/superprintpro.com\/pl\/produkt\/dtf-printer-am602i32dtf-with-3-epson-i3200-printhead\/\" \/>\n<meta property=\"og:locale\" content=\"pl_PL\" \/>\n<meta property=\"og:type\" content=\"article\" \/>\n<meta property=\"og:title\" content=\"DTF Printer AM602i32DTF with 3 epson i3200 printhead - Amo\" \/>\n<meta property=\"og:description\" content=\"For product details and the latest quotes, please contact our sales manager\" \/>\n<meta property=\"og:url\" content=\"https:\/\/superprintpro.com\/pl\/produkt\/dtf-printer-am602i32dtf-with-3-epson-i3200-printhead\/\" \/>\n<meta property=\"og:site_name\" content=\"Amo\" \/>\n<meta property=\"og:image\" content=\"https:\/\/superprintpro.com\/wp-content\/uploads\/2025\/08\/dtf-printer-am602i32dtf-with-3-epson-i3200-printhead.jpg\" \/>\n\t<meta property=\"og:image:width\" content=\"818\" \/>\n\t<meta property=\"og:image:height\" content=\"460\" \/>\n\t<meta property=\"og:image:type\" content=\"image\/jpeg\" \/>\n<meta name=\"twitter:card\" content=\"summary_large_image\" \/>\n<meta name=\"twitter:label1\" content=\"Szacowany czas czytania\" \/>\n\t<meta name=\"twitter:data1\" content=\"1 minuta\" \/>\n<script type=\"application\/ld+json\" class=\"yoast-schema-graph\">{\"@context\":\"https:\/\/schema.org\",\"@graph\":[{\"@type\":\"WebPage\",\"@id\":\"https:\/\/superprintpro.com\/product\/dtf-printer-am602i32dtf-with-3-epson-i3200-printhead\/\",\"url\":\"https:\/\/superprintpro.com\/product\/dtf-printer-am602i32dtf-with-3-epson-i3200-printhead\/\",\"name\":\"DTF Printer AM602i32DTF with 3 epson i3200 printhead - Amo\",\"isPartOf\":{\"@id\":\"https:\/\/superprintpro.com\/#website\"},\"primaryImageOfPage\":{\"@id\":\"https:\/\/superprintpro.com\/product\/dtf-printer-am602i32dtf-with-3-epson-i3200-printhead\/#primaryimage\"},\"image\":{\"@id\":\"https:\/\/superprintpro.com\/product\/dtf-printer-am602i32dtf-with-3-epson-i3200-printhead\/#primaryimage\"},\"thumbnailUrl\":\"https:\/\/superprintpro.com\/wp-content\/uploads\/2025\/08\/dtf-printer-am602i32dtf-with-3-epson-i3200-printhead.jpg\",\"datePublished\":\"2025-08-17T11:54:24+00:00\",\"breadcrumb\":{\"@id\":\"https:\/\/superprintpro.com\/product\/dtf-printer-am602i32dtf-with-3-epson-i3200-printhead\/#breadcrumb\"},\"inLanguage\":\"pl-PL\",\"potentialAction\":[{\"@type\":\"ReadAction\",\"target\":[\"https:\/\/superprintpro.com\/product\/dtf-printer-am602i32dtf-with-3-epson-i3200-printhead\/\"]}]},{\"@type\":\"ImageObject\",\"inLanguage\":\"pl-PL\",\"@id\":\"https:\/\/superprintpro.com\/product\/dtf-printer-am602i32dtf-with-3-epson-i3200-printhead\/#primaryimage\",\"url\":\"https:\/\/superprintpro.com\/wp-content\/uploads\/2025\/08\/dtf-printer-am602i32dtf-with-3-epson-i3200-printhead.jpg\",\"contentUrl\":\"https:\/\/superprintpro.com\/wp-content\/uploads\/2025\/08\/dtf-printer-am602i32dtf-with-3-epson-i3200-printhead.jpg\",\"width\":818,\"height\":460,\"caption\":\"DTF Printer AM602i32DTF with 3 epson i3200 printhead\"},{\"@type\":\"BreadcrumbList\",\"@id\":\"https:\/\/superprintpro.com\/product\/dtf-printer-am602i32dtf-with-3-epson-i3200-printhead\/#breadcrumb\",\"itemListElement\":[{\"@type\":\"ListItem\",\"position\":1,\"name\":\"\u9996\u9875\",\"item\":\"https:\/\/superprintpro.com\/\"},{\"@type\":\"ListItem\",\"position\":2,\"name\":\"Shop\",\"item\":\"https:\/\/superprintpro.com\/shop\/\"},{\"@type\":\"ListItem\",\"position\":3,\"name\":\"DTF Printer AM602i32DTF with 3 epson i3200 printhead\"}]},{\"@type\":\"WebSite\",\"@id\":\"https:\/\/superprintpro.com\/#website\",\"url\":\"https:\/\/superprintpro.com\/\",\"name\":\"Amo\",\"description\":\"\",\"potentialAction\":[{\"@type\":\"SearchAction\",\"target\":{\"@type\":\"EntryPoint\",\"urlTemplate\":\"https:\/\/superprintpro.com\/?s={search_term_string}\"},\"query-input\":{\"@type\":\"PropertyValueSpecification\",\"valueRequired\":true,\"valueName\":\"search_term_string\"}}],\"inLanguage\":\"pl-PL\"}]}<\/script>\n<!-- \/ Yoast SEO plugin. -->","yoast_head_json":{"title":"Drukarka DTF AM602i32DTF z 3 g\u0142owicami drukuj\u0105cymi Epson i3200 - Amo","robots":{"index":"index","follow":"follow","max-snippet":"max-snippet:-1","max-image-preview":"max-image-preview:large","max-video-preview":"max-video-preview:-1"},"canonical":"https:\/\/superprintpro.com\/pl\/produkt\/dtf-printer-am602i32dtf-with-3-epson-i3200-printhead\/","og_locale":"pl_PL","og_type":"article","og_title":"DTF Printer AM602i32DTF with 3 epson i3200 printhead - Amo","og_description":"For product details and the latest quotes, please contact our sales manager","og_url":"https:\/\/superprintpro.com\/pl\/produkt\/dtf-printer-am602i32dtf-with-3-epson-i3200-printhead\/","og_site_name":"Amo","og_image":[{"width":818,"height":460,"url":"https:\/\/superprintpro.com\/wp-content\/uploads\/2025\/08\/dtf-printer-am602i32dtf-with-3-epson-i3200-printhead.jpg","type":"image\/jpeg"}],"twitter_card":"summary_large_image","twitter_misc":{"Szacowany czas czytania":"1 minuta"},"schema":{"@context":"https:\/\/schema.org","@graph":[{"@type":"WebPage","@id":"https:\/\/superprintpro.com\/product\/dtf-printer-am602i32dtf-with-3-epson-i3200-printhead\/","url":"https:\/\/superprintpro.com\/product\/dtf-printer-am602i32dtf-with-3-epson-i3200-printhead\/","name":"Drukarka DTF AM602i32DTF z 3 g\u0142owicami drukuj\u0105cymi Epson i3200 - Amo","isPartOf":{"@id":"https:\/\/superprintpro.com\/#website"},"primaryImageOfPage":{"@id":"https:\/\/superprintpro.com\/product\/dtf-printer-am602i32dtf-with-3-epson-i3200-printhead\/#primaryimage"},"image":{"@id":"https:\/\/superprintpro.com\/product\/dtf-printer-am602i32dtf-with-3-epson-i3200-printhead\/#primaryimage"},"thumbnailUrl":"https:\/\/superprintpro.com\/wp-content\/uploads\/2025\/08\/dtf-printer-am602i32dtf-with-3-epson-i3200-printhead.jpg","datePublished":"2025-08-17T11:54:24+00:00","breadcrumb":{"@id":"https:\/\/superprintpro.com\/product\/dtf-printer-am602i32dtf-with-3-epson-i3200-printhead\/#breadcrumb"},"inLanguage":"pl-PL","potentialAction":[{"@type":"ReadAction","target":["https:\/\/superprintpro.com\/product\/dtf-printer-am602i32dtf-with-3-epson-i3200-printhead\/"]}]},{"@type":"ImageObject","inLanguage":"pl-PL","@id":"https:\/\/superprintpro.com\/product\/dtf-printer-am602i32dtf-with-3-epson-i3200-printhead\/#primaryimage","url":"https:\/\/superprintpro.com\/wp-content\/uploads\/2025\/08\/dtf-printer-am602i32dtf-with-3-epson-i3200-printhead.jpg","contentUrl":"https:\/\/superprintpro.com\/wp-content\/uploads\/2025\/08\/dtf-printer-am602i32dtf-with-3-epson-i3200-printhead.jpg","width":818,"height":460,"caption":"DTF Printer AM602i32DTF with 3 epson i3200 printhead"},{"@type":"BreadcrumbList","@id":"https:\/\/superprintpro.com\/product\/dtf-printer-am602i32dtf-with-3-epson-i3200-printhead\/#breadcrumb","itemListElement":[{"@type":"ListItem","position":1,"name":"\u9996\u9875","item":"https:\/\/superprintpro.com\/"},{"@type":"ListItem","position":2,"name":"Shop","item":"https:\/\/superprintpro.com\/shop\/"},{"@type":"ListItem","position":3,"name":"DTF Printer AM602i32DTF with 3 epson i3200 printhead"}]},{"@type":"WebSite","@id":"https:\/\/superprintpro.com\/#website","url":"https:\/\/superprintpro.com\/","name":"Amo","description":"","potentialAction":[{"@type":"SearchAction","target":{"@type":"EntryPoint","urlTemplate":"https:\/\/superprintpro.com\/?s={search_term_string}"},"query-input":{"@type":"PropertyValueSpecification","valueRequired":true,"valueName":"search_term_string"}}],"inLanguage":"pl-PL"}]}},"_links":{"self":[{"href":"https:\/\/superprintpro.com\/pl\/wp-json\/wp\/v2\/product\/30056","targetHints":{"allow":["GET"]}}],"collection":[{"href":"https:\/\/superprintpro.com\/pl\/wp-json\/wp\/v2\/product"}],"about":[{"href":"https:\/\/superprintpro.com\/pl\/wp-json\/wp\/v2\/types\/product"}],"replies":[{"embeddable":true,"href":"https:\/\/superprintpro.com\/pl\/wp-json\/wp\/v2\/comments?post=30056"}],"version-history":[{"count":1,"href":"https:\/\/superprintpro.com\/pl\/wp-json\/wp\/v2\/product\/30056\/revisions"}],"predecessor-version":[{"id":30058,"href":"https:\/\/superprintpro.com\/pl\/wp-json\/wp\/v2\/product\/30056\/revisions\/30058"}],"wp:featuredmedia":[{"embeddable":true,"href":"https:\/\/superprintpro.com\/pl\/wp-json\/wp\/v2\/media\/30057"}],"wp:attachment":[{"href":"https:\/\/superprintpro.com\/pl\/wp-json\/wp\/v2\/media?parent=30056"}],"wp:term":[{"taxonomy":"product_brand","embeddable":true,"href":"https:\/\/superprintpro.com\/pl\/wp-json\/wp\/v2\/product_brand?post=30056"},{"taxonomy":"product_cat","embeddable":true,"href":"https:\/\/superprintpro.com\/pl\/wp-json\/wp\/v2\/product_cat?post=30056"},{"taxonomy":"product_tag","embeddable":true,"href":"https:\/\/superprintpro.com\/pl\/wp-json\/wp\/v2\/product_tag?post=30056"}],"curies":[{"name":"wp","href":"https:\/\/api.w.org\/{rel}","templated":true}]}}