{"id":29854,"date":"2025-08-13T14:32:39","date_gmt":"2025-08-13T06:32:39","guid":{"rendered":"https:\/\/superprintpro.com\/?post_type=product&#038;p=29854"},"modified":"2025-08-13T14:32:39","modified_gmt":"2025-08-13T06:32:39","slug":"dx4-golden-printhead-of-roland-sv-lef2-300-part-number-6000005180","status":"publish","type":"product","link":"https:\/\/superprintpro.com\/pl\/produkt\/dx4-golden-printhead-of-roland-sv-lef2-300-part-number-6000005180\/","title":{"rendered":"Z\u0142ota g\u0142owica drukuj\u0105ca DX4 Roland SV LEF2-300, numer cz\u0119\u015bci 6000005180"},"content":{"rendered":"<ul>\n<li>Nazwa modelu g\u0142owicy drukuj\u0105cej: Z\u0142ota g\u0142owica drukuj\u0105ca DX4 firmy Roland SV LEF2-300 \u2013 6000005180<\/li>\n<li>Zastosowania drukarek atramentowych: Roland LEF-20, LEF-200, LEF2-200, LEF2-300, LEF-300<\/li>\n<li>Kompatybilny tusz do tej g\u0142owicy: tusz UV i tusz ekosolwentowy<\/li>\n<li>Opis:<br \/>\nTo powlekana g\u0142owica drukuj\u0105ca Roland DX4 Golden. Zosta\u0142a zaprojektowana specjalnie do drukarek Roland VersaUV LEF2. Jest to oryginalna g\u0142owica drukuj\u0105ca Roland (numer cz\u0119\u015bci 6000005180). Jej specjalna pow\u0142oka zapewnia lepsz\u0105 odporno\u015b\u0107 na atramenty UV ni\u017c standardowe g\u0142owice drukuj\u0105ce DX4, co przek\u0142ada si\u0119 na d\u0142u\u017csz\u0105 \u017cywotno\u015b\u0107.<br \/>\nNale\u017cy pami\u0119ta\u0107, \u017ce drukarki Versa UV z oprogramowaniem uk\u0142adowym w wersji 1.4 lub nowszej obs\u0142uguj\u0105 wy\u0142\u0105cznie g\u0142owice drukuj\u0105ce DX4 w wersji z\u0142otej 6000005180, a nie standardowe g\u0142owice DX4 6000005213. G\u0142owica drukuj\u0105ca DX4 w wersji z\u0142otej 6000005180 mo\u017ce by\u0107 stosowana zamiast standardowych g\u0142owic drukuj\u0105cych DX4 6000005213 we wszystkich drukarkach Roland, o ile u\u017cywany jest stary identyfikator g\u0142owicy.<\/li>\n<\/ul>","protected":false},"excerpt":{"rendered":"<p>Aby uzyska\u0107 szczeg\u00f3\u0142owe informacje o produktach i najnowsze oferty, skontaktuj si\u0119 z naszym kierownikiem sprzeda\u017cy<\/p>","protected":false},"featured_media":29857,"comment_status":"open","ping_status":"closed","template":"","meta":[],"product_brand":[],"product_cat":[95],"product_tag":[],"class_list":{"0":"post-29854","1":"product","2":"type-product","3":"status-publish","4":"has-post-thumbnail","6":"product_cat-roland-printheads","8":"first","9":"instock","10":"shipping-taxable","11":"purchasable","12":"product-type-simple"},"yoast_head":"<!-- This site is optimized with the Yoast SEO plugin v26.9 - https:\/\/yoast.com\/product\/yoast-seo-wordpress\/ -->\n<title>DX4 Golden Printhead of Roland SV LEF2-300 part number 6000005180 - Amo<\/title>\n<meta name=\"robots\" content=\"index, follow, max-snippet:-1, max-image-preview:large, max-video-preview:-1\" \/>\n<link rel=\"canonical\" href=\"https:\/\/superprintpro.com\/pl\/produkt\/dx4-golden-printhead-of-roland-sv-lef2-300-part-number-6000005180\/\" \/>\n<meta property=\"og:locale\" content=\"pl_PL\" \/>\n<meta property=\"og:type\" content=\"article\" \/>\n<meta property=\"og:title\" content=\"DX4 Golden Printhead of Roland SV LEF2-300 part number 6000005180 - Amo\" \/>\n<meta property=\"og:description\" content=\"For product details and the latest quotes, please contact our sales manager\" \/>\n<meta property=\"og:url\" content=\"https:\/\/superprintpro.com\/pl\/produkt\/dx4-golden-printhead-of-roland-sv-lef2-300-part-number-6000005180\/\" \/>\n<meta property=\"og:site_name\" content=\"Amo\" \/>\n<meta property=\"og:image\" content=\"https:\/\/superprintpro.com\/wp-content\/uploads\/2025\/08\/dx4-golden-printhead-of-roland-sv-lef2-300-1.jpg\" \/>\n\t<meta property=\"og:image:width\" content=\"500\" \/>\n\t<meta property=\"og:image:height\" content=\"500\" \/>\n\t<meta property=\"og:image:type\" content=\"image\/jpeg\" \/>\n<meta name=\"twitter:card\" content=\"summary_large_image\" \/>\n<meta name=\"twitter:label1\" content=\"Szacowany czas czytania\" \/>\n\t<meta name=\"twitter:data1\" content=\"1 minuta\" \/>\n<script type=\"application\/ld+json\" class=\"yoast-schema-graph\">{\"@context\":\"https:\/\/schema.org\",\"@graph\":[{\"@type\":\"WebPage\",\"@id\":\"https:\/\/superprintpro.com\/product\/dx4-golden-printhead-of-roland-sv-lef2-300-part-number-6000005180\/\",\"url\":\"https:\/\/superprintpro.com\/product\/dx4-golden-printhead-of-roland-sv-lef2-300-part-number-6000005180\/\",\"name\":\"DX4 Golden Printhead of Roland SV LEF2-300 part number 6000005180 - Amo\",\"isPartOf\":{\"@id\":\"https:\/\/superprintpro.com\/#website\"},\"primaryImageOfPage\":{\"@id\":\"https:\/\/superprintpro.com\/product\/dx4-golden-printhead-of-roland-sv-lef2-300-part-number-6000005180\/#primaryimage\"},\"image\":{\"@id\":\"https:\/\/superprintpro.com\/product\/dx4-golden-printhead-of-roland-sv-lef2-300-part-number-6000005180\/#primaryimage\"},\"thumbnailUrl\":\"https:\/\/superprintpro.com\/wp-content\/uploads\/2025\/08\/dx4-golden-printhead-of-roland-sv-lef2-300-1.jpg\",\"datePublished\":\"2025-08-13T06:32:39+00:00\",\"breadcrumb\":{\"@id\":\"https:\/\/superprintpro.com\/product\/dx4-golden-printhead-of-roland-sv-lef2-300-part-number-6000005180\/#breadcrumb\"},\"inLanguage\":\"pl-PL\",\"potentialAction\":[{\"@type\":\"ReadAction\",\"target\":[\"https:\/\/superprintpro.com\/product\/dx4-golden-printhead-of-roland-sv-lef2-300-part-number-6000005180\/\"]}]},{\"@type\":\"ImageObject\",\"inLanguage\":\"pl-PL\",\"@id\":\"https:\/\/superprintpro.com\/product\/dx4-golden-printhead-of-roland-sv-lef2-300-part-number-6000005180\/#primaryimage\",\"url\":\"https:\/\/superprintpro.com\/wp-content\/uploads\/2025\/08\/dx4-golden-printhead-of-roland-sv-lef2-300-1.jpg\",\"contentUrl\":\"https:\/\/superprintpro.com\/wp-content\/uploads\/2025\/08\/dx4-golden-printhead-of-roland-sv-lef2-300-1.jpg\",\"width\":500,\"height\":500,\"caption\":\"DX4 Golden Printhead of Roland SV LEF2-300 part number 6000005180\"},{\"@type\":\"BreadcrumbList\",\"@id\":\"https:\/\/superprintpro.com\/product\/dx4-golden-printhead-of-roland-sv-lef2-300-part-number-6000005180\/#breadcrumb\",\"itemListElement\":[{\"@type\":\"ListItem\",\"position\":1,\"name\":\"\u9996\u9875\",\"item\":\"https:\/\/superprintpro.com\/\"},{\"@type\":\"ListItem\",\"position\":2,\"name\":\"Shop\",\"item\":\"https:\/\/superprintpro.com\/shop\/\"},{\"@type\":\"ListItem\",\"position\":3,\"name\":\"DX4 Golden Printhead of Roland SV LEF2-300 part number 6000005180\"}]},{\"@type\":\"WebSite\",\"@id\":\"https:\/\/superprintpro.com\/#website\",\"url\":\"https:\/\/superprintpro.com\/\",\"name\":\"Amo\",\"description\":\"\",\"potentialAction\":[{\"@type\":\"SearchAction\",\"target\":{\"@type\":\"EntryPoint\",\"urlTemplate\":\"https:\/\/superprintpro.com\/?s={search_term_string}\"},\"query-input\":{\"@type\":\"PropertyValueSpecification\",\"valueRequired\":true,\"valueName\":\"search_term_string\"}}],\"inLanguage\":\"pl-PL\"}]}<\/script>\n<!-- \/ Yoast SEO plugin. -->","yoast_head_json":{"title":"Z\u0142ota g\u0142owica drukuj\u0105ca DX4 Roland SV LEF2-300, numer cz\u0119\u015bci 6000005180 - Amo","robots":{"index":"index","follow":"follow","max-snippet":"max-snippet:-1","max-image-preview":"max-image-preview:large","max-video-preview":"max-video-preview:-1"},"canonical":"https:\/\/superprintpro.com\/pl\/produkt\/dx4-golden-printhead-of-roland-sv-lef2-300-part-number-6000005180\/","og_locale":"pl_PL","og_type":"article","og_title":"DX4 Golden Printhead of Roland SV LEF2-300 part number 6000005180 - Amo","og_description":"For product details and the latest quotes, please contact our sales manager","og_url":"https:\/\/superprintpro.com\/pl\/produkt\/dx4-golden-printhead-of-roland-sv-lef2-300-part-number-6000005180\/","og_site_name":"Amo","og_image":[{"width":500,"height":500,"url":"https:\/\/superprintpro.com\/wp-content\/uploads\/2025\/08\/dx4-golden-printhead-of-roland-sv-lef2-300-1.jpg","type":"image\/jpeg"}],"twitter_card":"summary_large_image","twitter_misc":{"Szacowany czas czytania":"1 minuta"},"schema":{"@context":"https:\/\/schema.org","@graph":[{"@type":"WebPage","@id":"https:\/\/superprintpro.com\/product\/dx4-golden-printhead-of-roland-sv-lef2-300-part-number-6000005180\/","url":"https:\/\/superprintpro.com\/product\/dx4-golden-printhead-of-roland-sv-lef2-300-part-number-6000005180\/","name":"Z\u0142ota g\u0142owica drukuj\u0105ca DX4 Roland SV LEF2-300, numer cz\u0119\u015bci 6000005180 - Amo","isPartOf":{"@id":"https:\/\/superprintpro.com\/#website"},"primaryImageOfPage":{"@id":"https:\/\/superprintpro.com\/product\/dx4-golden-printhead-of-roland-sv-lef2-300-part-number-6000005180\/#primaryimage"},"image":{"@id":"https:\/\/superprintpro.com\/product\/dx4-golden-printhead-of-roland-sv-lef2-300-part-number-6000005180\/#primaryimage"},"thumbnailUrl":"https:\/\/superprintpro.com\/wp-content\/uploads\/2025\/08\/dx4-golden-printhead-of-roland-sv-lef2-300-1.jpg","datePublished":"2025-08-13T06:32:39+00:00","breadcrumb":{"@id":"https:\/\/superprintpro.com\/product\/dx4-golden-printhead-of-roland-sv-lef2-300-part-number-6000005180\/#breadcrumb"},"inLanguage":"pl-PL","potentialAction":[{"@type":"ReadAction","target":["https:\/\/superprintpro.com\/product\/dx4-golden-printhead-of-roland-sv-lef2-300-part-number-6000005180\/"]}]},{"@type":"ImageObject","inLanguage":"pl-PL","@id":"https:\/\/superprintpro.com\/product\/dx4-golden-printhead-of-roland-sv-lef2-300-part-number-6000005180\/#primaryimage","url":"https:\/\/superprintpro.com\/wp-content\/uploads\/2025\/08\/dx4-golden-printhead-of-roland-sv-lef2-300-1.jpg","contentUrl":"https:\/\/superprintpro.com\/wp-content\/uploads\/2025\/08\/dx4-golden-printhead-of-roland-sv-lef2-300-1.jpg","width":500,"height":500,"caption":"DX4 Golden Printhead of Roland SV LEF2-300 part number 6000005180"},{"@type":"BreadcrumbList","@id":"https:\/\/superprintpro.com\/product\/dx4-golden-printhead-of-roland-sv-lef2-300-part-number-6000005180\/#breadcrumb","itemListElement":[{"@type":"ListItem","position":1,"name":"\u9996\u9875","item":"https:\/\/superprintpro.com\/"},{"@type":"ListItem","position":2,"name":"Shop","item":"https:\/\/superprintpro.com\/shop\/"},{"@type":"ListItem","position":3,"name":"DX4 Golden Printhead of Roland SV LEF2-300 part number 6000005180"}]},{"@type":"WebSite","@id":"https:\/\/superprintpro.com\/#website","url":"https:\/\/superprintpro.com\/","name":"Amo","description":"","potentialAction":[{"@type":"SearchAction","target":{"@type":"EntryPoint","urlTemplate":"https:\/\/superprintpro.com\/?s={search_term_string}"},"query-input":{"@type":"PropertyValueSpecification","valueRequired":true,"valueName":"search_term_string"}}],"inLanguage":"pl-PL"}]}},"_links":{"self":[{"href":"https:\/\/superprintpro.com\/pl\/wp-json\/wp\/v2\/product\/29854","targetHints":{"allow":["GET"]}}],"collection":[{"href":"https:\/\/superprintpro.com\/pl\/wp-json\/wp\/v2\/product"}],"about":[{"href":"https:\/\/superprintpro.com\/pl\/wp-json\/wp\/v2\/types\/product"}],"replies":[{"embeddable":true,"href":"https:\/\/superprintpro.com\/pl\/wp-json\/wp\/v2\/comments?post=29854"}],"version-history":[{"count":1,"href":"https:\/\/superprintpro.com\/pl\/wp-json\/wp\/v2\/product\/29854\/revisions"}],"predecessor-version":[{"id":29858,"href":"https:\/\/superprintpro.com\/pl\/wp-json\/wp\/v2\/product\/29854\/revisions\/29858"}],"wp:featuredmedia":[{"embeddable":true,"href":"https:\/\/superprintpro.com\/pl\/wp-json\/wp\/v2\/media\/29857"}],"wp:attachment":[{"href":"https:\/\/superprintpro.com\/pl\/wp-json\/wp\/v2\/media?parent=29854"}],"wp:term":[{"taxonomy":"product_brand","embeddable":true,"href":"https:\/\/superprintpro.com\/pl\/wp-json\/wp\/v2\/product_brand?post=29854"},{"taxonomy":"product_cat","embeddable":true,"href":"https:\/\/superprintpro.com\/pl\/wp-json\/wp\/v2\/product_cat?post=29854"},{"taxonomy":"product_tag","embeddable":true,"href":"https:\/\/superprintpro.com\/pl\/wp-json\/wp\/v2\/product_tag?post=29854"}],"curies":[{"name":"wp","href":"https:\/\/api.w.org\/{rel}","templated":true}]}}