{"id":29545,"date":"2025-08-10T08:37:12","date_gmt":"2025-08-10T08:37:12","guid":{"rendered":"https:\/\/superprintpro.com\/?post_type=product&#038;p=29545"},"modified":"2025-08-12T09:11:25","modified_gmt":"2025-08-12T09:11:25","slug":"epson-i3200-a1-printheads-water-based-version-sublimation-version","status":"publish","type":"product","link":"https:\/\/superprintpro.com\/pl\/produkt\/epson-i3200-a1-printheads-water-based-version-sublimation-version\/","title":{"rendered":"G\u0142owice drukuj\u0105ce Epson i3200-A1 Wersja na bazie wody (wersja sublimacyjna)"},"content":{"rendered":"","protected":false},"excerpt":{"rendered":"<p>Aby uzyska\u0107 szczeg\u00f3\u0142owe informacje o produktach i aktualne ceny, skontaktuj si\u0119 z naszym dzia\u0142em sprzeda\u017cy<\/p>","protected":false},"featured_media":29642,"comment_status":"open","ping_status":"closed","template":"","meta":[],"product_brand":[],"product_cat":[91],"product_tag":[],"class_list":{"0":"post-29545","1":"product","2":"type-product","3":"status-publish","4":"has-post-thumbnail","6":"product_cat-epson-printheads","8":"first","9":"instock","10":"shipping-taxable","11":"purchasable","12":"product-type-simple"},"yoast_head":"<!-- This site is optimized with the Yoast SEO plugin v26.9 - https:\/\/yoast.com\/product\/yoast-seo-wordpress\/ -->\n<title>Epson i3200-A1 Printheads Water Based Version (sublimation version) - Amo<\/title>\n<meta name=\"robots\" content=\"index, follow, max-snippet:-1, max-image-preview:large, max-video-preview:-1\" \/>\n<link rel=\"canonical\" href=\"https:\/\/superprintpro.com\/pl\/produkt\/epson-i3200-a1-printheads-water-based-version-sublimation-version\/\" \/>\n<meta property=\"og:locale\" content=\"pl_PL\" \/>\n<meta property=\"og:type\" content=\"article\" \/>\n<meta property=\"og:title\" content=\"Epson i3200-A1 Printheads Water Based Version (sublimation version) - Amo\" \/>\n<meta property=\"og:description\" content=\"For product details and the latest prices please contact our sales manage\" \/>\n<meta property=\"og:url\" content=\"https:\/\/superprintpro.com\/pl\/produkt\/epson-i3200-a1-printheads-water-based-version-sublimation-version\/\" \/>\n<meta property=\"og:site_name\" content=\"Amo\" \/>\n<meta property=\"article:modified_time\" content=\"2025-08-12T09:11:25+00:00\" \/>\n<meta property=\"og:image\" content=\"https:\/\/superprintpro.com\/wp-content\/uploads\/2025\/08\/epson-i3200-a1-printheads-water-based-version.jpg\" \/>\n\t<meta property=\"og:image:width\" content=\"500\" \/>\n\t<meta property=\"og:image:height\" content=\"500\" \/>\n\t<meta property=\"og:image:type\" content=\"image\/jpeg\" \/>\n<meta name=\"twitter:card\" content=\"summary_large_image\" \/>\n<script type=\"application\/ld+json\" class=\"yoast-schema-graph\">{\"@context\":\"https:\/\/schema.org\",\"@graph\":[{\"@type\":\"WebPage\",\"@id\":\"https:\/\/superprintpro.com\/product\/epson-i3200-a1-printheads-water-based-version-sublimation-version\/\",\"url\":\"https:\/\/superprintpro.com\/product\/epson-i3200-a1-printheads-water-based-version-sublimation-version\/\",\"name\":\"Epson i3200-A1 Printheads Water Based Version (sublimation version) - Amo\",\"isPartOf\":{\"@id\":\"https:\/\/superprintpro.com\/#website\"},\"primaryImageOfPage\":{\"@id\":\"https:\/\/superprintpro.com\/product\/epson-i3200-a1-printheads-water-based-version-sublimation-version\/#primaryimage\"},\"image\":{\"@id\":\"https:\/\/superprintpro.com\/product\/epson-i3200-a1-printheads-water-based-version-sublimation-version\/#primaryimage\"},\"thumbnailUrl\":\"https:\/\/superprintpro.com\/wp-content\/uploads\/2025\/08\/epson-i3200-a1-printheads-water-based-version.jpg\",\"datePublished\":\"2025-08-10T08:37:12+00:00\",\"dateModified\":\"2025-08-12T09:11:25+00:00\",\"breadcrumb\":{\"@id\":\"https:\/\/superprintpro.com\/product\/epson-i3200-a1-printheads-water-based-version-sublimation-version\/#breadcrumb\"},\"inLanguage\":\"pl-PL\",\"potentialAction\":[{\"@type\":\"ReadAction\",\"target\":[\"https:\/\/superprintpro.com\/product\/epson-i3200-a1-printheads-water-based-version-sublimation-version\/\"]}]},{\"@type\":\"ImageObject\",\"inLanguage\":\"pl-PL\",\"@id\":\"https:\/\/superprintpro.com\/product\/epson-i3200-a1-printheads-water-based-version-sublimation-version\/#primaryimage\",\"url\":\"https:\/\/superprintpro.com\/wp-content\/uploads\/2025\/08\/epson-i3200-a1-printheads-water-based-version.jpg\",\"contentUrl\":\"https:\/\/superprintpro.com\/wp-content\/uploads\/2025\/08\/epson-i3200-a1-printheads-water-based-version.jpg\",\"width\":500,\"height\":500,\"caption\":\"Epson i3200-A1 Printheads Water Based Version (sublimation version)\"},{\"@type\":\"BreadcrumbList\",\"@id\":\"https:\/\/superprintpro.com\/product\/epson-i3200-a1-printheads-water-based-version-sublimation-version\/#breadcrumb\",\"itemListElement\":[{\"@type\":\"ListItem\",\"position\":1,\"name\":\"\u9996\u9875\",\"item\":\"https:\/\/superprintpro.com\/\"},{\"@type\":\"ListItem\",\"position\":2,\"name\":\"Shop\",\"item\":\"https:\/\/superprintpro.com\/shop\/\"},{\"@type\":\"ListItem\",\"position\":3,\"name\":\"Epson i3200-A1 Printheads Water Based Version (sublimation version)\"}]},{\"@type\":\"WebSite\",\"@id\":\"https:\/\/superprintpro.com\/#website\",\"url\":\"https:\/\/superprintpro.com\/\",\"name\":\"Amo\",\"description\":\"\",\"potentialAction\":[{\"@type\":\"SearchAction\",\"target\":{\"@type\":\"EntryPoint\",\"urlTemplate\":\"https:\/\/superprintpro.com\/?s={search_term_string}\"},\"query-input\":{\"@type\":\"PropertyValueSpecification\",\"valueRequired\":true,\"valueName\":\"search_term_string\"}}],\"inLanguage\":\"pl-PL\"}]}<\/script>\n<!-- \/ Yoast SEO plugin. -->","yoast_head_json":{"title":"G\u0142owice drukuj\u0105ce Epson i3200-A1 Wersja na bazie wody (wersja sublimacyjna) - Amo","robots":{"index":"index","follow":"follow","max-snippet":"max-snippet:-1","max-image-preview":"max-image-preview:large","max-video-preview":"max-video-preview:-1"},"canonical":"https:\/\/superprintpro.com\/pl\/produkt\/epson-i3200-a1-printheads-water-based-version-sublimation-version\/","og_locale":"pl_PL","og_type":"article","og_title":"Epson i3200-A1 Printheads Water Based Version (sublimation version) - Amo","og_description":"For product details and the latest prices please contact our sales manage","og_url":"https:\/\/superprintpro.com\/pl\/produkt\/epson-i3200-a1-printheads-water-based-version-sublimation-version\/","og_site_name":"Amo","article_modified_time":"2025-08-12T09:11:25+00:00","og_image":[{"width":500,"height":500,"url":"https:\/\/superprintpro.com\/wp-content\/uploads\/2025\/08\/epson-i3200-a1-printheads-water-based-version.jpg","type":"image\/jpeg"}],"twitter_card":"summary_large_image","schema":{"@context":"https:\/\/schema.org","@graph":[{"@type":"WebPage","@id":"https:\/\/superprintpro.com\/product\/epson-i3200-a1-printheads-water-based-version-sublimation-version\/","url":"https:\/\/superprintpro.com\/product\/epson-i3200-a1-printheads-water-based-version-sublimation-version\/","name":"G\u0142owice drukuj\u0105ce Epson i3200-A1 Wersja na bazie wody (wersja sublimacyjna) - Amo","isPartOf":{"@id":"https:\/\/superprintpro.com\/#website"},"primaryImageOfPage":{"@id":"https:\/\/superprintpro.com\/product\/epson-i3200-a1-printheads-water-based-version-sublimation-version\/#primaryimage"},"image":{"@id":"https:\/\/superprintpro.com\/product\/epson-i3200-a1-printheads-water-based-version-sublimation-version\/#primaryimage"},"thumbnailUrl":"https:\/\/superprintpro.com\/wp-content\/uploads\/2025\/08\/epson-i3200-a1-printheads-water-based-version.jpg","datePublished":"2025-08-10T08:37:12+00:00","dateModified":"2025-08-12T09:11:25+00:00","breadcrumb":{"@id":"https:\/\/superprintpro.com\/product\/epson-i3200-a1-printheads-water-based-version-sublimation-version\/#breadcrumb"},"inLanguage":"pl-PL","potentialAction":[{"@type":"ReadAction","target":["https:\/\/superprintpro.com\/product\/epson-i3200-a1-printheads-water-based-version-sublimation-version\/"]}]},{"@type":"ImageObject","inLanguage":"pl-PL","@id":"https:\/\/superprintpro.com\/product\/epson-i3200-a1-printheads-water-based-version-sublimation-version\/#primaryimage","url":"https:\/\/superprintpro.com\/wp-content\/uploads\/2025\/08\/epson-i3200-a1-printheads-water-based-version.jpg","contentUrl":"https:\/\/superprintpro.com\/wp-content\/uploads\/2025\/08\/epson-i3200-a1-printheads-water-based-version.jpg","width":500,"height":500,"caption":"Epson i3200-A1 Printheads Water Based Version (sublimation version)"},{"@type":"BreadcrumbList","@id":"https:\/\/superprintpro.com\/product\/epson-i3200-a1-printheads-water-based-version-sublimation-version\/#breadcrumb","itemListElement":[{"@type":"ListItem","position":1,"name":"\u9996\u9875","item":"https:\/\/superprintpro.com\/"},{"@type":"ListItem","position":2,"name":"Shop","item":"https:\/\/superprintpro.com\/shop\/"},{"@type":"ListItem","position":3,"name":"Epson i3200-A1 Printheads Water Based Version (sublimation version)"}]},{"@type":"WebSite","@id":"https:\/\/superprintpro.com\/#website","url":"https:\/\/superprintpro.com\/","name":"Amo","description":"","potentialAction":[{"@type":"SearchAction","target":{"@type":"EntryPoint","urlTemplate":"https:\/\/superprintpro.com\/?s={search_term_string}"},"query-input":{"@type":"PropertyValueSpecification","valueRequired":true,"valueName":"search_term_string"}}],"inLanguage":"pl-PL"}]}},"_links":{"self":[{"href":"https:\/\/superprintpro.com\/pl\/wp-json\/wp\/v2\/product\/29545","targetHints":{"allow":["GET"]}}],"collection":[{"href":"https:\/\/superprintpro.com\/pl\/wp-json\/wp\/v2\/product"}],"about":[{"href":"https:\/\/superprintpro.com\/pl\/wp-json\/wp\/v2\/types\/product"}],"replies":[{"embeddable":true,"href":"https:\/\/superprintpro.com\/pl\/wp-json\/wp\/v2\/comments?post=29545"}],"version-history":[{"count":1,"href":"https:\/\/superprintpro.com\/pl\/wp-json\/wp\/v2\/product\/29545\/revisions"}],"predecessor-version":[{"id":29550,"href":"https:\/\/superprintpro.com\/pl\/wp-json\/wp\/v2\/product\/29545\/revisions\/29550"}],"wp:featuredmedia":[{"embeddable":true,"href":"https:\/\/superprintpro.com\/pl\/wp-json\/wp\/v2\/media\/29642"}],"wp:attachment":[{"href":"https:\/\/superprintpro.com\/pl\/wp-json\/wp\/v2\/media?parent=29545"}],"wp:term":[{"taxonomy":"product_brand","embeddable":true,"href":"https:\/\/superprintpro.com\/pl\/wp-json\/wp\/v2\/product_brand?post=29545"},{"taxonomy":"product_cat","embeddable":true,"href":"https:\/\/superprintpro.com\/pl\/wp-json\/wp\/v2\/product_cat?post=29545"},{"taxonomy":"product_tag","embeddable":true,"href":"https:\/\/superprintpro.com\/pl\/wp-json\/wp\/v2\/product_tag?post=29545"}],"curies":[{"name":"wp","href":"https:\/\/api.w.org\/{rel}","templated":true}]}}