{"id":29485,"date":"2025-08-10T02:46:44","date_gmt":"2025-08-10T02:46:44","guid":{"rendered":"https:\/\/superprintpro.com\/?post_type=product&#038;p=29485"},"modified":"2025-08-16T17:16:18","modified_gmt":"2025-08-16T09:16:18","slug":"kit-i3200-uv-for-upgrading-chinese-inkjet-printer-with-4-pieces-i3200-printheads-roll-to-roll-style","status":"publish","type":"product","link":"https:\/\/superprintpro.com\/pl\/produkt\/kit-i3200-uv-for-upgrading-chinese-inkjet-printer-with-4-pieces-i3200-printheads-roll-to-roll-style\/","title":{"rendered":"Zestaw i3200 UV do modernizacji chi\u0144skiej drukarki atramentowej z 4 g\u0142owicami drukuj\u0105cymi i3200 (typu rolka na rolk\u0119)"},"content":{"rendered":"<p>Zestaw i3200 UV do modernizacji chi\u0144skiej drukarki atramentowej z 4 g\u0142owicami drukuj\u0105cymi i3200 (typu rolka na rolk\u0119)<\/p>\n<p>(je\u015bli potrzebujesz tego zestawu z wi\u0119ksz\u0105 liczb\u0105 g\u0142owic, np. 6 i3200 lub 8 i3200, skontaktuj si\u0119 z nami lub zapoznaj si\u0119 z innymi produktami na naszej stronie internetowej)<\/p>\n<p>&nbsp;<\/p>\n<p>Zestaw nie jest przeznaczony do drukarek atramentowych Mutoh, Mimaki, Roland, Epson. Dzia\u0142a jedynie z chi\u0144skimi drukarkami atramentowymi, takimi jak Witcolor, Galaxy Sid Triton, Allwin, MyJet, Zhongye, Human Ejet KJet, Gongzheng Flora, MiColor, Xenons, Skycolor, Locor itp.<\/p>\n<p>Zestaw zawiera nast\u0119puj\u0105ce cz\u0119\u015bci zamienne wysy\u0142ane za po\u015brednictwem firmy DHL:<br \/>\nG\u0142owica drukuj\u0105ca (wersja UV)<br \/>\nP\u0142yta g\u0142\u00f3wna<br \/>\nZag\u0142\u00f3wek,<br \/>\nZasilacz<br \/>\nUchwyt podstawy g\u0142owicy drukuj\u0105cej<br \/>\nStacja czyszczenia g\u0142owic drukuj\u0105cych<br \/>\nWszystkie kable zasilaj\u0105ce i kable danych<br \/>\nWszystkie amortyzatory (czarne w wersji UV)<br \/>\nWszystkie wielkie litery<br \/>\nWszystkie pompy<br \/>\nWszystkie silniki z kierowcami<br \/>\nWszystkie ko\u0142a pasowe<br \/>\nCa\u0142y pasek klinowy<br \/>\nWszystkie przewody atramentowe (czarne w wersji UV)<br \/>\nWszystkie wk\u0142ady (czarne w wersji UV)<br \/>\nCa\u0142e oprogramowanie.<br \/>\nPasek enkodera rastrowego<br \/>\nCzujnik enkodera rastrowego<br \/>\nLampa UV<\/p>\n<p>Zasilacz UV z ch\u0142odnic\u0105<\/p>","protected":false},"excerpt":{"rendered":"<p>Aby uzyska\u0107 szczeg\u00f3\u0142owe informacje o produktach i aktualne ceny, skontaktuj si\u0119 z naszym dzia\u0142em sprzeda\u017cy<\/p>","protected":false},"featured_media":30044,"comment_status":"open","ping_status":"closed","template":"","meta":[],"product_brand":[],"product_cat":[90],"product_tag":[],"class_list":{"0":"post-29485","1":"product","2":"type-product","3":"status-publish","4":"has-post-thumbnail","6":"product_cat-uv-roll-to-roll-upagrading-kit","8":"first","9":"instock","10":"shipping-taxable","11":"purchasable","12":"product-type-simple"},"yoast_head":"<!-- This site is optimized with the Yoast SEO plugin v26.9 - https:\/\/yoast.com\/product\/yoast-seo-wordpress\/ -->\n<title>Kit i3200 UV for Upgrading Chinese Inkjet Printer with 4 pieces i3200 printheads (roll to roll style) - Amo<\/title>\n<meta name=\"robots\" content=\"index, follow, max-snippet:-1, max-image-preview:large, max-video-preview:-1\" \/>\n<link rel=\"canonical\" href=\"https:\/\/superprintpro.com\/pl\/produkt\/kit-i3200-uv-for-upgrading-chinese-inkjet-printer-with-4-pieces-i3200-printheads-roll-to-roll-style\/\" \/>\n<meta property=\"og:locale\" content=\"pl_PL\" \/>\n<meta property=\"og:type\" content=\"article\" \/>\n<meta property=\"og:title\" content=\"Kit i3200 UV for Upgrading Chinese Inkjet Printer with 4 pieces i3200 printheads (roll to roll style) - Amo\" \/>\n<meta property=\"og:description\" content=\"For product details and the latest prices please contact our sales manage\" \/>\n<meta property=\"og:url\" content=\"https:\/\/superprintpro.com\/pl\/produkt\/kit-i3200-uv-for-upgrading-chinese-inkjet-printer-with-4-pieces-i3200-printheads-roll-to-roll-style\/\" \/>\n<meta property=\"og:site_name\" content=\"Amo\" \/>\n<meta property=\"article:modified_time\" content=\"2025-08-16T09:16:18+00:00\" \/>\n<meta property=\"og:image\" content=\"https:\/\/superprintpro.com\/wp-content\/uploads\/2025\/08\/kit-i3200-uv-for-upgrading-chinese-inkjet-printer-with-4-pieces-i3200-printheads.jpg\" \/>\n\t<meta property=\"og:image:width\" content=\"800\" \/>\n\t<meta property=\"og:image:height\" content=\"800\" \/>\n\t<meta property=\"og:image:type\" content=\"image\/jpeg\" \/>\n<meta name=\"twitter:card\" content=\"summary_large_image\" \/>\n<meta name=\"twitter:label1\" content=\"Szacowany czas czytania\" \/>\n\t<meta name=\"twitter:data1\" content=\"1 minuta\" \/>\n<script type=\"application\/ld+json\" class=\"yoast-schema-graph\">{\"@context\":\"https:\/\/schema.org\",\"@graph\":[{\"@type\":\"WebPage\",\"@id\":\"https:\/\/superprintpro.com\/product\/kit-i3200-uv-for-upgrading-chinese-inkjet-printer-with-4-pieces-i3200-printheads-roll-to-roll-style\/\",\"url\":\"https:\/\/superprintpro.com\/product\/kit-i3200-uv-for-upgrading-chinese-inkjet-printer-with-4-pieces-i3200-printheads-roll-to-roll-style\/\",\"name\":\"Kit i3200 UV for Upgrading Chinese Inkjet Printer with 4 pieces i3200 printheads (roll to roll style) - Amo\",\"isPartOf\":{\"@id\":\"https:\/\/superprintpro.com\/#website\"},\"primaryImageOfPage\":{\"@id\":\"https:\/\/superprintpro.com\/product\/kit-i3200-uv-for-upgrading-chinese-inkjet-printer-with-4-pieces-i3200-printheads-roll-to-roll-style\/#primaryimage\"},\"image\":{\"@id\":\"https:\/\/superprintpro.com\/product\/kit-i3200-uv-for-upgrading-chinese-inkjet-printer-with-4-pieces-i3200-printheads-roll-to-roll-style\/#primaryimage\"},\"thumbnailUrl\":\"https:\/\/superprintpro.com\/wp-content\/uploads\/2025\/08\/kit-i3200-uv-for-upgrading-chinese-inkjet-printer-with-4-pieces-i3200-printheads.jpg\",\"datePublished\":\"2025-08-10T02:46:44+00:00\",\"dateModified\":\"2025-08-16T09:16:18+00:00\",\"breadcrumb\":{\"@id\":\"https:\/\/superprintpro.com\/product\/kit-i3200-uv-for-upgrading-chinese-inkjet-printer-with-4-pieces-i3200-printheads-roll-to-roll-style\/#breadcrumb\"},\"inLanguage\":\"pl-PL\",\"potentialAction\":[{\"@type\":\"ReadAction\",\"target\":[\"https:\/\/superprintpro.com\/product\/kit-i3200-uv-for-upgrading-chinese-inkjet-printer-with-4-pieces-i3200-printheads-roll-to-roll-style\/\"]}]},{\"@type\":\"ImageObject\",\"inLanguage\":\"pl-PL\",\"@id\":\"https:\/\/superprintpro.com\/product\/kit-i3200-uv-for-upgrading-chinese-inkjet-printer-with-4-pieces-i3200-printheads-roll-to-roll-style\/#primaryimage\",\"url\":\"https:\/\/superprintpro.com\/wp-content\/uploads\/2025\/08\/kit-i3200-uv-for-upgrading-chinese-inkjet-printer-with-4-pieces-i3200-printheads.jpg\",\"contentUrl\":\"https:\/\/superprintpro.com\/wp-content\/uploads\/2025\/08\/kit-i3200-uv-for-upgrading-chinese-inkjet-printer-with-4-pieces-i3200-printheads.jpg\",\"width\":800,\"height\":800,\"caption\":\"Kit i3200 UV for Upgrading Chinese Inkjet Printer with 4 pieces i3200 printheads (roll to roll style)\"},{\"@type\":\"BreadcrumbList\",\"@id\":\"https:\/\/superprintpro.com\/product\/kit-i3200-uv-for-upgrading-chinese-inkjet-printer-with-4-pieces-i3200-printheads-roll-to-roll-style\/#breadcrumb\",\"itemListElement\":[{\"@type\":\"ListItem\",\"position\":1,\"name\":\"\u9996\u9875\",\"item\":\"https:\/\/superprintpro.com\/\"},{\"@type\":\"ListItem\",\"position\":2,\"name\":\"Shop\",\"item\":\"https:\/\/superprintpro.com\/shop\/\"},{\"@type\":\"ListItem\",\"position\":3,\"name\":\"Kit i3200 UV for Upgrading Chinese Inkjet Printer with 4 pieces i3200 printheads (roll to roll style)\"}]},{\"@type\":\"WebSite\",\"@id\":\"https:\/\/superprintpro.com\/#website\",\"url\":\"https:\/\/superprintpro.com\/\",\"name\":\"Amo\",\"description\":\"\",\"potentialAction\":[{\"@type\":\"SearchAction\",\"target\":{\"@type\":\"EntryPoint\",\"urlTemplate\":\"https:\/\/superprintpro.com\/?s={search_term_string}\"},\"query-input\":{\"@type\":\"PropertyValueSpecification\",\"valueRequired\":true,\"valueName\":\"search_term_string\"}}],\"inLanguage\":\"pl-PL\"}]}<\/script>\n<!-- \/ Yoast SEO plugin. -->","yoast_head_json":{"title":"Zestaw i3200 UV do modernizacji chi\u0144skiej drukarki atramentowej z 4 g\u0142owicami drukuj\u0105cymi i3200 (typu rolka na rolk\u0119) - Amo","robots":{"index":"index","follow":"follow","max-snippet":"max-snippet:-1","max-image-preview":"max-image-preview:large","max-video-preview":"max-video-preview:-1"},"canonical":"https:\/\/superprintpro.com\/pl\/produkt\/kit-i3200-uv-for-upgrading-chinese-inkjet-printer-with-4-pieces-i3200-printheads-roll-to-roll-style\/","og_locale":"pl_PL","og_type":"article","og_title":"Kit i3200 UV for Upgrading Chinese Inkjet Printer with 4 pieces i3200 printheads (roll to roll style) - Amo","og_description":"For product details and the latest prices please contact our sales manage","og_url":"https:\/\/superprintpro.com\/pl\/produkt\/kit-i3200-uv-for-upgrading-chinese-inkjet-printer-with-4-pieces-i3200-printheads-roll-to-roll-style\/","og_site_name":"Amo","article_modified_time":"2025-08-16T09:16:18+00:00","og_image":[{"width":800,"height":800,"url":"https:\/\/superprintpro.com\/wp-content\/uploads\/2025\/08\/kit-i3200-uv-for-upgrading-chinese-inkjet-printer-with-4-pieces-i3200-printheads.jpg","type":"image\/jpeg"}],"twitter_card":"summary_large_image","twitter_misc":{"Szacowany czas czytania":"1 minuta"},"schema":{"@context":"https:\/\/schema.org","@graph":[{"@type":"WebPage","@id":"https:\/\/superprintpro.com\/product\/kit-i3200-uv-for-upgrading-chinese-inkjet-printer-with-4-pieces-i3200-printheads-roll-to-roll-style\/","url":"https:\/\/superprintpro.com\/product\/kit-i3200-uv-for-upgrading-chinese-inkjet-printer-with-4-pieces-i3200-printheads-roll-to-roll-style\/","name":"Zestaw i3200 UV do modernizacji chi\u0144skiej drukarki atramentowej z 4 g\u0142owicami drukuj\u0105cymi i3200 (typu rolka na rolk\u0119) - Amo","isPartOf":{"@id":"https:\/\/superprintpro.com\/#website"},"primaryImageOfPage":{"@id":"https:\/\/superprintpro.com\/product\/kit-i3200-uv-for-upgrading-chinese-inkjet-printer-with-4-pieces-i3200-printheads-roll-to-roll-style\/#primaryimage"},"image":{"@id":"https:\/\/superprintpro.com\/product\/kit-i3200-uv-for-upgrading-chinese-inkjet-printer-with-4-pieces-i3200-printheads-roll-to-roll-style\/#primaryimage"},"thumbnailUrl":"https:\/\/superprintpro.com\/wp-content\/uploads\/2025\/08\/kit-i3200-uv-for-upgrading-chinese-inkjet-printer-with-4-pieces-i3200-printheads.jpg","datePublished":"2025-08-10T02:46:44+00:00","dateModified":"2025-08-16T09:16:18+00:00","breadcrumb":{"@id":"https:\/\/superprintpro.com\/product\/kit-i3200-uv-for-upgrading-chinese-inkjet-printer-with-4-pieces-i3200-printheads-roll-to-roll-style\/#breadcrumb"},"inLanguage":"pl-PL","potentialAction":[{"@type":"ReadAction","target":["https:\/\/superprintpro.com\/product\/kit-i3200-uv-for-upgrading-chinese-inkjet-printer-with-4-pieces-i3200-printheads-roll-to-roll-style\/"]}]},{"@type":"ImageObject","inLanguage":"pl-PL","@id":"https:\/\/superprintpro.com\/product\/kit-i3200-uv-for-upgrading-chinese-inkjet-printer-with-4-pieces-i3200-printheads-roll-to-roll-style\/#primaryimage","url":"https:\/\/superprintpro.com\/wp-content\/uploads\/2025\/08\/kit-i3200-uv-for-upgrading-chinese-inkjet-printer-with-4-pieces-i3200-printheads.jpg","contentUrl":"https:\/\/superprintpro.com\/wp-content\/uploads\/2025\/08\/kit-i3200-uv-for-upgrading-chinese-inkjet-printer-with-4-pieces-i3200-printheads.jpg","width":800,"height":800,"caption":"Kit i3200 UV for Upgrading Chinese Inkjet Printer with 4 pieces i3200 printheads (roll to roll style)"},{"@type":"BreadcrumbList","@id":"https:\/\/superprintpro.com\/product\/kit-i3200-uv-for-upgrading-chinese-inkjet-printer-with-4-pieces-i3200-printheads-roll-to-roll-style\/#breadcrumb","itemListElement":[{"@type":"ListItem","position":1,"name":"\u9996\u9875","item":"https:\/\/superprintpro.com\/"},{"@type":"ListItem","position":2,"name":"Shop","item":"https:\/\/superprintpro.com\/shop\/"},{"@type":"ListItem","position":3,"name":"Kit i3200 UV for Upgrading Chinese Inkjet Printer with 4 pieces i3200 printheads (roll to roll style)"}]},{"@type":"WebSite","@id":"https:\/\/superprintpro.com\/#website","url":"https:\/\/superprintpro.com\/","name":"Amo","description":"","potentialAction":[{"@type":"SearchAction","target":{"@type":"EntryPoint","urlTemplate":"https:\/\/superprintpro.com\/?s={search_term_string}"},"query-input":{"@type":"PropertyValueSpecification","valueRequired":true,"valueName":"search_term_string"}}],"inLanguage":"pl-PL"}]}},"_links":{"self":[{"href":"https:\/\/superprintpro.com\/pl\/wp-json\/wp\/v2\/product\/29485","targetHints":{"allow":["GET"]}}],"collection":[{"href":"https:\/\/superprintpro.com\/pl\/wp-json\/wp\/v2\/product"}],"about":[{"href":"https:\/\/superprintpro.com\/pl\/wp-json\/wp\/v2\/types\/product"}],"replies":[{"embeddable":true,"href":"https:\/\/superprintpro.com\/pl\/wp-json\/wp\/v2\/comments?post=29485"}],"version-history":[{"count":1,"href":"https:\/\/superprintpro.com\/pl\/wp-json\/wp\/v2\/product\/29485\/revisions"}],"predecessor-version":[{"id":29487,"href":"https:\/\/superprintpro.com\/pl\/wp-json\/wp\/v2\/product\/29485\/revisions\/29487"}],"wp:featuredmedia":[{"embeddable":true,"href":"https:\/\/superprintpro.com\/pl\/wp-json\/wp\/v2\/media\/30044"}],"wp:attachment":[{"href":"https:\/\/superprintpro.com\/pl\/wp-json\/wp\/v2\/media?parent=29485"}],"wp:term":[{"taxonomy":"product_brand","embeddable":true,"href":"https:\/\/superprintpro.com\/pl\/wp-json\/wp\/v2\/product_brand?post=29485"},{"taxonomy":"product_cat","embeddable":true,"href":"https:\/\/superprintpro.com\/pl\/wp-json\/wp\/v2\/product_cat?post=29485"},{"taxonomy":"product_tag","embeddable":true,"href":"https:\/\/superprintpro.com\/pl\/wp-json\/wp\/v2\/product_tag?post=29485"}],"curies":[{"name":"wp","href":"https:\/\/api.w.org\/{rel}","templated":true}]}}