{"id":29469,"date":"2025-08-10T02:22:59","date_gmt":"2025-08-10T02:22:59","guid":{"rendered":"https:\/\/superprintpro.com\/?post_type=product&#038;p=29469"},"modified":"2025-08-16T17:09:58","modified_gmt":"2025-08-16T09:09:58","slug":"kit-i3200-for-upgrade-mutoh-vj-1604-vj-1624-vj-1638-with-2-i3200-printheads","status":"publish","type":"product","link":"https:\/\/superprintpro.com\/pl\/produkt\/kit-i3200-for-upgrade-mutoh-vj-1604-vj-1624-vj-1638-with-2-i3200-printheads\/","title":{"rendered":"Zestaw i3200 do modernizacji drukarek Mutoh VJ-1604 VJ-1624 VJ-1638 z 2 g\u0142owicami drukuj\u0105cymi I3200"},"content":{"rendered":"<ul>\n<li>Zestaw i3200 do modernizacji drukarek Mutoh VJ-1604 VJ-1624 VJ-1638 z 2 g\u0142owicami drukuj\u0105cymi I3200<\/li>\n<li>Zestaw zawiera nast\u0119puj\u0105ce cz\u0119\u015bci zamienne wysy\u0142ane za po\u015brednictwem firmy DHL:\n<div>G\u0142owica drukuj\u0105ca,<\/div>\n<div>P\u0142yta g\u0142\u00f3wna<\/div>\n<div>Zag\u0142\u00f3wek,<\/div>\n<div>Uchwyt podstawy g\u0142owicy drukuj\u0105cej<\/div>\n<div>Stacja czyszczenia g\u0142owic drukuj\u0105cych<\/div>\n<div>Wszystkie amortyzatory<\/div>\n<div>Wszystkie wielkie litery<\/div>\n<div>Ca\u0142e oprogramowanie.<\/div>\n<div>Pasek enkodera rastrowego<\/div>\n<div>Czujnik enkodera rastrowego<\/div>\n<\/li>\n<li>\n<div>itp. wszystkie niezb\u0119dne cz\u0119\u015bci do modernizacji starej drukarki atramentowej<\/div>\n<\/li>\n<\/ul>","protected":false},"excerpt":{"rendered":"<p>Aby uzyska\u0107 szczeg\u00f3\u0142owe informacje o produktach i aktualne ceny, skontaktuj si\u0119 z naszym dzia\u0142em sprzeda\u017cy<\/p>","protected":false},"featured_media":30040,"comment_status":"open","ping_status":"closed","template":"","meta":[],"product_brand":[],"product_cat":[88],"product_tag":[],"class_list":{"0":"post-29469","1":"product","2":"type-product","3":"status-publish","4":"has-post-thumbnail","6":"product_cat-mutoh-upgrading-kit","8":"first","9":"instock","10":"shipping-taxable","11":"purchasable","12":"product-type-simple"},"yoast_head":"<!-- This site is optimized with the Yoast SEO plugin v26.9 - https:\/\/yoast.com\/product\/yoast-seo-wordpress\/ -->\n<title>Kit i3200 for Upgrade Mutoh VJ-1604 VJ-1624 VJ-1638 with 2 I3200 printheads - Amo<\/title>\n<meta name=\"robots\" content=\"index, follow, max-snippet:-1, max-image-preview:large, max-video-preview:-1\" \/>\n<link rel=\"canonical\" href=\"https:\/\/superprintpro.com\/pl\/produkt\/kit-i3200-for-upgrade-mutoh-vj-1604-vj-1624-vj-1638-with-2-i3200-printheads\/\" \/>\n<meta property=\"og:locale\" content=\"pl_PL\" \/>\n<meta property=\"og:type\" content=\"article\" \/>\n<meta property=\"og:title\" content=\"Kit i3200 for Upgrade Mutoh VJ-1604 VJ-1624 VJ-1638 with 2 I3200 printheads - Amo\" \/>\n<meta property=\"og:description\" content=\"For product details and the latest prices please contact our sales manage\" \/>\n<meta property=\"og:url\" content=\"https:\/\/superprintpro.com\/pl\/produkt\/kit-i3200-for-upgrade-mutoh-vj-1604-vj-1624-vj-1638-with-2-i3200-printheads\/\" \/>\n<meta property=\"og:site_name\" content=\"Amo\" \/>\n<meta property=\"article:modified_time\" content=\"2025-08-16T09:09:58+00:00\" \/>\n<meta property=\"og:image\" content=\"https:\/\/superprintpro.com\/wp-content\/uploads\/2025\/08\/kit-i3200-for-upgrade-mutoh-vj-1604-vj-1624-vj-1638-with-2-i3200-printheads.jpg\" \/>\n\t<meta property=\"og:image:width\" content=\"800\" \/>\n\t<meta property=\"og:image:height\" content=\"800\" \/>\n\t<meta property=\"og:image:type\" content=\"image\/jpeg\" \/>\n<meta name=\"twitter:card\" content=\"summary_large_image\" \/>\n<script type=\"application\/ld+json\" class=\"yoast-schema-graph\">{\"@context\":\"https:\/\/schema.org\",\"@graph\":[{\"@type\":\"WebPage\",\"@id\":\"https:\/\/superprintpro.com\/product\/kit-i3200-for-upgrade-mutoh-vj-1604-vj-1624-vj-1638-with-2-i3200-printheads\/\",\"url\":\"https:\/\/superprintpro.com\/product\/kit-i3200-for-upgrade-mutoh-vj-1604-vj-1624-vj-1638-with-2-i3200-printheads\/\",\"name\":\"Kit i3200 for Upgrade Mutoh VJ-1604 VJ-1624 VJ-1638 with 2 I3200 printheads - Amo\",\"isPartOf\":{\"@id\":\"https:\/\/superprintpro.com\/#website\"},\"primaryImageOfPage\":{\"@id\":\"https:\/\/superprintpro.com\/product\/kit-i3200-for-upgrade-mutoh-vj-1604-vj-1624-vj-1638-with-2-i3200-printheads\/#primaryimage\"},\"image\":{\"@id\":\"https:\/\/superprintpro.com\/product\/kit-i3200-for-upgrade-mutoh-vj-1604-vj-1624-vj-1638-with-2-i3200-printheads\/#primaryimage\"},\"thumbnailUrl\":\"https:\/\/superprintpro.com\/wp-content\/uploads\/2025\/08\/kit-i3200-for-upgrade-mutoh-vj-1604-vj-1624-vj-1638-with-2-i3200-printheads.jpg\",\"datePublished\":\"2025-08-10T02:22:59+00:00\",\"dateModified\":\"2025-08-16T09:09:58+00:00\",\"breadcrumb\":{\"@id\":\"https:\/\/superprintpro.com\/product\/kit-i3200-for-upgrade-mutoh-vj-1604-vj-1624-vj-1638-with-2-i3200-printheads\/#breadcrumb\"},\"inLanguage\":\"pl-PL\",\"potentialAction\":[{\"@type\":\"ReadAction\",\"target\":[\"https:\/\/superprintpro.com\/product\/kit-i3200-for-upgrade-mutoh-vj-1604-vj-1624-vj-1638-with-2-i3200-printheads\/\"]}]},{\"@type\":\"ImageObject\",\"inLanguage\":\"pl-PL\",\"@id\":\"https:\/\/superprintpro.com\/product\/kit-i3200-for-upgrade-mutoh-vj-1604-vj-1624-vj-1638-with-2-i3200-printheads\/#primaryimage\",\"url\":\"https:\/\/superprintpro.com\/wp-content\/uploads\/2025\/08\/kit-i3200-for-upgrade-mutoh-vj-1604-vj-1624-vj-1638-with-2-i3200-printheads.jpg\",\"contentUrl\":\"https:\/\/superprintpro.com\/wp-content\/uploads\/2025\/08\/kit-i3200-for-upgrade-mutoh-vj-1604-vj-1624-vj-1638-with-2-i3200-printheads.jpg\",\"width\":800,\"height\":800,\"caption\":\"Kit i3200 for Upgrade Mutoh VJ-1604 VJ-1624 VJ-1638 with 2 I3200 printheads\"},{\"@type\":\"BreadcrumbList\",\"@id\":\"https:\/\/superprintpro.com\/product\/kit-i3200-for-upgrade-mutoh-vj-1604-vj-1624-vj-1638-with-2-i3200-printheads\/#breadcrumb\",\"itemListElement\":[{\"@type\":\"ListItem\",\"position\":1,\"name\":\"\u9996\u9875\",\"item\":\"https:\/\/superprintpro.com\/\"},{\"@type\":\"ListItem\",\"position\":2,\"name\":\"Shop\",\"item\":\"https:\/\/superprintpro.com\/shop\/\"},{\"@type\":\"ListItem\",\"position\":3,\"name\":\"Kit i3200 for Upgrade Mutoh VJ-1604 VJ-1624 VJ-1638 with 2 I3200 printheads\"}]},{\"@type\":\"WebSite\",\"@id\":\"https:\/\/superprintpro.com\/#website\",\"url\":\"https:\/\/superprintpro.com\/\",\"name\":\"Amo\",\"description\":\"\",\"potentialAction\":[{\"@type\":\"SearchAction\",\"target\":{\"@type\":\"EntryPoint\",\"urlTemplate\":\"https:\/\/superprintpro.com\/?s={search_term_string}\"},\"query-input\":{\"@type\":\"PropertyValueSpecification\",\"valueRequired\":true,\"valueName\":\"search_term_string\"}}],\"inLanguage\":\"pl-PL\"}]}<\/script>\n<!-- \/ Yoast SEO plugin. -->","yoast_head_json":{"title":"Zestaw i3200 do modernizacji drukarek Mutoh VJ-1604 VJ-1624 VJ-1638 z 2 g\u0142owicami drukuj\u0105cymi I3200 - Amo","robots":{"index":"index","follow":"follow","max-snippet":"max-snippet:-1","max-image-preview":"max-image-preview:large","max-video-preview":"max-video-preview:-1"},"canonical":"https:\/\/superprintpro.com\/pl\/produkt\/kit-i3200-for-upgrade-mutoh-vj-1604-vj-1624-vj-1638-with-2-i3200-printheads\/","og_locale":"pl_PL","og_type":"article","og_title":"Kit i3200 for Upgrade Mutoh VJ-1604 VJ-1624 VJ-1638 with 2 I3200 printheads - Amo","og_description":"For product details and the latest prices please contact our sales manage","og_url":"https:\/\/superprintpro.com\/pl\/produkt\/kit-i3200-for-upgrade-mutoh-vj-1604-vj-1624-vj-1638-with-2-i3200-printheads\/","og_site_name":"Amo","article_modified_time":"2025-08-16T09:09:58+00:00","og_image":[{"width":800,"height":800,"url":"https:\/\/superprintpro.com\/wp-content\/uploads\/2025\/08\/kit-i3200-for-upgrade-mutoh-vj-1604-vj-1624-vj-1638-with-2-i3200-printheads.jpg","type":"image\/jpeg"}],"twitter_card":"summary_large_image","schema":{"@context":"https:\/\/schema.org","@graph":[{"@type":"WebPage","@id":"https:\/\/superprintpro.com\/product\/kit-i3200-for-upgrade-mutoh-vj-1604-vj-1624-vj-1638-with-2-i3200-printheads\/","url":"https:\/\/superprintpro.com\/product\/kit-i3200-for-upgrade-mutoh-vj-1604-vj-1624-vj-1638-with-2-i3200-printheads\/","name":"Zestaw i3200 do modernizacji drukarek Mutoh VJ-1604 VJ-1624 VJ-1638 z 2 g\u0142owicami drukuj\u0105cymi I3200 - Amo","isPartOf":{"@id":"https:\/\/superprintpro.com\/#website"},"primaryImageOfPage":{"@id":"https:\/\/superprintpro.com\/product\/kit-i3200-for-upgrade-mutoh-vj-1604-vj-1624-vj-1638-with-2-i3200-printheads\/#primaryimage"},"image":{"@id":"https:\/\/superprintpro.com\/product\/kit-i3200-for-upgrade-mutoh-vj-1604-vj-1624-vj-1638-with-2-i3200-printheads\/#primaryimage"},"thumbnailUrl":"https:\/\/superprintpro.com\/wp-content\/uploads\/2025\/08\/kit-i3200-for-upgrade-mutoh-vj-1604-vj-1624-vj-1638-with-2-i3200-printheads.jpg","datePublished":"2025-08-10T02:22:59+00:00","dateModified":"2025-08-16T09:09:58+00:00","breadcrumb":{"@id":"https:\/\/superprintpro.com\/product\/kit-i3200-for-upgrade-mutoh-vj-1604-vj-1624-vj-1638-with-2-i3200-printheads\/#breadcrumb"},"inLanguage":"pl-PL","potentialAction":[{"@type":"ReadAction","target":["https:\/\/superprintpro.com\/product\/kit-i3200-for-upgrade-mutoh-vj-1604-vj-1624-vj-1638-with-2-i3200-printheads\/"]}]},{"@type":"ImageObject","inLanguage":"pl-PL","@id":"https:\/\/superprintpro.com\/product\/kit-i3200-for-upgrade-mutoh-vj-1604-vj-1624-vj-1638-with-2-i3200-printheads\/#primaryimage","url":"https:\/\/superprintpro.com\/wp-content\/uploads\/2025\/08\/kit-i3200-for-upgrade-mutoh-vj-1604-vj-1624-vj-1638-with-2-i3200-printheads.jpg","contentUrl":"https:\/\/superprintpro.com\/wp-content\/uploads\/2025\/08\/kit-i3200-for-upgrade-mutoh-vj-1604-vj-1624-vj-1638-with-2-i3200-printheads.jpg","width":800,"height":800,"caption":"Kit i3200 for Upgrade Mutoh VJ-1604 VJ-1624 VJ-1638 with 2 I3200 printheads"},{"@type":"BreadcrumbList","@id":"https:\/\/superprintpro.com\/product\/kit-i3200-for-upgrade-mutoh-vj-1604-vj-1624-vj-1638-with-2-i3200-printheads\/#breadcrumb","itemListElement":[{"@type":"ListItem","position":1,"name":"\u9996\u9875","item":"https:\/\/superprintpro.com\/"},{"@type":"ListItem","position":2,"name":"Shop","item":"https:\/\/superprintpro.com\/shop\/"},{"@type":"ListItem","position":3,"name":"Kit i3200 for Upgrade Mutoh VJ-1604 VJ-1624 VJ-1638 with 2 I3200 printheads"}]},{"@type":"WebSite","@id":"https:\/\/superprintpro.com\/#website","url":"https:\/\/superprintpro.com\/","name":"Amo","description":"","potentialAction":[{"@type":"SearchAction","target":{"@type":"EntryPoint","urlTemplate":"https:\/\/superprintpro.com\/?s={search_term_string}"},"query-input":{"@type":"PropertyValueSpecification","valueRequired":true,"valueName":"search_term_string"}}],"inLanguage":"pl-PL"}]}},"_links":{"self":[{"href":"https:\/\/superprintpro.com\/pl\/wp-json\/wp\/v2\/product\/29469","targetHints":{"allow":["GET"]}}],"collection":[{"href":"https:\/\/superprintpro.com\/pl\/wp-json\/wp\/v2\/product"}],"about":[{"href":"https:\/\/superprintpro.com\/pl\/wp-json\/wp\/v2\/types\/product"}],"replies":[{"embeddable":true,"href":"https:\/\/superprintpro.com\/pl\/wp-json\/wp\/v2\/comments?post=29469"}],"version-history":[{"count":1,"href":"https:\/\/superprintpro.com\/pl\/wp-json\/wp\/v2\/product\/29469\/revisions"}],"predecessor-version":[{"id":29471,"href":"https:\/\/superprintpro.com\/pl\/wp-json\/wp\/v2\/product\/29469\/revisions\/29471"}],"wp:featuredmedia":[{"embeddable":true,"href":"https:\/\/superprintpro.com\/pl\/wp-json\/wp\/v2\/media\/30040"}],"wp:attachment":[{"href":"https:\/\/superprintpro.com\/pl\/wp-json\/wp\/v2\/media?parent=29469"}],"wp:term":[{"taxonomy":"product_brand","embeddable":true,"href":"https:\/\/superprintpro.com\/pl\/wp-json\/wp\/v2\/product_brand?post=29469"},{"taxonomy":"product_cat","embeddable":true,"href":"https:\/\/superprintpro.com\/pl\/wp-json\/wp\/v2\/product_cat?post=29469"},{"taxonomy":"product_tag","embeddable":true,"href":"https:\/\/superprintpro.com\/pl\/wp-json\/wp\/v2\/product_tag?post=29469"}],"curies":[{"name":"wp","href":"https:\/\/api.w.org\/{rel}","templated":true}]}}