{"id":30218,"date":"2025-08-18T15:42:56","date_gmt":"2025-08-18T07:42:56","guid":{"rendered":"https:\/\/superprintpro.com\/?post_type=product&#038;p=30218"},"modified":"2025-08-18T15:42:56","modified_gmt":"2025-08-18T07:42:56","slug":"amo-uv-flatbed-inkjet-printer-am2412uvb3g6-with-3-pieces-ricoh-gen6-printheads","status":"publish","type":"product","link":"https:\/\/superprintpro.com\/it\/prodotto\/amo-uv-flatbed-inkjet-printer-am2412uvb3g6-with-3-pieces-ricoh-gen6-printheads\/","title":{"rendered":"Stampante a getto d'inchiostro UV flatbed AMO AM2412UVB3G6 con 3 testine di stampa Ricoh Gen6"},"content":{"rendered":"<p>Stampante a getto d'inchiostro UV flatbed AMO AM2412UVB3G6 con 3 testine di stampa Ricoh Gen6<\/p>\n<p>1. Equipaggiato con 3 pezzi di Ricoh G6<br \/>\n2. Dotato di guida lineare e cursore silenziosi e motore ad alta precisione<br \/>\n3. Dispositivo automatico di misurazione dell'altezza ad alta precisione. Dotato di dispositivo anticollisione per la testina di stampa su 2 lati;<br \/>\n4. Funzione di posizionamento automatico con un solo pulsante per facilitare la stampa su pannelli di dimensioni maggiori, pi\u00f9 comoda e facile da usare da parte di una sola persona;<br \/>\n5. Eliminatore elettrostatico ad alta potenza, elimina efficacemente l'elettricit\u00e0 statica sui materiali di stampa, eliminando l'elettricit\u00e0 statica causata dall'inchiostro volante o dalla mancanza di chiarezza nella stampa.<br \/>\n6. Funzione di spruzzatura flash automatica della testina di stampa: in stato di standby, gli ugelli della testina di stampa vengono spruzzati automaticamente ogni 2 ore, per evitare che gli ugelli si secchino;<br \/>\n7.Funzione di riscaldamento a temperatura costante della cartuccia secondaria, funzione di circolazione interna dell'inchiostro bianco, prevenzione della precipitazione dell'inchiostro bianco, miglioramento della fluidit\u00e0 dell'inchiostro, riduzione della possibilit\u00e0 di intasamento;<br \/>\n8. Un interruttore meccanico manuale della valvola impedisce all'inchiostro di rifluire quando il dispositivo \u00e8 spento, risparmiando cos\u00ec pi\u00f9 inchiostro;<br \/>\n9.3-4.5Kw forte ventilatore di aspirazione della turbina di alto potere, fornito del silenziatore, offrono il forte potere di succhiamento e l'ambiente lisent<\/p>\n<p>Parametri della macchina<br \/>\nLarghezza massima di stampa: 240cm*120cm<br \/>\nAltezza di stampa: da 150 mm a 300 mm personalizzabile<br \/>\nTestina di stampa: 3 pezzi Testine di stampa Ricoh Gen6<br \/>\nVelocit\u00e0 di stampa: 12-45m\u00b2\/h<br \/>\nMateriale: pu\u00f2 stampare quasi tutti i materiali piani, tridimensionali, concavi e convessi, morbidi e duri, ad esempio:<br \/>\nbordo acrilico, il piatto del metallo, il vetro, il piatto di legno, il floorcardboard ceramico, il cuoio di plastica, il panno del tessuto, ecc.<br \/>\ncarta da parati, PC\/PE\/PVC<br \/>\nPotenza: AC220\/110\u00b110.50HZ~60HZ,4500W\/6000W<br \/>\nDimensione della macchina\/dimensione dell'imballaggio: L4100mm*W2060mm*H1400mmL \/ 4360mm*W2120mm*H1610mm<br \/>\nPeso netto\/lordo 1550kg\/1670kg<\/p>","protected":false},"excerpt":{"rendered":"<p>Per i dettagli sui prodotti e le ultime quotazioni, contattate il nostro responsabile vendite<\/p>","protected":false},"featured_media":30219,"comment_status":"open","ping_status":"closed","template":"","meta":[],"product_brand":[],"product_cat":[111],"product_tag":[],"class_list":{"0":"post-30218","1":"product","2":"type-product","3":"status-publish","4":"has-post-thumbnail","6":"product_cat-with-ricoh-gen6-printhead","8":"first","9":"instock","10":"shipping-taxable","11":"purchasable","12":"product-type-simple"},"yoast_head":"<!-- This site is optimized with the Yoast SEO plugin v26.9 - https:\/\/yoast.com\/product\/yoast-seo-wordpress\/ -->\n<title>AMO UV Flatbed Inkjet Printer AM2412UVB3G6 with 3 pieces Ricoh Gen6 Printheads - Amo<\/title>\n<meta name=\"robots\" content=\"index, follow, max-snippet:-1, max-image-preview:large, max-video-preview:-1\" \/>\n<link rel=\"canonical\" href=\"https:\/\/superprintpro.com\/it\/prodotto\/amo-uv-flatbed-inkjet-printer-am2412uvb3g6-with-3-pieces-ricoh-gen6-printheads\/\" \/>\n<meta property=\"og:locale\" content=\"it_IT\" \/>\n<meta property=\"og:type\" content=\"article\" \/>\n<meta property=\"og:title\" content=\"AMO UV Flatbed Inkjet Printer AM2412UVB3G6 with 3 pieces Ricoh Gen6 Printheads - Amo\" \/>\n<meta property=\"og:description\" content=\"For product details and the latest quotes, please contact our sales manager\" \/>\n<meta property=\"og:url\" content=\"https:\/\/superprintpro.com\/it\/prodotto\/amo-uv-flatbed-inkjet-printer-am2412uvb3g6-with-3-pieces-ricoh-gen6-printheads\/\" \/>\n<meta property=\"og:site_name\" content=\"Amo\" \/>\n<meta property=\"og:image\" content=\"https:\/\/superprintpro.com\/wp-content\/uploads\/2025\/08\/amo-uv-flatbed-inkjet-printer-am2412uvb3g6-with-3-pieces-ricoh-gen6-printheads.jpg\" \/>\n\t<meta property=\"og:image:width\" content=\"800\" \/>\n\t<meta property=\"og:image:height\" content=\"548\" \/>\n\t<meta property=\"og:image:type\" content=\"image\/jpeg\" \/>\n<meta name=\"twitter:card\" content=\"summary_large_image\" \/>\n<meta name=\"twitter:label1\" content=\"Tempo di lettura stimato\" \/>\n\t<meta name=\"twitter:data1\" content=\"1 minuto\" \/>\n<script type=\"application\/ld+json\" class=\"yoast-schema-graph\">{\"@context\":\"https:\/\/schema.org\",\"@graph\":[{\"@type\":\"WebPage\",\"@id\":\"https:\/\/superprintpro.com\/product\/amo-uv-flatbed-inkjet-printer-am2412uvb3g6-with-3-pieces-ricoh-gen6-printheads\/\",\"url\":\"https:\/\/superprintpro.com\/product\/amo-uv-flatbed-inkjet-printer-am2412uvb3g6-with-3-pieces-ricoh-gen6-printheads\/\",\"name\":\"AMO UV Flatbed Inkjet Printer AM2412UVB3G6 with 3 pieces Ricoh Gen6 Printheads - Amo\",\"isPartOf\":{\"@id\":\"https:\/\/superprintpro.com\/#website\"},\"primaryImageOfPage\":{\"@id\":\"https:\/\/superprintpro.com\/product\/amo-uv-flatbed-inkjet-printer-am2412uvb3g6-with-3-pieces-ricoh-gen6-printheads\/#primaryimage\"},\"image\":{\"@id\":\"https:\/\/superprintpro.com\/product\/amo-uv-flatbed-inkjet-printer-am2412uvb3g6-with-3-pieces-ricoh-gen6-printheads\/#primaryimage\"},\"thumbnailUrl\":\"https:\/\/superprintpro.com\/wp-content\/uploads\/2025\/08\/amo-uv-flatbed-inkjet-printer-am2412uvb3g6-with-3-pieces-ricoh-gen6-printheads.jpg\",\"datePublished\":\"2025-08-18T07:42:56+00:00\",\"breadcrumb\":{\"@id\":\"https:\/\/superprintpro.com\/product\/amo-uv-flatbed-inkjet-printer-am2412uvb3g6-with-3-pieces-ricoh-gen6-printheads\/#breadcrumb\"},\"inLanguage\":\"it-IT\",\"potentialAction\":[{\"@type\":\"ReadAction\",\"target\":[\"https:\/\/superprintpro.com\/product\/amo-uv-flatbed-inkjet-printer-am2412uvb3g6-with-3-pieces-ricoh-gen6-printheads\/\"]}]},{\"@type\":\"ImageObject\",\"inLanguage\":\"it-IT\",\"@id\":\"https:\/\/superprintpro.com\/product\/amo-uv-flatbed-inkjet-printer-am2412uvb3g6-with-3-pieces-ricoh-gen6-printheads\/#primaryimage\",\"url\":\"https:\/\/superprintpro.com\/wp-content\/uploads\/2025\/08\/amo-uv-flatbed-inkjet-printer-am2412uvb3g6-with-3-pieces-ricoh-gen6-printheads.jpg\",\"contentUrl\":\"https:\/\/superprintpro.com\/wp-content\/uploads\/2025\/08\/amo-uv-flatbed-inkjet-printer-am2412uvb3g6-with-3-pieces-ricoh-gen6-printheads.jpg\",\"width\":800,\"height\":548,\"caption\":\"AMO UV Flatbed Inkjet Printer AM2412UVB3G6 with 3 pieces Ricoh Gen6 Printheads\"},{\"@type\":\"BreadcrumbList\",\"@id\":\"https:\/\/superprintpro.com\/product\/amo-uv-flatbed-inkjet-printer-am2412uvb3g6-with-3-pieces-ricoh-gen6-printheads\/#breadcrumb\",\"itemListElement\":[{\"@type\":\"ListItem\",\"position\":1,\"name\":\"\u9996\u9875\",\"item\":\"https:\/\/superprintpro.com\/\"},{\"@type\":\"ListItem\",\"position\":2,\"name\":\"Shop\",\"item\":\"https:\/\/superprintpro.com\/shop\/\"},{\"@type\":\"ListItem\",\"position\":3,\"name\":\"AMO UV Flatbed Inkjet Printer AM2412UVB3G6 with 3 pieces Ricoh Gen6 Printheads\"}]},{\"@type\":\"WebSite\",\"@id\":\"https:\/\/superprintpro.com\/#website\",\"url\":\"https:\/\/superprintpro.com\/\",\"name\":\"Amo\",\"description\":\"\",\"potentialAction\":[{\"@type\":\"SearchAction\",\"target\":{\"@type\":\"EntryPoint\",\"urlTemplate\":\"https:\/\/superprintpro.com\/?s={search_term_string}\"},\"query-input\":{\"@type\":\"PropertyValueSpecification\",\"valueRequired\":true,\"valueName\":\"search_term_string\"}}],\"inLanguage\":\"it-IT\"}]}<\/script>\n<!-- \/ Yoast SEO plugin. -->","yoast_head_json":{"title":"AMO UV Flatbed Inkjet Printer AM2412UVB3G6 with 3 pieces Ricoh Gen6 Printheads - Amo","robots":{"index":"index","follow":"follow","max-snippet":"max-snippet:-1","max-image-preview":"max-image-preview:large","max-video-preview":"max-video-preview:-1"},"canonical":"https:\/\/superprintpro.com\/it\/prodotto\/amo-uv-flatbed-inkjet-printer-am2412uvb3g6-with-3-pieces-ricoh-gen6-printheads\/","og_locale":"it_IT","og_type":"article","og_title":"AMO UV Flatbed Inkjet Printer AM2412UVB3G6 with 3 pieces Ricoh Gen6 Printheads - Amo","og_description":"For product details and the latest quotes, please contact our sales manager","og_url":"https:\/\/superprintpro.com\/it\/prodotto\/amo-uv-flatbed-inkjet-printer-am2412uvb3g6-with-3-pieces-ricoh-gen6-printheads\/","og_site_name":"Amo","og_image":[{"width":800,"height":548,"url":"https:\/\/superprintpro.com\/wp-content\/uploads\/2025\/08\/amo-uv-flatbed-inkjet-printer-am2412uvb3g6-with-3-pieces-ricoh-gen6-printheads.jpg","type":"image\/jpeg"}],"twitter_card":"summary_large_image","twitter_misc":{"Tempo di lettura stimato":"1 minuto"},"schema":{"@context":"https:\/\/schema.org","@graph":[{"@type":"WebPage","@id":"https:\/\/superprintpro.com\/product\/amo-uv-flatbed-inkjet-printer-am2412uvb3g6-with-3-pieces-ricoh-gen6-printheads\/","url":"https:\/\/superprintpro.com\/product\/amo-uv-flatbed-inkjet-printer-am2412uvb3g6-with-3-pieces-ricoh-gen6-printheads\/","name":"AMO UV Flatbed Inkjet Printer AM2412UVB3G6 with 3 pieces Ricoh Gen6 Printheads - Amo","isPartOf":{"@id":"https:\/\/superprintpro.com\/#website"},"primaryImageOfPage":{"@id":"https:\/\/superprintpro.com\/product\/amo-uv-flatbed-inkjet-printer-am2412uvb3g6-with-3-pieces-ricoh-gen6-printheads\/#primaryimage"},"image":{"@id":"https:\/\/superprintpro.com\/product\/amo-uv-flatbed-inkjet-printer-am2412uvb3g6-with-3-pieces-ricoh-gen6-printheads\/#primaryimage"},"thumbnailUrl":"https:\/\/superprintpro.com\/wp-content\/uploads\/2025\/08\/amo-uv-flatbed-inkjet-printer-am2412uvb3g6-with-3-pieces-ricoh-gen6-printheads.jpg","datePublished":"2025-08-18T07:42:56+00:00","breadcrumb":{"@id":"https:\/\/superprintpro.com\/product\/amo-uv-flatbed-inkjet-printer-am2412uvb3g6-with-3-pieces-ricoh-gen6-printheads\/#breadcrumb"},"inLanguage":"it-IT","potentialAction":[{"@type":"ReadAction","target":["https:\/\/superprintpro.com\/product\/amo-uv-flatbed-inkjet-printer-am2412uvb3g6-with-3-pieces-ricoh-gen6-printheads\/"]}]},{"@type":"ImageObject","inLanguage":"it-IT","@id":"https:\/\/superprintpro.com\/product\/amo-uv-flatbed-inkjet-printer-am2412uvb3g6-with-3-pieces-ricoh-gen6-printheads\/#primaryimage","url":"https:\/\/superprintpro.com\/wp-content\/uploads\/2025\/08\/amo-uv-flatbed-inkjet-printer-am2412uvb3g6-with-3-pieces-ricoh-gen6-printheads.jpg","contentUrl":"https:\/\/superprintpro.com\/wp-content\/uploads\/2025\/08\/amo-uv-flatbed-inkjet-printer-am2412uvb3g6-with-3-pieces-ricoh-gen6-printheads.jpg","width":800,"height":548,"caption":"AMO UV Flatbed Inkjet Printer AM2412UVB3G6 with 3 pieces Ricoh Gen6 Printheads"},{"@type":"BreadcrumbList","@id":"https:\/\/superprintpro.com\/product\/amo-uv-flatbed-inkjet-printer-am2412uvb3g6-with-3-pieces-ricoh-gen6-printheads\/#breadcrumb","itemListElement":[{"@type":"ListItem","position":1,"name":"\u9996\u9875","item":"https:\/\/superprintpro.com\/"},{"@type":"ListItem","position":2,"name":"Shop","item":"https:\/\/superprintpro.com\/shop\/"},{"@type":"ListItem","position":3,"name":"AMO UV Flatbed Inkjet Printer AM2412UVB3G6 with 3 pieces Ricoh Gen6 Printheads"}]},{"@type":"WebSite","@id":"https:\/\/superprintpro.com\/#website","url":"https:\/\/superprintpro.com\/","name":"Amo","description":"","potentialAction":[{"@type":"SearchAction","target":{"@type":"EntryPoint","urlTemplate":"https:\/\/superprintpro.com\/?s={search_term_string}"},"query-input":{"@type":"PropertyValueSpecification","valueRequired":true,"valueName":"search_term_string"}}],"inLanguage":"it-IT"}]}},"_links":{"self":[{"href":"https:\/\/superprintpro.com\/it\/wp-json\/wp\/v2\/product\/30218","targetHints":{"allow":["GET"]}}],"collection":[{"href":"https:\/\/superprintpro.com\/it\/wp-json\/wp\/v2\/product"}],"about":[{"href":"https:\/\/superprintpro.com\/it\/wp-json\/wp\/v2\/types\/product"}],"replies":[{"embeddable":true,"href":"https:\/\/superprintpro.com\/it\/wp-json\/wp\/v2\/comments?post=30218"}],"version-history":[{"count":1,"href":"https:\/\/superprintpro.com\/it\/wp-json\/wp\/v2\/product\/30218\/revisions"}],"predecessor-version":[{"id":30220,"href":"https:\/\/superprintpro.com\/it\/wp-json\/wp\/v2\/product\/30218\/revisions\/30220"}],"wp:featuredmedia":[{"embeddable":true,"href":"https:\/\/superprintpro.com\/it\/wp-json\/wp\/v2\/media\/30219"}],"wp:attachment":[{"href":"https:\/\/superprintpro.com\/it\/wp-json\/wp\/v2\/media?parent=30218"}],"wp:term":[{"taxonomy":"product_brand","embeddable":true,"href":"https:\/\/superprintpro.com\/it\/wp-json\/wp\/v2\/product_brand?post=30218"},{"taxonomy":"product_cat","embeddable":true,"href":"https:\/\/superprintpro.com\/it\/wp-json\/wp\/v2\/product_cat?post=30218"},{"taxonomy":"product_tag","embeddable":true,"href":"https:\/\/superprintpro.com\/it\/wp-json\/wp\/v2\/product_tag?post=30218"}],"curies":[{"name":"wp","href":"https:\/\/api.w.org\/{rel}","templated":true}]}}