{"id":30179,"date":"2025-08-18T14:58:10","date_gmt":"2025-08-18T06:58:10","guid":{"rendered":"https:\/\/superprintpro.com\/?post_type=product&#038;p=30179"},"modified":"2025-08-18T14:58:10","modified_gmt":"2025-08-18T06:58:10","slug":"amo-uv-flatbed-printer-am9060uvb4i32-with-4-heads-i3200-heads","status":"publish","type":"product","link":"https:\/\/superprintpro.com\/it\/prodotto\/amo-uv-flatbed-printer-am9060uvb4i32-with-4-heads-i3200-heads\/","title":{"rendered":"Stampante UV flatbed AMO AM9060UVB4i32 con 4 teste i3200"},"content":{"rendered":"<p>Stampante UV flatbed AMO AM9060UVB4i32 con 4 teste i3200<\/p>\n<p>(questo modello \u00e8 privo di sistema visivo AI)<\/p>\n<p>La stampante flatbed 9060UV \u00e8 un dispositivo di stampa molto diffuso sul mercato, caratterizzato da molteplici vantaggi e potenti funzioni. Dotata della testina di stampa piezoelettrica Epson I3200, \u00e8 in grado di ottenere stampe ad alta precisione e ad alta velocit\u00e0, garantendo al contempo stabilit\u00e0 e costanza della qualit\u00e0. Utilizzando un dispositivo di polimerizzazione UV, si asciuga istantaneamente alla luce ultravioletta, eliminando la necessit\u00e0 di ulteriori processi di asciugatura. La stampante flatbed 9060 \u00e8 ampiamente utilizzata in vari settori, come la pubblicit\u00e0, la decorazione, l'imballaggio e l'elettronica. \u00c8 in grado di stampare prodotti realizzati in vari materiali, come piastrelle, vetro, acrilico, pannelli di legno, metallo e pelle. Inoltre, \u00e8 in grado di fornire servizi personalizzati per soddisfare le esigenze specifiche dei clienti.<\/p>\n<p>Parametri della macchina<br \/>\nTestina di stampa: Epson I3200 4H<br \/>\nSistema di stampa: Hoson<br \/>\nDimensioni di stampa: 900mmx600mm<br \/>\nVelocit\u00e0 di stampa:<br \/>\nModalit\u00e0 20 m\/h<br \/>\nModalit\u00e0 di produzione 15m\/h<br \/>\nModalit\u00e0 standard 9 m\u00b2\/h<br \/>\nModalit\u00e0 qualit\u00e0 5 m\u00b2\/h<br \/>\nTipo di inchiostro: Inchiostro UV<br \/>\nColore: CMYK WV<br \/>\nTipo di supporto: cartone piatto, materiali per cilindri<br \/>\nAlimentazione dell'inchiostro: Alimentazione dell'inchiostro a sifone<br \/>\nManutenzione della testina di stampa: sistema di pulizia automatica degli ugelli della testina di stampa con un solo pulsante<br \/>\nSoftware Rip: Maintop PP RIIN<br \/>\nInterfaccia dati: trasmissione Gigabit con doppia porta di rete<br \/>\nModalit\u00e0 di stampa a tre stazioni:<br \/>\n1: Stazione per le piastre<br \/>\n2: Stazione a rulli<br \/>\n3: Stazione Cvlinder<\/p>\n<p>Altezza della testina di stampa Z : misurazione automatica dell'altezza dell'asse Z<br \/>\nInformazioni sulla stampante<br \/>\ntensione di lavoro: 220v AC<br \/>\nPotenza 4500W<br \/>\nambiente di lavoro :<br \/>\nTemperatura di lavoro normale: 22-28\u2103\/umidit\u00e0: 40%-60%<br \/>\nDimensione della macchina 2000MM*1420MM*1045MM<br \/>\nDimensioni dell'imballaggio 2140MM*1660MM*1160MM<\/p>","protected":false},"excerpt":{"rendered":"<p>Per i dettagli sui prodotti e le ultime quotazioni, contattate il nostro responsabile vendite<\/p>","protected":false},"featured_media":30180,"comment_status":"open","ping_status":"closed","template":"","meta":[],"product_brand":[],"product_cat":[107],"product_tag":[],"class_list":{"0":"post-30179","1":"product","2":"type-product","3":"status-publish","4":"has-post-thumbnail","6":"product_cat-with-i3200-printhead-uv-flatbed-printers","8":"first","9":"instock","10":"shipping-taxable","11":"purchasable","12":"product-type-simple"},"yoast_head":"<!-- This site is optimized with the Yoast SEO plugin v27.4 - https:\/\/yoast.com\/product\/yoast-seo-wordpress\/ -->\n<title>AMO UV Flatbed Printer AM9060UVB4i32 with 4 heads i3200 heads - Amo<\/title>\n<meta name=\"robots\" content=\"index, follow, max-snippet:-1, max-image-preview:large, max-video-preview:-1\" \/>\n<link rel=\"canonical\" href=\"https:\/\/superprintpro.com\/it\/prodotto\/amo-uv-flatbed-printer-am9060uvb4i32-with-4-heads-i3200-heads\/\" \/>\n<meta property=\"og:locale\" content=\"it_IT\" \/>\n<meta property=\"og:type\" content=\"article\" \/>\n<meta property=\"og:title\" content=\"AMO UV Flatbed Printer AM9060UVB4i32 with 4 heads i3200 heads - Amo\" \/>\n<meta property=\"og:description\" content=\"For product details and the latest quotes, please contact our sales manager\" \/>\n<meta property=\"og:url\" content=\"https:\/\/superprintpro.com\/it\/prodotto\/amo-uv-flatbed-printer-am9060uvb4i32-with-4-heads-i3200-heads\/\" \/>\n<meta property=\"og:site_name\" content=\"Amo\" \/>\n<meta property=\"og:image\" content=\"https:\/\/superprintpro.com\/wp-content\/uploads\/2025\/08\/amo-uv-flatbed-printer-am9060uvb4i32-with-4-heads-i3200-heads.jpg\" \/>\n\t<meta property=\"og:image:width\" content=\"630\" \/>\n\t<meta property=\"og:image:height\" content=\"354\" \/>\n\t<meta property=\"og:image:type\" content=\"image\/jpeg\" \/>\n<meta name=\"twitter:card\" content=\"summary_large_image\" \/>\n<meta name=\"twitter:label1\" content=\"Tempo di lettura stimato\" \/>\n\t<meta name=\"twitter:data1\" content=\"1 minuto\" \/>\n<script type=\"application\/ld+json\" class=\"yoast-schema-graph\">{\"@context\":\"https:\\\/\\\/schema.org\",\"@graph\":[{\"@type\":\"WebPage\",\"@id\":\"https:\\\/\\\/superprintpro.com\\\/product\\\/amo-uv-flatbed-printer-am9060uvb4i32-with-4-heads-i3200-heads\\\/\",\"url\":\"https:\\\/\\\/superprintpro.com\\\/product\\\/amo-uv-flatbed-printer-am9060uvb4i32-with-4-heads-i3200-heads\\\/\",\"name\":\"AMO UV Flatbed Printer AM9060UVB4i32 with 4 heads i3200 heads - Amo\",\"isPartOf\":{\"@id\":\"https:\\\/\\\/superprintpro.com\\\/#website\"},\"primaryImageOfPage\":{\"@id\":\"https:\\\/\\\/superprintpro.com\\\/product\\\/amo-uv-flatbed-printer-am9060uvb4i32-with-4-heads-i3200-heads\\\/#primaryimage\"},\"image\":{\"@id\":\"https:\\\/\\\/superprintpro.com\\\/product\\\/amo-uv-flatbed-printer-am9060uvb4i32-with-4-heads-i3200-heads\\\/#primaryimage\"},\"thumbnailUrl\":\"https:\\\/\\\/superprintpro.com\\\/wp-content\\\/uploads\\\/2025\\\/08\\\/amo-uv-flatbed-printer-am9060uvb4i32-with-4-heads-i3200-heads.jpg\",\"datePublished\":\"2025-08-18T06:58:10+00:00\",\"breadcrumb\":{\"@id\":\"https:\\\/\\\/superprintpro.com\\\/product\\\/amo-uv-flatbed-printer-am9060uvb4i32-with-4-heads-i3200-heads\\\/#breadcrumb\"},\"inLanguage\":\"it-IT\",\"potentialAction\":[{\"@type\":\"ReadAction\",\"target\":[\"https:\\\/\\\/superprintpro.com\\\/product\\\/amo-uv-flatbed-printer-am9060uvb4i32-with-4-heads-i3200-heads\\\/\"]}]},{\"@type\":\"ImageObject\",\"inLanguage\":\"it-IT\",\"@id\":\"https:\\\/\\\/superprintpro.com\\\/product\\\/amo-uv-flatbed-printer-am9060uvb4i32-with-4-heads-i3200-heads\\\/#primaryimage\",\"url\":\"https:\\\/\\\/superprintpro.com\\\/wp-content\\\/uploads\\\/2025\\\/08\\\/amo-uv-flatbed-printer-am9060uvb4i32-with-4-heads-i3200-heads.jpg\",\"contentUrl\":\"https:\\\/\\\/superprintpro.com\\\/wp-content\\\/uploads\\\/2025\\\/08\\\/amo-uv-flatbed-printer-am9060uvb4i32-with-4-heads-i3200-heads.jpg\",\"width\":630,\"height\":354,\"caption\":\"AMO UV Flatbed Printer AM9060UVB4i32 with 4 heads i3200 heads\"},{\"@type\":\"BreadcrumbList\",\"@id\":\"https:\\\/\\\/superprintpro.com\\\/product\\\/amo-uv-flatbed-printer-am9060uvb4i32-with-4-heads-i3200-heads\\\/#breadcrumb\",\"itemListElement\":[{\"@type\":\"ListItem\",\"position\":1,\"name\":\"\u9996\u9875\",\"item\":\"https:\\\/\\\/superprintpro.com\\\/\"},{\"@type\":\"ListItem\",\"position\":2,\"name\":\"Shop\",\"item\":\"https:\\\/\\\/superprintpro.com\\\/shop\\\/\"},{\"@type\":\"ListItem\",\"position\":3,\"name\":\"AMO UV Flatbed Printer AM9060UVB4i32 with 4 heads i3200 heads\"}]},{\"@type\":\"WebSite\",\"@id\":\"https:\\\/\\\/superprintpro.com\\\/#website\",\"url\":\"https:\\\/\\\/superprintpro.com\\\/\",\"name\":\"Amo\",\"description\":\"\",\"potentialAction\":[{\"@type\":\"SearchAction\",\"target\":{\"@type\":\"EntryPoint\",\"urlTemplate\":\"https:\\\/\\\/superprintpro.com\\\/?s={search_term_string}\"},\"query-input\":{\"@type\":\"PropertyValueSpecification\",\"valueRequired\":true,\"valueName\":\"search_term_string\"}}],\"inLanguage\":\"it-IT\"}]}<\/script>\n<!-- \/ Yoast SEO plugin. -->","yoast_head_json":{"title":"Stampante flatbed UV AMO AM9060UVB4i32 con 4 teste i3200 - Amo","robots":{"index":"index","follow":"follow","max-snippet":"max-snippet:-1","max-image-preview":"max-image-preview:large","max-video-preview":"max-video-preview:-1"},"canonical":"https:\/\/superprintpro.com\/it\/prodotto\/amo-uv-flatbed-printer-am9060uvb4i32-with-4-heads-i3200-heads\/","og_locale":"it_IT","og_type":"article","og_title":"AMO UV Flatbed Printer AM9060UVB4i32 with 4 heads i3200 heads - Amo","og_description":"For product details and the latest quotes, please contact our sales manager","og_url":"https:\/\/superprintpro.com\/it\/prodotto\/amo-uv-flatbed-printer-am9060uvb4i32-with-4-heads-i3200-heads\/","og_site_name":"Amo","og_image":[{"width":630,"height":354,"url":"https:\/\/superprintpro.com\/wp-content\/uploads\/2025\/08\/amo-uv-flatbed-printer-am9060uvb4i32-with-4-heads-i3200-heads.jpg","type":"image\/jpeg"}],"twitter_card":"summary_large_image","twitter_misc":{"Tempo di lettura stimato":"1 minuto"},"schema":{"@context":"https:\/\/schema.org","@graph":[{"@type":"WebPage","@id":"https:\/\/superprintpro.com\/product\/amo-uv-flatbed-printer-am9060uvb4i32-with-4-heads-i3200-heads\/","url":"https:\/\/superprintpro.com\/product\/amo-uv-flatbed-printer-am9060uvb4i32-with-4-heads-i3200-heads\/","name":"Stampante flatbed UV AMO AM9060UVB4i32 con 4 teste i3200 - Amo","isPartOf":{"@id":"https:\/\/superprintpro.com\/#website"},"primaryImageOfPage":{"@id":"https:\/\/superprintpro.com\/product\/amo-uv-flatbed-printer-am9060uvb4i32-with-4-heads-i3200-heads\/#primaryimage"},"image":{"@id":"https:\/\/superprintpro.com\/product\/amo-uv-flatbed-printer-am9060uvb4i32-with-4-heads-i3200-heads\/#primaryimage"},"thumbnailUrl":"https:\/\/superprintpro.com\/wp-content\/uploads\/2025\/08\/amo-uv-flatbed-printer-am9060uvb4i32-with-4-heads-i3200-heads.jpg","datePublished":"2025-08-18T06:58:10+00:00","breadcrumb":{"@id":"https:\/\/superprintpro.com\/product\/amo-uv-flatbed-printer-am9060uvb4i32-with-4-heads-i3200-heads\/#breadcrumb"},"inLanguage":"it-IT","potentialAction":[{"@type":"ReadAction","target":["https:\/\/superprintpro.com\/product\/amo-uv-flatbed-printer-am9060uvb4i32-with-4-heads-i3200-heads\/"]}]},{"@type":"ImageObject","inLanguage":"it-IT","@id":"https:\/\/superprintpro.com\/product\/amo-uv-flatbed-printer-am9060uvb4i32-with-4-heads-i3200-heads\/#primaryimage","url":"https:\/\/superprintpro.com\/wp-content\/uploads\/2025\/08\/amo-uv-flatbed-printer-am9060uvb4i32-with-4-heads-i3200-heads.jpg","contentUrl":"https:\/\/superprintpro.com\/wp-content\/uploads\/2025\/08\/amo-uv-flatbed-printer-am9060uvb4i32-with-4-heads-i3200-heads.jpg","width":630,"height":354,"caption":"AMO UV Flatbed Printer AM9060UVB4i32 with 4 heads i3200 heads"},{"@type":"BreadcrumbList","@id":"https:\/\/superprintpro.com\/product\/amo-uv-flatbed-printer-am9060uvb4i32-with-4-heads-i3200-heads\/#breadcrumb","itemListElement":[{"@type":"ListItem","position":1,"name":"\u9996\u9875","item":"https:\/\/superprintpro.com\/"},{"@type":"ListItem","position":2,"name":"Shop","item":"https:\/\/superprintpro.com\/shop\/"},{"@type":"ListItem","position":3,"name":"AMO UV Flatbed Printer AM9060UVB4i32 with 4 heads i3200 heads"}]},{"@type":"WebSite","@id":"https:\/\/superprintpro.com\/#website","url":"https:\/\/superprintpro.com\/","name":"Amo","description":"","potentialAction":[{"@type":"SearchAction","target":{"@type":"EntryPoint","urlTemplate":"https:\/\/superprintpro.com\/?s={search_term_string}"},"query-input":{"@type":"PropertyValueSpecification","valueRequired":true,"valueName":"search_term_string"}}],"inLanguage":"it-IT"}]}},"_links":{"self":[{"href":"https:\/\/superprintpro.com\/it\/wp-json\/wp\/v2\/product\/30179","targetHints":{"allow":["GET"]}}],"collection":[{"href":"https:\/\/superprintpro.com\/it\/wp-json\/wp\/v2\/product"}],"about":[{"href":"https:\/\/superprintpro.com\/it\/wp-json\/wp\/v2\/types\/product"}],"replies":[{"embeddable":true,"href":"https:\/\/superprintpro.com\/it\/wp-json\/wp\/v2\/comments?post=30179"}],"version-history":[{"count":1,"href":"https:\/\/superprintpro.com\/it\/wp-json\/wp\/v2\/product\/30179\/revisions"}],"predecessor-version":[{"id":30181,"href":"https:\/\/superprintpro.com\/it\/wp-json\/wp\/v2\/product\/30179\/revisions\/30181"}],"wp:featuredmedia":[{"embeddable":true,"href":"https:\/\/superprintpro.com\/it\/wp-json\/wp\/v2\/media\/30180"}],"wp:attachment":[{"href":"https:\/\/superprintpro.com\/it\/wp-json\/wp\/v2\/media?parent=30179"}],"wp:term":[{"taxonomy":"product_brand","embeddable":true,"href":"https:\/\/superprintpro.com\/it\/wp-json\/wp\/v2\/product_brand?post=30179"},{"taxonomy":"product_cat","embeddable":true,"href":"https:\/\/superprintpro.com\/it\/wp-json\/wp\/v2\/product_cat?post=30179"},{"taxonomy":"product_tag","embeddable":true,"href":"https:\/\/superprintpro.com\/it\/wp-json\/wp\/v2\/product_tag?post=30179"}],"curies":[{"name":"wp","href":"https:\/\/api.w.org\/{rel}","templated":true}]}}