{"id":30083,"date":"2025-08-18T09:21:35","date_gmt":"2025-08-18T01:21:35","guid":{"rendered":"https:\/\/superprintpro.com\/?post_type=product&#038;p=30083"},"modified":"2025-08-18T09:26:04","modified_gmt":"2025-08-18T01:26:04","slug":"amo-uv-dtf-inkjet-printer-am604i16-uvdtf-with-4-heads-i1600","status":"publish","type":"product","link":"https:\/\/superprintpro.com\/it\/prodotto\/amo-uv-dtf-inkjet-printer-am604i16-uvdtf-with-4-heads-i1600\/","title":{"rendered":"Stampante a getto d'inchiostro AMO UV-DTF AM604i16-UVDTF con 4 testine i1600"},"content":{"rendered":"<p>Stampante a getto d'inchiostro AMO UV-DTF Nome del modello AM604i16-UVDTF<br \/>\nLa stampante UV-DTF pu\u00f2 stampare con l'inchiostro UV sulla pellicola adesiva A rivestita di colla. Durante il processo di stampa, la pellicola A viene laminata con una pellicola B, che \u00e8 la pellicola di trasferimento. Infine, questa pellicola di trasferimento B pu\u00f2 trasferire l'immagine su qualsiasi superficie dura direttamente senza processo di riscaldamento. Questo processo \u00e8 abbastanza veloce, facile e semplice, e lo rende cos\u00ec popolare nel settore delle insegne e della pubblicit\u00e0. Poich\u00e9 pu\u00f2 essere applicato a quasi tutte le superfici dure e lisce, come bottiglie di vetro, tazze, materiale acrilico, materiale ceramico, plastica, carta, legno, pietra, ecc., qualsiasi superficie liscia, piatta o rotonda, funziona bene con il trasferimento rapido dell'immagine senza alcun processo di trasferimento termico. L'immagine di UV-DTF \u00e8 di elevata nitidezza e durata.  Questo far\u00e0 s\u00ec che la vostra attivit\u00e0 di cartellonistica cresca rapidamente in quelle aree in cui i vostri clienti hanno bisogno di<\/p>\n<p>Parametri della macchina<\/p>\n<p>Informazioni sulla testina: I1600-U1 4H (Versione UV I1600 a 4 teste)<br \/>\nLarghezza di stampa: 650 mm (la larghezza di stampa pu\u00f2 raggiungere un massimo di 700 mm senza la guida di scorrimento della carta)<br \/>\nSistema di circuiti stampati: Hoson<br \/>\nModalit\u00e0 di connessione: Connessione Internet Gigabit<br \/>\nConfigurazione dell'inchiostro :<br \/>\nClassico: W+C+V (4 colori: bianco+colori+vernice)<br \/>\nVelocit\u00e0 di stampa:<br \/>\n4pass 6 m\u00b2\/h<br \/>\n6pass 4 \u33a1\u00b2\/h<br \/>\n8pass 2 m\u00b2\/h<br \/>\nTipo di supporto:<br \/>\nFilm di trasferimento A e B<br \/>\nCaratteristiche dell'apparecchiatura:<br \/>\nDispositivo antiurto<br \/>\nBox di raffreddamento ad acqua del sistema di polimerizzazione UV +Lampada UV a LED<br \/>\nRiscaldamento a rulli di gomma+barra di pressione pneumatica regolabile<br \/>\nSistema di alimentazione e scarico automatico<br \/>\nInformazioni sulla stampante:<br \/>\nTensione di lavoro: AC220V 50\/60HZ<br \/>\nPotenza: 2500W<br \/>\nambiente di lavoro:<br \/>\nTemperatura di lavoro normale: 22-28\u2103umidit\u00e0: 40%-60%<br \/>\nDimensione macchina L1780MM W900MM H1320MM<br \/>\nDimensioni dell'imballaggio2300MM (L) 880MM (W) 960MM (H)<\/p>","protected":false},"excerpt":{"rendered":"<p>Per i dettagli sui prodotti e le ultime quotazioni, contattate il nostro responsabile vendite<\/p>","protected":false},"featured_media":30084,"comment_status":"open","ping_status":"closed","template":"","meta":[],"product_brand":[],"product_cat":[123],"product_tag":[],"class_list":{"0":"post-30083","1":"product","2":"type-product","3":"status-publish","4":"has-post-thumbnail","6":"product_cat-uv-dtf-printer","8":"first","9":"instock","10":"shipping-taxable","11":"purchasable","12":"product-type-simple"},"yoast_head":"<!-- This site is optimized with the Yoast SEO plugin v26.9 - https:\/\/yoast.com\/product\/yoast-seo-wordpress\/ -->\n<title>AMO UV-DTF Inkjet Printer AM604i16-UVDTF with 4 heads i1600 - Amo<\/title>\n<meta name=\"robots\" content=\"index, follow, max-snippet:-1, max-image-preview:large, max-video-preview:-1\" \/>\n<link rel=\"canonical\" href=\"https:\/\/superprintpro.com\/it\/prodotto\/amo-uv-dtf-inkjet-printer-am604i16-uvdtf-with-4-heads-i1600\/\" \/>\n<meta property=\"og:locale\" content=\"it_IT\" \/>\n<meta property=\"og:type\" content=\"article\" \/>\n<meta property=\"og:title\" content=\"AMO UV-DTF Inkjet Printer AM604i16-UVDTF with 4 heads i1600 - Amo\" \/>\n<meta property=\"og:description\" content=\"For product details and the latest quotes, please contact our sales manager\" \/>\n<meta property=\"og:url\" content=\"https:\/\/superprintpro.com\/it\/prodotto\/amo-uv-dtf-inkjet-printer-am604i16-uvdtf-with-4-heads-i1600\/\" \/>\n<meta property=\"og:site_name\" content=\"Amo\" \/>\n<meta property=\"article:modified_time\" content=\"2025-08-18T01:26:04+00:00\" \/>\n<meta property=\"og:image\" content=\"https:\/\/superprintpro.com\/wp-content\/uploads\/2025\/08\/amo-uv-dtf-inkjet-printer-am604i16-uvdtf-with-4-heads-i1600.jpg\" \/>\n\t<meta property=\"og:image:width\" content=\"500\" \/>\n\t<meta property=\"og:image:height\" content=\"281\" \/>\n\t<meta property=\"og:image:type\" content=\"image\/jpeg\" \/>\n<meta name=\"twitter:card\" content=\"summary_large_image\" \/>\n<meta name=\"twitter:label1\" content=\"Tempo di lettura stimato\" \/>\n\t<meta name=\"twitter:data1\" content=\"1 minuto\" \/>\n<script type=\"application\/ld+json\" class=\"yoast-schema-graph\">{\"@context\":\"https:\/\/schema.org\",\"@graph\":[{\"@type\":\"WebPage\",\"@id\":\"https:\/\/superprintpro.com\/product\/amo-uv-dtf-inkjet-printer-am604i16-uvdtf-with-4-heads-i1600\/\",\"url\":\"https:\/\/superprintpro.com\/product\/amo-uv-dtf-inkjet-printer-am604i16-uvdtf-with-4-heads-i1600\/\",\"name\":\"AMO UV-DTF Inkjet Printer AM604i16-UVDTF with 4 heads i1600 - Amo\",\"isPartOf\":{\"@id\":\"https:\/\/superprintpro.com\/#website\"},\"primaryImageOfPage\":{\"@id\":\"https:\/\/superprintpro.com\/product\/amo-uv-dtf-inkjet-printer-am604i16-uvdtf-with-4-heads-i1600\/#primaryimage\"},\"image\":{\"@id\":\"https:\/\/superprintpro.com\/product\/amo-uv-dtf-inkjet-printer-am604i16-uvdtf-with-4-heads-i1600\/#primaryimage\"},\"thumbnailUrl\":\"https:\/\/superprintpro.com\/wp-content\/uploads\/2025\/08\/amo-uv-dtf-inkjet-printer-am604i16-uvdtf-with-4-heads-i1600.jpg\",\"datePublished\":\"2025-08-18T01:21:35+00:00\",\"dateModified\":\"2025-08-18T01:26:04+00:00\",\"breadcrumb\":{\"@id\":\"https:\/\/superprintpro.com\/product\/amo-uv-dtf-inkjet-printer-am604i16-uvdtf-with-4-heads-i1600\/#breadcrumb\"},\"inLanguage\":\"it-IT\",\"potentialAction\":[{\"@type\":\"ReadAction\",\"target\":[\"https:\/\/superprintpro.com\/product\/amo-uv-dtf-inkjet-printer-am604i16-uvdtf-with-4-heads-i1600\/\"]}]},{\"@type\":\"ImageObject\",\"inLanguage\":\"it-IT\",\"@id\":\"https:\/\/superprintpro.com\/product\/amo-uv-dtf-inkjet-printer-am604i16-uvdtf-with-4-heads-i1600\/#primaryimage\",\"url\":\"https:\/\/superprintpro.com\/wp-content\/uploads\/2025\/08\/amo-uv-dtf-inkjet-printer-am604i16-uvdtf-with-4-heads-i1600.jpg\",\"contentUrl\":\"https:\/\/superprintpro.com\/wp-content\/uploads\/2025\/08\/amo-uv-dtf-inkjet-printer-am604i16-uvdtf-with-4-heads-i1600.jpg\",\"width\":500,\"height\":281,\"caption\":\"AMO UV-DTF Inkjet Printer AM604i16-UVDTF with 4 heads i1600\"},{\"@type\":\"BreadcrumbList\",\"@id\":\"https:\/\/superprintpro.com\/product\/amo-uv-dtf-inkjet-printer-am604i16-uvdtf-with-4-heads-i1600\/#breadcrumb\",\"itemListElement\":[{\"@type\":\"ListItem\",\"position\":1,\"name\":\"\u9996\u9875\",\"item\":\"https:\/\/superprintpro.com\/\"},{\"@type\":\"ListItem\",\"position\":2,\"name\":\"Shop\",\"item\":\"https:\/\/superprintpro.com\/shop\/\"},{\"@type\":\"ListItem\",\"position\":3,\"name\":\"AMO UV-DTF Inkjet Printer AM604i16-UVDTF with 4 heads i1600\"}]},{\"@type\":\"WebSite\",\"@id\":\"https:\/\/superprintpro.com\/#website\",\"url\":\"https:\/\/superprintpro.com\/\",\"name\":\"Amo\",\"description\":\"\",\"potentialAction\":[{\"@type\":\"SearchAction\",\"target\":{\"@type\":\"EntryPoint\",\"urlTemplate\":\"https:\/\/superprintpro.com\/?s={search_term_string}\"},\"query-input\":{\"@type\":\"PropertyValueSpecification\",\"valueRequired\":true,\"valueName\":\"search_term_string\"}}],\"inLanguage\":\"it-IT\"}]}<\/script>\n<!-- \/ Yoast SEO plugin. -->","yoast_head_json":{"title":"Stampante a getto d'inchiostro AMO UV-DTF AM604i16-UVDTF con 4 testine i1600 - Amo","robots":{"index":"index","follow":"follow","max-snippet":"max-snippet:-1","max-image-preview":"max-image-preview:large","max-video-preview":"max-video-preview:-1"},"canonical":"https:\/\/superprintpro.com\/it\/prodotto\/amo-uv-dtf-inkjet-printer-am604i16-uvdtf-with-4-heads-i1600\/","og_locale":"it_IT","og_type":"article","og_title":"AMO UV-DTF Inkjet Printer AM604i16-UVDTF with 4 heads i1600 - Amo","og_description":"For product details and the latest quotes, please contact our sales manager","og_url":"https:\/\/superprintpro.com\/it\/prodotto\/amo-uv-dtf-inkjet-printer-am604i16-uvdtf-with-4-heads-i1600\/","og_site_name":"Amo","article_modified_time":"2025-08-18T01:26:04+00:00","og_image":[{"width":500,"height":281,"url":"https:\/\/superprintpro.com\/wp-content\/uploads\/2025\/08\/amo-uv-dtf-inkjet-printer-am604i16-uvdtf-with-4-heads-i1600.jpg","type":"image\/jpeg"}],"twitter_card":"summary_large_image","twitter_misc":{"Tempo di lettura stimato":"1 minuto"},"schema":{"@context":"https:\/\/schema.org","@graph":[{"@type":"WebPage","@id":"https:\/\/superprintpro.com\/product\/amo-uv-dtf-inkjet-printer-am604i16-uvdtf-with-4-heads-i1600\/","url":"https:\/\/superprintpro.com\/product\/amo-uv-dtf-inkjet-printer-am604i16-uvdtf-with-4-heads-i1600\/","name":"Stampante a getto d'inchiostro AMO UV-DTF AM604i16-UVDTF con 4 testine i1600 - Amo","isPartOf":{"@id":"https:\/\/superprintpro.com\/#website"},"primaryImageOfPage":{"@id":"https:\/\/superprintpro.com\/product\/amo-uv-dtf-inkjet-printer-am604i16-uvdtf-with-4-heads-i1600\/#primaryimage"},"image":{"@id":"https:\/\/superprintpro.com\/product\/amo-uv-dtf-inkjet-printer-am604i16-uvdtf-with-4-heads-i1600\/#primaryimage"},"thumbnailUrl":"https:\/\/superprintpro.com\/wp-content\/uploads\/2025\/08\/amo-uv-dtf-inkjet-printer-am604i16-uvdtf-with-4-heads-i1600.jpg","datePublished":"2025-08-18T01:21:35+00:00","dateModified":"2025-08-18T01:26:04+00:00","breadcrumb":{"@id":"https:\/\/superprintpro.com\/product\/amo-uv-dtf-inkjet-printer-am604i16-uvdtf-with-4-heads-i1600\/#breadcrumb"},"inLanguage":"it-IT","potentialAction":[{"@type":"ReadAction","target":["https:\/\/superprintpro.com\/product\/amo-uv-dtf-inkjet-printer-am604i16-uvdtf-with-4-heads-i1600\/"]}]},{"@type":"ImageObject","inLanguage":"it-IT","@id":"https:\/\/superprintpro.com\/product\/amo-uv-dtf-inkjet-printer-am604i16-uvdtf-with-4-heads-i1600\/#primaryimage","url":"https:\/\/superprintpro.com\/wp-content\/uploads\/2025\/08\/amo-uv-dtf-inkjet-printer-am604i16-uvdtf-with-4-heads-i1600.jpg","contentUrl":"https:\/\/superprintpro.com\/wp-content\/uploads\/2025\/08\/amo-uv-dtf-inkjet-printer-am604i16-uvdtf-with-4-heads-i1600.jpg","width":500,"height":281,"caption":"AMO UV-DTF Inkjet Printer AM604i16-UVDTF with 4 heads i1600"},{"@type":"BreadcrumbList","@id":"https:\/\/superprintpro.com\/product\/amo-uv-dtf-inkjet-printer-am604i16-uvdtf-with-4-heads-i1600\/#breadcrumb","itemListElement":[{"@type":"ListItem","position":1,"name":"\u9996\u9875","item":"https:\/\/superprintpro.com\/"},{"@type":"ListItem","position":2,"name":"Shop","item":"https:\/\/superprintpro.com\/shop\/"},{"@type":"ListItem","position":3,"name":"AMO UV-DTF Inkjet Printer AM604i16-UVDTF with 4 heads i1600"}]},{"@type":"WebSite","@id":"https:\/\/superprintpro.com\/#website","url":"https:\/\/superprintpro.com\/","name":"Amo","description":"","potentialAction":[{"@type":"SearchAction","target":{"@type":"EntryPoint","urlTemplate":"https:\/\/superprintpro.com\/?s={search_term_string}"},"query-input":{"@type":"PropertyValueSpecification","valueRequired":true,"valueName":"search_term_string"}}],"inLanguage":"it-IT"}]}},"_links":{"self":[{"href":"https:\/\/superprintpro.com\/it\/wp-json\/wp\/v2\/product\/30083","targetHints":{"allow":["GET"]}}],"collection":[{"href":"https:\/\/superprintpro.com\/it\/wp-json\/wp\/v2\/product"}],"about":[{"href":"https:\/\/superprintpro.com\/it\/wp-json\/wp\/v2\/types\/product"}],"replies":[{"embeddable":true,"href":"https:\/\/superprintpro.com\/it\/wp-json\/wp\/v2\/comments?post=30083"}],"version-history":[{"count":1,"href":"https:\/\/superprintpro.com\/it\/wp-json\/wp\/v2\/product\/30083\/revisions"}],"predecessor-version":[{"id":30085,"href":"https:\/\/superprintpro.com\/it\/wp-json\/wp\/v2\/product\/30083\/revisions\/30085"}],"wp:featuredmedia":[{"embeddable":true,"href":"https:\/\/superprintpro.com\/it\/wp-json\/wp\/v2\/media\/30084"}],"wp:attachment":[{"href":"https:\/\/superprintpro.com\/it\/wp-json\/wp\/v2\/media?parent=30083"}],"wp:term":[{"taxonomy":"product_brand","embeddable":true,"href":"https:\/\/superprintpro.com\/it\/wp-json\/wp\/v2\/product_brand?post=30083"},{"taxonomy":"product_cat","embeddable":true,"href":"https:\/\/superprintpro.com\/it\/wp-json\/wp\/v2\/product_cat?post=30083"},{"taxonomy":"product_tag","embeddable":true,"href":"https:\/\/superprintpro.com\/it\/wp-json\/wp\/v2\/product_tag?post=30083"}],"curies":[{"name":"wp","href":"https:\/\/api.w.org\/{rel}","templated":true}]}}