{"id":30059,"date":"2025-08-17T19:57:03","date_gmt":"2025-08-17T11:57:03","guid":{"rendered":"https:\/\/superprintpro.com\/?post_type=product&#038;p=30059"},"modified":"2025-08-17T19:57:03","modified_gmt":"2025-08-17T11:57:03","slug":"dtf-printer-am602xpdtf-with-2-epson-xp600-printhead","status":"publish","type":"product","link":"https:\/\/superprintpro.com\/it\/prodotto\/dtf-printer-am602xpdtf-with-2-epson-xp600-printhead\/","title":{"rendered":"Stampante DTF AM602XPDTF con 2 testine di stampa Epson xp600"},"content":{"rendered":"<p>Stampante a getto d'inchiostro AMO DTF con sistema a polvere<\/p>\n<p>Stampante DTF AM602XPDTF con 2 testine di stampa Epson xp600<\/p>\n<p>La stampante DTF \u00e8 ampiamente utilizzata nella produzione di magliette, borse di tela, felpe e cuscini. Inoltre, \u00e8 adatta al commercio elettronico e ai settori culturali e creativi personalizzati, nonch\u00e9 alle vendite delle imprese di abbigliamento, in grado di rispondere rapidamente a piccoli ordini e di soddisfare la domanda di personalizzazione e di risposta rapida del mercato. \u00c8 un dispositivo di stampa efficiente, conveniente e personalizzato, con un'ampia gamma di prospettive di applicazione e di potenziale di mercato.<\/p>\n<p>Parametri della macchina<br \/>\nInformazioni sulla testina XP600-2H(W+C)\uff08 2 testine XP600, 1 testina per inchiostro bianco, 1 testina per colori cmyk)<br \/>\nLarghezza di stampa 600MM<br \/>\nSistema a circuito stampato HOSON(LAN)<br \/>\nVelocit\u00e0 di stampa:<br \/>\n3pass 17 m\u00b2\/h<br \/>\n4pass 14 m\u00b2\/h<br \/>\n6pass 8 m\u00b2\/h<br \/>\n8pass 6 m\u00b2\/h<br \/>\nInformazioni sulla stampante:<br \/>\ntensione di lavoro AC220V 50\/60HZ<br \/>\nPotenza 2500W<br \/>\nambiente di lavoro<br \/>\nTemperatura di lavoro normale: 22-28\u2103<br \/>\nhumidity:40%-60%<br \/>\nDimensioni della macchina L1720MM W830MM H1600MM<br \/>\nDimensioni dell'imballaggio 2000MM (L) 810MM (W) 640MM (H)<\/p>","protected":false},"excerpt":{"rendered":"<p>Per i dettagli sui prodotti e le ultime quotazioni, contattate il nostro responsabile vendite<\/p>","protected":false},"featured_media":30060,"comment_status":"open","ping_status":"closed","template":"","meta":[],"product_brand":[],"product_cat":[122],"product_tag":[],"class_list":{"0":"post-30059","1":"product","2":"type-product","3":"status-publish","4":"has-post-thumbnail","6":"product_cat-dtf-printer-dtf-printer","8":"first","9":"instock","10":"shipping-taxable","11":"purchasable","12":"product-type-simple"},"yoast_head":"<!-- This site is optimized with the Yoast SEO plugin v26.9 - https:\/\/yoast.com\/product\/yoast-seo-wordpress\/ -->\n<title>DTF Printer AM602XPDTF with 2 Epson xp600 printhead - Amo<\/title>\n<meta name=\"robots\" content=\"index, follow, max-snippet:-1, max-image-preview:large, max-video-preview:-1\" \/>\n<link rel=\"canonical\" href=\"https:\/\/superprintpro.com\/it\/prodotto\/dtf-printer-am602xpdtf-with-2-epson-xp600-printhead\/\" \/>\n<meta property=\"og:locale\" content=\"it_IT\" \/>\n<meta property=\"og:type\" content=\"article\" \/>\n<meta property=\"og:title\" content=\"DTF Printer AM602XPDTF with 2 Epson xp600 printhead - Amo\" \/>\n<meta property=\"og:description\" content=\"For product details and the latest quotes, please contact our sales manager\" \/>\n<meta property=\"og:url\" content=\"https:\/\/superprintpro.com\/it\/prodotto\/dtf-printer-am602xpdtf-with-2-epson-xp600-printhead\/\" \/>\n<meta property=\"og:site_name\" content=\"Amo\" \/>\n<meta property=\"og:image\" content=\"https:\/\/superprintpro.com\/wp-content\/uploads\/2025\/08\/dtf-printer-am602xpdtf-with-2-epson-xp600-printhead.jpg\" \/>\n\t<meta property=\"og:image:width\" content=\"818\" \/>\n\t<meta property=\"og:image:height\" content=\"460\" \/>\n\t<meta property=\"og:image:type\" content=\"image\/jpeg\" \/>\n<meta name=\"twitter:card\" content=\"summary_large_image\" \/>\n<meta name=\"twitter:label1\" content=\"Tempo di lettura stimato\" \/>\n\t<meta name=\"twitter:data1\" content=\"1 minuto\" \/>\n<script type=\"application\/ld+json\" class=\"yoast-schema-graph\">{\"@context\":\"https:\/\/schema.org\",\"@graph\":[{\"@type\":\"WebPage\",\"@id\":\"https:\/\/superprintpro.com\/product\/dtf-printer-am602xpdtf-with-2-epson-xp600-printhead\/\",\"url\":\"https:\/\/superprintpro.com\/product\/dtf-printer-am602xpdtf-with-2-epson-xp600-printhead\/\",\"name\":\"DTF Printer AM602XPDTF with 2 Epson xp600 printhead - Amo\",\"isPartOf\":{\"@id\":\"https:\/\/superprintpro.com\/#website\"},\"primaryImageOfPage\":{\"@id\":\"https:\/\/superprintpro.com\/product\/dtf-printer-am602xpdtf-with-2-epson-xp600-printhead\/#primaryimage\"},\"image\":{\"@id\":\"https:\/\/superprintpro.com\/product\/dtf-printer-am602xpdtf-with-2-epson-xp600-printhead\/#primaryimage\"},\"thumbnailUrl\":\"https:\/\/superprintpro.com\/wp-content\/uploads\/2025\/08\/dtf-printer-am602xpdtf-with-2-epson-xp600-printhead.jpg\",\"datePublished\":\"2025-08-17T11:57:03+00:00\",\"breadcrumb\":{\"@id\":\"https:\/\/superprintpro.com\/product\/dtf-printer-am602xpdtf-with-2-epson-xp600-printhead\/#breadcrumb\"},\"inLanguage\":\"it-IT\",\"potentialAction\":[{\"@type\":\"ReadAction\",\"target\":[\"https:\/\/superprintpro.com\/product\/dtf-printer-am602xpdtf-with-2-epson-xp600-printhead\/\"]}]},{\"@type\":\"ImageObject\",\"inLanguage\":\"it-IT\",\"@id\":\"https:\/\/superprintpro.com\/product\/dtf-printer-am602xpdtf-with-2-epson-xp600-printhead\/#primaryimage\",\"url\":\"https:\/\/superprintpro.com\/wp-content\/uploads\/2025\/08\/dtf-printer-am602xpdtf-with-2-epson-xp600-printhead.jpg\",\"contentUrl\":\"https:\/\/superprintpro.com\/wp-content\/uploads\/2025\/08\/dtf-printer-am602xpdtf-with-2-epson-xp600-printhead.jpg\",\"width\":818,\"height\":460,\"caption\":\"DTF Printer AM602XPDTF with 2 Epson xp600 printhead\"},{\"@type\":\"BreadcrumbList\",\"@id\":\"https:\/\/superprintpro.com\/product\/dtf-printer-am602xpdtf-with-2-epson-xp600-printhead\/#breadcrumb\",\"itemListElement\":[{\"@type\":\"ListItem\",\"position\":1,\"name\":\"\u9996\u9875\",\"item\":\"https:\/\/superprintpro.com\/\"},{\"@type\":\"ListItem\",\"position\":2,\"name\":\"Shop\",\"item\":\"https:\/\/superprintpro.com\/shop\/\"},{\"@type\":\"ListItem\",\"position\":3,\"name\":\"DTF Printer AM602XPDTF with 2 Epson xp600 printhead\"}]},{\"@type\":\"WebSite\",\"@id\":\"https:\/\/superprintpro.com\/#website\",\"url\":\"https:\/\/superprintpro.com\/\",\"name\":\"Amo\",\"description\":\"\",\"potentialAction\":[{\"@type\":\"SearchAction\",\"target\":{\"@type\":\"EntryPoint\",\"urlTemplate\":\"https:\/\/superprintpro.com\/?s={search_term_string}\"},\"query-input\":{\"@type\":\"PropertyValueSpecification\",\"valueRequired\":true,\"valueName\":\"search_term_string\"}}],\"inLanguage\":\"it-IT\"}]}<\/script>\n<!-- \/ Yoast SEO plugin. -->","yoast_head_json":{"title":"Stampante DTF AM602XPDTF con 2 testine di stampa Epson xp600 - Amo","robots":{"index":"index","follow":"follow","max-snippet":"max-snippet:-1","max-image-preview":"max-image-preview:large","max-video-preview":"max-video-preview:-1"},"canonical":"https:\/\/superprintpro.com\/it\/prodotto\/dtf-printer-am602xpdtf-with-2-epson-xp600-printhead\/","og_locale":"it_IT","og_type":"article","og_title":"DTF Printer AM602XPDTF with 2 Epson xp600 printhead - Amo","og_description":"For product details and the latest quotes, please contact our sales manager","og_url":"https:\/\/superprintpro.com\/it\/prodotto\/dtf-printer-am602xpdtf-with-2-epson-xp600-printhead\/","og_site_name":"Amo","og_image":[{"width":818,"height":460,"url":"https:\/\/superprintpro.com\/wp-content\/uploads\/2025\/08\/dtf-printer-am602xpdtf-with-2-epson-xp600-printhead.jpg","type":"image\/jpeg"}],"twitter_card":"summary_large_image","twitter_misc":{"Tempo di lettura stimato":"1 minuto"},"schema":{"@context":"https:\/\/schema.org","@graph":[{"@type":"WebPage","@id":"https:\/\/superprintpro.com\/product\/dtf-printer-am602xpdtf-with-2-epson-xp600-printhead\/","url":"https:\/\/superprintpro.com\/product\/dtf-printer-am602xpdtf-with-2-epson-xp600-printhead\/","name":"Stampante DTF AM602XPDTF con 2 testine di stampa Epson xp600 - Amo","isPartOf":{"@id":"https:\/\/superprintpro.com\/#website"},"primaryImageOfPage":{"@id":"https:\/\/superprintpro.com\/product\/dtf-printer-am602xpdtf-with-2-epson-xp600-printhead\/#primaryimage"},"image":{"@id":"https:\/\/superprintpro.com\/product\/dtf-printer-am602xpdtf-with-2-epson-xp600-printhead\/#primaryimage"},"thumbnailUrl":"https:\/\/superprintpro.com\/wp-content\/uploads\/2025\/08\/dtf-printer-am602xpdtf-with-2-epson-xp600-printhead.jpg","datePublished":"2025-08-17T11:57:03+00:00","breadcrumb":{"@id":"https:\/\/superprintpro.com\/product\/dtf-printer-am602xpdtf-with-2-epson-xp600-printhead\/#breadcrumb"},"inLanguage":"it-IT","potentialAction":[{"@type":"ReadAction","target":["https:\/\/superprintpro.com\/product\/dtf-printer-am602xpdtf-with-2-epson-xp600-printhead\/"]}]},{"@type":"ImageObject","inLanguage":"it-IT","@id":"https:\/\/superprintpro.com\/product\/dtf-printer-am602xpdtf-with-2-epson-xp600-printhead\/#primaryimage","url":"https:\/\/superprintpro.com\/wp-content\/uploads\/2025\/08\/dtf-printer-am602xpdtf-with-2-epson-xp600-printhead.jpg","contentUrl":"https:\/\/superprintpro.com\/wp-content\/uploads\/2025\/08\/dtf-printer-am602xpdtf-with-2-epson-xp600-printhead.jpg","width":818,"height":460,"caption":"DTF Printer AM602XPDTF with 2 Epson xp600 printhead"},{"@type":"BreadcrumbList","@id":"https:\/\/superprintpro.com\/product\/dtf-printer-am602xpdtf-with-2-epson-xp600-printhead\/#breadcrumb","itemListElement":[{"@type":"ListItem","position":1,"name":"\u9996\u9875","item":"https:\/\/superprintpro.com\/"},{"@type":"ListItem","position":2,"name":"Shop","item":"https:\/\/superprintpro.com\/shop\/"},{"@type":"ListItem","position":3,"name":"DTF Printer AM602XPDTF with 2 Epson xp600 printhead"}]},{"@type":"WebSite","@id":"https:\/\/superprintpro.com\/#website","url":"https:\/\/superprintpro.com\/","name":"Amo","description":"","potentialAction":[{"@type":"SearchAction","target":{"@type":"EntryPoint","urlTemplate":"https:\/\/superprintpro.com\/?s={search_term_string}"},"query-input":{"@type":"PropertyValueSpecification","valueRequired":true,"valueName":"search_term_string"}}],"inLanguage":"it-IT"}]}},"_links":{"self":[{"href":"https:\/\/superprintpro.com\/it\/wp-json\/wp\/v2\/product\/30059","targetHints":{"allow":["GET"]}}],"collection":[{"href":"https:\/\/superprintpro.com\/it\/wp-json\/wp\/v2\/product"}],"about":[{"href":"https:\/\/superprintpro.com\/it\/wp-json\/wp\/v2\/types\/product"}],"replies":[{"embeddable":true,"href":"https:\/\/superprintpro.com\/it\/wp-json\/wp\/v2\/comments?post=30059"}],"version-history":[{"count":1,"href":"https:\/\/superprintpro.com\/it\/wp-json\/wp\/v2\/product\/30059\/revisions"}],"predecessor-version":[{"id":30061,"href":"https:\/\/superprintpro.com\/it\/wp-json\/wp\/v2\/product\/30059\/revisions\/30061"}],"wp:featuredmedia":[{"embeddable":true,"href":"https:\/\/superprintpro.com\/it\/wp-json\/wp\/v2\/media\/30060"}],"wp:attachment":[{"href":"https:\/\/superprintpro.com\/it\/wp-json\/wp\/v2\/media?parent=30059"}],"wp:term":[{"taxonomy":"product_brand","embeddable":true,"href":"https:\/\/superprintpro.com\/it\/wp-json\/wp\/v2\/product_brand?post=30059"},{"taxonomy":"product_cat","embeddable":true,"href":"https:\/\/superprintpro.com\/it\/wp-json\/wp\/v2\/product_cat?post=30059"},{"taxonomy":"product_tag","embeddable":true,"href":"https:\/\/superprintpro.com\/it\/wp-json\/wp\/v2\/product_tag?post=30059"}],"curies":[{"name":"wp","href":"https:\/\/api.w.org\/{rel}","templated":true}]}}