{"id":29339,"date":"2025-08-09T05:39:26","date_gmt":"2025-08-09T05:39:26","guid":{"rendered":"https:\/\/superprintpro.com\/?post_type=product&#038;p=29339"},"modified":"2025-08-16T15:05:18","modified_gmt":"2025-08-16T07:05:18","slug":"kit-i1600-for-upgrading-chinese-inkjet-printer-with-2-pieces-i1600-printheads-roll-to-roll-style","status":"publish","type":"product","link":"https:\/\/superprintpro.com\/it\/prodotto\/kit-i1600-for-upgrading-chinese-inkjet-printer-with-2-pieces-i1600-printheads-roll-to-roll-style\/","title":{"rendered":"Kit i1600 per l'aggiornamento della stampante a getto d'inchiostro cinese con 2 pezzi di testine di stampa i1600 (stile roll to roll)"},"content":{"rendered":"<ul>\n<li>Kit i1600 per l'aggiornamento della stampante a getto d'inchiostro cinese con 2 pezzi di testine di stampa i1600 (stile roll to roll)<\/li>\n<li>Questo kit non funziona per le stampanti a getto d'inchiostro di mutoh, mimaki, roland, epson, ma solo per le stampanti a getto d'inchiostro cinesi come witcolor, galaxy sid triton, allwin, myjet, zhongye, Human ejet kjet, gongzheng flora, micolor, xenons, skycolor, locor ecc.<\/li>\n<li>Questo kit pu\u00f2 sostituire tutti i pezzi di ricambio della vostra vecchia stampante a getto d'inchiostro. Ci\u00f2 significa che \u00e8 possibile sbarazzarsi di tutti i vecchi pezzi di ricambio della vecchia macchina e conservare solo la parte meccanica di questa macchina per ottenere finalmente una nuova stampante.<\/li>\n<li>Il kit comprende i seguenti ricambi con spedizione DHL:<br \/>\nTestina di stampa,<br \/>\nScheda madre<br \/>\nTavola di testa,<br \/>\nAlimentazione<br \/>\nSupporto della base della testina di stampa<br \/>\nStazione di pulizia della testina di stampa<br \/>\nTutti i cavi di alimentazione e i cavi dati<br \/>\nTutti gli ammortizzatori<br \/>\nTutti i tappi<br \/>\nTutte le pompe<br \/>\nTutti i motori con i conducenti<br \/>\nTutte le pulegge<br \/>\nTutta la cinghia della puleggia<br \/>\nTutto il tubo dell'inchiostro<br \/>\nTutte le cartucce<br \/>\nTutto il software.<br \/>\nStriscia di codifica raster<br \/>\nSensore encoder raster<\/li>\n<\/ul>","protected":false},"excerpt":{"rendered":"<p>Per i dettagli sui prodotti e i prezzi pi\u00f9 recenti, contattate il nostro ufficio vendite.<\/p>","protected":false},"featured_media":30015,"comment_status":"open","ping_status":"closed","template":"","meta":[],"product_brand":[],"product_cat":[85],"product_tag":[],"class_list":{"0":"post-29339","1":"product","2":"type-product","3":"status-publish","4":"has-post-thumbnail","6":"product_cat-eco-solvent-roll-to-roll-upagrading-kit","8":"first","9":"instock","10":"shipping-taxable","11":"purchasable","12":"product-type-simple"},"yoast_head":"<!-- This site is optimized with the Yoast SEO plugin v26.9 - https:\/\/yoast.com\/product\/yoast-seo-wordpress\/ -->\n<title>Kit i1600 for Upgrading Chinese Inkjet Printer with 2 pieces i1600 printheads (roll to roll style) - Amo<\/title>\n<meta name=\"robots\" content=\"index, follow, max-snippet:-1, max-image-preview:large, max-video-preview:-1\" \/>\n<link rel=\"canonical\" href=\"https:\/\/superprintpro.com\/it\/prodotto\/kit-i1600-for-upgrading-chinese-inkjet-printer-with-2-pieces-i1600-printheads-roll-to-roll-style\/\" \/>\n<meta property=\"og:locale\" content=\"it_IT\" \/>\n<meta property=\"og:type\" content=\"article\" \/>\n<meta property=\"og:title\" content=\"Kit i1600 for Upgrading Chinese Inkjet Printer with 2 pieces i1600 printheads (roll to roll style) - Amo\" \/>\n<meta property=\"og:description\" content=\"For product details and the latest prices please contact our sales manage\" \/>\n<meta property=\"og:url\" content=\"https:\/\/superprintpro.com\/it\/prodotto\/kit-i1600-for-upgrading-chinese-inkjet-printer-with-2-pieces-i1600-printheads-roll-to-roll-style\/\" \/>\n<meta property=\"og:site_name\" content=\"Amo\" \/>\n<meta property=\"article:modified_time\" content=\"2025-08-16T07:05:18+00:00\" \/>\n<meta property=\"og:image\" content=\"https:\/\/superprintpro.com\/wp-content\/uploads\/2025\/08\/kit-i1600-for-upgrading-chinese-inkjet-printer-with-2-pieces-i1600-printheads.jpg\" \/>\n\t<meta property=\"og:image:width\" content=\"800\" \/>\n\t<meta property=\"og:image:height\" content=\"800\" \/>\n\t<meta property=\"og:image:type\" content=\"image\/jpeg\" \/>\n<meta name=\"twitter:card\" content=\"summary_large_image\" \/>\n<meta name=\"twitter:label1\" content=\"Tempo di lettura stimato\" \/>\n\t<meta name=\"twitter:data1\" content=\"1 minuto\" \/>\n<script type=\"application\/ld+json\" class=\"yoast-schema-graph\">{\"@context\":\"https:\/\/schema.org\",\"@graph\":[{\"@type\":\"WebPage\",\"@id\":\"https:\/\/superprintpro.com\/product\/kit-i1600-for-upgrading-chinese-inkjet-printer-with-2-pieces-i1600-printheads-roll-to-roll-style\/\",\"url\":\"https:\/\/superprintpro.com\/product\/kit-i1600-for-upgrading-chinese-inkjet-printer-with-2-pieces-i1600-printheads-roll-to-roll-style\/\",\"name\":\"Kit i1600 for Upgrading Chinese Inkjet Printer with 2 pieces i1600 printheads (roll to roll style) - Amo\",\"isPartOf\":{\"@id\":\"https:\/\/superprintpro.com\/#website\"},\"primaryImageOfPage\":{\"@id\":\"https:\/\/superprintpro.com\/product\/kit-i1600-for-upgrading-chinese-inkjet-printer-with-2-pieces-i1600-printheads-roll-to-roll-style\/#primaryimage\"},\"image\":{\"@id\":\"https:\/\/superprintpro.com\/product\/kit-i1600-for-upgrading-chinese-inkjet-printer-with-2-pieces-i1600-printheads-roll-to-roll-style\/#primaryimage\"},\"thumbnailUrl\":\"https:\/\/superprintpro.com\/wp-content\/uploads\/2025\/08\/kit-i1600-for-upgrading-chinese-inkjet-printer-with-2-pieces-i1600-printheads.jpg\",\"datePublished\":\"2025-08-09T05:39:26+00:00\",\"dateModified\":\"2025-08-16T07:05:18+00:00\",\"breadcrumb\":{\"@id\":\"https:\/\/superprintpro.com\/product\/kit-i1600-for-upgrading-chinese-inkjet-printer-with-2-pieces-i1600-printheads-roll-to-roll-style\/#breadcrumb\"},\"inLanguage\":\"it-IT\",\"potentialAction\":[{\"@type\":\"ReadAction\",\"target\":[\"https:\/\/superprintpro.com\/product\/kit-i1600-for-upgrading-chinese-inkjet-printer-with-2-pieces-i1600-printheads-roll-to-roll-style\/\"]}]},{\"@type\":\"ImageObject\",\"inLanguage\":\"it-IT\",\"@id\":\"https:\/\/superprintpro.com\/product\/kit-i1600-for-upgrading-chinese-inkjet-printer-with-2-pieces-i1600-printheads-roll-to-roll-style\/#primaryimage\",\"url\":\"https:\/\/superprintpro.com\/wp-content\/uploads\/2025\/08\/kit-i1600-for-upgrading-chinese-inkjet-printer-with-2-pieces-i1600-printheads.jpg\",\"contentUrl\":\"https:\/\/superprintpro.com\/wp-content\/uploads\/2025\/08\/kit-i1600-for-upgrading-chinese-inkjet-printer-with-2-pieces-i1600-printheads.jpg\",\"width\":800,\"height\":800,\"caption\":\"Kit i1600 for Upgrading Chinese Inkjet Printer with 2 pieces i1600 printheads (roll to roll style)\"},{\"@type\":\"BreadcrumbList\",\"@id\":\"https:\/\/superprintpro.com\/product\/kit-i1600-for-upgrading-chinese-inkjet-printer-with-2-pieces-i1600-printheads-roll-to-roll-style\/#breadcrumb\",\"itemListElement\":[{\"@type\":\"ListItem\",\"position\":1,\"name\":\"\u9996\u9875\",\"item\":\"https:\/\/superprintpro.com\/\"},{\"@type\":\"ListItem\",\"position\":2,\"name\":\"Shop\",\"item\":\"https:\/\/superprintpro.com\/shop\/\"},{\"@type\":\"ListItem\",\"position\":3,\"name\":\"Kit i1600 for Upgrading Chinese Inkjet Printer with 2 pieces i1600 printheads (roll to roll style)\"}]},{\"@type\":\"WebSite\",\"@id\":\"https:\/\/superprintpro.com\/#website\",\"url\":\"https:\/\/superprintpro.com\/\",\"name\":\"Amo\",\"description\":\"\",\"potentialAction\":[{\"@type\":\"SearchAction\",\"target\":{\"@type\":\"EntryPoint\",\"urlTemplate\":\"https:\/\/superprintpro.com\/?s={search_term_string}\"},\"query-input\":{\"@type\":\"PropertyValueSpecification\",\"valueRequired\":true,\"valueName\":\"search_term_string\"}}],\"inLanguage\":\"it-IT\"}]}<\/script>\n<!-- \/ Yoast SEO plugin. -->","yoast_head_json":{"title":"Kit i1600 per l'aggiornamento della stampante a getto d'inchiostro cinese con 2 pezzi di testine di stampa i1600 (stile roll to roll) - Amo","robots":{"index":"index","follow":"follow","max-snippet":"max-snippet:-1","max-image-preview":"max-image-preview:large","max-video-preview":"max-video-preview:-1"},"canonical":"https:\/\/superprintpro.com\/it\/prodotto\/kit-i1600-for-upgrading-chinese-inkjet-printer-with-2-pieces-i1600-printheads-roll-to-roll-style\/","og_locale":"it_IT","og_type":"article","og_title":"Kit i1600 for Upgrading Chinese Inkjet Printer with 2 pieces i1600 printheads (roll to roll style) - Amo","og_description":"For product details and the latest prices please contact our sales manage","og_url":"https:\/\/superprintpro.com\/it\/prodotto\/kit-i1600-for-upgrading-chinese-inkjet-printer-with-2-pieces-i1600-printheads-roll-to-roll-style\/","og_site_name":"Amo","article_modified_time":"2025-08-16T07:05:18+00:00","og_image":[{"width":800,"height":800,"url":"https:\/\/superprintpro.com\/wp-content\/uploads\/2025\/08\/kit-i1600-for-upgrading-chinese-inkjet-printer-with-2-pieces-i1600-printheads.jpg","type":"image\/jpeg"}],"twitter_card":"summary_large_image","twitter_misc":{"Tempo di lettura stimato":"1 minuto"},"schema":{"@context":"https:\/\/schema.org","@graph":[{"@type":"WebPage","@id":"https:\/\/superprintpro.com\/product\/kit-i1600-for-upgrading-chinese-inkjet-printer-with-2-pieces-i1600-printheads-roll-to-roll-style\/","url":"https:\/\/superprintpro.com\/product\/kit-i1600-for-upgrading-chinese-inkjet-printer-with-2-pieces-i1600-printheads-roll-to-roll-style\/","name":"Kit i1600 per l'aggiornamento della stampante a getto d'inchiostro cinese con 2 pezzi di testine di stampa i1600 (stile roll to roll) - Amo","isPartOf":{"@id":"https:\/\/superprintpro.com\/#website"},"primaryImageOfPage":{"@id":"https:\/\/superprintpro.com\/product\/kit-i1600-for-upgrading-chinese-inkjet-printer-with-2-pieces-i1600-printheads-roll-to-roll-style\/#primaryimage"},"image":{"@id":"https:\/\/superprintpro.com\/product\/kit-i1600-for-upgrading-chinese-inkjet-printer-with-2-pieces-i1600-printheads-roll-to-roll-style\/#primaryimage"},"thumbnailUrl":"https:\/\/superprintpro.com\/wp-content\/uploads\/2025\/08\/kit-i1600-for-upgrading-chinese-inkjet-printer-with-2-pieces-i1600-printheads.jpg","datePublished":"2025-08-09T05:39:26+00:00","dateModified":"2025-08-16T07:05:18+00:00","breadcrumb":{"@id":"https:\/\/superprintpro.com\/product\/kit-i1600-for-upgrading-chinese-inkjet-printer-with-2-pieces-i1600-printheads-roll-to-roll-style\/#breadcrumb"},"inLanguage":"it-IT","potentialAction":[{"@type":"ReadAction","target":["https:\/\/superprintpro.com\/product\/kit-i1600-for-upgrading-chinese-inkjet-printer-with-2-pieces-i1600-printheads-roll-to-roll-style\/"]}]},{"@type":"ImageObject","inLanguage":"it-IT","@id":"https:\/\/superprintpro.com\/product\/kit-i1600-for-upgrading-chinese-inkjet-printer-with-2-pieces-i1600-printheads-roll-to-roll-style\/#primaryimage","url":"https:\/\/superprintpro.com\/wp-content\/uploads\/2025\/08\/kit-i1600-for-upgrading-chinese-inkjet-printer-with-2-pieces-i1600-printheads.jpg","contentUrl":"https:\/\/superprintpro.com\/wp-content\/uploads\/2025\/08\/kit-i1600-for-upgrading-chinese-inkjet-printer-with-2-pieces-i1600-printheads.jpg","width":800,"height":800,"caption":"Kit i1600 for Upgrading Chinese Inkjet Printer with 2 pieces i1600 printheads (roll to roll style)"},{"@type":"BreadcrumbList","@id":"https:\/\/superprintpro.com\/product\/kit-i1600-for-upgrading-chinese-inkjet-printer-with-2-pieces-i1600-printheads-roll-to-roll-style\/#breadcrumb","itemListElement":[{"@type":"ListItem","position":1,"name":"\u9996\u9875","item":"https:\/\/superprintpro.com\/"},{"@type":"ListItem","position":2,"name":"Shop","item":"https:\/\/superprintpro.com\/shop\/"},{"@type":"ListItem","position":3,"name":"Kit i1600 for Upgrading Chinese Inkjet Printer with 2 pieces i1600 printheads (roll to roll style)"}]},{"@type":"WebSite","@id":"https:\/\/superprintpro.com\/#website","url":"https:\/\/superprintpro.com\/","name":"Amo","description":"","potentialAction":[{"@type":"SearchAction","target":{"@type":"EntryPoint","urlTemplate":"https:\/\/superprintpro.com\/?s={search_term_string}"},"query-input":{"@type":"PropertyValueSpecification","valueRequired":true,"valueName":"search_term_string"}}],"inLanguage":"it-IT"}]}},"_links":{"self":[{"href":"https:\/\/superprintpro.com\/it\/wp-json\/wp\/v2\/product\/29339","targetHints":{"allow":["GET"]}}],"collection":[{"href":"https:\/\/superprintpro.com\/it\/wp-json\/wp\/v2\/product"}],"about":[{"href":"https:\/\/superprintpro.com\/it\/wp-json\/wp\/v2\/types\/product"}],"replies":[{"embeddable":true,"href":"https:\/\/superprintpro.com\/it\/wp-json\/wp\/v2\/comments?post=29339"}],"version-history":[{"count":1,"href":"https:\/\/superprintpro.com\/it\/wp-json\/wp\/v2\/product\/29339\/revisions"}],"predecessor-version":[{"id":29341,"href":"https:\/\/superprintpro.com\/it\/wp-json\/wp\/v2\/product\/29339\/revisions\/29341"}],"wp:featuredmedia":[{"embeddable":true,"href":"https:\/\/superprintpro.com\/it\/wp-json\/wp\/v2\/media\/30015"}],"wp:attachment":[{"href":"https:\/\/superprintpro.com\/it\/wp-json\/wp\/v2\/media?parent=29339"}],"wp:term":[{"taxonomy":"product_brand","embeddable":true,"href":"https:\/\/superprintpro.com\/it\/wp-json\/wp\/v2\/product_brand?post=29339"},{"taxonomy":"product_cat","embeddable":true,"href":"https:\/\/superprintpro.com\/it\/wp-json\/wp\/v2\/product_cat?post=29339"},{"taxonomy":"product_tag","embeddable":true,"href":"https:\/\/superprintpro.com\/it\/wp-json\/wp\/v2\/product_tag?post=29339"}],"curies":[{"name":"wp","href":"https:\/\/api.w.org\/{rel}","templated":true}]}}