{"id":30280,"date":"2025-08-18T16:43:23","date_gmt":"2025-08-18T08:43:23","guid":{"rendered":"https:\/\/superprintpro.com\/?post_type=product&#038;p=30280"},"modified":"2025-08-18T16:43:23","modified_gmt":"2025-08-18T08:43:23","slug":"amo-hybrid-uv-inkjet-printer-am3200uvh8g6-with-8-ricoh-gen6-printhead","status":"publish","type":"product","link":"https:\/\/superprintpro.com\/fr\/produit\/amo-hybrid-uv-inkjet-printer-am3200uvh8g6-with-8-ricoh-gen6-printhead\/","title":{"rendered":"Imprimante jet d'encre UV hybride AMO AM3200UVH8G6 avec 8 t\u00eates d'impression Ricoh Gen6"},"content":{"rendered":"<p>Imprimante jet d'encre UV hybride AMO AM3200UVH8G6 avec 8 t\u00eates d'impression Ricoh Gen6.<\/p>\n<p>L'imprimante hybride combine l'imprimante UV \u00e0 plat et l'imprimante UV roll-to-roll en une seule machine, ce qui signifie qu'elle peut imprimer sur des mat\u00e9riaux souples roll-to-roll et sur des panneaux durs \u00e0 plat.<\/p>\n<p>1. Largeur d'impression 3,2 m\u00e8tres ; avec t\u00eate d'impression jet d'encre haute vitesse Gen6 de Ricoh, technologie de goutte d'encre variable ;<br \/>\n2. Double rail de guidage lin\u00e9aire de haute pr\u00e9cision + double moteur servo AC ;<br \/>\n3. Logiciel professionnel de gestion des couleurs, avec fonction de vieillissement des couleurs de la t\u00eate d'impression, fonction d'\u00e9conomie d'encre\/de composition intelligente, restauration des couleurs plus \u00e9lev\u00e9e (quatre couleurs peuvent restaurer la couleur \"or\/argent\") ;<br \/>\n4. conception brevet\u00e9e d'un syst\u00e8me anti-collision tr\u00e8s sensible de la t\u00eate d'arrosage ; lampe UV de refroidissement de l'eau \u00e0 LED ;<br \/>\n5. double expansion d'air arbre de rouleau + double tension syst\u00e8me de roulement de haut en bas, pas de d\u00e9viation ni de plis avec une grande vitesse de d\u00e9placement, plus grande pr\u00e9cision d'\u00e9chelon ;<br \/>\n6. l'\u00e9liminateur \u00e9lectrostatique \u00e0 haute puissance peut \u00e9liminer efficacement les probl\u00e8mes tels que l'encre volante et le flou caus\u00e9s par l'\u00e9lectricit\u00e9 statique des mat\u00e9riaux ;<br \/>\n7. La plate-forme d'impression a la fonction d'adsorption ind\u00e9pendante segment\u00e9e et de r\u00e9glage ind\u00e9pendant de la taille d'adsorption. Gr\u00e2ce \u00e0 son puissant ventilateur \u00e0 turbine silencieux, elle peut s'adapter \u00e0 l'adsorption de divers mat\u00e9riaux de diff\u00e9rentes \u00e9paisseurs et travailler pour diff\u00e9rents mat\u00e9riaux complexes.<\/p>\n<p>Largeur d'impression maximale : 3200 mm<br \/>\nT\u00eate d'impression : 8 t\u00eates d'impression Ricoh Gen6<br \/>\nVitesse d'impression de la t\u00eate d'impression \u00e0 quatre rangs<br \/>\nLumi\u00e8re ext\u00e9rieure : 35-260m\u00b2\/h<br \/>\nEclairage int\u00e9rieur : 190-135m\u00b2\/h<br \/>\nC+W+C:33-66m\u00b2\/h<\/p>\n<p>Solution d'application Film souple\/banni\u00e8re flexible\/banni\u00e8re flexible enduite\/pi\u00e8ce de lampe\/\u00e9lectrostatique transparente<br \/>\nfilm\/toile\/cuir\/textile (presque tous les mat\u00e9riaux souples), et mat\u00e9riaux plats comme les panneaux en PVC, les panneaux acryliques, etc.<br \/>\nPuissance AC220V\/50\/60HZ\/3800W<br \/>\nTaille de l'imprimante : L4260mm*W1750mm*H1650mm<br \/>\nTaille de l'emballage : L4310mm*W1800mm*H1700mm<br \/>\nPoids net brillant : 1500 kg\/1800 kg<\/p>","protected":false},"excerpt":{"rendered":"<p>Pour obtenir des d\u00e9tails sur les produits et les derniers devis, veuillez contacter notre responsable des ventes.<\/p>","protected":false},"featured_media":30281,"comment_status":"open","ping_status":"closed","template":"","meta":[],"product_brand":[],"product_cat":[119],"product_tag":[],"class_list":{"0":"post-30280","1":"product","2":"type-product","3":"status-publish","4":"has-post-thumbnail","6":"product_cat-with-ricoh-gen6-printheads","8":"first","9":"instock","10":"shipping-taxable","11":"purchasable","12":"product-type-simple"},"yoast_head":"<!-- This site is optimized with the Yoast SEO plugin v26.9 - https:\/\/yoast.com\/product\/yoast-seo-wordpress\/ -->\n<title>AMO Hybrid UV Inkjet Printer AM3200UVH8G6 with 8 Ricoh Gen6 printhead - Amo<\/title>\n<meta name=\"robots\" content=\"index, follow, max-snippet:-1, max-image-preview:large, max-video-preview:-1\" \/>\n<link rel=\"canonical\" href=\"https:\/\/superprintpro.com\/fr\/produit\/amo-hybrid-uv-inkjet-printer-am3200uvh8g6-with-8-ricoh-gen6-printhead\/\" \/>\n<meta property=\"og:locale\" content=\"fr_FR\" \/>\n<meta property=\"og:type\" content=\"article\" \/>\n<meta property=\"og:title\" content=\"AMO Hybrid UV Inkjet Printer AM3200UVH8G6 with 8 Ricoh Gen6 printhead - Amo\" \/>\n<meta property=\"og:description\" content=\"For product details and the latest quotes, please contact our sales manager\" \/>\n<meta property=\"og:url\" content=\"https:\/\/superprintpro.com\/fr\/produit\/amo-hybrid-uv-inkjet-printer-am3200uvh8g6-with-8-ricoh-gen6-printhead\/\" \/>\n<meta property=\"og:site_name\" content=\"Amo\" \/>\n<meta property=\"og:image\" content=\"https:\/\/superprintpro.com\/wp-content\/uploads\/2025\/08\/amo-hybrid-uv-inkjet-printer-am3200uvh8g6-with-8-ricoh-gen6-printhead.jpg\" \/>\n\t<meta property=\"og:image:width\" content=\"610\" \/>\n\t<meta property=\"og:image:height\" content=\"343\" \/>\n\t<meta property=\"og:image:type\" content=\"image\/jpeg\" \/>\n<meta name=\"twitter:card\" content=\"summary_large_image\" \/>\n<meta name=\"twitter:label1\" content=\"Dur\u00e9e de lecture estim\u00e9e\" \/>\n\t<meta name=\"twitter:data1\" content=\"1 minute\" \/>\n<script type=\"application\/ld+json\" class=\"yoast-schema-graph\">{\"@context\":\"https:\/\/schema.org\",\"@graph\":[{\"@type\":\"WebPage\",\"@id\":\"https:\/\/superprintpro.com\/product\/amo-hybrid-uv-inkjet-printer-am3200uvh8g6-with-8-ricoh-gen6-printhead\/\",\"url\":\"https:\/\/superprintpro.com\/product\/amo-hybrid-uv-inkjet-printer-am3200uvh8g6-with-8-ricoh-gen6-printhead\/\",\"name\":\"AMO Hybrid UV Inkjet Printer AM3200UVH8G6 with 8 Ricoh Gen6 printhead - Amo\",\"isPartOf\":{\"@id\":\"https:\/\/superprintpro.com\/#website\"},\"primaryImageOfPage\":{\"@id\":\"https:\/\/superprintpro.com\/product\/amo-hybrid-uv-inkjet-printer-am3200uvh8g6-with-8-ricoh-gen6-printhead\/#primaryimage\"},\"image\":{\"@id\":\"https:\/\/superprintpro.com\/product\/amo-hybrid-uv-inkjet-printer-am3200uvh8g6-with-8-ricoh-gen6-printhead\/#primaryimage\"},\"thumbnailUrl\":\"https:\/\/superprintpro.com\/wp-content\/uploads\/2025\/08\/amo-hybrid-uv-inkjet-printer-am3200uvh8g6-with-8-ricoh-gen6-printhead.jpg\",\"datePublished\":\"2025-08-18T08:43:23+00:00\",\"breadcrumb\":{\"@id\":\"https:\/\/superprintpro.com\/product\/amo-hybrid-uv-inkjet-printer-am3200uvh8g6-with-8-ricoh-gen6-printhead\/#breadcrumb\"},\"inLanguage\":\"fr-FR\",\"potentialAction\":[{\"@type\":\"ReadAction\",\"target\":[\"https:\/\/superprintpro.com\/product\/amo-hybrid-uv-inkjet-printer-am3200uvh8g6-with-8-ricoh-gen6-printhead\/\"]}]},{\"@type\":\"ImageObject\",\"inLanguage\":\"fr-FR\",\"@id\":\"https:\/\/superprintpro.com\/product\/amo-hybrid-uv-inkjet-printer-am3200uvh8g6-with-8-ricoh-gen6-printhead\/#primaryimage\",\"url\":\"https:\/\/superprintpro.com\/wp-content\/uploads\/2025\/08\/amo-hybrid-uv-inkjet-printer-am3200uvh8g6-with-8-ricoh-gen6-printhead.jpg\",\"contentUrl\":\"https:\/\/superprintpro.com\/wp-content\/uploads\/2025\/08\/amo-hybrid-uv-inkjet-printer-am3200uvh8g6-with-8-ricoh-gen6-printhead.jpg\",\"width\":610,\"height\":343,\"caption\":\"AMO Hybrid UV Inkjet Printer AM3200UVH8G6 with 8 Ricoh Gen6 printhead\"},{\"@type\":\"BreadcrumbList\",\"@id\":\"https:\/\/superprintpro.com\/product\/amo-hybrid-uv-inkjet-printer-am3200uvh8g6-with-8-ricoh-gen6-printhead\/#breadcrumb\",\"itemListElement\":[{\"@type\":\"ListItem\",\"position\":1,\"name\":\"\u9996\u9875\",\"item\":\"https:\/\/superprintpro.com\/\"},{\"@type\":\"ListItem\",\"position\":2,\"name\":\"Shop\",\"item\":\"https:\/\/superprintpro.com\/shop\/\"},{\"@type\":\"ListItem\",\"position\":3,\"name\":\"AMO Hybrid UV Inkjet Printer AM3200UVH8G6 with 8 Ricoh Gen6 printhead\"}]},{\"@type\":\"WebSite\",\"@id\":\"https:\/\/superprintpro.com\/#website\",\"url\":\"https:\/\/superprintpro.com\/\",\"name\":\"Amo\",\"description\":\"\",\"potentialAction\":[{\"@type\":\"SearchAction\",\"target\":{\"@type\":\"EntryPoint\",\"urlTemplate\":\"https:\/\/superprintpro.com\/?s={search_term_string}\"},\"query-input\":{\"@type\":\"PropertyValueSpecification\",\"valueRequired\":true,\"valueName\":\"search_term_string\"}}],\"inLanguage\":\"fr-FR\"}]}<\/script>\n<!-- \/ Yoast SEO plugin. -->","yoast_head_json":{"title":"AMO Hybrid UV Inkjet Printer AM3200UVH8G6 with 8 Ricoh Gen6 printhead - Amo","robots":{"index":"index","follow":"follow","max-snippet":"max-snippet:-1","max-image-preview":"max-image-preview:large","max-video-preview":"max-video-preview:-1"},"canonical":"https:\/\/superprintpro.com\/fr\/produit\/amo-hybrid-uv-inkjet-printer-am3200uvh8g6-with-8-ricoh-gen6-printhead\/","og_locale":"fr_FR","og_type":"article","og_title":"AMO Hybrid UV Inkjet Printer AM3200UVH8G6 with 8 Ricoh Gen6 printhead - Amo","og_description":"For product details and the latest quotes, please contact our sales manager","og_url":"https:\/\/superprintpro.com\/fr\/produit\/amo-hybrid-uv-inkjet-printer-am3200uvh8g6-with-8-ricoh-gen6-printhead\/","og_site_name":"Amo","og_image":[{"width":610,"height":343,"url":"https:\/\/superprintpro.com\/wp-content\/uploads\/2025\/08\/amo-hybrid-uv-inkjet-printer-am3200uvh8g6-with-8-ricoh-gen6-printhead.jpg","type":"image\/jpeg"}],"twitter_card":"summary_large_image","twitter_misc":{"Dur\u00e9e de lecture estim\u00e9e":"1 minute"},"schema":{"@context":"https:\/\/schema.org","@graph":[{"@type":"WebPage","@id":"https:\/\/superprintpro.com\/product\/amo-hybrid-uv-inkjet-printer-am3200uvh8g6-with-8-ricoh-gen6-printhead\/","url":"https:\/\/superprintpro.com\/product\/amo-hybrid-uv-inkjet-printer-am3200uvh8g6-with-8-ricoh-gen6-printhead\/","name":"AMO Hybrid UV Inkjet Printer AM3200UVH8G6 with 8 Ricoh Gen6 printhead - Amo","isPartOf":{"@id":"https:\/\/superprintpro.com\/#website"},"primaryImageOfPage":{"@id":"https:\/\/superprintpro.com\/product\/amo-hybrid-uv-inkjet-printer-am3200uvh8g6-with-8-ricoh-gen6-printhead\/#primaryimage"},"image":{"@id":"https:\/\/superprintpro.com\/product\/amo-hybrid-uv-inkjet-printer-am3200uvh8g6-with-8-ricoh-gen6-printhead\/#primaryimage"},"thumbnailUrl":"https:\/\/superprintpro.com\/wp-content\/uploads\/2025\/08\/amo-hybrid-uv-inkjet-printer-am3200uvh8g6-with-8-ricoh-gen6-printhead.jpg","datePublished":"2025-08-18T08:43:23+00:00","breadcrumb":{"@id":"https:\/\/superprintpro.com\/product\/amo-hybrid-uv-inkjet-printer-am3200uvh8g6-with-8-ricoh-gen6-printhead\/#breadcrumb"},"inLanguage":"fr-FR","potentialAction":[{"@type":"ReadAction","target":["https:\/\/superprintpro.com\/product\/amo-hybrid-uv-inkjet-printer-am3200uvh8g6-with-8-ricoh-gen6-printhead\/"]}]},{"@type":"ImageObject","inLanguage":"fr-FR","@id":"https:\/\/superprintpro.com\/product\/amo-hybrid-uv-inkjet-printer-am3200uvh8g6-with-8-ricoh-gen6-printhead\/#primaryimage","url":"https:\/\/superprintpro.com\/wp-content\/uploads\/2025\/08\/amo-hybrid-uv-inkjet-printer-am3200uvh8g6-with-8-ricoh-gen6-printhead.jpg","contentUrl":"https:\/\/superprintpro.com\/wp-content\/uploads\/2025\/08\/amo-hybrid-uv-inkjet-printer-am3200uvh8g6-with-8-ricoh-gen6-printhead.jpg","width":610,"height":343,"caption":"AMO Hybrid UV Inkjet Printer AM3200UVH8G6 with 8 Ricoh Gen6 printhead"},{"@type":"BreadcrumbList","@id":"https:\/\/superprintpro.com\/product\/amo-hybrid-uv-inkjet-printer-am3200uvh8g6-with-8-ricoh-gen6-printhead\/#breadcrumb","itemListElement":[{"@type":"ListItem","position":1,"name":"\u9996\u9875","item":"https:\/\/superprintpro.com\/"},{"@type":"ListItem","position":2,"name":"Shop","item":"https:\/\/superprintpro.com\/shop\/"},{"@type":"ListItem","position":3,"name":"AMO Hybrid UV Inkjet Printer AM3200UVH8G6 with 8 Ricoh Gen6 printhead"}]},{"@type":"WebSite","@id":"https:\/\/superprintpro.com\/#website","url":"https:\/\/superprintpro.com\/","name":"Amo","description":"","potentialAction":[{"@type":"SearchAction","target":{"@type":"EntryPoint","urlTemplate":"https:\/\/superprintpro.com\/?s={search_term_string}"},"query-input":{"@type":"PropertyValueSpecification","valueRequired":true,"valueName":"search_term_string"}}],"inLanguage":"fr-FR"}]}},"_links":{"self":[{"href":"https:\/\/superprintpro.com\/fr\/wp-json\/wp\/v2\/product\/30280","targetHints":{"allow":["GET"]}}],"collection":[{"href":"https:\/\/superprintpro.com\/fr\/wp-json\/wp\/v2\/product"}],"about":[{"href":"https:\/\/superprintpro.com\/fr\/wp-json\/wp\/v2\/types\/product"}],"replies":[{"embeddable":true,"href":"https:\/\/superprintpro.com\/fr\/wp-json\/wp\/v2\/comments?post=30280"}],"version-history":[{"count":1,"href":"https:\/\/superprintpro.com\/fr\/wp-json\/wp\/v2\/product\/30280\/revisions"}],"predecessor-version":[{"id":30282,"href":"https:\/\/superprintpro.com\/fr\/wp-json\/wp\/v2\/product\/30280\/revisions\/30282"}],"wp:featuredmedia":[{"embeddable":true,"href":"https:\/\/superprintpro.com\/fr\/wp-json\/wp\/v2\/media\/30281"}],"wp:attachment":[{"href":"https:\/\/superprintpro.com\/fr\/wp-json\/wp\/v2\/media?parent=30280"}],"wp:term":[{"taxonomy":"product_brand","embeddable":true,"href":"https:\/\/superprintpro.com\/fr\/wp-json\/wp\/v2\/product_brand?post=30280"},{"taxonomy":"product_cat","embeddable":true,"href":"https:\/\/superprintpro.com\/fr\/wp-json\/wp\/v2\/product_cat?post=30280"},{"taxonomy":"product_tag","embeddable":true,"href":"https:\/\/superprintpro.com\/fr\/wp-json\/wp\/v2\/product_tag?post=30280"}],"curies":[{"name":"wp","href":"https:\/\/api.w.org\/{rel}","templated":true}]}}