{"id":30215,"date":"2025-08-18T15:33:54","date_gmt":"2025-08-18T07:33:54","guid":{"rendered":"https:\/\/superprintpro.com\/?post_type=product&#038;p=30215"},"modified":"2025-08-18T15:33:54","modified_gmt":"2025-08-18T07:33:54","slug":"amo-uv-flatbed-inkjet-printer-am3020uvb8g5-with-8-pieces-ricoh-gen5-printheads","status":"publish","type":"product","link":"https:\/\/superprintpro.com\/fr\/produit\/amo-uv-flatbed-inkjet-printer-am3020uvb8g5-with-8-pieces-ricoh-gen5-printheads\/","title":{"rendered":"Imprimante \u00e0 jet d'encre UV \u00e0 plat AMO AM3020UVB8G5 avec 8 t\u00eates d'impression Ricoh Gen5"},"content":{"rendered":"<p>Imprimante \u00e0 jet d'encre UV \u00e0 plat AMO AM3020UVB8G5 avec 8 t\u00eates d'impression Ricoh Gen5<\/p>\n<p>1. Equiper avec 8 pcs Ricoh G5<br \/>\n2. \u00e9quip\u00e9 d'un rail de guidage lin\u00e9aire silencieux, d'une glissi\u00e8re et d'un moteur de haute pr\u00e9cision<br \/>\n3. Dispositif automatique de mesure de la hauteur de haute pr\u00e9cision. \u00c9quip\u00e9 d'un dispositif anti-collision pour la t\u00eate d'impression sur les deux c\u00f4t\u00e9s ;<br \/>\n4. La fonction de positionnement automatique \u00e0 bouton unique permet d'imprimer plus facilement des panneaux de grande taille, ce qui est plus pratique et plus facile \u00e0 utiliser par une seule personne ;<br \/>\n5. \u00c9liminateur \u00e9lectrostatique haute puissance, \u00e9liminant efficacement l'\u00e9lectricit\u00e9 statique sur les mat\u00e9riaux d'impression, \u00e9liminant l'\u00e9lectricit\u00e9 statique caus\u00e9e par l'encre volante ou le manque de clart\u00e9 lors de l'impression.<br \/>\n6. Fonction de pulv\u00e9risation flash automatique de la t\u00eate d'impression : en mode veille, les buses de la t\u00eate d'impression sont pulv\u00e9ris\u00e9es automatiquement toutes les 2 heures, afin d'\u00e9viter que les buses ne s\u00e8chent ;<br \/>\n7. fonction de chauffage \u00e0 temp\u00e9rature constante de la cartouche secondaire, fonction de circulation interne de l'encre blanche, pr\u00e9vention de la pr\u00e9cipitation de l'encre blanche, am\u00e9lioration de la fluidit\u00e9 de l'encre, r\u00e9duction du risque de colmatage ;<br \/>\n8. un interrupteur m\u00e9canique manuel emp\u00eache l'encre de refluer lorsque l'appareil est \u00e9teint, ce qui permet d'\u00e9conomiser davantage d'encre ;<br \/>\n9.3-4.5Kw ventilateur d'aspiration \u00e0 turbine puissant, \u00e9quip\u00e9 d'un silencieux, offrant une forte puissance d'aspiration et un environnement silencieux.<\/p>\n<p>Param\u00e8tres de la machine<br \/>\nLargeur d'impression maximale : 300cm*200cm<br \/>\nHauteur d'impression : 150 mm \u00e0 300 mm personnalisable<br \/>\nT\u00eate d'impression : 8 t\u00eates d'impression Ricoh Gen5<br \/>\nVitesse d'impression : 12-45m\u00b2\/h<br \/>\nMat\u00e9riau : Il peut imprimer presque tous les mat\u00e9riaux plats, tridimensionnels, concaves et convexes, souples et durs :<br \/>\nPanneau acrylique, plaque m\u00e9tallique, verre, plaque de bois, panneau de sol en c\u00e9ramique, cuir plastique, tissu textile, etc.<br \/>\nPapier peint, PC\/PE\/PVC<br \/>\nPuissance : AC220\/110\u00b110.50HZ~60HZ,4500W\/6000W<br \/>\nTaille de la machine \/ Taille de l'emballage : L4600mm*W2688mm*H1450mmL \/ 4910mm*W3288mm*H1660mm<br \/>\nPoids net\/brut 1760kg\/2050kg<\/p>","protected":false},"excerpt":{"rendered":"<p>Pour obtenir des d\u00e9tails sur les produits et les derniers devis, veuillez contacter notre responsable des ventes.<\/p>","protected":false},"featured_media":30216,"comment_status":"open","ping_status":"closed","template":"","meta":[],"product_brand":[],"product_cat":[110],"product_tag":[],"class_list":{"0":"post-30215","1":"product","2":"type-product","3":"status-publish","4":"has-post-thumbnail","6":"product_cat-with-ricoh-gen5-printhead","8":"first","9":"instock","10":"shipping-taxable","11":"purchasable","12":"product-type-simple"},"yoast_head":"<!-- This site is optimized with the Yoast SEO plugin v26.9 - https:\/\/yoast.com\/product\/yoast-seo-wordpress\/ -->\n<title>AMO UV Flatbed Inkjet Printer AM3020UVB8G5 with 8 pieces Ricoh Gen5 Printheads - Amo<\/title>\n<meta name=\"robots\" content=\"index, follow, max-snippet:-1, max-image-preview:large, max-video-preview:-1\" \/>\n<link rel=\"canonical\" href=\"https:\/\/superprintpro.com\/fr\/produit\/amo-uv-flatbed-inkjet-printer-am3020uvb8g5-with-8-pieces-ricoh-gen5-printheads\/\" \/>\n<meta property=\"og:locale\" content=\"fr_FR\" \/>\n<meta property=\"og:type\" content=\"article\" \/>\n<meta property=\"og:title\" content=\"AMO UV Flatbed Inkjet Printer AM3020UVB8G5 with 8 pieces Ricoh Gen5 Printheads - Amo\" \/>\n<meta property=\"og:description\" content=\"For product details and the latest quotes, please contact our sales manager\" \/>\n<meta property=\"og:url\" content=\"https:\/\/superprintpro.com\/fr\/produit\/amo-uv-flatbed-inkjet-printer-am3020uvb8g5-with-8-pieces-ricoh-gen5-printheads\/\" \/>\n<meta property=\"og:site_name\" content=\"Amo\" \/>\n<meta property=\"og:image\" content=\"https:\/\/superprintpro.com\/wp-content\/uploads\/2025\/08\/amo-uv-flatbed-inkjet-printer-am3020uvb8g5-with-8-pieces-ricoh-gen5-printheads.jpg\" \/>\n\t<meta property=\"og:image:width\" content=\"618\" \/>\n\t<meta property=\"og:image:height\" content=\"348\" \/>\n\t<meta property=\"og:image:type\" content=\"image\/jpeg\" \/>\n<meta name=\"twitter:card\" content=\"summary_large_image\" \/>\n<meta name=\"twitter:label1\" content=\"Dur\u00e9e de lecture estim\u00e9e\" \/>\n\t<meta name=\"twitter:data1\" content=\"1 minute\" \/>\n<script type=\"application\/ld+json\" class=\"yoast-schema-graph\">{\"@context\":\"https:\/\/schema.org\",\"@graph\":[{\"@type\":\"WebPage\",\"@id\":\"https:\/\/superprintpro.com\/product\/amo-uv-flatbed-inkjet-printer-am3020uvb8g5-with-8-pieces-ricoh-gen5-printheads\/\",\"url\":\"https:\/\/superprintpro.com\/product\/amo-uv-flatbed-inkjet-printer-am3020uvb8g5-with-8-pieces-ricoh-gen5-printheads\/\",\"name\":\"AMO UV Flatbed Inkjet Printer AM3020UVB8G5 with 8 pieces Ricoh Gen5 Printheads - Amo\",\"isPartOf\":{\"@id\":\"https:\/\/superprintpro.com\/#website\"},\"primaryImageOfPage\":{\"@id\":\"https:\/\/superprintpro.com\/product\/amo-uv-flatbed-inkjet-printer-am3020uvb8g5-with-8-pieces-ricoh-gen5-printheads\/#primaryimage\"},\"image\":{\"@id\":\"https:\/\/superprintpro.com\/product\/amo-uv-flatbed-inkjet-printer-am3020uvb8g5-with-8-pieces-ricoh-gen5-printheads\/#primaryimage\"},\"thumbnailUrl\":\"https:\/\/superprintpro.com\/wp-content\/uploads\/2025\/08\/amo-uv-flatbed-inkjet-printer-am3020uvb8g5-with-8-pieces-ricoh-gen5-printheads.jpg\",\"datePublished\":\"2025-08-18T07:33:54+00:00\",\"breadcrumb\":{\"@id\":\"https:\/\/superprintpro.com\/product\/amo-uv-flatbed-inkjet-printer-am3020uvb8g5-with-8-pieces-ricoh-gen5-printheads\/#breadcrumb\"},\"inLanguage\":\"fr-FR\",\"potentialAction\":[{\"@type\":\"ReadAction\",\"target\":[\"https:\/\/superprintpro.com\/product\/amo-uv-flatbed-inkjet-printer-am3020uvb8g5-with-8-pieces-ricoh-gen5-printheads\/\"]}]},{\"@type\":\"ImageObject\",\"inLanguage\":\"fr-FR\",\"@id\":\"https:\/\/superprintpro.com\/product\/amo-uv-flatbed-inkjet-printer-am3020uvb8g5-with-8-pieces-ricoh-gen5-printheads\/#primaryimage\",\"url\":\"https:\/\/superprintpro.com\/wp-content\/uploads\/2025\/08\/amo-uv-flatbed-inkjet-printer-am3020uvb8g5-with-8-pieces-ricoh-gen5-printheads.jpg\",\"contentUrl\":\"https:\/\/superprintpro.com\/wp-content\/uploads\/2025\/08\/amo-uv-flatbed-inkjet-printer-am3020uvb8g5-with-8-pieces-ricoh-gen5-printheads.jpg\",\"width\":618,\"height\":348,\"caption\":\"AMO UV Flatbed Inkjet Printer AM3020UVB8G5 with 8 pieces Ricoh Gen5 Printheads\"},{\"@type\":\"BreadcrumbList\",\"@id\":\"https:\/\/superprintpro.com\/product\/amo-uv-flatbed-inkjet-printer-am3020uvb8g5-with-8-pieces-ricoh-gen5-printheads\/#breadcrumb\",\"itemListElement\":[{\"@type\":\"ListItem\",\"position\":1,\"name\":\"\u9996\u9875\",\"item\":\"https:\/\/superprintpro.com\/\"},{\"@type\":\"ListItem\",\"position\":2,\"name\":\"Shop\",\"item\":\"https:\/\/superprintpro.com\/shop\/\"},{\"@type\":\"ListItem\",\"position\":3,\"name\":\"AMO UV Flatbed Inkjet Printer AM3020UVB8G5 with 8 pieces Ricoh Gen5 Printheads\"}]},{\"@type\":\"WebSite\",\"@id\":\"https:\/\/superprintpro.com\/#website\",\"url\":\"https:\/\/superprintpro.com\/\",\"name\":\"Amo\",\"description\":\"\",\"potentialAction\":[{\"@type\":\"SearchAction\",\"target\":{\"@type\":\"EntryPoint\",\"urlTemplate\":\"https:\/\/superprintpro.com\/?s={search_term_string}\"},\"query-input\":{\"@type\":\"PropertyValueSpecification\",\"valueRequired\":true,\"valueName\":\"search_term_string\"}}],\"inLanguage\":\"fr-FR\"}]}<\/script>\n<!-- \/ Yoast SEO plugin. -->","yoast_head_json":{"title":"AMO UV Flatbed Inkjet Printer AM3020UVB8G5 with 8 pieces Ricoh Gen5 Printheads - Amo","robots":{"index":"index","follow":"follow","max-snippet":"max-snippet:-1","max-image-preview":"max-image-preview:large","max-video-preview":"max-video-preview:-1"},"canonical":"https:\/\/superprintpro.com\/fr\/produit\/amo-uv-flatbed-inkjet-printer-am3020uvb8g5-with-8-pieces-ricoh-gen5-printheads\/","og_locale":"fr_FR","og_type":"article","og_title":"AMO UV Flatbed Inkjet Printer AM3020UVB8G5 with 8 pieces Ricoh Gen5 Printheads - Amo","og_description":"For product details and the latest quotes, please contact our sales manager","og_url":"https:\/\/superprintpro.com\/fr\/produit\/amo-uv-flatbed-inkjet-printer-am3020uvb8g5-with-8-pieces-ricoh-gen5-printheads\/","og_site_name":"Amo","og_image":[{"width":618,"height":348,"url":"https:\/\/superprintpro.com\/wp-content\/uploads\/2025\/08\/amo-uv-flatbed-inkjet-printer-am3020uvb8g5-with-8-pieces-ricoh-gen5-printheads.jpg","type":"image\/jpeg"}],"twitter_card":"summary_large_image","twitter_misc":{"Dur\u00e9e de lecture estim\u00e9e":"1 minute"},"schema":{"@context":"https:\/\/schema.org","@graph":[{"@type":"WebPage","@id":"https:\/\/superprintpro.com\/product\/amo-uv-flatbed-inkjet-printer-am3020uvb8g5-with-8-pieces-ricoh-gen5-printheads\/","url":"https:\/\/superprintpro.com\/product\/amo-uv-flatbed-inkjet-printer-am3020uvb8g5-with-8-pieces-ricoh-gen5-printheads\/","name":"AMO UV Flatbed Inkjet Printer AM3020UVB8G5 with 8 pieces Ricoh Gen5 Printheads - Amo","isPartOf":{"@id":"https:\/\/superprintpro.com\/#website"},"primaryImageOfPage":{"@id":"https:\/\/superprintpro.com\/product\/amo-uv-flatbed-inkjet-printer-am3020uvb8g5-with-8-pieces-ricoh-gen5-printheads\/#primaryimage"},"image":{"@id":"https:\/\/superprintpro.com\/product\/amo-uv-flatbed-inkjet-printer-am3020uvb8g5-with-8-pieces-ricoh-gen5-printheads\/#primaryimage"},"thumbnailUrl":"https:\/\/superprintpro.com\/wp-content\/uploads\/2025\/08\/amo-uv-flatbed-inkjet-printer-am3020uvb8g5-with-8-pieces-ricoh-gen5-printheads.jpg","datePublished":"2025-08-18T07:33:54+00:00","breadcrumb":{"@id":"https:\/\/superprintpro.com\/product\/amo-uv-flatbed-inkjet-printer-am3020uvb8g5-with-8-pieces-ricoh-gen5-printheads\/#breadcrumb"},"inLanguage":"fr-FR","potentialAction":[{"@type":"ReadAction","target":["https:\/\/superprintpro.com\/product\/amo-uv-flatbed-inkjet-printer-am3020uvb8g5-with-8-pieces-ricoh-gen5-printheads\/"]}]},{"@type":"ImageObject","inLanguage":"fr-FR","@id":"https:\/\/superprintpro.com\/product\/amo-uv-flatbed-inkjet-printer-am3020uvb8g5-with-8-pieces-ricoh-gen5-printheads\/#primaryimage","url":"https:\/\/superprintpro.com\/wp-content\/uploads\/2025\/08\/amo-uv-flatbed-inkjet-printer-am3020uvb8g5-with-8-pieces-ricoh-gen5-printheads.jpg","contentUrl":"https:\/\/superprintpro.com\/wp-content\/uploads\/2025\/08\/amo-uv-flatbed-inkjet-printer-am3020uvb8g5-with-8-pieces-ricoh-gen5-printheads.jpg","width":618,"height":348,"caption":"AMO UV Flatbed Inkjet Printer AM3020UVB8G5 with 8 pieces Ricoh Gen5 Printheads"},{"@type":"BreadcrumbList","@id":"https:\/\/superprintpro.com\/product\/amo-uv-flatbed-inkjet-printer-am3020uvb8g5-with-8-pieces-ricoh-gen5-printheads\/#breadcrumb","itemListElement":[{"@type":"ListItem","position":1,"name":"\u9996\u9875","item":"https:\/\/superprintpro.com\/"},{"@type":"ListItem","position":2,"name":"Shop","item":"https:\/\/superprintpro.com\/shop\/"},{"@type":"ListItem","position":3,"name":"AMO UV Flatbed Inkjet Printer AM3020UVB8G5 with 8 pieces Ricoh Gen5 Printheads"}]},{"@type":"WebSite","@id":"https:\/\/superprintpro.com\/#website","url":"https:\/\/superprintpro.com\/","name":"Amo","description":"","potentialAction":[{"@type":"SearchAction","target":{"@type":"EntryPoint","urlTemplate":"https:\/\/superprintpro.com\/?s={search_term_string}"},"query-input":{"@type":"PropertyValueSpecification","valueRequired":true,"valueName":"search_term_string"}}],"inLanguage":"fr-FR"}]}},"_links":{"self":[{"href":"https:\/\/superprintpro.com\/fr\/wp-json\/wp\/v2\/product\/30215","targetHints":{"allow":["GET"]}}],"collection":[{"href":"https:\/\/superprintpro.com\/fr\/wp-json\/wp\/v2\/product"}],"about":[{"href":"https:\/\/superprintpro.com\/fr\/wp-json\/wp\/v2\/types\/product"}],"replies":[{"embeddable":true,"href":"https:\/\/superprintpro.com\/fr\/wp-json\/wp\/v2\/comments?post=30215"}],"version-history":[{"count":1,"href":"https:\/\/superprintpro.com\/fr\/wp-json\/wp\/v2\/product\/30215\/revisions"}],"predecessor-version":[{"id":30217,"href":"https:\/\/superprintpro.com\/fr\/wp-json\/wp\/v2\/product\/30215\/revisions\/30217"}],"wp:featuredmedia":[{"embeddable":true,"href":"https:\/\/superprintpro.com\/fr\/wp-json\/wp\/v2\/media\/30216"}],"wp:attachment":[{"href":"https:\/\/superprintpro.com\/fr\/wp-json\/wp\/v2\/media?parent=30215"}],"wp:term":[{"taxonomy":"product_brand","embeddable":true,"href":"https:\/\/superprintpro.com\/fr\/wp-json\/wp\/v2\/product_brand?post=30215"},{"taxonomy":"product_cat","embeddable":true,"href":"https:\/\/superprintpro.com\/fr\/wp-json\/wp\/v2\/product_cat?post=30215"},{"taxonomy":"product_tag","embeddable":true,"href":"https:\/\/superprintpro.com\/fr\/wp-json\/wp\/v2\/product_tag?post=30215"}],"curies":[{"name":"wp","href":"https:\/\/api.w.org\/{rel}","templated":true}]}}