{"id":30179,"date":"2025-08-18T14:58:10","date_gmt":"2025-08-18T06:58:10","guid":{"rendered":"https:\/\/superprintpro.com\/?post_type=product&#038;p=30179"},"modified":"2025-08-18T14:58:10","modified_gmt":"2025-08-18T06:58:10","slug":"amo-uv-flatbed-printer-am9060uvb4i32-with-4-heads-i3200-heads","status":"publish","type":"product","link":"https:\/\/superprintpro.com\/fr\/produit\/amo-uv-flatbed-printer-am9060uvb4i32-with-4-heads-i3200-heads\/","title":{"rendered":"Imprimante UV \u00e0 plat AMO AM9060UVB4i32 avec 4 t\u00eates i3200"},"content":{"rendered":"<p>Imprimante UV \u00e0 plat AMO AM9060UVB4i32 avec 4 t\u00eates i3200<\/p>\n<p>(ce mod\u00e8le est d\u00e9pourvu de syst\u00e8me visuel AI)<\/p>\n<p>L'imprimante \u00e0 plat 9060UV est un p\u00e9riph\u00e9rique d'impression populaire sur le march\u00e9, offrant de nombreux avantages et des fonctions puissantes. \u00c9quip\u00e9e de la t\u00eate d'impression pi\u00e9zo\u00e9lectrique Epson I3200, elle peut r\u00e9aliser des impressions de haute pr\u00e9cision et \u00e0 grande vitesse tout en garantissant la stabilit\u00e9 et l'homog\u00e9n\u00e9it\u00e9 de la qualit\u00e9. Dot\u00e9e d'un dispositif de s\u00e9chage UV, elle s\u00e8che instantan\u00e9ment sous la lumi\u00e8re ultraviolette, ce qui \u00e9limine la n\u00e9cessit\u00e9 de recourir \u00e0 des processus de s\u00e9chage suppl\u00e9mentaires. L'imprimante \u00e0 plat 9060 est largement utilis\u00e9e dans divers secteurs tels que la publicit\u00e9, la d\u00e9coration, l'emballage et l'\u00e9lectronique. Elle peut imprimer des produits fabriqu\u00e9s \u00e0 partir de divers mat\u00e9riaux, tels que les carreaux, le verre, l'acrylique, les panneaux de bois, le m\u00e9tal et le cuir. En outre, elle peut fournir des services personnalis\u00e9s pour r\u00e9pondre aux besoins uniques des clients.<\/p>\n<p>Param\u00e8tres de la machine<br \/>\nT\u00eate d'impression : Epson I3200 4H<br \/>\nSyst\u00e8me d'impression : Hoson<br \/>\nTaille d'impression : 900mmx600mm<br \/>\nVitesse d'impression :<br \/>\nMode 20 m\/h<br \/>\nMode de production 15m\/h<br \/>\nMode standard 9 m\u00b2\/h<br \/>\nMode qualit\u00e9 5 m\u00b2\/h<br \/>\nType d'encre : Encre UV<br \/>\nCouleur : CMYK WV<br \/>\nType de support : carton plat, mat\u00e9riaux cylindriques<br \/>\nAlimentation en encre : Alimentation en encre par siphon<br \/>\nEntretien de la t\u00eate d'impression : syst\u00e8me de nettoyage automatique des buses de la t\u00eate d'impression \u00e0 l'aide d'un seul bouton<br \/>\nLogiciel Rip : Maintop PP RIIN<br \/>\nInterface de donn\u00e9es : transmission Gigabit avec deux ports r\u00e9seau<br \/>\nMode d'impression \u00e0 trois stations :<br \/>\n1 : Station d'assiette<br \/>\n2 : Station \u00e0 rouleaux<br \/>\n3 : Station Cvlinder<\/p>\n<p>Hauteur de la t\u00eate d'impression Z : mesure automatique de la hauteur sur l'axe Z<br \/>\nInformations sur l'imprimante<br \/>\ntension de fonctionnement :220v AC<br \/>\nPuissance 4500W<br \/>\nenvironnement de travail :<br \/>\nTemp\u00e9rature de travail normale:22-28\u2103\/humidit\u00e9:40%-60%<br \/>\nTaille de la machine 2000MM*1420MM*1045MM<br \/>\nDimensions de l'emballage 2140MM*1660MM*1160MM<\/p>","protected":false},"excerpt":{"rendered":"<p>Pour obtenir des d\u00e9tails sur les produits et les derniers devis, veuillez contacter notre responsable des ventes.<\/p>","protected":false},"featured_media":30180,"comment_status":"open","ping_status":"closed","template":"","meta":[],"product_brand":[],"product_cat":[107],"product_tag":[],"class_list":{"0":"post-30179","1":"product","2":"type-product","3":"status-publish","4":"has-post-thumbnail","6":"product_cat-with-i3200-printhead-uv-flatbed-printers","8":"first","9":"instock","10":"shipping-taxable","11":"purchasable","12":"product-type-simple"},"yoast_head":"<!-- This site is optimized with the Yoast SEO plugin v26.9 - https:\/\/yoast.com\/product\/yoast-seo-wordpress\/ -->\n<title>AMO UV Flatbed Printer AM9060UVB4i32 with 4 heads i3200 heads - Amo<\/title>\n<meta name=\"robots\" content=\"index, follow, max-snippet:-1, max-image-preview:large, max-video-preview:-1\" \/>\n<link rel=\"canonical\" href=\"https:\/\/superprintpro.com\/fr\/produit\/amo-uv-flatbed-printer-am9060uvb4i32-with-4-heads-i3200-heads\/\" \/>\n<meta property=\"og:locale\" content=\"fr_FR\" \/>\n<meta property=\"og:type\" content=\"article\" \/>\n<meta property=\"og:title\" content=\"AMO UV Flatbed Printer AM9060UVB4i32 with 4 heads i3200 heads - Amo\" \/>\n<meta property=\"og:description\" content=\"For product details and the latest quotes, please contact our sales manager\" \/>\n<meta property=\"og:url\" content=\"https:\/\/superprintpro.com\/fr\/produit\/amo-uv-flatbed-printer-am9060uvb4i32-with-4-heads-i3200-heads\/\" \/>\n<meta property=\"og:site_name\" content=\"Amo\" \/>\n<meta property=\"og:image\" content=\"https:\/\/superprintpro.com\/wp-content\/uploads\/2025\/08\/amo-uv-flatbed-printer-am9060uvb4i32-with-4-heads-i3200-heads.jpg\" \/>\n\t<meta property=\"og:image:width\" content=\"630\" \/>\n\t<meta property=\"og:image:height\" content=\"354\" \/>\n\t<meta property=\"og:image:type\" content=\"image\/jpeg\" \/>\n<meta name=\"twitter:card\" content=\"summary_large_image\" \/>\n<meta name=\"twitter:label1\" content=\"Dur\u00e9e de lecture estim\u00e9e\" \/>\n\t<meta name=\"twitter:data1\" content=\"1 minute\" \/>\n<script type=\"application\/ld+json\" class=\"yoast-schema-graph\">{\"@context\":\"https:\/\/schema.org\",\"@graph\":[{\"@type\":\"WebPage\",\"@id\":\"https:\/\/superprintpro.com\/product\/amo-uv-flatbed-printer-am9060uvb4i32-with-4-heads-i3200-heads\/\",\"url\":\"https:\/\/superprintpro.com\/product\/amo-uv-flatbed-printer-am9060uvb4i32-with-4-heads-i3200-heads\/\",\"name\":\"AMO UV Flatbed Printer AM9060UVB4i32 with 4 heads i3200 heads - Amo\",\"isPartOf\":{\"@id\":\"https:\/\/superprintpro.com\/#website\"},\"primaryImageOfPage\":{\"@id\":\"https:\/\/superprintpro.com\/product\/amo-uv-flatbed-printer-am9060uvb4i32-with-4-heads-i3200-heads\/#primaryimage\"},\"image\":{\"@id\":\"https:\/\/superprintpro.com\/product\/amo-uv-flatbed-printer-am9060uvb4i32-with-4-heads-i3200-heads\/#primaryimage\"},\"thumbnailUrl\":\"https:\/\/superprintpro.com\/wp-content\/uploads\/2025\/08\/amo-uv-flatbed-printer-am9060uvb4i32-with-4-heads-i3200-heads.jpg\",\"datePublished\":\"2025-08-18T06:58:10+00:00\",\"breadcrumb\":{\"@id\":\"https:\/\/superprintpro.com\/product\/amo-uv-flatbed-printer-am9060uvb4i32-with-4-heads-i3200-heads\/#breadcrumb\"},\"inLanguage\":\"fr-FR\",\"potentialAction\":[{\"@type\":\"ReadAction\",\"target\":[\"https:\/\/superprintpro.com\/product\/amo-uv-flatbed-printer-am9060uvb4i32-with-4-heads-i3200-heads\/\"]}]},{\"@type\":\"ImageObject\",\"inLanguage\":\"fr-FR\",\"@id\":\"https:\/\/superprintpro.com\/product\/amo-uv-flatbed-printer-am9060uvb4i32-with-4-heads-i3200-heads\/#primaryimage\",\"url\":\"https:\/\/superprintpro.com\/wp-content\/uploads\/2025\/08\/amo-uv-flatbed-printer-am9060uvb4i32-with-4-heads-i3200-heads.jpg\",\"contentUrl\":\"https:\/\/superprintpro.com\/wp-content\/uploads\/2025\/08\/amo-uv-flatbed-printer-am9060uvb4i32-with-4-heads-i3200-heads.jpg\",\"width\":630,\"height\":354,\"caption\":\"AMO UV Flatbed Printer AM9060UVB4i32 with 4 heads i3200 heads\"},{\"@type\":\"BreadcrumbList\",\"@id\":\"https:\/\/superprintpro.com\/product\/amo-uv-flatbed-printer-am9060uvb4i32-with-4-heads-i3200-heads\/#breadcrumb\",\"itemListElement\":[{\"@type\":\"ListItem\",\"position\":1,\"name\":\"\u9996\u9875\",\"item\":\"https:\/\/superprintpro.com\/\"},{\"@type\":\"ListItem\",\"position\":2,\"name\":\"Shop\",\"item\":\"https:\/\/superprintpro.com\/shop\/\"},{\"@type\":\"ListItem\",\"position\":3,\"name\":\"AMO UV Flatbed Printer AM9060UVB4i32 with 4 heads i3200 heads\"}]},{\"@type\":\"WebSite\",\"@id\":\"https:\/\/superprintpro.com\/#website\",\"url\":\"https:\/\/superprintpro.com\/\",\"name\":\"Amo\",\"description\":\"\",\"potentialAction\":[{\"@type\":\"SearchAction\",\"target\":{\"@type\":\"EntryPoint\",\"urlTemplate\":\"https:\/\/superprintpro.com\/?s={search_term_string}\"},\"query-input\":{\"@type\":\"PropertyValueSpecification\",\"valueRequired\":true,\"valueName\":\"search_term_string\"}}],\"inLanguage\":\"fr-FR\"}]}<\/script>\n<!-- \/ Yoast SEO plugin. -->","yoast_head_json":{"title":"AMO UV Flatbed Printer AM9060UVB4i32 with 4 heads i3200 heads - Amo","robots":{"index":"index","follow":"follow","max-snippet":"max-snippet:-1","max-image-preview":"max-image-preview:large","max-video-preview":"max-video-preview:-1"},"canonical":"https:\/\/superprintpro.com\/fr\/produit\/amo-uv-flatbed-printer-am9060uvb4i32-with-4-heads-i3200-heads\/","og_locale":"fr_FR","og_type":"article","og_title":"AMO UV Flatbed Printer AM9060UVB4i32 with 4 heads i3200 heads - Amo","og_description":"For product details and the latest quotes, please contact our sales manager","og_url":"https:\/\/superprintpro.com\/fr\/produit\/amo-uv-flatbed-printer-am9060uvb4i32-with-4-heads-i3200-heads\/","og_site_name":"Amo","og_image":[{"width":630,"height":354,"url":"https:\/\/superprintpro.com\/wp-content\/uploads\/2025\/08\/amo-uv-flatbed-printer-am9060uvb4i32-with-4-heads-i3200-heads.jpg","type":"image\/jpeg"}],"twitter_card":"summary_large_image","twitter_misc":{"Dur\u00e9e de lecture estim\u00e9e":"1 minute"},"schema":{"@context":"https:\/\/schema.org","@graph":[{"@type":"WebPage","@id":"https:\/\/superprintpro.com\/product\/amo-uv-flatbed-printer-am9060uvb4i32-with-4-heads-i3200-heads\/","url":"https:\/\/superprintpro.com\/product\/amo-uv-flatbed-printer-am9060uvb4i32-with-4-heads-i3200-heads\/","name":"AMO UV Flatbed Printer AM9060UVB4i32 with 4 heads i3200 heads - Amo","isPartOf":{"@id":"https:\/\/superprintpro.com\/#website"},"primaryImageOfPage":{"@id":"https:\/\/superprintpro.com\/product\/amo-uv-flatbed-printer-am9060uvb4i32-with-4-heads-i3200-heads\/#primaryimage"},"image":{"@id":"https:\/\/superprintpro.com\/product\/amo-uv-flatbed-printer-am9060uvb4i32-with-4-heads-i3200-heads\/#primaryimage"},"thumbnailUrl":"https:\/\/superprintpro.com\/wp-content\/uploads\/2025\/08\/amo-uv-flatbed-printer-am9060uvb4i32-with-4-heads-i3200-heads.jpg","datePublished":"2025-08-18T06:58:10+00:00","breadcrumb":{"@id":"https:\/\/superprintpro.com\/product\/amo-uv-flatbed-printer-am9060uvb4i32-with-4-heads-i3200-heads\/#breadcrumb"},"inLanguage":"fr-FR","potentialAction":[{"@type":"ReadAction","target":["https:\/\/superprintpro.com\/product\/amo-uv-flatbed-printer-am9060uvb4i32-with-4-heads-i3200-heads\/"]}]},{"@type":"ImageObject","inLanguage":"fr-FR","@id":"https:\/\/superprintpro.com\/product\/amo-uv-flatbed-printer-am9060uvb4i32-with-4-heads-i3200-heads\/#primaryimage","url":"https:\/\/superprintpro.com\/wp-content\/uploads\/2025\/08\/amo-uv-flatbed-printer-am9060uvb4i32-with-4-heads-i3200-heads.jpg","contentUrl":"https:\/\/superprintpro.com\/wp-content\/uploads\/2025\/08\/amo-uv-flatbed-printer-am9060uvb4i32-with-4-heads-i3200-heads.jpg","width":630,"height":354,"caption":"AMO UV Flatbed Printer AM9060UVB4i32 with 4 heads i3200 heads"},{"@type":"BreadcrumbList","@id":"https:\/\/superprintpro.com\/product\/amo-uv-flatbed-printer-am9060uvb4i32-with-4-heads-i3200-heads\/#breadcrumb","itemListElement":[{"@type":"ListItem","position":1,"name":"\u9996\u9875","item":"https:\/\/superprintpro.com\/"},{"@type":"ListItem","position":2,"name":"Shop","item":"https:\/\/superprintpro.com\/shop\/"},{"@type":"ListItem","position":3,"name":"AMO UV Flatbed Printer AM9060UVB4i32 with 4 heads i3200 heads"}]},{"@type":"WebSite","@id":"https:\/\/superprintpro.com\/#website","url":"https:\/\/superprintpro.com\/","name":"Amo","description":"","potentialAction":[{"@type":"SearchAction","target":{"@type":"EntryPoint","urlTemplate":"https:\/\/superprintpro.com\/?s={search_term_string}"},"query-input":{"@type":"PropertyValueSpecification","valueRequired":true,"valueName":"search_term_string"}}],"inLanguage":"fr-FR"}]}},"_links":{"self":[{"href":"https:\/\/superprintpro.com\/fr\/wp-json\/wp\/v2\/product\/30179","targetHints":{"allow":["GET"]}}],"collection":[{"href":"https:\/\/superprintpro.com\/fr\/wp-json\/wp\/v2\/product"}],"about":[{"href":"https:\/\/superprintpro.com\/fr\/wp-json\/wp\/v2\/types\/product"}],"replies":[{"embeddable":true,"href":"https:\/\/superprintpro.com\/fr\/wp-json\/wp\/v2\/comments?post=30179"}],"version-history":[{"count":1,"href":"https:\/\/superprintpro.com\/fr\/wp-json\/wp\/v2\/product\/30179\/revisions"}],"predecessor-version":[{"id":30181,"href":"https:\/\/superprintpro.com\/fr\/wp-json\/wp\/v2\/product\/30179\/revisions\/30181"}],"wp:featuredmedia":[{"embeddable":true,"href":"https:\/\/superprintpro.com\/fr\/wp-json\/wp\/v2\/media\/30180"}],"wp:attachment":[{"href":"https:\/\/superprintpro.com\/fr\/wp-json\/wp\/v2\/media?parent=30179"}],"wp:term":[{"taxonomy":"product_brand","embeddable":true,"href":"https:\/\/superprintpro.com\/fr\/wp-json\/wp\/v2\/product_brand?post=30179"},{"taxonomy":"product_cat","embeddable":true,"href":"https:\/\/superprintpro.com\/fr\/wp-json\/wp\/v2\/product_cat?post=30179"},{"taxonomy":"product_tag","embeddable":true,"href":"https:\/\/superprintpro.com\/fr\/wp-json\/wp\/v2\/product_tag?post=30179"}],"curies":[{"name":"wp","href":"https:\/\/api.w.org\/{rel}","templated":true}]}}