{"id":30169,"date":"2025-08-18T14:47:46","date_gmt":"2025-08-18T06:47:46","guid":{"rendered":"https:\/\/superprintpro.com\/?post_type=product&#038;p=30169"},"modified":"2025-08-18T14:47:47","modified_gmt":"2025-08-18T06:47:47","slug":"amo-uv-inkjet-printer-am3200uv4g6-el-for-3-2meters-soft-and-elastic-film-with-4-ricoh-gen6-printheads","status":"publish","type":"product","link":"https:\/\/superprintpro.com\/fr\/produit\/amo-uv-inkjet-printer-am3200uv4g6-el-for-3-2meters-soft-and-elastic-film-with-4-ricoh-gen6-printheads\/","title":{"rendered":"Imprimante \u00e0 jet d'encre UV AMO AM3200UV4G6-EL pour film souple et \u00e9lastique de 3,2 m\u00e8tres avec 4 t\u00eates d'impression Ricoh GEN6"},"content":{"rendered":"<p>Imprimante \u00e0 jet d'encre UV AMO AM3200UV4G6-EL pour film souple et \u00e9lastique de 3,2 m\u00e8tres avec 4 t\u00eates d'impression Ricoh GEN6<br \/>\nAmo Imprimante \u00e0 jet d'encre UV pour films souples et \u00e9lastiques AM3200UV4G6-EL avec 4 t\u00eates d'impression Ricoh GEN6<\/p>\n<p>Cette s\u00e9rie d'imprimantes \u00e0 jet d'encre UV avec le suffixe EL dans le nom du mod\u00e8le est \u00e9quip\u00e9e d'un syst\u00e8me d'enroulement sp\u00e9cial pour les mat\u00e9riaux tr\u00e8s souples et \u00e9lastiques tels que les films souples. Si vous avez seulement besoin d'imprimer sur des banni\u00e8res flexibles normales, des banni\u00e8res flexibles enduites, du vinyle, du mes, de la vision unidirectionnelle, de la toile, alors il n'est pas n\u00e9cessaire d'acheter cette imprimante \u00e0 jet d'encre, veuillez consulter les mod\u00e8les avec le suffixe ES dans le nom du mod\u00e8le.<\/p>\n<p>1. syst\u00e8me de chauffage de la buse de la t\u00eate d'impression et circulation de l'encre : La plaque de la buse de la t\u00eate d'impression int\u00e8gre une fonction de chauffage pour assurer une stabilit\u00e9 optimale du flux d'encre dans des environnements \u00e0 temp\u00e9rature variable. Le syst\u00e8me int\u00e9gr\u00e9 de circulation de l'encre<br \/>\nemp\u00eache la s\u00e9dimentation des pigments dans les buses, ce qui r\u00e9duit efficacement les risques de colmatage des buses.<br \/>\n2) R\u00e9servoir d'encre secondaire enti\u00e8rement transparent et contr\u00f4le ind\u00e9pendant de la pression de la couleur :(1) La construction transparente facilite le d\u00e9pannage et r\u00e9duit le temps de maintenance.(2)<br \/>\nDes m\u00e9canismes ind\u00e9pendants de r\u00e9glage de la pression optimisent l'efficacit\u00e9 de la consommation d'encre.<br \/>\n3. Syst\u00e8me de rouleaux de pression \u00e0 moteur unique et rails de guidage silencieux : (1) Permet le r\u00e9glage en temps r\u00e9el des rouleaux de pression individuels pendant les op\u00e9rations d'impression afin d'\u00e9liminer le froissement du mat\u00e9riau sans interrompre la production, ce qui minimise la g\u00e2che de mat\u00e9riau. (2) Des rails de guidage silencieux \u00e0 grande vitesse assurent un mouvement plus r\u00e9gulier de la t\u00eate d'impression, am\u00e9liorant la pr\u00e9cision de l'impression tout en r\u00e9duisant le bruit de fonctionnement. Cette conception minimise l'usure m\u00e9canique et prolonge la dur\u00e9e de vie des rails de guidage.<br \/>\n4. plate-forme de vide r\u00e9glable et modulation de la vitesse des rouleaux :(1) permet de r\u00e9gler manuellement le d\u00e9bit d'air pendant l'impression afin de r\u00e9soudre les probl\u00e8mes d'alimentation des mat\u00e9riaux caus\u00e9s par un vide excessif, ce qui garantit une alimentation en douceur des mat\u00e9riaux d'\u00e9paisseurs variables. (2) Le syst\u00e8me de r\u00e9gulation de la puissance des rouleaux am\u00e9liore la compatibilit\u00e9 avec divers types de mat\u00e9riaux pour les op\u00e9rations d'alimentation et de collecte.<br \/>\n5. syst\u00e8me de chauffage et de s\u00e9chage \u00e0 haute puissance : Comprend des zones de chauffage segment\u00e9es pour am\u00e9liorer l'absorption de l'encre et la solidit\u00e9 des couleurs. Incorpore un syst\u00e8me exclusif d'air thermique int\u00e9gr\u00e9.<br \/>\nLa chambre de circulation coupl\u00e9e \u00e0 un syst\u00e8me de d\u00e9rivation de l'air froid permet un refroidissement rapide apr\u00e8s le s\u00e9chage pour garantir des d\u00e9tails plus fins et des finitions plus brillantes.<\/p>\n<p>Param\u00e8tres de la machine<br \/>\nLargeur d'impression maximale 3200MM<br \/>\nT\u00eates d'impression :  4 t\u00eates d'impression Ricoh GEN6<br \/>\nVitesse d'impression :<br \/>\nLumi\u00e8re ext\u00e9rieure Mode 48m\u00b2\/h<br \/>\nMode d'\u00e9clairage interne 26m\u00b2\/h<\/p>\n<p>Supports : tous les mat\u00e9riaux souples et \u00e9lastiques : film souple pour plafond et mat\u00e9riaux normaux tels que banni\u00e8re souple, vinyle, vision unidirectionnelle, maille, papier peint\/toile, tissu polyester, film r\u00e9tro\u00e9clair\u00e9, papier photo, Canva, etc.<br \/>\nLogiciel RIP : logiciel de gestion des couleurs<br \/>\nPuissance : AC220\u00b110.50HZ60HZP4500W<br \/>\nTaille de l'emballage de l'imprimante : L5300*W1180*H1700\/L5600*W1250*H2100<br \/>\nPoids net \/ poids brut : 2500kg\/2800kg<\/p>","protected":false},"excerpt":{"rendered":"<p>Pour obtenir des d\u00e9tails sur les produits et les derniers devis, veuillez contacter notre responsable des ventes.<\/p>","protected":false},"featured_media":30170,"comment_status":"open","ping_status":"closed","template":"","meta":[],"product_brand":[],"product_cat":[115],"product_tag":[],"class_list":{"0":"post-30169","1":"product","2":"type-product","3":"status-publish","4":"has-post-thumbnail","6":"product_cat-with-ricoh-gen6-printhead-uv-inkjet-printers-roll-to-roll","8":"first","9":"instock","10":"shipping-taxable","11":"purchasable","12":"product-type-simple"},"yoast_head":"<!-- This site is optimized with the Yoast SEO plugin v26.9 - https:\/\/yoast.com\/product\/yoast-seo-wordpress\/ -->\n<title>AMO UV Inkjet Printer AM3200UV4G6-EL for 3.2meters Soft and Elastic Film with 4 Ricoh GEN6 Printheads - Amo<\/title>\n<meta name=\"robots\" content=\"index, follow, max-snippet:-1, max-image-preview:large, max-video-preview:-1\" \/>\n<link rel=\"canonical\" href=\"https:\/\/superprintpro.com\/fr\/produit\/amo-uv-inkjet-printer-am3200uv4g6-el-for-3-2meters-soft-and-elastic-film-with-4-ricoh-gen6-printheads\/\" \/>\n<meta property=\"og:locale\" content=\"fr_FR\" \/>\n<meta property=\"og:type\" content=\"article\" \/>\n<meta property=\"og:title\" content=\"AMO UV Inkjet Printer AM3200UV4G6-EL for 3.2meters Soft and Elastic Film with 4 Ricoh GEN6 Printheads - Amo\" \/>\n<meta property=\"og:description\" content=\"For product details and the latest quotes, please contact our sales manager\" \/>\n<meta property=\"og:url\" content=\"https:\/\/superprintpro.com\/fr\/produit\/amo-uv-inkjet-printer-am3200uv4g6-el-for-3-2meters-soft-and-elastic-film-with-4-ricoh-gen6-printheads\/\" \/>\n<meta property=\"og:site_name\" content=\"Amo\" \/>\n<meta property=\"article:modified_time\" content=\"2025-08-18T06:47:47+00:00\" \/>\n<meta property=\"og:image\" content=\"https:\/\/superprintpro.com\/wp-content\/uploads\/2025\/08\/amo-uv-inkjet-printer-am3200uv4g6-el-for-32meters-soft-and-elastic-film-with-4-ricoh-gen6-printheads.jpg\" \/>\n\t<meta property=\"og:image:width\" content=\"828\" \/>\n\t<meta property=\"og:image:height\" content=\"466\" \/>\n\t<meta property=\"og:image:type\" content=\"image\/jpeg\" \/>\n<meta name=\"twitter:card\" content=\"summary_large_image\" \/>\n<meta name=\"twitter:label1\" content=\"Dur\u00e9e de lecture estim\u00e9e\" \/>\n\t<meta name=\"twitter:data1\" content=\"2 minutes\" \/>\n<script type=\"application\/ld+json\" class=\"yoast-schema-graph\">{\"@context\":\"https:\/\/schema.org\",\"@graph\":[{\"@type\":\"WebPage\",\"@id\":\"https:\/\/superprintpro.com\/product\/amo-uv-inkjet-printer-am3200uv4g6-el-for-3-2meters-soft-and-elastic-film-with-4-ricoh-gen6-printheads\/\",\"url\":\"https:\/\/superprintpro.com\/product\/amo-uv-inkjet-printer-am3200uv4g6-el-for-3-2meters-soft-and-elastic-film-with-4-ricoh-gen6-printheads\/\",\"name\":\"AMO UV Inkjet Printer AM3200UV4G6-EL for 3.2meters Soft and Elastic Film with 4 Ricoh GEN6 Printheads - Amo\",\"isPartOf\":{\"@id\":\"https:\/\/superprintpro.com\/#website\"},\"primaryImageOfPage\":{\"@id\":\"https:\/\/superprintpro.com\/product\/amo-uv-inkjet-printer-am3200uv4g6-el-for-3-2meters-soft-and-elastic-film-with-4-ricoh-gen6-printheads\/#primaryimage\"},\"image\":{\"@id\":\"https:\/\/superprintpro.com\/product\/amo-uv-inkjet-printer-am3200uv4g6-el-for-3-2meters-soft-and-elastic-film-with-4-ricoh-gen6-printheads\/#primaryimage\"},\"thumbnailUrl\":\"https:\/\/superprintpro.com\/wp-content\/uploads\/2025\/08\/amo-uv-inkjet-printer-am3200uv4g6-el-for-32meters-soft-and-elastic-film-with-4-ricoh-gen6-printheads.jpg\",\"datePublished\":\"2025-08-18T06:47:46+00:00\",\"dateModified\":\"2025-08-18T06:47:47+00:00\",\"breadcrumb\":{\"@id\":\"https:\/\/superprintpro.com\/product\/amo-uv-inkjet-printer-am3200uv4g6-el-for-3-2meters-soft-and-elastic-film-with-4-ricoh-gen6-printheads\/#breadcrumb\"},\"inLanguage\":\"fr-FR\",\"potentialAction\":[{\"@type\":\"ReadAction\",\"target\":[\"https:\/\/superprintpro.com\/product\/amo-uv-inkjet-printer-am3200uv4g6-el-for-3-2meters-soft-and-elastic-film-with-4-ricoh-gen6-printheads\/\"]}]},{\"@type\":\"ImageObject\",\"inLanguage\":\"fr-FR\",\"@id\":\"https:\/\/superprintpro.com\/product\/amo-uv-inkjet-printer-am3200uv4g6-el-for-3-2meters-soft-and-elastic-film-with-4-ricoh-gen6-printheads\/#primaryimage\",\"url\":\"https:\/\/superprintpro.com\/wp-content\/uploads\/2025\/08\/amo-uv-inkjet-printer-am3200uv4g6-el-for-32meters-soft-and-elastic-film-with-4-ricoh-gen6-printheads.jpg\",\"contentUrl\":\"https:\/\/superprintpro.com\/wp-content\/uploads\/2025\/08\/amo-uv-inkjet-printer-am3200uv4g6-el-for-32meters-soft-and-elastic-film-with-4-ricoh-gen6-printheads.jpg\",\"width\":828,\"height\":466,\"caption\":\"AMO UV Inkjet Printer AM3200UV4G6-EL for 3.2meters Soft and Elastic Film with 4 Ricoh GEN6 Printheads\"},{\"@type\":\"BreadcrumbList\",\"@id\":\"https:\/\/superprintpro.com\/product\/amo-uv-inkjet-printer-am3200uv4g6-el-for-3-2meters-soft-and-elastic-film-with-4-ricoh-gen6-printheads\/#breadcrumb\",\"itemListElement\":[{\"@type\":\"ListItem\",\"position\":1,\"name\":\"\u9996\u9875\",\"item\":\"https:\/\/superprintpro.com\/\"},{\"@type\":\"ListItem\",\"position\":2,\"name\":\"Shop\",\"item\":\"https:\/\/superprintpro.com\/shop\/\"},{\"@type\":\"ListItem\",\"position\":3,\"name\":\"AMO UV Inkjet Printer AM3200UV4G6-EL for 3.2meters Soft and Elastic Film with 4 Ricoh GEN6 Printheads\"}]},{\"@type\":\"WebSite\",\"@id\":\"https:\/\/superprintpro.com\/#website\",\"url\":\"https:\/\/superprintpro.com\/\",\"name\":\"Amo\",\"description\":\"\",\"potentialAction\":[{\"@type\":\"SearchAction\",\"target\":{\"@type\":\"EntryPoint\",\"urlTemplate\":\"https:\/\/superprintpro.com\/?s={search_term_string}\"},\"query-input\":{\"@type\":\"PropertyValueSpecification\",\"valueRequired\":true,\"valueName\":\"search_term_string\"}}],\"inLanguage\":\"fr-FR\"}]}<\/script>\n<!-- \/ Yoast SEO plugin. -->","yoast_head_json":{"title":"AMO UV Inkjet Printer AM3200UV4G6-EL for 3.2meters Soft and Elastic Film with 4 Ricoh GEN6 Printheads - Amo","robots":{"index":"index","follow":"follow","max-snippet":"max-snippet:-1","max-image-preview":"max-image-preview:large","max-video-preview":"max-video-preview:-1"},"canonical":"https:\/\/superprintpro.com\/fr\/produit\/amo-uv-inkjet-printer-am3200uv4g6-el-for-3-2meters-soft-and-elastic-film-with-4-ricoh-gen6-printheads\/","og_locale":"fr_FR","og_type":"article","og_title":"AMO UV Inkjet Printer AM3200UV4G6-EL for 3.2meters Soft and Elastic Film with 4 Ricoh GEN6 Printheads - Amo","og_description":"For product details and the latest quotes, please contact our sales manager","og_url":"https:\/\/superprintpro.com\/fr\/produit\/amo-uv-inkjet-printer-am3200uv4g6-el-for-3-2meters-soft-and-elastic-film-with-4-ricoh-gen6-printheads\/","og_site_name":"Amo","article_modified_time":"2025-08-18T06:47:47+00:00","og_image":[{"width":828,"height":466,"url":"https:\/\/superprintpro.com\/wp-content\/uploads\/2025\/08\/amo-uv-inkjet-printer-am3200uv4g6-el-for-32meters-soft-and-elastic-film-with-4-ricoh-gen6-printheads.jpg","type":"image\/jpeg"}],"twitter_card":"summary_large_image","twitter_misc":{"Dur\u00e9e de lecture estim\u00e9e":"2 minutes"},"schema":{"@context":"https:\/\/schema.org","@graph":[{"@type":"WebPage","@id":"https:\/\/superprintpro.com\/product\/amo-uv-inkjet-printer-am3200uv4g6-el-for-3-2meters-soft-and-elastic-film-with-4-ricoh-gen6-printheads\/","url":"https:\/\/superprintpro.com\/product\/amo-uv-inkjet-printer-am3200uv4g6-el-for-3-2meters-soft-and-elastic-film-with-4-ricoh-gen6-printheads\/","name":"AMO UV Inkjet Printer AM3200UV4G6-EL for 3.2meters Soft and Elastic Film with 4 Ricoh GEN6 Printheads - Amo","isPartOf":{"@id":"https:\/\/superprintpro.com\/#website"},"primaryImageOfPage":{"@id":"https:\/\/superprintpro.com\/product\/amo-uv-inkjet-printer-am3200uv4g6-el-for-3-2meters-soft-and-elastic-film-with-4-ricoh-gen6-printheads\/#primaryimage"},"image":{"@id":"https:\/\/superprintpro.com\/product\/amo-uv-inkjet-printer-am3200uv4g6-el-for-3-2meters-soft-and-elastic-film-with-4-ricoh-gen6-printheads\/#primaryimage"},"thumbnailUrl":"https:\/\/superprintpro.com\/wp-content\/uploads\/2025\/08\/amo-uv-inkjet-printer-am3200uv4g6-el-for-32meters-soft-and-elastic-film-with-4-ricoh-gen6-printheads.jpg","datePublished":"2025-08-18T06:47:46+00:00","dateModified":"2025-08-18T06:47:47+00:00","breadcrumb":{"@id":"https:\/\/superprintpro.com\/product\/amo-uv-inkjet-printer-am3200uv4g6-el-for-3-2meters-soft-and-elastic-film-with-4-ricoh-gen6-printheads\/#breadcrumb"},"inLanguage":"fr-FR","potentialAction":[{"@type":"ReadAction","target":["https:\/\/superprintpro.com\/product\/amo-uv-inkjet-printer-am3200uv4g6-el-for-3-2meters-soft-and-elastic-film-with-4-ricoh-gen6-printheads\/"]}]},{"@type":"ImageObject","inLanguage":"fr-FR","@id":"https:\/\/superprintpro.com\/product\/amo-uv-inkjet-printer-am3200uv4g6-el-for-3-2meters-soft-and-elastic-film-with-4-ricoh-gen6-printheads\/#primaryimage","url":"https:\/\/superprintpro.com\/wp-content\/uploads\/2025\/08\/amo-uv-inkjet-printer-am3200uv4g6-el-for-32meters-soft-and-elastic-film-with-4-ricoh-gen6-printheads.jpg","contentUrl":"https:\/\/superprintpro.com\/wp-content\/uploads\/2025\/08\/amo-uv-inkjet-printer-am3200uv4g6-el-for-32meters-soft-and-elastic-film-with-4-ricoh-gen6-printheads.jpg","width":828,"height":466,"caption":"AMO UV Inkjet Printer AM3200UV4G6-EL for 3.2meters Soft and Elastic Film with 4 Ricoh GEN6 Printheads"},{"@type":"BreadcrumbList","@id":"https:\/\/superprintpro.com\/product\/amo-uv-inkjet-printer-am3200uv4g6-el-for-3-2meters-soft-and-elastic-film-with-4-ricoh-gen6-printheads\/#breadcrumb","itemListElement":[{"@type":"ListItem","position":1,"name":"\u9996\u9875","item":"https:\/\/superprintpro.com\/"},{"@type":"ListItem","position":2,"name":"Shop","item":"https:\/\/superprintpro.com\/shop\/"},{"@type":"ListItem","position":3,"name":"AMO UV Inkjet Printer AM3200UV4G6-EL for 3.2meters Soft and Elastic Film with 4 Ricoh GEN6 Printheads"}]},{"@type":"WebSite","@id":"https:\/\/superprintpro.com\/#website","url":"https:\/\/superprintpro.com\/","name":"Amo","description":"","potentialAction":[{"@type":"SearchAction","target":{"@type":"EntryPoint","urlTemplate":"https:\/\/superprintpro.com\/?s={search_term_string}"},"query-input":{"@type":"PropertyValueSpecification","valueRequired":true,"valueName":"search_term_string"}}],"inLanguage":"fr-FR"}]}},"_links":{"self":[{"href":"https:\/\/superprintpro.com\/fr\/wp-json\/wp\/v2\/product\/30169","targetHints":{"allow":["GET"]}}],"collection":[{"href":"https:\/\/superprintpro.com\/fr\/wp-json\/wp\/v2\/product"}],"about":[{"href":"https:\/\/superprintpro.com\/fr\/wp-json\/wp\/v2\/types\/product"}],"replies":[{"embeddable":true,"href":"https:\/\/superprintpro.com\/fr\/wp-json\/wp\/v2\/comments?post=30169"}],"version-history":[{"count":1,"href":"https:\/\/superprintpro.com\/fr\/wp-json\/wp\/v2\/product\/30169\/revisions"}],"predecessor-version":[{"id":30171,"href":"https:\/\/superprintpro.com\/fr\/wp-json\/wp\/v2\/product\/30169\/revisions\/30171"}],"wp:featuredmedia":[{"embeddable":true,"href":"https:\/\/superprintpro.com\/fr\/wp-json\/wp\/v2\/media\/30170"}],"wp:attachment":[{"href":"https:\/\/superprintpro.com\/fr\/wp-json\/wp\/v2\/media?parent=30169"}],"wp:term":[{"taxonomy":"product_brand","embeddable":true,"href":"https:\/\/superprintpro.com\/fr\/wp-json\/wp\/v2\/product_brand?post=30169"},{"taxonomy":"product_cat","embeddable":true,"href":"https:\/\/superprintpro.com\/fr\/wp-json\/wp\/v2\/product_cat?post=30169"},{"taxonomy":"product_tag","embeddable":true,"href":"https:\/\/superprintpro.com\/fr\/wp-json\/wp\/v2\/product_tag?post=30169"}],"curies":[{"name":"wp","href":"https:\/\/api.w.org\/{rel}","templated":true}]}}